{"id":923,"date":"2016-06-16T05:58:22","date_gmt":"2016-06-16T11:58:22","guid":{"rendered":"http:\/\/gananegocio.com\/fam\/?page_id=923"},"modified":"2026-02-11T12:14:59","modified_gmt":"2026-02-11T11:14:59","slug":"associazione-laici-amore-misericordioso","status":"publish","type":"page","link":"https:\/\/www.amormisericordioso.org\/ita\/associazione-laici-amore-misericordioso\/","title":{"rendered":"Associazione Laici Amore Misericordioso"},"content":{"rendered":"<div id='av_section_1'  class='avia-section main_color avia-section-large avia-no-shadow  avia-full-stretch av-section-color-overlay-active avia-bg-style-fixed  avia-builder-el-0  el_before_av_layout_row  avia-builder-el-first   container_wrap sidebar_right' style='background-repeat: no-repeat; background-image: url(https:\/\/www.amormisericordioso.org\/ita\/wp-content\/uploads\/2021\/12\/340705_2500670609687_1640591895_2382350_1964950475_o.jpg);background-attachment: fixed; background-position: center center;  '  data-section-bg-repeat='stretch'><div class='av-section-color-overlay-wrap'><div class='av-section-color-overlay' style='opacity: 0.2; background-color: #000000; '><\/div><div class='container' ><main  role=\"main\" itemprop=\"mainContentOfPage\"  class='template-page content  av-content-small alpha units'><div class='post-entry post-entry-type-page post-entry-923'><div class='entry-content-wrapper clearfix'>\n<div  style='padding-bottom:0px; color:#ffffff;font-size:50px;' class='av-special-heading av-special-heading-h3 custom-color-heading blockquote modern-quote modern-centered  avia-builder-el-1  el_before_av_hr  avia-builder-el-first  av-inherit-size '><h3 class='av-special-heading-tag '  itemprop=\"headline\"  >ASSOCIAZIONE LAICI AMORE MISERICORDIOSO<\/h3><div class ='av-subheading av-subheading_below av_custom_color ' style='font-size:15px;'><p>&#8220;Chiamati ad annunciare e testimoniare nella vita personale e familiare il Vangelo dell&#8217;Amore e della Misericordia&#8221;<\/p>\n<\/div><div class='special-heading-border'><div class='special-heading-inner-border' style='border-color:#ffffff'><\/div><\/div><\/div>\n<div  style=' margin-top:30px; margin-bottom:30px;'  class='hr hr-custom hr-center hr-icon-yes   avia-builder-el-2  el_after_av_heading  avia-builder-el-last '><span class='hr-inner  inner-border-av-border-thin' style=' width:20%; border-color:rgba(255,255,255,0.76); max-width:45%;' ><span class='hr-inner-style'><\/span><\/span><span class='av-seperator-icon' style='color:#ffffff;' aria-hidden='true' data-av_icon='\ue8bf' data-av_iconfont='entypo-fontello'><\/span><span class='hr-inner  inner-border-av-border-thin' style=' width:20%; border-color:rgba(255,255,255,0.76); max-width:45%;' ><span class='hr-inner-style'><\/span><\/span><\/div>\n\n<\/div><\/div><\/main><!-- close content main element --><\/div><\/div><\/div><div id='av-layout-grid-1'  class='av-layout-grid-container entry-content-wrapper main_color av-flex-cells     avia-builder-el-3  el_after_av_section  el_before_av_one_third  submenu-not-first container_wrap sidebar_right' style=' '  >\n<div class=\"flex_cell no_margin av_two_third  avia-builder-el-4  el_before_av_cell_one_third  avia-builder-el-first   \"  style='vertical-align:top; padding:0 0 0 50px ; background-color:#ffffff; ' ><div class='flex_cell_inner' ><div class='flex_column_table av-equal-height-column-flextable -flextable' style='margin-top:-60px; margin-bottom:0px; '><div class=\"flex_column av_one_full  no_margin flex_column_table_cell av-equal-height-column av-align-top first  avia-builder-el-5  avia-builder-el-no-sibling  \" style='padding:30px; background-color:#ffffff; border-radius:0px; '><p><div  style='padding-bottom:0px; ' class='av-special-heading av-special-heading-h1  blockquote modern-quote  avia-builder-el-6  el_before_av_textblock  avia-builder-el-first  '><h1 class='av-special-heading-tag '  itemprop=\"headline\"  >LAM: Associazione Laici dell\u2019Amore Misericordioso<\/h1><div class='special-heading-border'><div class='special-heading-inner-border' ><\/div><\/div><\/div><br \/>\n<section class=\"av_textblock_section \"  itemscope=\"itemscope\" itemtype=\"https:\/\/schema.org\/CreativeWork\" ><div class='avia_textblock  '  style='font-size:18px; '  itemprop=\"text\" ><p class=\"p1\"><span class=\"s1\">I Laici dell&#8217;Amore Misericordioso sono cristiani che partecipano, secondo il loro Statuto, al carisma, alla spiritualit\u00e0 e alla missione della Famiglia dell&#8217;Amore Misericordioso.<\/span><\/p>\n<p class=\"p1\"><span class=\"s1\">Sono <b>chiamati ad annunciare e testimoniare nella vita personale e familiare<\/b> il <b>Vangelo dell&#8217;Amore e della Misericordia<\/b>, che Cristo Ges\u00f9 proclam\u00f2 in modo speciale ai poveri e ai bisognosi. Con la loro presenza attiva nella parrocchia e nella diocesi favoriscono la santit\u00e0 della vita cristiana.<\/span><\/p>\n<\/div><\/section><\/p><\/div><\/div><!--close column table wrapper. Autoclose: 1 -->\n<\/div><\/div><div class=\"flex_cell no_margin av_one_third  avia-builder-el-8  el_after_av_cell_two_third  avia-builder-el-last   \"  style='vertical-align:top; padding:0 30px 0 0 ; ' ><div class='flex_cell_inner' ><div class='flex_column_table av-equal-height-column-flextable -flextable' style='margin-top:-60px; margin-bottom:0px; '><div class=\"flex_column av_one_full  no_margin flex_column_table_cell av-equal-height-column av-align-top first  avia-builder-el-9  avia-builder-el-no-sibling  \" style='padding:30px; background-color:#f0f0f0; border-radius:0px; '><section class=\"av_textblock_section \"  itemscope=\"itemscope\" itemtype=\"https:\/\/schema.org\/CreativeWork\" ><div class='avia_textblock  '  style='font-size:26px; '  itemprop=\"text\" ><p class=\"p1\" style=\"text-align: center;\"><span class=\"s1\">L&#8217;Associazione \u00e8 stata costituita a <b>Collevalenza <\/b>(PG) il <b>14 aprile 1996<\/b>.<\/span><\/p>\n<h5 style=\"text-align: center;\">La Famiglia religiosa ha dato vita all&#8217;Associazione Laici dell&#8217;Amore Misericordioso, con il fine di estendere l&#8217;annuncio e l&#8217;esperienza dell&#8217;amore di Dio nel tessuto vivo della Chiesa e della societ\u00e0.<\/h5>\n<h5 style=\"text-align: center;\">La Famiglia religiosa si impegna a collaborare con i laici dell&#8217;Associazione nei termini previsti dallo Statuto loro proprio, sostenendoli nella spiritualit\u00e0 che condividono con noi, affinch\u00e9 il loro impegno nella vita di famiglia, nel mondo del lavoro e della cultura, nell&#8217;attivit\u00e0 temporale in genere, sia un&#8217;irradiazione apostolica della misericordia di Dio.<\/h5>\n<\/div><\/section><\/div><\/div><!--close column table wrapper. Autoclose: 1 -->\n<\/div><\/div><\/div><div id='after_submenu_1'  class='main_color av_default_container_wrap container_wrap sidebar_right' style=' '  ><div class='container' ><div class='template-page content  av-content-small alpha units'><div class='post-entry post-entry-type-page post-entry-923'><div class='entry-content-wrapper clearfix'><div class=\"flex_column av_one_third  av-animated-generic bottom-to-top  flex_column_div av-zero-column-padding first  avia-builder-el-11  el_after_av_layout_row  el_before_av_one_third  avia-builder-el-first  \" style='border-radius:0px; '><p><div  class='avia-image-container  av-styling-    avia-builder-el-12  el_before_av_heading  avia-builder-el-first  avia-align-center '  itemprop=\"image\" itemscope=\"itemscope\" itemtype=\"https:\/\/schema.org\/ImageObject\"  ><div class='avia-image-container-inner'><div class='avia-image-overlay-wrap'><a href='https:\/\/www.amormisericordioso.org\/ita\/associazione-laici-amore-misericordioso\/associazione-laici-amore-misericordioso\/' class='avia_image'  ><img decoding=\"async\" width=\"6912\" height=\"3456\" class='wp-image-3380 avia-img-lazy-loading-not-3380 avia_image' src=\"https:\/\/www.amormisericordioso.org\/ita\/wp-content\/uploads\/2021\/12\/Sito-AM-19.png\" alt='' title='Sito AM (19)'  itemprop=\"thumbnailUrl\" srcset=\"https:\/\/www.amormisericordioso.org\/ita\/wp-content\/uploads\/2021\/12\/Sito-AM-19.png 6912w, https:\/\/www.amormisericordioso.org\/ita\/wp-content\/uploads\/2021\/12\/Sito-AM-19-300x150.png 300w, https:\/\/www.amormisericordioso.org\/ita\/wp-content\/uploads\/2021\/12\/Sito-AM-19-1030x515.png 1030w, https:\/\/www.amormisericordioso.org\/ita\/wp-content\/uploads\/2021\/12\/Sito-AM-19-768x384.png 768w, https:\/\/www.amormisericordioso.org\/ita\/wp-content\/uploads\/2021\/12\/Sito-AM-19-1536x768.png 1536w\" sizes=\"(max-width: 6912px) 100vw, 6912px\" \/><\/a><\/div><\/div><\/div><br \/>\n<div  style='padding-bottom:10px; ' class='av-special-heading av-special-heading-h3    avia-builder-el-13  el_after_av_image  el_before_av_hr  '><h3 class='av-special-heading-tag '  itemprop=\"headline\"  >Associazione Laici Amore Misericordioso<\/h3><div class='special-heading-border'><div class='special-heading-inner-border' ><\/div><\/div><\/div><br \/>\n<div  style=' margin-top:10px; margin-bottom:10px;'  class='hr hr-custom hr-left hr-icon-no   avia-builder-el-14  el_after_av_heading  el_before_av_textblock '><span class='hr-inner  inner-border-av-border-fat' style=' width:50px; border-color:#efd073;' ><span class='hr-inner-style'><\/span><\/span><\/div><br \/>\n<section class=\"av_textblock_section \"  itemscope=\"itemscope\" itemtype=\"https:\/\/schema.org\/CreativeWork\" ><div class='avia_textblock  '   itemprop=\"text\" ><p>I Laici dell&#8217;Amore Misericordioso (LAM) sono secolari che partecipano, in conformit\u00e0 al loro Statuto, alla spiritualit\u00e0 e alla missione della Famiglia dell\u2019Amore Misericordioso.<\/p>\n<\/div><\/section><br \/>\n<div  class='avia-button-wrap avia-button-left  avia-builder-el-16  el_after_av_textblock  avia-builder-el-last ' ><a href='https:\/\/www.amormisericordioso.org\/ita\/associazione-laici-amore-misericordioso\/associazione-laici-amore-misericordioso\/'  class='avia-button  avia-color-grey   avia-icon_select-no avia-size-small avia-position-left '   ><span class='avia_iconbox_title' >Leggi tutto l\u2019articolo<\/span><\/a><\/div><\/p><\/div><\/p>\n<div class=\"flex_column av_one_third  av-animated-generic bottom-to-top  flex_column_div av-zero-column-padding   avia-builder-el-17  el_after_av_one_third  avia-builder-el-last  \" style='border-radius:0px; '><p><div  class='avia-image-container  av-styling-    avia-builder-el-18  el_before_av_heading  avia-builder-el-first  avia-align-center '  itemprop=\"image\" itemscope=\"itemscope\" itemtype=\"https:\/\/schema.org\/ImageObject\"  ><div class='avia-image-container-inner'><div class='avia-image-overlay-wrap'><a href='https:\/\/www.amormisericordioso.org\/ita\/associazione-laici-amore-misericordioso\/amore-misericordioso-nel-mondo-onlus\/' class='avia_image'  ><img decoding=\"async\" width=\"6912\" height=\"3456\" class='wp-image-3379 avia-img-lazy-loading-not-3379 avia_image' src=\"https:\/\/www.amormisericordioso.org\/ita\/wp-content\/uploads\/2021\/12\/Sito-AM-20.png\" alt='' title='Sito AM (20)'  itemprop=\"thumbnailUrl\" srcset=\"https:\/\/www.amormisericordioso.org\/ita\/wp-content\/uploads\/2021\/12\/Sito-AM-20.png 6912w, https:\/\/www.amormisericordioso.org\/ita\/wp-content\/uploads\/2021\/12\/Sito-AM-20-300x150.png 300w, https:\/\/www.amormisericordioso.org\/ita\/wp-content\/uploads\/2021\/12\/Sito-AM-20-1030x515.png 1030w, https:\/\/www.amormisericordioso.org\/ita\/wp-content\/uploads\/2021\/12\/Sito-AM-20-768x384.png 768w, https:\/\/www.amormisericordioso.org\/ita\/wp-content\/uploads\/2021\/12\/Sito-AM-20-1536x768.png 1536w, https:\/\/www.amormisericordioso.org\/ita\/wp-content\/uploads\/2021\/12\/Sito-AM-20-2048x1024.png 2048w, https:\/\/www.amormisericordioso.org\/ita\/wp-content\/uploads\/2021\/12\/Sito-AM-20-1500x750.png 1500w, https:\/\/www.amormisericordioso.org\/ita\/wp-content\/uploads\/2021\/12\/Sito-AM-20-705x353.png 705w\" sizes=\"(max-width: 6912px) 100vw, 6912px\" \/><\/a><\/div><\/div><\/div><br \/>\n<div  style='padding-bottom:10px; ' class='av-special-heading av-special-heading-h3    avia-builder-el-19  el_after_av_image  el_before_av_hr  '><h3 class='av-special-heading-tag '  itemprop=\"headline\"  >Amore Misericordioso nel mondo &#8211; ONLUS<\/h3><div class='special-heading-border'><div class='special-heading-inner-border' ><\/div><\/div><\/div><br \/>\n<div  style=' margin-top:10px; margin-bottom:10px;'  class='hr hr-custom hr-left hr-icon-no   avia-builder-el-20  el_after_av_heading  el_before_av_textblock '><span class='hr-inner  inner-border-av-border-fat' style=' width:50px; border-color:#efd073;' ><span class='hr-inner-style'><\/span><\/span><\/div><br \/>\n<section class=\"av_textblock_section \"  itemscope=\"itemscope\" itemtype=\"https:\/\/schema.org\/CreativeWork\" ><div class='avia_textblock  '   itemprop=\"text\" ><p>Amore Misericordioso nel mondo &#8211; ONLUS \u00e8 un\u2019Associazione non governativa che opera insieme alla Famiglia dell\u2019Amore Misericordioso: Ancelle, Figli e Associazione dei Laici.<\/p>\n<\/div><\/section><br \/>\n<div  class='avia-button-wrap avia-button-left  avia-builder-el-22  el_after_av_textblock  avia-builder-el-last ' ><a href='https:\/\/www.amormisericordioso.org\/ita\/associazione-laici-amore-misericordioso\/amore-misericordioso-nel-mondo-onlus\/'  class='avia-button  avia-color-grey   avia-icon_select-no avia-size-small avia-position-left '   ><span class='avia_iconbox_title' >Leggi tutto l\u2019articolo<\/span><\/a><\/div><\/p><\/div>\n","protected":false},"excerpt":{"rendered":"","protected":false},"author":4,"featured_media":3380,"parent":0,"menu_order":0,"comment_status":"closed","ping_status":"closed","template":"","meta":{"_exactmetrics_skip_tracking":false,"_exactmetrics_sitenote_active":false,"_exactmetrics_sitenote_note":"","_exactmetrics_sitenote_category":0,"footnotes":""},"class_list":["post-923","page","type-page","status-publish","has-post-thumbnail","hentry"],"jetpack_sharing_enabled":true,"_links":{"self":[{"href":"https:\/\/www.amormisericordioso.org\/ita\/wp-json\/wp\/v2\/pages\/923","targetHints":{"allow":["GET"]}}],"collection":[{"href":"https:\/\/www.amormisericordioso.org\/ita\/wp-json\/wp\/v2\/pages"}],"about":[{"href":"https:\/\/www.amormisericordioso.org\/ita\/wp-json\/wp\/v2\/types\/page"}],"author":[{"embeddable":true,"href":"https:\/\/www.amormisericordioso.org\/ita\/wp-json\/wp\/v2\/users\/4"}],"replies":[{"embeddable":true,"href":"https:\/\/www.amormisericordioso.org\/ita\/wp-json\/wp\/v2\/comments?post=923"}],"version-history":[{"count":7,"href":"https:\/\/www.amormisericordioso.org\/ita\/wp-json\/wp\/v2\/pages\/923\/revisions"}],"predecessor-version":[{"id":6297,"href":"https:\/\/www.amormisericordioso.org\/ita\/wp-json\/wp\/v2\/pages\/923\/revisions\/6297"}],"wp:featuredmedia":[{"embeddable":true,"href":"https:\/\/www.amormisericordioso.org\/ita\/wp-json\/wp\/v2\/media\/3380"}],"wp:attachment":[{"href":"https:\/\/www.amormisericordioso.org\/ita\/wp-json\/wp\/v2\/media?parent=923"}],"curies":[{"name":"wp","href":"https:\/\/api.w.org\/{rel}","templated":true}]}}