{"id":836,"date":"2016-04-26T23:27:45","date_gmt":"2016-04-27T05:27:45","guid":{"rendered":"http:\/\/localhost:8888\/amormisericordioso\/?page_id=836"},"modified":"2021-12-04T07:53:01","modified_gmt":"2021-12-04T13:53:01","slug":"sacerdoti-diocesani-fam","status":"publish","type":"page","link":"https:\/\/www.amormisericordioso.org\/ita\/figli-dellamore-misericordioso\/sacerdoti-diocesani-fam\/","title":{"rendered":"Sacerdoti Diocesani FAM"},"content":{"rendered":"<div id='av-layout-grid-1'  class='av-layout-grid-container entry-content-wrapper main_color av-flex-cells     avia-builder-el-0  avia-builder-el-no-sibling  container_wrap sidebar_right' style=' '  >\n<div class=\"flex_cell no_margin av_three_fourth  avia-builder-el-1  el_before_av_cell_one_fourth  avia-builder-el-first   \"  style='vertical-align:top; padding:30px; background-color:#ffffff; ' ><div class='flex_cell_inner' ><div class='flex_column_table av-equal-height-column-flextable -flextable' style='margin-top:-60px; margin-bottom:0px; '><div class=\"flex_column av_one_full  no_margin flex_column_table_cell av-equal-height-column av-align-top first  avia-builder-el-2  avia-builder-el-no-sibling  \" style='padding:30px; background-color:#ffffff; border-radius:0px; '><p><div  class='avia-image-container  av-styling-    avia-builder-el-3  el_before_av_heading  avia-builder-el-first  avia-align-center '  itemprop=\"image\" itemscope=\"itemscope\" itemtype=\"https:\/\/schema.org\/ImageObject\"  ><div class='avia-image-container-inner'><div class='avia-image-overlay-wrap'><img decoding=\"async\" class='wp-image-3373 avia-img-lazy-loading-not-3373 avia_image' src=\"https:\/\/www.amormisericordioso.org\/ita\/wp-content\/uploads\/2021\/12\/Sito-AM-18.png\" alt='' title='Sito AM (18)' height=\"3456\" width=\"6912\"  itemprop=\"thumbnailUrl\" srcset=\"https:\/\/www.amormisericordioso.org\/ita\/wp-content\/uploads\/2021\/12\/Sito-AM-18.png 6912w, https:\/\/www.amormisericordioso.org\/ita\/wp-content\/uploads\/2021\/12\/Sito-AM-18-300x150.png 300w, https:\/\/www.amormisericordioso.org\/ita\/wp-content\/uploads\/2021\/12\/Sito-AM-18-1030x515.png 1030w, https:\/\/www.amormisericordioso.org\/ita\/wp-content\/uploads\/2021\/12\/Sito-AM-18-768x384.png 768w, https:\/\/www.amormisericordioso.org\/ita\/wp-content\/uploads\/2021\/12\/Sito-AM-18-1536x768.png 1536w\" sizes=\"(max-width: 6912px) 100vw, 6912px\" \/><\/div><\/div><\/div><br \/>\n<div  style='padding-bottom:0px; ' class='av-special-heading av-special-heading-h1  blockquote modern-quote  avia-builder-el-4  el_after_av_image  el_before_av_textblock  '><h1 class='av-special-heading-tag '  itemprop=\"headline\"  >Sacerdoti Diocesani FAM<\/h1><div class='special-heading-border'><div class='special-heading-inner-border' ><\/div><\/div><\/div><br \/>\n<section class=\"av_textblock_section \"  itemscope=\"itemscope\" itemtype=\"https:\/\/schema.org\/CreativeWork\" ><div class='avia_textblock  '  style='font-size:18px; '  itemprop=\"text\" ><p align=\"justify\">La Congregazione dei Figli dell\u2019Amore Misericordioso per volont\u00e0 della Madre e per il conseguimento del proprio carisma e dell\u2019unica missione, accoglie nel proprio interno, con tutti i diritti e i doveri, quei Sacerdoti diocesani che ne fanno richiesta, <b>senza per questo dover lasciare il Presbiterio della Diocesi<\/b> nel quale sono inseriti e operano.<\/p>\n<p align=\"justify\">Quest\u2019altro \u201cramo\u201d dei FAM, <b>ha avuto dalla Gerarchia ecclesiastica il suo riconoscimento e l\u2019approvazione dello Statuto in data 21 luglio 1995.<\/b><\/p>\n<p align=\"justify\">Essi, in concreto, obbediscono in maniera giuridicamente prevalente, al proprio Ordinario locale e perseguono in maniera compatibile con gli impegni diocesani, le stesse finalit\u00e0 della Congregazione, osservando lo Statuto proprio.<\/p>\n<p align=\"justify\">La modalit\u00e0 di appartenenza \u00e8 nel carattere di \u201cdiocesanit\u00e0\u201d. I Sacerdoti Diocesani Figli dell&#8217;Amore Misericordioso operano all\u2019interno della Chiesa particolare, dipendendo dal proprio Ordinario, ma come consacrati nella Famiglia dell\u2019Amore Misericordioso.<\/p>\n<p align=\"justify\">Il loro ambito d\u2019azione \u00e8 proprio la Diocesi, assumendo con responsabilit\u00e0 quanto viene chiesto dal proprio Vescovo, persuasi che tra le opere di carit\u00e0, la principale \u00e8 per loro l\u2019unione con il Clero.<\/p>\n<p align=\"justify\">Attraverso questi Sacerdoti, <b>la Famiglia<\/b><b> dell\u2019Amore Misericordioso si inserisce nella Chiesa particolare. <\/b>I Sacerdoti FAM, quindi, diventano l\u2019espressione storica pi\u00f9 significativa dell\u2019impegno della Famiglia nell\u2019animare il Presbiterio secondo il Carisma dell\u2019Amore Misericordioso.<\/p>\n<p align=\"justify\">E\u2019 evidente il vantaggio che ne deriva ai singoli Sacerdoti che trovano nei FAM la loro casa e la loro famiglia, sia nel senso spirituale che in senso umano. Si viene incontro cos\u00ec al problema della solitudine del Sacerdote, in quanto <b>i SDFAM diventano promotori della fraternit\u00e0 sacerdotale, dell\u2019unione del presbiterio, della vita comune, della collaborazione pastorale con il clero, secondo i desideri della <em>Presbyterorum Ordinis<\/em> e della <em>Pastores dabo Vobis<\/em>.<\/b><\/p>\n<\/div><\/section><\/p><\/div><\/div><!--close column table wrapper. Autoclose: 1 -->\n<\/div><\/div><div class=\"flex_cell no_margin av_one_fourth  avia-builder-el-6  el_after_av_cell_three_fourth  avia-builder-el-last   \"  style='vertical-align:top; padding:30px; background-color:#ffffff; ' ><div class='flex_cell_inner' ><p><div class=\"flex_column av_one_full  flex_column_div av-zero-column-padding first  avia-builder-el-7  el_before_av_hr  avia-builder-el-first  \" style='border-radius:0px; '><p><div  class='avia-image-container  av-styling-    avia-builder-el-8  el_before_av_image  avia-builder-el-first  avia-align-center '  itemprop=\"image\" itemscope=\"itemscope\" itemtype=\"https:\/\/schema.org\/ImageObject\"  ><div class='avia-image-container-inner'><div class='avia-image-overlay-wrap'><a href='https:\/\/www.amormisericordioso.org\/ita\/beata-speranza-di-gesu\/' class='avia_image'  ><img decoding=\"async\" width=\"2560\" height=\"1280\" class='wp-image-3070 avia-img-lazy-loading-not-3070 avia_image' src=\"https:\/\/www.amormisericordioso.org\/ita\/wp-content\/uploads\/2021\/11\/Congratulazioni-ai-laureati-del-2025-6-scaled.jpg\" alt='' title='Come un flauto'  itemprop=\"thumbnailUrl\" srcset=\"https:\/\/www.amormisericordioso.org\/ita\/wp-content\/uploads\/2021\/11\/Congratulazioni-ai-laureati-del-2025-6-scaled.jpg 2560w, https:\/\/www.amormisericordioso.org\/ita\/wp-content\/uploads\/2021\/11\/Congratulazioni-ai-laureati-del-2025-6-300x150.jpg 300w, https:\/\/www.amormisericordioso.org\/ita\/wp-content\/uploads\/2021\/11\/Congratulazioni-ai-laureati-del-2025-6-1030x515.jpg 1030w, https:\/\/www.amormisericordioso.org\/ita\/wp-content\/uploads\/2021\/11\/Congratulazioni-ai-laureati-del-2025-6-768x384.jpg 768w, https:\/\/www.amormisericordioso.org\/ita\/wp-content\/uploads\/2021\/11\/Congratulazioni-ai-laureati-del-2025-6-1536x768.jpg 1536w, https:\/\/www.amormisericordioso.org\/ita\/wp-content\/uploads\/2021\/11\/Congratulazioni-ai-laureati-del-2025-6-2048x1024.jpg 2048w, https:\/\/www.amormisericordioso.org\/ita\/wp-content\/uploads\/2021\/11\/Congratulazioni-ai-laureati-del-2025-6-1500x750.jpg 1500w, https:\/\/www.amormisericordioso.org\/ita\/wp-content\/uploads\/2021\/11\/Congratulazioni-ai-laureati-del-2025-6-705x353.jpg 705w\" sizes=\"(max-width: 2560px) 100vw, 2560px\" \/><\/a><\/div><\/div><\/div><br \/>\n<div  class='avia-image-container  av-styling-    avia-builder-el-9  el_after_av_image  el_before_av_image  avia-align-center '  itemprop=\"image\" itemscope=\"itemscope\" itemtype=\"https:\/\/schema.org\/ImageObject\"  ><div class='avia-image-container-inner'><div class='avia-image-overlay-wrap'><a href='https:\/\/www.amormisericordioso.org\/ita\/santuario-di-collevalenza\/' class='avia_image'  ><img decoding=\"async\" width=\"2560\" height=\"1280\" class='wp-image-3043 avia-img-lazy-loading-not-3043 avia_image' src=\"https:\/\/www.amormisericordioso.org\/ita\/wp-content\/uploads\/2021\/11\/Congratulazioni-ai-laureati-del-2025-3-scaled.jpg\" alt='' title='Dio \u00e8 un Padre che ama e perdona'  itemprop=\"thumbnailUrl\" srcset=\"https:\/\/www.amormisericordioso.org\/ita\/wp-content\/uploads\/2021\/11\/Congratulazioni-ai-laureati-del-2025-3-scaled.jpg 2560w, https:\/\/www.amormisericordioso.org\/ita\/wp-content\/uploads\/2021\/11\/Congratulazioni-ai-laureati-del-2025-3-300x150.jpg 300w, https:\/\/www.amormisericordioso.org\/ita\/wp-content\/uploads\/2021\/11\/Congratulazioni-ai-laureati-del-2025-3-1030x515.jpg 1030w, https:\/\/www.amormisericordioso.org\/ita\/wp-content\/uploads\/2021\/11\/Congratulazioni-ai-laureati-del-2025-3-768x384.jpg 768w, https:\/\/www.amormisericordioso.org\/ita\/wp-content\/uploads\/2021\/11\/Congratulazioni-ai-laureati-del-2025-3-1536x768.jpg 1536w, https:\/\/www.amormisericordioso.org\/ita\/wp-content\/uploads\/2021\/11\/Congratulazioni-ai-laureati-del-2025-3-2048x1024.jpg 2048w, https:\/\/www.amormisericordioso.org\/ita\/wp-content\/uploads\/2021\/11\/Congratulazioni-ai-laureati-del-2025-3-1500x750.jpg 1500w, https:\/\/www.amormisericordioso.org\/ita\/wp-content\/uploads\/2021\/11\/Congratulazioni-ai-laureati-del-2025-3-705x353.jpg 705w\" sizes=\"(max-width: 2560px) 100vw, 2560px\" \/><\/a><\/div><\/div><\/div><br \/>\n<div  class='avia-image-container  av-styling-    avia-builder-el-10  el_after_av_image  avia-builder-el-last  avia-align-center '  itemprop=\"image\" itemscope=\"itemscope\" itemtype=\"https:\/\/schema.org\/ImageObject\"  ><div class='avia-image-container-inner'><div class='avia-image-overlay-wrap'><a href='https:\/\/www.amormisericordioso.org\/ita\/famiglia-dellamore-misericordioso\/la-nostra-presenza-nel-mondo\/' class='avia_image'  ><img decoding=\"async\" width=\"2560\" height=\"1280\" class='wp-image-3044 avia-img-lazy-loading-not-3044 avia_image' src=\"https:\/\/www.amormisericordioso.org\/ita\/wp-content\/uploads\/2021\/11\/Congratulazioni-ai-laureati-del-2025-4-scaled.jpg\" alt='' title='TODO POR AMOR'  itemprop=\"thumbnailUrl\" srcset=\"https:\/\/www.amormisericordioso.org\/ita\/wp-content\/uploads\/2021\/11\/Congratulazioni-ai-laureati-del-2025-4-scaled.jpg 2560w, https:\/\/www.amormisericordioso.org\/ita\/wp-content\/uploads\/2021\/11\/Congratulazioni-ai-laureati-del-2025-4-300x150.jpg 300w, https:\/\/www.amormisericordioso.org\/ita\/wp-content\/uploads\/2021\/11\/Congratulazioni-ai-laureati-del-2025-4-1030x515.jpg 1030w, https:\/\/www.amormisericordioso.org\/ita\/wp-content\/uploads\/2021\/11\/Congratulazioni-ai-laureati-del-2025-4-768x384.jpg 768w, https:\/\/www.amormisericordioso.org\/ita\/wp-content\/uploads\/2021\/11\/Congratulazioni-ai-laureati-del-2025-4-1536x768.jpg 1536w, https:\/\/www.amormisericordioso.org\/ita\/wp-content\/uploads\/2021\/11\/Congratulazioni-ai-laureati-del-2025-4-2048x1024.jpg 2048w, https:\/\/www.amormisericordioso.org\/ita\/wp-content\/uploads\/2021\/11\/Congratulazioni-ai-laureati-del-2025-4-1500x750.jpg 1500w, https:\/\/www.amormisericordioso.org\/ita\/wp-content\/uploads\/2021\/11\/Congratulazioni-ai-laureati-del-2025-4-705x353.jpg 705w\" sizes=\"(max-width: 2560px) 100vw, 2560px\" \/><\/a><\/div><\/div><\/div><\/p><\/div><div   class='hr hr-default   avia-builder-el-11  el_after_av_one_full  el_before_av_heading '><span class='hr-inner ' ><span class='hr-inner-style'><\/span><\/span><\/div><br \/>\n<div  style='padding-bottom:10px; ' class='av-special-heading av-special-heading-h3  blockquote modern-quote  avia-builder-el-12  el_after_av_hr  el_before_av_magazine  '><h3 class='av-special-heading-tag '  itemprop=\"headline\"  >Ultime Notizie<\/h3><div class='special-heading-border'><div class='special-heading-inner-border' ><\/div><\/div><\/div><br \/>\n<div  id=\"1\"  class='av-magazine   avia-builder-el-13  el_after_av_heading  avia-builder-el-last   av-magazine-top-bar-active av-magazine-tabs-active' ><div class='av-magazine-top-bar ' ><\/div><div class='av-magazine-group sort_all'><article class='av-magazine-entry av-magazine-entry-id-6317 av-magazine-format-standard av-magazine-type-post av-magazine-entry-1 av-magazine-entry-small '  itemscope=\"itemscope\" itemtype=\"https:\/\/schema.org\/CreativeWork\" ><div class='av-magazine-thumbnail'><a href='https:\/\/www.amormisericordioso.org\/ita\/lassociazione-lam-celebra-i-suoi-30-anni-di-cammino\/' title='Link a: L&#8217;Associazione LAM celebra i suoi 30 ANNI DI CAMMINO' class='av-magazine-thumbnail-link '><img loading=\"lazy\" decoding=\"async\" width=\"80\" height=\"80\" src=\"https:\/\/www.amormisericordioso.org\/ita\/wp-content\/uploads\/2026\/04\/Immagini-in-Evidenza-SITO-AM-2026-04-14T102707.974-80x80.png\" class=\"wp-image-6321 avia-img-lazy-loading-6321 attachment-thumbnail size-thumbnail wp-post-image\" alt=\"\" srcset=\"https:\/\/www.amormisericordioso.org\/ita\/wp-content\/uploads\/2026\/04\/Immagini-in-Evidenza-SITO-AM-2026-04-14T102707.974-80x80.png 80w, https:\/\/www.amormisericordioso.org\/ita\/wp-content\/uploads\/2026\/04\/Immagini-in-Evidenza-SITO-AM-2026-04-14T102707.974-300x300.png 300w, https:\/\/www.amormisericordioso.org\/ita\/wp-content\/uploads\/2026\/04\/Immagini-in-Evidenza-SITO-AM-2026-04-14T102707.974-1030x1030.png 1030w, https:\/\/www.amormisericordioso.org\/ita\/wp-content\/uploads\/2026\/04\/Immagini-in-Evidenza-SITO-AM-2026-04-14T102707.974-768x768.png 768w, https:\/\/www.amormisericordioso.org\/ita\/wp-content\/uploads\/2026\/04\/Immagini-in-Evidenza-SITO-AM-2026-04-14T102707.974-36x36.png 36w, https:\/\/www.amormisericordioso.org\/ita\/wp-content\/uploads\/2026\/04\/Immagini-in-Evidenza-SITO-AM-2026-04-14T102707.974-180x180.png 180w, https:\/\/www.amormisericordioso.org\/ita\/wp-content\/uploads\/2026\/04\/Immagini-in-Evidenza-SITO-AM-2026-04-14T102707.974-705x705.png 705w, https:\/\/www.amormisericordioso.org\/ita\/wp-content\/uploads\/2026\/04\/Immagini-in-Evidenza-SITO-AM-2026-04-14T102707.974.png 1080w\" sizes=\"auto, (max-width: 80px) 100vw, 80px\" \/><\/a><\/div><div class='av-magazine-content-wrap'><header class='entry-content-header'><time class='av-magazine-time updated'  itemprop=\"datePublished\" datetime=\"2026-04-14T10:28:54+02:00\" >14 Aprile 2026<\/time><h3 class='av-magazine-title entry-title '  itemprop=\"headline\" ><a href='https:\/\/www.amormisericordioso.org\/ita\/lassociazione-lam-celebra-i-suoi-30-anni-di-cammino\/' title='Link a: L&#8217;Associazione LAM celebra i suoi 30 ANNI DI CAMMINO'>L&#8217;Associazione LAM celebra i suoi 30 ANNI DI CAMMINO<\/a><\/h3><\/header><\/div><footer class='entry-footer'><\/footer><\/article><article class='av-magazine-entry av-magazine-entry-id-6308 av-magazine-format-standard av-magazine-type-post av-magazine-entry-2 av-magazine-entry-small '  itemscope=\"itemscope\" itemtype=\"https:\/\/schema.org\/CreativeWork\" ><div class='av-magazine-thumbnail'><a href='https:\/\/www.amormisericordioso.org\/ita\/convegno-nazionale-per-confessori\/' title='Link a: Convegno nazionale per confessori' class='av-magazine-thumbnail-link '><img loading=\"lazy\" decoding=\"async\" width=\"80\" height=\"80\" src=\"https:\/\/www.amormisericordioso.org\/ita\/wp-content\/uploads\/2026\/04\/san_giuseppe-43-1-80x80.png\" class=\"wp-image-6314 avia-img-lazy-loading-6314 attachment-thumbnail size-thumbnail wp-post-image\" alt=\"\" srcset=\"https:\/\/www.amormisericordioso.org\/ita\/wp-content\/uploads\/2026\/04\/san_giuseppe-43-1-80x80.png 80w, https:\/\/www.amormisericordioso.org\/ita\/wp-content\/uploads\/2026\/04\/san_giuseppe-43-1-300x300.png 300w, https:\/\/www.amormisericordioso.org\/ita\/wp-content\/uploads\/2026\/04\/san_giuseppe-43-1-1030x1030.png 1030w, https:\/\/www.amormisericordioso.org\/ita\/wp-content\/uploads\/2026\/04\/san_giuseppe-43-1-768x768.png 768w, https:\/\/www.amormisericordioso.org\/ita\/wp-content\/uploads\/2026\/04\/san_giuseppe-43-1-1536x1536.png 1536w, https:\/\/www.amormisericordioso.org\/ita\/wp-content\/uploads\/2026\/04\/san_giuseppe-43-1-2048x2048.png 2048w, https:\/\/www.amormisericordioso.org\/ita\/wp-content\/uploads\/2026\/04\/san_giuseppe-43-1-36x36.png 36w, https:\/\/www.amormisericordioso.org\/ita\/wp-content\/uploads\/2026\/04\/san_giuseppe-43-1-180x180.png 180w, https:\/\/www.amormisericordioso.org\/ita\/wp-content\/uploads\/2026\/04\/san_giuseppe-43-1-1500x1500.png 1500w, https:\/\/www.amormisericordioso.org\/ita\/wp-content\/uploads\/2026\/04\/san_giuseppe-43-1-705x705.png 705w\" sizes=\"auto, (max-width: 80px) 100vw, 80px\" \/><\/a><\/div><div class='av-magazine-content-wrap'><header class='entry-content-header'><time class='av-magazine-time updated'  itemprop=\"datePublished\" datetime=\"2026-04-13T10:27:04+02:00\" >13 Aprile 2026<\/time><h3 class='av-magazine-title entry-title '  itemprop=\"headline\" ><a href='https:\/\/www.amormisericordioso.org\/ita\/convegno-nazionale-per-confessori\/' title='Link a: Convegno nazionale per confessori'>Convegno nazionale per confessori<\/a><\/h3><\/header><\/div><footer class='entry-footer'><\/footer><\/article><article class='av-magazine-entry av-magazine-entry-id-6304 av-magazine-format-standard av-magazine-type-post av-magazine-entry-3 av-magazine-entry-small '  itemscope=\"itemscope\" itemtype=\"https:\/\/schema.org\/CreativeWork\" ><div class='av-magazine-thumbnail'><a href='https:\/\/www.amormisericordioso.org\/ita\/esercizi-spirituali-e-convegni-per-sacerdoti-2026\/' title='Link a: ESERCIZI SPIRITUALI E CONVEGNI per sacerdoti 2026' class='av-magazine-thumbnail-link '><img loading=\"lazy\" decoding=\"async\" width=\"80\" height=\"80\" src=\"https:\/\/www.amormisericordioso.org\/ita\/wp-content\/uploads\/2025\/07\/2c115e5e3c9da4695960b66bb820b537-80x80.jpg\" class=\"wp-image-5985 avia-img-lazy-loading-5985 attachment-thumbnail size-thumbnail wp-post-image\" alt=\"\" srcset=\"https:\/\/www.amormisericordioso.org\/ita\/wp-content\/uploads\/2025\/07\/2c115e5e3c9da4695960b66bb820b537-80x80.jpg 80w, https:\/\/www.amormisericordioso.org\/ita\/wp-content\/uploads\/2025\/07\/2c115e5e3c9da4695960b66bb820b537-36x36.jpg 36w, https:\/\/www.amormisericordioso.org\/ita\/wp-content\/uploads\/2025\/07\/2c115e5e3c9da4695960b66bb820b537-180x180.jpg 180w\" sizes=\"auto, (max-width: 80px) 100vw, 80px\" \/><\/a><\/div><div class='av-magazine-content-wrap'><header class='entry-content-header'><time class='av-magazine-time updated'  itemprop=\"datePublished\" datetime=\"2026-04-13T09:41:04+02:00\" >13 Aprile 2026<\/time><h3 class='av-magazine-title entry-title '  itemprop=\"headline\" ><a href='https:\/\/www.amormisericordioso.org\/ita\/esercizi-spirituali-e-convegni-per-sacerdoti-2026\/' title='Link a: ESERCIZI SPIRITUALI E CONVEGNI per sacerdoti 2026'>ESERCIZI SPIRITUALI E CONVEGNI per sacerdoti 2026<\/a><\/h3><\/header><\/div><footer class='entry-footer'><\/footer><\/article><article class='av-magazine-entry av-magazine-entry-id-6285 av-magazine-format-standard av-magazine-type-post av-magazine-entry-4 av-magazine-entry-small '  itemscope=\"itemscope\" itemtype=\"https:\/\/schema.org\/CreativeWork\" ><div class='av-magazine-thumbnail'><a href='https:\/\/www.amormisericordioso.org\/ita\/sui-passi-di-madre-speranza-2026-edition\/' title='Link a: Sui passi di Madre Speranza &#8211; 2026 edition' class='av-magazine-thumbnail-link '><img loading=\"lazy\" decoding=\"async\" width=\"80\" height=\"80\" src=\"https:\/\/www.amormisericordioso.org\/ita\/wp-content\/uploads\/2026\/02\/Immagini-in-Evidenza-SITO-AM-2026-02-11T112702.172-80x80.png\" class=\"wp-image-6288 avia-img-lazy-loading-6288 attachment-thumbnail size-thumbnail wp-post-image\" alt=\"\" srcset=\"https:\/\/www.amormisericordioso.org\/ita\/wp-content\/uploads\/2026\/02\/Immagini-in-Evidenza-SITO-AM-2026-02-11T112702.172-80x80.png 80w, https:\/\/www.amormisericordioso.org\/ita\/wp-content\/uploads\/2026\/02\/Immagini-in-Evidenza-SITO-AM-2026-02-11T112702.172-300x300.png 300w, https:\/\/www.amormisericordioso.org\/ita\/wp-content\/uploads\/2026\/02\/Immagini-in-Evidenza-SITO-AM-2026-02-11T112702.172-1030x1030.png 1030w, https:\/\/www.amormisericordioso.org\/ita\/wp-content\/uploads\/2026\/02\/Immagini-in-Evidenza-SITO-AM-2026-02-11T112702.172-768x768.png 768w, https:\/\/www.amormisericordioso.org\/ita\/wp-content\/uploads\/2026\/02\/Immagini-in-Evidenza-SITO-AM-2026-02-11T112702.172-36x36.png 36w, https:\/\/www.amormisericordioso.org\/ita\/wp-content\/uploads\/2026\/02\/Immagini-in-Evidenza-SITO-AM-2026-02-11T112702.172-180x180.png 180w, https:\/\/www.amormisericordioso.org\/ita\/wp-content\/uploads\/2026\/02\/Immagini-in-Evidenza-SITO-AM-2026-02-11T112702.172-705x705.png 705w, https:\/\/www.amormisericordioso.org\/ita\/wp-content\/uploads\/2026\/02\/Immagini-in-Evidenza-SITO-AM-2026-02-11T112702.172.png 1080w\" sizes=\"auto, (max-width: 80px) 100vw, 80px\" \/><\/a><\/div><div class='av-magazine-content-wrap'><header class='entry-content-header'><time class='av-magazine-time updated'  itemprop=\"datePublished\" datetime=\"2026-02-11T11:41:43+01:00\" >11 Febbraio 2026<\/time><h3 class='av-magazine-title entry-title '  itemprop=\"headline\" ><a href='https:\/\/www.amormisericordioso.org\/ita\/sui-passi-di-madre-speranza-2026-edition\/' title='Link a: Sui passi di Madre Speranza &#8211; 2026 edition'>Sui passi di Madre Speranza &#8211; 2026 edition<\/a><\/h3><\/header><\/div><footer class='entry-footer'><\/footer><\/article><article class='av-magazine-entry av-magazine-entry-id-6276 av-magazine-format-standard av-magazine-type-post av-magazine-entry-5 av-magazine-entry-small '  itemscope=\"itemscope\" itemtype=\"https:\/\/schema.org\/CreativeWork\" ><div class='av-magazine-thumbnail'><a href='https:\/\/www.amormisericordioso.org\/ita\/prima-professione-religiosa-di-sr-caterina-la-spisa\/' title='Link a: Prima professione religiosa di SR. CATERINA La Spisa' class='av-magazine-thumbnail-link '><img loading=\"lazy\" decoding=\"async\" width=\"80\" height=\"80\" src=\"https:\/\/www.amormisericordioso.org\/ita\/wp-content\/uploads\/2026\/02\/Immagini-in-Evidenza-SITO-AM-2026-02-09T111304.009-80x80.png\" class=\"wp-image-6278 avia-img-lazy-loading-6278 attachment-thumbnail size-thumbnail wp-post-image\" alt=\"\" srcset=\"https:\/\/www.amormisericordioso.org\/ita\/wp-content\/uploads\/2026\/02\/Immagini-in-Evidenza-SITO-AM-2026-02-09T111304.009-80x80.png 80w, https:\/\/www.amormisericordioso.org\/ita\/wp-content\/uploads\/2026\/02\/Immagini-in-Evidenza-SITO-AM-2026-02-09T111304.009-300x300.png 300w, https:\/\/www.amormisericordioso.org\/ita\/wp-content\/uploads\/2026\/02\/Immagini-in-Evidenza-SITO-AM-2026-02-09T111304.009-1030x1030.png 1030w, https:\/\/www.amormisericordioso.org\/ita\/wp-content\/uploads\/2026\/02\/Immagini-in-Evidenza-SITO-AM-2026-02-09T111304.009-768x768.png 768w, https:\/\/www.amormisericordioso.org\/ita\/wp-content\/uploads\/2026\/02\/Immagini-in-Evidenza-SITO-AM-2026-02-09T111304.009-36x36.png 36w, https:\/\/www.amormisericordioso.org\/ita\/wp-content\/uploads\/2026\/02\/Immagini-in-Evidenza-SITO-AM-2026-02-09T111304.009-180x180.png 180w, https:\/\/www.amormisericordioso.org\/ita\/wp-content\/uploads\/2026\/02\/Immagini-in-Evidenza-SITO-AM-2026-02-09T111304.009-705x705.png 705w, https:\/\/www.amormisericordioso.org\/ita\/wp-content\/uploads\/2026\/02\/Immagini-in-Evidenza-SITO-AM-2026-02-09T111304.009.png 1080w\" sizes=\"auto, (max-width: 80px) 100vw, 80px\" \/><\/a><\/div><div class='av-magazine-content-wrap'><header class='entry-content-header'><time class='av-magazine-time updated'  itemprop=\"datePublished\" datetime=\"2026-02-09T19:26:39+01:00\" >9 Febbraio 2026<\/time><h3 class='av-magazine-title entry-title '  itemprop=\"headline\" ><a href='https:\/\/www.amormisericordioso.org\/ita\/prima-professione-religiosa-di-sr-caterina-la-spisa\/' title='Link a: Prima professione religiosa di SR. CATERINA La Spisa'>Prima professione religiosa di SR. CATERINA La Spisa<\/a><\/h3><\/header><\/div><footer class='entry-footer'><\/footer><\/article><\/div><\/div><\/p>\n<\/div><\/div><\/div>\n","protected":false},"excerpt":{"rendered":"","protected":false},"author":4,"featured_media":2527,"parent":31,"menu_order":0,"comment_status":"closed","ping_status":"closed","template":"","meta":{"_exactmetrics_skip_tracking":false,"_exactmetrics_sitenote_active":false,"_exactmetrics_sitenote_note":"","_exactmetrics_sitenote_category":0,"footnotes":""},"class_list":["post-836","page","type-page","status-publish","has-post-thumbnail","hentry"],"jetpack_sharing_enabled":true,"_links":{"self":[{"href":"https:\/\/www.amormisericordioso.org\/ita\/wp-json\/wp\/v2\/pages\/836","targetHints":{"allow":["GET"]}}],"collection":[{"href":"https:\/\/www.amormisericordioso.org\/ita\/wp-json\/wp\/v2\/pages"}],"about":[{"href":"https:\/\/www.amormisericordioso.org\/ita\/wp-json\/wp\/v2\/types\/page"}],"author":[{"embeddable":true,"href":"https:\/\/www.amormisericordioso.org\/ita\/wp-json\/wp\/v2\/users\/4"}],"replies":[{"embeddable":true,"href":"https:\/\/www.amormisericordioso.org\/ita\/wp-json\/wp\/v2\/comments?post=836"}],"version-history":[{"count":3,"href":"https:\/\/www.amormisericordioso.org\/ita\/wp-json\/wp\/v2\/pages\/836\/revisions"}],"predecessor-version":[{"id":3375,"href":"https:\/\/www.amormisericordioso.org\/ita\/wp-json\/wp\/v2\/pages\/836\/revisions\/3375"}],"up":[{"embeddable":true,"href":"https:\/\/www.amormisericordioso.org\/ita\/wp-json\/wp\/v2\/pages\/31"}],"wp:featuredmedia":[{"embeddable":true,"href":"https:\/\/www.amormisericordioso.org\/ita\/wp-json\/wp\/v2\/media\/2527"}],"wp:attachment":[{"href":"https:\/\/www.amormisericordioso.org\/ita\/wp-json\/wp\/v2\/media?parent=836"}],"curies":[{"name":"wp","href":"https:\/\/api.w.org\/{rel}","templated":true}]}}