{"id":31,"date":"2015-10-21T12:34:01","date_gmt":"2015-10-21T18:34:01","guid":{"rendered":"http:\/\/test.kriesi.at\/construction\/?page_id=31"},"modified":"2021-12-04T08:10:25","modified_gmt":"2021-12-04T14:10:25","slug":"figli-dellamore-misericordioso","status":"publish","type":"page","link":"https:\/\/www.amormisericordioso.org\/ita\/figli-dellamore-misericordioso\/","title":{"rendered":"Figli dell\u00b4Amore Misericordioso"},"content":{"rendered":"<div id='av_section_1'  class='avia-section main_color avia-section-large avia-no-shadow  avia-full-stretch av-section-color-overlay-active avia-bg-style-fixed  avia-builder-el-0  el_before_av_layout_row  avia-builder-el-first   container_wrap sidebar_right' style='background-repeat: no-repeat; background-image: url(https:\/\/www.amormisericordioso.org\/ita\/wp-content\/uploads\/2021\/12\/340705_2500670609687_1640591895_2382350_1964950475_o.jpg);background-attachment: fixed; background-position: center center;  '  data-section-bg-repeat='stretch'><div class='av-section-color-overlay-wrap'><div class='av-section-color-overlay' style='opacity: 0.2; background-color: #000000; '><\/div><div class='container' ><main  role=\"main\" itemprop=\"mainContentOfPage\"  class='template-page content  av-content-small alpha units'><div class='post-entry post-entry-type-page post-entry-31'><div class='entry-content-wrapper clearfix'>\n<div  style='padding-bottom:0px; color:#ffffff;font-size:50px;' class='av-special-heading av-special-heading-h3 custom-color-heading blockquote modern-quote modern-centered  avia-builder-el-1  el_before_av_hr  avia-builder-el-first  av-inherit-size '><h3 class='av-special-heading-tag '  itemprop=\"headline\"  >FIGLI DELL\u2019AMORE MISERICORDIOSO<\/h3><div class ='av-subheading av-subheading_below av_custom_color ' style='font-size:15px;'><p>&#8220;Chiamati a testimoniare l&#8217;Amore Misericordioso innanzitutto con la santit\u00e0 della vita&#8221;<\/p>\n<\/div><div class='special-heading-border'><div class='special-heading-inner-border' style='border-color:#ffffff'><\/div><\/div><\/div>\n<div  style=' margin-top:30px; margin-bottom:30px;'  class='hr hr-custom hr-center hr-icon-yes   avia-builder-el-2  el_after_av_heading  avia-builder-el-last '><span class='hr-inner  inner-border-av-border-thin' style=' width:20%; border-color:rgba(255,255,255,0.76); max-width:45%;' ><span class='hr-inner-style'><\/span><\/span><span class='av-seperator-icon' style='color:#ffffff;' aria-hidden='true' data-av_icon='\ue8bf' data-av_iconfont='entypo-fontello'><\/span><span class='hr-inner  inner-border-av-border-thin' style=' width:20%; border-color:rgba(255,255,255,0.76); max-width:45%;' ><span class='hr-inner-style'><\/span><\/span><\/div>\n<\/div><\/div><\/main><!-- close content main element --><\/div><\/div><\/div><div id='av-layout-grid-1'  class='av-layout-grid-container entry-content-wrapper main_color av-flex-cells     avia-builder-el-3  el_after_av_section  el_before_av_one_third  submenu-not-first container_wrap sidebar_right' style=' '  >\n<div class=\"flex_cell no_margin av_two_third  avia-builder-el-4  el_before_av_cell_one_third  avia-builder-el-first   \"  style='vertical-align:top; padding:0 0 0 50px ; background-color:#ffffff; ' ><div class='flex_cell_inner' ><div class='flex_column_table av-equal-height-column-flextable -flextable' style='margin-top:-60px; margin-bottom:0px; '><div class=\"flex_column av_one_full  no_margin flex_column_table_cell av-equal-height-column av-align-top first  avia-builder-el-5  avia-builder-el-no-sibling  \" style='padding:30px; background-color:#ffffff; border-radius:0px; '><section class=\"av_textblock_section \"  itemscope=\"itemscope\" itemtype=\"https:\/\/schema.org\/CreativeWork\" ><div class='avia_textblock  '  style='font-size:18px; '  itemprop=\"text\" ><section class=\"av_textblock_section\">\n<div class=\"avia_textblock \">\n<p class=\"p1\"><span class=\"s1\">Sacerdoti e Fratelli che annunciano l&#8217;Amore Misericordioso dedicandosi ai sacerdoti diocesani. Chiamati a testimoniare l&#8217;Amore Misericordioso innanzitutto con la santit\u00e0 della vita, praticano le opere di carit\u00e0, la principale delle quali \u00e8 l&#8217;unione con il Clero diocesano. I Sacerdoti e le opere di carit\u00e0 in favore dei bisognosi sono strettamente unite come fine unico. <\/span><\/p>\n<\/div>\n<\/section>\n<section class=\"av_textblock_section\">\n<div class=\"avia_textblock \">\n<p class=\"p1\"><em><span class=\"s1\">&#8220;Porteranno aiuto e sollievo a tante famiglie bisognose e sofferenti, la consolazione ai malattia; in essa gli orfani e i bisognosi troveranno la loro famiglia, i giovani la guida, i deboli il sostegno, i caduti la forza per rialzarsi&#8221;. <\/span><\/em><\/p>\n<p class=\"p1\"><span class=\"s1\">E&#8217; costituita<b> <\/b>da quattro &#8220;rami&#8221; con rispettive forme di testimonianza:<\/span><\/p>\n<ol>\n<li><strong>Sacerdoti Religiosi (FAM);<\/strong><\/li>\n<li><strong>Fratelli (FAM), che esercitano mansioni interne;<\/strong><\/li>\n<li><strong>Fratelli (FAM), in abito civile impegnati in attivit\u00e0 secolari;<\/strong><\/li>\n<li><strong>Sacerdoti Diocesani con voti, Figli dell&#8217;Amore Misericordioso (SDFAM).<\/strong><\/li>\n<\/ol>\n<\/div>\n<\/section>\n<\/div><\/section><\/div><\/div><!--close column table wrapper. Autoclose: 1 -->\n<\/div><\/div><div class=\"flex_cell no_margin av_one_third  avia-builder-el-7  el_after_av_cell_two_third  avia-builder-el-last   \"  style='vertical-align:top; padding:0 30px 0 0 ; ' ><div class='flex_cell_inner' ><div class='flex_column_table av-equal-height-column-flextable -flextable' style='margin-top:-60px; margin-bottom:0px; '><div class=\"flex_column av_one_full  no_margin flex_column_table_cell av-equal-height-column av-align-top first  avia-builder-el-8  avia-builder-el-no-sibling  \" style='padding:30px; background-color:#f0f0f0; border-radius:0px; '><section class=\"av_textblock_section \"  itemscope=\"itemscope\" itemtype=\"https:\/\/schema.org\/CreativeWork\" ><div class='avia_textblock  '  style='font-size:26px; '  itemprop=\"text\" ><p class=\"p1\" style=\"text-align: center;\"><span class=\"s1\">Sono stati fondati a <b>Roma<\/b>, il <b>15 agosto 1951<\/b>.<\/span><\/p>\n<h5 style=\"text-align: center;\"><em>&#8220;Questi stessi tre <\/em>(Alfredo di Penta, don Giovanni Barbagli e Sanzio Marino) <em>emettono i loro voti, secondo le Costituzioni, nella stessa cappella [della casa generalizia delle Ancelle dell&#8217;Amore Misericordioso]. Li ha ricevuti sua eccellenza il Vescovo di Todi che il giorno antecedente aveva imposto loro l&#8217;abito<\/em><em>&#8220;.<\/em><\/h5>\n<\/div><\/section><\/div><\/div><!--close column table wrapper. Autoclose: 1 -->\n<\/div><\/div><\/div><div id='after_submenu_1'  class='main_color av_default_container_wrap container_wrap sidebar_right' style=' '  ><div class='container' ><div class='template-page content  av-content-small alpha units'><div class='post-entry post-entry-type-page post-entry-31'><div class='entry-content-wrapper clearfix'><div class=\"flex_column av_one_third  av-animated-generic bottom-to-top  flex_column_div av-zero-column-padding first  avia-builder-el-10  el_after_av_layout_row  el_before_av_one_third  avia-builder-el-first  \" style='border-radius:0px; '><p><div  class='avia-image-container  av-styling-    avia-builder-el-11  el_before_av_heading  avia-builder-el-first  avia-align-center '  itemprop=\"image\" itemscope=\"itemscope\" itemtype=\"https:\/\/schema.org\/ImageObject\"  ><div class='avia-image-container-inner'><div class='avia-image-overlay-wrap'><a href='https:\/\/www.amormisericordioso.org\/ita\/figli-dellamore-misericordioso\/chi-sono-i-fam\/' class='avia_image'  ><img decoding=\"async\" width=\"6912\" height=\"3456\" class='wp-image-3358 avia-img-lazy-loading-not-3358 avia_image' src=\"https:\/\/www.amormisericordioso.org\/ita\/wp-content\/uploads\/2021\/12\/Sito-AM-14.png\" alt='' title='Sito AM (14)'  itemprop=\"thumbnailUrl\" srcset=\"https:\/\/www.amormisericordioso.org\/ita\/wp-content\/uploads\/2021\/12\/Sito-AM-14.png 6912w, https:\/\/www.amormisericordioso.org\/ita\/wp-content\/uploads\/2021\/12\/Sito-AM-14-300x150.png 300w, https:\/\/www.amormisericordioso.org\/ita\/wp-content\/uploads\/2021\/12\/Sito-AM-14-1030x515.png 1030w, https:\/\/www.amormisericordioso.org\/ita\/wp-content\/uploads\/2021\/12\/Sito-AM-14-768x384.png 768w, https:\/\/www.amormisericordioso.org\/ita\/wp-content\/uploads\/2021\/12\/Sito-AM-14-1536x768.png 1536w\" sizes=\"(max-width: 6912px) 100vw, 6912px\" \/><\/a><\/div><\/div><\/div><br \/>\n<div  style='padding-bottom:10px; font-size:24px;' class='av-special-heading av-special-heading-h3  blockquote modern-quote  avia-builder-el-12  el_after_av_image  el_before_av_hr  av-inherit-size '><h3 class='av-special-heading-tag '  itemprop=\"headline\"  >Figli dell\u00b4Amore Misericordioso<\/h3><div class='special-heading-border'><div class='special-heading-inner-border' ><\/div><\/div><\/div><br \/>\n<div  style=' margin-top:10px; margin-bottom:10px;'  class='hr hr-custom hr-left hr-icon-no   avia-builder-el-13  el_after_av_heading  el_before_av_textblock '><span class='hr-inner  inner-border-av-border-fat' style=' width:50px; border-color:#efd073;' ><span class='hr-inner-style'><\/span><\/span><\/div><br \/>\n<section class=\"av_textblock_section \"  itemscope=\"itemscope\" itemtype=\"https:\/\/schema.org\/CreativeWork\" ><div class='avia_textblock  '   itemprop=\"text\" ><p>Sacerdoti e fratelli che\u00a0annunciano <strong>l&#8217;Amore Misericordioso dedicandosi ai sacerdoti diocesani<\/strong>. Obbediente alla voce dello Spirito, Madre Speranza da vita il <b>15 agosto 1951 a Roma alla Congregazione dei Figli dell\u2019Amore Misericordioso<\/b> (FAM).<\/p>\n<\/div><\/section><br \/>\n<div  class='avia-button-wrap avia-button-left  avia-builder-el-15  el_after_av_textblock  avia-builder-el-last ' ><a href='https:\/\/www.amormisericordioso.org\/ita\/figli-dellamore-misericordioso\/chi-sono-i-fam\/'  class='avia-button  avia-color-grey   avia-icon_select-no avia-size-small avia-position-left '   ><span class='avia_iconbox_title' >Leggi tutto l\u2019articolo<\/span><\/a><\/div><\/p><\/div><div class=\"flex_column av_one_third  av-animated-generic bottom-to-top  flex_column_div av-zero-column-padding   avia-builder-el-16  el_after_av_one_third  el_before_av_one_third  \" style='border-radius:0px; '><p><div  class='avia-image-container  av-styling-    avia-builder-el-17  el_before_av_heading  avia-builder-el-first  avia-align-center '  itemprop=\"image\" itemscope=\"itemscope\" itemtype=\"https:\/\/schema.org\/ImageObject\"  ><div class='avia-image-container-inner'><div class='avia-image-overlay-wrap'><a href='https:\/\/www.amormisericordioso.org\/ita\/figli-dellamore-misericordioso\/religiosi-sacerdoti-fam\/' class='avia_image'  ><img decoding=\"async\" width=\"6912\" height=\"3456\" class='wp-image-3363 avia-img-lazy-loading-not-3363 avia_image' src=\"https:\/\/www.amormisericordioso.org\/ita\/wp-content\/uploads\/2021\/12\/Sito-AM-15.png\" alt='' title='Sito AM (15)'  itemprop=\"thumbnailUrl\" srcset=\"https:\/\/www.amormisericordioso.org\/ita\/wp-content\/uploads\/2021\/12\/Sito-AM-15.png 6912w, https:\/\/www.amormisericordioso.org\/ita\/wp-content\/uploads\/2021\/12\/Sito-AM-15-300x150.png 300w, https:\/\/www.amormisericordioso.org\/ita\/wp-content\/uploads\/2021\/12\/Sito-AM-15-1030x515.png 1030w, https:\/\/www.amormisericordioso.org\/ita\/wp-content\/uploads\/2021\/12\/Sito-AM-15-768x384.png 768w, https:\/\/www.amormisericordioso.org\/ita\/wp-content\/uploads\/2021\/12\/Sito-AM-15-1536x768.png 1536w, https:\/\/www.amormisericordioso.org\/ita\/wp-content\/uploads\/2021\/12\/Sito-AM-15-2048x1024.png 2048w, https:\/\/www.amormisericordioso.org\/ita\/wp-content\/uploads\/2021\/12\/Sito-AM-15-1500x750.png 1500w, https:\/\/www.amormisericordioso.org\/ita\/wp-content\/uploads\/2021\/12\/Sito-AM-15-705x353.png 705w\" sizes=\"(max-width: 6912px) 100vw, 6912px\" \/><\/a><\/div><\/div><\/div><br \/>\n<div  style='padding-bottom:10px; font-size:24px;' class='av-special-heading av-special-heading-h3  blockquote modern-quote  avia-builder-el-18  el_after_av_image  el_before_av_hr  av-inherit-size '><h3 class='av-special-heading-tag '  itemprop=\"headline\"  >Religiosi Sacerdoti FAM<\/h3><div class='special-heading-border'><div class='special-heading-inner-border' ><\/div><\/div><\/div><br \/>\n<div  style=' margin-top:10px; margin-bottom:10px;'  class='hr hr-custom hr-left hr-icon-no   avia-builder-el-19  el_after_av_heading  el_before_av_textblock '><span class='hr-inner  inner-border-av-border-fat' style=' width:50px; border-color:#efd073;' ><span class='hr-inner-style'><\/span><\/span><\/div><br \/>\n<section class=\"av_textblock_section \"  itemscope=\"itemscope\" itemtype=\"https:\/\/schema.org\/CreativeWork\" ><div class='avia_textblock  '   itemprop=\"text\" ><p>Con Padre Alfredo di Penta FAM, che accetta la chiamata del Signore espressa per mezzo di Madre Speranza a diventare il primo Figlio dell&#8217;Amore Misericordioso sacerdote, inizia la Congregazione e pi\u00f9 specificamente il primo \u201cramo\u201d dei Religiosi Sacerdoti, il <b>15 agosto 1951 a Roma.<\/b><\/p>\n<\/div><\/section><br \/>\n<div  class='avia-button-wrap avia-button-left  avia-builder-el-21  el_after_av_textblock  avia-builder-el-last ' ><a href='https:\/\/www.amormisericordioso.org\/ita\/figli-dellamore-misericordioso\/religiosi-sacerdoti-fam\/'  class='avia-button  avia-color-grey   avia-icon_select-no avia-size-small avia-position-left '   ><span class='avia_iconbox_title' >Leggi tutto l\u2019articolo<\/span><\/a><\/div><\/p><\/div><div class=\"flex_column av_one_third  av-animated-generic bottom-to-top  flex_column_div av-zero-column-padding   avia-builder-el-22  el_after_av_one_third  el_before_av_one_third  \" style='border-radius:0px; '><p><div  class='avia-image-container  av-styling-    avia-builder-el-23  el_before_av_heading  avia-builder-el-first  avia-align-center '  itemprop=\"image\" itemscope=\"itemscope\" itemtype=\"https:\/\/schema.org\/ImageObject\"  ><div class='avia-image-container-inner'><div class='avia-image-overlay-wrap'><a href='https:\/\/www.amormisericordioso.org\/ita\/figli-dellamore-misericordioso\/fratelli-fam\/' class='avia_image'  ><img decoding=\"async\" width=\"6912\" height=\"3456\" class='wp-image-3368 avia-img-lazy-loading-not-3368 avia_image' src=\"https:\/\/www.amormisericordioso.org\/ita\/wp-content\/uploads\/2021\/12\/Sito-AM-16.png\" alt='' title='Sito AM (16)'  itemprop=\"thumbnailUrl\" srcset=\"https:\/\/www.amormisericordioso.org\/ita\/wp-content\/uploads\/2021\/12\/Sito-AM-16.png 6912w, https:\/\/www.amormisericordioso.org\/ita\/wp-content\/uploads\/2021\/12\/Sito-AM-16-300x150.png 300w, https:\/\/www.amormisericordioso.org\/ita\/wp-content\/uploads\/2021\/12\/Sito-AM-16-1030x515.png 1030w, https:\/\/www.amormisericordioso.org\/ita\/wp-content\/uploads\/2021\/12\/Sito-AM-16-768x384.png 768w, https:\/\/www.amormisericordioso.org\/ita\/wp-content\/uploads\/2021\/12\/Sito-AM-16-1536x768.png 1536w\" sizes=\"(max-width: 6912px) 100vw, 6912px\" \/><\/a><\/div><\/div><\/div><br \/>\n<div  style='padding-bottom:10px; font-size:24px;' class='av-special-heading av-special-heading-h3  blockquote modern-quote  avia-builder-el-24  el_after_av_image  el_before_av_hr  av-inherit-size '><h3 class='av-special-heading-tag '  itemprop=\"headline\"  >Fratelli FAM<\/h3><div class='special-heading-border'><div class='special-heading-inner-border' ><\/div><\/div><\/div><br \/>\n<div  style=' margin-top:10px; margin-bottom:10px;'  class='hr hr-custom hr-left hr-icon-no   avia-builder-el-25  el_after_av_heading  el_before_av_textblock '><span class='hr-inner  inner-border-av-border-fat' style=' width:50px; border-color:#efd073;' ><span class='hr-inner-style'><\/span><\/span><\/div><br \/>\n<section class=\"av_textblock_section \"  itemscope=\"itemscope\" itemtype=\"https:\/\/schema.org\/CreativeWork\" ><div class='avia_textblock  '   itemprop=\"text\" ><p>Lo specifico di questi fratelli, Figli dell&#8217;Amore Misericordioso, \u00e8 la testimonianza della fraternit\u00e0 in Ges\u00f9 Amore Misericordioso che deve regnare nelle nostre comunit\u00e0, secondo la parola evangelica: \u201d<em>E voi siete tutti fratelli<\/em>\u201d (Mt 23,8).<\/p>\n<\/div><\/section><br \/>\n<div  class='avia-button-wrap avia-button-left  avia-builder-el-27  el_after_av_textblock  avia-builder-el-last ' ><a href='https:\/\/www.amormisericordioso.org\/ita\/figli-dellamore-misericordioso\/fratelli-fam\/'  class='avia-button  avia-color-grey   avia-icon_select-no avia-size-small avia-position-left '   ><span class='avia_iconbox_title' >Leggi tutto l\u2019articolo<\/span><\/a><\/div><\/p><\/div><div class=\"flex_column av_one_third  av-animated-generic bottom-to-top  flex_column_div av-zero-column-padding first  avia-builder-el-28  el_after_av_one_third  el_before_av_one_third  column-top-margin\" style='border-radius:0px; '><p><div  class='avia-image-container  av-styling-    avia-builder-el-29  el_before_av_heading  avia-builder-el-first  avia-align-center '  itemprop=\"image\" itemscope=\"itemscope\" itemtype=\"https:\/\/schema.org\/ImageObject\"  ><div class='avia-image-container-inner'><div class='avia-image-overlay-wrap'><a href='https:\/\/www.amormisericordioso.org\/ita\/figli-dellamore-misericordioso\/fratelli-fam-per-le-attivita-temporali\/' class='avia_image'  ><img decoding=\"async\" width=\"6912\" height=\"3456\" class='wp-image-3371 avia-img-lazy-loading-not-3371 avia_image' src=\"https:\/\/www.amormisericordioso.org\/ita\/wp-content\/uploads\/2021\/12\/Sito-AM-17.png\" alt='' title='Sito AM (17)'  itemprop=\"thumbnailUrl\" srcset=\"https:\/\/www.amormisericordioso.org\/ita\/wp-content\/uploads\/2021\/12\/Sito-AM-17.png 6912w, https:\/\/www.amormisericordioso.org\/ita\/wp-content\/uploads\/2021\/12\/Sito-AM-17-300x150.png 300w, https:\/\/www.amormisericordioso.org\/ita\/wp-content\/uploads\/2021\/12\/Sito-AM-17-1030x515.png 1030w, https:\/\/www.amormisericordioso.org\/ita\/wp-content\/uploads\/2021\/12\/Sito-AM-17-768x384.png 768w, https:\/\/www.amormisericordioso.org\/ita\/wp-content\/uploads\/2021\/12\/Sito-AM-17-1536x768.png 1536w\" sizes=\"(max-width: 6912px) 100vw, 6912px\" \/><\/a><\/div><\/div><\/div><br \/>\n<div  style='padding-bottom:10px; font-size:24px;' class='av-special-heading av-special-heading-h3  blockquote modern-quote  avia-builder-el-30  el_after_av_image  el_before_av_hr  av-inherit-size '><h3 class='av-special-heading-tag '  itemprop=\"headline\"  >Fratelli FAM per le attivit\u00e0 temporali<\/h3><div class='special-heading-border'><div class='special-heading-inner-border' ><\/div><\/div><\/div><br \/>\n<div  style=' margin-top:10px; margin-bottom:10px;'  class='hr hr-custom hr-left hr-icon-no   avia-builder-el-31  el_after_av_heading  el_before_av_textblock '><span class='hr-inner  inner-border-av-border-fat' style=' width:50px; border-color:#efd073;' ><span class='hr-inner-style'><\/span><\/span><\/div><br \/>\n<section class=\"av_textblock_section \"  itemscope=\"itemscope\" itemtype=\"https:\/\/schema.org\/CreativeWork\" ><div class='avia_textblock  '   itemprop=\"text\" ><p>Questi fratelli sono laureati, diplomati o specializzati che, <strong>senza portare<\/strong> <b>alcun segno esterno della propria consacrazione, <\/b>realizzano la loro missione <b>svolgendo attivit\u00e0 prevalentemente esterne alla Congregazione<\/b>, sempre con l\u2019approvazione dei legittimi superiori.<\/p>\n<\/div><\/section><br \/>\n<div  class='avia-button-wrap avia-button-left  avia-builder-el-33  el_after_av_textblock  avia-builder-el-last ' ><a href='https:\/\/www.amormisericordioso.org\/ita\/figli-dellamore-misericordioso\/fratelli-fam-per-le-attivita-temporali\/'  class='avia-button  avia-color-grey   avia-icon_select-no avia-size-small avia-position-left '   ><span class='avia_iconbox_title' >Leggi tutto l\u2019articolo<\/span><\/a><\/div><\/p><\/div><div class=\"flex_column av_one_third  av-animated-generic bottom-to-top  flex_column_div av-zero-column-padding   avia-builder-el-34  el_after_av_one_third  avia-builder-el-last  column-top-margin\" style='border-radius:0px; '><p><div  class='avia-image-container  av-styling-    avia-builder-el-35  el_before_av_heading  avia-builder-el-first  avia-align-center '  itemprop=\"image\" itemscope=\"itemscope\" itemtype=\"https:\/\/schema.org\/ImageObject\"  ><div class='avia-image-container-inner'><div class='avia-image-overlay-wrap'><a href='https:\/\/www.amormisericordioso.org\/ita\/figli-dellamore-misericordioso\/sacerdoti-diocesani-fam\/' class='avia_image'  ><img decoding=\"async\" width=\"6912\" height=\"3456\" class='wp-image-3373 avia-img-lazy-loading-not-3373 avia_image' src=\"https:\/\/www.amormisericordioso.org\/ita\/wp-content\/uploads\/2021\/12\/Sito-AM-18.png\" alt='' title='Sito AM (18)'  itemprop=\"thumbnailUrl\" srcset=\"https:\/\/www.amormisericordioso.org\/ita\/wp-content\/uploads\/2021\/12\/Sito-AM-18.png 6912w, https:\/\/www.amormisericordioso.org\/ita\/wp-content\/uploads\/2021\/12\/Sito-AM-18-300x150.png 300w, https:\/\/www.amormisericordioso.org\/ita\/wp-content\/uploads\/2021\/12\/Sito-AM-18-1030x515.png 1030w, https:\/\/www.amormisericordioso.org\/ita\/wp-content\/uploads\/2021\/12\/Sito-AM-18-768x384.png 768w, https:\/\/www.amormisericordioso.org\/ita\/wp-content\/uploads\/2021\/12\/Sito-AM-18-1536x768.png 1536w\" sizes=\"(max-width: 6912px) 100vw, 6912px\" \/><\/a><\/div><\/div><\/div><br \/>\n<div  style='padding-bottom:10px; font-size:24px;' class='av-special-heading av-special-heading-h3  blockquote modern-quote  avia-builder-el-36  el_after_av_image  el_before_av_hr  av-inherit-size '><h3 class='av-special-heading-tag '  itemprop=\"headline\"  >Sacerdoti Diocesani FAM<\/h3><div class='special-heading-border'><div class='special-heading-inner-border' ><\/div><\/div><\/div><br \/>\n<div  style=' margin-top:10px; margin-bottom:10px;'  class='hr hr-custom hr-left hr-icon-no   avia-builder-el-37  el_after_av_heading  el_before_av_textblock '><span class='hr-inner  inner-border-av-border-fat' style=' width:50px; border-color:#efd073;' ><span class='hr-inner-style'><\/span><\/span><\/div><br \/>\n<section class=\"av_textblock_section \"  itemscope=\"itemscope\" itemtype=\"https:\/\/schema.org\/CreativeWork\" ><div class='avia_textblock  '   itemprop=\"text\" ><p>La Congregazione dei Figli dell\u2019Amore Misericordioso per volont\u00e0 della Madre e per il conseguimento del proprio carisma e dell\u2019unica missione, accoglie nel proprio interno, con tutti i diritti e i doveri, quei Sacerdoti diocesani che ne fanno richiesta, <b>senza per questo dover lasciare il Presbiterio della Diocesi<\/b> nel quale sono inseriti e operano.<\/p>\n<\/div><\/section><br \/>\n<div  class='avia-button-wrap avia-button-left  avia-builder-el-39  el_after_av_textblock  avia-builder-el-last ' ><a href='https:\/\/www.amormisericordioso.org\/ita\/figli-dellamore-misericordioso\/sacerdoti-diocesani-fam\/'  class='avia-button  avia-color-grey   avia-icon_select-no avia-size-small avia-position-left '   ><span class='avia_iconbox_title' >Leggi tutto l\u2019articolo<\/span><\/a><\/div><\/p><\/div><\/p>\n","protected":false},"excerpt":{"rendered":"","protected":false},"author":4,"featured_media":2531,"parent":0,"menu_order":0,"comment_status":"closed","ping_status":"closed","template":"","meta":{"_exactmetrics_skip_tracking":false,"_exactmetrics_sitenote_active":false,"_exactmetrics_sitenote_note":"","_exactmetrics_sitenote_category":0,"footnotes":""},"class_list":["post-31","page","type-page","status-publish","has-post-thumbnail","hentry"],"jetpack_sharing_enabled":true,"_links":{"self":[{"href":"https:\/\/www.amormisericordioso.org\/ita\/wp-json\/wp\/v2\/pages\/31","targetHints":{"allow":["GET"]}}],"collection":[{"href":"https:\/\/www.amormisericordioso.org\/ita\/wp-json\/wp\/v2\/pages"}],"about":[{"href":"https:\/\/www.amormisericordioso.org\/ita\/wp-json\/wp\/v2\/types\/page"}],"author":[{"embeddable":true,"href":"https:\/\/www.amormisericordioso.org\/ita\/wp-json\/wp\/v2\/users\/4"}],"replies":[{"embeddable":true,"href":"https:\/\/www.amormisericordioso.org\/ita\/wp-json\/wp\/v2\/comments?post=31"}],"version-history":[{"count":4,"href":"https:\/\/www.amormisericordioso.org\/ita\/wp-json\/wp\/v2\/pages\/31\/revisions"}],"predecessor-version":[{"id":3377,"href":"https:\/\/www.amormisericordioso.org\/ita\/wp-json\/wp\/v2\/pages\/31\/revisions\/3377"}],"wp:featuredmedia":[{"embeddable":true,"href":"https:\/\/www.amormisericordioso.org\/ita\/wp-json\/wp\/v2\/media\/2531"}],"wp:attachment":[{"href":"https:\/\/www.amormisericordioso.org\/ita\/wp-json\/wp\/v2\/media?parent=31"}],"curies":[{"name":"wp","href":"https:\/\/api.w.org\/{rel}","templated":true}]}}