{"id":969,"date":"2016-06-16T07:27:55","date_gmt":"2016-06-16T13:27:55","guid":{"rendered":"http:\/\/gananegocio.com\/fam\/?page_id=969"},"modified":"2016-11-19T10:08:17","modified_gmt":"2016-11-19T16:08:17","slug":"el-pozo-y-las-piscinas","status":"publish","type":"page","link":"http:\/\/www.amormisericordioso.org\/wn\/el-pozo-y-las-piscinas\/","title":{"rendered":"El Pozo y las Piscinas"},"content":{"rendered":"<div id='av-layout-grid-1'  class='av-layout-grid-container entry-content-wrapper main_color av-flex-cells     avia-builder-el-0  avia-builder-el-no-sibling  container_wrap sidebar_right' style=' '  >\n<div class=\"flex_cell no_margin av_three_fourth  avia-builder-el-1  el_before_av_cell_one_fourth  avia-builder-el-first   \"  style='vertical-align:top; padding:30px; background-color:#ffffff; ' ><div class='flex_cell_inner' ><div class='flex_column_table av-equal-height-column-flextable -flextable' style='margin-top:-60px; margin-bottom:0px; '><div class=\"flex_column av_one_full  no_margin flex_column_table_cell av-equal-height-column av-align-top first  avia-builder-el-2  avia-builder-el-no-sibling  \" style='padding:30px; background-color:#ffffff; border-radius:0px; '><p><div  class='avia-image-container  av-styling-    avia-builder-el-3  el_before_av_heading  avia-builder-el-first  avia-align-center '  itemprop=\"image\" itemscope=\"itemscope\" itemtype=\"https:\/\/schema.org\/ImageObject\"  ><div class='avia-image-container-inner'><div class='avia-image-overlay-wrap'><img class='wp-image-946 avia-img-lazy-loading-not-946 avia_image' src='http:\/\/www.amormisericordioso.org\/wn\/wp-content\/uploads\/2015\/05\/b-4-pozo-y-piscinas-original.jpg' alt='' title='b-4-pozo-y-piscinas-original' height=\"339\" width=\"624\"  itemprop=\"thumbnailUrl\"  \/><\/div><\/div><\/div><br \/>\n<div  style='padding-bottom:0px; ' class='av-special-heading av-special-heading-h1  blockquote modern-quote  avia-builder-el-4  el_after_av_image  el_before_av_textblock  '><h1 class='av-special-heading-tag '  itemprop=\"headline\"  >El Pozo y las Piscinas<\/h1><div class='special-heading-border'><div class='special-heading-inner-border' ><\/div><\/div><\/div><br \/>\n<section class=\"av_textblock_section \"  itemscope=\"itemscope\" itemtype=\"https:\/\/schema.org\/CreativeWork\" ><div class='avia_textblock  '  style='font-size:18px; '  itemprop=\"text\" ><p align=\"justify\"><a href=\"http:\/\/gananegocio.com\/fam\/wp-content\/uploads\/2016\/06\/El-pozo.jpg\" rel=\"attachment wp-att-1771\"><img loading=\"lazy\" decoding=\"async\" class=\" wp-image-1771 alignleft\" src=\"http:\/\/gananegocio.com\/fam\/wp-content\/uploads\/2016\/06\/El-pozo-300x196.jpg\" alt=\"el-pozo\" width=\"315\" height=\"206\" srcset=\"http:\/\/www.amormisericordioso.org\/wn\/wp-content\/uploads\/2016\/06\/El-pozo-300x196.jpg 300w, http:\/\/www.amormisericordioso.org\/wn\/wp-content\/uploads\/2016\/06\/El-pozo-768x501.jpg 768w, http:\/\/www.amormisericordioso.org\/wn\/wp-content\/uploads\/2016\/06\/El-pozo-705x460.jpg 705w, http:\/\/www.amormisericordioso.org\/wn\/wp-content\/uploads\/2016\/06\/El-pozo-450x294.jpg 450w, http:\/\/www.amormisericordioso.org\/wn\/wp-content\/uploads\/2016\/06\/El-pozo.jpg 800w\" sizes=\"auto, (max-width: 315px) 100vw, 315px\" \/><\/a>En la plaza, a la izquierda de la Bas\u00edlica, nos encontramos un pozo, que fue excavado por expresa voluntad de Dios, a trav\u00e9s de Madre Esperanza que indic\u00f3 el lugar preciso. Las labores de excavaci\u00f3n fueron terminadas a finales de 1960.<strong>El pozo tiene una profundidad de 122 metros<\/strong>, y su abundante agua alimenta\u00a0 hoy las <strong>piscinas que se construyeron para el ba\u00f1o de los enfermos<\/strong>. Los peregrinos pueden tomar el agua de una fuente que se encuentra al lado del edificio.<\/p>\n<p align=\"justify\"><a href=\"http:\/\/www.amormisericordioso.org\/ws\/images\/articles\/32\/Frase%20de%20la%20Madre%20Esperanza.jpg\"><img loading=\"lazy\" decoding=\"async\" class=\"alignright\" src=\"http:\/\/www.amormisericordioso.org\/ws\/images\/articles\/32\/Frase%20de%20la%20Madre%20Esperanza.jpg\" alt=\"\" width=\"275\" height=\"207\" align=\"right\" border=\"0\" hspace=\"5\" vspace=\"5\" \/><\/a>En la Sagrada Escritura, el agua ha servido para significar la acci\u00f3n de la Gracia: lava, purifica, sana, mana hasta la vida eterna. <strong>Entre el Santuario y las piscinas hay una relaci\u00f3n muy profunda<\/strong> A la entrada de la construcci\u00f3n se lee una invitaci\u00f3n de Madre Esperanza: \u201c<i>Emplea esta agua con fe y amor, seguro que te servir\u00e1 de refrigerio para el cuerpo y de salud para el alma<\/i>\u201d.<\/p>\n<p align=\"justify\"><a href=\"http:\/\/www.amormisericordioso.org\/ws\/images\/articles\/32\/Maria%20Medianera%20en%20piedra.jpg\"><img loading=\"lazy\" decoding=\"async\" class=\"alignleft\" src=\"http:\/\/www.amormisericordioso.org\/ws\/images\/articles\/32\/Maria%20Medianera%20en%20piedra.jpg\" alt=\"\" width=\"174\" height=\"309\" align=\"left\" border=\"0\" hspace=\"5\" vspace=\"5\" \/><\/a>Est\u00e1 grabada sobre la fachada, cerca de un gran crucifijo de m\u00e1rmol, una oraci\u00f3n de ella: \u201c<em>Te doy gracias, oh Se\u00f1or, porque me has dado un coraz\u00f3n\u00a0 para amar y un cuerpo para sufrir<\/em>\u201d.<\/p>\n<p align=\"justify\">Sobre una columna, a la izquierda de la plaza, hay una estatua en m\u00e1rmol de <strong>Mar\u00eda Medianera<\/strong>, con los brazos abiertos, como pidiendo para nosotros la gracia de comprender el valor del sufrimiento.<a href=\"http:\/\/www.amormisericordioso.org\/ws\/images\/articles\/32\/Las%20piscinas.jpg\"><img loading=\"lazy\" decoding=\"async\" class=\"alignright\" src=\"http:\/\/www.amormisericordioso.org\/ws\/images\/articles\/32\/Las%20piscinas.jpg\" alt=\"\" width=\"203\" height=\"311\" align=\"right\" border=\"0\" hspace=\"5\" vspace=\"5\" \/><\/a><\/p>\n<p align=\"justify\">Dentro del edificio, cuatro<strong> mosaicos del pintor Cupelloni<\/strong>muestran a Jes\u00fas que efect\u00faa los milagros sirvi\u00e9ndose tambi\u00e9n del agua.<\/p>\n<p align=\"justify\">Una construcci\u00f3n sobria y lineal, dividida en dos pabellones (uno para los hombres y el otro para las mujeres) acoge las <strong>piscinas para la inmersi\u00f3n en el agua del Santuario<\/strong>.\u00a0 Desde que se ha obtenido la aprobaci\u00f3n eclesi\u00e1stica, algunas veces a la semana se celebra la Liturgia de las aguas, como conclusi\u00f3n de una liturgia penitencial.<\/p>\n<\/div><\/section><\/p><\/div><\/div><!--close column table wrapper. Autoclose: 1 -->\n<\/div><\/div><div class=\"flex_cell no_margin av_one_fourth  avia-builder-el-6  el_after_av_cell_three_fourth  avia-builder-el-last   \"  style='vertical-align:top; padding:30px; background-color:#ffffff; ' ><div class='flex_cell_inner' ><p><div class=\"flex_column av_one_full  flex_column_div av-zero-column-padding first  avia-builder-el-7  el_before_av_hr  avia-builder-el-first  \" style='border-radius:0px; '><p><div  class='avia-image-container  av-styling-    avia-builder-el-8  el_before_av_image  avia-builder-el-first  avia-align-center '  itemprop=\"image\" itemscope=\"itemscope\" itemtype=\"https:\/\/schema.org\/ImageObject\"  ><div class='avia-image-container-inner'><div class='avia-image-overlay-wrap'><a href='http:\/\/www.collevalenza.it' class='avia_image' target=\"_blank\" rel=\"noopener\"><img class='wp-image-1662 avia-img-lazy-loading-not-1662 avia_image' src='http:\/\/www.amormisericordioso.org\/wn\/wp-content\/uploads\/2015\/05\/Collevalenza02.jpg' alt='' title='collevalenza02'  itemprop=\"thumbnailUrl\"  \/><\/a><\/div><\/div><\/div><br \/>\n<div  class='avia-image-container  av-styling-    avia-builder-el-9  el_after_av_image  el_before_av_image  avia-align-center '  itemprop=\"image\" itemscope=\"itemscope\" itemtype=\"https:\/\/schema.org\/ImageObject\"  ><div class='avia-image-container-inner'><div class='avia-image-overlay-wrap'><a href='http:\/\/www.amormisericordioso.org\/wn\/beata-esperanza-de-jesus\/' class='avia_image'  ><img class='wp-image-764 avia-img-lazy-loading-not-764 avia_image' src='http:\/\/www.amormisericordioso.org\/wn\/wp-content\/uploads\/2015\/10\/9con-los-brazos-abiertos-original.jpg' alt='' title='9con-los-brazos-abiertos-original'  itemprop=\"thumbnailUrl\"  \/><\/a><\/div><\/div><\/div><br \/>\n<div  class='avia-image-container  av-styling-    avia-builder-el-10  el_after_av_image  avia-builder-el-last  avia-align-center '  itemprop=\"image\" itemscope=\"itemscope\" itemtype=\"https:\/\/schema.org\/ImageObject\"  ><div class='avia-image-container-inner'><div class='avia-image-overlay-wrap'><a href='http:\/\/www.amormisericordioso.org\/wn\/familia-del-amor-misericordioso\/ubicacion-en-el-mundo\/' class='avia_image'  ><img class='wp-image-530 avia-img-lazy-loading-not-530 avia_image' src='http:\/\/www.amormisericordioso.org\/wn\/wp-content\/uploads\/2015\/05\/fam-en-el-mundo.jpg' alt='' title='fam-en-el-mundo'  itemprop=\"thumbnailUrl\"  \/><\/a><\/div><\/div><\/div><\/p><\/div><div   class='hr hr-default   avia-builder-el-11  el_after_av_one_full  el_before_av_heading '><span class='hr-inner ' ><span class='hr-inner-style'><\/span><\/span><\/div><br \/>\n<div  style='padding-bottom:10px; ' class='av-special-heading av-special-heading-h3  blockquote modern-quote  avia-builder-el-12  el_after_av_hr  el_before_av_magazine  '><h3 class='av-special-heading-tag '  itemprop=\"headline\"  >\u00daltimas noticias<\/h3><div class='special-heading-border'><div class='special-heading-inner-border' ><\/div><\/div><\/div><br \/>\n<div  id=\"1\"  class='av-magazine   avia-builder-el-13  el_after_av_heading  el_before_av_image   av-magazine-top-bar-active av-magazine-tabs-active' ><div class='av-magazine-top-bar ' ><\/div><div class='av-magazine-group sort_all'><article class='av-magazine-entry av-magazine-entry-id-2690 av-magazine-format-standard av-magazine-type-post av-magazine-entry-1 av-magazine-entry-small '  itemscope=\"itemscope\" itemtype=\"https:\/\/schema.org\/CreativeWork\" ><div class='av-magazine-thumbnail'><a href='http:\/\/www.amormisericordioso.org\/wn\/4-signos-de-esperanza-en-las-comunidades-fam-y-eam-de-fermo\/' title='Link to: 4. SIGNOS DE ESPERANZA en las comunidades FAM y EAM de Fermo' class='av-magazine-thumbnail-link '><img loading=\"lazy\" decoding=\"async\" width=\"80\" height=\"80\" src=\"http:\/\/www.amormisericordioso.org\/wn\/wp-content\/uploads\/2025\/02\/3-80x80.png\" class=\"wp-image-2669 avia-img-lazy-loading-2669 attachment-thumbnail size-thumbnail wp-post-image\" alt=\"\" srcset=\"http:\/\/www.amormisericordioso.org\/wn\/wp-content\/uploads\/2025\/02\/3-80x80.png 80w, http:\/\/www.amormisericordioso.org\/wn\/wp-content\/uploads\/2025\/02\/3-300x300.png 300w, http:\/\/www.amormisericordioso.org\/wn\/wp-content\/uploads\/2025\/02\/3-1030x1030.png 1030w, http:\/\/www.amormisericordioso.org\/wn\/wp-content\/uploads\/2025\/02\/3-768x768.png 768w, http:\/\/www.amormisericordioso.org\/wn\/wp-content\/uploads\/2025\/02\/3-36x36.png 36w, http:\/\/www.amormisericordioso.org\/wn\/wp-content\/uploads\/2025\/02\/3-180x180.png 180w, http:\/\/www.amormisericordioso.org\/wn\/wp-content\/uploads\/2025\/02\/3-705x705.png 705w, http:\/\/www.amormisericordioso.org\/wn\/wp-content\/uploads\/2025\/02\/3.png 1080w\" sizes=\"auto, (max-width: 80px) 100vw, 80px\" \/><\/a><\/div><div class='av-magazine-content-wrap'><header class='entry-content-header'><time class='av-magazine-time updated'  itemprop=\"datePublished\" datetime=\"2025-04-28T03:28:38-06:00\" >28 abril, 2025<\/time><h3 class='av-magazine-title entry-title '  itemprop=\"headline\" ><a href='http:\/\/www.amormisericordioso.org\/wn\/4-signos-de-esperanza-en-las-comunidades-fam-y-eam-de-fermo\/' title='Link to: 4. SIGNOS DE ESPERANZA en las comunidades FAM y EAM de Fermo'>4. SIGNOS DE ESPERANZA en las comunidades FAM y EAM de Fermo<\/a><\/h3><\/header><\/div><footer class='entry-footer'><\/footer><\/article><article class='av-magazine-entry av-magazine-entry-id-2681 av-magazine-format-standard av-magazine-type-post av-magazine-entry-2 av-magazine-entry-small '  itemscope=\"itemscope\" itemtype=\"https:\/\/schema.org\/CreativeWork\" ><div class='av-magazine-thumbnail'><a href='http:\/\/www.amormisericordioso.org\/wn\/3-signos-de-esperanza-en-la-comunidad-eam-de-romania\/' title='Link to: 3. SIGNOS DE ESPERANZA en la comunidad EAM de Romania' class='av-magazine-thumbnail-link '><img loading=\"lazy\" decoding=\"async\" width=\"80\" height=\"80\" src=\"http:\/\/www.amormisericordioso.org\/wn\/wp-content\/uploads\/2025\/02\/3-80x80.png\" class=\"wp-image-2669 avia-img-lazy-loading-2669 attachment-thumbnail size-thumbnail wp-post-image\" alt=\"\" srcset=\"http:\/\/www.amormisericordioso.org\/wn\/wp-content\/uploads\/2025\/02\/3-80x80.png 80w, http:\/\/www.amormisericordioso.org\/wn\/wp-content\/uploads\/2025\/02\/3-300x300.png 300w, http:\/\/www.amormisericordioso.org\/wn\/wp-content\/uploads\/2025\/02\/3-1030x1030.png 1030w, http:\/\/www.amormisericordioso.org\/wn\/wp-content\/uploads\/2025\/02\/3-768x768.png 768w, http:\/\/www.amormisericordioso.org\/wn\/wp-content\/uploads\/2025\/02\/3-36x36.png 36w, http:\/\/www.amormisericordioso.org\/wn\/wp-content\/uploads\/2025\/02\/3-180x180.png 180w, http:\/\/www.amormisericordioso.org\/wn\/wp-content\/uploads\/2025\/02\/3-705x705.png 705w, http:\/\/www.amormisericordioso.org\/wn\/wp-content\/uploads\/2025\/02\/3.png 1080w\" sizes=\"auto, (max-width: 80px) 100vw, 80px\" \/><\/a><\/div><div class='av-magazine-content-wrap'><header class='entry-content-header'><time class='av-magazine-time updated'  itemprop=\"datePublished\" datetime=\"2025-03-18T04:51:16-06:00\" >18 marzo, 2025<\/time><h3 class='av-magazine-title entry-title '  itemprop=\"headline\" ><a href='http:\/\/www.amormisericordioso.org\/wn\/3-signos-de-esperanza-en-la-comunidad-eam-de-romania\/' title='Link to: 3. SIGNOS DE ESPERANZA en la comunidad EAM de Romania'>3. SIGNOS DE ESPERANZA en la comunidad EAM de Romania<\/a><\/h3><\/header><\/div><footer class='entry-footer'><\/footer><\/article><article class='av-magazine-entry av-magazine-entry-id-2672 av-magazine-format-standard av-magazine-type-post av-magazine-entry-3 av-magazine-entry-small '  itemscope=\"itemscope\" itemtype=\"https:\/\/schema.org\/CreativeWork\" ><div class='av-magazine-thumbnail'><a href='http:\/\/www.amormisericordioso.org\/wn\/2-signos-de-esperanza-en-la-comunidad-fam-de-romania\/' title='Link to: 2. SIGNOS DE ESPERANZA en la comunidad FAM de Romania' class='av-magazine-thumbnail-link '><img loading=\"lazy\" decoding=\"async\" width=\"80\" height=\"80\" src=\"http:\/\/www.amormisericordioso.org\/wn\/wp-content\/uploads\/2025\/02\/3-80x80.png\" class=\"wp-image-2669 avia-img-lazy-loading-2669 attachment-thumbnail size-thumbnail wp-post-image\" alt=\"\" srcset=\"http:\/\/www.amormisericordioso.org\/wn\/wp-content\/uploads\/2025\/02\/3-80x80.png 80w, http:\/\/www.amormisericordioso.org\/wn\/wp-content\/uploads\/2025\/02\/3-300x300.png 300w, http:\/\/www.amormisericordioso.org\/wn\/wp-content\/uploads\/2025\/02\/3-1030x1030.png 1030w, http:\/\/www.amormisericordioso.org\/wn\/wp-content\/uploads\/2025\/02\/3-768x768.png 768w, http:\/\/www.amormisericordioso.org\/wn\/wp-content\/uploads\/2025\/02\/3-36x36.png 36w, http:\/\/www.amormisericordioso.org\/wn\/wp-content\/uploads\/2025\/02\/3-180x180.png 180w, http:\/\/www.amormisericordioso.org\/wn\/wp-content\/uploads\/2025\/02\/3-705x705.png 705w, http:\/\/www.amormisericordioso.org\/wn\/wp-content\/uploads\/2025\/02\/3.png 1080w\" sizes=\"auto, (max-width: 80px) 100vw, 80px\" \/><\/a><\/div><div class='av-magazine-content-wrap'><header class='entry-content-header'><time class='av-magazine-time updated'  itemprop=\"datePublished\" datetime=\"2025-03-18T04:42:24-06:00\" >18 marzo, 2025<\/time><h3 class='av-magazine-title entry-title '  itemprop=\"headline\" ><a href='http:\/\/www.amormisericordioso.org\/wn\/2-signos-de-esperanza-en-la-comunidad-fam-de-romania\/' title='Link to: 2. SIGNOS DE ESPERANZA en la comunidad FAM de Romania'>2. SIGNOS DE ESPERANZA en la comunidad FAM de Romania<\/a><\/h3><\/header><\/div><footer class='entry-footer'><\/footer><\/article><article class='av-magazine-entry av-magazine-entry-id-2666 av-magazine-format-standard av-magazine-type-post av-magazine-entry-4 av-magazine-entry-small '  itemscope=\"itemscope\" itemtype=\"https:\/\/schema.org\/CreativeWork\" ><div class='av-magazine-thumbnail'><a href='http:\/\/www.amormisericordioso.org\/wn\/1-todo-por-amor-abrazar-a-los-hermanos-y-hermanas-con-amor-y-misericordia\/' title='Link to: 1. TODO POR AMOR: abrazar a los hermanos y hermanas con amor y misericordia' class='av-magazine-thumbnail-link '><img loading=\"lazy\" decoding=\"async\" width=\"80\" height=\"80\" src=\"http:\/\/www.amormisericordioso.org\/wn\/wp-content\/uploads\/2025\/02\/3-80x80.png\" class=\"wp-image-2669 avia-img-lazy-loading-2669 attachment-thumbnail size-thumbnail wp-post-image\" alt=\"\" srcset=\"http:\/\/www.amormisericordioso.org\/wn\/wp-content\/uploads\/2025\/02\/3-80x80.png 80w, http:\/\/www.amormisericordioso.org\/wn\/wp-content\/uploads\/2025\/02\/3-300x300.png 300w, http:\/\/www.amormisericordioso.org\/wn\/wp-content\/uploads\/2025\/02\/3-1030x1030.png 1030w, http:\/\/www.amormisericordioso.org\/wn\/wp-content\/uploads\/2025\/02\/3-768x768.png 768w, http:\/\/www.amormisericordioso.org\/wn\/wp-content\/uploads\/2025\/02\/3-36x36.png 36w, http:\/\/www.amormisericordioso.org\/wn\/wp-content\/uploads\/2025\/02\/3-180x180.png 180w, http:\/\/www.amormisericordioso.org\/wn\/wp-content\/uploads\/2025\/02\/3-705x705.png 705w, http:\/\/www.amormisericordioso.org\/wn\/wp-content\/uploads\/2025\/02\/3.png 1080w\" sizes=\"auto, (max-width: 80px) 100vw, 80px\" \/><\/a><\/div><div class='av-magazine-content-wrap'><header class='entry-content-header'><time class='av-magazine-time updated'  itemprop=\"datePublished\" datetime=\"2025-02-15T01:15:48-06:00\" >15 febrero, 2025<\/time><h3 class='av-magazine-title entry-title '  itemprop=\"headline\" ><a href='http:\/\/www.amormisericordioso.org\/wn\/1-todo-por-amor-abrazar-a-los-hermanos-y-hermanas-con-amor-y-misericordia\/' title='Link to: 1. TODO POR AMOR: abrazar a los hermanos y hermanas con amor y misericordia'>1. TODO POR AMOR: abrazar a los hermanos y hermanas con amor y misericordia<\/a><\/h3><\/header><\/div><footer class='entry-footer'><\/footer><\/article><article class='av-magazine-entry av-magazine-entry-id-2662 av-magazine-format-standard av-magazine-type-post av-magazine-entry-5 av-magazine-entry-small '  itemscope=\"itemscope\" itemtype=\"https:\/\/schema.org\/CreativeWork\" ><div class='av-magazine-thumbnail'><a href='http:\/\/www.amormisericordioso.org\/wn\/xiii-capitulo-general-eam-comunicado-n-7\/' title='Link to: XIII Cap\u00ectulo General EAM &#8211; Comunicado n\u00b0 7' class='av-magazine-thumbnail-link '><img loading=\"lazy\" decoding=\"async\" width=\"80\" height=\"80\" src=\"http:\/\/www.amormisericordioso.org\/wn\/wp-content\/uploads\/2022\/02\/17-80x80.png\" class=\"wp-image-2632 avia-img-lazy-loading-2632 attachment-thumbnail size-thumbnail wp-post-image\" alt=\"\" srcset=\"http:\/\/www.amormisericordioso.org\/wn\/wp-content\/uploads\/2022\/02\/17-80x80.png 80w, http:\/\/www.amormisericordioso.org\/wn\/wp-content\/uploads\/2022\/02\/17-300x300.png 300w, http:\/\/www.amormisericordioso.org\/wn\/wp-content\/uploads\/2022\/02\/17-1030x1030.png 1030w, http:\/\/www.amormisericordioso.org\/wn\/wp-content\/uploads\/2022\/02\/17-768x768.png 768w, http:\/\/www.amormisericordioso.org\/wn\/wp-content\/uploads\/2022\/02\/17-36x36.png 36w, http:\/\/www.amormisericordioso.org\/wn\/wp-content\/uploads\/2022\/02\/17-180x180.png 180w, http:\/\/www.amormisericordioso.org\/wn\/wp-content\/uploads\/2022\/02\/17-705x705.png 705w, http:\/\/www.amormisericordioso.org\/wn\/wp-content\/uploads\/2022\/02\/17.png 1080w\" sizes=\"auto, (max-width: 80px) 100vw, 80px\" \/><\/a><\/div><div class='av-magazine-content-wrap'><header class='entry-content-header'><time class='av-magazine-time updated'  itemprop=\"datePublished\" datetime=\"2022-02-22T07:27:55-06:00\" >22 febrero, 2022<\/time><h3 class='av-magazine-title entry-title '  itemprop=\"headline\" ><a href='http:\/\/www.amormisericordioso.org\/wn\/xiii-capitulo-general-eam-comunicado-n-7\/' title='Link to: XIII Cap\u00ectulo General EAM &#8211; Comunicado n\u00b0 7'>XIII Cap\u00ectulo General EAM &#8211; Comunicado n\u00b0 7<\/a><\/h3><\/header><\/div><footer class='entry-footer'><\/footer><\/article><\/div><\/div><br \/>\n<div  class='avia-image-container  av-styling-    avia-builder-el-14  el_after_av_magazine  avia-builder-el-last  avia-align-center '  itemprop=\"image\" itemscope=\"itemscope\" itemtype=\"https:\/\/schema.org\/ImageObject\"  ><div class='avia-image-container-inner'><div class='avia-image-overlay-wrap'><a href='http:\/\/www.amormisericordioso.org\/wn\/multimedia\/' class='avia_image'  ><img class='wp-image-596 avia-img-lazy-loading-not-596 avia_image' src='http:\/\/www.amormisericordioso.org\/wn\/wp-content\/uploads\/2015\/05\/banner-galeria-secciones.png' alt='' title='banner-galeria-secciones'  itemprop=\"thumbnailUrl\"  \/><\/a><\/div><\/div><\/div><\/p>\n<\/div><\/div><\/div>\n","protected":false},"excerpt":{"rendered":"","protected":false},"author":1,"featured_media":946,"parent":0,"menu_order":0,"comment_status":"closed","ping_status":"closed","template":"","meta":{"_bbp_topic_count":0,"_bbp_reply_count":0,"_bbp_total_topic_count":0,"_bbp_total_reply_count":0,"_bbp_voice_count":0,"_bbp_anonymous_reply_count":0,"_bbp_topic_count_hidden":0,"_bbp_reply_count_hidden":0,"_bbp_forum_subforum_count":0,"_exactmetrics_skip_tracking":false,"_exactmetrics_sitenote_active":false,"_exactmetrics_sitenote_note":"","_exactmetrics_sitenote_category":0,"footnotes":""},"class_list":["post-969","page","type-page","status-publish","has-post-thumbnail","hentry"],"_links":{"self":[{"href":"http:\/\/www.amormisericordioso.org\/wn\/wp-json\/wp\/v2\/pages\/969","targetHints":{"allow":["GET"]}}],"collection":[{"href":"http:\/\/www.amormisericordioso.org\/wn\/wp-json\/wp\/v2\/pages"}],"about":[{"href":"http:\/\/www.amormisericordioso.org\/wn\/wp-json\/wp\/v2\/types\/page"}],"author":[{"embeddable":true,"href":"http:\/\/www.amormisericordioso.org\/wn\/wp-json\/wp\/v2\/users\/1"}],"replies":[{"embeddable":true,"href":"http:\/\/www.amormisericordioso.org\/wn\/wp-json\/wp\/v2\/comments?post=969"}],"version-history":[{"count":6,"href":"http:\/\/www.amormisericordioso.org\/wn\/wp-json\/wp\/v2\/pages\/969\/revisions"}],"predecessor-version":[{"id":2009,"href":"http:\/\/www.amormisericordioso.org\/wn\/wp-json\/wp\/v2\/pages\/969\/revisions\/2009"}],"wp:featuredmedia":[{"embeddable":true,"href":"http:\/\/www.amormisericordioso.org\/wn\/wp-json\/wp\/v2\/media\/946"}],"wp:attachment":[{"href":"http:\/\/www.amormisericordioso.org\/wn\/wp-json\/wp\/v2\/media?parent=969"}],"curies":[{"name":"wp","href":"https:\/\/api.w.org\/{rel}","templated":true}]}}