{"id":1199,"date":"2016-09-17T06:06:30","date_gmt":"2016-09-17T12:06:30","guid":{"rendered":"http:\/\/gananegocio.com\/fam\/?page_id=1199"},"modified":"2019-06-01T19:40:25","modified_gmt":"2019-06-02T01:40:25","slug":"eam-hilamas","status":"publish","type":"page","link":"http:\/\/www.amormisericordioso.org\/wn\/familia-del-amor-misericordioso\/ubicacion-en-el-mundo\/eam-hilamas\/","title":{"rendered":"EAM &#8211; Hilamas"},"content":{"rendered":"<div id='av-layout-grid-1'  class='av-layout-grid-container entry-content-wrapper main_color av-flex-cells     avia-builder-el-0  avia-builder-el-no-sibling  container_wrap sidebar_right' style=' '  >\n<div class=\"flex_cell no_margin av_three_fourth  avia-builder-el-1  el_before_av_cell_one_fourth  avia-builder-el-first   \"  style='vertical-align:top; padding:30px; background-color:#ffffff; ' ><div class='flex_cell_inner' ><div class='flex_column_table av-equal-height-column-flextable -flextable' style='margin-top:-60px; margin-bottom:0px; '><div class=\"flex_column av_one_full  no_margin flex_column_table_cell av-equal-height-column av-align-top first  avia-builder-el-2  avia-builder-el-no-sibling  \" style='padding:30px; background-color:#ffffff; border-radius:0px; '><p><div  style='padding-bottom:0px; ' class='av-special-heading av-special-heading-h1  blockquote modern-quote  avia-builder-el-3  el_before_av_textblock  avia-builder-el-first  '><h1 class='av-special-heading-tag '  itemprop=\"headline\"  >EAM &#8211; Hilamas <\/h1><div class='special-heading-border'><div class='special-heading-inner-border' ><\/div><\/div><\/div><br \/>\n<section class=\"av_textblock_section \"  itemscope=\"itemscope\" itemtype=\"https:\/\/schema.org\/CreativeWork\" ><div class='avia_textblock  '  style='font-size:18px; '  itemprop=\"text\" ><p><img loading=\"lazy\" decoding=\"async\" class=\"alignleft\" src=\"http:\/\/www.amormisericordioso.org\/ws\/images\/articles\/109\/DSCN4821-medium.jpg\" alt=\"\" width=\"325\" height=\"244\" align=\"left\" hspace=\"10\" vspace=\"10\" \/><\/p>\n<p><b>Esclavas del Amor Misericordioso<br \/>\n<\/b><\/p>\n<p class=\"p1\"><span class=\"s1\"> C\/ Jovita Medina, 116-118 <\/span><\/p>\n<p class=\"p1\"><span class=\"s1\"> Colonia Le\u00f3n II <\/span><\/p>\n<p class=\"p1\"><span class=\"s1\"> 37407 &#8211; Le\u00f3n &#8211; Guanajuato<\/span><\/p>\n<p class=\"p1\"><span class=\"s1\"> M\u00e9xico<\/span><\/p>\n<p class=\"p1\"><span class=\"s1\"><i> Tel.<\/i> (0052) 477 7587004 <\/span><\/p>\n<p class=\"p1\"><span class=\"s1\"><i> E-mail: <\/i>esperanzaamor@prodigy.net.mx<\/span><\/p>\n<p align=\"justify\">El 22 de octubre del a\u00f1o 2000, llegaron desde Espa\u00f1a tres hermanas a esta Colonia de las Hilamas, formando as\u00ed la primera comunidad misionera en tierras mexicanas para seguir extendiendo por el mundo el amor y misericordia de Dios Padre a trav\u00e9s de la inserci\u00f3n entre las personas m\u00e1s humildes, acogi\u00e9ndolas, respet\u00e1ndolas, impulsando la promoci\u00f3n humana y cristiana, pero de manera especial en el anuncio y testimonio directo, teniendo como misi\u00f3n prioritaria y central la colaboraci\u00f3n en <b>LA PARROQUIA DEL<\/b><b> SE\u00d1OR DE LAS HILAMAS<\/b> en las diferentes \u00e1reas donde todas estamos involucradas como coordinadoras o asesoras.<\/p>\n<p align=\"justify\">Actualmente estamos 4 hermanas y adem\u00e1s la comunidad est\u00e1 siempre abierta y deseosa de compartir la vocaci\u00f3n de ser amor y misericordia con las j\u00f3venes que tengan inquietud de acercarse a Jes\u00fas Amor Misericordioso, conocerle y ponerse a su servicio, siendo acompa\u00f1adas en esta bonita aventura desde las primeras etapas formativas: promoci\u00f3n vocacional, aspirantado y prenoviciado.<\/p>\n<p align=\"justify\">Pasamos a compartir las distintas \u00e1reas donde estamos trabajando:<\/p>\n<p align=\"justify\">El \u00e1rea de <b>la CATEQUESIS<\/b> es la parte m\u00e1s fuerte de la actividad parroquial, llevada en diversos niveles, Pre-comuni\u00f3n, 1\u00aa Comuni\u00f3n, Pos-comuni\u00f3n, Confirmaci\u00f3n y Pos-confirmaci\u00f3n.<\/p>\n<p align=\"justify\"><img loading=\"lazy\" decoding=\"async\" class=\"alignright\" src=\"http:\/\/www.amormisericordioso.org\/ws\/images\/articles\/109\/DSCN0111.JPG\" alt=\"\" width=\"236\" height=\"156\" align=\"right\" border=\"0\" hspace=\"5\" vspace=\"5\" \/>Una de las hermanas lleva la coordinaci\u00f3n de la misma a trav\u00e9s de reuniones y formaci\u00f3n semanal con un grupo de m\u00e1s de 50 catequistas; haciendo la programaci\u00f3n de todos los niveles, contenidos y horarios para el curso de catequesis. Convocando a los pap\u00e1s de los ni\u00f1os de los distintos niveles para ofrecerles formaci\u00f3n e informaciones oportunas; preparando y organizando tambi\u00e9n todas la ceremonias para recibir los sacramentos de la reconciliaci\u00f3n, primera comuni\u00f3n, confirmaci\u00f3n y otros acontecimientos y actividades que se realizan a lo largo del a\u00f1o, como son el d\u00eda del ni\u00f1o, las posadas en navidad, retiros, etc.\u00a0 Todo esto en comuni\u00f3n con otras parroquias integradas en el mismo Decanato.<\/p>\n<p align=\"justify\">Para responder mejor en <b>la LITURGIA<\/b><b>DOMINICAL<\/b>, se acompa\u00f1a semanalmente a un equipo de liturgia en su formaci\u00f3n y organizaci\u00f3n para servir en las misas dominicales y otras celebraciones solemnes. As\u00ed como en al formaci\u00f3n de los ni\u00f1os\/as ac\u00f3litos.<\/p>\n<p align=\"justify\"><img loading=\"lazy\" decoding=\"async\" class=\"alignleft\" src=\"http:\/\/www.amormisericordioso.org\/ws\/images\/articles\/109\/ALAM%20Mexico.jpg\" alt=\"\" width=\"223\" height=\"184\" align=\"left\" border=\"0\" hspace=\"5\" vspace=\"5\" \/>Nuestra Arquidi\u00f3cesis de Le\u00f3n, lleva unos a\u00f1os en la\u00a0 realizaci\u00f3n y puesta en pr\u00e1ctica del Plan Diocesano de Pastoral, invit\u00e1ndonos a dar prioridad a la FORMACI\u00d3N DE LOS AGENTES DE PASTORAL es as\u00ed que nuestra parroquia est\u00e1 dando respuesta a esta invitaci\u00f3n desde hace dos a\u00f1os, estando una de las hermanas al frente de dicha escuela para preparar y realizar los retiros kerigm\u00e1ticos (requisito necesario para iniciarse en la formaci\u00f3n); en la programaci\u00f3n de temarios, maestros, proporcionar materiales, preparar ex\u00e1menes, retiros, fiestas; en el seguimientos de los alumnos; en la participaci\u00f3n de las reuniones del Decanato una vez al mes, etc.<\/p>\n<p align=\"justify\">Valoramos que <b>la PASTORAL<\/b><b> SOCIAL<\/b>, va mucho m\u00e1s all\u00e1 de todo lo organizado y planeado, estando siempre abiertas a las necesidades emergentes que van surgiendo en las personas de nuestro entorno \u00a0que con sencillez y confianza llaman a nuestra puerta. No obstante se responde desde la coordinaci\u00f3n de las pastoral social a una serie de actividades:<\/p>\n<p align=\"justify\">Responsabilidad y puesta en marcha de una Cocina (comida ya preparada), a disposici\u00f3n de familias de bajos recursos, dos d\u00edas a la semana.<\/p>\n<p align=\"justify\">Los terceros Domingos de cada mes, se visita un centro de Rehabilitaci\u00f3n de drogadictos, para compartir con ellos la Palabra de Dios y un almuerzo.<\/p>\n<p align=\"justify\"><img loading=\"lazy\" decoding=\"async\" class=\"alignright\" src=\"http:\/\/www.amormisericordioso.org\/ws\/images\/articles\/109\/Comedor%20para%20pobres.JPG\" alt=\"\" width=\"239\" height=\"180\" align=\"right\" border=\"0\" hspace=\"5\" vspace=\"5\" \/>Se visitan a los enfermos de la comunidad parroquial y se les lleva la comuni\u00f3n.<\/p>\n<p align=\"justify\">El cuarto Domingo de cada mes, se re\u00fane a los ancianos y enfermos de la comunidad para participar de la misa y compartir con ellos \u00a0un almuerzo en un ambiente de fiesta con algunos j\u00f3venes.<\/p>\n<p align=\"justify\">Llegamos tambi\u00e9n a estar cerca de las<b> FAMILIAS<\/b> a trav\u00e9s del Movimiento Familiar Cristiano, participando de las reuniones, asesorando, visitando los grupos en los distintos ciclos de formaci\u00f3n, facilitando la parte espiritual para las horas santas en la parroquia. Estando cerca de un grupo de \u201cmam\u00e1s responsables\u201d (madres solteras o mam\u00e1s que llevan adelante el hogar sin la presencia de la figura paterna por diferentes circunstancias), ellas tambi\u00e9n reciben una formaci\u00f3n durante dos ciclos.<\/p>\n<p align=\"justify\">Nos ocupamos, junto con un equipo bien preparado, de formar a las parejas de novios que solicitan el Sacramento del Matrimonio, impartiendo los cursos de <b>PRE-MATRIMONIALES, <\/b>as\u00ed como en la formaci\u00f3n y preparaci\u00f3n al interno del mismo equipo.<\/p>\n<p align=\"justify\">Tambi\u00e9n nos hacemos presentes en la parroquia en el sector de adolescentes y j\u00f3venes para participar en actividades como Retiros Kerigm\u00e1ticos, marchas juveniles, cuaresmales, horas santas y temas de formaci\u00f3n, as\u00ed como en la acogida y escucha a trav\u00e9s de entrevistas personales.<\/p>\n<p align=\"justify\"><img loading=\"lazy\" decoding=\"async\" class=\"alignleft\" src=\"http:\/\/www.amormisericordioso.org\/ws\/images\/articles\/109\/Mision%20Semana%20Santa.jpg\" alt=\"\" width=\"250\" height=\"173\" align=\"left\" border=\"0\" hspace=\"5\" vspace=\"5\" \/>En <b>Colaboraci\u00f3n con nuestros hermanos los Hijos del Amor Misericordioso<\/b>, la comunidad de las Esclavas tambi\u00e9n est\u00e1 presente en la formaci\u00f3n de nuevos grupos de los Laicos del Amor Misericordioso, as\u00ed como de la formaci\u00f3n permanente de quienes ya han hecho la adhesi\u00f3n.<\/p>\n<p align=\"justify\">Tambi\u00e9n aunamos fuerzas en la actividad de la promoci\u00f3n vocacional con encuentros de retiros, formaci\u00f3n y acompa\u00f1amiento personal para ayudar en el discernimiento vocacional de los j\u00f3venes.<\/p>\n<p align=\"justify\">Desde hace algunos a\u00f1os, estamos presentes con los j\u00f3venes misioneros del amor misericordioso (JOMIAM) para apoyar y estar con todos ellos en la misi\u00f3n y en todo lo que conlleva los preparativos, aventur\u00e1ndonos m\u00e1s all\u00e1 de nuestros apostolados cotidianos, para dar la oportunidad a los mismos j\u00f3venes de ser testigos y evangelizadores de la Buena Nueva.<\/p>\n<p align=\"justify\">Damos gracias a Dios porque nos llam\u00f3 a ser disc\u00edpulas y misioneras del amor misericordioso en estas tierras mexicanas y a los mexicanos que nos reciben con tanto cari\u00f1o.<\/p>\n<\/div><\/section><\/p><\/div><\/div><!--close column table wrapper. Autoclose: 1 -->\n<\/div><\/div><div class=\"flex_cell no_margin av_one_fourth  avia-builder-el-5  el_after_av_cell_three_fourth  avia-builder-el-last   \"  style='vertical-align:top; padding:30px; background-color:#ffffff; ' ><div class='flex_cell_inner' ><p><div  class='avia-image-container  av-styling-    avia-builder-el-6  el_before_av_image  avia-builder-el-first  avia-align-center '  itemprop=\"image\" itemscope=\"itemscope\" itemtype=\"https:\/\/schema.org\/ImageObject\"  ><div class='avia-image-container-inner'><div class='avia-image-overlay-wrap'><img class='wp-image-532 avia-img-lazy-loading-not-532 avia_image' src='http:\/\/www.amormisericordioso.org\/wn\/wp-content\/uploads\/2015\/05\/madre1.jpg' alt='' title='madre1' height=\"339\" width=\"624\"  itemprop=\"thumbnailUrl\"  \/><\/div><\/div><\/div><br \/>\n<div  class='avia-image-container  av-styling-    avia-builder-el-7  el_after_av_image  el_before_av_image  avia-align-center '  itemprop=\"image\" itemscope=\"itemscope\" itemtype=\"https:\/\/schema.org\/ImageObject\"  ><div class='avia-image-container-inner'><div class='avia-image-overlay-wrap'><img class='wp-image-531 avia-img-lazy-loading-not-531 avia_image' src='http:\/\/www.amormisericordioso.org\/wn\/wp-content\/uploads\/2015\/05\/fammuchos.jpg' alt='' title='fammuchos' height=\"339\" width=\"624\"  itemprop=\"thumbnailUrl\"  \/><\/div><\/div><\/div><br \/>\n<div  class='avia-image-container  av-styling-    avia-builder-el-8  el_after_av_image  el_before_av_hr  avia-align-center '  itemprop=\"image\" itemscope=\"itemscope\" itemtype=\"https:\/\/schema.org\/ImageObject\"  ><div class='avia-image-container-inner'><div class='avia-image-overlay-wrap'><img class='wp-image-530 avia-img-lazy-loading-not-530 avia_image' src='http:\/\/www.amormisericordioso.org\/wn\/wp-content\/uploads\/2015\/05\/fam-en-el-mundo.jpg' alt='' title='fam-en-el-mundo' height=\"339\" width=\"618\"  itemprop=\"thumbnailUrl\"  \/><\/div><\/div><\/div><br \/>\n<div   class='hr hr-default   avia-builder-el-9  el_after_av_image  el_before_av_heading '><span class='hr-inner ' ><span class='hr-inner-style'><\/span><\/span><\/div><br \/>\n<div  style='padding-bottom:10px; ' class='av-special-heading av-special-heading-h3  blockquote modern-quote  avia-builder-el-10  el_after_av_hr  el_before_av_magazine  '><h3 class='av-special-heading-tag '  itemprop=\"headline\"  >\u00daltimas noticias<\/h3><div class='special-heading-border'><div class='special-heading-inner-border' ><\/div><\/div><\/div><br \/>\n<div  id=\"1\"  class='av-magazine   avia-builder-el-11  el_after_av_heading  el_before_av_image   av-magazine-top-bar-active av-magazine-tabs-active' ><div class='av-magazine-top-bar ' ><\/div><div class='av-magazine-group sort_all'><article class='av-magazine-entry av-magazine-entry-id-2690 av-magazine-format-standard av-magazine-type-post av-magazine-entry-1 av-magazine-entry-small '  itemscope=\"itemscope\" itemtype=\"https:\/\/schema.org\/CreativeWork\" ><div class='av-magazine-thumbnail'><a href='http:\/\/www.amormisericordioso.org\/wn\/4-signos-de-esperanza-en-las-comunidades-fam-y-eam-de-fermo\/' title='Link to: 4. SIGNOS DE ESPERANZA en las comunidades FAM y EAM de Fermo' class='av-magazine-thumbnail-link '><img loading=\"lazy\" decoding=\"async\" width=\"80\" height=\"80\" src=\"http:\/\/www.amormisericordioso.org\/wn\/wp-content\/uploads\/2025\/02\/3-80x80.png\" class=\"wp-image-2669 avia-img-lazy-loading-2669 attachment-thumbnail size-thumbnail wp-post-image\" alt=\"\" srcset=\"http:\/\/www.amormisericordioso.org\/wn\/wp-content\/uploads\/2025\/02\/3-80x80.png 80w, http:\/\/www.amormisericordioso.org\/wn\/wp-content\/uploads\/2025\/02\/3-300x300.png 300w, http:\/\/www.amormisericordioso.org\/wn\/wp-content\/uploads\/2025\/02\/3-1030x1030.png 1030w, http:\/\/www.amormisericordioso.org\/wn\/wp-content\/uploads\/2025\/02\/3-768x768.png 768w, http:\/\/www.amormisericordioso.org\/wn\/wp-content\/uploads\/2025\/02\/3-36x36.png 36w, http:\/\/www.amormisericordioso.org\/wn\/wp-content\/uploads\/2025\/02\/3-180x180.png 180w, http:\/\/www.amormisericordioso.org\/wn\/wp-content\/uploads\/2025\/02\/3-705x705.png 705w, http:\/\/www.amormisericordioso.org\/wn\/wp-content\/uploads\/2025\/02\/3.png 1080w\" sizes=\"auto, (max-width: 80px) 100vw, 80px\" \/><\/a><\/div><div class='av-magazine-content-wrap'><header class='entry-content-header'><time class='av-magazine-time updated'  itemprop=\"datePublished\" datetime=\"2025-04-28T03:28:38-06:00\" >28 abril, 2025<\/time><h3 class='av-magazine-title entry-title '  itemprop=\"headline\" ><a href='http:\/\/www.amormisericordioso.org\/wn\/4-signos-de-esperanza-en-las-comunidades-fam-y-eam-de-fermo\/' title='Link to: 4. SIGNOS DE ESPERANZA en las comunidades FAM y EAM de Fermo'>4. SIGNOS DE ESPERANZA en las comunidades FAM y EAM de Fermo<\/a><\/h3><\/header><\/div><footer class='entry-footer'><\/footer><\/article><article class='av-magazine-entry av-magazine-entry-id-2681 av-magazine-format-standard av-magazine-type-post av-magazine-entry-2 av-magazine-entry-small '  itemscope=\"itemscope\" itemtype=\"https:\/\/schema.org\/CreativeWork\" ><div class='av-magazine-thumbnail'><a href='http:\/\/www.amormisericordioso.org\/wn\/3-signos-de-esperanza-en-la-comunidad-eam-de-romania\/' title='Link to: 3. SIGNOS DE ESPERANZA en la comunidad EAM de Romania' class='av-magazine-thumbnail-link '><img loading=\"lazy\" decoding=\"async\" width=\"80\" height=\"80\" src=\"http:\/\/www.amormisericordioso.org\/wn\/wp-content\/uploads\/2025\/02\/3-80x80.png\" class=\"wp-image-2669 avia-img-lazy-loading-2669 attachment-thumbnail size-thumbnail wp-post-image\" alt=\"\" srcset=\"http:\/\/www.amormisericordioso.org\/wn\/wp-content\/uploads\/2025\/02\/3-80x80.png 80w, http:\/\/www.amormisericordioso.org\/wn\/wp-content\/uploads\/2025\/02\/3-300x300.png 300w, http:\/\/www.amormisericordioso.org\/wn\/wp-content\/uploads\/2025\/02\/3-1030x1030.png 1030w, http:\/\/www.amormisericordioso.org\/wn\/wp-content\/uploads\/2025\/02\/3-768x768.png 768w, http:\/\/www.amormisericordioso.org\/wn\/wp-content\/uploads\/2025\/02\/3-36x36.png 36w, http:\/\/www.amormisericordioso.org\/wn\/wp-content\/uploads\/2025\/02\/3-180x180.png 180w, http:\/\/www.amormisericordioso.org\/wn\/wp-content\/uploads\/2025\/02\/3-705x705.png 705w, http:\/\/www.amormisericordioso.org\/wn\/wp-content\/uploads\/2025\/02\/3.png 1080w\" sizes=\"auto, (max-width: 80px) 100vw, 80px\" \/><\/a><\/div><div class='av-magazine-content-wrap'><header class='entry-content-header'><time class='av-magazine-time updated'  itemprop=\"datePublished\" datetime=\"2025-03-18T04:51:16-06:00\" >18 marzo, 2025<\/time><h3 class='av-magazine-title entry-title '  itemprop=\"headline\" ><a href='http:\/\/www.amormisericordioso.org\/wn\/3-signos-de-esperanza-en-la-comunidad-eam-de-romania\/' title='Link to: 3. SIGNOS DE ESPERANZA en la comunidad EAM de Romania'>3. SIGNOS DE ESPERANZA en la comunidad EAM de Romania<\/a><\/h3><\/header><\/div><footer class='entry-footer'><\/footer><\/article><article class='av-magazine-entry av-magazine-entry-id-2672 av-magazine-format-standard av-magazine-type-post av-magazine-entry-3 av-magazine-entry-small '  itemscope=\"itemscope\" itemtype=\"https:\/\/schema.org\/CreativeWork\" ><div class='av-magazine-thumbnail'><a href='http:\/\/www.amormisericordioso.org\/wn\/2-signos-de-esperanza-en-la-comunidad-fam-de-romania\/' title='Link to: 2. SIGNOS DE ESPERANZA en la comunidad FAM de Romania' class='av-magazine-thumbnail-link '><img loading=\"lazy\" decoding=\"async\" width=\"80\" height=\"80\" src=\"http:\/\/www.amormisericordioso.org\/wn\/wp-content\/uploads\/2025\/02\/3-80x80.png\" class=\"wp-image-2669 avia-img-lazy-loading-2669 attachment-thumbnail size-thumbnail wp-post-image\" alt=\"\" srcset=\"http:\/\/www.amormisericordioso.org\/wn\/wp-content\/uploads\/2025\/02\/3-80x80.png 80w, http:\/\/www.amormisericordioso.org\/wn\/wp-content\/uploads\/2025\/02\/3-300x300.png 300w, http:\/\/www.amormisericordioso.org\/wn\/wp-content\/uploads\/2025\/02\/3-1030x1030.png 1030w, http:\/\/www.amormisericordioso.org\/wn\/wp-content\/uploads\/2025\/02\/3-768x768.png 768w, http:\/\/www.amormisericordioso.org\/wn\/wp-content\/uploads\/2025\/02\/3-36x36.png 36w, http:\/\/www.amormisericordioso.org\/wn\/wp-content\/uploads\/2025\/02\/3-180x180.png 180w, http:\/\/www.amormisericordioso.org\/wn\/wp-content\/uploads\/2025\/02\/3-705x705.png 705w, http:\/\/www.amormisericordioso.org\/wn\/wp-content\/uploads\/2025\/02\/3.png 1080w\" sizes=\"auto, (max-width: 80px) 100vw, 80px\" \/><\/a><\/div><div class='av-magazine-content-wrap'><header class='entry-content-header'><time class='av-magazine-time updated'  itemprop=\"datePublished\" datetime=\"2025-03-18T04:42:24-06:00\" >18 marzo, 2025<\/time><h3 class='av-magazine-title entry-title '  itemprop=\"headline\" ><a href='http:\/\/www.amormisericordioso.org\/wn\/2-signos-de-esperanza-en-la-comunidad-fam-de-romania\/' title='Link to: 2. SIGNOS DE ESPERANZA en la comunidad FAM de Romania'>2. SIGNOS DE ESPERANZA en la comunidad FAM de Romania<\/a><\/h3><\/header><\/div><footer class='entry-footer'><\/footer><\/article><article class='av-magazine-entry av-magazine-entry-id-2666 av-magazine-format-standard av-magazine-type-post av-magazine-entry-4 av-magazine-entry-small '  itemscope=\"itemscope\" itemtype=\"https:\/\/schema.org\/CreativeWork\" ><div class='av-magazine-thumbnail'><a href='http:\/\/www.amormisericordioso.org\/wn\/1-todo-por-amor-abrazar-a-los-hermanos-y-hermanas-con-amor-y-misericordia\/' title='Link to: 1. TODO POR AMOR: abrazar a los hermanos y hermanas con amor y misericordia' class='av-magazine-thumbnail-link '><img loading=\"lazy\" decoding=\"async\" width=\"80\" height=\"80\" src=\"http:\/\/www.amormisericordioso.org\/wn\/wp-content\/uploads\/2025\/02\/3-80x80.png\" class=\"wp-image-2669 avia-img-lazy-loading-2669 attachment-thumbnail size-thumbnail wp-post-image\" alt=\"\" srcset=\"http:\/\/www.amormisericordioso.org\/wn\/wp-content\/uploads\/2025\/02\/3-80x80.png 80w, http:\/\/www.amormisericordioso.org\/wn\/wp-content\/uploads\/2025\/02\/3-300x300.png 300w, http:\/\/www.amormisericordioso.org\/wn\/wp-content\/uploads\/2025\/02\/3-1030x1030.png 1030w, http:\/\/www.amormisericordioso.org\/wn\/wp-content\/uploads\/2025\/02\/3-768x768.png 768w, http:\/\/www.amormisericordioso.org\/wn\/wp-content\/uploads\/2025\/02\/3-36x36.png 36w, http:\/\/www.amormisericordioso.org\/wn\/wp-content\/uploads\/2025\/02\/3-180x180.png 180w, http:\/\/www.amormisericordioso.org\/wn\/wp-content\/uploads\/2025\/02\/3-705x705.png 705w, http:\/\/www.amormisericordioso.org\/wn\/wp-content\/uploads\/2025\/02\/3.png 1080w\" sizes=\"auto, (max-width: 80px) 100vw, 80px\" \/><\/a><\/div><div class='av-magazine-content-wrap'><header class='entry-content-header'><time class='av-magazine-time updated'  itemprop=\"datePublished\" datetime=\"2025-02-15T01:15:48-06:00\" >15 febrero, 2025<\/time><h3 class='av-magazine-title entry-title '  itemprop=\"headline\" ><a href='http:\/\/www.amormisericordioso.org\/wn\/1-todo-por-amor-abrazar-a-los-hermanos-y-hermanas-con-amor-y-misericordia\/' title='Link to: 1. TODO POR AMOR: abrazar a los hermanos y hermanas con amor y misericordia'>1. TODO POR AMOR: abrazar a los hermanos y hermanas con amor y misericordia<\/a><\/h3><\/header><\/div><footer class='entry-footer'><\/footer><\/article><article class='av-magazine-entry av-magazine-entry-id-2662 av-magazine-format-standard av-magazine-type-post av-magazine-entry-5 av-magazine-entry-small '  itemscope=\"itemscope\" itemtype=\"https:\/\/schema.org\/CreativeWork\" ><div class='av-magazine-thumbnail'><a href='http:\/\/www.amormisericordioso.org\/wn\/xiii-capitulo-general-eam-comunicado-n-7\/' title='Link to: XIII Cap\u00ectulo General EAM &#8211; Comunicado n\u00b0 7' class='av-magazine-thumbnail-link '><img loading=\"lazy\" decoding=\"async\" width=\"80\" height=\"80\" src=\"http:\/\/www.amormisericordioso.org\/wn\/wp-content\/uploads\/2022\/02\/17-80x80.png\" class=\"wp-image-2632 avia-img-lazy-loading-2632 attachment-thumbnail size-thumbnail wp-post-image\" alt=\"\" srcset=\"http:\/\/www.amormisericordioso.org\/wn\/wp-content\/uploads\/2022\/02\/17-80x80.png 80w, http:\/\/www.amormisericordioso.org\/wn\/wp-content\/uploads\/2022\/02\/17-300x300.png 300w, http:\/\/www.amormisericordioso.org\/wn\/wp-content\/uploads\/2022\/02\/17-1030x1030.png 1030w, http:\/\/www.amormisericordioso.org\/wn\/wp-content\/uploads\/2022\/02\/17-768x768.png 768w, http:\/\/www.amormisericordioso.org\/wn\/wp-content\/uploads\/2022\/02\/17-36x36.png 36w, http:\/\/www.amormisericordioso.org\/wn\/wp-content\/uploads\/2022\/02\/17-180x180.png 180w, http:\/\/www.amormisericordioso.org\/wn\/wp-content\/uploads\/2022\/02\/17-705x705.png 705w, http:\/\/www.amormisericordioso.org\/wn\/wp-content\/uploads\/2022\/02\/17.png 1080w\" sizes=\"auto, (max-width: 80px) 100vw, 80px\" \/><\/a><\/div><div class='av-magazine-content-wrap'><header class='entry-content-header'><time class='av-magazine-time updated'  itemprop=\"datePublished\" datetime=\"2022-02-22T07:27:55-06:00\" >22 febrero, 2022<\/time><h3 class='av-magazine-title entry-title '  itemprop=\"headline\" ><a href='http:\/\/www.amormisericordioso.org\/wn\/xiii-capitulo-general-eam-comunicado-n-7\/' title='Link to: XIII Cap\u00ectulo General EAM &#8211; Comunicado n\u00b0 7'>XIII Cap\u00ectulo General EAM &#8211; Comunicado n\u00b0 7<\/a><\/h3><\/header><\/div><footer class='entry-footer'><\/footer><\/article><\/div><\/div><br \/>\n<div  class='avia-image-container  av-styling-    avia-builder-el-12  el_after_av_magazine  avia-builder-el-last  avia-align-center '  itemprop=\"image\" itemscope=\"itemscope\" itemtype=\"https:\/\/schema.org\/ImageObject\"  ><div class='avia-image-container-inner'><div class='avia-image-overlay-wrap'><img class='wp-image-596 avia-img-lazy-loading-not-596 avia_image' src='http:\/\/www.amormisericordioso.org\/wn\/wp-content\/uploads\/2015\/05\/banner-galeria-secciones.png' alt='' title='banner-galeria-secciones' height=\"634\" width=\"646\"  itemprop=\"thumbnailUrl\"  \/><\/div><\/div><\/div><\/p>\n<\/div><\/div><\/div>\n","protected":false},"excerpt":{"rendered":"","protected":false},"author":1,"featured_media":0,"parent":863,"menu_order":0,"comment_status":"closed","ping_status":"closed","template":"","meta":{"_bbp_topic_count":0,"_bbp_reply_count":0,"_bbp_total_topic_count":0,"_bbp_total_reply_count":0,"_bbp_voice_count":0,"_bbp_anonymous_reply_count":0,"_bbp_topic_count_hidden":0,"_bbp_reply_count_hidden":0,"_bbp_forum_subforum_count":0,"_exactmetrics_skip_tracking":false,"_exactmetrics_sitenote_active":false,"_exactmetrics_sitenote_note":"","_exactmetrics_sitenote_category":0,"footnotes":""},"class_list":["post-1199","page","type-page","status-publish","hentry"],"_links":{"self":[{"href":"http:\/\/www.amormisericordioso.org\/wn\/wp-json\/wp\/v2\/pages\/1199","targetHints":{"allow":["GET"]}}],"collection":[{"href":"http:\/\/www.amormisericordioso.org\/wn\/wp-json\/wp\/v2\/pages"}],"about":[{"href":"http:\/\/www.amormisericordioso.org\/wn\/wp-json\/wp\/v2\/types\/page"}],"author":[{"embeddable":true,"href":"http:\/\/www.amormisericordioso.org\/wn\/wp-json\/wp\/v2\/users\/1"}],"replies":[{"embeddable":true,"href":"http:\/\/www.amormisericordioso.org\/wn\/wp-json\/wp\/v2\/comments?post=1199"}],"version-history":[{"count":2,"href":"http:\/\/www.amormisericordioso.org\/wn\/wp-json\/wp\/v2\/pages\/1199\/revisions"}],"predecessor-version":[{"id":2490,"href":"http:\/\/www.amormisericordioso.org\/wn\/wp-json\/wp\/v2\/pages\/1199\/revisions\/2490"}],"up":[{"embeddable":true,"href":"http:\/\/www.amormisericordioso.org\/wn\/wp-json\/wp\/v2\/pages\/863"}],"wp:attachment":[{"href":"http:\/\/www.amormisericordioso.org\/wn\/wp-json\/wp\/v2\/media?parent=1199"}],"curies":[{"name":"wp","href":"https:\/\/api.w.org\/{rel}","templated":true}]}}