{"id":1188,"date":"2016-09-16T21:44:50","date_gmt":"2016-09-17T03:44:50","guid":{"rendered":"http:\/\/gananegocio.com\/fam\/?page_id=1188"},"modified":"2016-09-16T21:44:50","modified_gmt":"2016-09-17T03:44:50","slug":"eam-cochabamba-casa-de-formacion","status":"publish","type":"page","link":"http:\/\/www.amormisericordioso.org\/wn\/familia-del-amor-misericordioso\/ubicacion-en-el-mundo\/eam-cochabamba-casa-de-formacion\/","title":{"rendered":"EAM &#8211; Cochabamba Casa de Formaci\u00f3n"},"content":{"rendered":"<div id='av-layout-grid-1'  class='av-layout-grid-container entry-content-wrapper main_color av-flex-cells     avia-builder-el-0  avia-builder-el-no-sibling  container_wrap sidebar_right' style=' '  >\n<div class=\"flex_cell no_margin av_three_fourth  avia-builder-el-1  el_before_av_cell_one_fourth  avia-builder-el-first   \"  style='vertical-align:top; padding:30px; background-color:#ffffff; ' ><div class='flex_cell_inner' ><div class='flex_column_table av-equal-height-column-flextable -flextable' style='margin-top:-60px; margin-bottom:0px; '><div class=\"flex_column av_one_full  no_margin flex_column_table_cell av-equal-height-column av-align-top first  avia-builder-el-2  avia-builder-el-no-sibling  \" style='padding:30px; background-color:#ffffff; border-radius:0px; '><p><div  style='padding-bottom:0px; ' class='av-special-heading av-special-heading-h1  blockquote modern-quote  avia-builder-el-3  el_before_av_textblock  avia-builder-el-first  '><h1 class='av-special-heading-tag '  itemprop=\"headline\"  >EAM &#8211; Cochabamba Casa de Formaci\u00f3n<\/h1><div class='special-heading-border'><div class='special-heading-inner-border' ><\/div><\/div><\/div><br \/>\n<section class=\"av_textblock_section \"  itemscope=\"itemscope\" itemtype=\"https:\/\/schema.org\/CreativeWork\" ><div class='avia_textblock  '  style='font-size:18px; '  itemprop=\"text\" ><p><img loading=\"lazy\" decoding=\"async\" class=\"alignleft\" src=\"http:\/\/www.amormisericordioso.org\/ws\/images\/articles\/100\/Bolivia%202-medium.jpg\" alt=\"\" width=\"325\" height=\"244\" align=\"left\" hspace=\"10\" vspace=\"10\" \/><\/p>\n<p align=\"justify\">Casa de Formaci\u00f3n<br \/>\nVilla Moderna &#8211; Quillacollo<br \/>\nCasilla 2484 &#8211; Cochabamba<br \/>\nBolivia<\/p>\n<p align=\"justify\"><i>Tel. <\/i>(00591) 4 4261657<\/p>\n<p align=\"justify\"><i>E-mail: <\/i><a href=\"mailto:boliviamor@yahoo.es\">boliviamor@yahoo.es<\/a><\/p>\n<p align=\"justify\"><img loading=\"lazy\" decoding=\"async\" class=\"alignright\" src=\"http:\/\/www.amormisericordioso.org\/ws\/images\/articles\/100\/Bolivia%20Casa%20EAM.jpg\" alt=\"\" width=\"246\" height=\"164\" align=\"right\" border=\"0\" hspace=\"5\" vspace=\"5\" \/>Las Esclavas del Amor Misericordioso llegan a Bolivia en el Mes de Febrero del A\u00f1o 1993, y por aquel entonces su destino es el Seminario Nacional \u201cSan Jos\u00e9\u201d en Cochabamba. La Misi\u00f3n\u00a0 en\u00a0 aquel\u00a0 momento\u00a0 es\u00a0 la de hacer conocer el Amor Misericordioso a trav\u00e9s de una vida sencilla como <u>mujeres consagradas<\/u> en medio de los j\u00f3venes que se preparan para el sacerdocio. Esta Comunidad \u00a0por motivos \u00a0de \u00a0falta de personal \u00a0se \u00a0cerr\u00f3 \u00a0en \u00a0Febrero del A\u00f1o 2007.<\/p>\n<p align=\"justify\"><img loading=\"lazy\" decoding=\"async\" class=\"alignleft\" src=\"http:\/\/www.amormisericordioso.org\/ws\/images\/articles\/100\/Bolivia%201.jpg\" alt=\"\" width=\"231\" height=\"167\" align=\"left\" border=\"0\" hspace=\"5\" vspace=\"5\" \/>M\u00e1s tarde concretamente el 6 de Noviembre de 1997 se abre la Casa de Formaci\u00f3n en Villa Moderna (Quillacollo). Esta comunidad se encuentra ubicada dentro de una zona de gente que se dedica al comercio y venta de los productos del campo, la casa est\u00e1 muy cercana a la \u00a0Parroquia Sant\u00edsima Trinidad\u00a0 regida por los Hijos del Amor Misericordioso.<\/p>\n<p align=\"justify\">Actualmente estamos 2 hermanas y 3 prenovicias; hasta hace poco tiempo aqu\u00ed se formaban las aspirantes, prenovicias y novicias, desde hace dos a\u00f1os el Noviciado lo hacen en Brasil, en este momento se encuentran all\u00ed 2 j\u00f3venes bolivianas.<\/p>\n<p align=\"justify\"><img loading=\"lazy\" decoding=\"async\" class=\"alignright\" src=\"http:\/\/www.amormisericordioso.org\/ws\/images\/articles\/100\/Bolivia%203.jpg\" alt=\"\" width=\"220\" height=\"150\" align=\"right\" border=\"0\" hspace=\"5\" vspace=\"5\" \/>Dentro \u00a0de \u00a0las \u00a0actividades \u00a0que \u00a0realizamos \u00a0es \u00a0esta \u00a0casa, a nivel Pastoral, colaboramos en la Parroquia\u00a0Sant\u00edsima Trinidad con \u00a0las Catequesis de \u00a0Comuni\u00f3n, Confirmaci\u00f3n, Grupo \u00a0juvenil, \u00a0Infancia Misionera.<\/p>\n<p align=\"justify\">Una \u00a0hermana \u00a0forma \u00a0parte \u00a0del \u00a0Consejo \u00a0parroquial \u00a0ayudando en las actividades\u00a0 \u00a0que\u00a0 se\u00a0 \u00a0presentan. Colaboramos \u00a0\u00a0tambi\u00e9n \u00a0en \u00a0la formaci\u00f3n \u00a0de \u00a0los \u00a0Laicos Amor Misericordioso junto con \u00a0un\u00a0 Hijo del Amor Misericordioso encargado de este sector.<\/p>\n<p align=\"justify\"><img loading=\"lazy\" decoding=\"async\" class=\"alignleft\" src=\"http:\/\/www.amormisericordioso.org\/ws\/images\/articles\/100\/STA50022.JPG\" alt=\"\" width=\"222\" height=\"163\" align=\"left\" border=\"0\" hspace=\"5\" vspace=\"5\" \/>Como actividad dentro de la casa, se atiende en lo posible a los ni\u00f1os con necesidades econ\u00f3micas y ayud\u00e1ndoles en lastareas escolares, intentando que obtengan un conocimiento\u00a0 de Dios a\u00a0trav\u00e9s de lecturas de la Biblia seg\u00fan la capacidad \u00a0de cada uno, todo esto como Misi\u00f3n. Su nombre es:\u201cTaller Madre Esperanza\u201d.<\/p>\n<p align=\"justify\">Damos gracias a Dios que nos da la posibilidad a trav\u00e9s de estas peque\u00f1as actividades el poder difundir y transmitir su Amor y\u00a0 Misericordia.<\/p>\n<\/div><\/section><\/p><\/div><\/div><!--close column table wrapper. Autoclose: 1 -->\n<\/div><\/div><div class=\"flex_cell no_margin av_one_fourth  avia-builder-el-5  el_after_av_cell_three_fourth  avia-builder-el-last   \"  style='vertical-align:top; padding:30px; background-color:#ffffff; ' ><div class='flex_cell_inner' ><p><div  class='avia-image-container  av-styling-    avia-builder-el-6  el_before_av_image  avia-builder-el-first  avia-align-center '  itemprop=\"image\" itemscope=\"itemscope\" itemtype=\"https:\/\/schema.org\/ImageObject\"  ><div class='avia-image-container-inner'><div class='avia-image-overlay-wrap'><img class='wp-image-532 avia-img-lazy-loading-not-532 avia_image' src='http:\/\/www.amormisericordioso.org\/wn\/wp-content\/uploads\/2015\/05\/madre1.jpg' alt='' title='madre1' height=\"339\" width=\"624\"  itemprop=\"thumbnailUrl\"  \/><\/div><\/div><\/div><br \/>\n<div  class='avia-image-container  av-styling-    avia-builder-el-7  el_after_av_image  el_before_av_image  avia-align-center '  itemprop=\"image\" itemscope=\"itemscope\" itemtype=\"https:\/\/schema.org\/ImageObject\"  ><div class='avia-image-container-inner'><div class='avia-image-overlay-wrap'><img class='wp-image-531 avia-img-lazy-loading-not-531 avia_image' src='http:\/\/www.amormisericordioso.org\/wn\/wp-content\/uploads\/2015\/05\/fammuchos.jpg' alt='' title='fammuchos' height=\"339\" width=\"624\"  itemprop=\"thumbnailUrl\"  \/><\/div><\/div><\/div><br \/>\n<div  class='avia-image-container  av-styling-    avia-builder-el-8  el_after_av_image  el_before_av_hr  avia-align-center '  itemprop=\"image\" itemscope=\"itemscope\" itemtype=\"https:\/\/schema.org\/ImageObject\"  ><div class='avia-image-container-inner'><div class='avia-image-overlay-wrap'><img class='wp-image-530 avia-img-lazy-loading-not-530 avia_image' src='http:\/\/www.amormisericordioso.org\/wn\/wp-content\/uploads\/2015\/05\/fam-en-el-mundo.jpg' alt='' title='fam-en-el-mundo' height=\"339\" width=\"618\"  itemprop=\"thumbnailUrl\"  \/><\/div><\/div><\/div><br \/>\n<div   class='hr hr-default   avia-builder-el-9  el_after_av_image  el_before_av_heading '><span class='hr-inner ' ><span class='hr-inner-style'><\/span><\/span><\/div><br \/>\n<div  style='padding-bottom:10px; ' class='av-special-heading av-special-heading-h3  blockquote modern-quote  avia-builder-el-10  el_after_av_hr  el_before_av_magazine  '><h3 class='av-special-heading-tag '  itemprop=\"headline\"  >\u00daltimas noticias<\/h3><div class='special-heading-border'><div class='special-heading-inner-border' ><\/div><\/div><\/div><br \/>\n<div  id=\"1\"  class='av-magazine   avia-builder-el-11  el_after_av_heading  el_before_av_image   av-magazine-top-bar-active av-magazine-tabs-active' ><div class='av-magazine-top-bar ' ><\/div><div class='av-magazine-group sort_all'><article class='av-magazine-entry av-magazine-entry-id-2690 av-magazine-format-standard av-magazine-type-post av-magazine-entry-1 av-magazine-entry-small '  itemscope=\"itemscope\" itemtype=\"https:\/\/schema.org\/CreativeWork\" ><div class='av-magazine-thumbnail'><a href='http:\/\/www.amormisericordioso.org\/wn\/4-signos-de-esperanza-en-las-comunidades-fam-y-eam-de-fermo\/' title='Link to: 4. SIGNOS DE ESPERANZA en las comunidades FAM y EAM de Fermo' class='av-magazine-thumbnail-link '><img loading=\"lazy\" decoding=\"async\" width=\"80\" height=\"80\" src=\"http:\/\/www.amormisericordioso.org\/wn\/wp-content\/uploads\/2025\/02\/3-80x80.png\" class=\"wp-image-2669 avia-img-lazy-loading-2669 attachment-thumbnail size-thumbnail wp-post-image\" alt=\"\" srcset=\"http:\/\/www.amormisericordioso.org\/wn\/wp-content\/uploads\/2025\/02\/3-80x80.png 80w, http:\/\/www.amormisericordioso.org\/wn\/wp-content\/uploads\/2025\/02\/3-300x300.png 300w, http:\/\/www.amormisericordioso.org\/wn\/wp-content\/uploads\/2025\/02\/3-1030x1030.png 1030w, http:\/\/www.amormisericordioso.org\/wn\/wp-content\/uploads\/2025\/02\/3-768x768.png 768w, http:\/\/www.amormisericordioso.org\/wn\/wp-content\/uploads\/2025\/02\/3-36x36.png 36w, http:\/\/www.amormisericordioso.org\/wn\/wp-content\/uploads\/2025\/02\/3-180x180.png 180w, http:\/\/www.amormisericordioso.org\/wn\/wp-content\/uploads\/2025\/02\/3-705x705.png 705w, http:\/\/www.amormisericordioso.org\/wn\/wp-content\/uploads\/2025\/02\/3.png 1080w\" sizes=\"auto, (max-width: 80px) 100vw, 80px\" \/><\/a><\/div><div class='av-magazine-content-wrap'><header class='entry-content-header'><time class='av-magazine-time updated'  itemprop=\"datePublished\" datetime=\"2025-04-28T03:28:38-06:00\" >28 abril, 2025<\/time><h3 class='av-magazine-title entry-title '  itemprop=\"headline\" ><a href='http:\/\/www.amormisericordioso.org\/wn\/4-signos-de-esperanza-en-las-comunidades-fam-y-eam-de-fermo\/' title='Link to: 4. SIGNOS DE ESPERANZA en las comunidades FAM y EAM de Fermo'>4. SIGNOS DE ESPERANZA en las comunidades FAM y EAM de Fermo<\/a><\/h3><\/header><\/div><footer class='entry-footer'><\/footer><\/article><article class='av-magazine-entry av-magazine-entry-id-2681 av-magazine-format-standard av-magazine-type-post av-magazine-entry-2 av-magazine-entry-small '  itemscope=\"itemscope\" itemtype=\"https:\/\/schema.org\/CreativeWork\" ><div class='av-magazine-thumbnail'><a href='http:\/\/www.amormisericordioso.org\/wn\/3-signos-de-esperanza-en-la-comunidad-eam-de-romania\/' title='Link to: 3. SIGNOS DE ESPERANZA en la comunidad EAM de Romania' class='av-magazine-thumbnail-link '><img loading=\"lazy\" decoding=\"async\" width=\"80\" height=\"80\" src=\"http:\/\/www.amormisericordioso.org\/wn\/wp-content\/uploads\/2025\/02\/3-80x80.png\" class=\"wp-image-2669 avia-img-lazy-loading-2669 attachment-thumbnail size-thumbnail wp-post-image\" alt=\"\" srcset=\"http:\/\/www.amormisericordioso.org\/wn\/wp-content\/uploads\/2025\/02\/3-80x80.png 80w, http:\/\/www.amormisericordioso.org\/wn\/wp-content\/uploads\/2025\/02\/3-300x300.png 300w, http:\/\/www.amormisericordioso.org\/wn\/wp-content\/uploads\/2025\/02\/3-1030x1030.png 1030w, http:\/\/www.amormisericordioso.org\/wn\/wp-content\/uploads\/2025\/02\/3-768x768.png 768w, http:\/\/www.amormisericordioso.org\/wn\/wp-content\/uploads\/2025\/02\/3-36x36.png 36w, http:\/\/www.amormisericordioso.org\/wn\/wp-content\/uploads\/2025\/02\/3-180x180.png 180w, http:\/\/www.amormisericordioso.org\/wn\/wp-content\/uploads\/2025\/02\/3-705x705.png 705w, http:\/\/www.amormisericordioso.org\/wn\/wp-content\/uploads\/2025\/02\/3.png 1080w\" sizes=\"auto, (max-width: 80px) 100vw, 80px\" \/><\/a><\/div><div class='av-magazine-content-wrap'><header class='entry-content-header'><time class='av-magazine-time updated'  itemprop=\"datePublished\" datetime=\"2025-03-18T04:51:16-06:00\" >18 marzo, 2025<\/time><h3 class='av-magazine-title entry-title '  itemprop=\"headline\" ><a href='http:\/\/www.amormisericordioso.org\/wn\/3-signos-de-esperanza-en-la-comunidad-eam-de-romania\/' title='Link to: 3. SIGNOS DE ESPERANZA en la comunidad EAM de Romania'>3. SIGNOS DE ESPERANZA en la comunidad EAM de Romania<\/a><\/h3><\/header><\/div><footer class='entry-footer'><\/footer><\/article><article class='av-magazine-entry av-magazine-entry-id-2672 av-magazine-format-standard av-magazine-type-post av-magazine-entry-3 av-magazine-entry-small '  itemscope=\"itemscope\" itemtype=\"https:\/\/schema.org\/CreativeWork\" ><div class='av-magazine-thumbnail'><a href='http:\/\/www.amormisericordioso.org\/wn\/2-signos-de-esperanza-en-la-comunidad-fam-de-romania\/' title='Link to: 2. SIGNOS DE ESPERANZA en la comunidad FAM de Romania' class='av-magazine-thumbnail-link '><img loading=\"lazy\" decoding=\"async\" width=\"80\" height=\"80\" src=\"http:\/\/www.amormisericordioso.org\/wn\/wp-content\/uploads\/2025\/02\/3-80x80.png\" class=\"wp-image-2669 avia-img-lazy-loading-2669 attachment-thumbnail size-thumbnail wp-post-image\" alt=\"\" srcset=\"http:\/\/www.amormisericordioso.org\/wn\/wp-content\/uploads\/2025\/02\/3-80x80.png 80w, http:\/\/www.amormisericordioso.org\/wn\/wp-content\/uploads\/2025\/02\/3-300x300.png 300w, http:\/\/www.amormisericordioso.org\/wn\/wp-content\/uploads\/2025\/02\/3-1030x1030.png 1030w, http:\/\/www.amormisericordioso.org\/wn\/wp-content\/uploads\/2025\/02\/3-768x768.png 768w, http:\/\/www.amormisericordioso.org\/wn\/wp-content\/uploads\/2025\/02\/3-36x36.png 36w, http:\/\/www.amormisericordioso.org\/wn\/wp-content\/uploads\/2025\/02\/3-180x180.png 180w, http:\/\/www.amormisericordioso.org\/wn\/wp-content\/uploads\/2025\/02\/3-705x705.png 705w, http:\/\/www.amormisericordioso.org\/wn\/wp-content\/uploads\/2025\/02\/3.png 1080w\" sizes=\"auto, (max-width: 80px) 100vw, 80px\" \/><\/a><\/div><div class='av-magazine-content-wrap'><header class='entry-content-header'><time class='av-magazine-time updated'  itemprop=\"datePublished\" datetime=\"2025-03-18T04:42:24-06:00\" >18 marzo, 2025<\/time><h3 class='av-magazine-title entry-title '  itemprop=\"headline\" ><a href='http:\/\/www.amormisericordioso.org\/wn\/2-signos-de-esperanza-en-la-comunidad-fam-de-romania\/' title='Link to: 2. SIGNOS DE ESPERANZA en la comunidad FAM de Romania'>2. SIGNOS DE ESPERANZA en la comunidad FAM de Romania<\/a><\/h3><\/header><\/div><footer class='entry-footer'><\/footer><\/article><article class='av-magazine-entry av-magazine-entry-id-2666 av-magazine-format-standard av-magazine-type-post av-magazine-entry-4 av-magazine-entry-small '  itemscope=\"itemscope\" itemtype=\"https:\/\/schema.org\/CreativeWork\" ><div class='av-magazine-thumbnail'><a href='http:\/\/www.amormisericordioso.org\/wn\/1-todo-por-amor-abrazar-a-los-hermanos-y-hermanas-con-amor-y-misericordia\/' title='Link to: 1. TODO POR AMOR: abrazar a los hermanos y hermanas con amor y misericordia' class='av-magazine-thumbnail-link '><img loading=\"lazy\" decoding=\"async\" width=\"80\" height=\"80\" src=\"http:\/\/www.amormisericordioso.org\/wn\/wp-content\/uploads\/2025\/02\/3-80x80.png\" class=\"wp-image-2669 avia-img-lazy-loading-2669 attachment-thumbnail size-thumbnail wp-post-image\" alt=\"\" srcset=\"http:\/\/www.amormisericordioso.org\/wn\/wp-content\/uploads\/2025\/02\/3-80x80.png 80w, http:\/\/www.amormisericordioso.org\/wn\/wp-content\/uploads\/2025\/02\/3-300x300.png 300w, http:\/\/www.amormisericordioso.org\/wn\/wp-content\/uploads\/2025\/02\/3-1030x1030.png 1030w, http:\/\/www.amormisericordioso.org\/wn\/wp-content\/uploads\/2025\/02\/3-768x768.png 768w, http:\/\/www.amormisericordioso.org\/wn\/wp-content\/uploads\/2025\/02\/3-36x36.png 36w, http:\/\/www.amormisericordioso.org\/wn\/wp-content\/uploads\/2025\/02\/3-180x180.png 180w, http:\/\/www.amormisericordioso.org\/wn\/wp-content\/uploads\/2025\/02\/3-705x705.png 705w, http:\/\/www.amormisericordioso.org\/wn\/wp-content\/uploads\/2025\/02\/3.png 1080w\" sizes=\"auto, (max-width: 80px) 100vw, 80px\" \/><\/a><\/div><div class='av-magazine-content-wrap'><header class='entry-content-header'><time class='av-magazine-time updated'  itemprop=\"datePublished\" datetime=\"2025-02-15T01:15:48-06:00\" >15 febrero, 2025<\/time><h3 class='av-magazine-title entry-title '  itemprop=\"headline\" ><a href='http:\/\/www.amormisericordioso.org\/wn\/1-todo-por-amor-abrazar-a-los-hermanos-y-hermanas-con-amor-y-misericordia\/' title='Link to: 1. TODO POR AMOR: abrazar a los hermanos y hermanas con amor y misericordia'>1. TODO POR AMOR: abrazar a los hermanos y hermanas con amor y misericordia<\/a><\/h3><\/header><\/div><footer class='entry-footer'><\/footer><\/article><article class='av-magazine-entry av-magazine-entry-id-2662 av-magazine-format-standard av-magazine-type-post av-magazine-entry-5 av-magazine-entry-small '  itemscope=\"itemscope\" itemtype=\"https:\/\/schema.org\/CreativeWork\" ><div class='av-magazine-thumbnail'><a href='http:\/\/www.amormisericordioso.org\/wn\/xiii-capitulo-general-eam-comunicado-n-7\/' title='Link to: XIII Cap\u00ectulo General EAM &#8211; Comunicado n\u00b0 7' class='av-magazine-thumbnail-link '><img loading=\"lazy\" decoding=\"async\" width=\"80\" height=\"80\" src=\"http:\/\/www.amormisericordioso.org\/wn\/wp-content\/uploads\/2022\/02\/17-80x80.png\" class=\"wp-image-2632 avia-img-lazy-loading-2632 attachment-thumbnail size-thumbnail wp-post-image\" alt=\"\" srcset=\"http:\/\/www.amormisericordioso.org\/wn\/wp-content\/uploads\/2022\/02\/17-80x80.png 80w, http:\/\/www.amormisericordioso.org\/wn\/wp-content\/uploads\/2022\/02\/17-300x300.png 300w, http:\/\/www.amormisericordioso.org\/wn\/wp-content\/uploads\/2022\/02\/17-1030x1030.png 1030w, http:\/\/www.amormisericordioso.org\/wn\/wp-content\/uploads\/2022\/02\/17-768x768.png 768w, http:\/\/www.amormisericordioso.org\/wn\/wp-content\/uploads\/2022\/02\/17-36x36.png 36w, http:\/\/www.amormisericordioso.org\/wn\/wp-content\/uploads\/2022\/02\/17-180x180.png 180w, http:\/\/www.amormisericordioso.org\/wn\/wp-content\/uploads\/2022\/02\/17-705x705.png 705w, http:\/\/www.amormisericordioso.org\/wn\/wp-content\/uploads\/2022\/02\/17.png 1080w\" sizes=\"auto, (max-width: 80px) 100vw, 80px\" \/><\/a><\/div><div class='av-magazine-content-wrap'><header class='entry-content-header'><time class='av-magazine-time updated'  itemprop=\"datePublished\" datetime=\"2022-02-22T07:27:55-06:00\" >22 febrero, 2022<\/time><h3 class='av-magazine-title entry-title '  itemprop=\"headline\" ><a href='http:\/\/www.amormisericordioso.org\/wn\/xiii-capitulo-general-eam-comunicado-n-7\/' title='Link to: XIII Cap\u00ectulo General EAM &#8211; Comunicado n\u00b0 7'>XIII Cap\u00ectulo General EAM &#8211; Comunicado n\u00b0 7<\/a><\/h3><\/header><\/div><footer class='entry-footer'><\/footer><\/article><\/div><\/div><br \/>\n<div  class='avia-image-container  av-styling-    avia-builder-el-12  el_after_av_magazine  avia-builder-el-last  avia-align-center '  itemprop=\"image\" itemscope=\"itemscope\" itemtype=\"https:\/\/schema.org\/ImageObject\"  ><div class='avia-image-container-inner'><div class='avia-image-overlay-wrap'><img class='wp-image-596 avia-img-lazy-loading-not-596 avia_image' src='http:\/\/www.amormisericordioso.org\/wn\/wp-content\/uploads\/2015\/05\/banner-galeria-secciones.png' alt='' title='banner-galeria-secciones' height=\"634\" width=\"646\"  itemprop=\"thumbnailUrl\"  \/><\/div><\/div><\/div><\/p>\n<\/div><\/div><\/div>\n","protected":false},"excerpt":{"rendered":"","protected":false},"author":1,"featured_media":0,"parent":863,"menu_order":0,"comment_status":"closed","ping_status":"closed","template":"","meta":{"_bbp_topic_count":0,"_bbp_reply_count":0,"_bbp_total_topic_count":0,"_bbp_total_reply_count":0,"_bbp_voice_count":0,"_bbp_anonymous_reply_count":0,"_bbp_topic_count_hidden":0,"_bbp_reply_count_hidden":0,"_bbp_forum_subforum_count":0,"_exactmetrics_skip_tracking":false,"_exactmetrics_sitenote_active":false,"_exactmetrics_sitenote_note":"","_exactmetrics_sitenote_category":0,"footnotes":""},"class_list":["post-1188","page","type-page","status-publish","hentry"],"_links":{"self":[{"href":"http:\/\/www.amormisericordioso.org\/wn\/wp-json\/wp\/v2\/pages\/1188","targetHints":{"allow":["GET"]}}],"collection":[{"href":"http:\/\/www.amormisericordioso.org\/wn\/wp-json\/wp\/v2\/pages"}],"about":[{"href":"http:\/\/www.amormisericordioso.org\/wn\/wp-json\/wp\/v2\/types\/page"}],"author":[{"embeddable":true,"href":"http:\/\/www.amormisericordioso.org\/wn\/wp-json\/wp\/v2\/users\/1"}],"replies":[{"embeddable":true,"href":"http:\/\/www.amormisericordioso.org\/wn\/wp-json\/wp\/v2\/comments?post=1188"}],"version-history":[{"count":1,"href":"http:\/\/www.amormisericordioso.org\/wn\/wp-json\/wp\/v2\/pages\/1188\/revisions"}],"predecessor-version":[{"id":1189,"href":"http:\/\/www.amormisericordioso.org\/wn\/wp-json\/wp\/v2\/pages\/1188\/revisions\/1189"}],"up":[{"embeddable":true,"href":"http:\/\/www.amormisericordioso.org\/wn\/wp-json\/wp\/v2\/pages\/863"}],"wp:attachment":[{"href":"http:\/\/www.amormisericordioso.org\/wn\/wp-json\/wp\/v2\/media?parent=1188"}],"curies":[{"name":"wp","href":"https:\/\/api.w.org\/{rel}","templated":true}]}}