{"id":1147,"date":"2016-09-16T20:37:24","date_gmt":"2016-09-17T02:37:24","guid":{"rendered":"http:\/\/gananegocio.com\/fam\/?page_id=1147"},"modified":"2019-06-01T18:16:14","modified_gmt":"2019-06-02T00:16:14","slug":"eam-montecchio","status":"publish","type":"page","link":"http:\/\/www.amormisericordioso.org\/wn\/familia-del-amor-misericordioso\/ubicacion-en-el-mundo\/eam-montecchio\/","title":{"rendered":"EAM &#8211; Montecchio"},"content":{"rendered":"<div id='av-layout-grid-1'  class='av-layout-grid-container entry-content-wrapper main_color av-flex-cells     avia-builder-el-0  avia-builder-el-no-sibling  container_wrap sidebar_right' style=' '  >\n<div class=\"flex_cell no_margin av_three_fourth  avia-builder-el-1  el_before_av_cell_one_fourth  avia-builder-el-first   \"  style='vertical-align:top; padding:30px; background-color:#ffffff; ' ><div class='flex_cell_inner' ><div class='flex_column_table av-equal-height-column-flextable -flextable' style='margin-top:-60px; margin-bottom:0px; '><div class=\"flex_column av_one_full  no_margin flex_column_table_cell av-equal-height-column av-align-top first  avia-builder-el-2  avia-builder-el-no-sibling  \" style='padding:30px; background-color:#ffffff; border-radius:0px; '><p><div  style='padding-bottom:0px; ' class='av-special-heading av-special-heading-h1  blockquote modern-quote  avia-builder-el-3  el_before_av_textblock  avia-builder-el-first  '><h1 class='av-special-heading-tag '  itemprop=\"headline\"  >EAM &#8211; Montecchio<\/h1><div class='special-heading-border'><div class='special-heading-inner-border' ><\/div><\/div><\/div><br \/>\n<section class=\"av_textblock_section \"  itemscope=\"itemscope\" itemtype=\"https:\/\/schema.org\/CreativeWork\" ><div class='avia_textblock  '  style='font-size:18px; '  itemprop=\"text\" ><p><img loading=\"lazy\" decoding=\"async\" class=\"alignleft\" src=\"http:\/\/www.amormisericordioso.org\/ws\/images\/articles\/91\/Montecchio4-medium.jpg\" alt=\"\" width=\"325\" height=\"244\" align=\"left\" hspace=\"10\" vspace=\"10\" \/><\/p>\n<p class=\"p1\"><span class=\"s1\">Casa Famiglia \u201cMaria Sposa e Madre\u201d<\/span><\/p>\n<p class=\"p1\"><span class=\"s1\"> Via degli Stazzi, 18 <\/span><\/p>\n<p class=\"p1\"><span class=\"s1\"> 05020 Montecchio (TR)<\/span><\/p>\n<p class=\"p1\"><span class=\"s1\"> Italia<\/span><\/p>\n<p class=\"p1\"><span class=\"s1\"><i> Tel.<\/i> (0039) 0744 951410 Casa Famiglia<\/span><\/p>\n<p class=\"p1\"><span class=\"s1\"><span class=\"Apple-converted-space\">\u00a0\u00a0 \u00a0 \u00a0 \u00a0 \u00a0 \u00a0 \u00a0 \u00a0 \u00a0 \u00a0 \u00a0 \u00a0 <\/span>0744 951915 Casa S. Teresina<\/span><\/p>\n<p class=\"p1\"><span class=\"s1\"><span class=\"Apple-converted-space\">\u00a0\u00a0 \u00a0 \u00a0 \u00a0 \u00a0 \u00a0 \u00a0 \u00a0 \u00a0 \u00a0 \u00a0 \u00a0 \u00a0 <\/span>0744 951838 Casa S. Giuseppe <\/span><\/p>\n<p class=\"p1\"><span class=\"s1\"><i> Fax<\/i> (0039) 0744 951825 Casa Famiglia<\/span><\/p>\n<p class=\"p1\"><span class=\"s1\"><i> E-mail: <\/i>casafamigliamontecchio@collevalenza.it<\/span><\/p>\n<p align=\"justify\">La nostra comunit\u00e0 risiede a Montecchio, Provincia di Terni. Si trova alle pendici del Monte Croce di Serra, in posizione panoramica, dal quale si vedono i sottostanti laghi di Alviano, di Corbara, Orvieto. Nel centro storico \u00e8 collocata la Chiesa Parrocchiale di Santa Maria, la cui costruzione \u00e8 supposta anteriore al 1400.<img loading=\"lazy\" decoding=\"async\" class=\"alignright\" src=\"http:\/\/www.amormisericordioso.org\/ws\/images\/articles\/91\/Montecchio.jpg\" alt=\"\" width=\"203\" height=\"131\" align=\"right\" border=\"0\" hspace=\"5\" vspace=\"5\" \/><\/p>\n<p align=\"justify\">Montecchio \u00e8 un borgo rurale fortificato, edificato attorno al XII secolo, con l&#8217;abitato che si sviluppa ad anelli attorno al centro storico. \u00c9 un paese dove si coltivano principalmente olivo e vigneti. La situazione economica \u00e8 abbastanza accettabile, per\u00f2 i giovani non restano per lavorare in campagna, emigrano in cerca di lavoro; restano solo gli anziani con i loro problemi di solitudine, bisognosi di cure e di una assistenza.<\/p>\n<p align=\"justify\"><img loading=\"lazy\" decoding=\"async\" class=\"alignleft\" src=\"http:\/\/www.amormisericordioso.org\/ws\/images\/articles\/91\/Montecchio%20II.jpg\" alt=\"\" width=\"205\" height=\"128\" align=\"left\" border=\"0\" hspace=\"5\" vspace=\"5\" \/>\u00c8 per questo che Padre Gino Capponi FAM, mettendo a disposizione un terreno ereditato dai suoi genitori, ha desiderato realizzare la Casa per Anziani, dove, dal 27 ottobre 1996, presta il suo servizio la nostra Comunit\u00e0 di Ancelle che risiede in un piccolo edificio adiacente all\u2019opera, appositamente ristrutturato e denominato \u201cCasa Santa Teresina\u201d.<\/p>\n<p align=\"justify\"><i>\u201cFiglie mie, Ges\u00f9 ha scelto le sue Ancelle perch\u00e9 in nome suo vadano a praticare la sua misericordia verso i poveri\u201d.<\/i><\/p>\n<p align=\"justify\"><img loading=\"lazy\" decoding=\"async\" class=\"alignright\" src=\"http:\/\/www.amormisericordioso.org\/ws\/images\/articles\/91\/Montecchio%20I.jpg\" alt=\"\" width=\"210\" height=\"138\" align=\"right\" border=\"0\" hspace=\"5\" vspace=\"5\" \/>\u201c<i>In autentico clima di famiglia dobbiamo identificarci con i poveri, sentendoci corresponsabili del male che essi potrebbero fare qualora non mettessimo in opera tutto ci\u00f2 che la capacit\u00e0 creativa dell\u2019amore deve suggerirci\u201d<\/i> (Cost. EAM art.17).<\/p>\n<p align=\"justify\">La nostra comunit\u00e0, composta di quattro suore, svolge il proprio servizio a beneficio della Casa Famiglia. Cerchiamo di operare e di impegnarci a testimoniare l\u2019Amore Misericordioso tra agli Ospiti, bisognosi di tutto: di cure per alleviare gli inevitabili problemi di salute, di affetto, di comprensione ed anche tanta allegria per poter vivere gli ultimi anni della loro vita con serenit\u00e0 e dignit\u00e0.<\/p>\n<p align=\"justify\"><img loading=\"lazy\" decoding=\"async\" class=\"alignleft\" src=\"http:\/\/www.amormisericordioso.org\/ws\/images\/articles\/91\/Montecchio%20III.jpg\" alt=\"\" width=\"212\" height=\"146\" align=\"left\" border=\"0\" hspace=\"5\" vspace=\"5\" \/>Ci impegniamo anche a collaborare con i membri dell\u2019Associazione dei Laici dell\u2019Amore Misericordioso (ALAM) desiderosi di santificare la loro vita cristiana alla luce di questa spiritualit\u00e0 e di diffondere attivamente il Regno di Dio nel mondo.<\/p>\n<p align=\"justify\">La nostra Comunit\u00e0, insieme agli Ospiti, agli ALAM e in collaborazione con i nostri confratelli Figli dell\u2019Amore Misericordioso,\u00a0 si sforza di incarnare il motto lasciatoci dalla nostra Fondatrice, M. Speranza: operare e vivere\u2026<i> \u201cTutto per amore\u201d!<\/i><\/p>\n<\/div><\/section><\/p><\/div><\/div><!--close column table wrapper. Autoclose: 1 -->\n<\/div><\/div><div class=\"flex_cell no_margin av_one_fourth  avia-builder-el-5  el_after_av_cell_three_fourth  avia-builder-el-last   \"  style='vertical-align:top; padding:30px; background-color:#ffffff; ' ><div class='flex_cell_inner' ><p><div  class='avia-image-container  av-styling-    avia-builder-el-6  el_before_av_image  avia-builder-el-first  avia-align-center '  itemprop=\"image\" itemscope=\"itemscope\" itemtype=\"https:\/\/schema.org\/ImageObject\"  ><div class='avia-image-container-inner'><div class='avia-image-overlay-wrap'><img class='wp-image-532 avia-img-lazy-loading-not-532 avia_image' src='http:\/\/www.amormisericordioso.org\/wn\/wp-content\/uploads\/2015\/05\/madre1.jpg' alt='' title='madre1' height=\"339\" width=\"624\"  itemprop=\"thumbnailUrl\"  \/><\/div><\/div><\/div><br \/>\n<div  class='avia-image-container  av-styling-    avia-builder-el-7  el_after_av_image  el_before_av_image  avia-align-center '  itemprop=\"image\" itemscope=\"itemscope\" itemtype=\"https:\/\/schema.org\/ImageObject\"  ><div class='avia-image-container-inner'><div class='avia-image-overlay-wrap'><img class='wp-image-531 avia-img-lazy-loading-not-531 avia_image' src='http:\/\/www.amormisericordioso.org\/wn\/wp-content\/uploads\/2015\/05\/fammuchos.jpg' alt='' title='fammuchos' height=\"339\" width=\"624\"  itemprop=\"thumbnailUrl\"  \/><\/div><\/div><\/div><br \/>\n<div  class='avia-image-container  av-styling-    avia-builder-el-8  el_after_av_image  el_before_av_hr  avia-align-center '  itemprop=\"image\" itemscope=\"itemscope\" itemtype=\"https:\/\/schema.org\/ImageObject\"  ><div class='avia-image-container-inner'><div class='avia-image-overlay-wrap'><img class='wp-image-530 avia-img-lazy-loading-not-530 avia_image' src='http:\/\/www.amormisericordioso.org\/wn\/wp-content\/uploads\/2015\/05\/fam-en-el-mundo.jpg' alt='' title='fam-en-el-mundo' height=\"339\" width=\"618\"  itemprop=\"thumbnailUrl\"  \/><\/div><\/div><\/div><br \/>\n<div   class='hr hr-default   avia-builder-el-9  el_after_av_image  el_before_av_heading '><span class='hr-inner ' ><span class='hr-inner-style'><\/span><\/span><\/div><br \/>\n<div  style='padding-bottom:10px; ' class='av-special-heading av-special-heading-h3  blockquote modern-quote  avia-builder-el-10  el_after_av_hr  el_before_av_magazine  '><h3 class='av-special-heading-tag '  itemprop=\"headline\"  >\u00daltimas noticias<\/h3><div class='special-heading-border'><div class='special-heading-inner-border' ><\/div><\/div><\/div><br \/>\n<div  id=\"1\"  class='av-magazine   avia-builder-el-11  el_after_av_heading  el_before_av_image   av-magazine-top-bar-active av-magazine-tabs-active' ><div class='av-magazine-top-bar ' ><\/div><div class='av-magazine-group sort_all'><article class='av-magazine-entry av-magazine-entry-id-2690 av-magazine-format-standard av-magazine-type-post av-magazine-entry-1 av-magazine-entry-small '  itemscope=\"itemscope\" itemtype=\"https:\/\/schema.org\/CreativeWork\" ><div class='av-magazine-thumbnail'><a href='http:\/\/www.amormisericordioso.org\/wn\/4-signos-de-esperanza-en-las-comunidades-fam-y-eam-de-fermo\/' title='Link to: 4. SIGNOS DE ESPERANZA en las comunidades FAM y EAM de Fermo' class='av-magazine-thumbnail-link '><img loading=\"lazy\" decoding=\"async\" width=\"80\" height=\"80\" src=\"http:\/\/www.amormisericordioso.org\/wn\/wp-content\/uploads\/2025\/02\/3-80x80.png\" class=\"wp-image-2669 avia-img-lazy-loading-2669 attachment-thumbnail size-thumbnail wp-post-image\" alt=\"\" srcset=\"http:\/\/www.amormisericordioso.org\/wn\/wp-content\/uploads\/2025\/02\/3-80x80.png 80w, http:\/\/www.amormisericordioso.org\/wn\/wp-content\/uploads\/2025\/02\/3-300x300.png 300w, http:\/\/www.amormisericordioso.org\/wn\/wp-content\/uploads\/2025\/02\/3-1030x1030.png 1030w, http:\/\/www.amormisericordioso.org\/wn\/wp-content\/uploads\/2025\/02\/3-768x768.png 768w, http:\/\/www.amormisericordioso.org\/wn\/wp-content\/uploads\/2025\/02\/3-36x36.png 36w, http:\/\/www.amormisericordioso.org\/wn\/wp-content\/uploads\/2025\/02\/3-180x180.png 180w, http:\/\/www.amormisericordioso.org\/wn\/wp-content\/uploads\/2025\/02\/3-705x705.png 705w, http:\/\/www.amormisericordioso.org\/wn\/wp-content\/uploads\/2025\/02\/3.png 1080w\" sizes=\"auto, (max-width: 80px) 100vw, 80px\" \/><\/a><\/div><div class='av-magazine-content-wrap'><header class='entry-content-header'><time class='av-magazine-time updated'  itemprop=\"datePublished\" datetime=\"2025-04-28T03:28:38-06:00\" >28 abril, 2025<\/time><h3 class='av-magazine-title entry-title '  itemprop=\"headline\" ><a href='http:\/\/www.amormisericordioso.org\/wn\/4-signos-de-esperanza-en-las-comunidades-fam-y-eam-de-fermo\/' title='Link to: 4. SIGNOS DE ESPERANZA en las comunidades FAM y EAM de Fermo'>4. SIGNOS DE ESPERANZA en las comunidades FAM y EAM de Fermo<\/a><\/h3><\/header><\/div><footer class='entry-footer'><\/footer><\/article><article class='av-magazine-entry av-magazine-entry-id-2681 av-magazine-format-standard av-magazine-type-post av-magazine-entry-2 av-magazine-entry-small '  itemscope=\"itemscope\" itemtype=\"https:\/\/schema.org\/CreativeWork\" ><div class='av-magazine-thumbnail'><a href='http:\/\/www.amormisericordioso.org\/wn\/3-signos-de-esperanza-en-la-comunidad-eam-de-romania\/' title='Link to: 3. SIGNOS DE ESPERANZA en la comunidad EAM de Romania' class='av-magazine-thumbnail-link '><img loading=\"lazy\" decoding=\"async\" width=\"80\" height=\"80\" src=\"http:\/\/www.amormisericordioso.org\/wn\/wp-content\/uploads\/2025\/02\/3-80x80.png\" class=\"wp-image-2669 avia-img-lazy-loading-2669 attachment-thumbnail size-thumbnail wp-post-image\" alt=\"\" srcset=\"http:\/\/www.amormisericordioso.org\/wn\/wp-content\/uploads\/2025\/02\/3-80x80.png 80w, http:\/\/www.amormisericordioso.org\/wn\/wp-content\/uploads\/2025\/02\/3-300x300.png 300w, http:\/\/www.amormisericordioso.org\/wn\/wp-content\/uploads\/2025\/02\/3-1030x1030.png 1030w, http:\/\/www.amormisericordioso.org\/wn\/wp-content\/uploads\/2025\/02\/3-768x768.png 768w, http:\/\/www.amormisericordioso.org\/wn\/wp-content\/uploads\/2025\/02\/3-36x36.png 36w, http:\/\/www.amormisericordioso.org\/wn\/wp-content\/uploads\/2025\/02\/3-180x180.png 180w, http:\/\/www.amormisericordioso.org\/wn\/wp-content\/uploads\/2025\/02\/3-705x705.png 705w, http:\/\/www.amormisericordioso.org\/wn\/wp-content\/uploads\/2025\/02\/3.png 1080w\" sizes=\"auto, (max-width: 80px) 100vw, 80px\" \/><\/a><\/div><div class='av-magazine-content-wrap'><header class='entry-content-header'><time class='av-magazine-time updated'  itemprop=\"datePublished\" datetime=\"2025-03-18T04:51:16-06:00\" >18 marzo, 2025<\/time><h3 class='av-magazine-title entry-title '  itemprop=\"headline\" ><a href='http:\/\/www.amormisericordioso.org\/wn\/3-signos-de-esperanza-en-la-comunidad-eam-de-romania\/' title='Link to: 3. SIGNOS DE ESPERANZA en la comunidad EAM de Romania'>3. SIGNOS DE ESPERANZA en la comunidad EAM de Romania<\/a><\/h3><\/header><\/div><footer class='entry-footer'><\/footer><\/article><article class='av-magazine-entry av-magazine-entry-id-2672 av-magazine-format-standard av-magazine-type-post av-magazine-entry-3 av-magazine-entry-small '  itemscope=\"itemscope\" itemtype=\"https:\/\/schema.org\/CreativeWork\" ><div class='av-magazine-thumbnail'><a href='http:\/\/www.amormisericordioso.org\/wn\/2-signos-de-esperanza-en-la-comunidad-fam-de-romania\/' title='Link to: 2. SIGNOS DE ESPERANZA en la comunidad FAM de Romania' class='av-magazine-thumbnail-link '><img loading=\"lazy\" decoding=\"async\" width=\"80\" height=\"80\" src=\"http:\/\/www.amormisericordioso.org\/wn\/wp-content\/uploads\/2025\/02\/3-80x80.png\" class=\"wp-image-2669 avia-img-lazy-loading-2669 attachment-thumbnail size-thumbnail wp-post-image\" alt=\"\" srcset=\"http:\/\/www.amormisericordioso.org\/wn\/wp-content\/uploads\/2025\/02\/3-80x80.png 80w, http:\/\/www.amormisericordioso.org\/wn\/wp-content\/uploads\/2025\/02\/3-300x300.png 300w, http:\/\/www.amormisericordioso.org\/wn\/wp-content\/uploads\/2025\/02\/3-1030x1030.png 1030w, http:\/\/www.amormisericordioso.org\/wn\/wp-content\/uploads\/2025\/02\/3-768x768.png 768w, http:\/\/www.amormisericordioso.org\/wn\/wp-content\/uploads\/2025\/02\/3-36x36.png 36w, http:\/\/www.amormisericordioso.org\/wn\/wp-content\/uploads\/2025\/02\/3-180x180.png 180w, http:\/\/www.amormisericordioso.org\/wn\/wp-content\/uploads\/2025\/02\/3-705x705.png 705w, http:\/\/www.amormisericordioso.org\/wn\/wp-content\/uploads\/2025\/02\/3.png 1080w\" sizes=\"auto, (max-width: 80px) 100vw, 80px\" \/><\/a><\/div><div class='av-magazine-content-wrap'><header class='entry-content-header'><time class='av-magazine-time updated'  itemprop=\"datePublished\" datetime=\"2025-03-18T04:42:24-06:00\" >18 marzo, 2025<\/time><h3 class='av-magazine-title entry-title '  itemprop=\"headline\" ><a href='http:\/\/www.amormisericordioso.org\/wn\/2-signos-de-esperanza-en-la-comunidad-fam-de-romania\/' title='Link to: 2. SIGNOS DE ESPERANZA en la comunidad FAM de Romania'>2. SIGNOS DE ESPERANZA en la comunidad FAM de Romania<\/a><\/h3><\/header><\/div><footer class='entry-footer'><\/footer><\/article><article class='av-magazine-entry av-magazine-entry-id-2666 av-magazine-format-standard av-magazine-type-post av-magazine-entry-4 av-magazine-entry-small '  itemscope=\"itemscope\" itemtype=\"https:\/\/schema.org\/CreativeWork\" ><div class='av-magazine-thumbnail'><a href='http:\/\/www.amormisericordioso.org\/wn\/1-todo-por-amor-abrazar-a-los-hermanos-y-hermanas-con-amor-y-misericordia\/' title='Link to: 1. TODO POR AMOR: abrazar a los hermanos y hermanas con amor y misericordia' class='av-magazine-thumbnail-link '><img loading=\"lazy\" decoding=\"async\" width=\"80\" height=\"80\" src=\"http:\/\/www.amormisericordioso.org\/wn\/wp-content\/uploads\/2025\/02\/3-80x80.png\" class=\"wp-image-2669 avia-img-lazy-loading-2669 attachment-thumbnail size-thumbnail wp-post-image\" alt=\"\" srcset=\"http:\/\/www.amormisericordioso.org\/wn\/wp-content\/uploads\/2025\/02\/3-80x80.png 80w, http:\/\/www.amormisericordioso.org\/wn\/wp-content\/uploads\/2025\/02\/3-300x300.png 300w, http:\/\/www.amormisericordioso.org\/wn\/wp-content\/uploads\/2025\/02\/3-1030x1030.png 1030w, http:\/\/www.amormisericordioso.org\/wn\/wp-content\/uploads\/2025\/02\/3-768x768.png 768w, http:\/\/www.amormisericordioso.org\/wn\/wp-content\/uploads\/2025\/02\/3-36x36.png 36w, http:\/\/www.amormisericordioso.org\/wn\/wp-content\/uploads\/2025\/02\/3-180x180.png 180w, http:\/\/www.amormisericordioso.org\/wn\/wp-content\/uploads\/2025\/02\/3-705x705.png 705w, http:\/\/www.amormisericordioso.org\/wn\/wp-content\/uploads\/2025\/02\/3.png 1080w\" sizes=\"auto, (max-width: 80px) 100vw, 80px\" \/><\/a><\/div><div class='av-magazine-content-wrap'><header class='entry-content-header'><time class='av-magazine-time updated'  itemprop=\"datePublished\" datetime=\"2025-02-15T01:15:48-06:00\" >15 febrero, 2025<\/time><h3 class='av-magazine-title entry-title '  itemprop=\"headline\" ><a href='http:\/\/www.amormisericordioso.org\/wn\/1-todo-por-amor-abrazar-a-los-hermanos-y-hermanas-con-amor-y-misericordia\/' title='Link to: 1. TODO POR AMOR: abrazar a los hermanos y hermanas con amor y misericordia'>1. TODO POR AMOR: abrazar a los hermanos y hermanas con amor y misericordia<\/a><\/h3><\/header><\/div><footer class='entry-footer'><\/footer><\/article><article class='av-magazine-entry av-magazine-entry-id-2662 av-magazine-format-standard av-magazine-type-post av-magazine-entry-5 av-magazine-entry-small '  itemscope=\"itemscope\" itemtype=\"https:\/\/schema.org\/CreativeWork\" ><div class='av-magazine-thumbnail'><a href='http:\/\/www.amormisericordioso.org\/wn\/xiii-capitulo-general-eam-comunicado-n-7\/' title='Link to: XIII Cap\u00ectulo General EAM &#8211; Comunicado n\u00b0 7' class='av-magazine-thumbnail-link '><img loading=\"lazy\" decoding=\"async\" width=\"80\" height=\"80\" src=\"http:\/\/www.amormisericordioso.org\/wn\/wp-content\/uploads\/2022\/02\/17-80x80.png\" class=\"wp-image-2632 avia-img-lazy-loading-2632 attachment-thumbnail size-thumbnail wp-post-image\" alt=\"\" srcset=\"http:\/\/www.amormisericordioso.org\/wn\/wp-content\/uploads\/2022\/02\/17-80x80.png 80w, http:\/\/www.amormisericordioso.org\/wn\/wp-content\/uploads\/2022\/02\/17-300x300.png 300w, http:\/\/www.amormisericordioso.org\/wn\/wp-content\/uploads\/2022\/02\/17-1030x1030.png 1030w, http:\/\/www.amormisericordioso.org\/wn\/wp-content\/uploads\/2022\/02\/17-768x768.png 768w, http:\/\/www.amormisericordioso.org\/wn\/wp-content\/uploads\/2022\/02\/17-36x36.png 36w, http:\/\/www.amormisericordioso.org\/wn\/wp-content\/uploads\/2022\/02\/17-180x180.png 180w, http:\/\/www.amormisericordioso.org\/wn\/wp-content\/uploads\/2022\/02\/17-705x705.png 705w, http:\/\/www.amormisericordioso.org\/wn\/wp-content\/uploads\/2022\/02\/17.png 1080w\" sizes=\"auto, (max-width: 80px) 100vw, 80px\" \/><\/a><\/div><div class='av-magazine-content-wrap'><header class='entry-content-header'><time class='av-magazine-time updated'  itemprop=\"datePublished\" datetime=\"2022-02-22T07:27:55-06:00\" >22 febrero, 2022<\/time><h3 class='av-magazine-title entry-title '  itemprop=\"headline\" ><a href='http:\/\/www.amormisericordioso.org\/wn\/xiii-capitulo-general-eam-comunicado-n-7\/' title='Link to: XIII Cap\u00ectulo General EAM &#8211; Comunicado n\u00b0 7'>XIII Cap\u00ectulo General EAM &#8211; Comunicado n\u00b0 7<\/a><\/h3><\/header><\/div><footer class='entry-footer'><\/footer><\/article><\/div><\/div><br \/>\n<div  class='avia-image-container  av-styling-    avia-builder-el-12  el_after_av_magazine  avia-builder-el-last  avia-align-center '  itemprop=\"image\" itemscope=\"itemscope\" itemtype=\"https:\/\/schema.org\/ImageObject\"  ><div class='avia-image-container-inner'><div class='avia-image-overlay-wrap'><img class='wp-image-596 avia-img-lazy-loading-not-596 avia_image' src='http:\/\/www.amormisericordioso.org\/wn\/wp-content\/uploads\/2015\/05\/banner-galeria-secciones.png' alt='' title='banner-galeria-secciones' height=\"634\" width=\"646\"  itemprop=\"thumbnailUrl\"  \/><\/div><\/div><\/div><\/p>\n<\/div><\/div><\/div>\n","protected":false},"excerpt":{"rendered":"","protected":false},"author":1,"featured_media":0,"parent":863,"menu_order":0,"comment_status":"closed","ping_status":"closed","template":"","meta":{"_bbp_topic_count":0,"_bbp_reply_count":0,"_bbp_total_topic_count":0,"_bbp_total_reply_count":0,"_bbp_voice_count":0,"_bbp_anonymous_reply_count":0,"_bbp_topic_count_hidden":0,"_bbp_reply_count_hidden":0,"_bbp_forum_subforum_count":0,"_exactmetrics_skip_tracking":false,"_exactmetrics_sitenote_active":false,"_exactmetrics_sitenote_note":"","_exactmetrics_sitenote_category":0,"footnotes":""},"class_list":["post-1147","page","type-page","status-publish","hentry"],"_links":{"self":[{"href":"http:\/\/www.amormisericordioso.org\/wn\/wp-json\/wp\/v2\/pages\/1147","targetHints":{"allow":["GET"]}}],"collection":[{"href":"http:\/\/www.amormisericordioso.org\/wn\/wp-json\/wp\/v2\/pages"}],"about":[{"href":"http:\/\/www.amormisericordioso.org\/wn\/wp-json\/wp\/v2\/types\/page"}],"author":[{"embeddable":true,"href":"http:\/\/www.amormisericordioso.org\/wn\/wp-json\/wp\/v2\/users\/1"}],"replies":[{"embeddable":true,"href":"http:\/\/www.amormisericordioso.org\/wn\/wp-json\/wp\/v2\/comments?post=1147"}],"version-history":[{"count":2,"href":"http:\/\/www.amormisericordioso.org\/wn\/wp-json\/wp\/v2\/pages\/1147\/revisions"}],"predecessor-version":[{"id":2473,"href":"http:\/\/www.amormisericordioso.org\/wn\/wp-json\/wp\/v2\/pages\/1147\/revisions\/2473"}],"up":[{"embeddable":true,"href":"http:\/\/www.amormisericordioso.org\/wn\/wp-json\/wp\/v2\/pages\/863"}],"wp:attachment":[{"href":"http:\/\/www.amormisericordioso.org\/wn\/wp-json\/wp\/v2\/media?parent=1147"}],"curies":[{"name":"wp","href":"https:\/\/api.w.org\/{rel}","templated":true}]}}