{"id":1131,"date":"2016-09-16T17:41:35","date_gmt":"2016-09-16T23:41:35","guid":{"rendered":"http:\/\/gananegocio.com\/fam\/?page_id=1131"},"modified":"2019-06-01T17:48:30","modified_gmt":"2019-06-01T23:48:30","slug":"fam-la-nora-del-rio","status":"publish","type":"page","link":"http:\/\/www.amormisericordioso.org\/wn\/fam-la-nora-del-rio\/","title":{"rendered":"FAM &#8211; La Nora del Rio"},"content":{"rendered":"<div id='av-layout-grid-1'  class='av-layout-grid-container entry-content-wrapper main_color av-flex-cells     avia-builder-el-0  avia-builder-el-no-sibling  container_wrap sidebar_right' style=' '  >\n<div class=\"flex_cell no_margin av_three_fourth  avia-builder-el-1  el_before_av_cell_one_fourth  avia-builder-el-first   \"  style='vertical-align:top; padding:30px; background-color:#ffffff; ' ><div class='flex_cell_inner' ><div class='flex_column_table av-equal-height-column-flextable -flextable' style='margin-top:-60px; margin-bottom:0px; '><div class=\"flex_column av_one_full  no_margin flex_column_table_cell av-equal-height-column av-align-top first  avia-builder-el-2  avia-builder-el-no-sibling  \" style='padding:30px; background-color:#ffffff; border-radius:0px; '><p><div  style='padding-bottom:0px; ' class='av-special-heading av-special-heading-h1  blockquote modern-quote  avia-builder-el-3  el_before_av_textblock  avia-builder-el-first  '><h1 class='av-special-heading-tag '  itemprop=\"headline\"  >FAM &#8211; La Nora del Rio<\/h1><div class='special-heading-border'><div class='special-heading-inner-border' ><\/div><\/div><\/div><br \/>\n<section class=\"av_textblock_section \"  itemscope=\"itemscope\" itemtype=\"https:\/\/schema.org\/CreativeWork\" ><div class='avia_textblock  '  style='font-size:18px; '  itemprop=\"text\" ><p><img loading=\"lazy\" decoding=\"async\" class=\"alignleft\" src=\"http:\/\/www.amormisericordioso.org\/ws\/images\/articles\/127\/Seminario%20Amor%20Misericordioso%20la%20Nora%20del%20Rio-medium.jpg\" alt=\"\" width=\"325\" height=\"244\" align=\"left\" hspace=\"10\" vspace=\"10\" \/><\/p>\n<p align=\"justify\">Seminario Amor Misericordioso.<br \/>\nColegio Internado C\/ las Bodegas S\/N<br \/>\n24792 \u2013 La Nora del R\u00edo (Le\u00f3n) Espa\u00f1a<\/p>\n<p align=\"justify\">Tel. 0034 987 667066<br \/>\nFax. 0034 987 667022<\/p>\n<p align=\"justify\">e-mail: seminarioamorm@wanadoo.es<br \/>\nP\u00e1gina WEB: <a href=\"http:\/\/www.seminarioam.com\/\">www.seminarioam.com<\/a><br \/>\nBlog Seminario:\u00a0<a href=\"http:\/\/www.semam.wordpress.com\/\">www.semam.wordpress.com<\/a><\/p>\n<p align=\"justify\">Uno de los impulsos que llev\u00f3 a P. Mario Tosi a elegir este rec\u00f3ndito lugar en las faldas del monte del marquesado de Becares fue la espiritualidad b\u00edblica de los \u201cpobres de Yahv\u00e9\u201d. Los primeros contactos con estas generosas tierras en vocaciones fueron los campamentos que desde el viejo colegio de Lujua (Vizcaya) se realizaba a las orillas del r\u00edo \u00d3rbigo, en la zona del \u201cPicote\u201d, todos los veranos. Aquel primer curso glorioso de 1975, termin\u00f3 con la ordenaci\u00f3n de cinco sacerdotes <img loading=\"lazy\" decoding=\"async\" class=\"alignright\" src=\"http:\/\/www.amormisericordioso.org\/ws\/images\/articles\/127\/Madre%20Esperanza%20la%20Nora%20del%20Rio.jpg\" alt=\"\" width=\"157\" height=\"208\" align=\"right\" border=\"0\" hspace=\"5\" vspace=\"5\" \/>para la Familia Religiosa del Amor Misericordioso, dos de los cuales eran hijos del pueblo, con la imposici\u00f3n de manos del entonces obispo de Astorga D. Antonio Briva Miravent.<\/p>\n<p align=\"justify\">Tambi\u00e9n en sus or\u00edgenes esta Comunidad- Seminario, todos los domingos, era casa abierta a los sacerdotes de los pueblos aleda\u00f1os para rezar, tomar un buen caf\u00e9 preparado amorosamente por las hermanas y jugar a su imperdonable tresillo (juego de naipes clerical por antonomasia en esta zona). Poco a poco se fue sistematizando esta atenci\u00f3n y acab\u00f3 cristaliz\u00e1ndose en tandas de ejercicios espirituales, dirigidos por cardenales y obispos, y en cursos de formaci\u00f3n permanente que siguen realiz\u00e1ndose hoy.<\/p>\n<p align=\"justify\">El empuje carism\u00e1tico de las comunidades de Padres y Hermanas que desde el primer d\u00eda han colaborado con esta misi\u00f3n hace posible que el milagro y el sue\u00f1o de P. Mario Tosi, bendecido por la Madre siga floreciendo hoy. <img loading=\"lazy\" decoding=\"async\" class=\"alignleft\" src=\"http:\/\/www.amormisericordioso.org\/ws\/images\/articles\/127\/Estudiantes%20de%20la%20Nora%20del%20Rio.jpg\" alt=\"\" width=\"174\" height=\"235\" align=\"left\" border=\"0\" hspace=\"5\" vspace=\"5\" \/>Adem\u00e1s de la labor formativa y educativa que se realiza con ni\u00f1os y j\u00f3venes de entre 10 a 16 a\u00f1os, acompa\u00f1\u00e1ndoles en este proceso de maduraci\u00f3n personal, les inculcamos una visi\u00f3n cristiana integral de la realidad de nuestro mundo, poniendo nuestra esperanza en el Amor Misericordioso que por medio de la Madre, Dios nos ha confiado.<\/p>\n<p align=\"justify\">Esta labor con los chicos y familias que se acercan hasta nosotros se realiza con un car\u00e1cter de internado, destacando la atenci\u00f3n individualizada de cada uno y haci\u00e9ndoles conscientes del protagonismo que tienen en la historia de su propia vida. El discernimiento vocacional tambi\u00e9n tiene espacio en esta casa, siendo tradicionalmente casa del Noviciado de la provincia religiosa de la Congregaci\u00f3n en Espa\u00f1a. La atenci\u00f3n a la parroquias de nuestro entorno, tambi\u00e9n ha sido desde los or\u00edgenes de esta casa una de las actividades que m\u00e1s se ha cuidado. Todos los sacerdotes que lo solicitan, hallan aqu\u00ed, un hogar donde descansar y recuperar fuerzas para continuar la tarea evangelizadora que se les ha encomendado. Tambi\u00e9n estamos abiertos, en periodos estivales a recibir grupos de personas que quieran tener un espacio para el relax, oraci\u00f3n y disfrute de naturaleza. Son muchos y diversos los grupos que acogemos cada a\u00f1o.<img loading=\"lazy\" decoding=\"async\" class=\"aligncenter\" src=\"http:\/\/www.amormisericordioso.org\/ws\/images\/articles\/127\/Comedor%20de%20la%20Nora%20del%20Rio.jpg\" alt=\"\" width=\"218\" height=\"155\" align=\"left\" border=\"0\" hspace=\"2\" vspace=\"2\" \/><img loading=\"lazy\" decoding=\"async\" class=\"aligncenter\" src=\"http:\/\/www.amormisericordioso.org\/ws\/images\/articles\/127\/Seminario%20Amor%20Misericordioso%20la%20Nora%20del%20Rio%20III.jpg\" alt=\"\" width=\"217\" height=\"145\" align=\"left\" border=\"0\" hspace=\"2\" vspace=\"2\" \/><img loading=\"lazy\" decoding=\"async\" class=\"aligncenter\" src=\"http:\/\/www.amormisericordioso.org\/ws\/images\/articles\/127\/Seminario%20Amor%20Misericordioso%20la%20Nora%20del%20Rio%20II.jpg\" alt=\"\" width=\"212\" height=\"152\" align=\"left\" border=\"0\" hspace=\"2\" vspace=\"2\" \/><\/p>\n<\/div><\/section><\/p><\/div><\/div><!--close column table wrapper. Autoclose: 1 -->\n<\/div><\/div><div class=\"flex_cell no_margin av_one_fourth  avia-builder-el-5  el_after_av_cell_three_fourth  avia-builder-el-last   \"  style='vertical-align:top; padding:30px; background-color:#ffffff; ' ><div class='flex_cell_inner' ><p><div  class='avia-image-container  av-styling-    avia-builder-el-6  el_before_av_image  avia-builder-el-first  avia-align-center '  itemprop=\"image\" itemscope=\"itemscope\" itemtype=\"https:\/\/schema.org\/ImageObject\"  ><div class='avia-image-container-inner'><div class='avia-image-overlay-wrap'><img class='wp-image-532 avia-img-lazy-loading-not-532 avia_image' src='http:\/\/www.amormisericordioso.org\/wn\/wp-content\/uploads\/2015\/05\/madre1.jpg' alt='' title='madre1' height=\"339\" width=\"624\"  itemprop=\"thumbnailUrl\"  \/><\/div><\/div><\/div><br \/>\n<div  class='avia-image-container  av-styling-    avia-builder-el-7  el_after_av_image  el_before_av_image  avia-align-center '  itemprop=\"image\" itemscope=\"itemscope\" itemtype=\"https:\/\/schema.org\/ImageObject\"  ><div class='avia-image-container-inner'><div class='avia-image-overlay-wrap'><img class='wp-image-531 avia-img-lazy-loading-not-531 avia_image' src='http:\/\/www.amormisericordioso.org\/wn\/wp-content\/uploads\/2015\/05\/fammuchos.jpg' alt='' title='fammuchos' height=\"339\" width=\"624\"  itemprop=\"thumbnailUrl\"  \/><\/div><\/div><\/div><br \/>\n<div  class='avia-image-container  av-styling-    avia-builder-el-8  el_after_av_image  el_before_av_hr  avia-align-center '  itemprop=\"image\" itemscope=\"itemscope\" itemtype=\"https:\/\/schema.org\/ImageObject\"  ><div class='avia-image-container-inner'><div class='avia-image-overlay-wrap'><img class='wp-image-530 avia-img-lazy-loading-not-530 avia_image' src='http:\/\/www.amormisericordioso.org\/wn\/wp-content\/uploads\/2015\/05\/fam-en-el-mundo.jpg' alt='' title='fam-en-el-mundo' height=\"339\" width=\"618\"  itemprop=\"thumbnailUrl\"  \/><\/div><\/div><\/div><br \/>\n<div   class='hr hr-default   avia-builder-el-9  el_after_av_image  el_before_av_heading '><span class='hr-inner ' ><span class='hr-inner-style'><\/span><\/span><\/div><br \/>\n<div  style='padding-bottom:10px; ' class='av-special-heading av-special-heading-h3  blockquote modern-quote  avia-builder-el-10  el_after_av_hr  el_before_av_magazine  '><h3 class='av-special-heading-tag '  itemprop=\"headline\"  >\u00daltimas noticias<\/h3><div class='special-heading-border'><div class='special-heading-inner-border' ><\/div><\/div><\/div><br \/>\n<div  id=\"1\"  class='av-magazine   avia-builder-el-11  el_after_av_heading  el_before_av_image   av-magazine-top-bar-active av-magazine-tabs-active' ><div class='av-magazine-top-bar ' ><\/div><div class='av-magazine-group sort_all'><article class='av-magazine-entry av-magazine-entry-id-2690 av-magazine-format-standard av-magazine-type-post av-magazine-entry-1 av-magazine-entry-small '  itemscope=\"itemscope\" itemtype=\"https:\/\/schema.org\/CreativeWork\" ><div class='av-magazine-thumbnail'><a href='http:\/\/www.amormisericordioso.org\/wn\/4-signos-de-esperanza-en-las-comunidades-fam-y-eam-de-fermo\/' title='Link to: 4. SIGNOS DE ESPERANZA en las comunidades FAM y EAM de Fermo' class='av-magazine-thumbnail-link '><img loading=\"lazy\" decoding=\"async\" width=\"80\" height=\"80\" src=\"http:\/\/www.amormisericordioso.org\/wn\/wp-content\/uploads\/2025\/02\/3-80x80.png\" class=\"wp-image-2669 avia-img-lazy-loading-2669 attachment-thumbnail size-thumbnail wp-post-image\" alt=\"\" srcset=\"http:\/\/www.amormisericordioso.org\/wn\/wp-content\/uploads\/2025\/02\/3-80x80.png 80w, http:\/\/www.amormisericordioso.org\/wn\/wp-content\/uploads\/2025\/02\/3-300x300.png 300w, http:\/\/www.amormisericordioso.org\/wn\/wp-content\/uploads\/2025\/02\/3-1030x1030.png 1030w, http:\/\/www.amormisericordioso.org\/wn\/wp-content\/uploads\/2025\/02\/3-768x768.png 768w, http:\/\/www.amormisericordioso.org\/wn\/wp-content\/uploads\/2025\/02\/3-36x36.png 36w, http:\/\/www.amormisericordioso.org\/wn\/wp-content\/uploads\/2025\/02\/3-180x180.png 180w, http:\/\/www.amormisericordioso.org\/wn\/wp-content\/uploads\/2025\/02\/3-705x705.png 705w, http:\/\/www.amormisericordioso.org\/wn\/wp-content\/uploads\/2025\/02\/3.png 1080w\" sizes=\"auto, (max-width: 80px) 100vw, 80px\" \/><\/a><\/div><div class='av-magazine-content-wrap'><header class='entry-content-header'><time class='av-magazine-time updated'  itemprop=\"datePublished\" datetime=\"2025-04-28T03:28:38-06:00\" >28 abril, 2025<\/time><h3 class='av-magazine-title entry-title '  itemprop=\"headline\" ><a href='http:\/\/www.amormisericordioso.org\/wn\/4-signos-de-esperanza-en-las-comunidades-fam-y-eam-de-fermo\/' title='Link to: 4. SIGNOS DE ESPERANZA en las comunidades FAM y EAM de Fermo'>4. SIGNOS DE ESPERANZA en las comunidades FAM y EAM de Fermo<\/a><\/h3><\/header><\/div><footer class='entry-footer'><\/footer><\/article><article class='av-magazine-entry av-magazine-entry-id-2681 av-magazine-format-standard av-magazine-type-post av-magazine-entry-2 av-magazine-entry-small '  itemscope=\"itemscope\" itemtype=\"https:\/\/schema.org\/CreativeWork\" ><div class='av-magazine-thumbnail'><a href='http:\/\/www.amormisericordioso.org\/wn\/3-signos-de-esperanza-en-la-comunidad-eam-de-romania\/' title='Link to: 3. SIGNOS DE ESPERANZA en la comunidad EAM de Romania' class='av-magazine-thumbnail-link '><img loading=\"lazy\" decoding=\"async\" width=\"80\" height=\"80\" src=\"http:\/\/www.amormisericordioso.org\/wn\/wp-content\/uploads\/2025\/02\/3-80x80.png\" class=\"wp-image-2669 avia-img-lazy-loading-2669 attachment-thumbnail size-thumbnail wp-post-image\" alt=\"\" srcset=\"http:\/\/www.amormisericordioso.org\/wn\/wp-content\/uploads\/2025\/02\/3-80x80.png 80w, http:\/\/www.amormisericordioso.org\/wn\/wp-content\/uploads\/2025\/02\/3-300x300.png 300w, http:\/\/www.amormisericordioso.org\/wn\/wp-content\/uploads\/2025\/02\/3-1030x1030.png 1030w, http:\/\/www.amormisericordioso.org\/wn\/wp-content\/uploads\/2025\/02\/3-768x768.png 768w, http:\/\/www.amormisericordioso.org\/wn\/wp-content\/uploads\/2025\/02\/3-36x36.png 36w, http:\/\/www.amormisericordioso.org\/wn\/wp-content\/uploads\/2025\/02\/3-180x180.png 180w, http:\/\/www.amormisericordioso.org\/wn\/wp-content\/uploads\/2025\/02\/3-705x705.png 705w, http:\/\/www.amormisericordioso.org\/wn\/wp-content\/uploads\/2025\/02\/3.png 1080w\" sizes=\"auto, (max-width: 80px) 100vw, 80px\" \/><\/a><\/div><div class='av-magazine-content-wrap'><header class='entry-content-header'><time class='av-magazine-time updated'  itemprop=\"datePublished\" datetime=\"2025-03-18T04:51:16-06:00\" >18 marzo, 2025<\/time><h3 class='av-magazine-title entry-title '  itemprop=\"headline\" ><a href='http:\/\/www.amormisericordioso.org\/wn\/3-signos-de-esperanza-en-la-comunidad-eam-de-romania\/' title='Link to: 3. SIGNOS DE ESPERANZA en la comunidad EAM de Romania'>3. SIGNOS DE ESPERANZA en la comunidad EAM de Romania<\/a><\/h3><\/header><\/div><footer class='entry-footer'><\/footer><\/article><article class='av-magazine-entry av-magazine-entry-id-2672 av-magazine-format-standard av-magazine-type-post av-magazine-entry-3 av-magazine-entry-small '  itemscope=\"itemscope\" itemtype=\"https:\/\/schema.org\/CreativeWork\" ><div class='av-magazine-thumbnail'><a href='http:\/\/www.amormisericordioso.org\/wn\/2-signos-de-esperanza-en-la-comunidad-fam-de-romania\/' title='Link to: 2. SIGNOS DE ESPERANZA en la comunidad FAM de Romania' class='av-magazine-thumbnail-link '><img loading=\"lazy\" decoding=\"async\" width=\"80\" height=\"80\" src=\"http:\/\/www.amormisericordioso.org\/wn\/wp-content\/uploads\/2025\/02\/3-80x80.png\" class=\"wp-image-2669 avia-img-lazy-loading-2669 attachment-thumbnail size-thumbnail wp-post-image\" alt=\"\" srcset=\"http:\/\/www.amormisericordioso.org\/wn\/wp-content\/uploads\/2025\/02\/3-80x80.png 80w, http:\/\/www.amormisericordioso.org\/wn\/wp-content\/uploads\/2025\/02\/3-300x300.png 300w, http:\/\/www.amormisericordioso.org\/wn\/wp-content\/uploads\/2025\/02\/3-1030x1030.png 1030w, http:\/\/www.amormisericordioso.org\/wn\/wp-content\/uploads\/2025\/02\/3-768x768.png 768w, http:\/\/www.amormisericordioso.org\/wn\/wp-content\/uploads\/2025\/02\/3-36x36.png 36w, http:\/\/www.amormisericordioso.org\/wn\/wp-content\/uploads\/2025\/02\/3-180x180.png 180w, http:\/\/www.amormisericordioso.org\/wn\/wp-content\/uploads\/2025\/02\/3-705x705.png 705w, http:\/\/www.amormisericordioso.org\/wn\/wp-content\/uploads\/2025\/02\/3.png 1080w\" sizes=\"auto, (max-width: 80px) 100vw, 80px\" \/><\/a><\/div><div class='av-magazine-content-wrap'><header class='entry-content-header'><time class='av-magazine-time updated'  itemprop=\"datePublished\" datetime=\"2025-03-18T04:42:24-06:00\" >18 marzo, 2025<\/time><h3 class='av-magazine-title entry-title '  itemprop=\"headline\" ><a href='http:\/\/www.amormisericordioso.org\/wn\/2-signos-de-esperanza-en-la-comunidad-fam-de-romania\/' title='Link to: 2. SIGNOS DE ESPERANZA en la comunidad FAM de Romania'>2. SIGNOS DE ESPERANZA en la comunidad FAM de Romania<\/a><\/h3><\/header><\/div><footer class='entry-footer'><\/footer><\/article><article class='av-magazine-entry av-magazine-entry-id-2666 av-magazine-format-standard av-magazine-type-post av-magazine-entry-4 av-magazine-entry-small '  itemscope=\"itemscope\" itemtype=\"https:\/\/schema.org\/CreativeWork\" ><div class='av-magazine-thumbnail'><a href='http:\/\/www.amormisericordioso.org\/wn\/1-todo-por-amor-abrazar-a-los-hermanos-y-hermanas-con-amor-y-misericordia\/' title='Link to: 1. TODO POR AMOR: abrazar a los hermanos y hermanas con amor y misericordia' class='av-magazine-thumbnail-link '><img loading=\"lazy\" decoding=\"async\" width=\"80\" height=\"80\" src=\"http:\/\/www.amormisericordioso.org\/wn\/wp-content\/uploads\/2025\/02\/3-80x80.png\" class=\"wp-image-2669 avia-img-lazy-loading-2669 attachment-thumbnail size-thumbnail wp-post-image\" alt=\"\" srcset=\"http:\/\/www.amormisericordioso.org\/wn\/wp-content\/uploads\/2025\/02\/3-80x80.png 80w, http:\/\/www.amormisericordioso.org\/wn\/wp-content\/uploads\/2025\/02\/3-300x300.png 300w, http:\/\/www.amormisericordioso.org\/wn\/wp-content\/uploads\/2025\/02\/3-1030x1030.png 1030w, http:\/\/www.amormisericordioso.org\/wn\/wp-content\/uploads\/2025\/02\/3-768x768.png 768w, http:\/\/www.amormisericordioso.org\/wn\/wp-content\/uploads\/2025\/02\/3-36x36.png 36w, http:\/\/www.amormisericordioso.org\/wn\/wp-content\/uploads\/2025\/02\/3-180x180.png 180w, http:\/\/www.amormisericordioso.org\/wn\/wp-content\/uploads\/2025\/02\/3-705x705.png 705w, http:\/\/www.amormisericordioso.org\/wn\/wp-content\/uploads\/2025\/02\/3.png 1080w\" sizes=\"auto, (max-width: 80px) 100vw, 80px\" \/><\/a><\/div><div class='av-magazine-content-wrap'><header class='entry-content-header'><time class='av-magazine-time updated'  itemprop=\"datePublished\" datetime=\"2025-02-15T01:15:48-06:00\" >15 febrero, 2025<\/time><h3 class='av-magazine-title entry-title '  itemprop=\"headline\" ><a href='http:\/\/www.amormisericordioso.org\/wn\/1-todo-por-amor-abrazar-a-los-hermanos-y-hermanas-con-amor-y-misericordia\/' title='Link to: 1. TODO POR AMOR: abrazar a los hermanos y hermanas con amor y misericordia'>1. TODO POR AMOR: abrazar a los hermanos y hermanas con amor y misericordia<\/a><\/h3><\/header><\/div><footer class='entry-footer'><\/footer><\/article><article class='av-magazine-entry av-magazine-entry-id-2662 av-magazine-format-standard av-magazine-type-post av-magazine-entry-5 av-magazine-entry-small '  itemscope=\"itemscope\" itemtype=\"https:\/\/schema.org\/CreativeWork\" ><div class='av-magazine-thumbnail'><a href='http:\/\/www.amormisericordioso.org\/wn\/xiii-capitulo-general-eam-comunicado-n-7\/' title='Link to: XIII Cap\u00ectulo General EAM &#8211; Comunicado n\u00b0 7' class='av-magazine-thumbnail-link '><img loading=\"lazy\" decoding=\"async\" width=\"80\" height=\"80\" src=\"http:\/\/www.amormisericordioso.org\/wn\/wp-content\/uploads\/2022\/02\/17-80x80.png\" class=\"wp-image-2632 avia-img-lazy-loading-2632 attachment-thumbnail size-thumbnail wp-post-image\" alt=\"\" srcset=\"http:\/\/www.amormisericordioso.org\/wn\/wp-content\/uploads\/2022\/02\/17-80x80.png 80w, http:\/\/www.amormisericordioso.org\/wn\/wp-content\/uploads\/2022\/02\/17-300x300.png 300w, http:\/\/www.amormisericordioso.org\/wn\/wp-content\/uploads\/2022\/02\/17-1030x1030.png 1030w, http:\/\/www.amormisericordioso.org\/wn\/wp-content\/uploads\/2022\/02\/17-768x768.png 768w, http:\/\/www.amormisericordioso.org\/wn\/wp-content\/uploads\/2022\/02\/17-36x36.png 36w, http:\/\/www.amormisericordioso.org\/wn\/wp-content\/uploads\/2022\/02\/17-180x180.png 180w, http:\/\/www.amormisericordioso.org\/wn\/wp-content\/uploads\/2022\/02\/17-705x705.png 705w, http:\/\/www.amormisericordioso.org\/wn\/wp-content\/uploads\/2022\/02\/17.png 1080w\" sizes=\"auto, (max-width: 80px) 100vw, 80px\" \/><\/a><\/div><div class='av-magazine-content-wrap'><header class='entry-content-header'><time class='av-magazine-time updated'  itemprop=\"datePublished\" datetime=\"2022-02-22T07:27:55-06:00\" >22 febrero, 2022<\/time><h3 class='av-magazine-title entry-title '  itemprop=\"headline\" ><a href='http:\/\/www.amormisericordioso.org\/wn\/xiii-capitulo-general-eam-comunicado-n-7\/' title='Link to: XIII Cap\u00ectulo General EAM &#8211; Comunicado n\u00b0 7'>XIII Cap\u00ectulo General EAM &#8211; Comunicado n\u00b0 7<\/a><\/h3><\/header><\/div><footer class='entry-footer'><\/footer><\/article><\/div><\/div><br \/>\n<div  class='avia-image-container  av-styling-    avia-builder-el-12  el_after_av_magazine  avia-builder-el-last  avia-align-center '  itemprop=\"image\" itemscope=\"itemscope\" itemtype=\"https:\/\/schema.org\/ImageObject\"  ><div class='avia-image-container-inner'><div class='avia-image-overlay-wrap'><img class='wp-image-596 avia-img-lazy-loading-not-596 avia_image' src='http:\/\/www.amormisericordioso.org\/wn\/wp-content\/uploads\/2015\/05\/banner-galeria-secciones.png' alt='' title='banner-galeria-secciones' height=\"634\" width=\"646\"  itemprop=\"thumbnailUrl\"  \/><\/div><\/div><\/div><\/p>\n<\/div><\/div><\/div>\n","protected":false},"excerpt":{"rendered":"","protected":false},"author":1,"featured_media":0,"parent":0,"menu_order":0,"comment_status":"closed","ping_status":"closed","template":"","meta":{"_bbp_topic_count":0,"_bbp_reply_count":0,"_bbp_total_topic_count":0,"_bbp_total_reply_count":0,"_bbp_voice_count":0,"_bbp_anonymous_reply_count":0,"_bbp_topic_count_hidden":0,"_bbp_reply_count_hidden":0,"_bbp_forum_subforum_count":0,"_exactmetrics_skip_tracking":false,"_exactmetrics_sitenote_active":false,"_exactmetrics_sitenote_note":"","_exactmetrics_sitenote_category":0,"footnotes":""},"class_list":["post-1131","page","type-page","status-publish","hentry"],"_links":{"self":[{"href":"http:\/\/www.amormisericordioso.org\/wn\/wp-json\/wp\/v2\/pages\/1131","targetHints":{"allow":["GET"]}}],"collection":[{"href":"http:\/\/www.amormisericordioso.org\/wn\/wp-json\/wp\/v2\/pages"}],"about":[{"href":"http:\/\/www.amormisericordioso.org\/wn\/wp-json\/wp\/v2\/types\/page"}],"author":[{"embeddable":true,"href":"http:\/\/www.amormisericordioso.org\/wn\/wp-json\/wp\/v2\/users\/1"}],"replies":[{"embeddable":true,"href":"http:\/\/www.amormisericordioso.org\/wn\/wp-json\/wp\/v2\/comments?post=1131"}],"version-history":[{"count":2,"href":"http:\/\/www.amormisericordioso.org\/wn\/wp-json\/wp\/v2\/pages\/1131\/revisions"}],"predecessor-version":[{"id":2458,"href":"http:\/\/www.amormisericordioso.org\/wn\/wp-json\/wp\/v2\/pages\/1131\/revisions\/2458"}],"wp:attachment":[{"href":"http:\/\/www.amormisericordioso.org\/wn\/wp-json\/wp\/v2\/media?parent=1131"}],"curies":[{"name":"wp","href":"https:\/\/api.w.org\/{rel}","templated":true}]}}