{"id":1122,"date":"2016-09-16T17:33:12","date_gmt":"2016-09-16T23:33:12","guid":{"rendered":"http:\/\/gananegocio.com\/fam\/?page_id=1122"},"modified":"2019-06-01T17:43:27","modified_gmt":"2019-06-01T23:43:27","slug":"eam-san-sebastian","status":"publish","type":"page","link":"http:\/\/www.amormisericordioso.org\/wn\/familia-del-amor-misericordioso\/ubicacion-en-el-mundo\/eam-san-sebastian\/","title":{"rendered":"EAM &#8211; San Sebastian"},"content":{"rendered":"<div id='av-layout-grid-1'  class='av-layout-grid-container entry-content-wrapper main_color av-flex-cells     avia-builder-el-0  avia-builder-el-no-sibling  container_wrap sidebar_right' style=' '  >\n<div class=\"flex_cell no_margin av_three_fourth  avia-builder-el-1  el_before_av_cell_one_fourth  avia-builder-el-first   \"  style='vertical-align:top; padding:30px; background-color:#ffffff; ' ><div class='flex_cell_inner' ><div class='flex_column_table av-equal-height-column-flextable -flextable' style='margin-top:-60px; margin-bottom:0px; '><div class=\"flex_column av_one_full  no_margin flex_column_table_cell av-equal-height-column av-align-top first  avia-builder-el-2  avia-builder-el-no-sibling  \" style='padding:30px; background-color:#ffffff; border-radius:0px; '><p><div  style='padding-bottom:0px; ' class='av-special-heading av-special-heading-h1  blockquote modern-quote  avia-builder-el-3  el_before_av_textblock  avia-builder-el-first  '><h1 class='av-special-heading-tag '  itemprop=\"headline\"  >EAM &#8211; San Sebastian<\/h1><div class='special-heading-border'><div class='special-heading-inner-border' ><\/div><\/div><\/div><br \/>\n<section class=\"av_textblock_section \"  itemscope=\"itemscope\" itemtype=\"https:\/\/schema.org\/CreativeWork\" ><div class='avia_textblock  '  style='font-size:18px; '  itemprop=\"text\" ><p><img loading=\"lazy\" decoding=\"async\" class=\"alignleft\" src=\"http:\/\/www.amormisericordioso.org\/ws\/images\/articles\/77\/Hermanas%20de%20San%20Sebastian-medium.jpg\" alt=\"\" width=\"275\" height=\"260\" align=\"left\" hspace=\"10\" vspace=\"10\" \/><\/p>\n<p><b>Esclavas del Amor Misericordioso<br \/>\n<\/b><\/p>\n<p>Residencia Universitaria<br \/>\nPaseo H\u00e9riz, 95 &#8220;Villa Alaidi&#8221;<br \/>\n20008-San Sebasti\u00e1n (Guipuzcoa)<br \/>\nEspa\u00f1a<br \/>\n<i>Tel.<\/i>(0034)\u00a0 943 210866 &#8211; 210761<br \/>\n<i>Fax<\/i>(0034)\u00a0 943 210893<br \/>\n<i>E-mail: <\/i><a href=\"mailto:villaalaidieam@hotmail.com\">villaalaidieam@hotmail.com<\/a><br \/>\n<i>Web page<\/i>: www.webpractica.com<\/p>\n<p align=\"justify\">La Residencia \u201cVilla Alaidi est\u00e1 situada en el encantador barrio donostiarra del Antiguo, Paseo de H\u00e9riz 95, en una zona tranquila y residencial con unas maravillosas vistas panor\u00e1micas a la Bah\u00eda de la Concha. Monte Igueldo y Monte Urgull y muy bien comunicada con el centro de la ciudad y el Campus universitario.<\/p>\n<p align=\"justify\">La que hoy es Residencia \u201cVilla Alaidi\u201d ha sufrido varias transformaciones con el devenir de los a\u00f1os.<br \/>\nA principios del siglo XX era una t\u00edpica villa de la zona, propiedad de Do\u00f1a Pilar de Arratia quien posteriormente ser\u00eda una estrecha y fiel colaboradora de la Madre Esperanza de Jes\u00fas Alhama, fundadora de las religiosas de la Congregaci\u00f3n del Amor Misericordioso.<\/p>\n<p align=\"justify\"><img loading=\"lazy\" decoding=\"async\" class=\"alignright\" src=\"http:\/\/www.amormisericordioso.org\/ws\/images\/articles\/77\/Villa%20Alaidi%20San%20Sebastian.JPG\" alt=\"\" width=\"258\" height=\"173\" align=\"right\" border=\"0\" hspace=\"5\" vspace=\"5\" \/>En el a\u00f1o 1934 se\u00a0 convirti\u00f3 en el Colegio de las Esclavas del\u00a0 Amor Misericordioso, quienes se dedicaron a la acogida , ense\u00f1anza y atenci\u00f3n de\u00a0 los ni\u00f1os necesitados del entorno. Actividad que\u00a0 adquiri\u00f3 un relieve especial durante la contienda civil en todos nuestros colegios. Esto hizo necesaria la reestructuraci\u00f3n y ampliaci\u00f3n del centro para poder alojar y ense\u00f1ar a unos 200 ni\u00f1os y ni\u00f1as procedentes de diversos lugares de Espa\u00f1a.<\/p>\n<p align=\"justify\">Las Hermanas se convirtieron para todos estos ni\u00f1os y ni\u00f1as en verdaderas Madres que siguiendo el esp\u00edritu de Madre Esperanza, se dedicaron en cuerpo y alma a darles el amor y cari\u00f1o que la guerra les hab\u00eda arrebatado, dej\u00e1ndolos hu\u00e9rfanos y en una situaci\u00f3n de extrema pobreza. Todos eran atendidos gratuitamente con los trabajos y servicios diversos\u00a0 que las Hermanas realizaban para empresas de la Ciudad y con ayudas generosas de algunas personas.<\/p>\n<p align=\"justify\"><img loading=\"lazy\" decoding=\"async\" class=\"alignleft\" src=\"http:\/\/www.amormisericordioso.org\/ws\/images\/articles\/77\/COMEDOR.jpg\" alt=\"\" width=\"234\" height=\"171\" align=\"left\" border=\"0\" hspace=\"5\" vspace=\"5\" \/>Con el pasar del tiempo, el Centro se qued\u00f3 obsoleto y resultaba insuficiente para cumplir con los requisitos de la nueva Ley de Ense\u00f1anza y las exigencias que demandaba la sociedad y, en 1977,\u00a0 en el lugar del anterior, se construyo un nuevo Colegio con capacidad para 400 alumnos\/as en r\u00e9gimen de internado y externado.<\/p>\n<p align=\"justify\">Con la transici\u00f3n\u00a0 y al quedar constituidas las Comunidades Aut\u00f3nomas, \u00e9stas se van haciendo cargo paulatinamente de la acogida de los ni\u00f1os internos. Esto, adem\u00e1s del descenso de la natalidad y la existencia de otros centros en la zona, con los cuales se trabaj\u00f3 conjuntamente durante algunos a\u00f1os, motiv\u00f3 que el Colegio dejara de funcionar como Centro de ense\u00f1anza en 1994 y se diera comienzo a otra actividad.<\/p>\n<p align=\"justify\">Ya\u00a0 desde 1983, ante la demanda de algunas j\u00f3venes universitarias, se ven\u00edan destinando algunas dependencias al alojamiento de estas j\u00f3venes que de diferentes lugares ven\u00edan a la ciudad a cursar sus estudios. Actualmente en Centro, funciona exclusivamente como Residencia de Estudiantes,\u00a0 durante el a\u00f1o acad\u00e9mico, en un nivel econ\u00f3mico\u00a0 medio.<img loading=\"lazy\" decoding=\"async\" class=\"alignright\" src=\"http:\/\/www.amormisericordioso.org\/ws\/images\/articles\/77\/ESTUDIO.jpg\" alt=\"\" width=\"247\" height=\"160\" align=\"right\" border=\"0\" hspace=\"5\" vspace=\"5\" \/><\/p>\n<p align=\"justify\">Las residentes pueden ser estudiantes preuniversitarios, de Formaci\u00f3n Profesional, Universitarios o de Escuelas Superiores. Tambi\u00e9n personas que vienen para\u00a0 hacer un master, pr\u00e1cticas o que participan en actividades culturales que programa la Ciudad.<\/p>\n<p align=\"justify\">La Residencia dispone de\u00a0 90 plazas\u00a0 en habitaciones individuales, dobles y triples\u00a0 con ba\u00f1o completo, para\u00a0 dar\u00a0 los servicios de acogida que nos solicitan\u00a0 durante el a\u00f1o.<\/p>\n<p align=\"justify\">Las familias de las\u00a0 propias residentes, tambi\u00e9n pueden utilizar nuestros servicios de alojamiento al visitar a sus hijas.<\/p>\n<p align=\"justify\"><img loading=\"lazy\" decoding=\"async\" class=\"alignleft\" src=\"http:\/\/www.amormisericordioso.org\/ws\/images\/articles\/77\/Fin%20de%20estudios%20II.JPG\" alt=\"\" width=\"230\" height=\"156\" align=\"left\" border=\"0\" hspace=\"5\" vspace=\"5\" \/>Adem\u00e1s de ofrecer un alojamiento en San Sebasti\u00e1n, la Residencia \u201cVilla Alaidi\u201d es un lugar de\u00a0 convivencia sencilla y agradable. Las j\u00f3venes aceptan el ideario cat\u00f3lico del Centro\u00a0\u00a0 y en lo\u00a0 posible se les propicia un crecimiento y profundizaci\u00f3n\u00a0 en valores\u00a0\u00a0 para su\u00a0 desarrollo y formaci\u00f3n integral.<\/p>\n<p align=\"justify\">Al terminar el Curso acad\u00e9mico, la Residencia,\u00a0\u00a0 responde a la petici\u00f3n de dar alojamiento a participantes de los Cursos Europeos de Verano de la Universidad del Pa\u00eds Vasco,\u00a0 que se imparten en la sede del Palacio Miramar en los meses de Julio y Agosto.\u00a0 Se alojan\u00a0 una media de 45 personas diarias.<\/p>\n<\/div><\/section><\/p><\/div><\/div><!--close column table wrapper. Autoclose: 1 -->\n<\/div><\/div><div class=\"flex_cell no_margin av_one_fourth  avia-builder-el-5  el_after_av_cell_three_fourth  avia-builder-el-last   \"  style='vertical-align:top; padding:30px; background-color:#ffffff; ' ><div class='flex_cell_inner' ><p><div  class='avia-image-container  av-styling-    avia-builder-el-6  el_before_av_image  avia-builder-el-first  avia-align-center '  itemprop=\"image\" itemscope=\"itemscope\" itemtype=\"https:\/\/schema.org\/ImageObject\"  ><div class='avia-image-container-inner'><div class='avia-image-overlay-wrap'><img class='wp-image-532 avia-img-lazy-loading-not-532 avia_image' src='http:\/\/www.amormisericordioso.org\/wn\/wp-content\/uploads\/2015\/05\/madre1.jpg' alt='' title='madre1' height=\"339\" width=\"624\"  itemprop=\"thumbnailUrl\"  \/><\/div><\/div><\/div><br \/>\n<div  class='avia-image-container  av-styling-    avia-builder-el-7  el_after_av_image  el_before_av_image  avia-align-center '  itemprop=\"image\" itemscope=\"itemscope\" itemtype=\"https:\/\/schema.org\/ImageObject\"  ><div class='avia-image-container-inner'><div class='avia-image-overlay-wrap'><img class='wp-image-531 avia-img-lazy-loading-not-531 avia_image' src='http:\/\/www.amormisericordioso.org\/wn\/wp-content\/uploads\/2015\/05\/fammuchos.jpg' alt='' title='fammuchos' height=\"339\" width=\"624\"  itemprop=\"thumbnailUrl\"  \/><\/div><\/div><\/div><br \/>\n<div  class='avia-image-container  av-styling-    avia-builder-el-8  el_after_av_image  el_before_av_hr  avia-align-center '  itemprop=\"image\" itemscope=\"itemscope\" itemtype=\"https:\/\/schema.org\/ImageObject\"  ><div class='avia-image-container-inner'><div class='avia-image-overlay-wrap'><img class='wp-image-530 avia-img-lazy-loading-not-530 avia_image' src='http:\/\/www.amormisericordioso.org\/wn\/wp-content\/uploads\/2015\/05\/fam-en-el-mundo.jpg' alt='' title='fam-en-el-mundo' height=\"339\" width=\"618\"  itemprop=\"thumbnailUrl\"  \/><\/div><\/div><\/div><br \/>\n<div   class='hr hr-default   avia-builder-el-9  el_after_av_image  el_before_av_heading '><span class='hr-inner ' ><span class='hr-inner-style'><\/span><\/span><\/div><br \/>\n<div  style='padding-bottom:10px; ' class='av-special-heading av-special-heading-h3  blockquote modern-quote  avia-builder-el-10  el_after_av_hr  el_before_av_magazine  '><h3 class='av-special-heading-tag '  itemprop=\"headline\"  >\u00daltimas noticias<\/h3><div class='special-heading-border'><div class='special-heading-inner-border' ><\/div><\/div><\/div><br \/>\n<div  id=\"1\"  class='av-magazine   avia-builder-el-11  el_after_av_heading  el_before_av_image   av-magazine-top-bar-active av-magazine-tabs-active' ><div class='av-magazine-top-bar ' ><\/div><div class='av-magazine-group sort_all'><article class='av-magazine-entry av-magazine-entry-id-2690 av-magazine-format-standard av-magazine-type-post av-magazine-entry-1 av-magazine-entry-small '  itemscope=\"itemscope\" itemtype=\"https:\/\/schema.org\/CreativeWork\" ><div class='av-magazine-thumbnail'><a href='http:\/\/www.amormisericordioso.org\/wn\/4-signos-de-esperanza-en-las-comunidades-fam-y-eam-de-fermo\/' title='Link to: 4. SIGNOS DE ESPERANZA en las comunidades FAM y EAM de Fermo' class='av-magazine-thumbnail-link '><img loading=\"lazy\" decoding=\"async\" width=\"80\" height=\"80\" src=\"http:\/\/www.amormisericordioso.org\/wn\/wp-content\/uploads\/2025\/02\/3-80x80.png\" class=\"wp-image-2669 avia-img-lazy-loading-2669 attachment-thumbnail size-thumbnail wp-post-image\" alt=\"\" srcset=\"http:\/\/www.amormisericordioso.org\/wn\/wp-content\/uploads\/2025\/02\/3-80x80.png 80w, http:\/\/www.amormisericordioso.org\/wn\/wp-content\/uploads\/2025\/02\/3-300x300.png 300w, http:\/\/www.amormisericordioso.org\/wn\/wp-content\/uploads\/2025\/02\/3-1030x1030.png 1030w, http:\/\/www.amormisericordioso.org\/wn\/wp-content\/uploads\/2025\/02\/3-768x768.png 768w, http:\/\/www.amormisericordioso.org\/wn\/wp-content\/uploads\/2025\/02\/3-36x36.png 36w, http:\/\/www.amormisericordioso.org\/wn\/wp-content\/uploads\/2025\/02\/3-180x180.png 180w, http:\/\/www.amormisericordioso.org\/wn\/wp-content\/uploads\/2025\/02\/3-705x705.png 705w, http:\/\/www.amormisericordioso.org\/wn\/wp-content\/uploads\/2025\/02\/3.png 1080w\" sizes=\"auto, (max-width: 80px) 100vw, 80px\" \/><\/a><\/div><div class='av-magazine-content-wrap'><header class='entry-content-header'><time class='av-magazine-time updated'  itemprop=\"datePublished\" datetime=\"2025-04-28T03:28:38-06:00\" >28 abril, 2025<\/time><h3 class='av-magazine-title entry-title '  itemprop=\"headline\" ><a href='http:\/\/www.amormisericordioso.org\/wn\/4-signos-de-esperanza-en-las-comunidades-fam-y-eam-de-fermo\/' title='Link to: 4. SIGNOS DE ESPERANZA en las comunidades FAM y EAM de Fermo'>4. SIGNOS DE ESPERANZA en las comunidades FAM y EAM de Fermo<\/a><\/h3><\/header><\/div><footer class='entry-footer'><\/footer><\/article><article class='av-magazine-entry av-magazine-entry-id-2681 av-magazine-format-standard av-magazine-type-post av-magazine-entry-2 av-magazine-entry-small '  itemscope=\"itemscope\" itemtype=\"https:\/\/schema.org\/CreativeWork\" ><div class='av-magazine-thumbnail'><a href='http:\/\/www.amormisericordioso.org\/wn\/3-signos-de-esperanza-en-la-comunidad-eam-de-romania\/' title='Link to: 3. SIGNOS DE ESPERANZA en la comunidad EAM de Romania' class='av-magazine-thumbnail-link '><img loading=\"lazy\" decoding=\"async\" width=\"80\" height=\"80\" src=\"http:\/\/www.amormisericordioso.org\/wn\/wp-content\/uploads\/2025\/02\/3-80x80.png\" class=\"wp-image-2669 avia-img-lazy-loading-2669 attachment-thumbnail size-thumbnail wp-post-image\" alt=\"\" srcset=\"http:\/\/www.amormisericordioso.org\/wn\/wp-content\/uploads\/2025\/02\/3-80x80.png 80w, http:\/\/www.amormisericordioso.org\/wn\/wp-content\/uploads\/2025\/02\/3-300x300.png 300w, http:\/\/www.amormisericordioso.org\/wn\/wp-content\/uploads\/2025\/02\/3-1030x1030.png 1030w, http:\/\/www.amormisericordioso.org\/wn\/wp-content\/uploads\/2025\/02\/3-768x768.png 768w, http:\/\/www.amormisericordioso.org\/wn\/wp-content\/uploads\/2025\/02\/3-36x36.png 36w, http:\/\/www.amormisericordioso.org\/wn\/wp-content\/uploads\/2025\/02\/3-180x180.png 180w, http:\/\/www.amormisericordioso.org\/wn\/wp-content\/uploads\/2025\/02\/3-705x705.png 705w, http:\/\/www.amormisericordioso.org\/wn\/wp-content\/uploads\/2025\/02\/3.png 1080w\" sizes=\"auto, (max-width: 80px) 100vw, 80px\" \/><\/a><\/div><div class='av-magazine-content-wrap'><header class='entry-content-header'><time class='av-magazine-time updated'  itemprop=\"datePublished\" datetime=\"2025-03-18T04:51:16-06:00\" >18 marzo, 2025<\/time><h3 class='av-magazine-title entry-title '  itemprop=\"headline\" ><a href='http:\/\/www.amormisericordioso.org\/wn\/3-signos-de-esperanza-en-la-comunidad-eam-de-romania\/' title='Link to: 3. SIGNOS DE ESPERANZA en la comunidad EAM de Romania'>3. SIGNOS DE ESPERANZA en la comunidad EAM de Romania<\/a><\/h3><\/header><\/div><footer class='entry-footer'><\/footer><\/article><article class='av-magazine-entry av-magazine-entry-id-2672 av-magazine-format-standard av-magazine-type-post av-magazine-entry-3 av-magazine-entry-small '  itemscope=\"itemscope\" itemtype=\"https:\/\/schema.org\/CreativeWork\" ><div class='av-magazine-thumbnail'><a href='http:\/\/www.amormisericordioso.org\/wn\/2-signos-de-esperanza-en-la-comunidad-fam-de-romania\/' title='Link to: 2. SIGNOS DE ESPERANZA en la comunidad FAM de Romania' class='av-magazine-thumbnail-link '><img loading=\"lazy\" decoding=\"async\" width=\"80\" height=\"80\" src=\"http:\/\/www.amormisericordioso.org\/wn\/wp-content\/uploads\/2025\/02\/3-80x80.png\" class=\"wp-image-2669 avia-img-lazy-loading-2669 attachment-thumbnail size-thumbnail wp-post-image\" alt=\"\" srcset=\"http:\/\/www.amormisericordioso.org\/wn\/wp-content\/uploads\/2025\/02\/3-80x80.png 80w, http:\/\/www.amormisericordioso.org\/wn\/wp-content\/uploads\/2025\/02\/3-300x300.png 300w, http:\/\/www.amormisericordioso.org\/wn\/wp-content\/uploads\/2025\/02\/3-1030x1030.png 1030w, http:\/\/www.amormisericordioso.org\/wn\/wp-content\/uploads\/2025\/02\/3-768x768.png 768w, http:\/\/www.amormisericordioso.org\/wn\/wp-content\/uploads\/2025\/02\/3-36x36.png 36w, http:\/\/www.amormisericordioso.org\/wn\/wp-content\/uploads\/2025\/02\/3-180x180.png 180w, http:\/\/www.amormisericordioso.org\/wn\/wp-content\/uploads\/2025\/02\/3-705x705.png 705w, http:\/\/www.amormisericordioso.org\/wn\/wp-content\/uploads\/2025\/02\/3.png 1080w\" sizes=\"auto, (max-width: 80px) 100vw, 80px\" \/><\/a><\/div><div class='av-magazine-content-wrap'><header class='entry-content-header'><time class='av-magazine-time updated'  itemprop=\"datePublished\" datetime=\"2025-03-18T04:42:24-06:00\" >18 marzo, 2025<\/time><h3 class='av-magazine-title entry-title '  itemprop=\"headline\" ><a href='http:\/\/www.amormisericordioso.org\/wn\/2-signos-de-esperanza-en-la-comunidad-fam-de-romania\/' title='Link to: 2. SIGNOS DE ESPERANZA en la comunidad FAM de Romania'>2. SIGNOS DE ESPERANZA en la comunidad FAM de Romania<\/a><\/h3><\/header><\/div><footer class='entry-footer'><\/footer><\/article><article class='av-magazine-entry av-magazine-entry-id-2666 av-magazine-format-standard av-magazine-type-post av-magazine-entry-4 av-magazine-entry-small '  itemscope=\"itemscope\" itemtype=\"https:\/\/schema.org\/CreativeWork\" ><div class='av-magazine-thumbnail'><a href='http:\/\/www.amormisericordioso.org\/wn\/1-todo-por-amor-abrazar-a-los-hermanos-y-hermanas-con-amor-y-misericordia\/' title='Link to: 1. TODO POR AMOR: abrazar a los hermanos y hermanas con amor y misericordia' class='av-magazine-thumbnail-link '><img loading=\"lazy\" decoding=\"async\" width=\"80\" height=\"80\" src=\"http:\/\/www.amormisericordioso.org\/wn\/wp-content\/uploads\/2025\/02\/3-80x80.png\" class=\"wp-image-2669 avia-img-lazy-loading-2669 attachment-thumbnail size-thumbnail wp-post-image\" alt=\"\" srcset=\"http:\/\/www.amormisericordioso.org\/wn\/wp-content\/uploads\/2025\/02\/3-80x80.png 80w, http:\/\/www.amormisericordioso.org\/wn\/wp-content\/uploads\/2025\/02\/3-300x300.png 300w, http:\/\/www.amormisericordioso.org\/wn\/wp-content\/uploads\/2025\/02\/3-1030x1030.png 1030w, http:\/\/www.amormisericordioso.org\/wn\/wp-content\/uploads\/2025\/02\/3-768x768.png 768w, http:\/\/www.amormisericordioso.org\/wn\/wp-content\/uploads\/2025\/02\/3-36x36.png 36w, http:\/\/www.amormisericordioso.org\/wn\/wp-content\/uploads\/2025\/02\/3-180x180.png 180w, http:\/\/www.amormisericordioso.org\/wn\/wp-content\/uploads\/2025\/02\/3-705x705.png 705w, http:\/\/www.amormisericordioso.org\/wn\/wp-content\/uploads\/2025\/02\/3.png 1080w\" sizes=\"auto, (max-width: 80px) 100vw, 80px\" \/><\/a><\/div><div class='av-magazine-content-wrap'><header class='entry-content-header'><time class='av-magazine-time updated'  itemprop=\"datePublished\" datetime=\"2025-02-15T01:15:48-06:00\" >15 febrero, 2025<\/time><h3 class='av-magazine-title entry-title '  itemprop=\"headline\" ><a href='http:\/\/www.amormisericordioso.org\/wn\/1-todo-por-amor-abrazar-a-los-hermanos-y-hermanas-con-amor-y-misericordia\/' title='Link to: 1. TODO POR AMOR: abrazar a los hermanos y hermanas con amor y misericordia'>1. TODO POR AMOR: abrazar a los hermanos y hermanas con amor y misericordia<\/a><\/h3><\/header><\/div><footer class='entry-footer'><\/footer><\/article><article class='av-magazine-entry av-magazine-entry-id-2662 av-magazine-format-standard av-magazine-type-post av-magazine-entry-5 av-magazine-entry-small '  itemscope=\"itemscope\" itemtype=\"https:\/\/schema.org\/CreativeWork\" ><div class='av-magazine-thumbnail'><a href='http:\/\/www.amormisericordioso.org\/wn\/xiii-capitulo-general-eam-comunicado-n-7\/' title='Link to: XIII Cap\u00ectulo General EAM &#8211; Comunicado n\u00b0 7' class='av-magazine-thumbnail-link '><img loading=\"lazy\" decoding=\"async\" width=\"80\" height=\"80\" src=\"http:\/\/www.amormisericordioso.org\/wn\/wp-content\/uploads\/2022\/02\/17-80x80.png\" class=\"wp-image-2632 avia-img-lazy-loading-2632 attachment-thumbnail size-thumbnail wp-post-image\" alt=\"\" srcset=\"http:\/\/www.amormisericordioso.org\/wn\/wp-content\/uploads\/2022\/02\/17-80x80.png 80w, http:\/\/www.amormisericordioso.org\/wn\/wp-content\/uploads\/2022\/02\/17-300x300.png 300w, http:\/\/www.amormisericordioso.org\/wn\/wp-content\/uploads\/2022\/02\/17-1030x1030.png 1030w, http:\/\/www.amormisericordioso.org\/wn\/wp-content\/uploads\/2022\/02\/17-768x768.png 768w, http:\/\/www.amormisericordioso.org\/wn\/wp-content\/uploads\/2022\/02\/17-36x36.png 36w, http:\/\/www.amormisericordioso.org\/wn\/wp-content\/uploads\/2022\/02\/17-180x180.png 180w, http:\/\/www.amormisericordioso.org\/wn\/wp-content\/uploads\/2022\/02\/17-705x705.png 705w, http:\/\/www.amormisericordioso.org\/wn\/wp-content\/uploads\/2022\/02\/17.png 1080w\" sizes=\"auto, (max-width: 80px) 100vw, 80px\" \/><\/a><\/div><div class='av-magazine-content-wrap'><header class='entry-content-header'><time class='av-magazine-time updated'  itemprop=\"datePublished\" datetime=\"2022-02-22T07:27:55-06:00\" >22 febrero, 2022<\/time><h3 class='av-magazine-title entry-title '  itemprop=\"headline\" ><a href='http:\/\/www.amormisericordioso.org\/wn\/xiii-capitulo-general-eam-comunicado-n-7\/' title='Link to: XIII Cap\u00ectulo General EAM &#8211; Comunicado n\u00b0 7'>XIII Cap\u00ectulo General EAM &#8211; Comunicado n\u00b0 7<\/a><\/h3><\/header><\/div><footer class='entry-footer'><\/footer><\/article><\/div><\/div><br \/>\n<div  class='avia-image-container  av-styling-    avia-builder-el-12  el_after_av_magazine  avia-builder-el-last  avia-align-center '  itemprop=\"image\" itemscope=\"itemscope\" itemtype=\"https:\/\/schema.org\/ImageObject\"  ><div class='avia-image-container-inner'><div class='avia-image-overlay-wrap'><img class='wp-image-596 avia-img-lazy-loading-not-596 avia_image' src='http:\/\/www.amormisericordioso.org\/wn\/wp-content\/uploads\/2015\/05\/banner-galeria-secciones.png' alt='' title='banner-galeria-secciones' height=\"634\" width=\"646\"  itemprop=\"thumbnailUrl\"  \/><\/div><\/div><\/div><\/p>\n<\/div><\/div><\/div>\n","protected":false},"excerpt":{"rendered":"","protected":false},"author":1,"featured_media":0,"parent":863,"menu_order":0,"comment_status":"closed","ping_status":"closed","template":"","meta":{"_bbp_topic_count":0,"_bbp_reply_count":0,"_bbp_total_topic_count":0,"_bbp_total_reply_count":0,"_bbp_voice_count":0,"_bbp_anonymous_reply_count":0,"_bbp_topic_count_hidden":0,"_bbp_reply_count_hidden":0,"_bbp_forum_subforum_count":0,"_exactmetrics_skip_tracking":false,"_exactmetrics_sitenote_active":false,"_exactmetrics_sitenote_note":"","_exactmetrics_sitenote_category":0,"footnotes":""},"class_list":["post-1122","page","type-page","status-publish","hentry"],"_links":{"self":[{"href":"http:\/\/www.amormisericordioso.org\/wn\/wp-json\/wp\/v2\/pages\/1122","targetHints":{"allow":["GET"]}}],"collection":[{"href":"http:\/\/www.amormisericordioso.org\/wn\/wp-json\/wp\/v2\/pages"}],"about":[{"href":"http:\/\/www.amormisericordioso.org\/wn\/wp-json\/wp\/v2\/types\/page"}],"author":[{"embeddable":true,"href":"http:\/\/www.amormisericordioso.org\/wn\/wp-json\/wp\/v2\/users\/1"}],"replies":[{"embeddable":true,"href":"http:\/\/www.amormisericordioso.org\/wn\/wp-json\/wp\/v2\/comments?post=1122"}],"version-history":[{"count":2,"href":"http:\/\/www.amormisericordioso.org\/wn\/wp-json\/wp\/v2\/pages\/1122\/revisions"}],"predecessor-version":[{"id":2456,"href":"http:\/\/www.amormisericordioso.org\/wn\/wp-json\/wp\/v2\/pages\/1122\/revisions\/2456"}],"up":[{"embeddable":true,"href":"http:\/\/www.amormisericordioso.org\/wn\/wp-json\/wp\/v2\/pages\/863"}],"wp:attachment":[{"href":"http:\/\/www.amormisericordioso.org\/wn\/wp-json\/wp\/v2\/media?parent=1122"}],"curies":[{"name":"wp","href":"https:\/\/api.w.org\/{rel}","templated":true}]}}