{"id":967,"date":"2016-06-16T07:26:12","date_gmt":"2016-06-16T13:26:12","guid":{"rendered":"http:\/\/gananegocio.com\/fam\/?page_id=967"},"modified":"2019-05-01T10:19:13","modified_gmt":"2019-05-01T16:19:13","slug":"cripta","status":"publish","type":"page","link":"http:\/\/www.amormisericordioso.org\/ro\/sanctuarul-din-collevalenza\/cripta\/","title":{"rendered":"Cripta"},"content":{"rendered":"<div id='av-layout-grid-1'  class='av-layout-grid-container entry-content-wrapper main_color av-flex-cells     avia-builder-el-0  avia-builder-el-no-sibling  container_wrap sidebar_right' style=' '  >\n<div class=\"flex_cell no_margin av_three_fourth  avia-builder-el-1  el_before_av_cell_one_fourth  avia-builder-el-first   \"  style='vertical-align:top; padding:30px; background-color:#ffffff; ' ><div class='flex_cell_inner' ><div class='flex_column_table av-equal-height-column-flextable -flextable' style='margin-top:-60px; margin-bottom:0px; '><div class=\"flex_column av_one_full  no_margin flex_column_table_cell av-equal-height-column av-align-top first  avia-builder-el-2  avia-builder-el-no-sibling  \" style='padding:30px; background-color:#ffffff; border-radius:0px; '><p><div  class='avia-image-container  av-styling-    avia-builder-el-3  el_before_av_heading  avia-builder-el-first  avia-align-center '  itemprop=\"image\" itemscope=\"itemscope\" itemtype=\"https:\/\/schema.org\/ImageObject\"  ><div class='avia-image-container-inner'><div class='avia-image-overlay-wrap'><img class='wp-image-2613 avia-img-lazy-loading-not-2613 avia_image' src='http:\/\/www.amormisericordioso.org\/ro\/wp-content\/uploads\/2016\/06\/primary-original-4-1.jpg' alt='' title='primary-original-4' height=\"339\" width=\"624\"  itemprop=\"thumbnailUrl\"  \/><\/div><\/div><\/div><br \/>\n<div  style='padding-bottom:0px; ' class='av-special-heading av-special-heading-h1  blockquote modern-quote  avia-builder-el-4  el_after_av_image  el_before_av_textblock  '><h1 class='av-special-heading-tag '  itemprop=\"headline\"  >Cripta<\/h1><div class='special-heading-border'><div class='special-heading-inner-border' ><\/div><\/div><\/div><br \/>\n<section class=\"av_textblock_section \"  itemscope=\"itemscope\" itemtype=\"https:\/\/schema.org\/CreativeWork\" ><div class='avia_textblock  '  style='font-size:18px; '  itemprop=\"text\" ><p align=\"justify\"><strong><a href=\"http:\/\/www.amormisericordioso.org\/ws\/images\/articles\/31\/Presbiterio%20de%20la%20Cripta.jpg\"><img loading=\"lazy\" decoding=\"async\" class=\"alignleft\" src=\"http:\/\/www.amormisericordioso.org\/ws\/images\/articles\/31\/Presbiterio%20de%20la%20Cripta.jpg\" alt=\"\" width=\"275\" height=\"196\" align=\"left\" border=\"0\" hspace=\"5\" vspace=\"5\" \/><\/a>Sub Bazilic\u0103 \u00ee\u015fi are locul Cripta<\/strong>. O atmosfer\u0103 de lini\u015fte domne\u015fte \u00een aceast\u0103 biseric\u0103 inferioar\u0103, ascuns\u0103 pe jum\u0103tate \u00een p\u0103m\u00e2nt, unit\u0103 prin arhitectur\u0103 de biserica superioar\u0103 de la care prime\u015fte lumin\u0103 \u015fi de care se leag\u0103 printr-o scar\u0103 elicoidal\u0103, cu pere\u0163ii acoperi\u0163i \u00een c\u0103r\u0103mid\u0103, ce face s\u0103 se asemene cu un co\u015f de r\u0103chit\u0103.<\/p>\n<p align=\"justify\">Cripta este dedicat\u0103 Mariei Mijlocitoare; un\u00a0<strong>mozaic deasupra altarului<\/strong>, opera pictorului Villalta, reprezint\u0103 cobor\u00e2rea Duhului Sf\u00e2nt asupra Mariei \u015fi a apostolilor reuni\u0163i \u00een Cenaclu.<\/p>\n<p align=\"justify\"><a href=\"http:\/\/www.amormisericordioso.org\/ws\/images\/articles\/31\/Mosaico%20de%20la%20cripta.jpg\"><img loading=\"lazy\" decoding=\"async\" class=\"alignright\" src=\"http:\/\/www.amormisericordioso.org\/ws\/images\/articles\/31\/Mosaico%20de%20la%20cripta.jpg\" alt=\"\" width=\"292\" height=\"208\" align=\"right\" border=\"0\" hspace=\"5\" vspace=\"5\" \/><\/a>&#8220;Maria este \u015fi cea care, \u00een mod deosebit \u015fi excep\u0163ional &#8211; ca nimeni altul &#8211; a experimentat milostivirea \u015fi \u00een acela\u015fi timp, tot \u00een mod excep\u0163ional, a f\u0103cut posibil\u0103, prin jertfa inimii, propria-i participare la revelarea milostivirii divine&#8221; (Dives in misericordia nr. 9).<\/p>\n<p align=\"justify\">\u00cen spatele altarului este situat\u00a0<strong>morm\u00e2ntul Maicii Speran\u0163a<\/strong>, simplu, original, ca un bob de gr\u00e2u ce despic\u0103 p\u0103m\u00e2ntul \u015fi anun\u0163\u0103 o nou\u0103 recolt\u0103, Biserica re\u00eennoit\u0103 de Iubirea Milostiv\u0103, c\u0103rei re\u00eennoiri Maica Speran\u0163a \u00eei este martor.<\/p>\n<p align=\"justify\">La st\u00e2nga morm\u00e2ntului ei, \u00eentr-o capel\u0103, \u015fi-a g\u0103sit locul o imagine a Sfintei Fecioare,\u00a0<strong>Virgen de\u00a0la Fuensanta<\/strong>, patroana Murciei (Spania), regiunea natal\u0103 a Maicii Speran\u0163a.<\/p>\n<p align=\"justify\"><a href=\"http:\/\/www.amormisericordioso.org\/ws\/images\/articles\/31\/La%20Tumba%20de%20la%20Madre%20II.jpg\"><img loading=\"lazy\" decoding=\"async\" class=\"alignleft\" src=\"http:\/\/www.amormisericordioso.org\/ws\/images\/articles\/31\/La%20Tumba%20de%20la%20Madre%20II.jpg\" alt=\"\" width=\"258\" height=\"205\" align=\"left\" border=\"0\" hspace=\"5\" vspace=\"5\" \/><\/a>\u00centr-o zon\u0103 mai elevat\u0103, la intrarea \u00een Cript\u0103, sunt a\u015fezate c\u00e2teva\u00a0<strong>scaune de spovad\u0103<\/strong>. Bunul Isus \u00eel prime\u015fte pe p\u0103c\u0103tosul convertit \u015fi \u00eel \u00eembr\u0103\u0163i\u015feaz\u0103 cu iubirea lui milostiv\u0103.<\/p>\n<\/div><\/section><\/p><\/div><\/div><!--close column table wrapper. Autoclose: 1 -->\n<\/div><\/div><div class=\"flex_cell no_margin av_one_fourth  avia-builder-el-6  el_after_av_cell_three_fourth  avia-builder-el-last   \"  style='vertical-align:top; padding:30px; background-color:#ffffff; ' ><div class='flex_cell_inner' ><p><div class=\"flex_column av_one_full  flex_column_div av-zero-column-padding first  avia-builder-el-7  el_before_av_hr  avia-builder-el-first  \" style='border-radius:0px; '><p><div  class='avia-image-container  av-styling-    avia-builder-el-8  el_before_av_image  avia-builder-el-first  avia-align-center '  itemprop=\"image\" itemscope=\"itemscope\" itemtype=\"https:\/\/schema.org\/ImageObject\"  ><div class='avia-image-container-inner'><div class='avia-image-overlay-wrap'><a href='http:\/\/www.collevalenza.it' class='avia_image' target=\"_blank\" rel=\"noopener\"><img class='wp-image-1662 avia-img-lazy-loading-not-1662 avia_image' src='http:\/\/www.amormisericordioso.org\/ro\/wp-content\/uploads\/2015\/05\/Collevalenza02.jpg' alt='' title='collevalenza02'  itemprop=\"thumbnailUrl\"  \/><\/a><\/div><\/div><\/div><br \/>\n<div  class='avia-image-container  av-styling-    avia-builder-el-9  el_after_av_image  el_before_av_image  avia-align-center '  itemprop=\"image\" itemscope=\"itemscope\" itemtype=\"https:\/\/schema.org\/ImageObject\"  ><div class='avia-image-container-inner'><div class='avia-image-overlay-wrap'><a href='http:\/\/www.amormisericordioso.org\/ro\/fericita-speranta-a-lui-isus\/' class='avia_image'  ><img class='wp-image-764 avia-img-lazy-loading-not-764 avia_image' src='http:\/\/www.amormisericordioso.org\/ro\/wp-content\/uploads\/2015\/10\/primary-original.jpg' alt='' title='primary-original'  itemprop=\"thumbnailUrl\"  \/><\/a><\/div><\/div><\/div><br \/>\n<div  class='avia-image-container  av-styling-    avia-builder-el-10  el_after_av_image  avia-builder-el-last  avia-align-center '  itemprop=\"image\" itemscope=\"itemscope\" itemtype=\"https:\/\/schema.org\/ImageObject\"  ><div class='avia-image-container-inner'><div class='avia-image-overlay-wrap'><a href='http:\/\/www.amormisericordioso.org\/ro\/familia-iubirii-milostive\/ubicacion-en-el-mundo\/' class='avia_image'  ><img class='wp-image-530 avia-img-lazy-loading-not-530 avia_image' src='http:\/\/www.amormisericordioso.org\/ro\/wp-content\/uploads\/2015\/05\/Mapa-en-el-Mundo-FAM-rumano.jpg' alt='' title='Mapa-en-el-Mundo-FAM-rumano'  itemprop=\"thumbnailUrl\"  \/><\/a><\/div><\/div><\/div><\/p><\/div><div   class='hr hr-default   avia-builder-el-11  el_after_av_one_full  el_before_av_heading '><span class='hr-inner ' ><span class='hr-inner-style'><\/span><\/span><\/div><br \/>\n<div  style='padding-bottom:10px; ' class='av-special-heading av-special-heading-h3  blockquote modern-quote  avia-builder-el-12  el_after_av_hr  el_before_av_magazine  '><h3 class='av-special-heading-tag '  itemprop=\"headline\"  >\u00daltimas noticias<\/h3><div class='special-heading-border'><div class='special-heading-inner-border' ><\/div><\/div><\/div><br \/>\n<div  id=\"1\"  class='av-magazine   avia-builder-el-13  el_after_av_heading  el_before_av_image   av-magazine-top-bar-active av-magazine-tabs-active' ><div class='av-magazine-top-bar ' ><\/div><div class='av-magazine-group sort_all'><article class='av-magazine-entry av-magazine-entry-id-3118 av-magazine-format-standard av-magazine-type-post av-magazine-entry-1 av-magazine-entry-small '  itemscope=\"itemscope\" itemtype=\"https:\/\/schema.org\/CreativeWork\" ><div class='av-magazine-thumbnail'><a href='http:\/\/www.amormisericordioso.org\/ro\/barticesti-te-am-iubit-cu-o-iubire-vesnica-zile-de-reculegere-pentru-tineri\/' title='Link to: Bartice\u015fti: &#8220;Te-am iubit cu o iubire ve\u015fnic\u0103&#8221;. Zile de reculegere pentru tineri' class='av-magazine-thumbnail-link '><img loading=\"lazy\" decoding=\"async\" width=\"80\" height=\"80\" src=\"http:\/\/www.amormisericordioso.org\/ro\/wp-content\/uploads\/2022\/04\/IMG-20220422-WA0073-1-80x80.jpg\" class=\"wp-image-3186 avia-img-lazy-loading-3186 attachment-thumbnail size-thumbnail wp-post-image\" alt=\"\" srcset=\"http:\/\/www.amormisericordioso.org\/ro\/wp-content\/uploads\/2022\/04\/IMG-20220422-WA0073-1-80x80.jpg 80w, http:\/\/www.amormisericordioso.org\/ro\/wp-content\/uploads\/2022\/04\/IMG-20220422-WA0073-1-36x36.jpg 36w, http:\/\/www.amormisericordioso.org\/ro\/wp-content\/uploads\/2022\/04\/IMG-20220422-WA0073-1-180x180.jpg 180w\" sizes=\"auto, (max-width: 80px) 100vw, 80px\" \/><\/a><\/div><div class='av-magazine-content-wrap'><header class='entry-content-header'><time class='av-magazine-time updated'  itemprop=\"datePublished\" datetime=\"2022-04-24T14:21:41-06:00\" >24 abril, 2022<\/time><h3 class='av-magazine-title entry-title '  itemprop=\"headline\" ><a href='http:\/\/www.amormisericordioso.org\/ro\/barticesti-te-am-iubit-cu-o-iubire-vesnica-zile-de-reculegere-pentru-tineri\/' title='Link to: Bartice\u015fti: &#8220;Te-am iubit cu o iubire ve\u015fnic\u0103&#8221;. Zile de reculegere pentru tineri'>Bartice\u015fti: &#8220;Te-am iubit cu o iubire ve\u015fnic\u0103&#8221;. Zile de reculegere pentru tineri<\/a><\/h3><\/header><\/div><footer class='entry-footer'><\/footer><\/article><article class='av-magazine-entry av-magazine-entry-id-3112 av-magazine-format-standard av-magazine-type-post av-magazine-entry-2 av-magazine-entry-small '  itemscope=\"itemscope\" itemtype=\"https:\/\/schema.org\/CreativeWork\" ><div class='av-magazine-thumbnail'><a href='http:\/\/www.amormisericordioso.org\/ro\/s-a-nascut-mantuitor-isus-cristos\/' title='Link to: S-A N\u0102SCUT M\u00c2NTUITOR, ISUS CRISTOS' class='av-magazine-thumbnail-link '><img loading=\"lazy\" decoding=\"async\" width=\"80\" height=\"80\" src=\"http:\/\/www.amormisericordioso.org\/ro\/wp-content\/uploads\/2021\/12\/R-9-80x80.jpg\" class=\"wp-image-3114 avia-img-lazy-loading-3114 attachment-thumbnail size-thumbnail wp-post-image\" alt=\"\" srcset=\"http:\/\/www.amormisericordioso.org\/ro\/wp-content\/uploads\/2021\/12\/R-9-80x80.jpg 80w, http:\/\/www.amormisericordioso.org\/ro\/wp-content\/uploads\/2021\/12\/R-9-36x36.jpg 36w, http:\/\/www.amormisericordioso.org\/ro\/wp-content\/uploads\/2021\/12\/R-9-180x180.jpg 180w\" sizes=\"auto, (max-width: 80px) 100vw, 80px\" \/><\/a><\/div><div class='av-magazine-content-wrap'><header class='entry-content-header'><time class='av-magazine-time updated'  itemprop=\"datePublished\" datetime=\"2021-12-25T10:00:02-06:00\" >25 diciembre, 2021<\/time><h3 class='av-magazine-title entry-title '  itemprop=\"headline\" ><a href='http:\/\/www.amormisericordioso.org\/ro\/s-a-nascut-mantuitor-isus-cristos\/' title='Link to: S-A N\u0102SCUT M\u00c2NTUITOR, ISUS CRISTOS'>S-A N\u0102SCUT M\u00c2NTUITOR, ISUS CRISTOS<\/a><\/h3><\/header><\/div><footer class='entry-footer'><\/footer><\/article><article class='av-magazine-entry av-magazine-entry-id-3106 av-magazine-format-standard av-magazine-type-post av-magazine-entry-3 av-magazine-entry-small '  itemscope=\"itemscope\" itemtype=\"https:\/\/schema.org\/CreativeWork\" ><div class='av-magazine-thumbnail'><a href='http:\/\/www.amormisericordioso.org\/ro\/21-11-2021-solemnitatea-lui-cristos-regele-universului\/' title='Link to: 21\/11\/2021: Solemnitatea lui Cristos Regele universului' class='av-magazine-thumbnail-link '><img loading=\"lazy\" decoding=\"async\" width=\"80\" height=\"80\" src=\"http:\/\/www.amormisericordioso.org\/ro\/wp-content\/uploads\/2021\/11\/23795673_10210564688693706_4898416747190409627_n-80x80.jpg\" class=\"wp-image-3108 avia-img-lazy-loading-3108 attachment-thumbnail size-thumbnail wp-post-image\" alt=\"\" srcset=\"http:\/\/www.amormisericordioso.org\/ro\/wp-content\/uploads\/2021\/11\/23795673_10210564688693706_4898416747190409627_n-80x80.jpg 80w, http:\/\/www.amormisericordioso.org\/ro\/wp-content\/uploads\/2021\/11\/23795673_10210564688693706_4898416747190409627_n-36x36.jpg 36w, http:\/\/www.amormisericordioso.org\/ro\/wp-content\/uploads\/2021\/11\/23795673_10210564688693706_4898416747190409627_n-180x180.jpg 180w\" sizes=\"auto, (max-width: 80px) 100vw, 80px\" \/><\/a><\/div><div class='av-magazine-content-wrap'><header class='entry-content-header'><time class='av-magazine-time updated'  itemprop=\"datePublished\" datetime=\"2021-11-21T06:00:32-06:00\" >21 noviembre, 2021<\/time><h3 class='av-magazine-title entry-title '  itemprop=\"headline\" ><a href='http:\/\/www.amormisericordioso.org\/ro\/21-11-2021-solemnitatea-lui-cristos-regele-universului\/' title='Link to: 21\/11\/2021: Solemnitatea lui Cristos Regele universului'>21\/11\/2021: Solemnitatea lui Cristos Regele universului<\/a><\/h3><\/header><\/div><footer class='entry-footer'><\/footer><\/article><article class='av-magazine-entry av-magazine-entry-id-3052 av-magazine-format-standard av-magazine-type-post av-magazine-entry-4 av-magazine-entry-small '  itemscope=\"itemscope\" itemtype=\"https:\/\/schema.org\/CreativeWork\" ><div class='av-magazine-thumbnail'><a href='http:\/\/www.amormisericordioso.org\/ro\/luncani-campusul-pentru-tineri-adevarul-va-va-elibera\/' title='Link to: Luncani: Campusul pentru tineri &#8211; &#8220;Adev\u0103rul v\u0103 va elibera!&#8221;' class='av-magazine-thumbnail-link '><img loading=\"lazy\" decoding=\"async\" width=\"80\" height=\"80\" src=\"http:\/\/www.amormisericordioso.org\/ro\/wp-content\/uploads\/2021\/08\/IMG-20210729-WA0015-80x80.jpg\" class=\"wp-image-3069 avia-img-lazy-loading-3069 attachment-thumbnail size-thumbnail wp-post-image\" alt=\"\" srcset=\"http:\/\/www.amormisericordioso.org\/ro\/wp-content\/uploads\/2021\/08\/IMG-20210729-WA0015-80x80.jpg 80w, http:\/\/www.amormisericordioso.org\/ro\/wp-content\/uploads\/2021\/08\/IMG-20210729-WA0015-36x36.jpg 36w, http:\/\/www.amormisericordioso.org\/ro\/wp-content\/uploads\/2021\/08\/IMG-20210729-WA0015-180x180.jpg 180w\" sizes=\"auto, (max-width: 80px) 100vw, 80px\" \/><\/a><\/div><div class='av-magazine-content-wrap'><header class='entry-content-header'><time class='av-magazine-time updated'  itemprop=\"datePublished\" datetime=\"2021-08-01T12:34:41-06:00\" >1 agosto, 2021<\/time><h3 class='av-magazine-title entry-title '  itemprop=\"headline\" ><a href='http:\/\/www.amormisericordioso.org\/ro\/luncani-campusul-pentru-tineri-adevarul-va-va-elibera\/' title='Link to: Luncani: Campusul pentru tineri &#8211; &#8220;Adev\u0103rul v\u0103 va elibera!&#8221;'>Luncani: Campusul pentru tineri &#8211; &#8220;Adev\u0103rul v\u0103 va elibera!&#8221;<\/a><\/h3><\/header><\/div><footer class='entry-footer'><\/footer><\/article><article class='av-magazine-entry av-magazine-entry-id-3033 av-magazine-format-standard av-magazine-type-post av-magazine-entry-5 av-magazine-entry-small '  itemscope=\"itemscope\" itemtype=\"https:\/\/schema.org\/CreativeWork\" ><div class='av-magazine-thumbnail'><a href='http:\/\/www.amormisericordioso.org\/ro\/barticesti-campus-vara-impreuna-la-centrul-maica-speranta\/' title='Link to: Bartice\u015fti: Campus &#8220;Vara \u00eempreun\u0103&#8221; la Centrul &#8220;Maica Speran\u0163a&#8221;' class='av-magazine-thumbnail-link '><img loading=\"lazy\" decoding=\"async\" width=\"80\" height=\"80\" src=\"http:\/\/www.amormisericordioso.org\/ro\/wp-content\/uploads\/2021\/07\/202107040-4-80x80.jpg\" class=\"wp-image-3039 avia-img-lazy-loading-3039 attachment-thumbnail size-thumbnail wp-post-image\" alt=\"\" srcset=\"http:\/\/www.amormisericordioso.org\/ro\/wp-content\/uploads\/2021\/07\/202107040-4-80x80.jpg 80w, http:\/\/www.amormisericordioso.org\/ro\/wp-content\/uploads\/2021\/07\/202107040-4-36x36.jpg 36w, http:\/\/www.amormisericordioso.org\/ro\/wp-content\/uploads\/2021\/07\/202107040-4-180x180.jpg 180w\" sizes=\"auto, (max-width: 80px) 100vw, 80px\" \/><\/a><\/div><div class='av-magazine-content-wrap'><header class='entry-content-header'><time class='av-magazine-time updated'  itemprop=\"datePublished\" datetime=\"2021-07-22T02:56:40-06:00\" >22 julio, 2021<\/time><h3 class='av-magazine-title entry-title '  itemprop=\"headline\" ><a href='http:\/\/www.amormisericordioso.org\/ro\/barticesti-campus-vara-impreuna-la-centrul-maica-speranta\/' title='Link to: Bartice\u015fti: Campus &#8220;Vara \u00eempreun\u0103&#8221; la Centrul &#8220;Maica Speran\u0163a&#8221;'>Bartice\u015fti: Campus &#8220;Vara \u00eempreun\u0103&#8221; la Centrul &#8220;Maica Speran\u0163a&#8221;<\/a><\/h3><\/header><\/div><footer class='entry-footer'><\/footer><\/article><\/div><\/div><br \/>\n<div  class='avia-image-container  av-styling-    avia-builder-el-14  el_after_av_magazine  avia-builder-el-last  avia-align-center '  itemprop=\"image\" itemscope=\"itemscope\" itemtype=\"https:\/\/schema.org\/ImageObject\"  ><div class='avia-image-container-inner'><div class='avia-image-overlay-wrap'><a href='http:\/\/www.amormisericordioso.org\/ro\/continuturi-multimediale\/' class='avia_image'  ><img class='wp-image-596 avia-img-lazy-loading-not-596 avia_image' src='http:\/\/www.amormisericordioso.org\/ro\/wp-content\/uploads\/2015\/05\/banner-galeria-secciones-FAM-rumano.png' alt='' title='banner-galeria-secciones-FAM-rumano'  itemprop=\"thumbnailUrl\"  \/><\/a><\/div><\/div><\/div><\/p>\n<\/div><\/div><\/div>\n","protected":false},"excerpt":{"rendered":"","protected":false},"author":1,"featured_media":945,"parent":380,"menu_order":0,"comment_status":"closed","ping_status":"closed","template":"","meta":{"footnotes":""},"class_list":["post-967","page","type-page","status-publish","has-post-thumbnail","hentry"],"_links":{"self":[{"href":"http:\/\/www.amormisericordioso.org\/ro\/wp-json\/wp\/v2\/pages\/967","targetHints":{"allow":["GET"]}}],"collection":[{"href":"http:\/\/www.amormisericordioso.org\/ro\/wp-json\/wp\/v2\/pages"}],"about":[{"href":"http:\/\/www.amormisericordioso.org\/ro\/wp-json\/wp\/v2\/types\/page"}],"author":[{"embeddable":true,"href":"http:\/\/www.amormisericordioso.org\/ro\/wp-json\/wp\/v2\/users\/1"}],"replies":[{"embeddable":true,"href":"http:\/\/www.amormisericordioso.org\/ro\/wp-json\/wp\/v2\/comments?post=967"}],"version-history":[{"count":3,"href":"http:\/\/www.amormisericordioso.org\/ro\/wp-json\/wp\/v2\/pages\/967\/revisions"}],"predecessor-version":[{"id":2614,"href":"http:\/\/www.amormisericordioso.org\/ro\/wp-json\/wp\/v2\/pages\/967\/revisions\/2614"}],"up":[{"embeddable":true,"href":"http:\/\/www.amormisericordioso.org\/ro\/wp-json\/wp\/v2\/pages\/380"}],"wp:featuredmedia":[{"embeddable":true,"href":"http:\/\/www.amormisericordioso.org\/ro\/wp-json\/wp\/v2\/media\/945"}],"wp:attachment":[{"href":"http:\/\/www.amormisericordioso.org\/ro\/wp-json\/wp\/v2\/media?parent=967"}],"curies":[{"name":"wp","href":"https:\/\/api.w.org\/{rel}","templated":true}]}}