{"id":965,"date":"2016-06-16T07:24:02","date_gmt":"2016-06-16T13:24:02","guid":{"rendered":"http:\/\/gananegocio.com\/fam\/?page_id=965"},"modified":"2019-05-01T10:11:45","modified_gmt":"2019-05-01T16:11:45","slug":"bazilica","status":"publish","type":"page","link":"http:\/\/www.amormisericordioso.org\/ro\/sanctuarul-din-collevalenza\/bazilica\/","title":{"rendered":"Bazilica"},"content":{"rendered":"<div id='av-layout-grid-1'  class='av-layout-grid-container entry-content-wrapper main_color av-flex-cells     avia-builder-el-0  avia-builder-el-no-sibling  container_wrap sidebar_right' style=' '  >\n<div class=\"flex_cell no_margin av_three_fourth  avia-builder-el-1  el_before_av_cell_one_fourth  avia-builder-el-first   \"  style='vertical-align:top; padding:30px; background-color:#ffffff; ' ><div class='flex_cell_inner' ><div class='flex_column_table av-equal-height-column-flextable -flextable' style='margin-top:-60px; margin-bottom:0px; '><div class=\"flex_column av_one_full  no_margin flex_column_table_cell av-equal-height-column av-align-top first  avia-builder-el-2  avia-builder-el-no-sibling  \" style='padding:30px; background-color:#ffffff; border-radius:0px; '><p><div  class='avia-image-container  av-styling-    avia-builder-el-3  el_before_av_heading  avia-builder-el-first  avia-align-center '  itemprop=\"image\" itemscope=\"itemscope\" itemtype=\"https:\/\/schema.org\/ImageObject\"  ><div class='avia-image-container-inner'><div class='avia-image-overlay-wrap'><img class='wp-image-2587 avia-img-lazy-loading-not-2587 avia_image' src='http:\/\/www.amormisericordioso.org\/ro\/wp-content\/uploads\/2016\/06\/primary-original-6.jpg' alt='' title='primary-original (6)' height=\"339\" width=\"624\"  itemprop=\"thumbnailUrl\"  \/><\/div><\/div><\/div><br \/>\n<div  style='padding-bottom:0px; ' class='av-special-heading av-special-heading-h1  blockquote modern-quote  avia-builder-el-4  el_after_av_image  el_before_av_textblock  '><h1 class='av-special-heading-tag '  itemprop=\"headline\"  >Bazilica<\/h1><div class='special-heading-border'><div class='special-heading-inner-border' ><\/div><\/div><\/div><br \/>\n<section class=\"av_textblock_section \"  itemscope=\"itemscope\" itemtype=\"https:\/\/schema.org\/CreativeWork\" ><div class='avia_textblock  '  style='font-size:18px; '  itemprop=\"text\" ><p align=\"justify\"><a href=\"http:\/\/www.amormisericordioso.org\/ws\/images\/articles\/30\/Santuario%20de%20Collevalenza.jpg\"><img loading=\"lazy\" decoding=\"async\" class=\"alignleft\" src=\"http:\/\/www.amormisericordioso.org\/ws\/images\/articles\/30\/Santuario%20de%20Collevalenza.jpg\" alt=\"\" width=\"307\" height=\"200\" align=\"left\" border=\"0\" hspace=\"5\" vspace=\"5\" \/><\/a>\u00cen 1962 arhitectul spaniol Julio Lafuente a fost \u00eens\u0103rcinat cu construirea unei biserici \u00een stil modern \u015fi tradi\u0163ional \u00een acela\u015fi timp, care s\u0103 fie\u00a0<b>un adev\u0103rat imn a Iubirii Milostive a lui Dumnezeu<\/b>. Dup\u0103 trei ani de munc\u0103, Templul a fost consacrat \u015fi inaugurat de c\u0103tre Episcopul de Todi \u015fi Cardinalul Ottaviani, \u00een prezen\u0163a a 60 de episcopi din diferite \u0163\u0103ri \u015fi numero\u015fi pelerini.<\/p>\n<p align=\"justify\"><b><i>La intrare<\/i><\/b>\u00a0o plac\u0103 de ciment, grotesc\u0103 \u015fi joas\u0103, \u00eel oblig\u0103 pe peregrin s\u0103 mediteze asupra limitelor \u015fi fragilitatea naturii umane.<\/p>\n<p align=\"justify\"><b><i><em><a href=\"http:\/\/www.amormisericordioso.org\/ws\/images\/articles\/30\/La%20luz%20entra%20al%20Santuario.jpg\"><img loading=\"lazy\" decoding=\"async\" class=\"alignright\" src=\"http:\/\/www.amormisericordioso.org\/ws\/images\/articles\/30\/La%20luz%20entra%20al%20Santuario.jpg\" alt=\"\" width=\"217\" height=\"276\" align=\"right\" border=\"0\" hspace=\"5\" vspace=\"5\" \/><\/a><\/em>Interiorul<\/i><\/b>\u00a0este amplu, deschis, luminos, d\u00e2nd de \u00een\u0163eles m\u0103re\u0163ia iubirii \u015fi milostivirii lui Dumnezeu.<\/p>\n<p align=\"justify\"><b><i>Lumina<\/i><\/b>\u00a0este unul dintre elementele fundamentale a acestui edificiu, ca \u015fi cum ar fi materialul cel mai valoros. P\u0103trunde nu prin ferestre ci din multe \u015fi variate surse \u015fi direc\u0163ii: prin cilindrele din fa\u0163ad\u0103, prin cr\u0103p\u0103tura \u00een form\u0103 de cruce din acoperi\u015f, prin conul cupolei, prin porti\u0163ele de lumin\u0103 din cilindri de beton \u015fi c\u0103r\u0103mid\u0103, prin ferestrele dintre ace\u015fti cilindri.<\/p>\n<p align=\"justify\">\u00cen centru, pe podeaua ro\u015fie, se eviden\u0163iaz\u0103 altarul din marmur\u0103 alb\u0103, amvonul \u015fi tabernacolul; toate sunt \u00eembr\u0103\u0163i\u015fate de\u00a0<b>coroana enorm\u0103\u00a0<\/b>din cupru, eviden\u0163iind partea cea mai sacr\u0103 a templului.<\/p>\n<p align=\"justify\"><a href=\"http:\/\/www.amormisericordioso.org\/ws\/images\/articles\/30\/Organo.jpg\"><img loading=\"lazy\" decoding=\"async\" class=\"alignleft\" src=\"http:\/\/www.amormisericordioso.org\/ws\/images\/articles\/30\/Organo.jpg\" alt=\"\" width=\"203\" height=\"258\" align=\"left\" border=\"0\" hspace=\"5\" vspace=\"5\" \/><\/a>Pentru a c\u00e2nta faptele minunate ale Iubirii Milostive, \u00een spatele altarului, la dreapta,\u00a0<b>o minunat\u0103<\/b><b>org\u0103\u00a0<\/b>construit\u0103 de firma Tamburini, c\u0103reia i se adaug\u0103 trompete din diferite metale.<\/p>\n<p align=\"justify\">Bazilica este original\u0103 \u015fi pentru pere\u0163ii ei; ace\u015ftia sunt cilindri enormi, goi pe din\u0103untru, iar \u00een interioarele lor g\u0103sim\u00a0<b>diferite<\/b><b>capele<\/b>.<\/p>\n<p align=\"justify\">Al\u0103turi de tabernacol este capela dedicat\u0103\u00a0<b>Sfintei Tereza a Pruncului Isus<\/b>, apostol a Iubirii Milostive a lui Dumnezeu. I-a ap\u0103rut Maicii Speran\u0163a pe c\u00e2nd aceasta era doar o copil\u0103 \u015fi i-a spus: &#8220;Vin din partea Bunului Isus s\u0103-\u0163i spun c\u0103 tu va trebui s\u0103 continui ceea ce eu am \u00eenceput\u2026&#8221;<\/p>\n<p align=\"justify\"><a href=\"http:\/\/www.amormisericordioso.org\/ws\/images\/articles\/30\/Teresita%20del%20nino%20Jesus.jpg\"><img loading=\"lazy\" decoding=\"async\" class=\"alignright\" src=\"http:\/\/www.amormisericordioso.org\/ws\/images\/articles\/30\/Teresita%20del%20nino%20Jesus.jpg\" alt=\"\" width=\"207\" height=\"305\" align=\"right\" border=\"0\" hspace=\"5\" vspace=\"5\" \/><\/a>\u00cen capela urm\u0103toare, orienta\u0163i spre ie\u015fire, g\u0103sim tabloul original a\u00a0<b>Mariei Mijlocitoare<\/b>, cu crinul deasupra pieptului iar din crin r\u0103sare ostia care simbolizeaz\u0103 Euharistia. Cu bra\u0163ele deschise, implor\u00e2nd milostivirea de\u00a0la Fiul s\u0103u, prin atitudinea ei matern\u0103, \u00een\u0103l\u0163at\u0103 la cer, continu\u0103 s\u0103 ob\u0163in\u0103 pentru noi via\u0163\u0103 ve\u015fnic\u0103. Este lucrarea pictorului Elis Romagnoli.<\/p>\n<p align=\"justify\">Imaginea\u00a0<b>Pruncului Isus<\/b>\u00a0din capela urm\u0103toare ne aminte\u015fte cum c\u0103 Isus, mai \u00eent\u00e2i prin \u00centruparea lui ne-a dat m\u0103rturie despre Iubirea sa Milostiv\u0103, lu\u00e2nd asupra lui natura noastr\u0103 uman\u0103.<\/p>\n<p align=\"justify\"><a href=\"http:\/\/www.amormisericordioso.org\/ws\/images\/articles\/30\/Pagina57a.jpg\"><img loading=\"lazy\" decoding=\"async\" class=\"alignleft\" src=\"http:\/\/www.amormisericordioso.org\/ws\/images\/articles\/30\/Pagina57a.jpg\" alt=\"\" width=\"210\" height=\"283\" align=\"left\" border=\"0\" hspace=\"5\" vspace=\"5\" \/><\/a>Ultima capel\u0103 de pe partea dreapt\u0103 este dedicat\u0103\u00a0<b>sufletelor din purgator<\/b>. Forma pietrei din altar ne aminte\u015fte de acea milostivire care a voit \u00eenvierea trupurilor noastre la sf\u00e2r\u015fitul timpurilor, \u00een virtutea \u00cenvierii lui Isus, singurul care ar fi putut distruge moartea.<\/p>\n<p align=\"justify\">Pe partea st\u00e2ng\u0103, \u00eenaint\u00e2nd spre altar, g\u0103sim un lift care leag\u0103 Cripta cu Bazilica.<\/p>\n<p align=\"justify\">\u00cen capela urm\u0103toare o serie de tablouri prezint\u0103\u00a0<b>evenimentele cele mai importante din via\u0163a lui Isus<\/b>. A\u015fezarea lor \u00een form\u0103 de cruce atrage aten\u0163ia noastr\u0103 asupra faptului c\u0103 totul \u00een via\u0163a lui Isus a fost orientat spre Cruce, prin care s-a sacrificat pentru noi, semn a iubirii sale. Sunt opera pictorului spaniol Mariano Villalta \u015fi tot a lui este r\u0103stignitul din vitraliu de la intrarea \u00een Bazilic\u0103.<\/p>\n<p align=\"justify\"><a href=\"http:\/\/www.amormisericordioso.org\/ws\/images\/articles\/30\/Capilla%20del%20perdon.jpg\"><img loading=\"lazy\" decoding=\"async\" class=\"alignright\" src=\"http:\/\/www.amormisericordioso.org\/ws\/images\/articles\/30\/Capilla%20del%20perdon.jpg\" alt=\"\" width=\"213\" height=\"270\" align=\"right\" border=\"0\" hspace=\"5\" vspace=\"5\" \/><\/a>\u00cen cilindrul urm\u0103tor g\u0103sim c\u00e2teva\u00a0<b>scaune de spovad\u0103 a\u015fezate \u00een form\u0103 circular\u0103<\/b>. De sus at\u00e2rn\u0103 o enorm\u0103 cruce din lemn. Acestea ne amintesc c\u0103 \u00een Sacramentul Spovezii fiecare dintre noi putem experimenta cum c\u0103 milostivirea lui Dumnezeu este mai puternic\u0103 dec\u00e2t p\u0103catul.<\/p>\n<p align=\"justify\">Pe peretele capelei urm\u0103toare \u00eent\u00e2lnim patru tablouri, opera pictorului Longaretti, care-l reprezint\u0103 pe\u00a0<b>Isus cel Milostiv comp\u0103timind pe cei ce sufer\u0103<\/b>. \u00cenvie pe fiul v\u0103duvei din Naim \u015fi pe fiica lui Iair; vindec\u0103 pe lepro\u015fi \u015fi paraliza\u0163i. Numai Evanghelia ne poate vorbi despre milostivirea lui Isus pe parcursul vie\u0163ii sale\u2026 &#8220;trecea f\u0103ptuind binele \u015fi vindec\u00e2nd orice boal\u0103&#8221;.<\/p>\n<p align=\"justify\"><a href=\"http:\/\/www.amormisericordioso.org\/ws\/images\/articles\/30\/La%20Virgen%20del%20Pilar.jpg\"><img loading=\"lazy\" decoding=\"async\" class=\"alignleft\" src=\"http:\/\/www.amormisericordioso.org\/ws\/images\/articles\/30\/La%20Virgen%20del%20Pilar.jpg\" alt=\"\" width=\"267\" height=\"204\" align=\"left\" border=\"0\" hspace=\"5\" vspace=\"5\" \/><\/a>Fecioara Maria, onorat\u0103 \u00een Spania ca\u00a0<b>Virgen del Pilar<\/b>\u00a0este reprezentat\u0103 \u015fi aici \u00een penultima dintre capele. Aminte\u015fte apari\u0163ia Fecioarei Apostolului Iacob, descurajat \u00een activit\u0103\u0163ile sale misionare. Dumnezeu s-a folosit de Fecioara Maria , instrument privilegiat, pentru a-i conduce pe oameni pe drumul m\u00e2ntuirii.<\/p>\n<p align=\"justify\">\u00cen ultima capel\u0103 g\u0103sim un tapet a-l artistul spaniol Vaquero Turcios care-i reprezint\u0103 pe\u00a0<b>Sfin\u0163ii Petru \u015fi Paul<\/b>. Imaginea celor doi apostoli, precum dou\u0103 coloane, ne ajut\u0103 s\u0103 vedem ac\u0163iunea milostivirii lui Dumnezeu care-i transform\u0103 pe oameni din p\u0103c\u0103to\u015fi \u00een sfin\u0163i de o excep\u0163ional\u0103 m\u0103re\u0163ie spiritual\u0103.<\/p>\n<p align=\"justify\"><a href=\"http:\/\/www.amormisericordioso.org\/ws\/images\/articles\/30\/Presbiterio%20del%20Santuario.jpg\"><img loading=\"lazy\" decoding=\"async\" class=\"alignright\" src=\"http:\/\/www.amormisericordioso.org\/ws\/images\/articles\/30\/Presbiterio%20del%20Santuario.jpg\" alt=\"\" width=\"270\" height=\"216\" align=\"right\" border=\"0\" hspace=\"5\" vspace=\"5\" \/><\/a>Biserica a ob\u0163inut titlul de Bazilic\u0103 \u00een amintirea vizitei pe care\u00a0<b>Ioan Paul II a f\u0103cut-o\u00a0la Collevalenza pe\u00a021 Noiembrie 1981<\/b>. Pentru acea dat\u0103, s\u0103rb\u0103toarea lui Cristos Rege, Papa alege acest sanctuar pentru a reconfirma mesajul transmis prin enciclica &#8220;<i>Dives in misericordia<\/i>&#8220;, la prima aniversare de la publicarea acesteia.<\/p>\n<\/div><\/section><\/p><\/div><\/div><!--close column table wrapper. Autoclose: 1 -->\n<\/div><\/div><div class=\"flex_cell no_margin av_one_fourth  avia-builder-el-6  el_after_av_cell_three_fourth  avia-builder-el-last   \"  style='vertical-align:top; padding:30px; background-color:#ffffff; ' ><div class='flex_cell_inner' ><p><div class=\"flex_column av_one_full  flex_column_div av-zero-column-padding first  avia-builder-el-7  el_before_av_hr  avia-builder-el-first  \" style='border-radius:0px; '><p><div  class='avia-image-container  av-styling-    avia-builder-el-8  el_before_av_image  avia-builder-el-first  avia-align-center '  itemprop=\"image\" itemscope=\"itemscope\" itemtype=\"https:\/\/schema.org\/ImageObject\"  ><div class='avia-image-container-inner'><div class='avia-image-overlay-wrap'><a href='http:\/\/www.collevalenza.it' class='avia_image' target=\"_blank\" rel=\"noopener\"><img class='wp-image-1662 avia-img-lazy-loading-not-1662 avia_image' src='http:\/\/www.amormisericordioso.org\/ro\/wp-content\/uploads\/2015\/05\/Collevalenza02.jpg' alt='' title='collevalenza02'  itemprop=\"thumbnailUrl\"  \/><\/a><\/div><\/div><\/div><br \/>\n<div  class='avia-image-container  av-styling-    avia-builder-el-9  el_after_av_image  el_before_av_image  avia-align-center '  itemprop=\"image\" itemscope=\"itemscope\" itemtype=\"https:\/\/schema.org\/ImageObject\"  ><div class='avia-image-container-inner'><div class='avia-image-overlay-wrap'><a href='http:\/\/www.amormisericordioso.org\/ro\/fericita-speranta-a-lui-isus\/' class='avia_image'  ><img class='wp-image-764 avia-img-lazy-loading-not-764 avia_image' src='http:\/\/www.amormisericordioso.org\/ro\/wp-content\/uploads\/2015\/10\/primary-original.jpg' alt='' title='primary-original'  itemprop=\"thumbnailUrl\"  \/><\/a><\/div><\/div><\/div><br \/>\n<div  class='avia-image-container  av-styling-    avia-builder-el-10  el_after_av_image  avia-builder-el-last  avia-align-center '  itemprop=\"image\" itemscope=\"itemscope\" itemtype=\"https:\/\/schema.org\/ImageObject\"  ><div class='avia-image-container-inner'><div class='avia-image-overlay-wrap'><a href='http:\/\/www.amormisericordioso.org\/ro\/familia-iubirii-milostive\/ubicacion-en-el-mundo\/' class='avia_image'  ><img class='wp-image-530 avia-img-lazy-loading-not-530 avia_image' src='http:\/\/www.amormisericordioso.org\/ro\/wp-content\/uploads\/2015\/05\/Mapa-en-el-Mundo-FAM-rumano.jpg' alt='' title='Mapa-en-el-Mundo-FAM-rumano'  itemprop=\"thumbnailUrl\"  \/><\/a><\/div><\/div><\/div><\/p><\/div><div   class='hr hr-default   avia-builder-el-11  el_after_av_one_full  el_before_av_heading '><span class='hr-inner ' ><span class='hr-inner-style'><\/span><\/span><\/div><br \/>\n<div  style='padding-bottom:10px; ' class='av-special-heading av-special-heading-h3  blockquote modern-quote  avia-builder-el-12  el_after_av_hr  el_before_av_magazine  '><h3 class='av-special-heading-tag '  itemprop=\"headline\"  >\u00daltimas noticias<\/h3><div class='special-heading-border'><div class='special-heading-inner-border' ><\/div><\/div><\/div><br \/>\n<div  id=\"1\"  class='av-magazine   avia-builder-el-13  el_after_av_heading  el_before_av_image   av-magazine-top-bar-active av-magazine-tabs-active' ><div class='av-magazine-top-bar ' ><\/div><div class='av-magazine-group sort_all'><article class='av-magazine-entry av-magazine-entry-id-3118 av-magazine-format-standard av-magazine-type-post av-magazine-entry-1 av-magazine-entry-small '  itemscope=\"itemscope\" itemtype=\"https:\/\/schema.org\/CreativeWork\" ><div class='av-magazine-thumbnail'><a href='http:\/\/www.amormisericordioso.org\/ro\/barticesti-te-am-iubit-cu-o-iubire-vesnica-zile-de-reculegere-pentru-tineri\/' title='Link to: Bartice\u015fti: &#8220;Te-am iubit cu o iubire ve\u015fnic\u0103&#8221;. Zile de reculegere pentru tineri' class='av-magazine-thumbnail-link '><img loading=\"lazy\" decoding=\"async\" width=\"80\" height=\"80\" src=\"http:\/\/www.amormisericordioso.org\/ro\/wp-content\/uploads\/2022\/04\/IMG-20220422-WA0073-1-80x80.jpg\" class=\"wp-image-3186 avia-img-lazy-loading-3186 attachment-thumbnail size-thumbnail wp-post-image\" alt=\"\" srcset=\"http:\/\/www.amormisericordioso.org\/ro\/wp-content\/uploads\/2022\/04\/IMG-20220422-WA0073-1-80x80.jpg 80w, http:\/\/www.amormisericordioso.org\/ro\/wp-content\/uploads\/2022\/04\/IMG-20220422-WA0073-1-36x36.jpg 36w, http:\/\/www.amormisericordioso.org\/ro\/wp-content\/uploads\/2022\/04\/IMG-20220422-WA0073-1-180x180.jpg 180w\" sizes=\"auto, (max-width: 80px) 100vw, 80px\" \/><\/a><\/div><div class='av-magazine-content-wrap'><header class='entry-content-header'><time class='av-magazine-time updated'  itemprop=\"datePublished\" datetime=\"2022-04-24T14:21:41-06:00\" >24 abril, 2022<\/time><h3 class='av-magazine-title entry-title '  itemprop=\"headline\" ><a href='http:\/\/www.amormisericordioso.org\/ro\/barticesti-te-am-iubit-cu-o-iubire-vesnica-zile-de-reculegere-pentru-tineri\/' title='Link to: Bartice\u015fti: &#8220;Te-am iubit cu o iubire ve\u015fnic\u0103&#8221;. Zile de reculegere pentru tineri'>Bartice\u015fti: &#8220;Te-am iubit cu o iubire ve\u015fnic\u0103&#8221;. Zile de reculegere pentru tineri<\/a><\/h3><\/header><\/div><footer class='entry-footer'><\/footer><\/article><article class='av-magazine-entry av-magazine-entry-id-3112 av-magazine-format-standard av-magazine-type-post av-magazine-entry-2 av-magazine-entry-small '  itemscope=\"itemscope\" itemtype=\"https:\/\/schema.org\/CreativeWork\" ><div class='av-magazine-thumbnail'><a href='http:\/\/www.amormisericordioso.org\/ro\/s-a-nascut-mantuitor-isus-cristos\/' title='Link to: S-A N\u0102SCUT M\u00c2NTUITOR, ISUS CRISTOS' class='av-magazine-thumbnail-link '><img loading=\"lazy\" decoding=\"async\" width=\"80\" height=\"80\" src=\"http:\/\/www.amormisericordioso.org\/ro\/wp-content\/uploads\/2021\/12\/R-9-80x80.jpg\" class=\"wp-image-3114 avia-img-lazy-loading-3114 attachment-thumbnail size-thumbnail wp-post-image\" alt=\"\" srcset=\"http:\/\/www.amormisericordioso.org\/ro\/wp-content\/uploads\/2021\/12\/R-9-80x80.jpg 80w, http:\/\/www.amormisericordioso.org\/ro\/wp-content\/uploads\/2021\/12\/R-9-36x36.jpg 36w, http:\/\/www.amormisericordioso.org\/ro\/wp-content\/uploads\/2021\/12\/R-9-180x180.jpg 180w\" sizes=\"auto, (max-width: 80px) 100vw, 80px\" \/><\/a><\/div><div class='av-magazine-content-wrap'><header class='entry-content-header'><time class='av-magazine-time updated'  itemprop=\"datePublished\" datetime=\"2021-12-25T10:00:02-06:00\" >25 diciembre, 2021<\/time><h3 class='av-magazine-title entry-title '  itemprop=\"headline\" ><a href='http:\/\/www.amormisericordioso.org\/ro\/s-a-nascut-mantuitor-isus-cristos\/' title='Link to: S-A N\u0102SCUT M\u00c2NTUITOR, ISUS CRISTOS'>S-A N\u0102SCUT M\u00c2NTUITOR, ISUS CRISTOS<\/a><\/h3><\/header><\/div><footer class='entry-footer'><\/footer><\/article><article class='av-magazine-entry av-magazine-entry-id-3106 av-magazine-format-standard av-magazine-type-post av-magazine-entry-3 av-magazine-entry-small '  itemscope=\"itemscope\" itemtype=\"https:\/\/schema.org\/CreativeWork\" ><div class='av-magazine-thumbnail'><a href='http:\/\/www.amormisericordioso.org\/ro\/21-11-2021-solemnitatea-lui-cristos-regele-universului\/' title='Link to: 21\/11\/2021: Solemnitatea lui Cristos Regele universului' class='av-magazine-thumbnail-link '><img loading=\"lazy\" decoding=\"async\" width=\"80\" height=\"80\" src=\"http:\/\/www.amormisericordioso.org\/ro\/wp-content\/uploads\/2021\/11\/23795673_10210564688693706_4898416747190409627_n-80x80.jpg\" class=\"wp-image-3108 avia-img-lazy-loading-3108 attachment-thumbnail size-thumbnail wp-post-image\" alt=\"\" srcset=\"http:\/\/www.amormisericordioso.org\/ro\/wp-content\/uploads\/2021\/11\/23795673_10210564688693706_4898416747190409627_n-80x80.jpg 80w, http:\/\/www.amormisericordioso.org\/ro\/wp-content\/uploads\/2021\/11\/23795673_10210564688693706_4898416747190409627_n-36x36.jpg 36w, http:\/\/www.amormisericordioso.org\/ro\/wp-content\/uploads\/2021\/11\/23795673_10210564688693706_4898416747190409627_n-180x180.jpg 180w\" sizes=\"auto, (max-width: 80px) 100vw, 80px\" \/><\/a><\/div><div class='av-magazine-content-wrap'><header class='entry-content-header'><time class='av-magazine-time updated'  itemprop=\"datePublished\" datetime=\"2021-11-21T06:00:32-06:00\" >21 noviembre, 2021<\/time><h3 class='av-magazine-title entry-title '  itemprop=\"headline\" ><a href='http:\/\/www.amormisericordioso.org\/ro\/21-11-2021-solemnitatea-lui-cristos-regele-universului\/' title='Link to: 21\/11\/2021: Solemnitatea lui Cristos Regele universului'>21\/11\/2021: Solemnitatea lui Cristos Regele universului<\/a><\/h3><\/header><\/div><footer class='entry-footer'><\/footer><\/article><article class='av-magazine-entry av-magazine-entry-id-3052 av-magazine-format-standard av-magazine-type-post av-magazine-entry-4 av-magazine-entry-small '  itemscope=\"itemscope\" itemtype=\"https:\/\/schema.org\/CreativeWork\" ><div class='av-magazine-thumbnail'><a href='http:\/\/www.amormisericordioso.org\/ro\/luncani-campusul-pentru-tineri-adevarul-va-va-elibera\/' title='Link to: Luncani: Campusul pentru tineri &#8211; &#8220;Adev\u0103rul v\u0103 va elibera!&#8221;' class='av-magazine-thumbnail-link '><img loading=\"lazy\" decoding=\"async\" width=\"80\" height=\"80\" src=\"http:\/\/www.amormisericordioso.org\/ro\/wp-content\/uploads\/2021\/08\/IMG-20210729-WA0015-80x80.jpg\" class=\"wp-image-3069 avia-img-lazy-loading-3069 attachment-thumbnail size-thumbnail wp-post-image\" alt=\"\" srcset=\"http:\/\/www.amormisericordioso.org\/ro\/wp-content\/uploads\/2021\/08\/IMG-20210729-WA0015-80x80.jpg 80w, http:\/\/www.amormisericordioso.org\/ro\/wp-content\/uploads\/2021\/08\/IMG-20210729-WA0015-36x36.jpg 36w, http:\/\/www.amormisericordioso.org\/ro\/wp-content\/uploads\/2021\/08\/IMG-20210729-WA0015-180x180.jpg 180w\" sizes=\"auto, (max-width: 80px) 100vw, 80px\" \/><\/a><\/div><div class='av-magazine-content-wrap'><header class='entry-content-header'><time class='av-magazine-time updated'  itemprop=\"datePublished\" datetime=\"2021-08-01T12:34:41-06:00\" >1 agosto, 2021<\/time><h3 class='av-magazine-title entry-title '  itemprop=\"headline\" ><a href='http:\/\/www.amormisericordioso.org\/ro\/luncani-campusul-pentru-tineri-adevarul-va-va-elibera\/' title='Link to: Luncani: Campusul pentru tineri &#8211; &#8220;Adev\u0103rul v\u0103 va elibera!&#8221;'>Luncani: Campusul pentru tineri &#8211; &#8220;Adev\u0103rul v\u0103 va elibera!&#8221;<\/a><\/h3><\/header><\/div><footer class='entry-footer'><\/footer><\/article><article class='av-magazine-entry av-magazine-entry-id-3033 av-magazine-format-standard av-magazine-type-post av-magazine-entry-5 av-magazine-entry-small '  itemscope=\"itemscope\" itemtype=\"https:\/\/schema.org\/CreativeWork\" ><div class='av-magazine-thumbnail'><a href='http:\/\/www.amormisericordioso.org\/ro\/barticesti-campus-vara-impreuna-la-centrul-maica-speranta\/' title='Link to: Bartice\u015fti: Campus &#8220;Vara \u00eempreun\u0103&#8221; la Centrul &#8220;Maica Speran\u0163a&#8221;' class='av-magazine-thumbnail-link '><img loading=\"lazy\" decoding=\"async\" width=\"80\" height=\"80\" src=\"http:\/\/www.amormisericordioso.org\/ro\/wp-content\/uploads\/2021\/07\/202107040-4-80x80.jpg\" class=\"wp-image-3039 avia-img-lazy-loading-3039 attachment-thumbnail size-thumbnail wp-post-image\" alt=\"\" srcset=\"http:\/\/www.amormisericordioso.org\/ro\/wp-content\/uploads\/2021\/07\/202107040-4-80x80.jpg 80w, http:\/\/www.amormisericordioso.org\/ro\/wp-content\/uploads\/2021\/07\/202107040-4-36x36.jpg 36w, http:\/\/www.amormisericordioso.org\/ro\/wp-content\/uploads\/2021\/07\/202107040-4-180x180.jpg 180w\" sizes=\"auto, (max-width: 80px) 100vw, 80px\" \/><\/a><\/div><div class='av-magazine-content-wrap'><header class='entry-content-header'><time class='av-magazine-time updated'  itemprop=\"datePublished\" datetime=\"2021-07-22T02:56:40-06:00\" >22 julio, 2021<\/time><h3 class='av-magazine-title entry-title '  itemprop=\"headline\" ><a href='http:\/\/www.amormisericordioso.org\/ro\/barticesti-campus-vara-impreuna-la-centrul-maica-speranta\/' title='Link to: Bartice\u015fti: Campus &#8220;Vara \u00eempreun\u0103&#8221; la Centrul &#8220;Maica Speran\u0163a&#8221;'>Bartice\u015fti: Campus &#8220;Vara \u00eempreun\u0103&#8221; la Centrul &#8220;Maica Speran\u0163a&#8221;<\/a><\/h3><\/header><\/div><footer class='entry-footer'><\/footer><\/article><\/div><\/div><br \/>\n<div  class='avia-image-container  av-styling-    avia-builder-el-14  el_after_av_magazine  avia-builder-el-last  avia-align-center '  itemprop=\"image\" itemscope=\"itemscope\" itemtype=\"https:\/\/schema.org\/ImageObject\"  ><div class='avia-image-container-inner'><div class='avia-image-overlay-wrap'><a href='http:\/\/www.amormisericordioso.org\/ro\/continuturi-multimediale\/' class='avia_image'  ><img class='wp-image-596 avia-img-lazy-loading-not-596 avia_image' src='http:\/\/www.amormisericordioso.org\/ro\/wp-content\/uploads\/2015\/05\/banner-galeria-secciones-FAM-rumano.png' alt='' title='banner-galeria-secciones-FAM-rumano'  itemprop=\"thumbnailUrl\"  \/><\/a><\/div><\/div><\/div><\/p>\n<\/div><\/div><\/div>\n","protected":false},"excerpt":{"rendered":"","protected":false},"author":1,"featured_media":944,"parent":380,"menu_order":0,"comment_status":"closed","ping_status":"closed","template":"","meta":{"footnotes":""},"class_list":["post-965","page","type-page","status-publish","has-post-thumbnail","hentry"],"_links":{"self":[{"href":"http:\/\/www.amormisericordioso.org\/ro\/wp-json\/wp\/v2\/pages\/965","targetHints":{"allow":["GET"]}}],"collection":[{"href":"http:\/\/www.amormisericordioso.org\/ro\/wp-json\/wp\/v2\/pages"}],"about":[{"href":"http:\/\/www.amormisericordioso.org\/ro\/wp-json\/wp\/v2\/types\/page"}],"author":[{"embeddable":true,"href":"http:\/\/www.amormisericordioso.org\/ro\/wp-json\/wp\/v2\/users\/1"}],"replies":[{"embeddable":true,"href":"http:\/\/www.amormisericordioso.org\/ro\/wp-json\/wp\/v2\/comments?post=965"}],"version-history":[{"count":4,"href":"http:\/\/www.amormisericordioso.org\/ro\/wp-json\/wp\/v2\/pages\/965\/revisions"}],"predecessor-version":[{"id":2606,"href":"http:\/\/www.amormisericordioso.org\/ro\/wp-json\/wp\/v2\/pages\/965\/revisions\/2606"}],"up":[{"embeddable":true,"href":"http:\/\/www.amormisericordioso.org\/ro\/wp-json\/wp\/v2\/pages\/380"}],"wp:featuredmedia":[{"embeddable":true,"href":"http:\/\/www.amormisericordioso.org\/ro\/wp-json\/wp\/v2\/media\/944"}],"wp:attachment":[{"href":"http:\/\/www.amormisericordioso.org\/ro\/wp-json\/wp\/v2\/media?parent=965"}],"curies":[{"name":"wp","href":"https:\/\/api.w.org\/{rel}","templated":true}]}}