{"id":803,"date":"2016-04-26T22:22:20","date_gmt":"2016-04-27T04:22:20","guid":{"rendered":"http:\/\/localhost:8888\/amormisericordioso\/?page_id=803"},"modified":"2019-03-01T18:09:31","modified_gmt":"2019-03-02T00:09:31","slug":"testamentul-spiritual-a-maicii-speranta","status":"publish","type":"page","link":"http:\/\/www.amormisericordioso.org\/ro\/fericita-speranta-a-lui-isus\/testamentul-spiritual-a-maicii-speranta\/","title":{"rendered":"Testamentul spiritual a Maicii Speran\u0163a"},"content":{"rendered":"<div id='av-layout-grid-1'  class='av-layout-grid-container entry-content-wrapper main_color av-flex-cells     avia-builder-el-0  avia-builder-el-no-sibling  container_wrap sidebar_right' style=' '  >\n<div class=\"flex_cell no_margin av_three_fourth  avia-builder-el-1  el_before_av_cell_one_fourth  avia-builder-el-first   \"  style='vertical-align:top; padding:30px; background-color:#ffffff; ' ><div class='flex_cell_inner' ><div class='flex_column_table av-equal-height-column-flextable -flextable' style='margin-top:-60px; margin-bottom:0px; '><div class=\"flex_column av_one_full  no_margin flex_column_table_cell av-equal-height-column av-align-top first  avia-builder-el-2  avia-builder-el-no-sibling  \" style='padding:30px; background-color:#ffffff; border-radius:0px; '><p><div  class='avia-image-container  av-styling-    avia-builder-el-3  el_before_av_heading  avia-builder-el-first  avia-align-center '  itemprop=\"image\" itemscope=\"itemscope\" itemtype=\"https:\/\/schema.org\/ImageObject\"  ><div class='avia-image-container-inner'><div class='avia-image-overlay-wrap'><img class='wp-image-2503 avia-img-lazy-loading-not-2503 avia_image' src='http:\/\/www.amormisericordioso.org\/ro\/wp-content\/uploads\/2016\/04\/primary-original-2-2.jpg' alt='' title='primary-original (2)' height=\"339\" width=\"624\"  itemprop=\"thumbnailUrl\"  \/><\/div><\/div><\/div><br \/>\n<div  style='padding-bottom:0px; ' class='av-special-heading av-special-heading-h1  blockquote modern-quote  avia-builder-el-4  el_after_av_image  el_before_av_hr  '><h1 class='av-special-heading-tag '  itemprop=\"headline\"  >Testamentul spiritual a Maicii Speran\u0163a<\/h1><div class='special-heading-border'><div class='special-heading-inner-border' ><\/div><\/div><\/div><br \/>\n<div  style='height:30px' class='hr hr-invisible   avia-builder-el-5  el_after_av_heading  el_before_av_textblock '><span class='hr-inner ' ><span class='hr-inner-style'><\/span><\/span><\/div><br \/>\n<section class=\"av_textblock_section \"  itemscope=\"itemscope\" itemtype=\"https:\/\/schema.org\/CreativeWork\" ><div class='avia_textblock  '  style='font-size:18px; '  itemprop=\"text\" ><h1 style=\"text-align: left;\" align=\"center\"><strong>-Totul din iubire-<\/strong><\/h1>\n<p align=\"justify\">\u00cen numele Tat\u0103lui, al Fiului \u015fi a Duhului Sf\u00e2nt, scriu pentru prea iubi\u0163ii mei fii \u015fi preaiubitele mele fiice acest testament.<\/p>\n<p align=\"justify\">Preasfintei Fecioare Maria \u00eencredin\u0163ez pe to\u0163i fiii \u015fi fiicele mele \u015fi cele dou\u0103 Congrega\u0163ii, precum \u015fi tuturor celor nevoia\u015fi care sunt oaspe\u0163i \u00een casele lor.<\/p>\n<p align=\"justify\"><b>Vreau s\u0103 las<\/b>\u00a0fiilor \u015fi fiicelor mele pre\u0163ioasa mo\u015ftenire pe care, \u00een mod gratuit, f\u0103r\u0103 a ave vre-un merit, am primit-o de\u00a0la Bunul Isus.<\/p>\n<p align=\"justify\"><b>Aceste bunuri sunt<\/b>:<br \/>\nO credin\u0163\u0103 vie \u00een Ve\u015fnicul Tat\u0103, \u00een Fiul s\u0103u Divin, \u00een Duhul Sf\u00e2nt, \u00een Sf\u00e2nta Evanghelie, \u00een Sf\u00e2nta Euharistie, \u00een triumful \u00cenvierii \u015fi Gloria Bunului Isus \u015fi \u00een tot ceea ce \u00eenva\u0163\u0103 Sf\u00e2nta noastr\u0103 Mam\u0103, Biserica Catolic\u0103 Apostolic\u0103, Roman\u0103.<\/p>\n<p align=\"justify\"><u>O speran\u0163\u0103 ferm\u0103, o caritate arz\u0103toare, o iubire puternic\u0103 pentru Bunul Isus<\/u>\u00a0\u015fi Constitu\u0163iile pe care El mi le-a dictat \u015fi pe care le-a scris cu mult\u0103 credin\u0163\u0103 \u015fi mare \u00eencredere aceast\u0103 s\u0103rman\u0103 creatur\u0103, pentru ca preaiubi\u0163ii mei fii \u015fi preaiubitele mele fiice s\u0103 fie boga\u0163i \u00een via\u0163a ve\u015fnic\u0103 c\u0103ci, \u00eemplinindu-le dup\u0103 cum g\u0103sesc scris, ele vor fi capitalul care \u00eei vor \u00eembog\u0103\u0163i \u00een Patria Ve\u015fnic\u0103, avertiz\u00e2ndu-i c\u0103 Bunul Isus va fi judec\u0103tor pentru to\u0163i acei fii \u015fi acele fiice care, citind aceste Constitu\u0163ii f\u0103r\u0103 dragoste \u015fi respect, renun\u0163\u0103 \u00een a \u00eemplini ceea ce \u00een ele g\u0103sesc scris sau \u00ee\u015fi vor permite s\u0103 le modifice \u00een ceea ce prive\u015fte spiritul \u015fi idealul pe care aceste Sfinte Constitu\u0163ii \u00eel prezint\u0103.<\/p>\n<p align=\"justify\">Doresc ca to\u0163i fiii \u015fi fiicele mele s\u0103 fie foarte s\u0103raci \u00een bunuri materiale \u015fi foarte boga\u0163i \u00een virtu\u0163i, mai ales virtu\u0163ile cardinale, precum: Pruden\u0163a, Dreptatea, T\u0103ria \u015fi Cump\u0103tarea, virtu\u0163i care reprezint\u0103 patima \u015fi moartea \u00cenv\u0103\u0163\u0103torului nostru, virtu\u0163i care trebuie s\u0103 str\u0103luceasc\u0103 \u00een Fiul \u015fi \u00een Slujitoarea Iubirii Milostive, al\u0103turi de virtutea credin\u0163ei, iubirii \u015fi n\u0103dejdii.<\/p>\n<p align=\"justify\"><b>Sfaturile<\/b>\u00a0pe care le dau fiilor \u015fi fiicelor mele sunt:<br \/>\nFi\u0163i umili, iubi\u0163i-v\u0103 unii pe al\u0163ii, \u00eendep\u0103rta\u0163i de la voi prejudec\u0103\u0163ile, nu aspira\u0163i la func\u0163ii \u00eenalte, l\u0103sa\u0163i-v\u0103 condu\u015fi de cei pe care trebuie s\u0103-i asculta\u0163i, precum copiii; nu discuta\u0163i propunerile superiorilor vo\u015ftri, nu v\u0103 m\u00e2nia\u0163i, nu v\u0103 interesa\u0163i de ceea ce nu v\u0103 prive\u015fte. Fi\u0163i caritativi \u015fi iubi\u0163i rug\u0103ciunea c\u0103ci este mijlocul cel mai rapid pentru a ob\u0163ine harurile \u015fi m\u0103rirea. Umbla\u0163i pe calea str\u00e2mt\u0103 a mortific\u0103rilor; lucra\u0163i cu voi \u00een\u015fiv\u0103 pentru a v\u0103 desprinde de voi \u00een\u015fiv\u0103; ve\u0163i reu\u015fi dac\u0103 ve\u0163i ajunge s\u0103-l cunoa\u015fte\u0163i pe Dumnezeu, iubirea lui, \u015fi \u00een acela\u015fi timp nimicnicia \u015fi mizeria voastr\u0103. \u00cenf\u0103ptui\u0163i binele \u015fi \u00een toate \u00eemplini\u0163i voin\u0163a lui Dumnezeu. C\u0103uta\u0163i mereu pream\u0103rirea lui \u015fi niciodat\u0103 pe voi \u00een\u015fiv\u0103.<\/p>\n<p align=\"justify\">Aten\u0163ie, fiii mei, fugi\u0163i de avari\u0163ie; nu v\u0103 afec\u0163iona\u0163i lucrurilor p\u0103m\u00e2nte\u015fti, c\u0103ci Fiul \u015fi Slujitoarea Iubirii Milostive trebuie s\u0103 se intereseze de caritate, de lucr\u0103rile lui Dumnezeu, de ceea ce este spiritual; ve\u0163i reu\u015fi dac\u0103 inima voastr\u0103 va fi \u00een Isus.<\/p>\n<p align=\"justify\">Fi\u0163i aten\u0163i s\u0103 nu v\u0103 \u00eempotmoli\u0163i \u00een activit\u0103\u0163i care sunt legate de voca\u0163ia voastr\u0103, nici a condi\u0163iei voastre; nu v\u0103 ocupa\u0163i de afaceri mondene care sunt contrarii voca\u0163iei voastre, nici \u00een numele carit\u0103\u0163ii sau a pruden\u0163ei.<\/p>\n<p align=\"justify\"><b>Rug\u0103mintea<\/b>\u00a0pe care o fac Bunului Isus \u00een clipa c\u00e2nd trupul meu va muri \u015fi sufletul va tr\u0103i, din iubirea \u00eendur\u0103toare a lui Dumnezeu. \u00cei cer Bunului Isus s\u0103 fie El \u00eempreun\u0103 cu gloria lui Dumnezeu inten\u0163ia care s\u0103 conduc\u0103 toate faptele fiilor \u015fi fiicelor mele. El s\u0103 fie Avocatul lor \u015fi a respectivelor Congrega\u0163ii; s\u0103-i apere \u00eempotriva du\u015fmanilor repet\u00e2nd mereu \u00een favoarea lor: \u00abTat\u0103, iart\u0103-i pentru c\u0103 nu \u015ftiu ce fac!\u00bb.<\/p>\n<p align=\"justify\">F\u0103, Isuse, c\u0103 \u00een ceasul mor\u0163ii to\u0163i fiii \u015fi fiicele mele, plini de iubire \u015fi credin\u0163\u0103, s\u0103 poat\u0103 spune ceea ce eu \u00ee\u0163i spun \u00een aceste momente, sper\u00e2nd \u00een caritatea, iubirea \u015fi milostivirea ta: \u00abP\u0103rintele meu, \u00een m\u00e2inile tale \u00eencredin\u0163ez sufletul meu\u00bb.<\/p>\n<\/div><\/section><\/p><\/div><\/div><!--close column table wrapper. Autoclose: 1 -->\n<\/div><\/div><div class=\"flex_cell no_margin av_one_fourth  avia-builder-el-7  el_after_av_cell_three_fourth  avia-builder-el-last   \"  style='vertical-align:top; padding:30px; background-color:#ffffff; ' ><div class='flex_cell_inner' ><p><div class=\"flex_column av_one_full  flex_column_div av-zero-column-padding first  avia-builder-el-8  el_before_av_hr  avia-builder-el-first  \" style='border-radius:0px; '><p><div  class='avia-image-container  av-styling-    avia-builder-el-9  el_before_av_image  avia-builder-el-first  avia-align-center '  itemprop=\"image\" itemscope=\"itemscope\" itemtype=\"https:\/\/schema.org\/ImageObject\"  ><div class='avia-image-container-inner'><div class='avia-image-overlay-wrap'><a href='http:\/\/www.amormisericordioso.org\/ro\/sanctuarul-din-collevalenza\/' class='avia_image'  ><img class='wp-image-645 avia-img-lazy-loading-not-645 avia_image' src='http:\/\/www.amormisericordioso.org\/ro\/wp-content\/uploads\/2015\/05\/primary-original-2.jpg' alt='' title='primary-original-2'  itemprop=\"thumbnailUrl\"  \/><\/a><\/div><\/div><\/div><br \/>\n<div  class='avia-image-container  av-styling-    avia-builder-el-10  el_after_av_image  el_before_av_image  avia-align-center '  itemprop=\"image\" itemscope=\"itemscope\" itemtype=\"https:\/\/schema.org\/ImageObject\"  ><div class='avia-image-container-inner'><div class='avia-image-overlay-wrap'><a href='http:\/\/www.amormisericordioso.org\/ro\/fericita-speranta-a-lui-isus\/beatificata-pe-31-mai-2014\/' class='avia_image'  ><img class='wp-image-1647 avia-img-lazy-loading-not-1647 avia_image' src='http:\/\/www.amormisericordioso.org\/ro\/wp-content\/uploads\/2016\/10\/beatificazione-rumano.png' alt='' title='beatificazione-rumano'  itemprop=\"thumbnailUrl\"  \/><\/a><\/div><\/div><\/div><br \/>\n<div  class='avia-image-container  av-styling-    avia-builder-el-11  el_after_av_image  avia-builder-el-last  avia-align-center '  itemprop=\"image\" itemscope=\"itemscope\" itemtype=\"https:\/\/schema.org\/ImageObject\"  ><div class='avia-image-container-inner'><div class='avia-image-overlay-wrap'><a href='http:\/\/www.amormisericordioso.org\/ro\/familia-iubirii-milostive\/ubicacion-en-el-mundo\/' class='avia_image'  ><img class='wp-image-530 avia-img-lazy-loading-not-530 avia_image' src='http:\/\/www.amormisericordioso.org\/ro\/wp-content\/uploads\/2015\/05\/Mapa-en-el-Mundo-FAM-rumano.jpg' alt='' title='Mapa-en-el-Mundo-FAM-rumano'  itemprop=\"thumbnailUrl\"  \/><\/a><\/div><\/div><\/div><\/p><\/div><div   class='hr hr-default   avia-builder-el-12  el_after_av_one_full  el_before_av_heading '><span class='hr-inner ' ><span class='hr-inner-style'><\/span><\/span><\/div><br \/>\n<div  style='padding-bottom:10px; ' class='av-special-heading av-special-heading-h3  blockquote modern-quote  avia-builder-el-13  el_after_av_hr  el_before_av_magazine  '><h3 class='av-special-heading-tag '  itemprop=\"headline\"  >Ultime nout\u0103\u021bi<\/h3><div class='special-heading-border'><div class='special-heading-inner-border' ><\/div><\/div><\/div><br \/>\n<div  id=\"1\"  class='av-magazine   avia-builder-el-14  el_after_av_heading  el_before_av_image   av-magazine-top-bar-active av-magazine-tabs-active' ><div class='av-magazine-top-bar ' ><\/div><div class='av-magazine-group sort_all'><article class='av-magazine-entry av-magazine-entry-id-3118 av-magazine-format-standard av-magazine-type-post av-magazine-entry-1 av-magazine-entry-small '  itemscope=\"itemscope\" itemtype=\"https:\/\/schema.org\/CreativeWork\" ><div class='av-magazine-thumbnail'><a href='http:\/\/www.amormisericordioso.org\/ro\/barticesti-te-am-iubit-cu-o-iubire-vesnica-zile-de-reculegere-pentru-tineri\/' title='Link to: Bartice\u015fti: &#8220;Te-am iubit cu o iubire ve\u015fnic\u0103&#8221;. Zile de reculegere pentru tineri' class='av-magazine-thumbnail-link '><img loading=\"lazy\" decoding=\"async\" width=\"80\" height=\"80\" src=\"http:\/\/www.amormisericordioso.org\/ro\/wp-content\/uploads\/2022\/04\/IMG-20220422-WA0073-1-80x80.jpg\" class=\"wp-image-3186 avia-img-lazy-loading-3186 attachment-thumbnail size-thumbnail wp-post-image\" alt=\"\" srcset=\"http:\/\/www.amormisericordioso.org\/ro\/wp-content\/uploads\/2022\/04\/IMG-20220422-WA0073-1-80x80.jpg 80w, http:\/\/www.amormisericordioso.org\/ro\/wp-content\/uploads\/2022\/04\/IMG-20220422-WA0073-1-36x36.jpg 36w, http:\/\/www.amormisericordioso.org\/ro\/wp-content\/uploads\/2022\/04\/IMG-20220422-WA0073-1-180x180.jpg 180w\" sizes=\"auto, (max-width: 80px) 100vw, 80px\" \/><\/a><\/div><div class='av-magazine-content-wrap'><header class='entry-content-header'><time class='av-magazine-time updated'  itemprop=\"datePublished\" datetime=\"2022-04-24T14:21:41-06:00\" >24 abril, 2022<\/time><h3 class='av-magazine-title entry-title '  itemprop=\"headline\" ><a href='http:\/\/www.amormisericordioso.org\/ro\/barticesti-te-am-iubit-cu-o-iubire-vesnica-zile-de-reculegere-pentru-tineri\/' title='Link to: Bartice\u015fti: &#8220;Te-am iubit cu o iubire ve\u015fnic\u0103&#8221;. Zile de reculegere pentru tineri'>Bartice\u015fti: &#8220;Te-am iubit cu o iubire ve\u015fnic\u0103&#8221;. Zile de reculegere pentru tineri<\/a><\/h3><\/header><\/div><footer class='entry-footer'><\/footer><\/article><article class='av-magazine-entry av-magazine-entry-id-3112 av-magazine-format-standard av-magazine-type-post av-magazine-entry-2 av-magazine-entry-small '  itemscope=\"itemscope\" itemtype=\"https:\/\/schema.org\/CreativeWork\" ><div class='av-magazine-thumbnail'><a href='http:\/\/www.amormisericordioso.org\/ro\/s-a-nascut-mantuitor-isus-cristos\/' title='Link to: S-A N\u0102SCUT M\u00c2NTUITOR, ISUS CRISTOS' class='av-magazine-thumbnail-link '><img loading=\"lazy\" decoding=\"async\" width=\"80\" height=\"80\" src=\"http:\/\/www.amormisericordioso.org\/ro\/wp-content\/uploads\/2021\/12\/R-9-80x80.jpg\" class=\"wp-image-3114 avia-img-lazy-loading-3114 attachment-thumbnail size-thumbnail wp-post-image\" alt=\"\" srcset=\"http:\/\/www.amormisericordioso.org\/ro\/wp-content\/uploads\/2021\/12\/R-9-80x80.jpg 80w, http:\/\/www.amormisericordioso.org\/ro\/wp-content\/uploads\/2021\/12\/R-9-36x36.jpg 36w, http:\/\/www.amormisericordioso.org\/ro\/wp-content\/uploads\/2021\/12\/R-9-180x180.jpg 180w\" sizes=\"auto, (max-width: 80px) 100vw, 80px\" \/><\/a><\/div><div class='av-magazine-content-wrap'><header class='entry-content-header'><time class='av-magazine-time updated'  itemprop=\"datePublished\" datetime=\"2021-12-25T10:00:02-06:00\" >25 diciembre, 2021<\/time><h3 class='av-magazine-title entry-title '  itemprop=\"headline\" ><a href='http:\/\/www.amormisericordioso.org\/ro\/s-a-nascut-mantuitor-isus-cristos\/' title='Link to: S-A N\u0102SCUT M\u00c2NTUITOR, ISUS CRISTOS'>S-A N\u0102SCUT M\u00c2NTUITOR, ISUS CRISTOS<\/a><\/h3><\/header><\/div><footer class='entry-footer'><\/footer><\/article><article class='av-magazine-entry av-magazine-entry-id-3106 av-magazine-format-standard av-magazine-type-post av-magazine-entry-3 av-magazine-entry-small '  itemscope=\"itemscope\" itemtype=\"https:\/\/schema.org\/CreativeWork\" ><div class='av-magazine-thumbnail'><a href='http:\/\/www.amormisericordioso.org\/ro\/21-11-2021-solemnitatea-lui-cristos-regele-universului\/' title='Link to: 21\/11\/2021: Solemnitatea lui Cristos Regele universului' class='av-magazine-thumbnail-link '><img loading=\"lazy\" decoding=\"async\" width=\"80\" height=\"80\" src=\"http:\/\/www.amormisericordioso.org\/ro\/wp-content\/uploads\/2021\/11\/23795673_10210564688693706_4898416747190409627_n-80x80.jpg\" class=\"wp-image-3108 avia-img-lazy-loading-3108 attachment-thumbnail size-thumbnail wp-post-image\" alt=\"\" srcset=\"http:\/\/www.amormisericordioso.org\/ro\/wp-content\/uploads\/2021\/11\/23795673_10210564688693706_4898416747190409627_n-80x80.jpg 80w, http:\/\/www.amormisericordioso.org\/ro\/wp-content\/uploads\/2021\/11\/23795673_10210564688693706_4898416747190409627_n-36x36.jpg 36w, http:\/\/www.amormisericordioso.org\/ro\/wp-content\/uploads\/2021\/11\/23795673_10210564688693706_4898416747190409627_n-180x180.jpg 180w\" sizes=\"auto, (max-width: 80px) 100vw, 80px\" \/><\/a><\/div><div class='av-magazine-content-wrap'><header class='entry-content-header'><time class='av-magazine-time updated'  itemprop=\"datePublished\" datetime=\"2021-11-21T06:00:32-06:00\" >21 noviembre, 2021<\/time><h3 class='av-magazine-title entry-title '  itemprop=\"headline\" ><a href='http:\/\/www.amormisericordioso.org\/ro\/21-11-2021-solemnitatea-lui-cristos-regele-universului\/' title='Link to: 21\/11\/2021: Solemnitatea lui Cristos Regele universului'>21\/11\/2021: Solemnitatea lui Cristos Regele universului<\/a><\/h3><\/header><\/div><footer class='entry-footer'><\/footer><\/article><article class='av-magazine-entry av-magazine-entry-id-3052 av-magazine-format-standard av-magazine-type-post av-magazine-entry-4 av-magazine-entry-small '  itemscope=\"itemscope\" itemtype=\"https:\/\/schema.org\/CreativeWork\" ><div class='av-magazine-thumbnail'><a href='http:\/\/www.amormisericordioso.org\/ro\/luncani-campusul-pentru-tineri-adevarul-va-va-elibera\/' title='Link to: Luncani: Campusul pentru tineri &#8211; &#8220;Adev\u0103rul v\u0103 va elibera!&#8221;' class='av-magazine-thumbnail-link '><img loading=\"lazy\" decoding=\"async\" width=\"80\" height=\"80\" src=\"http:\/\/www.amormisericordioso.org\/ro\/wp-content\/uploads\/2021\/08\/IMG-20210729-WA0015-80x80.jpg\" class=\"wp-image-3069 avia-img-lazy-loading-3069 attachment-thumbnail size-thumbnail wp-post-image\" alt=\"\" srcset=\"http:\/\/www.amormisericordioso.org\/ro\/wp-content\/uploads\/2021\/08\/IMG-20210729-WA0015-80x80.jpg 80w, http:\/\/www.amormisericordioso.org\/ro\/wp-content\/uploads\/2021\/08\/IMG-20210729-WA0015-36x36.jpg 36w, http:\/\/www.amormisericordioso.org\/ro\/wp-content\/uploads\/2021\/08\/IMG-20210729-WA0015-180x180.jpg 180w\" sizes=\"auto, (max-width: 80px) 100vw, 80px\" \/><\/a><\/div><div class='av-magazine-content-wrap'><header class='entry-content-header'><time class='av-magazine-time updated'  itemprop=\"datePublished\" datetime=\"2021-08-01T12:34:41-06:00\" >1 agosto, 2021<\/time><h3 class='av-magazine-title entry-title '  itemprop=\"headline\" ><a href='http:\/\/www.amormisericordioso.org\/ro\/luncani-campusul-pentru-tineri-adevarul-va-va-elibera\/' title='Link to: Luncani: Campusul pentru tineri &#8211; &#8220;Adev\u0103rul v\u0103 va elibera!&#8221;'>Luncani: Campusul pentru tineri &#8211; &#8220;Adev\u0103rul v\u0103 va elibera!&#8221;<\/a><\/h3><\/header><\/div><footer class='entry-footer'><\/footer><\/article><article class='av-magazine-entry av-magazine-entry-id-3033 av-magazine-format-standard av-magazine-type-post av-magazine-entry-5 av-magazine-entry-small '  itemscope=\"itemscope\" itemtype=\"https:\/\/schema.org\/CreativeWork\" ><div class='av-magazine-thumbnail'><a href='http:\/\/www.amormisericordioso.org\/ro\/barticesti-campus-vara-impreuna-la-centrul-maica-speranta\/' title='Link to: Bartice\u015fti: Campus &#8220;Vara \u00eempreun\u0103&#8221; la Centrul &#8220;Maica Speran\u0163a&#8221;' class='av-magazine-thumbnail-link '><img loading=\"lazy\" decoding=\"async\" width=\"80\" height=\"80\" src=\"http:\/\/www.amormisericordioso.org\/ro\/wp-content\/uploads\/2021\/07\/202107040-4-80x80.jpg\" class=\"wp-image-3039 avia-img-lazy-loading-3039 attachment-thumbnail size-thumbnail wp-post-image\" alt=\"\" srcset=\"http:\/\/www.amormisericordioso.org\/ro\/wp-content\/uploads\/2021\/07\/202107040-4-80x80.jpg 80w, http:\/\/www.amormisericordioso.org\/ro\/wp-content\/uploads\/2021\/07\/202107040-4-36x36.jpg 36w, http:\/\/www.amormisericordioso.org\/ro\/wp-content\/uploads\/2021\/07\/202107040-4-180x180.jpg 180w\" sizes=\"auto, (max-width: 80px) 100vw, 80px\" \/><\/a><\/div><div class='av-magazine-content-wrap'><header class='entry-content-header'><time class='av-magazine-time updated'  itemprop=\"datePublished\" datetime=\"2021-07-22T02:56:40-06:00\" >22 julio, 2021<\/time><h3 class='av-magazine-title entry-title '  itemprop=\"headline\" ><a href='http:\/\/www.amormisericordioso.org\/ro\/barticesti-campus-vara-impreuna-la-centrul-maica-speranta\/' title='Link to: Bartice\u015fti: Campus &#8220;Vara \u00eempreun\u0103&#8221; la Centrul &#8220;Maica Speran\u0163a&#8221;'>Bartice\u015fti: Campus &#8220;Vara \u00eempreun\u0103&#8221; la Centrul &#8220;Maica Speran\u0163a&#8221;<\/a><\/h3><\/header><\/div><footer class='entry-footer'><\/footer><\/article><\/div><\/div><br \/>\n<div  class='avia-image-container  av-styling-    avia-builder-el-15  el_after_av_magazine  avia-builder-el-last  avia-align-center '  itemprop=\"image\" itemscope=\"itemscope\" itemtype=\"https:\/\/schema.org\/ImageObject\"  ><div class='avia-image-container-inner'><div class='avia-image-overlay-wrap'><a href='http:\/\/www.amormisericordioso.org\/ro\/continuturi-multimediale\/' class='avia_image'  ><img class='wp-image-596 avia-img-lazy-loading-not-596 avia_image' src='http:\/\/www.amormisericordioso.org\/ro\/wp-content\/uploads\/2015\/05\/banner-galeria-secciones-FAM-rumano.png' alt='' title='banner-galeria-secciones-FAM-rumano'  itemprop=\"thumbnailUrl\"  \/><\/a><\/div><\/div><\/div><\/p>\n<\/div><\/div><\/div>\n","protected":false},"excerpt":{"rendered":"","protected":false},"author":1,"featured_media":2503,"parent":475,"menu_order":0,"comment_status":"closed","ping_status":"closed","template":"","meta":{"footnotes":""},"class_list":["post-803","page","type-page","status-publish","has-post-thumbnail","hentry"],"_links":{"self":[{"href":"http:\/\/www.amormisericordioso.org\/ro\/wp-json\/wp\/v2\/pages\/803","targetHints":{"allow":["GET"]}}],"collection":[{"href":"http:\/\/www.amormisericordioso.org\/ro\/wp-json\/wp\/v2\/pages"}],"about":[{"href":"http:\/\/www.amormisericordioso.org\/ro\/wp-json\/wp\/v2\/types\/page"}],"author":[{"embeddable":true,"href":"http:\/\/www.amormisericordioso.org\/ro\/wp-json\/wp\/v2\/users\/1"}],"replies":[{"embeddable":true,"href":"http:\/\/www.amormisericordioso.org\/ro\/wp-json\/wp\/v2\/comments?post=803"}],"version-history":[{"count":2,"href":"http:\/\/www.amormisericordioso.org\/ro\/wp-json\/wp\/v2\/pages\/803\/revisions"}],"predecessor-version":[{"id":2505,"href":"http:\/\/www.amormisericordioso.org\/ro\/wp-json\/wp\/v2\/pages\/803\/revisions\/2505"}],"up":[{"embeddable":true,"href":"http:\/\/www.amormisericordioso.org\/ro\/wp-json\/wp\/v2\/pages\/475"}],"wp:featuredmedia":[{"embeddable":true,"href":"http:\/\/www.amormisericordioso.org\/ro\/wp-json\/wp\/v2\/media\/2503"}],"wp:attachment":[{"href":"http:\/\/www.amormisericordioso.org\/ro\/wp-json\/wp\/v2\/media?parent=803"}],"curies":[{"name":"wp","href":"https:\/\/api.w.org\/{rel}","templated":true}]}}