{"id":794,"date":"2016-04-26T22:05:40","date_gmt":"2016-04-27T04:05:40","guid":{"rendered":"http:\/\/localhost:8888\/amormisericordioso\/?page_id=794"},"modified":"2018-06-16T19:31:33","modified_gmt":"2018-06-17T01:31:33","slug":"un-peregrin-ranit","status":"publish","type":"page","link":"http:\/\/www.amormisericordioso.org\/ro\/fericita-speranta-a-lui-isus\/un-peregrin-ranit\/","title":{"rendered":"Un peregrin r\u0103nit"},"content":{"rendered":"<div id='av-layout-grid-1'  class='av-layout-grid-container entry-content-wrapper main_color av-flex-cells     avia-builder-el-0  avia-builder-el-no-sibling  container_wrap sidebar_right' style=' '  >\n<div class=\"flex_cell no_margin av_three_fourth  avia-builder-el-1  el_before_av_cell_one_fourth  avia-builder-el-first   \"  style='vertical-align:top; padding:30px; background-color:#ffffff; ' ><div class='flex_cell_inner' ><div class='flex_column_table av-equal-height-column-flextable -flextable' style='margin-top:-60px; margin-bottom:0px; '><div class=\"flex_column av_one_full  no_margin flex_column_table_cell av-equal-height-column av-align-top first  avia-builder-el-2  avia-builder-el-no-sibling  \" style='padding:30px; background-color:#ffffff; border-radius:0px; '><p><div  class='avia-image-container  av-styling-    avia-builder-el-3  el_before_av_heading  avia-builder-el-first  avia-align-center '  itemprop=\"image\" itemscope=\"itemscope\" itemtype=\"https:\/\/schema.org\/ImageObject\"  ><div class='avia-image-container-inner'><div class='avia-image-overlay-wrap'><img class='wp-image-2456 avia-img-lazy-loading-not-2456 avia_image' src='http:\/\/www.amormisericordioso.org\/ro\/wp-content\/uploads\/2016\/04\/primary-original-6-1.jpg' alt='' title='primary-original-6' height=\"339\" width=\"624\"  itemprop=\"thumbnailUrl\"  \/><\/div><\/div><\/div><br \/>\n<div  style='padding-bottom:0px; ' class='av-special-heading av-special-heading-h1  blockquote modern-quote  avia-builder-el-4  el_after_av_image  el_before_av_textblock  '><h1 class='av-special-heading-tag '  itemprop=\"headline\"  >Un peregrin r\u0103nit<\/h1><div class='special-heading-border'><div class='special-heading-inner-border' ><\/div><\/div><\/div><br \/>\n<section class=\"av_textblock_section \"  itemscope=\"itemscope\" itemtype=\"https:\/\/schema.org\/CreativeWork\" ><div class='avia_textblock  '  style='font-size:18px; '  itemprop=\"text\" ><p align=\"justify\">Pe\u00a022 Noiembrie 1981<b>Papa Ioan Paul II, pentru prima oar\u0103 dup\u0103 atentatul din 13 Mai, p\u0103r\u0103se\u015fte Vaticanul<\/b>\u015fi ca un peregrin convalescent vine\u00a0la Collevalenza pentru a mul\u0163umi Iubirii Milostive. \u00cen acele circumstan\u0163e afirma: &#8220;<i>Sunt \u00een vizit\u0103 la acest sanctuar pentru c\u0103 milostivirii lui Dumnezeu \u00eei suntem datori pentru s\u0103n\u0103tatea noastr\u0103&#8221;<\/i>.<\/p>\n<p align=\"justify\">O cuno\u015ftea pe Maica Speran\u0163a de c\u00e2nd era Arhiepiscop de Cracovia: de dou\u0103 ori venise la ea \u015fi au stat de vorb\u0103. A \u00eent\u00e2lnit-o din nou dar acum ea era \u00eentr-un scaun cu rotile.\u00a0<b>S-a apropiat de ea, s-a aplecat \u015fi a s\u0103rutat-o pe frunte<\/b>.<\/p>\n<p align=\"justify\">Nim\u0103nui nu-i trecuse prin cap s-o apropie de Sf\u00e2ntul P\u0103rinte. \u00cen acela\u015fi an Papa promulgase\u00a0<b>enciclica &#8220;Dives in misericordia&#8221;<\/b>, ce sintetiza, analiza, studia \u015fi proclama lumii \u00eentregi c\u0103 Dumnezeu este bogat \u00een \u00eendurare, este un Tat\u0103 bun, este Iubirea Milostiv\u0103, ceea ce Maica Speran\u0163a tr\u0103ise \u015fi anun\u0163ase \u00een decursul \u00eentregii sale existen\u0163e.\u00a0La Collevalenza Papa afirma: &#8220;<i>Anul acesta am publicat enciclica Dives in misericordia. Aceast\u0103 circumstan\u0163\u0103 m-a determinat s\u0103 vin ast\u0103zi \u00een Sanctuarul Iubirii Milostive. Cu prezen\u0163a mea aici vreau s\u0103 reafirm, \u00eentr-un oarecare mod, mesajul acestei enciclice\u2026 \u00cenc\u0103 de la \u00eenceputul ministerului meu\u00a0la Roma am considerat acest mesaj ca fiind prima mea obliga\u0163ie&#8221;<\/i>.<\/p>\n<\/div><\/section><\/p><\/div><\/div><!--close column table wrapper. Autoclose: 1 -->\n<\/div><\/div><div class=\"flex_cell no_margin av_one_fourth  avia-builder-el-6  el_after_av_cell_three_fourth  avia-builder-el-last   \"  style='vertical-align:top; padding:30px; background-color:#ffffff; ' ><div class='flex_cell_inner' ><p><div class=\"flex_column av_one_full  flex_column_div av-zero-column-padding first  avia-builder-el-7  el_before_av_hr  avia-builder-el-first  \" style='border-radius:0px; '><p><div  class='avia-image-container  av-styling-    avia-builder-el-8  el_before_av_image  avia-builder-el-first  avia-align-center '  itemprop=\"image\" itemscope=\"itemscope\" itemtype=\"https:\/\/schema.org\/ImageObject\"  ><div class='avia-image-container-inner'><div class='avia-image-overlay-wrap'><a href='http:\/\/www.amormisericordioso.org\/ro\/sanctuarul-din-collevalenza\/' class='avia_image'  ><img class='wp-image-645 avia-img-lazy-loading-not-645 avia_image' src='http:\/\/www.amormisericordioso.org\/ro\/wp-content\/uploads\/2015\/05\/primary-original-2.jpg' alt='' title='primary-original-2'  itemprop=\"thumbnailUrl\"  \/><\/a><\/div><\/div><\/div><br \/>\n<div  class='avia-image-container  av-styling-    avia-builder-el-9  el_after_av_image  el_before_av_image  avia-align-center '  itemprop=\"image\" itemscope=\"itemscope\" itemtype=\"https:\/\/schema.org\/ImageObject\"  ><div class='avia-image-container-inner'><div class='avia-image-overlay-wrap'><a href='http:\/\/www.amormisericordioso.org\/ro\/fericita-speranta-a-lui-isus\/beatificata-pe-31-mai-2014\/' class='avia_image'  ><img class='wp-image-1647 avia-img-lazy-loading-not-1647 avia_image' src='http:\/\/www.amormisericordioso.org\/ro\/wp-content\/uploads\/2016\/10\/beatificazione-rumano.png' alt='' title='beatificazione-rumano'  itemprop=\"thumbnailUrl\"  \/><\/a><\/div><\/div><\/div><br \/>\n<div  class='avia-image-container  av-styling-    avia-builder-el-10  el_after_av_image  avia-builder-el-last  avia-align-center '  itemprop=\"image\" itemscope=\"itemscope\" itemtype=\"https:\/\/schema.org\/ImageObject\"  ><div class='avia-image-container-inner'><div class='avia-image-overlay-wrap'><a href='http:\/\/www.amormisericordioso.org\/ro\/familia-iubirii-milostive\/ubicacion-en-el-mundo\/' class='avia_image'  ><img class='wp-image-530 avia-img-lazy-loading-not-530 avia_image' src='http:\/\/www.amormisericordioso.org\/ro\/wp-content\/uploads\/2015\/05\/Mapa-en-el-Mundo-FAM-rumano.jpg' alt='' title='Mapa-en-el-Mundo-FAM-rumano'  itemprop=\"thumbnailUrl\"  \/><\/a><\/div><\/div><\/div><\/p><\/div><div   class='hr hr-default   avia-builder-el-11  el_after_av_one_full  el_before_av_heading '><span class='hr-inner ' ><span class='hr-inner-style'><\/span><\/span><\/div><br \/>\n<div  style='padding-bottom:10px; ' class='av-special-heading av-special-heading-h3  blockquote modern-quote  avia-builder-el-12  el_after_av_hr  el_before_av_magazine  '><h3 class='av-special-heading-tag '  itemprop=\"headline\"  >Ultime nout\u0103\u021bi<\/h3><div class='special-heading-border'><div class='special-heading-inner-border' ><\/div><\/div><\/div><br \/>\n<div  id=\"1\"  class='av-magazine   avia-builder-el-13  el_after_av_heading  el_before_av_image   av-magazine-top-bar-active av-magazine-tabs-active' ><div class='av-magazine-top-bar ' ><\/div><div class='av-magazine-group sort_all'><article class='av-magazine-entry av-magazine-entry-id-3118 av-magazine-format-standard av-magazine-type-post av-magazine-entry-1 av-magazine-entry-small '  itemscope=\"itemscope\" itemtype=\"https:\/\/schema.org\/CreativeWork\" ><div class='av-magazine-thumbnail'><a href='http:\/\/www.amormisericordioso.org\/ro\/barticesti-te-am-iubit-cu-o-iubire-vesnica-zile-de-reculegere-pentru-tineri\/' title='Link to: Bartice\u015fti: &#8220;Te-am iubit cu o iubire ve\u015fnic\u0103&#8221;. Zile de reculegere pentru tineri' class='av-magazine-thumbnail-link '><img loading=\"lazy\" decoding=\"async\" width=\"80\" height=\"80\" src=\"http:\/\/www.amormisericordioso.org\/ro\/wp-content\/uploads\/2022\/04\/IMG-20220422-WA0073-1-80x80.jpg\" class=\"wp-image-3186 avia-img-lazy-loading-3186 attachment-thumbnail size-thumbnail wp-post-image\" alt=\"\" srcset=\"http:\/\/www.amormisericordioso.org\/ro\/wp-content\/uploads\/2022\/04\/IMG-20220422-WA0073-1-80x80.jpg 80w, http:\/\/www.amormisericordioso.org\/ro\/wp-content\/uploads\/2022\/04\/IMG-20220422-WA0073-1-36x36.jpg 36w, http:\/\/www.amormisericordioso.org\/ro\/wp-content\/uploads\/2022\/04\/IMG-20220422-WA0073-1-180x180.jpg 180w\" sizes=\"auto, (max-width: 80px) 100vw, 80px\" \/><\/a><\/div><div class='av-magazine-content-wrap'><header class='entry-content-header'><time class='av-magazine-time updated'  itemprop=\"datePublished\" datetime=\"2022-04-24T14:21:41-06:00\" >24 abril, 2022<\/time><h3 class='av-magazine-title entry-title '  itemprop=\"headline\" ><a href='http:\/\/www.amormisericordioso.org\/ro\/barticesti-te-am-iubit-cu-o-iubire-vesnica-zile-de-reculegere-pentru-tineri\/' title='Link to: Bartice\u015fti: &#8220;Te-am iubit cu o iubire ve\u015fnic\u0103&#8221;. Zile de reculegere pentru tineri'>Bartice\u015fti: &#8220;Te-am iubit cu o iubire ve\u015fnic\u0103&#8221;. Zile de reculegere pentru tineri<\/a><\/h3><\/header><\/div><footer class='entry-footer'><\/footer><\/article><article class='av-magazine-entry av-magazine-entry-id-3112 av-magazine-format-standard av-magazine-type-post av-magazine-entry-2 av-magazine-entry-small '  itemscope=\"itemscope\" itemtype=\"https:\/\/schema.org\/CreativeWork\" ><div class='av-magazine-thumbnail'><a href='http:\/\/www.amormisericordioso.org\/ro\/s-a-nascut-mantuitor-isus-cristos\/' title='Link to: S-A N\u0102SCUT M\u00c2NTUITOR, ISUS CRISTOS' class='av-magazine-thumbnail-link '><img loading=\"lazy\" decoding=\"async\" width=\"80\" height=\"80\" src=\"http:\/\/www.amormisericordioso.org\/ro\/wp-content\/uploads\/2021\/12\/R-9-80x80.jpg\" class=\"wp-image-3114 avia-img-lazy-loading-3114 attachment-thumbnail size-thumbnail wp-post-image\" alt=\"\" srcset=\"http:\/\/www.amormisericordioso.org\/ro\/wp-content\/uploads\/2021\/12\/R-9-80x80.jpg 80w, http:\/\/www.amormisericordioso.org\/ro\/wp-content\/uploads\/2021\/12\/R-9-36x36.jpg 36w, http:\/\/www.amormisericordioso.org\/ro\/wp-content\/uploads\/2021\/12\/R-9-180x180.jpg 180w\" sizes=\"auto, (max-width: 80px) 100vw, 80px\" \/><\/a><\/div><div class='av-magazine-content-wrap'><header class='entry-content-header'><time class='av-magazine-time updated'  itemprop=\"datePublished\" datetime=\"2021-12-25T10:00:02-06:00\" >25 diciembre, 2021<\/time><h3 class='av-magazine-title entry-title '  itemprop=\"headline\" ><a href='http:\/\/www.amormisericordioso.org\/ro\/s-a-nascut-mantuitor-isus-cristos\/' title='Link to: S-A N\u0102SCUT M\u00c2NTUITOR, ISUS CRISTOS'>S-A N\u0102SCUT M\u00c2NTUITOR, ISUS CRISTOS<\/a><\/h3><\/header><\/div><footer class='entry-footer'><\/footer><\/article><article class='av-magazine-entry av-magazine-entry-id-3106 av-magazine-format-standard av-magazine-type-post av-magazine-entry-3 av-magazine-entry-small '  itemscope=\"itemscope\" itemtype=\"https:\/\/schema.org\/CreativeWork\" ><div class='av-magazine-thumbnail'><a href='http:\/\/www.amormisericordioso.org\/ro\/21-11-2021-solemnitatea-lui-cristos-regele-universului\/' title='Link to: 21\/11\/2021: Solemnitatea lui Cristos Regele universului' class='av-magazine-thumbnail-link '><img loading=\"lazy\" decoding=\"async\" width=\"80\" height=\"80\" src=\"http:\/\/www.amormisericordioso.org\/ro\/wp-content\/uploads\/2021\/11\/23795673_10210564688693706_4898416747190409627_n-80x80.jpg\" class=\"wp-image-3108 avia-img-lazy-loading-3108 attachment-thumbnail size-thumbnail wp-post-image\" alt=\"\" srcset=\"http:\/\/www.amormisericordioso.org\/ro\/wp-content\/uploads\/2021\/11\/23795673_10210564688693706_4898416747190409627_n-80x80.jpg 80w, http:\/\/www.amormisericordioso.org\/ro\/wp-content\/uploads\/2021\/11\/23795673_10210564688693706_4898416747190409627_n-36x36.jpg 36w, http:\/\/www.amormisericordioso.org\/ro\/wp-content\/uploads\/2021\/11\/23795673_10210564688693706_4898416747190409627_n-180x180.jpg 180w\" sizes=\"auto, (max-width: 80px) 100vw, 80px\" \/><\/a><\/div><div class='av-magazine-content-wrap'><header class='entry-content-header'><time class='av-magazine-time updated'  itemprop=\"datePublished\" datetime=\"2021-11-21T06:00:32-06:00\" >21 noviembre, 2021<\/time><h3 class='av-magazine-title entry-title '  itemprop=\"headline\" ><a href='http:\/\/www.amormisericordioso.org\/ro\/21-11-2021-solemnitatea-lui-cristos-regele-universului\/' title='Link to: 21\/11\/2021: Solemnitatea lui Cristos Regele universului'>21\/11\/2021: Solemnitatea lui Cristos Regele universului<\/a><\/h3><\/header><\/div><footer class='entry-footer'><\/footer><\/article><article class='av-magazine-entry av-magazine-entry-id-3052 av-magazine-format-standard av-magazine-type-post av-magazine-entry-4 av-magazine-entry-small '  itemscope=\"itemscope\" itemtype=\"https:\/\/schema.org\/CreativeWork\" ><div class='av-magazine-thumbnail'><a href='http:\/\/www.amormisericordioso.org\/ro\/luncani-campusul-pentru-tineri-adevarul-va-va-elibera\/' title='Link to: Luncani: Campusul pentru tineri &#8211; &#8220;Adev\u0103rul v\u0103 va elibera!&#8221;' class='av-magazine-thumbnail-link '><img loading=\"lazy\" decoding=\"async\" width=\"80\" height=\"80\" src=\"http:\/\/www.amormisericordioso.org\/ro\/wp-content\/uploads\/2021\/08\/IMG-20210729-WA0015-80x80.jpg\" class=\"wp-image-3069 avia-img-lazy-loading-3069 attachment-thumbnail size-thumbnail wp-post-image\" alt=\"\" srcset=\"http:\/\/www.amormisericordioso.org\/ro\/wp-content\/uploads\/2021\/08\/IMG-20210729-WA0015-80x80.jpg 80w, http:\/\/www.amormisericordioso.org\/ro\/wp-content\/uploads\/2021\/08\/IMG-20210729-WA0015-36x36.jpg 36w, http:\/\/www.amormisericordioso.org\/ro\/wp-content\/uploads\/2021\/08\/IMG-20210729-WA0015-180x180.jpg 180w\" sizes=\"auto, (max-width: 80px) 100vw, 80px\" \/><\/a><\/div><div class='av-magazine-content-wrap'><header class='entry-content-header'><time class='av-magazine-time updated'  itemprop=\"datePublished\" datetime=\"2021-08-01T12:34:41-06:00\" >1 agosto, 2021<\/time><h3 class='av-magazine-title entry-title '  itemprop=\"headline\" ><a href='http:\/\/www.amormisericordioso.org\/ro\/luncani-campusul-pentru-tineri-adevarul-va-va-elibera\/' title='Link to: Luncani: Campusul pentru tineri &#8211; &#8220;Adev\u0103rul v\u0103 va elibera!&#8221;'>Luncani: Campusul pentru tineri &#8211; &#8220;Adev\u0103rul v\u0103 va elibera!&#8221;<\/a><\/h3><\/header><\/div><footer class='entry-footer'><\/footer><\/article><article class='av-magazine-entry av-magazine-entry-id-3033 av-magazine-format-standard av-magazine-type-post av-magazine-entry-5 av-magazine-entry-small '  itemscope=\"itemscope\" itemtype=\"https:\/\/schema.org\/CreativeWork\" ><div class='av-magazine-thumbnail'><a href='http:\/\/www.amormisericordioso.org\/ro\/barticesti-campus-vara-impreuna-la-centrul-maica-speranta\/' title='Link to: Bartice\u015fti: Campus &#8220;Vara \u00eempreun\u0103&#8221; la Centrul &#8220;Maica Speran\u0163a&#8221;' class='av-magazine-thumbnail-link '><img loading=\"lazy\" decoding=\"async\" width=\"80\" height=\"80\" src=\"http:\/\/www.amormisericordioso.org\/ro\/wp-content\/uploads\/2021\/07\/202107040-4-80x80.jpg\" class=\"wp-image-3039 avia-img-lazy-loading-3039 attachment-thumbnail size-thumbnail wp-post-image\" alt=\"\" srcset=\"http:\/\/www.amormisericordioso.org\/ro\/wp-content\/uploads\/2021\/07\/202107040-4-80x80.jpg 80w, http:\/\/www.amormisericordioso.org\/ro\/wp-content\/uploads\/2021\/07\/202107040-4-36x36.jpg 36w, http:\/\/www.amormisericordioso.org\/ro\/wp-content\/uploads\/2021\/07\/202107040-4-180x180.jpg 180w\" sizes=\"auto, (max-width: 80px) 100vw, 80px\" \/><\/a><\/div><div class='av-magazine-content-wrap'><header class='entry-content-header'><time class='av-magazine-time updated'  itemprop=\"datePublished\" datetime=\"2021-07-22T02:56:40-06:00\" >22 julio, 2021<\/time><h3 class='av-magazine-title entry-title '  itemprop=\"headline\" ><a href='http:\/\/www.amormisericordioso.org\/ro\/barticesti-campus-vara-impreuna-la-centrul-maica-speranta\/' title='Link to: Bartice\u015fti: Campus &#8220;Vara \u00eempreun\u0103&#8221; la Centrul &#8220;Maica Speran\u0163a&#8221;'>Bartice\u015fti: Campus &#8220;Vara \u00eempreun\u0103&#8221; la Centrul &#8220;Maica Speran\u0163a&#8221;<\/a><\/h3><\/header><\/div><footer class='entry-footer'><\/footer><\/article><\/div><\/div><br \/>\n<div  class='avia-image-container  av-styling-    avia-builder-el-14  el_after_av_magazine  avia-builder-el-last  avia-align-center '  itemprop=\"image\" itemscope=\"itemscope\" itemtype=\"https:\/\/schema.org\/ImageObject\"  ><div class='avia-image-container-inner'><div class='avia-image-overlay-wrap'><a href='http:\/\/www.amormisericordioso.org\/ro\/continuturi-multimediale\/' class='avia_image'  ><img class='wp-image-596 avia-img-lazy-loading-not-596 avia_image' src='http:\/\/www.amormisericordioso.org\/ro\/wp-content\/uploads\/2015\/05\/banner-galeria-secciones-FAM-rumano.png' alt='' title='banner-galeria-secciones-FAM-rumano'  itemprop=\"thumbnailUrl\"  \/><\/a><\/div><\/div><\/div><\/p>\n<\/div><\/div><\/div>\n","protected":false},"excerpt":{"rendered":"","protected":false},"author":1,"featured_media":2456,"parent":475,"menu_order":0,"comment_status":"closed","ping_status":"closed","template":"","meta":{"footnotes":""},"class_list":["post-794","page","type-page","status-publish","has-post-thumbnail","hentry"],"_links":{"self":[{"href":"http:\/\/www.amormisericordioso.org\/ro\/wp-json\/wp\/v2\/pages\/794","targetHints":{"allow":["GET"]}}],"collection":[{"href":"http:\/\/www.amormisericordioso.org\/ro\/wp-json\/wp\/v2\/pages"}],"about":[{"href":"http:\/\/www.amormisericordioso.org\/ro\/wp-json\/wp\/v2\/types\/page"}],"author":[{"embeddable":true,"href":"http:\/\/www.amormisericordioso.org\/ro\/wp-json\/wp\/v2\/users\/1"}],"replies":[{"embeddable":true,"href":"http:\/\/www.amormisericordioso.org\/ro\/wp-json\/wp\/v2\/comments?post=794"}],"version-history":[{"count":2,"href":"http:\/\/www.amormisericordioso.org\/ro\/wp-json\/wp\/v2\/pages\/794\/revisions"}],"predecessor-version":[{"id":2457,"href":"http:\/\/www.amormisericordioso.org\/ro\/wp-json\/wp\/v2\/pages\/794\/revisions\/2457"}],"up":[{"embeddable":true,"href":"http:\/\/www.amormisericordioso.org\/ro\/wp-json\/wp\/v2\/pages\/475"}],"wp:featuredmedia":[{"embeddable":true,"href":"http:\/\/www.amormisericordioso.org\/ro\/wp-json\/wp\/v2\/media\/2456"}],"wp:attachment":[{"href":"http:\/\/www.amormisericordioso.org\/ro\/wp-json\/wp\/v2\/media?parent=794"}],"curies":[{"name":"wp","href":"https:\/\/api.w.org\/{rel}","templated":true}]}}