{"id":792,"date":"2016-04-26T22:04:30","date_gmt":"2016-04-27T04:04:30","guid":{"rendered":"http:\/\/localhost:8888\/amormisericordioso\/?page_id=792"},"modified":"2018-06-16T19:27:21","modified_gmt":"2018-06-17T01:27:21","slug":"cu-bratele-deschise","status":"publish","type":"page","link":"http:\/\/www.amormisericordioso.org\/ro\/fericita-speranta-a-lui-isus\/cu-bratele-deschise\/","title":{"rendered":"Cu bra\u0163ele deschise"},"content":{"rendered":"<div id='av-layout-grid-1'  class='av-layout-grid-container entry-content-wrapper main_color av-flex-cells     avia-builder-el-0  avia-builder-el-no-sibling  container_wrap sidebar_right' style=' '  >\n<div class=\"flex_cell no_margin av_three_fourth  avia-builder-el-1  el_before_av_cell_one_fourth  avia-builder-el-first   \"  style='vertical-align:top; padding:30px; background-color:#ffffff; ' ><div class='flex_cell_inner' ><div class='flex_column_table av-equal-height-column-flextable -flextable' style='margin-top:-60px; margin-bottom:0px; '><div class=\"flex_column av_one_full  no_margin flex_column_table_cell av-equal-height-column av-align-top first  avia-builder-el-2  avia-builder-el-no-sibling  \" style='padding:30px; background-color:#ffffff; border-radius:0px; '><p><div  class='avia-image-container  av-styling-    avia-builder-el-3  el_before_av_heading  avia-builder-el-first  avia-align-center '  itemprop=\"image\" itemscope=\"itemscope\" itemtype=\"https:\/\/schema.org\/ImageObject\"  ><div class='avia-image-container-inner'><div class='avia-image-overlay-wrap'><img class='wp-image-2453 avia-img-lazy-loading-not-2453 avia_image' src='http:\/\/www.amormisericordioso.org\/ro\/wp-content\/uploads\/2016\/04\/primary-original-5-1.jpg' alt='' title='primary-original-5' height=\"339\" width=\"624\"  itemprop=\"thumbnailUrl\"  \/><\/div><\/div><\/div><br \/>\n<div  style='padding-bottom:0px; ' class='av-special-heading av-special-heading-h1  blockquote modern-quote  avia-builder-el-4  el_after_av_image  el_before_av_textblock  '><h1 class='av-special-heading-tag '  itemprop=\"headline\"  >Cu bra\u0163ele deschise<\/h1><div class='special-heading-border'><div class='special-heading-inner-border' ><\/div><\/div><\/div><br \/>\n<section class=\"av_textblock_section \"  itemscope=\"itemscope\" itemtype=\"https:\/\/schema.org\/CreativeWork\" ><div class='avia_textblock  '  style='font-size:18px; '  itemprop=\"text\" ><p align=\"justify\"><b>Collevalenza<\/b>\u00a0este locul unde Maica Speran\u0163a a tr\u0103it ultimii s\u0103i 30 de ani din via\u0163\u0103 altern\u00e2nd, \u00een primii ani, activit\u0103\u0163i direct legate de construc\u0163iile din Sanctuar \u015fi din jurul s\u0103u, cu numeroase vizite \u00een comunit\u0103\u0163ile care se nasc r\u00e2nd pe r\u00e2nd. Sunt momentele de v\u00e2rf din via\u0163a ei. Spune despre d\u00e2nsa c\u0103 este ca\u00a0<b>un flaut care r\u0103sp\u00e2nde\u015fte melodia milostivirii<\/b>, ca\u00a0<b>o batist\u0103 pentru lacrimi<\/b>, este\u00a0<b>port\u0103reasa Bunului Dumnezeu<\/b>, cel care-\u015fi deschide bra\u0163ele pentru ai cuprinde pe to\u0163i cei care caut\u0103 inima lui de Tat\u0103.<\/p>\n<p align=\"justify\">Niciodat\u0103 nu a voit s\u0103 fie protagonist\u0103. Mereu s-a considerat un inutil instrument \u00een m\u00e2inile lui Dumnezeu, \u015fi niciodat\u0103 nu \u015fi-a permis s\u0103-\u015fi atribuie meritele pe care Bunul Isus, prin mijlocirea ei, le-a \u00eenf\u0103ptuit. Isus era autorul, protagonistul din Collevalenza; ea era doar\u00a0<b>un instrument la \u00eendem\u00e2na Providen\u0163ei<\/b>.<\/p>\n<p align=\"justify\"><b>Mereu cu bra\u0163ele deschise<\/b>\u00a0pentru a primi pe to\u0163i cei care veneau s\u0103 se \u00eent\u00e2lneasc\u0103 cu Iubirea Milostiv\u0103. Ca un bun portar, ea \u00eei primea unul c\u00e2te unul. Afluen\u0163a persoanelor era din ce \u00een ce mai mare \u00eentr-at\u00e2t c\u0103 a trebuit s\u0103 se pun\u0103 ordine \u015fi limite \u00eentre cei care o c\u0103utau, s\u0103 se stabileasc\u0103 limite \u015fi s\u0103 numeasc\u0103 al\u0103turi de Maica Speran\u0163a o sor\u0103 care s\u0103 se ocupe de ordine \u00een sala de primire \u015fi \u00een coresponden\u0163\u0103.<\/p>\n<p align=\"justify\">Maica Speran\u0163a te \u00eent\u00e2mpina cu noble\u0163ea unei distincte doamne spaniole \u2013 scrie un autor italian -, \u00een picioare, sprijinindu-se de marginea unei mese. Te asculta cu aten\u0163ie, te privea cu ochii ei penetran\u0163i, te \u00eencuraja, te \u00eencredin\u0163a Iubirii Milostive promi\u0163\u00e2nd c\u0103 ea \u00eens\u0103\u015fi s-ar fi rugat. \u015ei \u00eemplinea promisiunile.\u00a0<b>Mult timp din noapte dedica rug\u0103ciunii \u00een fa\u0163a r\u0103stignitului pentru cei care \u00een ziua respectiv\u0103 trecuser\u0103 pe\u00a0la Sanctuar \u015fi-i \u00eencredin\u0163ase problemele personale.<\/b><\/p>\n<\/div><\/section><\/p><\/div><\/div><!--close column table wrapper. Autoclose: 1 -->\n<\/div><\/div><div class=\"flex_cell no_margin av_one_fourth  avia-builder-el-6  el_after_av_cell_three_fourth  avia-builder-el-last   \"  style='vertical-align:top; padding:30px; background-color:#ffffff; ' ><div class='flex_cell_inner' ><p><div class=\"flex_column av_one_full  flex_column_div av-zero-column-padding first  avia-builder-el-7  el_before_av_hr  avia-builder-el-first  \" style='border-radius:0px; '><p><div  class='avia-image-container  av-styling-    avia-builder-el-8  el_before_av_image  avia-builder-el-first  avia-align-center '  itemprop=\"image\" itemscope=\"itemscope\" itemtype=\"https:\/\/schema.org\/ImageObject\"  ><div class='avia-image-container-inner'><div class='avia-image-overlay-wrap'><a href='http:\/\/www.amormisericordioso.org\/ro\/sanctuarul-din-collevalenza\/' class='avia_image'  ><img class='wp-image-645 avia-img-lazy-loading-not-645 avia_image' src='http:\/\/www.amormisericordioso.org\/ro\/wp-content\/uploads\/2015\/05\/primary-original-2.jpg' alt='' title='primary-original-2'  itemprop=\"thumbnailUrl\"  \/><\/a><\/div><\/div><\/div><br \/>\n<div  class='avia-image-container  av-styling-    avia-builder-el-9  el_after_av_image  el_before_av_image  avia-align-center '  itemprop=\"image\" itemscope=\"itemscope\" itemtype=\"https:\/\/schema.org\/ImageObject\"  ><div class='avia-image-container-inner'><div class='avia-image-overlay-wrap'><a href='http:\/\/www.amormisericordioso.org\/ro\/fericita-speranta-a-lui-isus\/beatificata-pe-31-mai-2014\/' class='avia_image'  ><img class='wp-image-1647 avia-img-lazy-loading-not-1647 avia_image' src='http:\/\/www.amormisericordioso.org\/ro\/wp-content\/uploads\/2016\/10\/beatificazione-rumano.png' alt='' title='beatificazione-rumano'  itemprop=\"thumbnailUrl\"  \/><\/a><\/div><\/div><\/div><br \/>\n<div  class='avia-image-container  av-styling-    avia-builder-el-10  el_after_av_image  avia-builder-el-last  avia-align-center '  itemprop=\"image\" itemscope=\"itemscope\" itemtype=\"https:\/\/schema.org\/ImageObject\"  ><div class='avia-image-container-inner'><div class='avia-image-overlay-wrap'><a href='http:\/\/www.amormisericordioso.org\/ro\/familia-iubirii-milostive\/ubicacion-en-el-mundo\/' class='avia_image'  ><img class='wp-image-530 avia-img-lazy-loading-not-530 avia_image' src='http:\/\/www.amormisericordioso.org\/ro\/wp-content\/uploads\/2015\/05\/Mapa-en-el-Mundo-FAM-rumano.jpg' alt='' title='Mapa-en-el-Mundo-FAM-rumano'  itemprop=\"thumbnailUrl\"  \/><\/a><\/div><\/div><\/div><\/p><\/div><div   class='hr hr-default   avia-builder-el-11  el_after_av_one_full  el_before_av_heading '><span class='hr-inner ' ><span class='hr-inner-style'><\/span><\/span><\/div><br \/>\n<div  style='padding-bottom:10px; ' class='av-special-heading av-special-heading-h3  blockquote modern-quote  avia-builder-el-12  el_after_av_hr  el_before_av_magazine  '><h3 class='av-special-heading-tag '  itemprop=\"headline\"  >Ultime nout\u0103\u021bi<\/h3><div class='special-heading-border'><div class='special-heading-inner-border' ><\/div><\/div><\/div><br \/>\n<div  id=\"1\"  class='av-magazine   avia-builder-el-13  el_after_av_heading  el_before_av_image   av-magazine-top-bar-active av-magazine-tabs-active' ><div class='av-magazine-top-bar ' ><\/div><div class='av-magazine-group sort_all'><article class='av-magazine-entry av-magazine-entry-id-3118 av-magazine-format-standard av-magazine-type-post av-magazine-entry-1 av-magazine-entry-small '  itemscope=\"itemscope\" itemtype=\"https:\/\/schema.org\/CreativeWork\" ><div class='av-magazine-thumbnail'><a href='http:\/\/www.amormisericordioso.org\/ro\/barticesti-te-am-iubit-cu-o-iubire-vesnica-zile-de-reculegere-pentru-tineri\/' title='Link to: Bartice\u015fti: &#8220;Te-am iubit cu o iubire ve\u015fnic\u0103&#8221;. Zile de reculegere pentru tineri' class='av-magazine-thumbnail-link '><img loading=\"lazy\" decoding=\"async\" width=\"80\" height=\"80\" src=\"http:\/\/www.amormisericordioso.org\/ro\/wp-content\/uploads\/2022\/04\/IMG-20220422-WA0073-1-80x80.jpg\" class=\"wp-image-3186 avia-img-lazy-loading-3186 attachment-thumbnail size-thumbnail wp-post-image\" alt=\"\" srcset=\"http:\/\/www.amormisericordioso.org\/ro\/wp-content\/uploads\/2022\/04\/IMG-20220422-WA0073-1-80x80.jpg 80w, http:\/\/www.amormisericordioso.org\/ro\/wp-content\/uploads\/2022\/04\/IMG-20220422-WA0073-1-36x36.jpg 36w, http:\/\/www.amormisericordioso.org\/ro\/wp-content\/uploads\/2022\/04\/IMG-20220422-WA0073-1-180x180.jpg 180w\" sizes=\"auto, (max-width: 80px) 100vw, 80px\" \/><\/a><\/div><div class='av-magazine-content-wrap'><header class='entry-content-header'><time class='av-magazine-time updated'  itemprop=\"datePublished\" datetime=\"2022-04-24T14:21:41-06:00\" >24 abril, 2022<\/time><h3 class='av-magazine-title entry-title '  itemprop=\"headline\" ><a href='http:\/\/www.amormisericordioso.org\/ro\/barticesti-te-am-iubit-cu-o-iubire-vesnica-zile-de-reculegere-pentru-tineri\/' title='Link to: Bartice\u015fti: &#8220;Te-am iubit cu o iubire ve\u015fnic\u0103&#8221;. Zile de reculegere pentru tineri'>Bartice\u015fti: &#8220;Te-am iubit cu o iubire ve\u015fnic\u0103&#8221;. Zile de reculegere pentru tineri<\/a><\/h3><\/header><\/div><footer class='entry-footer'><\/footer><\/article><article class='av-magazine-entry av-magazine-entry-id-3112 av-magazine-format-standard av-magazine-type-post av-magazine-entry-2 av-magazine-entry-small '  itemscope=\"itemscope\" itemtype=\"https:\/\/schema.org\/CreativeWork\" ><div class='av-magazine-thumbnail'><a href='http:\/\/www.amormisericordioso.org\/ro\/s-a-nascut-mantuitor-isus-cristos\/' title='Link to: S-A N\u0102SCUT M\u00c2NTUITOR, ISUS CRISTOS' class='av-magazine-thumbnail-link '><img loading=\"lazy\" decoding=\"async\" width=\"80\" height=\"80\" src=\"http:\/\/www.amormisericordioso.org\/ro\/wp-content\/uploads\/2021\/12\/R-9-80x80.jpg\" class=\"wp-image-3114 avia-img-lazy-loading-3114 attachment-thumbnail size-thumbnail wp-post-image\" alt=\"\" srcset=\"http:\/\/www.amormisericordioso.org\/ro\/wp-content\/uploads\/2021\/12\/R-9-80x80.jpg 80w, http:\/\/www.amormisericordioso.org\/ro\/wp-content\/uploads\/2021\/12\/R-9-36x36.jpg 36w, http:\/\/www.amormisericordioso.org\/ro\/wp-content\/uploads\/2021\/12\/R-9-180x180.jpg 180w\" sizes=\"auto, (max-width: 80px) 100vw, 80px\" \/><\/a><\/div><div class='av-magazine-content-wrap'><header class='entry-content-header'><time class='av-magazine-time updated'  itemprop=\"datePublished\" datetime=\"2021-12-25T10:00:02-06:00\" >25 diciembre, 2021<\/time><h3 class='av-magazine-title entry-title '  itemprop=\"headline\" ><a href='http:\/\/www.amormisericordioso.org\/ro\/s-a-nascut-mantuitor-isus-cristos\/' title='Link to: S-A N\u0102SCUT M\u00c2NTUITOR, ISUS CRISTOS'>S-A N\u0102SCUT M\u00c2NTUITOR, ISUS CRISTOS<\/a><\/h3><\/header><\/div><footer class='entry-footer'><\/footer><\/article><article class='av-magazine-entry av-magazine-entry-id-3106 av-magazine-format-standard av-magazine-type-post av-magazine-entry-3 av-magazine-entry-small '  itemscope=\"itemscope\" itemtype=\"https:\/\/schema.org\/CreativeWork\" ><div class='av-magazine-thumbnail'><a href='http:\/\/www.amormisericordioso.org\/ro\/21-11-2021-solemnitatea-lui-cristos-regele-universului\/' title='Link to: 21\/11\/2021: Solemnitatea lui Cristos Regele universului' class='av-magazine-thumbnail-link '><img loading=\"lazy\" decoding=\"async\" width=\"80\" height=\"80\" src=\"http:\/\/www.amormisericordioso.org\/ro\/wp-content\/uploads\/2021\/11\/23795673_10210564688693706_4898416747190409627_n-80x80.jpg\" class=\"wp-image-3108 avia-img-lazy-loading-3108 attachment-thumbnail size-thumbnail wp-post-image\" alt=\"\" srcset=\"http:\/\/www.amormisericordioso.org\/ro\/wp-content\/uploads\/2021\/11\/23795673_10210564688693706_4898416747190409627_n-80x80.jpg 80w, http:\/\/www.amormisericordioso.org\/ro\/wp-content\/uploads\/2021\/11\/23795673_10210564688693706_4898416747190409627_n-36x36.jpg 36w, http:\/\/www.amormisericordioso.org\/ro\/wp-content\/uploads\/2021\/11\/23795673_10210564688693706_4898416747190409627_n-180x180.jpg 180w\" sizes=\"auto, (max-width: 80px) 100vw, 80px\" \/><\/a><\/div><div class='av-magazine-content-wrap'><header class='entry-content-header'><time class='av-magazine-time updated'  itemprop=\"datePublished\" datetime=\"2021-11-21T06:00:32-06:00\" >21 noviembre, 2021<\/time><h3 class='av-magazine-title entry-title '  itemprop=\"headline\" ><a href='http:\/\/www.amormisericordioso.org\/ro\/21-11-2021-solemnitatea-lui-cristos-regele-universului\/' title='Link to: 21\/11\/2021: Solemnitatea lui Cristos Regele universului'>21\/11\/2021: Solemnitatea lui Cristos Regele universului<\/a><\/h3><\/header><\/div><footer class='entry-footer'><\/footer><\/article><article class='av-magazine-entry av-magazine-entry-id-3052 av-magazine-format-standard av-magazine-type-post av-magazine-entry-4 av-magazine-entry-small '  itemscope=\"itemscope\" itemtype=\"https:\/\/schema.org\/CreativeWork\" ><div class='av-magazine-thumbnail'><a href='http:\/\/www.amormisericordioso.org\/ro\/luncani-campusul-pentru-tineri-adevarul-va-va-elibera\/' title='Link to: Luncani: Campusul pentru tineri &#8211; &#8220;Adev\u0103rul v\u0103 va elibera!&#8221;' class='av-magazine-thumbnail-link '><img loading=\"lazy\" decoding=\"async\" width=\"80\" height=\"80\" src=\"http:\/\/www.amormisericordioso.org\/ro\/wp-content\/uploads\/2021\/08\/IMG-20210729-WA0015-80x80.jpg\" class=\"wp-image-3069 avia-img-lazy-loading-3069 attachment-thumbnail size-thumbnail wp-post-image\" alt=\"\" srcset=\"http:\/\/www.amormisericordioso.org\/ro\/wp-content\/uploads\/2021\/08\/IMG-20210729-WA0015-80x80.jpg 80w, http:\/\/www.amormisericordioso.org\/ro\/wp-content\/uploads\/2021\/08\/IMG-20210729-WA0015-36x36.jpg 36w, http:\/\/www.amormisericordioso.org\/ro\/wp-content\/uploads\/2021\/08\/IMG-20210729-WA0015-180x180.jpg 180w\" sizes=\"auto, (max-width: 80px) 100vw, 80px\" \/><\/a><\/div><div class='av-magazine-content-wrap'><header class='entry-content-header'><time class='av-magazine-time updated'  itemprop=\"datePublished\" datetime=\"2021-08-01T12:34:41-06:00\" >1 agosto, 2021<\/time><h3 class='av-magazine-title entry-title '  itemprop=\"headline\" ><a href='http:\/\/www.amormisericordioso.org\/ro\/luncani-campusul-pentru-tineri-adevarul-va-va-elibera\/' title='Link to: Luncani: Campusul pentru tineri &#8211; &#8220;Adev\u0103rul v\u0103 va elibera!&#8221;'>Luncani: Campusul pentru tineri &#8211; &#8220;Adev\u0103rul v\u0103 va elibera!&#8221;<\/a><\/h3><\/header><\/div><footer class='entry-footer'><\/footer><\/article><article class='av-magazine-entry av-magazine-entry-id-3033 av-magazine-format-standard av-magazine-type-post av-magazine-entry-5 av-magazine-entry-small '  itemscope=\"itemscope\" itemtype=\"https:\/\/schema.org\/CreativeWork\" ><div class='av-magazine-thumbnail'><a href='http:\/\/www.amormisericordioso.org\/ro\/barticesti-campus-vara-impreuna-la-centrul-maica-speranta\/' title='Link to: Bartice\u015fti: Campus &#8220;Vara \u00eempreun\u0103&#8221; la Centrul &#8220;Maica Speran\u0163a&#8221;' class='av-magazine-thumbnail-link '><img loading=\"lazy\" decoding=\"async\" width=\"80\" height=\"80\" src=\"http:\/\/www.amormisericordioso.org\/ro\/wp-content\/uploads\/2021\/07\/202107040-4-80x80.jpg\" class=\"wp-image-3039 avia-img-lazy-loading-3039 attachment-thumbnail size-thumbnail wp-post-image\" alt=\"\" srcset=\"http:\/\/www.amormisericordioso.org\/ro\/wp-content\/uploads\/2021\/07\/202107040-4-80x80.jpg 80w, http:\/\/www.amormisericordioso.org\/ro\/wp-content\/uploads\/2021\/07\/202107040-4-36x36.jpg 36w, http:\/\/www.amormisericordioso.org\/ro\/wp-content\/uploads\/2021\/07\/202107040-4-180x180.jpg 180w\" sizes=\"auto, (max-width: 80px) 100vw, 80px\" \/><\/a><\/div><div class='av-magazine-content-wrap'><header class='entry-content-header'><time class='av-magazine-time updated'  itemprop=\"datePublished\" datetime=\"2021-07-22T02:56:40-06:00\" >22 julio, 2021<\/time><h3 class='av-magazine-title entry-title '  itemprop=\"headline\" ><a href='http:\/\/www.amormisericordioso.org\/ro\/barticesti-campus-vara-impreuna-la-centrul-maica-speranta\/' title='Link to: Bartice\u015fti: Campus &#8220;Vara \u00eempreun\u0103&#8221; la Centrul &#8220;Maica Speran\u0163a&#8221;'>Bartice\u015fti: Campus &#8220;Vara \u00eempreun\u0103&#8221; la Centrul &#8220;Maica Speran\u0163a&#8221;<\/a><\/h3><\/header><\/div><footer class='entry-footer'><\/footer><\/article><\/div><\/div><br \/>\n<div  class='avia-image-container  av-styling-    avia-builder-el-14  el_after_av_magazine  avia-builder-el-last  avia-align-center '  itemprop=\"image\" itemscope=\"itemscope\" itemtype=\"https:\/\/schema.org\/ImageObject\"  ><div class='avia-image-container-inner'><div class='avia-image-overlay-wrap'><a href='http:\/\/www.amormisericordioso.org\/ro\/continuturi-multimediale\/' class='avia_image'  ><img class='wp-image-596 avia-img-lazy-loading-not-596 avia_image' src='http:\/\/www.amormisericordioso.org\/ro\/wp-content\/uploads\/2015\/05\/banner-galeria-secciones-FAM-rumano.png' alt='' title='banner-galeria-secciones-FAM-rumano'  itemprop=\"thumbnailUrl\"  \/><\/a><\/div><\/div><\/div><\/p>\n<\/div><\/div><\/div>\n","protected":false},"excerpt":{"rendered":"","protected":false},"author":1,"featured_media":2453,"parent":475,"menu_order":0,"comment_status":"closed","ping_status":"closed","template":"","meta":{"footnotes":""},"class_list":["post-792","page","type-page","status-publish","has-post-thumbnail","hentry"],"_links":{"self":[{"href":"http:\/\/www.amormisericordioso.org\/ro\/wp-json\/wp\/v2\/pages\/792","targetHints":{"allow":["GET"]}}],"collection":[{"href":"http:\/\/www.amormisericordioso.org\/ro\/wp-json\/wp\/v2\/pages"}],"about":[{"href":"http:\/\/www.amormisericordioso.org\/ro\/wp-json\/wp\/v2\/types\/page"}],"author":[{"embeddable":true,"href":"http:\/\/www.amormisericordioso.org\/ro\/wp-json\/wp\/v2\/users\/1"}],"replies":[{"embeddable":true,"href":"http:\/\/www.amormisericordioso.org\/ro\/wp-json\/wp\/v2\/comments?post=792"}],"version-history":[{"count":1,"href":"http:\/\/www.amormisericordioso.org\/ro\/wp-json\/wp\/v2\/pages\/792\/revisions"}],"predecessor-version":[{"id":2454,"href":"http:\/\/www.amormisericordioso.org\/ro\/wp-json\/wp\/v2\/pages\/792\/revisions\/2454"}],"up":[{"embeddable":true,"href":"http:\/\/www.amormisericordioso.org\/ro\/wp-json\/wp\/v2\/pages\/475"}],"wp:featuredmedia":[{"embeddable":true,"href":"http:\/\/www.amormisericordioso.org\/ro\/wp-json\/wp\/v2\/media\/2453"}],"wp:attachment":[{"href":"http:\/\/www.amormisericordioso.org\/ro\/wp-json\/wp\/v2\/media?parent=792"}],"curies":[{"name":"wp","href":"https:\/\/api.w.org\/{rel}","templated":true}]}}