{"id":728,"date":"2016-04-26T08:01:44","date_gmt":"2016-04-26T14:01:44","guid":{"rendered":"http:\/\/localhost:8888\/amormisericordioso\/?page_id=728"},"modified":"2018-06-12T11:58:43","modified_gmt":"2018-06-12T17:58:43","slug":"sfantul-benedict-cottolengo","status":"publish","type":"page","link":"http:\/\/www.amormisericordioso.org\/ro\/familia-iubirii-milostive\/sfantul-benedict-cottolengo\/","title":{"rendered":"Sf\u00e2ntul Benedict Cottolengo"},"content":{"rendered":"<div id='av-layout-grid-1'  class='av-layout-grid-container entry-content-wrapper main_color av-flex-cells     avia-builder-el-0  avia-builder-el-no-sibling  container_wrap sidebar_right' style=' '  >\n<div class=\"flex_cell no_margin av_three_fourth  avia-builder-el-1  el_before_av_cell_one_fourth  avia-builder-el-first   \"  style='vertical-align:top; padding:30px; background-color:#ffffff; ' ><div class='flex_cell_inner' ><div class='flex_column_table av-equal-height-column-flextable -flextable' style='margin-top:-60px; margin-bottom:0px; '><div class=\"flex_column av_one_full  no_margin flex_column_table_cell av-equal-height-column av-align-top first  avia-builder-el-2  avia-builder-el-no-sibling  \" style='padding:30px; background-color:#ffffff; border-radius:0px; '><p><div  class='avia-image-container  av-styling-    avia-builder-el-3  el_before_av_heading  avia-builder-el-first  avia-align-center '  itemprop=\"image\" itemscope=\"itemscope\" itemtype=\"https:\/\/schema.org\/ImageObject\"  ><div class='avia-image-container-inner'><div class='avia-image-overlay-wrap'><img class='wp-image-2421 avia-img-lazy-loading-not-2421 avia_image' src='http:\/\/www.amormisericordioso.org\/ro\/wp-content\/uploads\/2016\/04\/primary-original-7.jpg' alt='' title='primary-original-7' height=\"339\" width=\"624\"  itemprop=\"thumbnailUrl\"  \/><\/div><\/div><\/div><br \/>\n<div  style='padding-bottom:0px; ' class='av-special-heading av-special-heading-h1  blockquote modern-quote  avia-builder-el-4  el_after_av_image  el_before_av_textblock  '><h1 class='av-special-heading-tag '  itemprop=\"headline\"  >Sf\u00e2ntul Benedict Cottolengo<\/h1><div class='special-heading-border'><div class='special-heading-inner-border' ><\/div><\/div><\/div><br \/>\n<section class=\"av_textblock_section \"  itemscope=\"itemscope\" itemtype=\"https:\/\/schema.org\/CreativeWork\" ><div class='avia_textblock  '  style='font-size:18px; '  itemprop=\"text\" ><p align=\"justify\">Iosif Benedict Cottloengo, cel mai mare dintre cei 12 fii a lui Iosif Anton Bernardin \u015fi Angela Calerina Benedicta Chiarotti, s-a n\u0103scut \u00een dup\u0103-amiaza zilei de\u00a03 mai 1786 \u00een Bra, Italia. Datorit\u0103 circumstan\u0163elor provocate de c\u0103tre revolu\u0163ia francez\u0103, Cottolengo a fost obligat s\u0103-\u015fi completeze studiile \u00een teologie \u00een mod clandestin. \u00cen iunie\u00a01811 a fost hirotonit preot \u015fi imediat dup\u0103 aceia a fost numit adjunct \u00een Corneliano de Alba unde celebra Sf\u00e2nta Liturghie la ora trei noaptea pentru ca oamenii s\u0103 poat\u0103 participa, mai \u00eenainte de a\u015fi \u00eencepe activit\u0103\u0163ile. Le spunea: &#8220;recolta va fi mai bogat\u0103 cu binecuv\u00e2ntarea lui Dumnezeu&#8221;.<\/p>\n<p align=\"justify\">La Torino a ob\u0163inut Doctoratul \u00een teologie \u015fi mai t\u00e2rziu a fost numit canonic. Aceast\u0103 numire nu-i d\u0103dea nici-o satisfac\u0163ie \u015fi a trecut printr-o mare criz\u0103,\u00a0<b>\u00eentruc\u00e2t sim\u0163ea nevoia de a face mai mult pentru comunit\u0103\u0163ile cre\u015ftine care nu puteau dispune de prea mare ajutor<\/b>.<\/p>\n<p align=\"justify\">C\u00e2nd a trebuit s\u0103 asiste, neputincios, la moartea Anei Maria Gonnet, care era \u00eens\u0103rcinat\u0103 \u015fi \u00eenconjurat\u0103 de c\u0103tre ceilal\u0163i fii care o pl\u00e2ngeau, a sim\u0163it c\u0103 acela era momentul de a face mai mult pentru oameni. Acea femeie suferea de o boal\u0103 necunoscut\u0103 \u015fi avea nevoie s\u0103 fie ajutat\u0103 \u00een mod continuu. De\u015fi a\u015fa nu a fost primit\u0103 \u00een vre-un spital pentru c\u0103 sarcina era \u00eenaintat\u0103 \u015fi era foarte s\u0103rac\u0103. Preotul a \u00eencercat s-o ajute la na\u015ftere, \u00eentr-o barac\u0103, dar n-a putut s-o salveze \u015fi a murit \u00een bra\u0163ele lui, tocmai pe c\u00e2nd \u00eei administra sfintele sacramente. Cottolengo reu\u015fe\u015fte s\u0103-l boteze pe copil, mai \u00eenainte ca \u015fi acesta s\u0103 moar\u0103. \u00cen fa\u0163a acestei tragedii preotul se emo\u0163ioneaz\u0103 ad\u00e2nc \u015fi decide s\u0103\u00a0<b>v\u00e2nd\u0103 tot ce are, p\u00e2n\u0103 \u015fi mantia lui, \u00eenchiriaz\u0103 c\u00e2teva instrumente \u015fi \u00eencepe o activitate de binefacere<\/b>, d\u0103ruind cas\u0103 \u015fi mas\u0103 unei b\u0103tr\u00e2ne paralizate, \u00eencep\u00e2nd de pe\u00a017 ianuarie 1828; a numit aceast\u0103 ini\u0163iativ\u0103 &#8220;volta rossa&#8221;. \u00cen scurt timp acest loc devine un centru de ospitalitate pentru cei ce nu erau primi\u0163i \u00een spitale.<\/p>\n<p align=\"justify\">Pius al IX-lea numea acest loc &#8220;casa minunilor&#8221;. C\u00e2nd autorit\u0103\u0163ile i-au cerut s\u0103 \u00eenchid\u0103 casa, ca o precau\u0163ie \u00eempotriva epidemiei de holer\u0103 din anul 1831, Cottolengo \u015fi-a \u00eenc\u0103rcat pe un m\u0103gar lucrurile lui \u015fi, \u00eenso\u0163it de dou\u0103 surori a pr\u0103sit ora\u015ful Torino. \u00cen loc s\u0103 se descurajeze el spunea: &#8220;plantele pentru a cre\u015fte mai mult \u015fi pentru a da rod trebuiesc replantate din nou. La fel \u015fi noi. Ne vom replanta \u015fi vom cre\u015fte mai mult&#8221;. \u015ei\u00a0<b>s-a stabilit \u00eentr-un cartier din afara ora\u015fului, numit Valdocco, \u00eentr-un edificiu abandonat. La intrare au pus un panou pe care era scris: \u00abCaritas Christi urget nos!\u00bb (Iubirea lui Cristos ne \u00eent\u0103re\u015fte)<\/b>.<\/p>\n<p align=\"justify\">Astfel, opera lui Iosif Cottolengo s-a transformat \u00een ceea ce mai t\u00e2rziu s-a numit &#8220;Mica cas\u0103 a Divinei Providen\u0163e&#8221;. \u00cencet, \u00eencet s-au construit mai multe edificii. &#8220;Casa credin\u0163ei&#8221;, &#8220;Casa speran\u0163ei&#8221;, &#8220;Betleem&#8221;. Toate \u00eempreun\u0103 el le-a numit &#8220;Arca lui Noe&#8221;. Acolo primea bolnavi nevindecabili. Un edificiu l-a destinat bolnavilor mentali pe care el \u00eei numea &#8220;prietenii mei dragi&#8221;. Un alt edificiu l-a dedicat surdomu\u0163ilor \u015fi un pavilion l-a dedicat invalizilor. Orfanii \u015fi cei abandona\u0163i erau primi\u0163i f\u0103r\u0103 a le pune vre-o condi\u0163ie. Un scriitor francez spunea despre opera lui Cottolengo: &#8220;Aceasta este\u00a0<b>Universitatea carit\u0103\u0163ii cre\u015ftine<\/b>&#8220;.<\/p>\n<p align=\"justify\">Nu avea bani \u015fi tot se g\u00e2ndea s\u0103-\u015fi \u00eent\u0103reasc\u0103 activit\u0103\u0163ile \u015fi spitalul. Tuturor le spunea cu bucurie: &#8220;Providen\u0163ei lui Dumnezeu \u00eei este la fel de u\u015for s\u0103 \u00eentre\u0163in\u0103 500 ca \u015fi 5000 de persoane&#8221;. Oamenii g\u00e2ndeau c\u0103 &#8220;Mica cas\u0103 a Divinei Providen\u0163e&#8221; era ca o piramid\u0103 \u00eentoars\u0103 care se sprijinea pe un singur loc:\u00a0<b>marea \u00eencredere \u00een bun\u0103tatea lui Dumnezeu<\/b>. Modul \u00een care lucra acest sf\u00e2nt era cu totul \u015fi cu totul \u00eentortocheat. Dac\u0103 lipseau ajutoarele necesare \u00eengrijirii bolnavilor el \u00eei \u00eentreba pe colaboratorii s\u0103i dac\u0103 mai erau paturi disponibile pentru bolnavi \u015fi dac\u0103 r\u0103spunsul era afirmativ el replica: &#8220;Iat\u0103 de ce nu primim ajutor!&#8221; Noi ne preocup\u0103m de cele ce lipsesc \u00een timp ce am putea pune la dispozi\u0163ie bolnavilor camerele pe care le avem libere. C\u00e2nd colaboratorii s\u0103i \u00eei refereau c\u0103 nu mai sunt locuri libere el r\u0103spundea: &#8220;atunci s\u0103-i primim \u015fi pe cei care ne cer ajutor&#8221;. Dac\u0103-i spuneau c\u0103 &#8220;nu mai au p\u00e2ine \u015fi alte alimente&#8221; el r\u0103spundea: &#8220;s\u0103 primim \u015fi mai mul\u0163i nevoia\u015fi&#8221;.<\/p>\n<p align=\"justify\">Admirabil\u0103 era\u00a0<b>credin\u0163a oarb\u0103<\/b>\u00a0a lui\u00a0<b>\u00een Divina Providen\u0163\u0103<\/b>; \u00een continuu le explica colaboratorilor s\u0103i: &#8220;Poate ne va lipsi personalul \u015fi altfel de lucruri dar Providen\u0163a lui Dumnezeu nu ne va abandona nici-o dat\u0103&#8221;. C\u00e2nd \u00ee\u015fi d\u0103dea seama c\u0103 careva dintre ai s\u0103i lipsea \u00een credin\u0163\u0103, el ad\u0103uga: &#8220;Dumnezeu r\u0103spunde cu ajutoare normale celor care se \u00eencred \u00een el \u00een mod normal dar el r\u0103spunde \u015fi cu ajutoare extraordinare celor care au o credin\u0163\u0103 extraordinar\u0103&#8221;. \u015ei, \u00eentr-adev\u0103r, Dumnezeu nu l-a abandonat nici-odat\u0103.<\/p>\n<p align=\"justify\">Din p\u0103cate natura lui destul de fragil\u0103 \u00eencepea s\u0103 cedeze \u015fi el era din ce \u00een ce mai sl\u0103bit. Nu mai avea aceia\u015fi putere pe care o avea la \u00eenceput. La 56 de ani, pe patul de moarte, spunea \u00een glum\u0103: &#8220;M\u0103garul nu mai vrea s\u0103 mearg\u0103&#8221;. Ultimele cuvinte pe care cu greu le-a pronun\u0163at erau o cita\u0163ie din Psalmul 122: &#8220;Ce mare bucurie atunci c\u00e2nd mi-au spus: s\u0103 mergem \u00een Casa Domnului&#8221;. A murit\u00a0la Chieri, Italia, s\u00e2mb\u0103ta, \u00een ziua de 30 aprilie a anului 1849 \u015fi l-au \u00eenmorm\u00e2ntat pe 1 mai.<\/p>\n<p align=\"justify\">A p\u0103r\u0103sit &#8220;Mica Cas\u0103 a Divinei Providen\u0163e&#8221; pentru a oferi locul noului paznic. A fost beatificat de Papa Benedict XV \u00een 1917, iar mai t\u00e2rziu a fost denumit un &#8220;<b>geniu al binelui<\/b>&#8221; de c\u0103tre Pius XI. Tot el l-a canonizat pe\u00a019 martie 1934 \u00eempreun\u0103 cu prietenul \u015fi vecinul s\u0103u Sf\u00e2ntul Ioan Bosco.<\/p>\n<\/div><\/section><\/p><\/div><\/div><!--close column table wrapper. Autoclose: 1 -->\n<\/div><\/div><div class=\"flex_cell no_margin av_one_fourth  avia-builder-el-6  el_after_av_cell_three_fourth  avia-builder-el-last   \"  style='vertical-align:top; padding:30px; background-color:#ffffff; ' ><div class='flex_cell_inner' ><p><div class=\"flex_column av_one_full  flex_column_div av-zero-column-padding first  avia-builder-el-7  el_before_av_hr  avia-builder-el-first  \" style='border-radius:0px; '><p><div  class='avia-image-container  av-styling-    avia-builder-el-8  el_before_av_image  avia-builder-el-first  avia-align-center '  itemprop=\"image\" itemscope=\"itemscope\" itemtype=\"https:\/\/schema.org\/ImageObject\"  ><div class='avia-image-container-inner'><div class='avia-image-overlay-wrap'><a href='http:\/\/www.amormisericordioso.org\/ro\/fericita-speranta-a-lui-isus\/' class='avia_image'  ><img class='wp-image-764 avia-img-lazy-loading-not-764 avia_image' src='http:\/\/www.amormisericordioso.org\/ro\/wp-content\/uploads\/2015\/10\/primary-original.jpg' alt='' title='primary-original'  itemprop=\"thumbnailUrl\"  \/><\/a><\/div><\/div><\/div><br \/>\n<div  class='avia-image-container  av-styling-    avia-builder-el-9  el_after_av_image  el_before_av_image  avia-align-center '  itemprop=\"image\" itemscope=\"itemscope\" itemtype=\"https:\/\/schema.org\/ImageObject\"  ><div class='avia-image-container-inner'><div class='avia-image-overlay-wrap'><a href='http:\/\/www.amormisericordioso.org\/ro\/sanctuarul-din-collevalenza\/' class='avia_image'  ><img class='wp-image-645 avia-img-lazy-loading-not-645 avia_image' src='http:\/\/www.amormisericordioso.org\/ro\/wp-content\/uploads\/2015\/05\/primary-original-2.jpg' alt='' title='primary-original-2'  itemprop=\"thumbnailUrl\"  \/><\/a><\/div><\/div><\/div><br \/>\n<div  class='avia-image-container  av-styling-    avia-builder-el-10  el_after_av_image  avia-builder-el-last  avia-align-center '  itemprop=\"image\" itemscope=\"itemscope\" itemtype=\"https:\/\/schema.org\/ImageObject\"  ><div class='avia-image-container-inner'><div class='avia-image-overlay-wrap'><a href='http:\/\/www.amormisericordioso.org\/ro\/familia-iubirii-milostive\/ubicacion-en-el-mundo\/' class='avia_image'  ><img class='wp-image-530 avia-img-lazy-loading-not-530 avia_image' src='http:\/\/www.amormisericordioso.org\/ro\/wp-content\/uploads\/2015\/05\/Mapa-en-el-Mundo-FAM-rumano.jpg' alt='' title='Mapa-en-el-Mundo-FAM-rumano'  itemprop=\"thumbnailUrl\"  \/><\/a><\/div><\/div><\/div><\/p><\/div><div   class='hr hr-default   avia-builder-el-11  el_after_av_one_full  el_before_av_heading '><span class='hr-inner ' ><span class='hr-inner-style'><\/span><\/span><\/div><br \/>\n<div  style='padding-bottom:10px; ' class='av-special-heading av-special-heading-h3  blockquote modern-quote  avia-builder-el-12  el_after_av_hr  el_before_av_magazine  '><h3 class='av-special-heading-tag '  itemprop=\"headline\"  >Ultime nout\u0103\u021bi<\/h3><div class='special-heading-border'><div class='special-heading-inner-border' ><\/div><\/div><\/div><br \/>\n<div  id=\"1\"  class='av-magazine   avia-builder-el-13  el_after_av_heading  el_before_av_image   av-magazine-top-bar-active av-magazine-tabs-active' ><div class='av-magazine-top-bar ' ><\/div><div class='av-magazine-group sort_all'><article class='av-magazine-entry av-magazine-entry-id-3118 av-magazine-format-standard av-magazine-type-post av-magazine-entry-1 av-magazine-entry-small '  itemscope=\"itemscope\" itemtype=\"https:\/\/schema.org\/CreativeWork\" ><div class='av-magazine-thumbnail'><a href='http:\/\/www.amormisericordioso.org\/ro\/barticesti-te-am-iubit-cu-o-iubire-vesnica-zile-de-reculegere-pentru-tineri\/' title='Link to: Bartice\u015fti: &#8220;Te-am iubit cu o iubire ve\u015fnic\u0103&#8221;. Zile de reculegere pentru tineri' class='av-magazine-thumbnail-link '><img loading=\"lazy\" decoding=\"async\" width=\"80\" height=\"80\" src=\"http:\/\/www.amormisericordioso.org\/ro\/wp-content\/uploads\/2022\/04\/IMG-20220422-WA0073-1-80x80.jpg\" class=\"wp-image-3186 avia-img-lazy-loading-3186 attachment-thumbnail size-thumbnail wp-post-image\" alt=\"\" srcset=\"http:\/\/www.amormisericordioso.org\/ro\/wp-content\/uploads\/2022\/04\/IMG-20220422-WA0073-1-80x80.jpg 80w, http:\/\/www.amormisericordioso.org\/ro\/wp-content\/uploads\/2022\/04\/IMG-20220422-WA0073-1-36x36.jpg 36w, http:\/\/www.amormisericordioso.org\/ro\/wp-content\/uploads\/2022\/04\/IMG-20220422-WA0073-1-180x180.jpg 180w\" sizes=\"auto, (max-width: 80px) 100vw, 80px\" \/><\/a><\/div><div class='av-magazine-content-wrap'><header class='entry-content-header'><time class='av-magazine-time updated'  itemprop=\"datePublished\" datetime=\"2022-04-24T14:21:41-06:00\" >24 abril, 2022<\/time><h3 class='av-magazine-title entry-title '  itemprop=\"headline\" ><a href='http:\/\/www.amormisericordioso.org\/ro\/barticesti-te-am-iubit-cu-o-iubire-vesnica-zile-de-reculegere-pentru-tineri\/' title='Link to: Bartice\u015fti: &#8220;Te-am iubit cu o iubire ve\u015fnic\u0103&#8221;. Zile de reculegere pentru tineri'>Bartice\u015fti: &#8220;Te-am iubit cu o iubire ve\u015fnic\u0103&#8221;. Zile de reculegere pentru tineri<\/a><\/h3><\/header><\/div><footer class='entry-footer'><\/footer><\/article><article class='av-magazine-entry av-magazine-entry-id-3112 av-magazine-format-standard av-magazine-type-post av-magazine-entry-2 av-magazine-entry-small '  itemscope=\"itemscope\" itemtype=\"https:\/\/schema.org\/CreativeWork\" ><div class='av-magazine-thumbnail'><a href='http:\/\/www.amormisericordioso.org\/ro\/s-a-nascut-mantuitor-isus-cristos\/' title='Link to: S-A N\u0102SCUT M\u00c2NTUITOR, ISUS CRISTOS' class='av-magazine-thumbnail-link '><img loading=\"lazy\" decoding=\"async\" width=\"80\" height=\"80\" src=\"http:\/\/www.amormisericordioso.org\/ro\/wp-content\/uploads\/2021\/12\/R-9-80x80.jpg\" class=\"wp-image-3114 avia-img-lazy-loading-3114 attachment-thumbnail size-thumbnail wp-post-image\" alt=\"\" srcset=\"http:\/\/www.amormisericordioso.org\/ro\/wp-content\/uploads\/2021\/12\/R-9-80x80.jpg 80w, http:\/\/www.amormisericordioso.org\/ro\/wp-content\/uploads\/2021\/12\/R-9-36x36.jpg 36w, http:\/\/www.amormisericordioso.org\/ro\/wp-content\/uploads\/2021\/12\/R-9-180x180.jpg 180w\" sizes=\"auto, (max-width: 80px) 100vw, 80px\" \/><\/a><\/div><div class='av-magazine-content-wrap'><header class='entry-content-header'><time class='av-magazine-time updated'  itemprop=\"datePublished\" datetime=\"2021-12-25T10:00:02-06:00\" >25 diciembre, 2021<\/time><h3 class='av-magazine-title entry-title '  itemprop=\"headline\" ><a href='http:\/\/www.amormisericordioso.org\/ro\/s-a-nascut-mantuitor-isus-cristos\/' title='Link to: S-A N\u0102SCUT M\u00c2NTUITOR, ISUS CRISTOS'>S-A N\u0102SCUT M\u00c2NTUITOR, ISUS CRISTOS<\/a><\/h3><\/header><\/div><footer class='entry-footer'><\/footer><\/article><article class='av-magazine-entry av-magazine-entry-id-3106 av-magazine-format-standard av-magazine-type-post av-magazine-entry-3 av-magazine-entry-small '  itemscope=\"itemscope\" itemtype=\"https:\/\/schema.org\/CreativeWork\" ><div class='av-magazine-thumbnail'><a href='http:\/\/www.amormisericordioso.org\/ro\/21-11-2021-solemnitatea-lui-cristos-regele-universului\/' title='Link to: 21\/11\/2021: Solemnitatea lui Cristos Regele universului' class='av-magazine-thumbnail-link '><img loading=\"lazy\" decoding=\"async\" width=\"80\" height=\"80\" src=\"http:\/\/www.amormisericordioso.org\/ro\/wp-content\/uploads\/2021\/11\/23795673_10210564688693706_4898416747190409627_n-80x80.jpg\" class=\"wp-image-3108 avia-img-lazy-loading-3108 attachment-thumbnail size-thumbnail wp-post-image\" alt=\"\" srcset=\"http:\/\/www.amormisericordioso.org\/ro\/wp-content\/uploads\/2021\/11\/23795673_10210564688693706_4898416747190409627_n-80x80.jpg 80w, http:\/\/www.amormisericordioso.org\/ro\/wp-content\/uploads\/2021\/11\/23795673_10210564688693706_4898416747190409627_n-36x36.jpg 36w, http:\/\/www.amormisericordioso.org\/ro\/wp-content\/uploads\/2021\/11\/23795673_10210564688693706_4898416747190409627_n-180x180.jpg 180w\" sizes=\"auto, (max-width: 80px) 100vw, 80px\" \/><\/a><\/div><div class='av-magazine-content-wrap'><header class='entry-content-header'><time class='av-magazine-time updated'  itemprop=\"datePublished\" datetime=\"2021-11-21T06:00:32-06:00\" >21 noviembre, 2021<\/time><h3 class='av-magazine-title entry-title '  itemprop=\"headline\" ><a href='http:\/\/www.amormisericordioso.org\/ro\/21-11-2021-solemnitatea-lui-cristos-regele-universului\/' title='Link to: 21\/11\/2021: Solemnitatea lui Cristos Regele universului'>21\/11\/2021: Solemnitatea lui Cristos Regele universului<\/a><\/h3><\/header><\/div><footer class='entry-footer'><\/footer><\/article><article class='av-magazine-entry av-magazine-entry-id-3052 av-magazine-format-standard av-magazine-type-post av-magazine-entry-4 av-magazine-entry-small '  itemscope=\"itemscope\" itemtype=\"https:\/\/schema.org\/CreativeWork\" ><div class='av-magazine-thumbnail'><a href='http:\/\/www.amormisericordioso.org\/ro\/luncani-campusul-pentru-tineri-adevarul-va-va-elibera\/' title='Link to: Luncani: Campusul pentru tineri &#8211; &#8220;Adev\u0103rul v\u0103 va elibera!&#8221;' class='av-magazine-thumbnail-link '><img loading=\"lazy\" decoding=\"async\" width=\"80\" height=\"80\" src=\"http:\/\/www.amormisericordioso.org\/ro\/wp-content\/uploads\/2021\/08\/IMG-20210729-WA0015-80x80.jpg\" class=\"wp-image-3069 avia-img-lazy-loading-3069 attachment-thumbnail size-thumbnail wp-post-image\" alt=\"\" srcset=\"http:\/\/www.amormisericordioso.org\/ro\/wp-content\/uploads\/2021\/08\/IMG-20210729-WA0015-80x80.jpg 80w, http:\/\/www.amormisericordioso.org\/ro\/wp-content\/uploads\/2021\/08\/IMG-20210729-WA0015-36x36.jpg 36w, http:\/\/www.amormisericordioso.org\/ro\/wp-content\/uploads\/2021\/08\/IMG-20210729-WA0015-180x180.jpg 180w\" sizes=\"auto, (max-width: 80px) 100vw, 80px\" \/><\/a><\/div><div class='av-magazine-content-wrap'><header class='entry-content-header'><time class='av-magazine-time updated'  itemprop=\"datePublished\" datetime=\"2021-08-01T12:34:41-06:00\" >1 agosto, 2021<\/time><h3 class='av-magazine-title entry-title '  itemprop=\"headline\" ><a href='http:\/\/www.amormisericordioso.org\/ro\/luncani-campusul-pentru-tineri-adevarul-va-va-elibera\/' title='Link to: Luncani: Campusul pentru tineri &#8211; &#8220;Adev\u0103rul v\u0103 va elibera!&#8221;'>Luncani: Campusul pentru tineri &#8211; &#8220;Adev\u0103rul v\u0103 va elibera!&#8221;<\/a><\/h3><\/header><\/div><footer class='entry-footer'><\/footer><\/article><article class='av-magazine-entry av-magazine-entry-id-3033 av-magazine-format-standard av-magazine-type-post av-magazine-entry-5 av-magazine-entry-small '  itemscope=\"itemscope\" itemtype=\"https:\/\/schema.org\/CreativeWork\" ><div class='av-magazine-thumbnail'><a href='http:\/\/www.amormisericordioso.org\/ro\/barticesti-campus-vara-impreuna-la-centrul-maica-speranta\/' title='Link to: Bartice\u015fti: Campus &#8220;Vara \u00eempreun\u0103&#8221; la Centrul &#8220;Maica Speran\u0163a&#8221;' class='av-magazine-thumbnail-link '><img loading=\"lazy\" decoding=\"async\" width=\"80\" height=\"80\" src=\"http:\/\/www.amormisericordioso.org\/ro\/wp-content\/uploads\/2021\/07\/202107040-4-80x80.jpg\" class=\"wp-image-3039 avia-img-lazy-loading-3039 attachment-thumbnail size-thumbnail wp-post-image\" alt=\"\" srcset=\"http:\/\/www.amormisericordioso.org\/ro\/wp-content\/uploads\/2021\/07\/202107040-4-80x80.jpg 80w, http:\/\/www.amormisericordioso.org\/ro\/wp-content\/uploads\/2021\/07\/202107040-4-36x36.jpg 36w, http:\/\/www.amormisericordioso.org\/ro\/wp-content\/uploads\/2021\/07\/202107040-4-180x180.jpg 180w\" sizes=\"auto, (max-width: 80px) 100vw, 80px\" \/><\/a><\/div><div class='av-magazine-content-wrap'><header class='entry-content-header'><time class='av-magazine-time updated'  itemprop=\"datePublished\" datetime=\"2021-07-22T02:56:40-06:00\" >22 julio, 2021<\/time><h3 class='av-magazine-title entry-title '  itemprop=\"headline\" ><a href='http:\/\/www.amormisericordioso.org\/ro\/barticesti-campus-vara-impreuna-la-centrul-maica-speranta\/' title='Link to: Bartice\u015fti: Campus &#8220;Vara \u00eempreun\u0103&#8221; la Centrul &#8220;Maica Speran\u0163a&#8221;'>Bartice\u015fti: Campus &#8220;Vara \u00eempreun\u0103&#8221; la Centrul &#8220;Maica Speran\u0163a&#8221;<\/a><\/h3><\/header><\/div><footer class='entry-footer'><\/footer><\/article><\/div><\/div><br \/>\n<div  class='avia-image-container  av-styling-    avia-builder-el-14  el_after_av_magazine  avia-builder-el-last  avia-align-center '  itemprop=\"image\" itemscope=\"itemscope\" itemtype=\"https:\/\/schema.org\/ImageObject\"  ><div class='avia-image-container-inner'><div class='avia-image-overlay-wrap'><a href='http:\/\/www.amormisericordioso.org\/ro\/continuturi-multimediale\/' class='avia_image'  ><img class='wp-image-596 avia-img-lazy-loading-not-596 avia_image' src='http:\/\/www.amormisericordioso.org\/ro\/wp-content\/uploads\/2015\/05\/banner-galeria-secciones-FAM-rumano.png' alt='' title='banner-galeria-secciones-FAM-rumano'  itemprop=\"thumbnailUrl\"  \/><\/a><\/div><\/div><\/div><\/p>\n<\/div><\/div><\/div>\n","protected":false},"excerpt":{"rendered":"","protected":false},"author":1,"featured_media":2421,"parent":19,"menu_order":0,"comment_status":"closed","ping_status":"closed","template":"","meta":{"footnotes":""},"class_list":["post-728","page","type-page","status-publish","has-post-thumbnail","hentry"],"_links":{"self":[{"href":"http:\/\/www.amormisericordioso.org\/ro\/wp-json\/wp\/v2\/pages\/728","targetHints":{"allow":["GET"]}}],"collection":[{"href":"http:\/\/www.amormisericordioso.org\/ro\/wp-json\/wp\/v2\/pages"}],"about":[{"href":"http:\/\/www.amormisericordioso.org\/ro\/wp-json\/wp\/v2\/types\/page"}],"author":[{"embeddable":true,"href":"http:\/\/www.amormisericordioso.org\/ro\/wp-json\/wp\/v2\/users\/1"}],"replies":[{"embeddable":true,"href":"http:\/\/www.amormisericordioso.org\/ro\/wp-json\/wp\/v2\/comments?post=728"}],"version-history":[{"count":2,"href":"http:\/\/www.amormisericordioso.org\/ro\/wp-json\/wp\/v2\/pages\/728\/revisions"}],"predecessor-version":[{"id":2423,"href":"http:\/\/www.amormisericordioso.org\/ro\/wp-json\/wp\/v2\/pages\/728\/revisions\/2423"}],"up":[{"embeddable":true,"href":"http:\/\/www.amormisericordioso.org\/ro\/wp-json\/wp\/v2\/pages\/19"}],"wp:featuredmedia":[{"embeddable":true,"href":"http:\/\/www.amormisericordioso.org\/ro\/wp-json\/wp\/v2\/media\/2421"}],"wp:attachment":[{"href":"http:\/\/www.amormisericordioso.org\/ro\/wp-json\/wp\/v2\/media?parent=728"}],"curies":[{"name":"wp","href":"https:\/\/api.w.org\/{rel}","templated":true}]}}