{"id":726,"date":"2016-04-26T08:00:31","date_gmt":"2016-04-26T14:00:31","guid":{"rendered":"http:\/\/localhost:8888\/amormisericordioso\/?page_id=726"},"modified":"2018-06-12T11:56:42","modified_gmt":"2018-06-12T17:56:42","slug":"sfanta-tereza-a-pruncului-isus","status":"publish","type":"page","link":"http:\/\/www.amormisericordioso.org\/ro\/familia-iubirii-milostive\/sfanta-tereza-a-pruncului-isus\/","title":{"rendered":"Sf\u00e2nta Tereza a Pruncului Isus"},"content":{"rendered":"<div id='av-layout-grid-1'  class='av-layout-grid-container entry-content-wrapper main_color av-flex-cells     avia-builder-el-0  avia-builder-el-no-sibling  container_wrap sidebar_right' style=' '  >\n<div class=\"flex_cell no_margin av_three_fourth  avia-builder-el-1  el_before_av_cell_one_fourth  avia-builder-el-first   \"  style='vertical-align:top; padding:30px; background-color:#ffffff; ' ><div class='flex_cell_inner' ><div class='flex_column_table av-equal-height-column-flextable -flextable' style='margin-top:-60px; margin-bottom:0px; '><div class=\"flex_column av_one_full  no_margin flex_column_table_cell av-equal-height-column av-align-top first  avia-builder-el-2  avia-builder-el-no-sibling  \" style='padding:30px; background-color:#ffffff; border-radius:0px; '><p><div  class='avia-image-container  av-styling-    avia-builder-el-3  el_before_av_heading  avia-builder-el-first  avia-align-center '  itemprop=\"image\" itemscope=\"itemscope\" itemtype=\"https:\/\/schema.org\/ImageObject\"  ><div class='avia-image-container-inner'><div class='avia-image-overlay-wrap'><img class='wp-image-2418 avia-img-lazy-loading-not-2418 avia_image' src='http:\/\/www.amormisericordioso.org\/ro\/wp-content\/uploads\/2016\/04\/primary-original-6.jpg' alt='' title='primary-original-6' height=\"339\" width=\"624\"  itemprop=\"thumbnailUrl\"  \/><\/div><\/div><\/div><br \/>\n<div  style='padding-bottom:0px; ' class='av-special-heading av-special-heading-h1  blockquote modern-quote  avia-builder-el-4  el_after_av_image  el_before_av_textblock  '><h1 class='av-special-heading-tag '  itemprop=\"headline\"  >Sf\u00e2nta Tereza a Pruncului Isus<\/h1><div class='special-heading-border'><div class='special-heading-inner-border' ><\/div><\/div><\/div><br \/>\n<section class=\"av_textblock_section \"  itemscope=\"itemscope\" itemtype=\"https:\/\/schema.org\/CreativeWork\" ><div class='avia_textblock  '  style='font-size:18px; '  itemprop=\"text\" ><p align=\"justify\">S-a n\u0103scut \u00een Fran\u0163a, \u00een ora\u015ful Alecon, pe\u00a02 ianuarie 1873, din Luis Martin \u015fi Acelia Maria Guerin, ambii venerabili. A murit \u00een 1897 \u015fi \u00een 1925 Papa Pius al XI-lea a canonizat-o, proclam\u00e2nd-o mai t\u00e2rziu\u00a0<b>patroan\u0103 universal\u0103 a misiunilor<\/b>. O chema &#8220;steaua pontificatului meu&#8221; \u015fi o definea &#8220;uragan de glorie&#8221;, datorit\u0103 afectului \u015fi devo\u0163iunii care o \u00eenso\u0163eau \u00een popor pe aceast\u0103 t\u00e2n\u0103r\u0103 c\u0103lug\u0103ri\u0163\u0103 carmelitan\u0103. A fost proclamat\u0103\u00a0<b>Doctor al Bisericii<\/b>\u00a0de c\u0103tre Ioan Paul al II-lea, pe\u00a019 octombrie 1997 (ziua universal\u0103 a misiunilor).<\/p>\n<p align=\"justify\">\u00ab<i>\u00centotdeauna mi-am dorit s\u0103 fiu o sf\u00e2nt\u0103, spunea Tereza \u00een autobiografia ei dar, din p\u0103cate, mi-am dat seama, atunci c\u00e2nd m-am comparat cu sfin\u0163ii, c\u0103 \u00eentre ei \u015fi mine este aceia\u015fi diferen\u0163\u0103 care este \u00eentre un munte a c\u0103rui v\u00e2rf se pierde printre nori \u015fi bobul de nisip c\u0103lcat \u00een picioare de trec\u0103tori. \u00cen loc s\u0103 m\u0103 descurajez mi-am spus c\u0103 bunul Dumnezeu nu inspir\u0103 dorin\u0163e care nu pot fi realizate \u015fi de aceea, de\u015fi neputincioas\u0103, pot s\u0103 aspir la sfin\u0163enie; nu pot ajunge s\u0103 fiu mai mare \u015fi trebuie s\u0103 m\u0103 accept a\u015fa cum sunt, cu toate imperfec\u0163iunile mele, dar voi \u00eencerca s\u0103 ajung \u00een cer pe calea cea mai dreapt\u0103, cea mai scurt\u0103, pe o cale nou\u0103. A\u015f vrea s\u0103 g\u0103sesc un lift care s\u0103 m\u0103 urce\u00a0la Isus, pentru c\u0103 sunt prea mic\u0103 ca s\u0103 urc pe calea grea a perfec\u0163iunii<\/i>\u00bb.<\/p>\n<p align=\"justify\">Tereza era\u00a0<b>cea mai mic\u0103 dintre cele cinci fiice<\/b>. Mai avea doi fra\u0163i care muriser\u0103. A avut o copil\u0103rie fericit\u0103. Avea o mare stim\u0103 pentru p\u0103rin\u0163ii ei. \u00abN-a\u015f putea s\u0103 explic c\u00e2t de mult \u00eel iubeam pe tat\u0103l meu, spunea Tereza: admiram la el tot ceea ce era\u00bb.<\/p>\n<p align=\"justify\">C\u00e2nd avea cinci ani mama ei a murit \u015fi brusc s-a \u00eentrerupt fericirea copil\u0103riei ei. De atunci o umbr\u0103 de triste\u0163e a \u00eenso\u0163it-o, de\u015fi via\u0163a ei \u00een familie era foarte lini\u015ftit\u0103 \u015fi domnea iubirea reciproc\u0103. A fost educat\u0103 de c\u0103tre surorile ei, mai ales cea de a doua, \u015fi de c\u0103tre tat\u0103l ei, care a dezvoltat un afect matern \u015fi patern pentru Tereza.<\/p>\n<p align=\"justify\">Cu el a\u00a0<b>\u00eenv\u0103\u0163at simplitatea; a \u00eenv\u0103\u0163at s\u0103 se roage \u015fi s\u0103-i ajute pe cei nevoia\u015fi<\/b>. La v\u00e2rsta de nou\u0103 ani, sora ei, care era pentru ea &#8220;a doua mam\u0103&#8221;, a intrat \u00een m\u0103n\u0103stirea carmelitan\u0103 din ora\u015ful lor. Din nou Tereza a suferit mult \u015fi cre\u015fte \u00een ea convingerea c\u0103 \u015fi ea era chemat\u0103 s\u0103 devin\u0103 c\u0103lug\u0103ri\u0163\u0103 carmelitan\u0103.<\/p>\n<p align=\"justify\">\u00cen copil\u0103rie a caracterizat-o capacitatea ei de a fi \u00ab\u00een mod special\u00bb<b>decis\u0103 \u00een a men\u0163ine leg\u0103tura dintre lucrurile \u00een care credea sau cuvintele pe care le spunea, \u015fi deciziile ce urmau luate<\/b>, oricare ar fi fost acestea. De exemplu, dac\u0103 tat\u0103l ei de pe scar\u0103 \u00eei spunea: \u00abfere\u015fte-te c\u0103ci dac\u0103 cad te strivesc\u00bb ea se apropia mai mult de scar\u0103 r\u0103spunz\u00e2nd: \u00abdac\u0103 tata va muri eu nu voi mai suferi v\u0103z\u00e2ndu-l murind pentru c\u0103 voi muri \u00eempreun\u0103 cu el\u00bb. Sau atunci c\u00e2nd se preg\u0103tea s\u0103 se spovedeasc\u0103 se \u00eentreba \u00abdac\u0103 ar fi trebuit s\u0103-i spun\u0103 preotului c\u0103-l iubea din toat\u0103 inima, dat c\u0103 vorbea cu Isus prin persoana preotului\u00bb.<\/p>\n<p align=\"justify\">La doar cincisprezece ani\u00a0<b>era convins\u0103 de voca\u0163ia ei ca c\u0103lug\u0103ri\u0163\u0103 carmelitan\u0103<\/b>. Fiind minor\u0103 nu-i era posibil s\u0103 intre \u00een m\u0103n\u0103stire. A hot\u0103r\u00e2t s\u0103 se duc\u0103 \u00een pelerinaj\u00a0la Roma \u015fi s\u0103-i cear\u0103 aprobarea direct Papei. I-a cerut s\u0103-i admit\u0103 intrarea \u00een m\u0103n\u0103stirea carmelitanelor. Papa i-a r\u0103spuns: \u00abvei intra dac\u0103 aceasta este voin\u0163a Domnului\u00bb. Spunea Tereza c\u0103 Papa avea o expresie at\u00e2t de penetrant\u0103 \u015fi conving\u0103toare c\u0103 i-a r\u0103mas \u00eentip\u0103rit\u0103-n inim\u0103.<\/p>\n<p align=\"justify\">\u00cen m\u0103n\u0103stire\u00a0<b>a tr\u0103it mai profund dou\u0103 mistere: copil\u0103ria lui Isus \u015fi p\u0103timirea lui<\/b>. Din acest motiv a cerut s\u0103 fie chemat\u0103\u00a0<u>Sor Tereza a Pruncului Isus \u015fi a Sfintei Fe\u0163e<\/u>. S-a oferit lui Dumnezeu ca instrument de expia\u0163ie \u00een favoarea p\u0103c\u0103to\u015filor. \u00cencerca s\u0103 renun\u0163e la ideea c\u0103 via\u0163a cre\u015ftin\u0103 \u00eenseamn\u0103 multe \u015fi mari \u00eenf\u0103ptuiri \u015fi a ales s\u0103 p\u0103\u015feasc\u0103 cu bucurie pe calea \u00abpruncului care, f\u0103r\u0103 fric\u0103 se abandoneaz\u0103 \u00een m\u00e2inile tat\u0103lui s\u0103u\u00bb.<\/p>\n<p align=\"justify\">La 23 de ani s-a \u00eemboln\u0103vit de tuberculoz\u0103; a murit un an mai t\u00e2rziu \u00een bra\u0163ele surorilor ei \u00een M\u0103n\u0103stirea Carmelului. \u00cen ultima perioad\u0103 a p\u0103strat o bogat\u0103 coresponden\u0163\u0103 cu doi preo\u0163i misionari. Unul dintre ei era \u00een Canada iar cel\u0103lalt \u00een China. S-a rugat necontenit pentru ei. Tocmai de aceia Pius al XII-lea a numit-o patroana misiunilor.<\/p>\n<\/div><\/section><\/p><\/div><\/div><!--close column table wrapper. Autoclose: 1 -->\n<\/div><\/div><div class=\"flex_cell no_margin av_one_fourth  avia-builder-el-6  el_after_av_cell_three_fourth  avia-builder-el-last   \"  style='vertical-align:top; padding:30px; background-color:#ffffff; ' ><div class='flex_cell_inner' ><p><div class=\"flex_column av_one_full  flex_column_div av-zero-column-padding first  avia-builder-el-7  el_before_av_hr  avia-builder-el-first  \" style='border-radius:0px; '><p><div  class='avia-image-container  av-styling-    avia-builder-el-8  el_before_av_image  avia-builder-el-first  avia-align-center '  itemprop=\"image\" itemscope=\"itemscope\" itemtype=\"https:\/\/schema.org\/ImageObject\"  ><div class='avia-image-container-inner'><div class='avia-image-overlay-wrap'><a href='http:\/\/www.amormisericordioso.org\/ro\/fericita-speranta-a-lui-isus\/' class='avia_image'  ><img class='wp-image-764 avia-img-lazy-loading-not-764 avia_image' src='http:\/\/www.amormisericordioso.org\/ro\/wp-content\/uploads\/2015\/10\/primary-original.jpg' alt='' title='primary-original'  itemprop=\"thumbnailUrl\"  \/><\/a><\/div><\/div><\/div><br \/>\n<div  class='avia-image-container  av-styling-    avia-builder-el-9  el_after_av_image  el_before_av_image  avia-align-center '  itemprop=\"image\" itemscope=\"itemscope\" itemtype=\"https:\/\/schema.org\/ImageObject\"  ><div class='avia-image-container-inner'><div class='avia-image-overlay-wrap'><a href='http:\/\/www.amormisericordioso.org\/ro\/sanctuarul-din-collevalenza\/' class='avia_image'  ><img class='wp-image-645 avia-img-lazy-loading-not-645 avia_image' src='http:\/\/www.amormisericordioso.org\/ro\/wp-content\/uploads\/2015\/05\/primary-original-2.jpg' alt='' title='primary-original-2'  itemprop=\"thumbnailUrl\"  \/><\/a><\/div><\/div><\/div><br \/>\n<div  class='avia-image-container  av-styling-    avia-builder-el-10  el_after_av_image  avia-builder-el-last  avia-align-center '  itemprop=\"image\" itemscope=\"itemscope\" itemtype=\"https:\/\/schema.org\/ImageObject\"  ><div class='avia-image-container-inner'><div class='avia-image-overlay-wrap'><a href='http:\/\/www.amormisericordioso.org\/ro\/familia-iubirii-milostive\/ubicacion-en-el-mundo\/' class='avia_image'  ><img class='wp-image-530 avia-img-lazy-loading-not-530 avia_image' src='http:\/\/www.amormisericordioso.org\/ro\/wp-content\/uploads\/2015\/05\/Mapa-en-el-Mundo-FAM-rumano.jpg' alt='' title='Mapa-en-el-Mundo-FAM-rumano'  itemprop=\"thumbnailUrl\"  \/><\/a><\/div><\/div><\/div><\/p><\/div><div   class='hr hr-default   avia-builder-el-11  el_after_av_one_full  el_before_av_heading '><span class='hr-inner ' ><span class='hr-inner-style'><\/span><\/span><\/div><br \/>\n<div  style='padding-bottom:10px; ' class='av-special-heading av-special-heading-h3  blockquote modern-quote  avia-builder-el-12  el_after_av_hr  el_before_av_magazine  '><h3 class='av-special-heading-tag '  itemprop=\"headline\"  >Ultime nout\u0103\u021bi<\/h3><div class='special-heading-border'><div class='special-heading-inner-border' ><\/div><\/div><\/div><br \/>\n<div  id=\"1\"  class='av-magazine   avia-builder-el-13  el_after_av_heading  el_before_av_image   av-magazine-top-bar-active av-magazine-tabs-active' ><div class='av-magazine-top-bar ' ><\/div><div class='av-magazine-group sort_all'><article class='av-magazine-entry av-magazine-entry-id-3118 av-magazine-format-standard av-magazine-type-post av-magazine-entry-1 av-magazine-entry-small '  itemscope=\"itemscope\" itemtype=\"https:\/\/schema.org\/CreativeWork\" ><div class='av-magazine-thumbnail'><a href='http:\/\/www.amormisericordioso.org\/ro\/barticesti-te-am-iubit-cu-o-iubire-vesnica-zile-de-reculegere-pentru-tineri\/' title='Link to: Bartice\u015fti: &#8220;Te-am iubit cu o iubire ve\u015fnic\u0103&#8221;. Zile de reculegere pentru tineri' class='av-magazine-thumbnail-link '><img loading=\"lazy\" decoding=\"async\" width=\"80\" height=\"80\" src=\"http:\/\/www.amormisericordioso.org\/ro\/wp-content\/uploads\/2022\/04\/IMG-20220422-WA0073-1-80x80.jpg\" class=\"wp-image-3186 avia-img-lazy-loading-3186 attachment-thumbnail size-thumbnail wp-post-image\" alt=\"\" srcset=\"http:\/\/www.amormisericordioso.org\/ro\/wp-content\/uploads\/2022\/04\/IMG-20220422-WA0073-1-80x80.jpg 80w, http:\/\/www.amormisericordioso.org\/ro\/wp-content\/uploads\/2022\/04\/IMG-20220422-WA0073-1-36x36.jpg 36w, http:\/\/www.amormisericordioso.org\/ro\/wp-content\/uploads\/2022\/04\/IMG-20220422-WA0073-1-180x180.jpg 180w\" sizes=\"auto, (max-width: 80px) 100vw, 80px\" \/><\/a><\/div><div class='av-magazine-content-wrap'><header class='entry-content-header'><time class='av-magazine-time updated'  itemprop=\"datePublished\" datetime=\"2022-04-24T14:21:41-06:00\" >24 abril, 2022<\/time><h3 class='av-magazine-title entry-title '  itemprop=\"headline\" ><a href='http:\/\/www.amormisericordioso.org\/ro\/barticesti-te-am-iubit-cu-o-iubire-vesnica-zile-de-reculegere-pentru-tineri\/' title='Link to: Bartice\u015fti: &#8220;Te-am iubit cu o iubire ve\u015fnic\u0103&#8221;. Zile de reculegere pentru tineri'>Bartice\u015fti: &#8220;Te-am iubit cu o iubire ve\u015fnic\u0103&#8221;. Zile de reculegere pentru tineri<\/a><\/h3><\/header><\/div><footer class='entry-footer'><\/footer><\/article><article class='av-magazine-entry av-magazine-entry-id-3112 av-magazine-format-standard av-magazine-type-post av-magazine-entry-2 av-magazine-entry-small '  itemscope=\"itemscope\" itemtype=\"https:\/\/schema.org\/CreativeWork\" ><div class='av-magazine-thumbnail'><a href='http:\/\/www.amormisericordioso.org\/ro\/s-a-nascut-mantuitor-isus-cristos\/' title='Link to: S-A N\u0102SCUT M\u00c2NTUITOR, ISUS CRISTOS' class='av-magazine-thumbnail-link '><img loading=\"lazy\" decoding=\"async\" width=\"80\" height=\"80\" src=\"http:\/\/www.amormisericordioso.org\/ro\/wp-content\/uploads\/2021\/12\/R-9-80x80.jpg\" class=\"wp-image-3114 avia-img-lazy-loading-3114 attachment-thumbnail size-thumbnail wp-post-image\" alt=\"\" srcset=\"http:\/\/www.amormisericordioso.org\/ro\/wp-content\/uploads\/2021\/12\/R-9-80x80.jpg 80w, http:\/\/www.amormisericordioso.org\/ro\/wp-content\/uploads\/2021\/12\/R-9-36x36.jpg 36w, http:\/\/www.amormisericordioso.org\/ro\/wp-content\/uploads\/2021\/12\/R-9-180x180.jpg 180w\" sizes=\"auto, (max-width: 80px) 100vw, 80px\" \/><\/a><\/div><div class='av-magazine-content-wrap'><header class='entry-content-header'><time class='av-magazine-time updated'  itemprop=\"datePublished\" datetime=\"2021-12-25T10:00:02-06:00\" >25 diciembre, 2021<\/time><h3 class='av-magazine-title entry-title '  itemprop=\"headline\" ><a href='http:\/\/www.amormisericordioso.org\/ro\/s-a-nascut-mantuitor-isus-cristos\/' title='Link to: S-A N\u0102SCUT M\u00c2NTUITOR, ISUS CRISTOS'>S-A N\u0102SCUT M\u00c2NTUITOR, ISUS CRISTOS<\/a><\/h3><\/header><\/div><footer class='entry-footer'><\/footer><\/article><article class='av-magazine-entry av-magazine-entry-id-3106 av-magazine-format-standard av-magazine-type-post av-magazine-entry-3 av-magazine-entry-small '  itemscope=\"itemscope\" itemtype=\"https:\/\/schema.org\/CreativeWork\" ><div class='av-magazine-thumbnail'><a href='http:\/\/www.amormisericordioso.org\/ro\/21-11-2021-solemnitatea-lui-cristos-regele-universului\/' title='Link to: 21\/11\/2021: Solemnitatea lui Cristos Regele universului' class='av-magazine-thumbnail-link '><img loading=\"lazy\" decoding=\"async\" width=\"80\" height=\"80\" src=\"http:\/\/www.amormisericordioso.org\/ro\/wp-content\/uploads\/2021\/11\/23795673_10210564688693706_4898416747190409627_n-80x80.jpg\" class=\"wp-image-3108 avia-img-lazy-loading-3108 attachment-thumbnail size-thumbnail wp-post-image\" alt=\"\" srcset=\"http:\/\/www.amormisericordioso.org\/ro\/wp-content\/uploads\/2021\/11\/23795673_10210564688693706_4898416747190409627_n-80x80.jpg 80w, http:\/\/www.amormisericordioso.org\/ro\/wp-content\/uploads\/2021\/11\/23795673_10210564688693706_4898416747190409627_n-36x36.jpg 36w, http:\/\/www.amormisericordioso.org\/ro\/wp-content\/uploads\/2021\/11\/23795673_10210564688693706_4898416747190409627_n-180x180.jpg 180w\" sizes=\"auto, (max-width: 80px) 100vw, 80px\" \/><\/a><\/div><div class='av-magazine-content-wrap'><header class='entry-content-header'><time class='av-magazine-time updated'  itemprop=\"datePublished\" datetime=\"2021-11-21T06:00:32-06:00\" >21 noviembre, 2021<\/time><h3 class='av-magazine-title entry-title '  itemprop=\"headline\" ><a href='http:\/\/www.amormisericordioso.org\/ro\/21-11-2021-solemnitatea-lui-cristos-regele-universului\/' title='Link to: 21\/11\/2021: Solemnitatea lui Cristos Regele universului'>21\/11\/2021: Solemnitatea lui Cristos Regele universului<\/a><\/h3><\/header><\/div><footer class='entry-footer'><\/footer><\/article><article class='av-magazine-entry av-magazine-entry-id-3052 av-magazine-format-standard av-magazine-type-post av-magazine-entry-4 av-magazine-entry-small '  itemscope=\"itemscope\" itemtype=\"https:\/\/schema.org\/CreativeWork\" ><div class='av-magazine-thumbnail'><a href='http:\/\/www.amormisericordioso.org\/ro\/luncani-campusul-pentru-tineri-adevarul-va-va-elibera\/' title='Link to: Luncani: Campusul pentru tineri &#8211; &#8220;Adev\u0103rul v\u0103 va elibera!&#8221;' class='av-magazine-thumbnail-link '><img loading=\"lazy\" decoding=\"async\" width=\"80\" height=\"80\" src=\"http:\/\/www.amormisericordioso.org\/ro\/wp-content\/uploads\/2021\/08\/IMG-20210729-WA0015-80x80.jpg\" class=\"wp-image-3069 avia-img-lazy-loading-3069 attachment-thumbnail size-thumbnail wp-post-image\" alt=\"\" srcset=\"http:\/\/www.amormisericordioso.org\/ro\/wp-content\/uploads\/2021\/08\/IMG-20210729-WA0015-80x80.jpg 80w, http:\/\/www.amormisericordioso.org\/ro\/wp-content\/uploads\/2021\/08\/IMG-20210729-WA0015-36x36.jpg 36w, http:\/\/www.amormisericordioso.org\/ro\/wp-content\/uploads\/2021\/08\/IMG-20210729-WA0015-180x180.jpg 180w\" sizes=\"auto, (max-width: 80px) 100vw, 80px\" \/><\/a><\/div><div class='av-magazine-content-wrap'><header class='entry-content-header'><time class='av-magazine-time updated'  itemprop=\"datePublished\" datetime=\"2021-08-01T12:34:41-06:00\" >1 agosto, 2021<\/time><h3 class='av-magazine-title entry-title '  itemprop=\"headline\" ><a href='http:\/\/www.amormisericordioso.org\/ro\/luncani-campusul-pentru-tineri-adevarul-va-va-elibera\/' title='Link to: Luncani: Campusul pentru tineri &#8211; &#8220;Adev\u0103rul v\u0103 va elibera!&#8221;'>Luncani: Campusul pentru tineri &#8211; &#8220;Adev\u0103rul v\u0103 va elibera!&#8221;<\/a><\/h3><\/header><\/div><footer class='entry-footer'><\/footer><\/article><article class='av-magazine-entry av-magazine-entry-id-3033 av-magazine-format-standard av-magazine-type-post av-magazine-entry-5 av-magazine-entry-small '  itemscope=\"itemscope\" itemtype=\"https:\/\/schema.org\/CreativeWork\" ><div class='av-magazine-thumbnail'><a href='http:\/\/www.amormisericordioso.org\/ro\/barticesti-campus-vara-impreuna-la-centrul-maica-speranta\/' title='Link to: Bartice\u015fti: Campus &#8220;Vara \u00eempreun\u0103&#8221; la Centrul &#8220;Maica Speran\u0163a&#8221;' class='av-magazine-thumbnail-link '><img loading=\"lazy\" decoding=\"async\" width=\"80\" height=\"80\" src=\"http:\/\/www.amormisericordioso.org\/ro\/wp-content\/uploads\/2021\/07\/202107040-4-80x80.jpg\" class=\"wp-image-3039 avia-img-lazy-loading-3039 attachment-thumbnail size-thumbnail wp-post-image\" alt=\"\" srcset=\"http:\/\/www.amormisericordioso.org\/ro\/wp-content\/uploads\/2021\/07\/202107040-4-80x80.jpg 80w, http:\/\/www.amormisericordioso.org\/ro\/wp-content\/uploads\/2021\/07\/202107040-4-36x36.jpg 36w, http:\/\/www.amormisericordioso.org\/ro\/wp-content\/uploads\/2021\/07\/202107040-4-180x180.jpg 180w\" sizes=\"auto, (max-width: 80px) 100vw, 80px\" \/><\/a><\/div><div class='av-magazine-content-wrap'><header class='entry-content-header'><time class='av-magazine-time updated'  itemprop=\"datePublished\" datetime=\"2021-07-22T02:56:40-06:00\" >22 julio, 2021<\/time><h3 class='av-magazine-title entry-title '  itemprop=\"headline\" ><a href='http:\/\/www.amormisericordioso.org\/ro\/barticesti-campus-vara-impreuna-la-centrul-maica-speranta\/' title='Link to: Bartice\u015fti: Campus &#8220;Vara \u00eempreun\u0103&#8221; la Centrul &#8220;Maica Speran\u0163a&#8221;'>Bartice\u015fti: Campus &#8220;Vara \u00eempreun\u0103&#8221; la Centrul &#8220;Maica Speran\u0163a&#8221;<\/a><\/h3><\/header><\/div><footer class='entry-footer'><\/footer><\/article><\/div><\/div><br \/>\n<div  class='avia-image-container  av-styling-    avia-builder-el-14  el_after_av_magazine  avia-builder-el-last  avia-align-center '  itemprop=\"image\" itemscope=\"itemscope\" itemtype=\"https:\/\/schema.org\/ImageObject\"  ><div class='avia-image-container-inner'><div class='avia-image-overlay-wrap'><a href='http:\/\/www.amormisericordioso.org\/ro\/continuturi-multimediale\/' class='avia_image'  ><img class='wp-image-596 avia-img-lazy-loading-not-596 avia_image' src='http:\/\/www.amormisericordioso.org\/ro\/wp-content\/uploads\/2015\/05\/banner-galeria-secciones-FAM-rumano.png' alt='' title='banner-galeria-secciones-FAM-rumano'  itemprop=\"thumbnailUrl\"  \/><\/a><\/div><\/div><\/div><\/p>\n<\/div><\/div><\/div>\n","protected":false},"excerpt":{"rendered":"","protected":false},"author":1,"featured_media":2418,"parent":19,"menu_order":0,"comment_status":"closed","ping_status":"closed","template":"","meta":{"footnotes":""},"class_list":["post-726","page","type-page","status-publish","has-post-thumbnail","hentry"],"_links":{"self":[{"href":"http:\/\/www.amormisericordioso.org\/ro\/wp-json\/wp\/v2\/pages\/726","targetHints":{"allow":["GET"]}}],"collection":[{"href":"http:\/\/www.amormisericordioso.org\/ro\/wp-json\/wp\/v2\/pages"}],"about":[{"href":"http:\/\/www.amormisericordioso.org\/ro\/wp-json\/wp\/v2\/types\/page"}],"author":[{"embeddable":true,"href":"http:\/\/www.amormisericordioso.org\/ro\/wp-json\/wp\/v2\/users\/1"}],"replies":[{"embeddable":true,"href":"http:\/\/www.amormisericordioso.org\/ro\/wp-json\/wp\/v2\/comments?post=726"}],"version-history":[{"count":2,"href":"http:\/\/www.amormisericordioso.org\/ro\/wp-json\/wp\/v2\/pages\/726\/revisions"}],"predecessor-version":[{"id":2420,"href":"http:\/\/www.amormisericordioso.org\/ro\/wp-json\/wp\/v2\/pages\/726\/revisions\/2420"}],"up":[{"embeddable":true,"href":"http:\/\/www.amormisericordioso.org\/ro\/wp-json\/wp\/v2\/pages\/19"}],"wp:featuredmedia":[{"embeddable":true,"href":"http:\/\/www.amormisericordioso.org\/ro\/wp-json\/wp\/v2\/media\/2418"}],"wp:attachment":[{"href":"http:\/\/www.amormisericordioso.org\/ro\/wp-json\/wp\/v2\/media?parent=726"}],"curies":[{"name":"wp","href":"https:\/\/api.w.org\/{rel}","templated":true}]}}