{"id":724,"date":"2016-04-26T07:58:51","date_gmt":"2016-04-26T13:58:51","guid":{"rendered":"http:\/\/localhost:8888\/amormisericordioso\/?page_id=724"},"modified":"2018-06-12T11:44:08","modified_gmt":"2018-06-12T17:44:08","slug":"sfantul-ioan-a-lui-dumnezeu","status":"publish","type":"page","link":"http:\/\/www.amormisericordioso.org\/ro\/familia-iubirii-milostive\/sfantul-ioan-a-lui-dumnezeu\/","title":{"rendered":"Sf\u00e2ntul Ioan a lui Dumnezeu"},"content":{"rendered":"<div id='av-layout-grid-1'  class='av-layout-grid-container entry-content-wrapper main_color av-flex-cells     avia-builder-el-0  avia-builder-el-no-sibling  container_wrap sidebar_right' style=' '  >\n<div class=\"flex_cell no_margin av_three_fourth  avia-builder-el-1  el_before_av_cell_one_fourth  avia-builder-el-first   \"  style='vertical-align:top; padding:30px; background-color:#ffffff; ' ><div class='flex_cell_inner' ><div class='flex_column_table av-equal-height-column-flextable -flextable' style='margin-top:-60px; margin-bottom:0px; '><div class=\"flex_column av_one_full  no_margin flex_column_table_cell av-equal-height-column av-align-top first  avia-builder-el-2  avia-builder-el-no-sibling  \" style='padding:30px; background-color:#ffffff; border-radius:0px; '><p><div  class='avia-image-container  av-styling-    avia-builder-el-3  el_before_av_heading  avia-builder-el-first  avia-align-center '  itemprop=\"image\" itemscope=\"itemscope\" itemtype=\"https:\/\/schema.org\/ImageObject\"  ><div class='avia-image-container-inner'><div class='avia-image-overlay-wrap'><img class='wp-image-2416 avia-img-lazy-loading-not-2416 avia_image' src='http:\/\/www.amormisericordioso.org\/ro\/wp-content\/uploads\/2016\/04\/primary-original-5.jpg' alt='' title='primary-original-5' height=\"339\" width=\"624\"  itemprop=\"thumbnailUrl\"  \/><\/div><\/div><\/div><br \/>\n<div  style='padding-bottom:0px; ' class='av-special-heading av-special-heading-h1  blockquote modern-quote  avia-builder-el-4  el_after_av_image  el_before_av_textblock  '><h1 class='av-special-heading-tag '  itemprop=\"headline\"  >Sf\u00e2ntul Ioan a lui Dumnezeu<\/h1><div class='special-heading-border'><div class='special-heading-inner-border' ><\/div><\/div><\/div><br \/>\n<section class=\"av_textblock_section \"  itemscope=\"itemscope\" itemtype=\"https:\/\/schema.org\/CreativeWork\" ><div class='avia_textblock  '  style='font-size:18px; '  itemprop=\"text\" ><p align=\"justify\">S-a n\u0103scut \u015fi a murit pe 8 martie. S-a n\u0103scut \u00een Portugalia \u00een 1495 \u015fi a murit \u00een Granada (Spania), \u00een 1550, la v\u00e2rsta de 55 de ani.<\/p>\n<p align=\"justify\">Provine dintr-o\u00a0<b>familie s\u0103rac\u0103 dar cu mult\u0103 credin\u0163\u0103<\/b>. Mama lui a murit c\u00e2nd el era \u00eenc\u0103 t\u00e2n\u0103r, iar tat\u0103l lui a murit ca c\u0103lug\u0103r \u00eentr-o m\u0103n\u0103stire.<\/p>\n<p align=\"justify\">\u00cen tinere\u0163ea sa\u00a0<b>a fost p\u0103stor<\/b>, foarte bine v\u0103zut de c\u0103tre st\u0103p\u00e2nul pentru care lucra. I-a fost propus s\u0103 se c\u0103s\u0103toreasc\u0103 cu fiica st\u0103p\u00e2nului \u015fi s\u0103 devin\u0103 mo\u015ftenitorul averilor lui dar el nu voia s\u0103 se compromit\u0103 \u00een vre-un fel c\u0103ci dorea s\u0103 se dedice activit\u0103\u0163ilor spirituale.<\/p>\n<p align=\"justify\">A fost soldat \u00een armata lui Carol al V-lea \u015fi a participat la b\u0103t\u0103lii renumite. Via\u0163a de soldat l-a \u00eent\u0103rit dar i-a procurat \u015fi mult\u0103 suferin\u0163\u0103. Preasf\u00e2nta Fecioar\u0103 l-a salvat de la sp\u00e2nzur\u0103toare dup\u0103 ce a e\u015fuat \u00eentr-o misiune de gardian la un depozit. Colonelul sub a c\u0103rui ordine era hot\u0103r\u00e2se s\u0103-l sp\u00e2nzure dar el s-a \u00eencredin\u0163at Preasf\u00e2ntei Fecioare \u015fi a fost salvat anul\u00e2ndu-i-se pedeapsa. A renun\u0163at la oaste c\u0103ci \u00een\u0163elese c\u0103 nu era aceasta menirea lui.<\/p>\n<p align=\"justify\">Plecat din armat\u0103 a ales s\u0103 fac\u0103 apostolat \u015fi a \u00eenceput s\u0103\u00a0<b>v\u00e2nd\u0103 pe strad\u0103 c\u0103r\u0163i \u015fi articole religioase<\/b>. La intrarea lui \u00een ora\u015ful Granada a v\u0103zut un copil foarte am\u0103r\u00e2t \u015fi a voit s\u0103-l ajute. Acel s\u0103rman copil era de fapt Pruncul Isus ce i-a spus: &#8220;Granada va fi crucea ta&#8221; \u015fi a disp\u0103rut.<\/p>\n<p align=\"justify\">Pe str\u0103zile din Granada ca v\u00e2nz\u0103tor ambulant, \u00eel ascult\u0103 pe Sf\u00e2ntul Ioan din Acvila care predica acolo misiunile. \u00centr-una din predici, pe c\u00e2nd misionarul vorbea despre p\u0103cat, omul nostru s-a aruncat \u00een genunchi \u015fi a \u00eenceput s\u0103 strige: &#8220;<b>Ai mil\u0103 de mine, Doamne, c\u0103ci sunt un p\u0103c\u0103tos<\/b>&#8220;, \u015fi a \u00eenceput s\u0103 strige \u00een strad\u0103, cer\u00e2ndu-i iertare lui Dumnezeu. Avea pe atunci 40 de ani.<\/p>\n<p align=\"justify\">S-a spovedit\u00a0la Sf\u00e2ntul Ioan din Acvila \u015fi, el \u00eensu\u015fi \u015fi-a propus o peniten\u0163\u0103 special\u0103: s\u0103 se comporte ca un nebun pentru ca lumea s\u0103-l umileasc\u0103 \u015fi s\u0103-l fac\u0103 s\u0103 sufere.<\/p>\n<p align=\"justify\"><b>A \u00eemp\u0103r\u0163it s\u0103racilor tot ceea ce adunase<\/b>\u00a0\u00een libr\u0103ria lui \u015fi umbla pe str\u0103zile ora\u015fului cer\u00e2nd iertare lui Dumnezeu.<\/p>\n<p align=\"justify\"><b>Lumea \u00eel considera nebun<\/b>\u00a0\u015fi-l umilea lovind-ul chiar \u015fi cu pietre.<\/p>\n<p align=\"justify\">L-au dus la o cas\u0103 de nebuni \u015fi angaja\u0163ii de acolo \u00eel loveau puternic, c\u0103ci acesta era modul de a-i controla \u015fi a-i trata. Ei se mirau c\u0103 Sf\u00e2ntul Ioan primea cu pl\u0103cere loviturile \u015fi i le oferea lui Dumnezeu. \u00cen acela\u015fi timp \u00eei corecta pe gardieni asupra comportamentului lor brutal.<\/p>\n<p align=\"justify\">Sf\u00e2ntul Ioan a lui Dumnezeu\u00a0<b>vede \u00een cel bolnav chipul lui Dumnezeu<\/b>. Experien\u0163a grea de la casa de nebuni a fost providen\u0163ial\u0103 pentru c\u0103 a \u00een\u0163eles c\u00e2t de gre\u015fit\u0103 era metoda torturii cu care urm\u0103reau s\u0103-i vindece pe acei bolnavi mentali. Ie\u015fit din spital a fondat un spital; de\u015fi avea prea pu\u0163ine no\u0163iuni de medicin\u0103 avea s\u0103 demonstreze c\u0103 metodele lui erau mult mai eficiente ca cele ale medicilor. Cu exemplul lui avea s\u0103 \u00eenve\u0163e c\u0103 trebuie vindecat sufletul mai \u00eent\u00e2i \u015fi apoi trupul. Persoanele consacrate care apar\u0163in institutului religios fondat de d\u00e2nsul ast\u0103zi vindec\u0103 bolnavii de prin toate continentele, folosindu-se de bun\u0103tate, \u00een\u0163elegere, \u00een loc de tortur\u0103 \u015fi rigiditate.<\/p>\n<p align=\"justify\">C\u00e2nd Sf\u00e2ntul Ioan din Acvila s-a \u00eentors \u00een ora\u015f \u015fi a aflat c\u0103 cel pe care-l convertise era \u00eenchis \u00eentr-o cas\u0103 de nebuni s-a dus \u015fi l-a eliberat, \u00eenv\u0103\u0163\u00e2ndu-l s\u0103 renun\u0163e la acea form\u0103 de peniten\u0163\u0103. De atunci Sf\u00e2ntul Ioan\u00a0<b>s-a dedicat unei adev\u0103rate &#8220;nebunii de iubire&#8221;: \u00ee\u015fi dedic\u0103 via\u0163a \u015fi se folose\u015fte de toate puterile lui pentru a-i ajuta pe cei mai nevoia\u015fi, din iubire fa\u0163\u0103 de Cristos, pe care-l reprezenta.<\/b><\/p>\n<p align=\"justify\">\u00cenchiriaz\u0103 o cas\u0103 veche \u015fi ad\u0103poste\u015fte \u00een ea pe bolnavi, cer\u015fetori, b\u0103tr\u00e2ni, nebuni, orfani \u015fi pe cei lovi\u0163i de orice fel de nenorocire. Pe tot parcursul zilei se \u00eengrije\u015fte de ei cu iubire fiind el \u00eensu\u015fi asistent medical, buc\u0103tar, \u015fef, p\u0103rinte, prieten \u015fi frate tuturor. Noaptea ias\u0103\u2013n strad\u0103 \u015fi\u00a0<b>cer\u015fe\u015fte pentru s\u0103racii s\u0103i<\/b>.<\/p>\n<p align=\"justify\">Devine cunoscut\u0103 vocea lui pe str\u0103zile Granadei. Purta cu el traiste \u015fi oale strig\u00e2nd: &#8220;Face\u0163i bine fra\u0163ilor, pentru binele vostru!&#8221;. Lumea ie\u015fea \u015fi-i d\u0103dea ceea ce le r\u0103m\u00e2nea de pe mesele lor. Pe la miezul nop\u0163ii se \u00eentorcea acas\u0103 \u015fi se dedica serviciilor necesare prin spital. Spre diminea\u0163\u0103 se odihnea p\u00e2n\u0103 pe la r\u0103s\u0103ritul soarelui.\u00a0<b>Un adev\u0103rat erou a carit\u0103\u0163ii<\/b>.<\/p>\n<p align=\"justify\">Episcopul, admir\u00e2nd activitatea Sf\u00e2ntului Ioan a ad\u0103ugat alte dou\u0103 cuvinte la numele lui original;\u00a0<b><u>\u00eel numea Ioan a lui Dumnezeu<\/u><\/b>\u00a0\u015fi de atunci \u00eenainte a\u015fa \u00eel chema toat\u0103 lumea. Mai t\u00e2rziu, cum acest om \u00ee\u015fi schimba mereu hainele cu s\u0103racii \u00een schimbul altor mai rele, preotul i-a dat o tunic\u0103 neagr\u0103, ca o uniform\u0103, cu care s-a \u00eembr\u0103cat p\u00e2n\u0103 la moarte. A\u015fa s-au \u00eembr\u0103cat persoanele consacrate din institutul fondat de Sf\u00e2ntul Ioan a lui Dumnezeu.<\/p>\n<p align=\"justify\">\u00centr-o zi a luat foc spitalul \u015fi Sf\u00e2ntul Ioan a intrat \u00een\u0103untru de mai multe ori pentru a-i salva pe bolnavii di-n\u0103untru. Nu a suferit nici-o arsur\u0103\u00a0<b>de\u015fi trecea prin fl\u0103c\u0103rile mari<\/b>. A reu\u015fit s\u0103-i salveze pe to\u0163i.<\/p>\n<p align=\"justify\">\u00centr-o alt\u0103 zi r\u00e2ul a ie\u015fit din matc\u0103 \u015fi s-a rev\u0103rsat; \u00een calea lui aduna trunchiuri de copaci \u015fi alte feluri de lemne pe care Sf\u00e2ntul Ioan le-a str\u00e2ns pentru c\u0103 avea mare nevoie de lemne pentru iarn\u0103, \u00eentruc\u00e2t \u00een Granada iarna este foarte rece \u015fi celor \u00een v\u00e2rst\u0103 le place s\u0103 se \u00eenc\u0103lzeasc\u0103 \u00een jurul vetrei. Unul dintre colaboratorii lui, mai t\u00e2n\u0103r, a \u00eenaintat prea mult \u00een ap\u0103 \u015fi l-au luat curen\u0163ii. Sf\u00e2ntul Ioan s-a aruncat \u00een ap\u0103 s\u0103rindu-i t\u00e2n\u0103rului \u00een ajutor, \u015fi cum apa r\u00e2ului era rece, aceasta a favorizat boala artritei de care Sf\u00e2ntul Ioan suferea. De atunci a trebuit s\u0103 suporte dureri \u00eengrozitoare.<\/p>\n<p align=\"justify\">Dup\u0103 multe eforturi, posturi \u015fi nop\u0163i nedormite, fiind mereu la dispozi\u0163ia bolnavilor,\u00a0<b>s\u0103n\u0103tatea<\/b><b>Sf\u00e2ntului Ioan a lui Dumnezeu<\/b><b>s-a sl\u0103bit aproape de tot.<\/b>\u00a0El \u00eencerca pe orice cale s\u0103 ascund\u0103 durerile care-l turmentau zi \u015fi noapte dar, \u00een final nu mai reu\u015fea s\u0103 le camufleze. Artrita \u00eei sucise picioarele ce-l doreau foarte tare. O b\u0103tr\u00e2n\u0103 doamn\u0103 din ora\u015f a ob\u0163inut de la episcop permisiunea de a-l lua la ea \u00een cas\u0103 pentru a-l \u00eengriji. Sf\u00e2ntul Ioan s-a retras \u00een biseric\u0103 \u015fi \u00een fa\u0163a tabernacolului s-a rugat cu fervoare mai \u00eenainte de a p\u0103r\u0103si spitalul. I-a \u00eencredin\u0163at \u00eendatoririle lui Antonio Martin, un om pe care el \u00eel convertise \u015fi care se consacrase \u00eentre timp, iar acestuia i-a cerut s\u0103 se lase ajutat de un alt om pe care Antonio \u00eel ura. Dup\u0103 ce i-a \u00eemp\u0103cat Sf\u00e2ntul Ioan a reu\u015fit s\u0103-i conving\u0103 s\u0103 colaboreze cu el \u00een favoarea celor s\u0103raci, ca buni prieteni.<\/p>\n<p align=\"justify\">Ajuns la casa\u00a0 b\u0103tr\u00e2nei doamne, Sf\u00e2ntul Ioan a exclamat: &#8220;Aceste comodit\u0103\u0163i sunt prea mult lux pentru mine care sunt un s\u0103rman p\u0103c\u0103tos&#8221;. Acolo au \u00eencercat s\u0103-l vindece dar era deja prea t\u00e2rziu.<\/p>\n<p align=\"justify\">Pe\u00a08 martie 1550, sim\u0163ind cum moartea se apropie, s-a \u00eengenuncheat \u015fi s-a rugat astfel: &#8220;Isuse, Isuse, \u00een m\u00e2inile tale m\u0103 \u00eencredin\u0163ez!&#8221; \u015ei a murit \u00een genunchi.\u00a0<b>Muncise din greu timp de zece ani dirij\u00e2nd spitalul s\u0103racilor<\/b>, cu a\u015fa mari probleme economice c\u0103 uneori nici nu avea curajul s\u0103 ias\u0103 \u00een strad\u0103 datorit\u0103 datoriilor pe care \u015fi le f\u0103cuse; cu umilin\u0163\u0103, de\u015fi era cel mai sf\u00e2nt din ora\u015f, se considera cel mai nedemn p\u0103c\u0103tos. Cel ce fusese lovit cu pietre de c\u0103tre oameni a fost condus de episcop la cimitir, de c\u0103tre autorit\u0103\u0163ile civile \u015fi mul\u0163i al\u0163i oameni, cum se cuvine unui om sf\u00e2nt.<\/p>\n<p align=\"justify\">Dup\u0103 moarte a ob\u0163inut mari minuni \u00een favoarea celor ce erau devota\u0163i lui. A fost beatificat de c\u0103tre Papa Urban al VIII-lea, pe\u00a01 septembrie 1630, \u015fi canonizat de c\u0103tre Papa Alexandru al VIII-lea, pe\u00a016 octombrie 1690. A fost numit\u00a0<b><u>patronul spitalelor \u015fi a celor bolnavi<\/u><\/b>.<\/p>\n<\/div><\/section><\/p><\/div><\/div><!--close column table wrapper. Autoclose: 1 -->\n<\/div><\/div><div class=\"flex_cell no_margin av_one_fourth  avia-builder-el-6  el_after_av_cell_three_fourth  avia-builder-el-last   \"  style='vertical-align:top; padding:30px; background-color:#ffffff; ' ><div class='flex_cell_inner' ><p><div class=\"flex_column av_one_full  flex_column_div av-zero-column-padding first  avia-builder-el-7  el_before_av_hr  avia-builder-el-first  \" style='border-radius:0px; '><p><div  class='avia-image-container  av-styling-    avia-builder-el-8  el_before_av_image  avia-builder-el-first  avia-align-center '  itemprop=\"image\" itemscope=\"itemscope\" itemtype=\"https:\/\/schema.org\/ImageObject\"  ><div class='avia-image-container-inner'><div class='avia-image-overlay-wrap'><a href='http:\/\/www.amormisericordioso.org\/ro\/fericita-speranta-a-lui-isus\/' class='avia_image'  ><img class='wp-image-764 avia-img-lazy-loading-not-764 avia_image' src='http:\/\/www.amormisericordioso.org\/ro\/wp-content\/uploads\/2015\/10\/primary-original.jpg' alt='' title='primary-original'  itemprop=\"thumbnailUrl\"  \/><\/a><\/div><\/div><\/div><br \/>\n<div  class='avia-image-container  av-styling-    avia-builder-el-9  el_after_av_image  el_before_av_image  avia-align-center '  itemprop=\"image\" itemscope=\"itemscope\" itemtype=\"https:\/\/schema.org\/ImageObject\"  ><div class='avia-image-container-inner'><div class='avia-image-overlay-wrap'><a href='http:\/\/www.amormisericordioso.org\/ro\/sanctuarul-din-collevalenza\/' class='avia_image'  ><img class='wp-image-645 avia-img-lazy-loading-not-645 avia_image' src='http:\/\/www.amormisericordioso.org\/ro\/wp-content\/uploads\/2015\/05\/primary-original-2.jpg' alt='' title='primary-original-2'  itemprop=\"thumbnailUrl\"  \/><\/a><\/div><\/div><\/div><br \/>\n<div  class='avia-image-container  av-styling-    avia-builder-el-10  el_after_av_image  avia-builder-el-last  avia-align-center '  itemprop=\"image\" itemscope=\"itemscope\" itemtype=\"https:\/\/schema.org\/ImageObject\"  ><div class='avia-image-container-inner'><div class='avia-image-overlay-wrap'><a href='http:\/\/www.amormisericordioso.org\/ro\/familia-iubirii-milostive\/ubicacion-en-el-mundo\/' class='avia_image'  ><img class='wp-image-530 avia-img-lazy-loading-not-530 avia_image' src='http:\/\/www.amormisericordioso.org\/ro\/wp-content\/uploads\/2015\/05\/Mapa-en-el-Mundo-FAM-rumano.jpg' alt='' title='Mapa-en-el-Mundo-FAM-rumano'  itemprop=\"thumbnailUrl\"  \/><\/a><\/div><\/div><\/div><\/p><\/div><div   class='hr hr-default   avia-builder-el-11  el_after_av_one_full  el_before_av_heading '><span class='hr-inner ' ><span class='hr-inner-style'><\/span><\/span><\/div><br \/>\n<div  style='padding-bottom:10px; ' class='av-special-heading av-special-heading-h3  blockquote modern-quote  avia-builder-el-12  el_after_av_hr  el_before_av_magazine  '><h3 class='av-special-heading-tag '  itemprop=\"headline\"  >Ultime nout\u0103\u021bi<\/h3><div class='special-heading-border'><div class='special-heading-inner-border' ><\/div><\/div><\/div><br \/>\n<div  id=\"1\"  class='av-magazine   avia-builder-el-13  el_after_av_heading  el_before_av_image   av-magazine-top-bar-active av-magazine-tabs-active' ><div class='av-magazine-top-bar ' ><\/div><div class='av-magazine-group sort_all'><article class='av-magazine-entry av-magazine-entry-id-3118 av-magazine-format-standard av-magazine-type-post av-magazine-entry-1 av-magazine-entry-small '  itemscope=\"itemscope\" itemtype=\"https:\/\/schema.org\/CreativeWork\" ><div class='av-magazine-thumbnail'><a href='http:\/\/www.amormisericordioso.org\/ro\/barticesti-te-am-iubit-cu-o-iubire-vesnica-zile-de-reculegere-pentru-tineri\/' title='Link to: Bartice\u015fti: &#8220;Te-am iubit cu o iubire ve\u015fnic\u0103&#8221;. Zile de reculegere pentru tineri' class='av-magazine-thumbnail-link '><img loading=\"lazy\" decoding=\"async\" width=\"80\" height=\"80\" src=\"http:\/\/www.amormisericordioso.org\/ro\/wp-content\/uploads\/2022\/04\/IMG-20220422-WA0073-1-80x80.jpg\" class=\"wp-image-3186 avia-img-lazy-loading-3186 attachment-thumbnail size-thumbnail wp-post-image\" alt=\"\" srcset=\"http:\/\/www.amormisericordioso.org\/ro\/wp-content\/uploads\/2022\/04\/IMG-20220422-WA0073-1-80x80.jpg 80w, http:\/\/www.amormisericordioso.org\/ro\/wp-content\/uploads\/2022\/04\/IMG-20220422-WA0073-1-36x36.jpg 36w, http:\/\/www.amormisericordioso.org\/ro\/wp-content\/uploads\/2022\/04\/IMG-20220422-WA0073-1-180x180.jpg 180w\" sizes=\"auto, (max-width: 80px) 100vw, 80px\" \/><\/a><\/div><div class='av-magazine-content-wrap'><header class='entry-content-header'><time class='av-magazine-time updated'  itemprop=\"datePublished\" datetime=\"2022-04-24T14:21:41-06:00\" >24 abril, 2022<\/time><h3 class='av-magazine-title entry-title '  itemprop=\"headline\" ><a href='http:\/\/www.amormisericordioso.org\/ro\/barticesti-te-am-iubit-cu-o-iubire-vesnica-zile-de-reculegere-pentru-tineri\/' title='Link to: Bartice\u015fti: &#8220;Te-am iubit cu o iubire ve\u015fnic\u0103&#8221;. Zile de reculegere pentru tineri'>Bartice\u015fti: &#8220;Te-am iubit cu o iubire ve\u015fnic\u0103&#8221;. Zile de reculegere pentru tineri<\/a><\/h3><\/header><\/div><footer class='entry-footer'><\/footer><\/article><article class='av-magazine-entry av-magazine-entry-id-3112 av-magazine-format-standard av-magazine-type-post av-magazine-entry-2 av-magazine-entry-small '  itemscope=\"itemscope\" itemtype=\"https:\/\/schema.org\/CreativeWork\" ><div class='av-magazine-thumbnail'><a href='http:\/\/www.amormisericordioso.org\/ro\/s-a-nascut-mantuitor-isus-cristos\/' title='Link to: S-A N\u0102SCUT M\u00c2NTUITOR, ISUS CRISTOS' class='av-magazine-thumbnail-link '><img loading=\"lazy\" decoding=\"async\" width=\"80\" height=\"80\" src=\"http:\/\/www.amormisericordioso.org\/ro\/wp-content\/uploads\/2021\/12\/R-9-80x80.jpg\" class=\"wp-image-3114 avia-img-lazy-loading-3114 attachment-thumbnail size-thumbnail wp-post-image\" alt=\"\" srcset=\"http:\/\/www.amormisericordioso.org\/ro\/wp-content\/uploads\/2021\/12\/R-9-80x80.jpg 80w, http:\/\/www.amormisericordioso.org\/ro\/wp-content\/uploads\/2021\/12\/R-9-36x36.jpg 36w, http:\/\/www.amormisericordioso.org\/ro\/wp-content\/uploads\/2021\/12\/R-9-180x180.jpg 180w\" sizes=\"auto, (max-width: 80px) 100vw, 80px\" \/><\/a><\/div><div class='av-magazine-content-wrap'><header class='entry-content-header'><time class='av-magazine-time updated'  itemprop=\"datePublished\" datetime=\"2021-12-25T10:00:02-06:00\" >25 diciembre, 2021<\/time><h3 class='av-magazine-title entry-title '  itemprop=\"headline\" ><a href='http:\/\/www.amormisericordioso.org\/ro\/s-a-nascut-mantuitor-isus-cristos\/' title='Link to: S-A N\u0102SCUT M\u00c2NTUITOR, ISUS CRISTOS'>S-A N\u0102SCUT M\u00c2NTUITOR, ISUS CRISTOS<\/a><\/h3><\/header><\/div><footer class='entry-footer'><\/footer><\/article><article class='av-magazine-entry av-magazine-entry-id-3106 av-magazine-format-standard av-magazine-type-post av-magazine-entry-3 av-magazine-entry-small '  itemscope=\"itemscope\" itemtype=\"https:\/\/schema.org\/CreativeWork\" ><div class='av-magazine-thumbnail'><a href='http:\/\/www.amormisericordioso.org\/ro\/21-11-2021-solemnitatea-lui-cristos-regele-universului\/' title='Link to: 21\/11\/2021: Solemnitatea lui Cristos Regele universului' class='av-magazine-thumbnail-link '><img loading=\"lazy\" decoding=\"async\" width=\"80\" height=\"80\" src=\"http:\/\/www.amormisericordioso.org\/ro\/wp-content\/uploads\/2021\/11\/23795673_10210564688693706_4898416747190409627_n-80x80.jpg\" class=\"wp-image-3108 avia-img-lazy-loading-3108 attachment-thumbnail size-thumbnail wp-post-image\" alt=\"\" srcset=\"http:\/\/www.amormisericordioso.org\/ro\/wp-content\/uploads\/2021\/11\/23795673_10210564688693706_4898416747190409627_n-80x80.jpg 80w, http:\/\/www.amormisericordioso.org\/ro\/wp-content\/uploads\/2021\/11\/23795673_10210564688693706_4898416747190409627_n-36x36.jpg 36w, http:\/\/www.amormisericordioso.org\/ro\/wp-content\/uploads\/2021\/11\/23795673_10210564688693706_4898416747190409627_n-180x180.jpg 180w\" sizes=\"auto, (max-width: 80px) 100vw, 80px\" \/><\/a><\/div><div class='av-magazine-content-wrap'><header class='entry-content-header'><time class='av-magazine-time updated'  itemprop=\"datePublished\" datetime=\"2021-11-21T06:00:32-06:00\" >21 noviembre, 2021<\/time><h3 class='av-magazine-title entry-title '  itemprop=\"headline\" ><a href='http:\/\/www.amormisericordioso.org\/ro\/21-11-2021-solemnitatea-lui-cristos-regele-universului\/' title='Link to: 21\/11\/2021: Solemnitatea lui Cristos Regele universului'>21\/11\/2021: Solemnitatea lui Cristos Regele universului<\/a><\/h3><\/header><\/div><footer class='entry-footer'><\/footer><\/article><article class='av-magazine-entry av-magazine-entry-id-3052 av-magazine-format-standard av-magazine-type-post av-magazine-entry-4 av-magazine-entry-small '  itemscope=\"itemscope\" itemtype=\"https:\/\/schema.org\/CreativeWork\" ><div class='av-magazine-thumbnail'><a href='http:\/\/www.amormisericordioso.org\/ro\/luncani-campusul-pentru-tineri-adevarul-va-va-elibera\/' title='Link to: Luncani: Campusul pentru tineri &#8211; &#8220;Adev\u0103rul v\u0103 va elibera!&#8221;' class='av-magazine-thumbnail-link '><img loading=\"lazy\" decoding=\"async\" width=\"80\" height=\"80\" src=\"http:\/\/www.amormisericordioso.org\/ro\/wp-content\/uploads\/2021\/08\/IMG-20210729-WA0015-80x80.jpg\" class=\"wp-image-3069 avia-img-lazy-loading-3069 attachment-thumbnail size-thumbnail wp-post-image\" alt=\"\" srcset=\"http:\/\/www.amormisericordioso.org\/ro\/wp-content\/uploads\/2021\/08\/IMG-20210729-WA0015-80x80.jpg 80w, http:\/\/www.amormisericordioso.org\/ro\/wp-content\/uploads\/2021\/08\/IMG-20210729-WA0015-36x36.jpg 36w, http:\/\/www.amormisericordioso.org\/ro\/wp-content\/uploads\/2021\/08\/IMG-20210729-WA0015-180x180.jpg 180w\" sizes=\"auto, (max-width: 80px) 100vw, 80px\" \/><\/a><\/div><div class='av-magazine-content-wrap'><header class='entry-content-header'><time class='av-magazine-time updated'  itemprop=\"datePublished\" datetime=\"2021-08-01T12:34:41-06:00\" >1 agosto, 2021<\/time><h3 class='av-magazine-title entry-title '  itemprop=\"headline\" ><a href='http:\/\/www.amormisericordioso.org\/ro\/luncani-campusul-pentru-tineri-adevarul-va-va-elibera\/' title='Link to: Luncani: Campusul pentru tineri &#8211; &#8220;Adev\u0103rul v\u0103 va elibera!&#8221;'>Luncani: Campusul pentru tineri &#8211; &#8220;Adev\u0103rul v\u0103 va elibera!&#8221;<\/a><\/h3><\/header><\/div><footer class='entry-footer'><\/footer><\/article><article class='av-magazine-entry av-magazine-entry-id-3033 av-magazine-format-standard av-magazine-type-post av-magazine-entry-5 av-magazine-entry-small '  itemscope=\"itemscope\" itemtype=\"https:\/\/schema.org\/CreativeWork\" ><div class='av-magazine-thumbnail'><a href='http:\/\/www.amormisericordioso.org\/ro\/barticesti-campus-vara-impreuna-la-centrul-maica-speranta\/' title='Link to: Bartice\u015fti: Campus &#8220;Vara \u00eempreun\u0103&#8221; la Centrul &#8220;Maica Speran\u0163a&#8221;' class='av-magazine-thumbnail-link '><img loading=\"lazy\" decoding=\"async\" width=\"80\" height=\"80\" src=\"http:\/\/www.amormisericordioso.org\/ro\/wp-content\/uploads\/2021\/07\/202107040-4-80x80.jpg\" class=\"wp-image-3039 avia-img-lazy-loading-3039 attachment-thumbnail size-thumbnail wp-post-image\" alt=\"\" srcset=\"http:\/\/www.amormisericordioso.org\/ro\/wp-content\/uploads\/2021\/07\/202107040-4-80x80.jpg 80w, http:\/\/www.amormisericordioso.org\/ro\/wp-content\/uploads\/2021\/07\/202107040-4-36x36.jpg 36w, http:\/\/www.amormisericordioso.org\/ro\/wp-content\/uploads\/2021\/07\/202107040-4-180x180.jpg 180w\" sizes=\"auto, (max-width: 80px) 100vw, 80px\" \/><\/a><\/div><div class='av-magazine-content-wrap'><header class='entry-content-header'><time class='av-magazine-time updated'  itemprop=\"datePublished\" datetime=\"2021-07-22T02:56:40-06:00\" >22 julio, 2021<\/time><h3 class='av-magazine-title entry-title '  itemprop=\"headline\" ><a href='http:\/\/www.amormisericordioso.org\/ro\/barticesti-campus-vara-impreuna-la-centrul-maica-speranta\/' title='Link to: Bartice\u015fti: Campus &#8220;Vara \u00eempreun\u0103&#8221; la Centrul &#8220;Maica Speran\u0163a&#8221;'>Bartice\u015fti: Campus &#8220;Vara \u00eempreun\u0103&#8221; la Centrul &#8220;Maica Speran\u0163a&#8221;<\/a><\/h3><\/header><\/div><footer class='entry-footer'><\/footer><\/article><\/div><\/div><br \/>\n<div  class='avia-image-container  av-styling-    avia-builder-el-14  el_after_av_magazine  avia-builder-el-last  avia-align-center '  itemprop=\"image\" itemscope=\"itemscope\" itemtype=\"https:\/\/schema.org\/ImageObject\"  ><div class='avia-image-container-inner'><div class='avia-image-overlay-wrap'><a href='http:\/\/www.amormisericordioso.org\/ro\/continuturi-multimediale\/' class='avia_image'  ><img class='wp-image-596 avia-img-lazy-loading-not-596 avia_image' src='http:\/\/www.amormisericordioso.org\/ro\/wp-content\/uploads\/2015\/05\/banner-galeria-secciones-FAM-rumano.png' alt='' title='banner-galeria-secciones-FAM-rumano'  itemprop=\"thumbnailUrl\"  \/><\/a><\/div><\/div><\/div><\/p>\n<\/div><\/div><\/div>\n","protected":false},"excerpt":{"rendered":"","protected":false},"author":1,"featured_media":2416,"parent":19,"menu_order":0,"comment_status":"closed","ping_status":"closed","template":"","meta":{"footnotes":""},"class_list":["post-724","page","type-page","status-publish","has-post-thumbnail","hentry"],"_links":{"self":[{"href":"http:\/\/www.amormisericordioso.org\/ro\/wp-json\/wp\/v2\/pages\/724","targetHints":{"allow":["GET"]}}],"collection":[{"href":"http:\/\/www.amormisericordioso.org\/ro\/wp-json\/wp\/v2\/pages"}],"about":[{"href":"http:\/\/www.amormisericordioso.org\/ro\/wp-json\/wp\/v2\/types\/page"}],"author":[{"embeddable":true,"href":"http:\/\/www.amormisericordioso.org\/ro\/wp-json\/wp\/v2\/users\/1"}],"replies":[{"embeddable":true,"href":"http:\/\/www.amormisericordioso.org\/ro\/wp-json\/wp\/v2\/comments?post=724"}],"version-history":[{"count":1,"href":"http:\/\/www.amormisericordioso.org\/ro\/wp-json\/wp\/v2\/pages\/724\/revisions"}],"predecessor-version":[{"id":2417,"href":"http:\/\/www.amormisericordioso.org\/ro\/wp-json\/wp\/v2\/pages\/724\/revisions\/2417"}],"up":[{"embeddable":true,"href":"http:\/\/www.amormisericordioso.org\/ro\/wp-json\/wp\/v2\/pages\/19"}],"wp:featuredmedia":[{"embeddable":true,"href":"http:\/\/www.amormisericordioso.org\/ro\/wp-json\/wp\/v2\/media\/2416"}],"wp:attachment":[{"href":"http:\/\/www.amormisericordioso.org\/ro\/wp-json\/wp\/v2\/media?parent=724"}],"curies":[{"name":"wp","href":"https:\/\/api.w.org\/{rel}","templated":true}]}}