{"id":722,"date":"2016-04-26T07:56:25","date_gmt":"2016-04-26T13:56:25","guid":{"rendered":"http:\/\/localhost:8888\/amormisericordioso\/?page_id=722"},"modified":"2018-06-12T11:42:41","modified_gmt":"2018-06-12T17:42:41","slug":"sfantul-iosif","status":"publish","type":"page","link":"http:\/\/www.amormisericordioso.org\/ro\/familia-iubirii-milostive\/sfantul-iosif\/","title":{"rendered":"Sf\u00e2ntul Iosif"},"content":{"rendered":"<div id='av-layout-grid-1'  class='av-layout-grid-container entry-content-wrapper main_color av-flex-cells     avia-builder-el-0  avia-builder-el-no-sibling  container_wrap sidebar_right' style=' '  >\n<div class=\"flex_cell no_margin av_three_fourth  avia-builder-el-1  el_before_av_cell_one_fourth  avia-builder-el-first   \"  style='vertical-align:top; padding:30px; background-color:#ffffff; ' ><div class='flex_cell_inner' ><div class='flex_column_table av-equal-height-column-flextable -flextable' style='margin-top:-60px; margin-bottom:0px; '><div class=\"flex_column av_one_full  no_margin flex_column_table_cell av-equal-height-column av-align-top first  avia-builder-el-2  avia-builder-el-no-sibling  \" style='padding:30px; background-color:#ffffff; border-radius:0px; '><p><div  class='avia-image-container  av-styling-    avia-builder-el-3  el_before_av_heading  avia-builder-el-first  avia-align-center '  itemprop=\"image\" itemscope=\"itemscope\" itemtype=\"https:\/\/schema.org\/ImageObject\"  ><div class='avia-image-container-inner'><div class='avia-image-overlay-wrap'><img class='wp-image-2413 avia-img-lazy-loading-not-2413 avia_image' src='http:\/\/www.amormisericordioso.org\/ro\/wp-content\/uploads\/2016\/04\/primary-original-4.jpg' alt='' title='primary-original-4' height=\"339\" width=\"624\"  itemprop=\"thumbnailUrl\"  \/><\/div><\/div><\/div><br \/>\n<div  style='padding-bottom:0px; ' class='av-special-heading av-special-heading-h1  blockquote modern-quote  avia-builder-el-4  el_after_av_image  el_before_av_textblock  '><h1 class='av-special-heading-tag '  itemprop=\"headline\"  >Sf\u00e2ntul Iosif<\/h1><div class='special-heading-border'><div class='special-heading-inner-border' ><\/div><\/div><\/div><br \/>\n<section class=\"av_textblock_section \"  itemscope=\"itemscope\" itemtype=\"https:\/\/schema.org\/CreativeWork\" ><div class='avia_textblock  '  style='font-size:18px; '  itemprop=\"text\" ><p align=\"justify\">&#8220;Iosif, fiul lui David&#8221;, a\u015fa \u00eel nume\u015fte \u00eengerul. Logodna lui cu Fecioara Maria l-a scos \u00een eviden\u0163\u0103 pe acest\u00a0<b>om<\/b><b>&#8220;drept&#8221;.<\/b>\u00a0Tradi\u0163ia popular\u0103 \u00eel prezint\u0103 pe Sf\u00e2ntul Iosif \u00een competin\u0163\u0103 cu al\u0163i tineri aspiran\u0163i la m\u00e2na Sfintei Fecioare. A fost ales el pentru c\u0103, conform tradi\u0163iei, bastonul pe care-l a \u00eenflorit ca prin minune, pe c\u00e2nd cele pe care le aveau ceilal\u0163i tineri s-au uscat. Legenda aceasta are un semnificat mistic: din trunchiul uscat a Vechiului Testament a izvor\u00e2t harul vestind r\u0103s\u0103ritul soarelui m\u00e2ntuirii.<\/p>\n<p align=\"justify\">C\u0103s\u0103toria lui Iosif cu Maria a fost o c\u0103s\u0103torie \u00een toat\u0103 firea, de\u015fi virginal\u0103. La numai pu\u0163in timp Iosif suspect\u0103 maternitatea Mariei \u015fi, de\u015fi nu avea dubii asupra integrit\u0103\u0163ii sale morale, g\u00e2ndea &#8220;s-o repudieze \u00een secret&#8221;. Fiind &#8220;om drept&#8221;, aminte\u015fte Evanghelia, adjectivul folosit \u00een aceast\u0103 dramatic\u0103 situa\u0163ie, este ca un fulger care lumineaz\u0103 imaginea sf\u00e2ntului, nu ia \u00een seam\u0103 aceste suspiciuni dar nici nu accept\u0103 s\u0103 \u00eent\u0103reasc\u0103 acest fapt de ne explicat cu consim\u0163\u0103m\u00e2ntul s\u0103u. Mesajul \u00eengerului lumineaz\u0103 acest mister. Iosif hot\u0103r\u0103\u015fte\u00a0<b>s-o primeasc\u0103 \u00een casa sa pe so\u0163ia sa<\/b>\u00a0\u015fi, \u00eenso\u0163it de c\u0103tre ea, c\u0103l\u0103toresc spre Betleem pentru recens\u0103m\u00e2nt. Acolo se na\u015fte pentru noi Cuv\u00e2ntul ve\u015fnic, ur\u00e2ndu-i bun venit un grup de p\u0103stori \u015fi c\u00e2\u0163iva magi veni\u0163i din orient. Ostil a fost Irod iar din cauza ostilit\u0103\u0163ii lui Sf\u00e2nta Familie a trebuit s\u0103 fug\u0103 \u00een Egipt. Mai t\u00e2rziu s-au \u00eentors\u00a0la Nazaret \u015fi au tr\u0103it \u00een lini\u015fte \u015fi pace. C\u00e2nd copilul a \u00eemplinit doisprezece ani copilul i-a \u00eenso\u0163it pe p\u0103rin\u0163i\u00a0la Ierusalim iar \u00een templu a \u00eenceput s\u0103 \u00eenve\u0163e pe cei de fa\u0163\u0103.<\/p>\n<p align=\"justify\">Dup\u0103 acest episod Evanghelia nu mai aminte\u015fte nimic de Iosif l\u0103s\u00e2ndu-ne aceast\u0103 sugestiv\u0103 imagine a Sfintei Familii: &#8220;Isus cre\u015ftea \u00een har \u015fi \u00een\u0163elepciune \u015fi era supus p\u0103rin\u0163ilor s\u0103i&#8221;. Sf\u00e2ntul Iosif a tr\u0103it cu umilin\u0163\u0103 privilegiul de tat\u0103 putativ a lui Isus \u015fi poate c\u0103 a murit mai \u00eenainte ca Isus s\u0103-\u015fi \u00eenceap\u0103 activitatea public\u0103.<\/p>\n<p align=\"justify\">Imaginea lui a r\u0103mas \u00een umbr\u0103 \u015fi dup\u0103 moartea lui. Cultul Sf\u00e2ntului Iosif a \u00eenceput tocmai prin secolul IX. \u00cen 1621 Papa Grigore al V \u2013 lea, a decretat ca ziua de 19 martie s\u0103 fie s\u0103rb\u0103toare de porunc\u0103 (s-a \u0163inut p\u00e2n\u0103 la reforma Conciliului Vatican II) \u015fi Pius al IX a decretat ca Sf\u00e2ntul Iosif s\u0103 fie recunoscut\u00a0<b>Patronul Bisericii Universale<\/b>. Ultimul omagiu i l-a adus Ioan al XXIII-lea, care a introdus numele Sf\u00e2ntului Iosif \u00een canonurile Sfintei Liturghii.<\/p>\n<\/div><\/section><\/p><\/div><\/div><!--close column table wrapper. Autoclose: 1 -->\n<\/div><\/div><div class=\"flex_cell no_margin av_one_fourth  avia-builder-el-6  el_after_av_cell_three_fourth  avia-builder-el-last   \"  style='vertical-align:top; padding:30px; background-color:#ffffff; ' ><div class='flex_cell_inner' ><p><div class=\"flex_column av_one_full  flex_column_div av-zero-column-padding first  avia-builder-el-7  el_before_av_hr  avia-builder-el-first  \" style='border-radius:0px; '><p><div  class='avia-image-container  av-styling-    avia-builder-el-8  el_before_av_image  avia-builder-el-first  avia-align-center '  itemprop=\"image\" itemscope=\"itemscope\" itemtype=\"https:\/\/schema.org\/ImageObject\"  ><div class='avia-image-container-inner'><div class='avia-image-overlay-wrap'><a href='http:\/\/www.amormisericordioso.org\/ro\/fericita-speranta-a-lui-isus\/' class='avia_image'  ><img class='wp-image-764 avia-img-lazy-loading-not-764 avia_image' src='http:\/\/www.amormisericordioso.org\/ro\/wp-content\/uploads\/2015\/10\/primary-original.jpg' alt='' title='primary-original'  itemprop=\"thumbnailUrl\"  \/><\/a><\/div><\/div><\/div><br \/>\n<div  class='avia-image-container  av-styling-    avia-builder-el-9  el_after_av_image  el_before_av_image  avia-align-center '  itemprop=\"image\" itemscope=\"itemscope\" itemtype=\"https:\/\/schema.org\/ImageObject\"  ><div class='avia-image-container-inner'><div class='avia-image-overlay-wrap'><a href='http:\/\/www.amormisericordioso.org\/ro\/sanctuarul-din-collevalenza\/' class='avia_image'  ><img class='wp-image-645 avia-img-lazy-loading-not-645 avia_image' src='http:\/\/www.amormisericordioso.org\/ro\/wp-content\/uploads\/2015\/05\/primary-original-2.jpg' alt='' title='primary-original-2'  itemprop=\"thumbnailUrl\"  \/><\/a><\/div><\/div><\/div><br \/>\n<div  class='avia-image-container  av-styling-    avia-builder-el-10  el_after_av_image  avia-builder-el-last  avia-align-center '  itemprop=\"image\" itemscope=\"itemscope\" itemtype=\"https:\/\/schema.org\/ImageObject\"  ><div class='avia-image-container-inner'><div class='avia-image-overlay-wrap'><a href='http:\/\/www.amormisericordioso.org\/ro\/familia-iubirii-milostive\/ubicacion-en-el-mundo\/' class='avia_image'  ><img class='wp-image-530 avia-img-lazy-loading-not-530 avia_image' src='http:\/\/www.amormisericordioso.org\/ro\/wp-content\/uploads\/2015\/05\/Mapa-en-el-Mundo-FAM-rumano.jpg' alt='' title='Mapa-en-el-Mundo-FAM-rumano'  itemprop=\"thumbnailUrl\"  \/><\/a><\/div><\/div><\/div><\/p><\/div><div   class='hr hr-default   avia-builder-el-11  el_after_av_one_full  el_before_av_heading '><span class='hr-inner ' ><span class='hr-inner-style'><\/span><\/span><\/div><br \/>\n<div  style='padding-bottom:10px; ' class='av-special-heading av-special-heading-h3  blockquote modern-quote  avia-builder-el-12  el_after_av_hr  el_before_av_magazine  '><h3 class='av-special-heading-tag '  itemprop=\"headline\"  >Ultime nout\u0103\u021bi<\/h3><div class='special-heading-border'><div class='special-heading-inner-border' ><\/div><\/div><\/div><br \/>\n<div  id=\"1\"  class='av-magazine   avia-builder-el-13  el_after_av_heading  el_before_av_image   av-magazine-top-bar-active av-magazine-tabs-active' ><div class='av-magazine-top-bar ' ><\/div><div class='av-magazine-group sort_all'><article class='av-magazine-entry av-magazine-entry-id-3118 av-magazine-format-standard av-magazine-type-post av-magazine-entry-1 av-magazine-entry-small '  itemscope=\"itemscope\" itemtype=\"https:\/\/schema.org\/CreativeWork\" ><div class='av-magazine-thumbnail'><a href='http:\/\/www.amormisericordioso.org\/ro\/barticesti-te-am-iubit-cu-o-iubire-vesnica-zile-de-reculegere-pentru-tineri\/' title='Link to: Bartice\u015fti: &#8220;Te-am iubit cu o iubire ve\u015fnic\u0103&#8221;. Zile de reculegere pentru tineri' class='av-magazine-thumbnail-link '><img loading=\"lazy\" decoding=\"async\" width=\"80\" height=\"80\" src=\"http:\/\/www.amormisericordioso.org\/ro\/wp-content\/uploads\/2022\/04\/IMG-20220422-WA0073-1-80x80.jpg\" class=\"wp-image-3186 avia-img-lazy-loading-3186 attachment-thumbnail size-thumbnail wp-post-image\" alt=\"\" srcset=\"http:\/\/www.amormisericordioso.org\/ro\/wp-content\/uploads\/2022\/04\/IMG-20220422-WA0073-1-80x80.jpg 80w, http:\/\/www.amormisericordioso.org\/ro\/wp-content\/uploads\/2022\/04\/IMG-20220422-WA0073-1-36x36.jpg 36w, http:\/\/www.amormisericordioso.org\/ro\/wp-content\/uploads\/2022\/04\/IMG-20220422-WA0073-1-180x180.jpg 180w\" sizes=\"auto, (max-width: 80px) 100vw, 80px\" \/><\/a><\/div><div class='av-magazine-content-wrap'><header class='entry-content-header'><time class='av-magazine-time updated'  itemprop=\"datePublished\" datetime=\"2022-04-24T14:21:41-06:00\" >24 abril, 2022<\/time><h3 class='av-magazine-title entry-title '  itemprop=\"headline\" ><a href='http:\/\/www.amormisericordioso.org\/ro\/barticesti-te-am-iubit-cu-o-iubire-vesnica-zile-de-reculegere-pentru-tineri\/' title='Link to: Bartice\u015fti: &#8220;Te-am iubit cu o iubire ve\u015fnic\u0103&#8221;. Zile de reculegere pentru tineri'>Bartice\u015fti: &#8220;Te-am iubit cu o iubire ve\u015fnic\u0103&#8221;. Zile de reculegere pentru tineri<\/a><\/h3><\/header><\/div><footer class='entry-footer'><\/footer><\/article><article class='av-magazine-entry av-magazine-entry-id-3112 av-magazine-format-standard av-magazine-type-post av-magazine-entry-2 av-magazine-entry-small '  itemscope=\"itemscope\" itemtype=\"https:\/\/schema.org\/CreativeWork\" ><div class='av-magazine-thumbnail'><a href='http:\/\/www.amormisericordioso.org\/ro\/s-a-nascut-mantuitor-isus-cristos\/' title='Link to: S-A N\u0102SCUT M\u00c2NTUITOR, ISUS CRISTOS' class='av-magazine-thumbnail-link '><img loading=\"lazy\" decoding=\"async\" width=\"80\" height=\"80\" src=\"http:\/\/www.amormisericordioso.org\/ro\/wp-content\/uploads\/2021\/12\/R-9-80x80.jpg\" class=\"wp-image-3114 avia-img-lazy-loading-3114 attachment-thumbnail size-thumbnail wp-post-image\" alt=\"\" srcset=\"http:\/\/www.amormisericordioso.org\/ro\/wp-content\/uploads\/2021\/12\/R-9-80x80.jpg 80w, http:\/\/www.amormisericordioso.org\/ro\/wp-content\/uploads\/2021\/12\/R-9-36x36.jpg 36w, http:\/\/www.amormisericordioso.org\/ro\/wp-content\/uploads\/2021\/12\/R-9-180x180.jpg 180w\" sizes=\"auto, (max-width: 80px) 100vw, 80px\" \/><\/a><\/div><div class='av-magazine-content-wrap'><header class='entry-content-header'><time class='av-magazine-time updated'  itemprop=\"datePublished\" datetime=\"2021-12-25T10:00:02-06:00\" >25 diciembre, 2021<\/time><h3 class='av-magazine-title entry-title '  itemprop=\"headline\" ><a href='http:\/\/www.amormisericordioso.org\/ro\/s-a-nascut-mantuitor-isus-cristos\/' title='Link to: S-A N\u0102SCUT M\u00c2NTUITOR, ISUS CRISTOS'>S-A N\u0102SCUT M\u00c2NTUITOR, ISUS CRISTOS<\/a><\/h3><\/header><\/div><footer class='entry-footer'><\/footer><\/article><article class='av-magazine-entry av-magazine-entry-id-3106 av-magazine-format-standard av-magazine-type-post av-magazine-entry-3 av-magazine-entry-small '  itemscope=\"itemscope\" itemtype=\"https:\/\/schema.org\/CreativeWork\" ><div class='av-magazine-thumbnail'><a href='http:\/\/www.amormisericordioso.org\/ro\/21-11-2021-solemnitatea-lui-cristos-regele-universului\/' title='Link to: 21\/11\/2021: Solemnitatea lui Cristos Regele universului' class='av-magazine-thumbnail-link '><img loading=\"lazy\" decoding=\"async\" width=\"80\" height=\"80\" src=\"http:\/\/www.amormisericordioso.org\/ro\/wp-content\/uploads\/2021\/11\/23795673_10210564688693706_4898416747190409627_n-80x80.jpg\" class=\"wp-image-3108 avia-img-lazy-loading-3108 attachment-thumbnail size-thumbnail wp-post-image\" alt=\"\" srcset=\"http:\/\/www.amormisericordioso.org\/ro\/wp-content\/uploads\/2021\/11\/23795673_10210564688693706_4898416747190409627_n-80x80.jpg 80w, http:\/\/www.amormisericordioso.org\/ro\/wp-content\/uploads\/2021\/11\/23795673_10210564688693706_4898416747190409627_n-36x36.jpg 36w, http:\/\/www.amormisericordioso.org\/ro\/wp-content\/uploads\/2021\/11\/23795673_10210564688693706_4898416747190409627_n-180x180.jpg 180w\" sizes=\"auto, (max-width: 80px) 100vw, 80px\" \/><\/a><\/div><div class='av-magazine-content-wrap'><header class='entry-content-header'><time class='av-magazine-time updated'  itemprop=\"datePublished\" datetime=\"2021-11-21T06:00:32-06:00\" >21 noviembre, 2021<\/time><h3 class='av-magazine-title entry-title '  itemprop=\"headline\" ><a href='http:\/\/www.amormisericordioso.org\/ro\/21-11-2021-solemnitatea-lui-cristos-regele-universului\/' title='Link to: 21\/11\/2021: Solemnitatea lui Cristos Regele universului'>21\/11\/2021: Solemnitatea lui Cristos Regele universului<\/a><\/h3><\/header><\/div><footer class='entry-footer'><\/footer><\/article><article class='av-magazine-entry av-magazine-entry-id-3052 av-magazine-format-standard av-magazine-type-post av-magazine-entry-4 av-magazine-entry-small '  itemscope=\"itemscope\" itemtype=\"https:\/\/schema.org\/CreativeWork\" ><div class='av-magazine-thumbnail'><a href='http:\/\/www.amormisericordioso.org\/ro\/luncani-campusul-pentru-tineri-adevarul-va-va-elibera\/' title='Link to: Luncani: Campusul pentru tineri &#8211; &#8220;Adev\u0103rul v\u0103 va elibera!&#8221;' class='av-magazine-thumbnail-link '><img loading=\"lazy\" decoding=\"async\" width=\"80\" height=\"80\" src=\"http:\/\/www.amormisericordioso.org\/ro\/wp-content\/uploads\/2021\/08\/IMG-20210729-WA0015-80x80.jpg\" class=\"wp-image-3069 avia-img-lazy-loading-3069 attachment-thumbnail size-thumbnail wp-post-image\" alt=\"\" srcset=\"http:\/\/www.amormisericordioso.org\/ro\/wp-content\/uploads\/2021\/08\/IMG-20210729-WA0015-80x80.jpg 80w, http:\/\/www.amormisericordioso.org\/ro\/wp-content\/uploads\/2021\/08\/IMG-20210729-WA0015-36x36.jpg 36w, http:\/\/www.amormisericordioso.org\/ro\/wp-content\/uploads\/2021\/08\/IMG-20210729-WA0015-180x180.jpg 180w\" sizes=\"auto, (max-width: 80px) 100vw, 80px\" \/><\/a><\/div><div class='av-magazine-content-wrap'><header class='entry-content-header'><time class='av-magazine-time updated'  itemprop=\"datePublished\" datetime=\"2021-08-01T12:34:41-06:00\" >1 agosto, 2021<\/time><h3 class='av-magazine-title entry-title '  itemprop=\"headline\" ><a href='http:\/\/www.amormisericordioso.org\/ro\/luncani-campusul-pentru-tineri-adevarul-va-va-elibera\/' title='Link to: Luncani: Campusul pentru tineri &#8211; &#8220;Adev\u0103rul v\u0103 va elibera!&#8221;'>Luncani: Campusul pentru tineri &#8211; &#8220;Adev\u0103rul v\u0103 va elibera!&#8221;<\/a><\/h3><\/header><\/div><footer class='entry-footer'><\/footer><\/article><article class='av-magazine-entry av-magazine-entry-id-3033 av-magazine-format-standard av-magazine-type-post av-magazine-entry-5 av-magazine-entry-small '  itemscope=\"itemscope\" itemtype=\"https:\/\/schema.org\/CreativeWork\" ><div class='av-magazine-thumbnail'><a href='http:\/\/www.amormisericordioso.org\/ro\/barticesti-campus-vara-impreuna-la-centrul-maica-speranta\/' title='Link to: Bartice\u015fti: Campus &#8220;Vara \u00eempreun\u0103&#8221; la Centrul &#8220;Maica Speran\u0163a&#8221;' class='av-magazine-thumbnail-link '><img loading=\"lazy\" decoding=\"async\" width=\"80\" height=\"80\" src=\"http:\/\/www.amormisericordioso.org\/ro\/wp-content\/uploads\/2021\/07\/202107040-4-80x80.jpg\" class=\"wp-image-3039 avia-img-lazy-loading-3039 attachment-thumbnail size-thumbnail wp-post-image\" alt=\"\" srcset=\"http:\/\/www.amormisericordioso.org\/ro\/wp-content\/uploads\/2021\/07\/202107040-4-80x80.jpg 80w, http:\/\/www.amormisericordioso.org\/ro\/wp-content\/uploads\/2021\/07\/202107040-4-36x36.jpg 36w, http:\/\/www.amormisericordioso.org\/ro\/wp-content\/uploads\/2021\/07\/202107040-4-180x180.jpg 180w\" sizes=\"auto, (max-width: 80px) 100vw, 80px\" \/><\/a><\/div><div class='av-magazine-content-wrap'><header class='entry-content-header'><time class='av-magazine-time updated'  itemprop=\"datePublished\" datetime=\"2021-07-22T02:56:40-06:00\" >22 julio, 2021<\/time><h3 class='av-magazine-title entry-title '  itemprop=\"headline\" ><a href='http:\/\/www.amormisericordioso.org\/ro\/barticesti-campus-vara-impreuna-la-centrul-maica-speranta\/' title='Link to: Bartice\u015fti: Campus &#8220;Vara \u00eempreun\u0103&#8221; la Centrul &#8220;Maica Speran\u0163a&#8221;'>Bartice\u015fti: Campus &#8220;Vara \u00eempreun\u0103&#8221; la Centrul &#8220;Maica Speran\u0163a&#8221;<\/a><\/h3><\/header><\/div><footer class='entry-footer'><\/footer><\/article><\/div><\/div><br \/>\n<div  class='avia-image-container  av-styling-    avia-builder-el-14  el_after_av_magazine  avia-builder-el-last  avia-align-center '  itemprop=\"image\" itemscope=\"itemscope\" itemtype=\"https:\/\/schema.org\/ImageObject\"  ><div class='avia-image-container-inner'><div class='avia-image-overlay-wrap'><a href='http:\/\/www.amormisericordioso.org\/ro\/continuturi-multimediale\/' class='avia_image'  ><img class='wp-image-596 avia-img-lazy-loading-not-596 avia_image' src='http:\/\/www.amormisericordioso.org\/ro\/wp-content\/uploads\/2015\/05\/banner-galeria-secciones-FAM-rumano.png' alt='' title='banner-galeria-secciones-FAM-rumano'  itemprop=\"thumbnailUrl\"  \/><\/a><\/div><\/div><\/div><\/p>\n<\/div><\/div><\/div>\n","protected":false},"excerpt":{"rendered":"","protected":false},"author":1,"featured_media":2413,"parent":19,"menu_order":0,"comment_status":"closed","ping_status":"closed","template":"","meta":{"footnotes":""},"class_list":["post-722","page","type-page","status-publish","has-post-thumbnail","hentry"],"_links":{"self":[{"href":"http:\/\/www.amormisericordioso.org\/ro\/wp-json\/wp\/v2\/pages\/722","targetHints":{"allow":["GET"]}}],"collection":[{"href":"http:\/\/www.amormisericordioso.org\/ro\/wp-json\/wp\/v2\/pages"}],"about":[{"href":"http:\/\/www.amormisericordioso.org\/ro\/wp-json\/wp\/v2\/types\/page"}],"author":[{"embeddable":true,"href":"http:\/\/www.amormisericordioso.org\/ro\/wp-json\/wp\/v2\/users\/1"}],"replies":[{"embeddable":true,"href":"http:\/\/www.amormisericordioso.org\/ro\/wp-json\/wp\/v2\/comments?post=722"}],"version-history":[{"count":2,"href":"http:\/\/www.amormisericordioso.org\/ro\/wp-json\/wp\/v2\/pages\/722\/revisions"}],"predecessor-version":[{"id":2415,"href":"http:\/\/www.amormisericordioso.org\/ro\/wp-json\/wp\/v2\/pages\/722\/revisions\/2415"}],"up":[{"embeddable":true,"href":"http:\/\/www.amormisericordioso.org\/ro\/wp-json\/wp\/v2\/pages\/19"}],"wp:featuredmedia":[{"embeddable":true,"href":"http:\/\/www.amormisericordioso.org\/ro\/wp-json\/wp\/v2\/media\/2413"}],"wp:attachment":[{"href":"http:\/\/www.amormisericordioso.org\/ro\/wp-json\/wp\/v2\/media?parent=722"}],"curies":[{"name":"wp","href":"https:\/\/api.w.org\/{rel}","templated":true}]}}