{"id":374,"date":"2015-05-31T15:14:32","date_gmt":"2015-05-31T21:14:32","guid":{"rendered":"http:\/\/test.kriesi.at\/church\/?page_id=374"},"modified":"2018-06-12T10:00:04","modified_gmt":"2018-06-12T16:00:04","slug":"o-singura-familie","status":"publish","type":"page","link":"http:\/\/www.amormisericordioso.org\/ro\/familia-iubirii-milostive\/o-singura-familie\/","title":{"rendered":"O singur\u0103 familie"},"content":{"rendered":"<div id='av-layout-grid-1'  class='av-layout-grid-container entry-content-wrapper main_color av-flex-cells     avia-builder-el-0  avia-builder-el-no-sibling  container_wrap sidebar_right' style=' '  >\n<div class=\"flex_cell no_margin av_three_fourth  avia-builder-el-1  el_before_av_cell_one_fourth  avia-builder-el-first   \"  style='vertical-align:top; padding:30px; background-color:#ffffff; ' ><div class='flex_cell_inner' ><div class='flex_column_table av-equal-height-column-flextable -flextable' style='margin-top:-60px; margin-bottom:0px; '><div class=\"flex_column av_one_full  no_margin flex_column_table_cell av-equal-height-column av-align-top first  avia-builder-el-2  avia-builder-el-no-sibling  \" style='padding:30px; background-color:#ffffff; border-radius:0px; '><p><div  class='avia-image-container  av-styling-    avia-builder-el-3  el_before_av_heading  avia-builder-el-first  avia-align-center '  itemprop=\"image\" itemscope=\"itemscope\" itemtype=\"https:\/\/schema.org\/ImageObject\"  ><div class='avia-image-container-inner'><div class='avia-image-overlay-wrap'><img class='wp-image-2393 avia-img-lazy-loading-not-2393 avia_image' src='http:\/\/www.amormisericordioso.org\/ro\/wp-content\/uploads\/2015\/05\/primary-original.jpg' alt='' title='primary-original' height=\"339\" width=\"624\"  itemprop=\"thumbnailUrl\"  \/><\/div><\/div><\/div><br \/>\n<div  style='padding-bottom:0px; ' class='av-special-heading av-special-heading-h1  blockquote modern-quote  avia-builder-el-4  el_after_av_image  el_before_av_textblock  '><h1 class='av-special-heading-tag '  itemprop=\"headline\"  >O singur\u0103 familie<\/h1><div class='special-heading-border'><div class='special-heading-inner-border' ><\/div><\/div><\/div><br \/>\n<section class=\"av_textblock_section \"  itemscope=\"itemscope\" itemtype=\"https:\/\/schema.org\/CreativeWork\" ><div class='avia_textblock  '  style='font-size:18px; '  itemprop=\"text\" ><p align=\"justify\">Familia, celul\u0103 fundamental\u0103, structur\u0103 important\u0103 \u00een tr\u0103irea raporturile umane \u015fi cre\u015ftine, este indispensabil\u0103 \u015fi central\u0103 pentru a putea \u00een\u0163elege \u015fi tr\u0103i carisma noastr\u0103.<\/p>\n<p align=\"justify\">Modelele de inspira\u0163ie ne sunt: Sf\u00e2nta Treime, Sf\u00e2nta Familie din Nazaret, Isus \u015fi comunitatea ucenicilor lui, Biserica universal\u0103 \u015fi particular\u0103, familia cre\u015ftin\u0103. Familia noastr\u0103 religioas\u0103, cu formele ei specifice, se inspir\u0103 din aceste modele.<\/p>\n<p align=\"justify\">Nu leg\u0103turile naturale ne unesc ci mult mai solid este fundamentul pe care se construie\u015fte familia noastr\u0103: Iubirea Milostiv\u0103 a lui Dumnezeu pe care am primit-o ca fii, care ne une\u015fte \u015fi ne cere s\u0103 fim fra\u0163i \u015fi martori.<\/p>\n<p align=\"justify\">\u00cen acela\u015fi timp \u00eencerc\u0103m s\u0103 \u00eenv\u0103\u0163\u0103m \u00een Biseric\u0103 s\u0103 devenim tot mai mult familie, dup\u0103 \u00eenv\u0103\u0163\u0103tura evangheliei; vrem ca prin carisma noastr\u0103\u00a0<b><u>s\u0103 fim tot mai mult familie care m\u0103rturise\u015fte Iubirea Milostiv\u0103 \u00een Biseric\u0103 \u015fi \u00een lume.<\/u><\/b><\/p>\n<p align=\"justify\">Familia noastr\u0103 religioas\u0103 vrea s\u0103 \u00eent\u0103reasc\u0103 aceast\u0103 comuniune, accentu\u00e2nd experien\u0163a familiei unite, &#8220;<i>o singur\u0103 familie<\/i>&#8220;, &#8220;<i>un singur lucru<\/i>&#8220;, cum voia Isus (cf In 17, 21).<\/p>\n<p align=\"justify\"><b>Suntem \u00abo singur\u0103 familie\u00bb pentru c\u0103 avem\u00a0<u>aceia\u015fi carism\u0103<\/u>\u00a0transmis\u0103 de \u00eens\u0103\u015fi Maica Speran\u0163a<\/b>. Temeiul familiei noastre este voca\u0163ia primit\u0103, aceea de a tr\u0103i \u015fi a m\u0103rturisi Iubirea Milostiv\u0103; este ceia ce constitue &#8220;carisma \u00een fundamentul ei&#8221;. \u00abDumnezeu este un Tat\u0103 bun care caut\u0103 prin orice mijloc s\u0103-i m\u00e2ng\u00e2ie, s\u0103-i ajute \u015fi s\u0103-i fac\u0103 ferici\u0163i pe fii s\u0103i, pe care-i caut\u0103 \u015fi-i urmeaz\u0103 cu o neobosit\u0103 iubire, ca \u015fi cum nu ar putea s\u0103 fie fericit f\u0103r\u0103 ei\u00bb (M. Speran\u0163a). Noi suntem chema\u0163i s\u0103 recept\u0103m, s\u0103 p\u0103str\u0103m s\u0103 aprofund\u0103m \u015fi s\u0103 dezvolt\u0103m acest dar \u00een Biseric\u0103 \u015fi \u00een lume.<\/p>\n<p align=\"justify\"><b>Suntem o singur\u0103 familie pentru c\u0103 tr\u0103im\u00a0<u>aceea\u015fi spiritualitate<\/u>.<\/b>\u00a0Spiritualitatea Iubirii Milostive este inspirat\u0103 din abandonarea total\u0103 a lui Isus la voin\u0163a Tat\u0103lui (ascultare) precum \u015fi prietenilor \u015fi du\u015fmanilor (milostivire). Astfel,\u00a0<u>spiritualitatea<\/u>\u00a0noastr\u0103\u00a0<u>este<\/u><u>sacerdotal\u0103<\/u>\u00a0(d\u0103ruirea de sine prin ascultare: cf Ev 10, 6ss), \u015fi\u00a0<u>caritativ\u0103<\/u>: dou\u0103 aspecte str\u00e2ns unite care se concretizeaz\u0103 printr-o unic\u0103 misiune: \u00een favoarea preo\u0163ilor \u015fi a celor nevoia\u015fi.<\/p>\n<p align=\"justify\"><b>Suntem \u00abo singur\u0103 familie\u00bb pentru c\u0103 avem\u00a0<u>aceia\u015fi<\/u><\/b><u><b>misiune<\/b><\/u>. Pentru a-i ajuta pe preo\u0163i, pe copii, pe cei nevoia\u015fi, pe cei ce sufer\u0103, familiile \u015fi pentru a fi \u00een mijlocul celor care trudesc, pentru a \u00eemp\u0103r\u0163i lor Iubirea Milostiv\u0103, se necesit\u0103, pe de o parte, o str\u00e2ns\u0103 comuniune iar pe de alt\u0103 parte acea diversitatea pe care o eman\u0103 cele \u015fase forme de apartenen\u0163\u0103\u00a0la Familia noastr\u0103.<\/p>\n<\/div><\/section><\/p><\/div><\/div><!--close column table wrapper. Autoclose: 1 -->\n<\/div><\/div><div class=\"flex_cell no_margin av_one_fourth  avia-builder-el-6  el_after_av_cell_three_fourth  avia-builder-el-last   \"  style='vertical-align:top; padding:30px; background-color:#ffffff; ' ><div class='flex_cell_inner' ><p><div class=\"flex_column av_one_full  flex_column_div av-zero-column-padding first  avia-builder-el-7  el_before_av_hr  avia-builder-el-first  \" style='border-radius:0px; '><p><div  class='avia-image-container  av-styling-    avia-builder-el-8  el_before_av_image  avia-builder-el-first  avia-align-center '  itemprop=\"image\" itemscope=\"itemscope\" itemtype=\"https:\/\/schema.org\/ImageObject\"  ><div class='avia-image-container-inner'><div class='avia-image-overlay-wrap'><a href='http:\/\/www.amormisericordioso.org\/ro\/fericita-speranta-a-lui-isus\/' class='avia_image'  ><img class='wp-image-764 avia-img-lazy-loading-not-764 avia_image' src='http:\/\/www.amormisericordioso.org\/ro\/wp-content\/uploads\/2015\/10\/primary-original.jpg' alt='' title='primary-original'  itemprop=\"thumbnailUrl\"  \/><\/a><\/div><\/div><\/div><br \/>\n<div  class='avia-image-container  av-styling-    avia-builder-el-9  el_after_av_image  el_before_av_image  avia-align-center '  itemprop=\"image\" itemscope=\"itemscope\" itemtype=\"https:\/\/schema.org\/ImageObject\"  ><div class='avia-image-container-inner'><div class='avia-image-overlay-wrap'><a href='http:\/\/www.amormisericordioso.org\/ro\/sanctuarul-din-collevalenza\/' class='avia_image'  ><img class='wp-image-645 avia-img-lazy-loading-not-645 avia_image' src='http:\/\/www.amormisericordioso.org\/ro\/wp-content\/uploads\/2015\/05\/primary-original-2.jpg' alt='' title='primary-original-2'  itemprop=\"thumbnailUrl\"  \/><\/a><\/div><\/div><\/div><br \/>\n<div  class='avia-image-container  av-styling-    avia-builder-el-10  el_after_av_image  avia-builder-el-last  avia-align-center '  itemprop=\"image\" itemscope=\"itemscope\" itemtype=\"https:\/\/schema.org\/ImageObject\"  ><div class='avia-image-container-inner'><div class='avia-image-overlay-wrap'><a href='http:\/\/www.amormisericordioso.org\/ro\/familia-iubirii-milostive\/ubicacion-en-el-mundo\/' class='avia_image'  ><img class='wp-image-530 avia-img-lazy-loading-not-530 avia_image' src='http:\/\/www.amormisericordioso.org\/ro\/wp-content\/uploads\/2015\/05\/Mapa-en-el-Mundo-FAM-rumano.jpg' alt='' title='Mapa-en-el-Mundo-FAM-rumano'  itemprop=\"thumbnailUrl\"  \/><\/a><\/div><\/div><\/div><\/p><\/div><div   class='hr hr-default   avia-builder-el-11  el_after_av_one_full  el_before_av_heading '><span class='hr-inner ' ><span class='hr-inner-style'><\/span><\/span><\/div><br \/>\n<div  style='padding-bottom:10px; ' class='av-special-heading av-special-heading-h3  blockquote modern-quote  avia-builder-el-12  el_after_av_hr  el_before_av_magazine  '><h3 class='av-special-heading-tag '  itemprop=\"headline\"  >Ultime nout\u0103\u021bi<\/h3><div class='special-heading-border'><div class='special-heading-inner-border' ><\/div><\/div><\/div><br \/>\n<div  id=\"1\"  class='av-magazine   avia-builder-el-13  el_after_av_heading  el_before_av_image   av-magazine-top-bar-active av-magazine-tabs-active' ><div class='av-magazine-top-bar ' ><\/div><div class='av-magazine-group sort_all'><article class='av-magazine-entry av-magazine-entry-id-3118 av-magazine-format-standard av-magazine-type-post av-magazine-entry-1 av-magazine-entry-small '  itemscope=\"itemscope\" itemtype=\"https:\/\/schema.org\/CreativeWork\" ><div class='av-magazine-thumbnail'><a href='http:\/\/www.amormisericordioso.org\/ro\/barticesti-te-am-iubit-cu-o-iubire-vesnica-zile-de-reculegere-pentru-tineri\/' title='Link to: Bartice\u015fti: &#8220;Te-am iubit cu o iubire ve\u015fnic\u0103&#8221;. Zile de reculegere pentru tineri' class='av-magazine-thumbnail-link '><img loading=\"lazy\" decoding=\"async\" width=\"80\" height=\"80\" src=\"http:\/\/www.amormisericordioso.org\/ro\/wp-content\/uploads\/2022\/04\/IMG-20220422-WA0073-1-80x80.jpg\" class=\"wp-image-3186 avia-img-lazy-loading-3186 attachment-thumbnail size-thumbnail wp-post-image\" alt=\"\" srcset=\"http:\/\/www.amormisericordioso.org\/ro\/wp-content\/uploads\/2022\/04\/IMG-20220422-WA0073-1-80x80.jpg 80w, http:\/\/www.amormisericordioso.org\/ro\/wp-content\/uploads\/2022\/04\/IMG-20220422-WA0073-1-36x36.jpg 36w, http:\/\/www.amormisericordioso.org\/ro\/wp-content\/uploads\/2022\/04\/IMG-20220422-WA0073-1-180x180.jpg 180w\" sizes=\"auto, (max-width: 80px) 100vw, 80px\" \/><\/a><\/div><div class='av-magazine-content-wrap'><header class='entry-content-header'><time class='av-magazine-time updated'  itemprop=\"datePublished\" datetime=\"2022-04-24T14:21:41-06:00\" >24 abril, 2022<\/time><h3 class='av-magazine-title entry-title '  itemprop=\"headline\" ><a href='http:\/\/www.amormisericordioso.org\/ro\/barticesti-te-am-iubit-cu-o-iubire-vesnica-zile-de-reculegere-pentru-tineri\/' title='Link to: Bartice\u015fti: &#8220;Te-am iubit cu o iubire ve\u015fnic\u0103&#8221;. Zile de reculegere pentru tineri'>Bartice\u015fti: &#8220;Te-am iubit cu o iubire ve\u015fnic\u0103&#8221;. Zile de reculegere pentru tineri<\/a><\/h3><\/header><\/div><footer class='entry-footer'><\/footer><\/article><article class='av-magazine-entry av-magazine-entry-id-3112 av-magazine-format-standard av-magazine-type-post av-magazine-entry-2 av-magazine-entry-small '  itemscope=\"itemscope\" itemtype=\"https:\/\/schema.org\/CreativeWork\" ><div class='av-magazine-thumbnail'><a href='http:\/\/www.amormisericordioso.org\/ro\/s-a-nascut-mantuitor-isus-cristos\/' title='Link to: S-A N\u0102SCUT M\u00c2NTUITOR, ISUS CRISTOS' class='av-magazine-thumbnail-link '><img loading=\"lazy\" decoding=\"async\" width=\"80\" height=\"80\" src=\"http:\/\/www.amormisericordioso.org\/ro\/wp-content\/uploads\/2021\/12\/R-9-80x80.jpg\" class=\"wp-image-3114 avia-img-lazy-loading-3114 attachment-thumbnail size-thumbnail wp-post-image\" alt=\"\" srcset=\"http:\/\/www.amormisericordioso.org\/ro\/wp-content\/uploads\/2021\/12\/R-9-80x80.jpg 80w, http:\/\/www.amormisericordioso.org\/ro\/wp-content\/uploads\/2021\/12\/R-9-36x36.jpg 36w, http:\/\/www.amormisericordioso.org\/ro\/wp-content\/uploads\/2021\/12\/R-9-180x180.jpg 180w\" sizes=\"auto, (max-width: 80px) 100vw, 80px\" \/><\/a><\/div><div class='av-magazine-content-wrap'><header class='entry-content-header'><time class='av-magazine-time updated'  itemprop=\"datePublished\" datetime=\"2021-12-25T10:00:02-06:00\" >25 diciembre, 2021<\/time><h3 class='av-magazine-title entry-title '  itemprop=\"headline\" ><a href='http:\/\/www.amormisericordioso.org\/ro\/s-a-nascut-mantuitor-isus-cristos\/' title='Link to: S-A N\u0102SCUT M\u00c2NTUITOR, ISUS CRISTOS'>S-A N\u0102SCUT M\u00c2NTUITOR, ISUS CRISTOS<\/a><\/h3><\/header><\/div><footer class='entry-footer'><\/footer><\/article><article class='av-magazine-entry av-magazine-entry-id-3106 av-magazine-format-standard av-magazine-type-post av-magazine-entry-3 av-magazine-entry-small '  itemscope=\"itemscope\" itemtype=\"https:\/\/schema.org\/CreativeWork\" ><div class='av-magazine-thumbnail'><a href='http:\/\/www.amormisericordioso.org\/ro\/21-11-2021-solemnitatea-lui-cristos-regele-universului\/' title='Link to: 21\/11\/2021: Solemnitatea lui Cristos Regele universului' class='av-magazine-thumbnail-link '><img loading=\"lazy\" decoding=\"async\" width=\"80\" height=\"80\" src=\"http:\/\/www.amormisericordioso.org\/ro\/wp-content\/uploads\/2021\/11\/23795673_10210564688693706_4898416747190409627_n-80x80.jpg\" class=\"wp-image-3108 avia-img-lazy-loading-3108 attachment-thumbnail size-thumbnail wp-post-image\" alt=\"\" srcset=\"http:\/\/www.amormisericordioso.org\/ro\/wp-content\/uploads\/2021\/11\/23795673_10210564688693706_4898416747190409627_n-80x80.jpg 80w, http:\/\/www.amormisericordioso.org\/ro\/wp-content\/uploads\/2021\/11\/23795673_10210564688693706_4898416747190409627_n-36x36.jpg 36w, http:\/\/www.amormisericordioso.org\/ro\/wp-content\/uploads\/2021\/11\/23795673_10210564688693706_4898416747190409627_n-180x180.jpg 180w\" sizes=\"auto, (max-width: 80px) 100vw, 80px\" \/><\/a><\/div><div class='av-magazine-content-wrap'><header class='entry-content-header'><time class='av-magazine-time updated'  itemprop=\"datePublished\" datetime=\"2021-11-21T06:00:32-06:00\" >21 noviembre, 2021<\/time><h3 class='av-magazine-title entry-title '  itemprop=\"headline\" ><a href='http:\/\/www.amormisericordioso.org\/ro\/21-11-2021-solemnitatea-lui-cristos-regele-universului\/' title='Link to: 21\/11\/2021: Solemnitatea lui Cristos Regele universului'>21\/11\/2021: Solemnitatea lui Cristos Regele universului<\/a><\/h3><\/header><\/div><footer class='entry-footer'><\/footer><\/article><article class='av-magazine-entry av-magazine-entry-id-3052 av-magazine-format-standard av-magazine-type-post av-magazine-entry-4 av-magazine-entry-small '  itemscope=\"itemscope\" itemtype=\"https:\/\/schema.org\/CreativeWork\" ><div class='av-magazine-thumbnail'><a href='http:\/\/www.amormisericordioso.org\/ro\/luncani-campusul-pentru-tineri-adevarul-va-va-elibera\/' title='Link to: Luncani: Campusul pentru tineri &#8211; &#8220;Adev\u0103rul v\u0103 va elibera!&#8221;' class='av-magazine-thumbnail-link '><img loading=\"lazy\" decoding=\"async\" width=\"80\" height=\"80\" src=\"http:\/\/www.amormisericordioso.org\/ro\/wp-content\/uploads\/2021\/08\/IMG-20210729-WA0015-80x80.jpg\" class=\"wp-image-3069 avia-img-lazy-loading-3069 attachment-thumbnail size-thumbnail wp-post-image\" alt=\"\" srcset=\"http:\/\/www.amormisericordioso.org\/ro\/wp-content\/uploads\/2021\/08\/IMG-20210729-WA0015-80x80.jpg 80w, http:\/\/www.amormisericordioso.org\/ro\/wp-content\/uploads\/2021\/08\/IMG-20210729-WA0015-36x36.jpg 36w, http:\/\/www.amormisericordioso.org\/ro\/wp-content\/uploads\/2021\/08\/IMG-20210729-WA0015-180x180.jpg 180w\" sizes=\"auto, (max-width: 80px) 100vw, 80px\" \/><\/a><\/div><div class='av-magazine-content-wrap'><header class='entry-content-header'><time class='av-magazine-time updated'  itemprop=\"datePublished\" datetime=\"2021-08-01T12:34:41-06:00\" >1 agosto, 2021<\/time><h3 class='av-magazine-title entry-title '  itemprop=\"headline\" ><a href='http:\/\/www.amormisericordioso.org\/ro\/luncani-campusul-pentru-tineri-adevarul-va-va-elibera\/' title='Link to: Luncani: Campusul pentru tineri &#8211; &#8220;Adev\u0103rul v\u0103 va elibera!&#8221;'>Luncani: Campusul pentru tineri &#8211; &#8220;Adev\u0103rul v\u0103 va elibera!&#8221;<\/a><\/h3><\/header><\/div><footer class='entry-footer'><\/footer><\/article><article class='av-magazine-entry av-magazine-entry-id-3033 av-magazine-format-standard av-magazine-type-post av-magazine-entry-5 av-magazine-entry-small '  itemscope=\"itemscope\" itemtype=\"https:\/\/schema.org\/CreativeWork\" ><div class='av-magazine-thumbnail'><a href='http:\/\/www.amormisericordioso.org\/ro\/barticesti-campus-vara-impreuna-la-centrul-maica-speranta\/' title='Link to: Bartice\u015fti: Campus &#8220;Vara \u00eempreun\u0103&#8221; la Centrul &#8220;Maica Speran\u0163a&#8221;' class='av-magazine-thumbnail-link '><img loading=\"lazy\" decoding=\"async\" width=\"80\" height=\"80\" src=\"http:\/\/www.amormisericordioso.org\/ro\/wp-content\/uploads\/2021\/07\/202107040-4-80x80.jpg\" class=\"wp-image-3039 avia-img-lazy-loading-3039 attachment-thumbnail size-thumbnail wp-post-image\" alt=\"\" srcset=\"http:\/\/www.amormisericordioso.org\/ro\/wp-content\/uploads\/2021\/07\/202107040-4-80x80.jpg 80w, http:\/\/www.amormisericordioso.org\/ro\/wp-content\/uploads\/2021\/07\/202107040-4-36x36.jpg 36w, http:\/\/www.amormisericordioso.org\/ro\/wp-content\/uploads\/2021\/07\/202107040-4-180x180.jpg 180w\" sizes=\"auto, (max-width: 80px) 100vw, 80px\" \/><\/a><\/div><div class='av-magazine-content-wrap'><header class='entry-content-header'><time class='av-magazine-time updated'  itemprop=\"datePublished\" datetime=\"2021-07-22T02:56:40-06:00\" >22 julio, 2021<\/time><h3 class='av-magazine-title entry-title '  itemprop=\"headline\" ><a href='http:\/\/www.amormisericordioso.org\/ro\/barticesti-campus-vara-impreuna-la-centrul-maica-speranta\/' title='Link to: Bartice\u015fti: Campus &#8220;Vara \u00eempreun\u0103&#8221; la Centrul &#8220;Maica Speran\u0163a&#8221;'>Bartice\u015fti: Campus &#8220;Vara \u00eempreun\u0103&#8221; la Centrul &#8220;Maica Speran\u0163a&#8221;<\/a><\/h3><\/header><\/div><footer class='entry-footer'><\/footer><\/article><\/div><\/div><br \/>\n<div  class='avia-image-container  av-styling-    avia-builder-el-14  el_after_av_magazine  avia-builder-el-last  avia-align-center '  itemprop=\"image\" itemscope=\"itemscope\" itemtype=\"https:\/\/schema.org\/ImageObject\"  ><div class='avia-image-container-inner'><div class='avia-image-overlay-wrap'><a href='http:\/\/www.amormisericordioso.org\/ro\/continuturi-multimediale\/' class='avia_image'  ><img class='wp-image-596 avia-img-lazy-loading-not-596 avia_image' src='http:\/\/www.amormisericordioso.org\/ro\/wp-content\/uploads\/2015\/05\/banner-galeria-secciones-FAM-rumano.png' alt='' title='banner-galeria-secciones-FAM-rumano'  itemprop=\"thumbnailUrl\"  \/><\/a><\/div><\/div><\/div><\/p>\n<\/div><\/div><\/div>\n","protected":false},"excerpt":{"rendered":"","protected":false},"author":1,"featured_media":2393,"parent":19,"menu_order":0,"comment_status":"open","ping_status":"closed","template":"","meta":{"footnotes":""},"class_list":["post-374","page","type-page","status-publish","has-post-thumbnail","hentry"],"_links":{"self":[{"href":"http:\/\/www.amormisericordioso.org\/ro\/wp-json\/wp\/v2\/pages\/374","targetHints":{"allow":["GET"]}}],"collection":[{"href":"http:\/\/www.amormisericordioso.org\/ro\/wp-json\/wp\/v2\/pages"}],"about":[{"href":"http:\/\/www.amormisericordioso.org\/ro\/wp-json\/wp\/v2\/types\/page"}],"author":[{"embeddable":true,"href":"http:\/\/www.amormisericordioso.org\/ro\/wp-json\/wp\/v2\/users\/1"}],"replies":[{"embeddable":true,"href":"http:\/\/www.amormisericordioso.org\/ro\/wp-json\/wp\/v2\/comments?post=374"}],"version-history":[{"count":2,"href":"http:\/\/www.amormisericordioso.org\/ro\/wp-json\/wp\/v2\/pages\/374\/revisions"}],"predecessor-version":[{"id":2395,"href":"http:\/\/www.amormisericordioso.org\/ro\/wp-json\/wp\/v2\/pages\/374\/revisions\/2395"}],"up":[{"embeddable":true,"href":"http:\/\/www.amormisericordioso.org\/ro\/wp-json\/wp\/v2\/pages\/19"}],"wp:featuredmedia":[{"embeddable":true,"href":"http:\/\/www.amormisericordioso.org\/ro\/wp-json\/wp\/v2\/media\/2393"}],"wp:attachment":[{"href":"http:\/\/www.amormisericordioso.org\/ro\/wp-json\/wp\/v2\/media?parent=374"}],"curies":[{"name":"wp","href":"https:\/\/api.w.org\/{rel}","templated":true}]}}