{"id":31,"date":"2015-10-21T12:34:01","date_gmt":"2015-10-21T18:34:01","guid":{"rendered":"http:\/\/test.kriesi.at\/construction\/?page_id=31"},"modified":"2019-03-27T22:19:56","modified_gmt":"2019-03-28T04:19:56","slug":"fii-iubirii-milostive","status":"publish","type":"page","link":"http:\/\/www.amormisericordioso.org\/ro\/fii-iubirii-milostive\/","title":{"rendered":"Fii iubirii Milostive"},"content":{"rendered":"<div id='av_section_1'  class='avia-section main_color avia-section-large avia-no-shadow  avia-full-stretch av-section-color-overlay-active avia-bg-style-fixed  avia-builder-el-0  el_before_av_layout_row  avia-builder-el-first   container_wrap sidebar_right' style='background-repeat: no-repeat; background-image: url(http:\/\/www.amormisericordioso.org\/ro\/wp-content\/uploads\/2015\/10\/paisajes-naturales-natural-landscapes.jpg);background-attachment: fixed; background-position: center center;  '  data-section-bg-repeat='stretch'><div class='av-section-color-overlay-wrap'><div class='av-section-color-overlay' style='opacity: 0.2; background-color: #000000; '><\/div><div class='container' ><main  role=\"main\" itemprop=\"mainContentOfPage\"  class='template-page content  av-content-small alpha units'><div class='post-entry post-entry-type-page post-entry-31'><div class='entry-content-wrapper clearfix'>\n<div  style='padding-bottom:0px; color:#ffffff;font-size:50px;' class='av-special-heading av-special-heading-h3 custom-color-heading blockquote modern-quote modern-centered  avia-builder-el-1  el_before_av_hr  avia-builder-el-first  av-inherit-size '><h3 class='av-special-heading-tag '  itemprop=\"headline\"  >FII IUBIRII MILOSTIVE<\/h3><div class ='av-subheading av-subheading_below av_custom_color ' style='font-size:15px;'><p>&#8220;Chema\u021bi a m\u0103rturisi Iubirea Milostiv\u0103 mai ales cu o via\u021b\u0103 sf\u00e2nt\u0103&#8221;<\/p>\n<\/div><div class='special-heading-border'><div class='special-heading-inner-border' style='border-color:#ffffff'><\/div><\/div><\/div>\n<div  style=' margin-top:30px; margin-bottom:30px;'  class='hr hr-custom hr-center hr-icon-yes   avia-builder-el-2  el_after_av_heading  avia-builder-el-last '><span class='hr-inner  inner-border-av-border-thin' style=' width:20%; border-color:rgba(255,255,255,0.76); max-width:45%;' ><span class='hr-inner-style'><\/span><\/span><span class='av-seperator-icon' style='color:#ffffff;' aria-hidden='true' data-av_icon='\ue8bf' data-av_iconfont='entypo-fontello'><\/span><span class='hr-inner  inner-border-av-border-thin' style=' width:20%; border-color:rgba(255,255,255,0.76); max-width:45%;' ><span class='hr-inner-style'><\/span><\/span><\/div>\n<\/div><\/div><\/main><!-- close content main element --><\/div><\/div><\/div><div id='av-layout-grid-1'  class='av-layout-grid-container entry-content-wrapper main_color av-flex-cells     avia-builder-el-3  el_after_av_section  el_before_av_one_third  submenu-not-first container_wrap sidebar_right' style=' '  >\n<div class=\"flex_cell no_margin av_two_third  avia-builder-el-4  el_before_av_cell_one_third  avia-builder-el-first   \"  style='vertical-align:top; padding:0 0 0 50px ; background-color:#ffffff; ' ><div class='flex_cell_inner' ><div class='flex_column_table av-equal-height-column-flextable -flextable' style='margin-top:-60px; margin-bottom:0px; '><div class=\"flex_column av_one_full  no_margin flex_column_table_cell av-equal-height-column av-align-top first  avia-builder-el-5  avia-builder-el-no-sibling  \" style='padding:30px; background-color:#ffffff; border-radius:0px; '><section class=\"av_textblock_section \"  itemscope=\"itemscope\" itemtype=\"https:\/\/schema.org\/CreativeWork\" ><div class='avia_textblock  '  style='font-size:18px; '  itemprop=\"text\" ><section class=\"av_textblock_section\">\n<div class=\"avia_textblock \">\n<p>Preoti si Frati care anunta Iubirea Milostiva dedicandu-se la atentia\u00a0preotilor diecezani. Chemati a marturisi Iubirea Milostiva mai alres cu o\u00a0viata sfanta, practicand operele de caritate, de la care cea mai principala\u00a0este unirea cu clerul diecezan.Preotii si operele de caritate in favore de cei mai nevoiasi sunt estem de legate intr-un unic fin.<\/p>\n<\/div>\n<\/section>\n<section class=\"av_textblock_section\">\n<div class=\"avia_textblock \">\n<p align=\"justify\">&#8220;Duc ajutoarul si alinarea la multe familii nevoiase si indurerate, alinare la\u00a0bolnavii; in ea orfanii si nevoiasii vor intalni o familie, tinerii ghidul lor, la\u00a0cei slabi sustinere, la cei cazuti putere pentru a se ridica&#8221;.<\/p>\n<p align=\"justify\">Este format de 4 &#8220;ramuri&#8221;. Diferite forme de apar\u021binere la Congrega\u021bie:<\/p>\n<p align=\"justify\">\u00a0\u00a0\u00a0\u00a0\u00a0\u00a0\u00a0\u00a0\u00a0\u00a0\u00a0\u00a0\u00a0\u00a0\u00a0\u00a0\u00a0\u00a0\u00a0\u00a0\u00a0\u00a0 1. Preo\u021bi C\u0103lug\u0103ri FIM.<\/p>\n<p align=\"justify\">\u00a0\u00a0\u00a0\u00a0\u00a0\u00a0\u00a0\u00a0\u00a0\u00a0\u00a0\u00a0\u00a0\u00a0\u00a0\u00a0\u00a0\u00a0\u00a0\u00a0\u00a0\u00a0 2. Fra\u021bii FIM.<\/p>\n<p align=\"justify\">\u00a0\u00a0\u00a0\u00a0\u00a0\u00a0\u00a0\u00a0\u00a0\u00a0\u00a0\u00a0\u00a0\u00a0\u00a0\u00a0\u00a0\u00a0\u00a0\u00a0\u00a0\u00a0\u00a03. Fra\u021bi FIM pentru activit\u0103\u021bi temporare.<\/p>\n<p align=\"justify\">\u00a0\u00a0\u00a0\u00a0\u00a0\u00a0\u00a0\u00a0\u00a0\u00a0\u00a0\u00a0\u00a0\u00a0\u00a0\u00a0\u00a0\u00a0\u00a0\u00a0\u00a0\u00a0 4. Preo\u021bi Diecezani cu voturi. (PDFIM)<\/p>\n<\/div>\n<\/section>\n<\/div><\/section><\/div><\/div><!--close column table wrapper. Autoclose: 1 -->\n<\/div><\/div><div class=\"flex_cell no_margin av_one_third  avia-builder-el-7  el_after_av_cell_two_third  avia-builder-el-last   \"  style='vertical-align:top; padding:0 30px 0 0 ; ' ><div class='flex_cell_inner' ><div class='flex_column_table av-equal-height-column-flextable -flextable' style='margin-top:-60px; margin-bottom:0px; '><div class=\"flex_column av_one_full  no_margin flex_column_table_cell av-equal-height-column av-align-top first  avia-builder-el-8  avia-builder-el-no-sibling  \" style='padding:30px; background-color:#f0f0f0; border-radius:0px; '><section class=\"av_textblock_section \"  itemscope=\"itemscope\" itemtype=\"https:\/\/schema.org\/CreativeWork\" ><div class='avia_textblock  '  style='font-size:26px; '  itemprop=\"text\" ><p style=\"text-align: center;\">Au fost fonda\u021bi la <strong>Roma<\/strong> pe <strong>15 august 1951.<\/strong><\/p>\n<\/div><\/section><\/div><\/div><!--close column table wrapper. Autoclose: 1 -->\n<\/div><\/div><\/div><div id='after_submenu_1'  class='main_color av_default_container_wrap container_wrap sidebar_right' style=' '  ><div class='container' ><div class='template-page content  av-content-small alpha units'><div class='post-entry post-entry-type-page post-entry-31'><div class='entry-content-wrapper clearfix'><div class=\"flex_column av_one_third  av-animated-generic bottom-to-top  flex_column_div av-zero-column-padding first  avia-builder-el-10  el_after_av_layout_row  el_before_av_one_third  avia-builder-el-first  \" style='border-radius:0px; '><p><div  class='avia-image-container  av-styling-    avia-builder-el-11  el_before_av_heading  avia-builder-el-first  avia-align-center '  itemprop=\"image\" itemscope=\"itemscope\" itemtype=\"https:\/\/schema.org\/ImageObject\"  ><div class='avia-image-container-inner'><div class='avia-image-overlay-wrap'><a href='http:\/\/www.amormisericordioso.org\/ro\/fii-iubirii-milostive\/fiii-iubirii-milostive\/' class='avia_image'  ><img class='wp-image-2557 avia-img-lazy-loading-not-2557 avia_image' src='http:\/\/www.amormisericordioso.org\/ro\/wp-content\/uploads\/2016\/04\/primary-original-12-1.jpg' alt='' title='primary-original (12)'  itemprop=\"thumbnailUrl\"  \/><\/a><\/div><\/div><\/div><br \/>\n<div  style='padding-bottom:10px; font-size:24px;' class='av-special-heading av-special-heading-h3  blockquote modern-quote  avia-builder-el-12  el_after_av_image  el_before_av_hr  av-inherit-size '><h3 class='av-special-heading-tag '  itemprop=\"headline\"  >Fiii Iubirii Milostive<\/h3><div class='special-heading-border'><div class='special-heading-inner-border' ><\/div><\/div><\/div><br \/>\n<div  style=' margin-top:10px; margin-bottom:10px;'  class='hr hr-custom hr-left hr-icon-no   avia-builder-el-13  el_after_av_heading  el_before_av_textblock '><span class='hr-inner  inner-border-av-border-fat' style=' width:50px; border-color:#efd073;' ><span class='hr-inner-style'><\/span><\/span><\/div><br \/>\n<section class=\"av_textblock_section \"  itemscope=\"itemscope\" itemtype=\"https:\/\/schema.org\/CreativeWork\" ><div class='avia_textblock  '   itemprop=\"text\" ><p>Ascult\u00e2nd vocea Duhului Sf\u00e2nt, Maica Speran\u0163a, pe\u00a015 august 1951,\u00a0la Roma, \u00eenfiin\u0163eaz\u0103 Congrega\u0163ia Fiilor Iubirii Milostive.<\/p>\n<\/div><\/section><br \/>\n<div  class='avia-button-wrap avia-button-left  avia-builder-el-15  el_after_av_textblock  avia-builder-el-last ' ><a href='http:\/\/www.amormisericordioso.org\/ro\/fii-iubirii-milostive\/fiii-iubirii-milostive\/'  class='avia-button  avia-color-grey   avia-icon_select-no avia-size-small avia-position-left '   ><span class='avia_iconbox_title' >Cite\u015fte mai mult<\/span><\/a><\/div><\/p><\/div><div class=\"flex_column av_one_third  av-animated-generic bottom-to-top  flex_column_div av-zero-column-padding   avia-builder-el-16  el_after_av_one_third  el_before_av_one_third  \" style='border-radius:0px; '><p><div  class='avia-image-container  av-styling-    avia-builder-el-17  el_before_av_heading  avia-builder-el-first  avia-align-center '  itemprop=\"image\" itemscope=\"itemscope\" itemtype=\"https:\/\/schema.org\/ImageObject\"  ><div class='avia-image-container-inner'><div class='avia-image-overlay-wrap'><a href='http:\/\/www.amormisericordioso.org\/ro\/fii-iubirii-milostive\/preoti-religiosi-fam\/' class='avia_image'  ><img class='wp-image-2560 avia-img-lazy-loading-not-2560 avia_image' src='http:\/\/www.amormisericordioso.org\/ro\/wp-content\/uploads\/2016\/04\/primary-original-13.jpg' alt='' title='primary-original (13)'  itemprop=\"thumbnailUrl\"  \/><\/a><\/div><\/div><\/div><br \/>\n<div  style='padding-bottom:10px; font-size:24px;' class='av-special-heading av-special-heading-h3  blockquote modern-quote  avia-builder-el-18  el_after_av_image  el_before_av_hr  av-inherit-size '><h3 class='av-special-heading-tag '  itemprop=\"headline\"  >Preo\u0163i religio\u015fi FAM<\/h3><div class='special-heading-border'><div class='special-heading-inner-border' ><\/div><\/div><\/div><br \/>\n<div  style=' margin-top:10px; margin-bottom:10px;'  class='hr hr-custom hr-left hr-icon-no   avia-builder-el-19  el_after_av_heading  el_before_av_textblock '><span class='hr-inner  inner-border-av-border-fat' style=' width:50px; border-color:#efd073;' ><span class='hr-inner-style'><\/span><\/span><\/div><br \/>\n<section class=\"av_textblock_section \"  itemscope=\"itemscope\" itemtype=\"https:\/\/schema.org\/CreativeWork\" ><div class='avia_textblock  '   itemprop=\"text\" ><p>Cu P\u0103rintele Alfredo di Penta, ce prin intermediul Maicii Speran\u0163a descoper\u0103 \u015fi accept\u0103 voin\u0163a Domnului, aceea de a fi primul Preot FAM, se na\u015fte Congrega\u0163ia, mai precis prima &#8220;ramur\u0103&#8221;, aceea a Preo\u0163ilor Religio\u015fi, pe\u00a0<b>15 August 19<\/b><b>51\u00a0la Roma.<\/b><\/p>\n<\/div><\/section><br \/>\n<div  class='avia-button-wrap avia-button-left  avia-builder-el-21  el_after_av_textblock  avia-builder-el-last ' ><a href='http:\/\/www.amormisericordioso.org\/ro\/fii-iubirii-milostive\/preoti-religiosi-fam\/'  class='avia-button  avia-color-grey   avia-icon_select-no avia-size-small avia-position-left '   ><span class='avia_iconbox_title' >Cite\u015fte mai mult<\/span><\/a><\/div><\/p><\/div><div class=\"flex_column av_one_third  av-animated-generic bottom-to-top  flex_column_div av-zero-column-padding   avia-builder-el-22  el_after_av_one_third  el_before_av_one_half  \" style='border-radius:0px; '><p><div  class='avia-image-container  av-styling-    avia-builder-el-23  el_before_av_heading  avia-builder-el-first  avia-align-center '  itemprop=\"image\" itemscope=\"itemscope\" itemtype=\"https:\/\/schema.org\/ImageObject\"  ><div class='avia-image-container-inner'><div class='avia-image-overlay-wrap'><a href='http:\/\/www.amormisericordioso.org\/ro\/fii-iubirii-milostive\/religiosii-simpli-fam\/' class='avia_image'  ><img class='wp-image-2563 avia-img-lazy-loading-not-2563 avia_image' src='http:\/\/www.amormisericordioso.org\/ro\/wp-content\/uploads\/2016\/04\/primary-original-14.jpg' alt='' title='primary-original (14)'  itemprop=\"thumbnailUrl\"  \/><\/a><\/div><\/div><\/div><br \/>\n<div  style='padding-bottom:10px; font-size:24px;' class='av-special-heading av-special-heading-h3  blockquote modern-quote  avia-builder-el-24  el_after_av_image  el_before_av_hr  av-inherit-size '><h3 class='av-special-heading-tag '  itemprop=\"headline\"  >Religio\u015fii simpli FAM<\/h3><div class='special-heading-border'><div class='special-heading-inner-border' ><\/div><\/div><\/div><br \/>\n<div  style=' margin-top:10px; margin-bottom:10px;'  class='hr hr-custom hr-left hr-icon-no   avia-builder-el-25  el_after_av_heading  el_before_av_textblock '><span class='hr-inner  inner-border-av-border-fat' style=' width:50px; border-color:#efd073;' ><span class='hr-inner-style'><\/span><\/span><\/div><br \/>\n<section class=\"av_textblock_section \"  itemscope=\"itemscope\" itemtype=\"https:\/\/schema.org\/CreativeWork\" ><div class='avia_textblock  '   itemprop=\"text\" ><p>Specificul acestor fra\u0163i este m\u0103rturia fraternit\u0103\u0163ii \u00een Cristos, Iubirea Milostiv\u0103, care trebuie s\u0103 domneasc\u0103 \u00een comunit\u0103\u0163ile noastre, conform evangheliei: &#8220;voi to\u0163i sunte\u0163i fra\u0163i&#8221; (Mt 23, 8).\u00a0<b>Via\u0163a lor simpl\u0103 \u015fi umil\u0103 evoc\u0103 exemplul din Nazaret,\u00a0<\/b>foarte important \u00een aceste vremuri \u00een care o a\u015fa mare importan\u0163\u0103 o au imaginea, rezultatul, recuno\u015ftin\u0163a. Isus \u015fi-a manifesta iubirea apropiindu-se de noi, cobor\u00e2nd la nivelul nostru, asum\u00e2ndu-\u015fi condi\u0163ia de Slujitor, \u015fi ni se d\u0103ruie\u015fte \u015fi prin p\u00e2inea euharistic\u0103.<\/p>\n<\/div><\/section><br \/>\n<div  class='avia-button-wrap avia-button-left  avia-builder-el-27  el_after_av_textblock  avia-builder-el-last ' ><a href='http:\/\/www.amormisericordioso.org\/ro\/fii-iubirii-milostive\/religiosii-simpli-fam\/'  class='avia-button  avia-color-grey   avia-icon_select-no avia-size-small avia-position-left '   ><span class='avia_iconbox_title' >Cite\u015fte mai mult<\/span><\/a><\/div><\/p><\/div><div class=\"flex_column av_one_half  av-animated-generic bottom-to-top  flex_column_div av-zero-column-padding first  avia-builder-el-28  el_after_av_one_third  el_before_av_one_half  column-top-margin\" style='border-radius:0px; '><p><div  class='avia-image-container  av-styling-    avia-builder-el-29  el_before_av_heading  avia-builder-el-first  avia-align-center '  itemprop=\"image\" itemscope=\"itemscope\" itemtype=\"https:\/\/schema.org\/ImageObject\"  ><div class='avia-image-container-inner'><div class='avia-image-overlay-wrap'><a href='http:\/\/www.amormisericordioso.org\/ro\/fii-iubirii-milostive\/religiosi-fam-inserati-in-activitati-temporare\/' class='avia_image'  ><img class='wp-image-2566 avia-img-lazy-loading-not-2566 avia_image' src='http:\/\/www.amormisericordioso.org\/ro\/wp-content\/uploads\/2016\/04\/primary-original-15.jpg' alt='' title='primary-original'  itemprop=\"thumbnailUrl\"  \/><\/a><\/div><\/div><\/div><br \/>\n<div  style='padding-bottom:10px; font-size:24px;' class='av-special-heading av-special-heading-h3  blockquote modern-quote  avia-builder-el-30  el_after_av_image  el_before_av_hr  av-inherit-size '><h3 class='av-special-heading-tag '  itemprop=\"headline\"  >Religio\u015fi FAM insera\u0163i \u00een activit\u0103\u0163i temporare<\/h3><div class='special-heading-border'><div class='special-heading-inner-border' ><\/div><\/div><\/div><br \/>\n<div  style=' margin-top:10px; margin-bottom:10px;'  class='hr hr-custom hr-left hr-icon-no   avia-builder-el-31  el_after_av_heading  el_before_av_textblock '><span class='hr-inner  inner-border-av-border-fat' style=' width:50px; border-color:#efd073;' ><span class='hr-inner-style'><\/span><\/span><\/div><br \/>\n<section class=\"av_textblock_section \"  itemscope=\"itemscope\" itemtype=\"https:\/\/schema.org\/CreativeWork\" ><div class='avia_textblock  '   itemprop=\"text\" ><p>Sunt persoane consacrate ce, preg\u0103ti\u0163i,\u00a0<b>f\u0103r\u0103 a purta vre-un semn exterior a consacr\u0103rii lor<\/b>,\u00a0<b>desf\u0103\u015foar\u0103 activit\u0103\u0163i externe<\/b>, cu aprobarea superiorilor Congrega\u0163iei.<\/p>\n<\/div><\/section><br \/>\n<div  class='avia-button-wrap avia-button-left  avia-builder-el-33  el_after_av_textblock  avia-builder-el-last ' ><a href='http:\/\/www.amormisericordioso.org\/ro\/fii-iubirii-milostive\/religiosi-fam-inserati-in-activitati-temporare\/'  class='avia-button  avia-color-grey   avia-icon_select-no avia-size-small avia-position-left '   ><span class='avia_iconbox_title' >Cite\u015fte mai mult<\/span><\/a><\/div><\/p><\/div><div class=\"flex_column av_one_half  av-animated-generic bottom-to-top  flex_column_div av-zero-column-padding   avia-builder-el-34  el_after_av_one_half  avia-builder-el-last  column-top-margin\" style='border-radius:0px; '><p><div  class='avia-image-container  av-styling-    avia-builder-el-35  el_before_av_heading  avia-builder-el-first  avia-align-center '  itemprop=\"image\" itemscope=\"itemscope\" itemtype=\"https:\/\/schema.org\/ImageObject\"  ><div class='avia-image-container-inner'><div class='avia-image-overlay-wrap'><a href='http:\/\/www.amormisericordioso.org\/ro\/fii-iubirii-milostive\/preotii-diecezani-cu-voturi\/' class='avia_image'  ><img class='wp-image-2569 avia-img-lazy-loading-not-2569 avia_image' src='http:\/\/www.amormisericordioso.org\/ro\/wp-content\/uploads\/2016\/04\/primary-original-1-3.jpg' alt='' title='primary-original (1)'  itemprop=\"thumbnailUrl\"  \/><\/a><\/div><\/div><\/div><br \/>\n<div  style='padding-bottom:10px; font-size:24px;' class='av-special-heading av-special-heading-h3  blockquote modern-quote  avia-builder-el-36  el_after_av_image  el_before_av_hr  av-inherit-size '><h3 class='av-special-heading-tag '  itemprop=\"headline\"  >Preo\u0163ii diecezani cu voturi<\/h3><div class='special-heading-border'><div class='special-heading-inner-border' ><\/div><\/div><\/div><br \/>\n<div  style=' margin-top:10px; margin-bottom:10px;'  class='hr hr-custom hr-left hr-icon-no   avia-builder-el-37  el_after_av_heading  el_before_av_textblock '><span class='hr-inner  inner-border-av-border-fat' style=' width:50px; border-color:#efd073;' ><span class='hr-inner-style'><\/span><\/span><\/div><br \/>\n<section class=\"av_textblock_section \"  itemscope=\"itemscope\" itemtype=\"https:\/\/schema.org\/CreativeWork\" ><div class='avia_textblock  '   itemprop=\"text\" ><p>Congrega\u0163ia Fiilor Iubirii Milostive, din voin\u0163a Maicii Speran\u0163a \u015fi pentru tr\u0103irea carismei proprii \u015fi a misiunii, prime\u015fte \u00een r\u00e2ndurile ei, cu drepturi \u015fi datorii depline, Preo\u0163i diecezani care vor s\u0103 fac\u0103 parte din aceast\u0103 Familie<b>continu\u00e2nd a face parte din Prezbiterul Diecezan<\/b>\u00a0\u00een care sunt \u00eencardina\u0163i.<\/p>\n<\/div><\/section><br \/>\n<div  class='avia-button-wrap avia-button-left  avia-builder-el-39  el_after_av_textblock  avia-builder-el-last ' ><a href='http:\/\/www.amormisericordioso.org\/ro\/fii-iubirii-milostive\/preotii-diecezani-cu-voturi\/'  class='avia-button  avia-color-grey   avia-icon_select-no avia-size-small avia-position-left '   ><span class='avia_iconbox_title' >Cite\u015fte mai mult<\/span><\/a><\/div><\/p><\/div><\/p>\n","protected":false},"excerpt":{"rendered":"","protected":false},"author":1,"featured_media":0,"parent":0,"menu_order":0,"comment_status":"closed","ping_status":"closed","template":"","meta":{"footnotes":""},"class_list":["post-31","page","type-page","status-publish","hentry"],"_links":{"self":[{"href":"http:\/\/www.amormisericordioso.org\/ro\/wp-json\/wp\/v2\/pages\/31","targetHints":{"allow":["GET"]}}],"collection":[{"href":"http:\/\/www.amormisericordioso.org\/ro\/wp-json\/wp\/v2\/pages"}],"about":[{"href":"http:\/\/www.amormisericordioso.org\/ro\/wp-json\/wp\/v2\/types\/page"}],"author":[{"embeddable":true,"href":"http:\/\/www.amormisericordioso.org\/ro\/wp-json\/wp\/v2\/users\/1"}],"replies":[{"embeddable":true,"href":"http:\/\/www.amormisericordioso.org\/ro\/wp-json\/wp\/v2\/comments?post=31"}],"version-history":[{"count":3,"href":"http:\/\/www.amormisericordioso.org\/ro\/wp-json\/wp\/v2\/pages\/31\/revisions"}],"predecessor-version":[{"id":2572,"href":"http:\/\/www.amormisericordioso.org\/ro\/wp-json\/wp\/v2\/pages\/31\/revisions\/2572"}],"wp:attachment":[{"href":"http:\/\/www.amormisericordioso.org\/ro\/wp-json\/wp\/v2\/media?parent=31"}],"curies":[{"name":"wp","href":"https:\/\/api.w.org\/{rel}","templated":true}]}}