{"id":2195,"date":"2017-02-03T22:58:48","date_gmt":"2017-02-04T04:58:48","guid":{"rendered":"http:\/\/gananegocio.com\/fam\/?page_id=2195"},"modified":"2019-05-01T11:23:33","modified_gmt":"2019-05-01T17:23:33","slug":"pastoratie-vocationala","status":"publish","type":"page","link":"http:\/\/www.amormisericordioso.org\/ro\/pastoratie-vocationala\/","title":{"rendered":"Pastora\u021bie Voca\u021bional\u0103"},"content":{"rendered":"<div id='av_section_1'  class='avia-section main_color avia-section-large avia-no-shadow  avia-full-stretch av-section-color-overlay-active avia-bg-style-fixed  avia-builder-el-0  el_before_av_one_fourth  avia-builder-el-first   container_wrap sidebar_right' style='background-repeat: no-repeat; background-image: url(http:\/\/www.amormisericordioso.org\/ro\/wp-content\/uploads\/2017\/02\/fishing-on-the-sea-of-galilee-galilee-israel1152_13013557533-tpfil02aw-16726.jpg);background-attachment: fixed; background-position: center center;  '  data-section-bg-repeat='stretch'><div class='av-section-color-overlay-wrap'><div class='av-section-color-overlay' style='opacity: 0.2; background-color: #000000; '><\/div><div class='container' ><main  role=\"main\" itemprop=\"mainContentOfPage\"  class='template-page content  av-content-small alpha units'><div class='post-entry post-entry-type-page post-entry-2195'><div class='entry-content-wrapper clearfix'>\n<div  style='padding-bottom:0px; color:#fcfcfc;font-size:50px;' class='av-special-heading av-special-heading-h3 custom-color-heading blockquote modern-quote modern-centered  avia-builder-el-1  el_before_av_hr  avia-builder-el-first  av-inherit-size '><h3 class='av-special-heading-tag '  itemprop=\"headline\"  >PASTORA\u021aIA PENTRU TINERI \u015eI PENTRU FAMILII<\/h3><div class ='av-subheading av-subheading_below av_custom_color ' style='font-size:15px;'><p>\u201cJ\u00f3venes y Familias que siguiendo las huellas de la Madre Esperanza anuncian con su vida el Amor Misericordioso &#8221;<\/p>\n<\/div><div class='special-heading-border'><div class='special-heading-inner-border' style='border-color:#fcfcfc'><\/div><\/div><\/div>\n<div  style=' margin-top:30px; margin-bottom:30px;'  class='hr hr-custom hr-center hr-icon-yes   avia-builder-el-2  el_after_av_heading  avia-builder-el-last '><span class='hr-inner  inner-border-av-border-thin' style=' width:20%; border-color:rgba(255,255,255,0.76); max-width:45%;' ><span class='hr-inner-style'><\/span><\/span><span class='av-seperator-icon' style='color:#ffffff;' aria-hidden='true' data-av_icon='\ue8bf' data-av_iconfont='entypo-fontello'><\/span><span class='hr-inner  inner-border-av-border-thin' style=' width:20%; border-color:rgba(255,255,255,0.76); max-width:45%;' ><span class='hr-inner-style'><\/span><\/span><\/div>\n<\/div><\/div><\/main><!-- close content main element --><\/div><\/div><\/div><div id='after_section_1'  class='main_color av_default_container_wrap container_wrap sidebar_right' style=' '  ><div class='container' ><div class='template-page content  av-content-small alpha units'><div class='post-entry post-entry-type-page post-entry-2195'><div class='entry-content-wrapper clearfix'><div class=\"flex_column av_one_fourth  av-animated-generic bottom-to-top  flex_column_div av-zero-column-padding first  avia-builder-el-3  el_after_av_section  el_before_av_one_fourth  avia-builder-el-first  \" style='border-radius:0px; '><p><div  class='avia-image-container  av-styling-    avia-builder-el-4  el_before_av_heading  avia-builder-el-first  avia-align-center '  itemprop=\"image\" itemscope=\"itemscope\" itemtype=\"https:\/\/schema.org\/ImageObject\"  ><div class='avia-image-container-inner'><div class='avia-image-overlay-wrap'><a href='http:\/\/www.amormisericordioso.org\/ro\/pastoratie-vocationala\/' class='avia_image'  ><img class='wp-image-2212 avia-img-lazy-loading-not-2212 avia_image' src='http:\/\/www.amormisericordioso.org\/ro\/wp-content\/uploads\/2017\/02\/Semana-Vocacional-069-495x400.jpg' alt='' title='Semana Vocacional 069'  itemprop=\"thumbnailUrl\"  \/><\/a><\/div><\/div><\/div><br \/>\n<div  style='padding-bottom:10px; font-size:24px;' class='av-special-heading av-special-heading-h3  blockquote modern-quote modern-centered  avia-builder-el-5  el_after_av_image  el_before_av_hr  av-inherit-size '><h3 class='av-special-heading-tag '  itemprop=\"headline\"  >Calendar al activit\u0103\u021bi<\/h3><div class='special-heading-border'><div class='special-heading-inner-border' ><\/div><\/div><\/div><br \/>\n<div  style=' margin-top:10px; margin-bottom:10px;'  class='hr hr-custom hr-left hr-icon-no   avia-builder-el-6  el_after_av_heading  el_before_av_textblock '><span class='hr-inner  inner-border-av-border-fat' style=' width:50px; border-color:#efd073;' ><span class='hr-inner-style'><\/span><\/span><\/div><br \/>\n<section class=\"av_textblock_section \"  itemscope=\"itemscope\" itemtype=\"https:\/\/schema.org\/CreativeWork\" ><div class='avia_textblock  '   itemprop=\"text\" ><p>Acestea sunt activit\u0103\u021bile noastre de Tineret Profesional \u0219i Familie Pastoral\u0103<\/p>\n<\/div><\/section><br \/>\n<div  class='avia-button-wrap avia-button-left  avia-builder-el-8  el_after_av_textblock  avia-builder-el-last ' ><a href='http:\/\/www.amormisericordioso.org\/ro\/pastoratie-vocationala\/'  class='avia-button  avia-color-grey   avia-icon_select-no avia-size-small avia-position-left '   ><span class='avia_iconbox_title' >Leer m\u00e1s<\/span><\/a><\/div><\/p><\/div><div class=\"flex_column av_one_fourth  av-animated-generic bottom-to-top  flex_column_div av-zero-column-padding   avia-builder-el-9  el_after_av_one_fourth  el_before_av_one_fourth  \" style='border-radius:0px; '><p><div  class='avia-image-container  av-styling-    avia-builder-el-10  el_before_av_heading  avia-builder-el-first  avia-align-center '  itemprop=\"image\" itemscope=\"itemscope\" itemtype=\"https:\/\/schema.org\/ImageObject\"  ><div class='avia-image-container-inner'><div class='avia-image-overlay-wrap'><a href='http:\/\/www.amormisericordioso.org\/ro\/pastoratie-vocationala\/' class='avia_image'  ><img class='wp-image-1508 avia-img-lazy-loading-not-1508 avia_image' src='http:\/\/www.amormisericordioso.org\/ro\/wp-content\/uploads\/2016\/10\/brasil6-300x225.jpg' alt='' title='brasil6'  itemprop=\"thumbnailUrl\"  \/><\/a><\/div><\/div><\/div><br \/>\n<div  style='padding-bottom:10px; font-size:24px;' class='av-special-heading av-special-heading-h3  blockquote modern-quote modern-centered  avia-builder-el-11  el_after_av_image  el_before_av_hr  av-inherit-size '><h3 class='av-special-heading-tag '  itemprop=\"headline\"  >Etapele form\u0103rii<\/h3><div class='special-heading-border'><div class='special-heading-inner-border' ><\/div><\/div><\/div><br \/>\n<div  style=' margin-top:10px; margin-bottom:10px;'  class='hr hr-custom hr-left hr-icon-no   avia-builder-el-12  el_after_av_heading  el_before_av_textblock '><span class='hr-inner  inner-border-av-border-fat' style=' width:50px; border-color:#efd073;' ><span class='hr-inner-style'><\/span><\/span><\/div><br \/>\n<section class=\"av_textblock_section \"  itemscope=\"itemscope\" itemtype=\"https:\/\/schema.org\/CreativeWork\" ><div class='avia_textblock  '   itemprop=\"text\" ><p>Cunoa\u015fte Etapele form\u0103rii:<\/p>\n<ol>\n<li><a href=\"http:\/\/gananegocio.com\/fam\/esclavas-del-amor-misericordioso\/\">Esclavas del Amor Misericordioso<\/a><\/li>\n<li><a href=\"http:\/\/gananegocio.com\/fam\/hijos-del-amor-misericordioso\/\">Hijos del Amor Misericordioso<\/a><\/li>\n<li><a href=\"http:\/\/gananegocio.com\/fam\/asociacion-de-laicos-del-amor-misericordioso\/\">Asociaci\u00f3n de Laicos AM<\/a><\/li>\n<\/ol>\n<\/div><\/section><br \/>\n<div  class='avia-button-wrap avia-button-left  avia-builder-el-14  el_after_av_textblock  avia-builder-el-last ' ><a href='http:\/\/www.amormisericordioso.org\/ro\/pastoratie-vocationala\/'  class='avia-button  avia-color-grey   avia-icon_select-no avia-size-small avia-position-left '   ><span class='avia_iconbox_title' >Leer m\u00e1s<\/span><\/a><\/div><\/p><\/div><div class=\"flex_column av_one_fourth  av-animated-generic bottom-to-top  flex_column_div av-zero-column-padding   avia-builder-el-15  el_after_av_one_fourth  el_before_av_one_fourth  \" style='border-radius:0px; '><p><div  class='avia-image-container  av-styling-    avia-builder-el-16  el_before_av_heading  avia-builder-el-first  avia-align-center '  itemprop=\"image\" itemscope=\"itemscope\" itemtype=\"https:\/\/schema.org\/ImageObject\"  ><div class='avia-image-container-inner'><div class='avia-image-overlay-wrap'><a href='http:\/\/www.amormisericordioso.org\/ro\/pastoratie-vocationala\/subsidiarii-vocationale\/' class='avia_image'  ><img class='wp-image-2232 avia-img-lazy-loading-not-2232 avia_image' src='http:\/\/www.amormisericordioso.org\/ro\/wp-content\/uploads\/2017\/02\/Collevalenza-495x400.jpg' alt='' title='Collevalenza'  itemprop=\"thumbnailUrl\"  \/><\/a><\/div><\/div><\/div><br \/>\n<div  style='padding-bottom:10px; font-size:24px;' class='av-special-heading av-special-heading-h3  blockquote modern-quote modern-centered  avia-builder-el-17  el_after_av_image  el_before_av_hr  av-inherit-size '><h3 class='av-special-heading-tag '  itemprop=\"headline\"  >Subsidiarii voca\u021bionale<\/h3><div class='special-heading-border'><div class='special-heading-inner-border' ><\/div><\/div><\/div><br \/>\n<div  style=' margin-top:10px; margin-bottom:10px;'  class='hr hr-custom hr-left hr-icon-no   avia-builder-el-18  el_after_av_heading  el_before_av_textblock '><span class='hr-inner  inner-border-av-border-fat' style=' width:50px; border-color:#efd073;' ><span class='hr-inner-style'><\/span><\/span><\/div><br \/>\n<section class=\"av_textblock_section \"  itemscope=\"itemscope\" itemtype=\"https:\/\/schema.org\/CreativeWork\" ><div class='avia_textblock  '   itemprop=\"text\" ><p class=\"p1\"><span class=\"s1\">C\u0103r\u021bi, c\u00e2ntece, prezent\u0103ri \u015fi mult mai mult.<\/span><\/p>\n<\/div><\/section><br \/>\n<div  class='avia-button-wrap avia-button-left  avia-builder-el-20  el_after_av_textblock  avia-builder-el-last ' ><a href='http:\/\/www.amormisericordioso.org\/ro\/pastoratie-vocationala\/subsidiarii-vocationale\/'  class='avia-button  avia-color-grey   avia-icon_select-no avia-size-small avia-position-left '   ><span class='avia_iconbox_title' >Leer m\u00e1s<\/span><\/a><\/div><\/p><\/div><div class=\"flex_column av_one_fourth  av-animated-generic bottom-to-top  flex_column_div av-zero-column-padding   avia-builder-el-21  el_after_av_one_fourth  avia-builder-el-last  \" style='border-radius:0px; '><p><div  class='avia-image-container  av-styling-    avia-builder-el-22  el_before_av_heading  avia-builder-el-first  avia-align-center '  itemprop=\"image\" itemscope=\"itemscope\" itemtype=\"https:\/\/schema.org\/ImageObject\"  ><div class='avia-image-container-inner'><div class='avia-image-overlay-wrap'><a href='http:\/\/www.amormisericordioso.org\/ro\/contacto\/' class='avia_image'  ><img class='wp-image-1289 avia-img-lazy-loading-not-1289 avia_image' src='http:\/\/www.amormisericordioso.org\/ro\/wp-content\/uploads\/2015\/05\/vocacional-rumano-495x339.jpg' alt='' title='vocacional-rumano'  itemprop=\"thumbnailUrl\"  \/><\/a><\/div><\/div><\/div><br \/>\n<div  style='padding-bottom:10px; font-size:24px;' class='av-special-heading av-special-heading-h3  blockquote modern-quote modern-centered  avia-builder-el-23  el_after_av_image  el_before_av_hr  av-inherit-size '><h3 class='av-special-heading-tag '  itemprop=\"headline\"  >\u00cen c\u0103utarea voca\u021biei<\/h3><div class='special-heading-border'><div class='special-heading-inner-border' ><\/div><\/div><\/div><br \/>\n<div  style=' margin-top:10px; margin-bottom:10px;'  class='hr hr-custom hr-left hr-icon-no   avia-builder-el-24  el_after_av_heading  el_before_av_textblock '><span class='hr-inner  inner-border-av-border-fat' style=' width:50px; border-color:#efd073;' ><span class='hr-inner-style'><\/span><\/span><\/div><br \/>\n<section class=\"av_textblock_section \"  itemscope=\"itemscope\" itemtype=\"https:\/\/schema.org\/CreativeWork\" ><div class='avia_textblock  '   itemprop=\"text\" ><p>CONTACTA CON NOSOTROS !!<\/p>\n<p>Atendemos cualquier duda que tengas, solo escr\u00edbenos y con gusto nos ponemos en contacto contigo.<\/p>\n<\/div><\/section><br \/>\n<div  class='avia-button-wrap avia-button-left  avia-builder-el-26  el_after_av_textblock  avia-builder-el-last ' ><a href='http:\/\/www.amormisericordioso.org\/ro\/contacto\/'  class='avia-button  avia-color-grey   avia-icon_select-no avia-size-small avia-position-left '   ><span class='avia_iconbox_title' >Contactar<\/span><\/a><\/div><\/p><\/div><\/p>\n","protected":false},"excerpt":{"rendered":"","protected":false},"author":1,"featured_media":0,"parent":0,"menu_order":0,"comment_status":"closed","ping_status":"closed","template":"","meta":{"footnotes":""},"class_list":["post-2195","page","type-page","status-publish","hentry"],"_links":{"self":[{"href":"http:\/\/www.amormisericordioso.org\/ro\/wp-json\/wp\/v2\/pages\/2195","targetHints":{"allow":["GET"]}}],"collection":[{"href":"http:\/\/www.amormisericordioso.org\/ro\/wp-json\/wp\/v2\/pages"}],"about":[{"href":"http:\/\/www.amormisericordioso.org\/ro\/wp-json\/wp\/v2\/types\/page"}],"author":[{"embeddable":true,"href":"http:\/\/www.amormisericordioso.org\/ro\/wp-json\/wp\/v2\/users\/1"}],"replies":[{"embeddable":true,"href":"http:\/\/www.amormisericordioso.org\/ro\/wp-json\/wp\/v2\/comments?post=2195"}],"version-history":[{"count":3,"href":"http:\/\/www.amormisericordioso.org\/ro\/wp-json\/wp\/v2\/pages\/2195\/revisions"}],"predecessor-version":[{"id":2637,"href":"http:\/\/www.amormisericordioso.org\/ro\/wp-json\/wp\/v2\/pages\/2195\/revisions\/2637"}],"wp:attachment":[{"href":"http:\/\/www.amormisericordioso.org\/ro\/wp-json\/wp\/v2\/media?parent=2195"}],"curies":[{"name":"wp","href":"https:\/\/api.w.org\/{rel}","templated":true}]}}