{"id":2189,"date":"2017-02-03T22:41:27","date_gmt":"2017-02-04T04:41:27","guid":{"rendered":"http:\/\/gananegocio.com\/fam\/?page_id=2189"},"modified":"2019-05-01T10:31:47","modified_gmt":"2019-05-01T16:31:47","slug":"subsidiarii-vocationale","status":"publish","type":"page","link":"http:\/\/www.amormisericordioso.org\/ro\/pastoratie-vocationala\/subsidiarii-vocationale\/","title":{"rendered":"Subsidiarii voca\u021bionale"},"content":{"rendered":"<div id='av_section_1'  class='avia-section main_color avia-section-default avia-no-shadow  avia-full-stretch avia-bg-style-fixed  avia-builder-el-0  el_before_av_heading  avia-builder-el-first   container_wrap sidebar_right' style='background-repeat: no-repeat; background-image: url(http:\/\/www.amormisericordioso.org\/ro\/wp-content\/uploads\/2017\/02\/Pastoral-Vocacional-II.jpg);background-attachment: fixed; background-position: top center;  '  data-section-bg-repeat='stretch'><div class='container' ><main  role=\"main\" itemprop=\"mainContentOfPage\"  class='template-page content  av-content-small alpha units'><div class='post-entry post-entry-type-page post-entry-2189'><div class='entry-content-wrapper clearfix'>\n<div  style='padding-bottom:10px; color:#ffffff;' class='av-special-heading av-special-heading-h1 custom-color-heading blockquote modern-quote modern-centered  avia-builder-el-1  avia-builder-el-no-sibling  '><h1 class='av-special-heading-tag '  itemprop=\"headline\"  >Subsidiarii voca\u021bionale<\/h1><div class ='av-subheading av-subheading_below av_custom_color ' style='font-size:15px;'><p>C\u0103r\u021bi, c\u00e2ntece, prezent\u0103ri \u015fi mult mai mult&#8230;.<\/p>\n<\/div><div class='special-heading-border'><div class='special-heading-inner-border' style='border-color:#ffffff'><\/div><\/div><\/div>\n<\/div><\/div><\/main><!-- close content main element --><\/div><\/div><div id='after_section_1'  class='main_color av_default_container_wrap container_wrap sidebar_right' style=' '  ><div class='container' ><div class='template-page content  av-content-small alpha units'><div class='post-entry post-entry-type-page post-entry-2189'><div class='entry-content-wrapper clearfix'><div  style='padding-bottom:5px; ' class='av-special-heading av-special-heading-h3  blockquote classic-quote  avia-builder-el-2  el_after_av_section  el_before_av_hr  avia-builder-el-first  '><h3 class='av-special-heading-tag '  itemprop=\"headline\"  >C\u0103r\u021bi<\/h3><div class='special-heading-border'><div class='special-heading-inner-border' ><\/div><\/div><\/div><\/p>\n<div   class='hr hr-short hr-center   avia-builder-el-3  el_after_av_heading  el_before_av_one_third '><span class='hr-inner ' ><span class='hr-inner-style'><\/span><\/span><\/div>\n<div class=\"flex_column av_one_third  flex_column_div av-zero-column-padding first  avia-builder-el-4  el_after_av_hr  el_before_av_one_third  \" style='border-radius:0px; '><p><div  class='avia-image-container  av-styling-    avia-builder-el-5  el_before_av_heading  avia-builder-el-first  avia-align-left '  itemprop=\"image\" itemscope=\"itemscope\" itemtype=\"https:\/\/schema.org\/ImageObject\"  ><div class='avia-image-container-inner'><div class='avia-image-overlay-wrap'><a href='http:\/\/www.collevalenza.it\/Profili\/es\/Profili0001.htm' class='avia_image' target=\"_blank\" rel=\"noopener\"><img class='wp-image-2268 avia-img-lazy-loading-not-2268 avia_image' src='http:\/\/www.amormisericordioso.org\/ro\/wp-content\/uploads\/2017\/02\/Profili0001-165x300.jpg' alt='' title='Profili0001'  itemprop=\"thumbnailUrl\"  \/><\/a><\/div><\/div><\/div><br \/>\n<div  style='padding-bottom:5px; ' class='av-special-heading av-special-heading-h3  blockquote modern-quote  avia-builder-el-6  el_after_av_image  el_before_av_textblock  '><h3 class='av-special-heading-tag '  itemprop=\"headline\"  >Una vida al servicio de la divina voluntad<\/h3><div class ='av-subheading av-subheading_below  ' style='font-size:15px;'><p>P. Mario Gialletti fam<\/p>\n<\/div><div class='special-heading-border'><div class='special-heading-inner-border' ><\/div><\/div><\/div><br \/>\n<section class=\"av_textblock_section \"  itemscope=\"itemscope\" itemtype=\"https:\/\/schema.org\/CreativeWork\" ><div class='avia_textblock  '   itemprop=\"text\" ><p>Deseosos de recordar &#8211; y no habr\u00edamos podido dejar de hacerlo &#8211; la figura de la Madre Esperanza un a\u00f1o despu\u00e9s de su muerte, nos encontramos frente a una personalidad riqu\u00edsima.<\/p>\n<\/div><\/section><br \/>\n<section class=\"av_textblock_section \"  itemscope=\"itemscope\" itemtype=\"https:\/\/schema.org\/CreativeWork\" ><div class='avia_textblock  av_inherit_color '  style='font-size:10px; color:#5f8789; '  itemprop=\"text\" ><p style=\"text-align: left;\">Descargar en: <a href=\"http:\/\/www.collevalenza.it\/Profili\/es\/Profili0002.htm\" target=\"_blank\" rel=\"noopener\">HTML<\/a> \/ MOBI \/ DOC \/\u00a0<span class=\"s1\">ePub<\/span><\/p>\n<\/div><\/section><\/p><\/div>\n<div class=\"flex_column av_one_third  flex_column_div av-zero-column-padding   avia-builder-el-9  el_after_av_one_third  el_before_av_one_third  \" style='border-radius:0px; '><p><div  class='avia-image-container  av-styling-    avia-builder-el-10  el_before_av_heading  avia-builder-el-first  avia-align-left '  itemprop=\"image\" itemscope=\"itemscope\" itemtype=\"https:\/\/schema.org\/ImageObject\"  ><div class='avia-image-container-inner'><div class='avia-image-overlay-wrap'><a href='http:\/\/www.collevalenza.it\/Profili\/es\/Profili0001.htm' class='avia_image' target=\"_blank\" rel=\"noopener\"><img class='wp-image-2268 avia-img-lazy-loading-not-2268 avia_image' src='http:\/\/www.amormisericordioso.org\/ro\/wp-content\/uploads\/2017\/02\/Profili0001-165x300.jpg' alt='' title='Profili0001'  itemprop=\"thumbnailUrl\"  \/><\/a><\/div><\/div><\/div><br \/>\n<div  style='padding-bottom:5px; ' class='av-special-heading av-special-heading-h3  blockquote modern-quote  avia-builder-el-11  el_after_av_image  el_before_av_textblock  '><h3 class='av-special-heading-tag '  itemprop=\"headline\"  >Una vida al servicio de la divina voluntad<\/h3><div class ='av-subheading av-subheading_below  ' style='font-size:15px;'><p>P. Mario Gialletti fam<\/p>\n<\/div><div class='special-heading-border'><div class='special-heading-inner-border' ><\/div><\/div><\/div><br \/>\n<section class=\"av_textblock_section \"  itemscope=\"itemscope\" itemtype=\"https:\/\/schema.org\/CreativeWork\" ><div class='avia_textblock  '   itemprop=\"text\" ><p>Deseosos de recordar &#8211; y no habr\u00edamos podido dejar de hacerlo &#8211; la figura de la Madre Esperanza un a\u00f1o despu\u00e9s de su muerte, nos encontramos frente a una personalidad riqu\u00edsima.<\/p>\n<\/div><\/section><br \/>\n<section class=\"av_textblock_section \"  itemscope=\"itemscope\" itemtype=\"https:\/\/schema.org\/CreativeWork\" ><div class='avia_textblock  av_inherit_color '  style='font-size:10px; color:#5f8789; '  itemprop=\"text\" ><p style=\"text-align: left;\">Descargar en: <a href=\"http:\/\/www.collevalenza.it\/Profili\/es\/Profili0002.htm\" target=\"_blank\" rel=\"noopener\">HTML<\/a> \/ MOBI \/ DOC \/\u00a0<span class=\"s1\">ePub<\/span><\/p>\n<\/div><\/section><\/p><\/div>\n<div class=\"flex_column av_one_third  flex_column_div av-zero-column-padding   avia-builder-el-14  el_after_av_one_third  el_before_av_heading  \" style='border-radius:0px; '><p><div  class='avia-image-container  av-styling-    avia-builder-el-15  el_before_av_heading  avia-builder-el-first  avia-align-left '  itemprop=\"image\" itemscope=\"itemscope\" itemtype=\"https:\/\/schema.org\/ImageObject\"  ><div class='avia-image-container-inner'><div class='avia-image-overlay-wrap'><a href='http:\/\/www.collevalenza.it\/Profili\/es\/Profili0001.htm' class='avia_image' target=\"_blank\" rel=\"noopener\"><img class='wp-image-2268 avia-img-lazy-loading-not-2268 avia_image' src='http:\/\/www.amormisericordioso.org\/ro\/wp-content\/uploads\/2017\/02\/Profili0001-165x300.jpg' alt='' title='Profili0001'  itemprop=\"thumbnailUrl\"  \/><\/a><\/div><\/div><\/div><br \/>\n<div  style='padding-bottom:5px; ' class='av-special-heading av-special-heading-h3  blockquote modern-quote  avia-builder-el-16  el_after_av_image  el_before_av_textblock  '><h3 class='av-special-heading-tag '  itemprop=\"headline\"  >Una vida al servicio de la divina voluntad<\/h3><div class ='av-subheading av-subheading_below  ' style='font-size:15px;'><p>P. Mario Gialletti fam<\/p>\n<\/div><div class='special-heading-border'><div class='special-heading-inner-border' ><\/div><\/div><\/div><br \/>\n<section class=\"av_textblock_section \"  itemscope=\"itemscope\" itemtype=\"https:\/\/schema.org\/CreativeWork\" ><div class='avia_textblock  '   itemprop=\"text\" ><p>Deseosos de recordar &#8211; y no habr\u00edamos podido dejar de hacerlo &#8211; la figura de la Madre Esperanza un a\u00f1o despu\u00e9s de su muerte, nos encontramos frente a una personalidad riqu\u00edsima.<\/p>\n<\/div><\/section><br \/>\n<section class=\"av_textblock_section \"  itemscope=\"itemscope\" itemtype=\"https:\/\/schema.org\/CreativeWork\" ><div class='avia_textblock  av_inherit_color '  style='font-size:10px; color:#5f8789; '  itemprop=\"text\" ><p style=\"text-align: left;\">Descargar en: <a href=\"http:\/\/www.collevalenza.it\/Profili\/es\/Profili0002.htm\" target=\"_blank\" rel=\"noopener\">HTML<\/a> \/ MOBI \/ DOC \/\u00a0<span class=\"s1\">ePub<\/span><\/p>\n<\/div><\/section><\/p><\/div>\n<div  style='padding-bottom:5px; ' class='av-special-heading av-special-heading-h3  blockquote classic-quote  avia-builder-el-19  el_after_av_one_third  el_before_av_hr  '><h3 class='av-special-heading-tag '  itemprop=\"headline\"  >C\u00e2ntece<\/h3><div class='special-heading-border'><div class='special-heading-inner-border' ><\/div><\/div><\/div>\n<div   class='hr hr-short hr-center   avia-builder-el-20  el_after_av_heading  el_before_av_one_third '><span class='hr-inner ' ><span class='hr-inner-style'><\/span><\/span><\/div>\n<div class=\"flex_column av_one_third  flex_column_div av-zero-column-padding first  avia-builder-el-21  el_after_av_hr  avia-builder-el-last  \" style='border-radius:0px; '><p><div  class='avia-image-container  av-styling-    avia-builder-el-22  el_before_av_heading  avia-builder-el-first  avia-align-left '  itemprop=\"image\" itemscope=\"itemscope\" itemtype=\"https:\/\/schema.org\/ImageObject\"  ><div class='avia-image-container-inner'><div class='avia-image-overlay-wrap'><a href='http:\/\/www.collevalenza.it\/Profili\/es\/Profili0001.htm' class='avia_image' target=\"_blank\" rel=\"noopener\"><img class='wp-image-2268 avia-img-lazy-loading-not-2268 avia_image' src='http:\/\/www.amormisericordioso.org\/ro\/wp-content\/uploads\/2017\/02\/Profili0001-165x300.jpg' alt='' title='Profili0001'  itemprop=\"thumbnailUrl\"  \/><\/a><\/div><\/div><\/div><br \/>\n<div  style='padding-bottom:5px; ' class='av-special-heading av-special-heading-h3  blockquote modern-quote  avia-builder-el-23  el_after_av_image  el_before_av_textblock  '><h3 class='av-special-heading-tag '  itemprop=\"headline\"  >Una vida al servicio de la divina voluntad<\/h3><div class ='av-subheading av-subheading_below  ' style='font-size:15px;'><p>P. Mario Gialletti fam<\/p>\n<\/div><div class='special-heading-border'><div class='special-heading-inner-border' ><\/div><\/div><\/div><br \/>\n<section class=\"av_textblock_section \"  itemscope=\"itemscope\" itemtype=\"https:\/\/schema.org\/CreativeWork\" ><div class='avia_textblock  '   itemprop=\"text\" ><p>Deseosos de recordar &#8211; y no habr\u00edamos podido dejar de hacerlo &#8211; la figura de la Madre Esperanza un a\u00f1o despu\u00e9s de su muerte, nos encontramos frente a una personalidad riqu\u00edsima.<\/p>\n<\/div><\/section><br \/>\n<section class=\"av_textblock_section \"  itemscope=\"itemscope\" itemtype=\"https:\/\/schema.org\/CreativeWork\" ><div class='avia_textblock  av_inherit_color '  style='font-size:10px; color:#5f8789; '  itemprop=\"text\" ><p style=\"text-align: left;\">Descargar en: <a href=\"http:\/\/www.collevalenza.it\/Profili\/es\/Profili0002.htm\" target=\"_blank\" rel=\"noopener\">HTML<\/a> \/ MOBI \/ DOC \/\u00a0<span class=\"s1\">ePub<\/span><\/p>\n<\/div><\/section><\/p><\/div>\n","protected":false},"excerpt":{"rendered":"","protected":false},"author":1,"featured_media":0,"parent":2195,"menu_order":0,"comment_status":"closed","ping_status":"closed","template":"","meta":{"footnotes":""},"class_list":["post-2189","page","type-page","status-publish","hentry"],"_links":{"self":[{"href":"http:\/\/www.amormisericordioso.org\/ro\/wp-json\/wp\/v2\/pages\/2189","targetHints":{"allow":["GET"]}}],"collection":[{"href":"http:\/\/www.amormisericordioso.org\/ro\/wp-json\/wp\/v2\/pages"}],"about":[{"href":"http:\/\/www.amormisericordioso.org\/ro\/wp-json\/wp\/v2\/types\/page"}],"author":[{"embeddable":true,"href":"http:\/\/www.amormisericordioso.org\/ro\/wp-json\/wp\/v2\/users\/1"}],"replies":[{"embeddable":true,"href":"http:\/\/www.amormisericordioso.org\/ro\/wp-json\/wp\/v2\/comments?post=2189"}],"version-history":[{"count":1,"href":"http:\/\/www.amormisericordioso.org\/ro\/wp-json\/wp\/v2\/pages\/2189\/revisions"}],"predecessor-version":[{"id":2624,"href":"http:\/\/www.amormisericordioso.org\/ro\/wp-json\/wp\/v2\/pages\/2189\/revisions\/2624"}],"up":[{"embeddable":true,"href":"http:\/\/www.amormisericordioso.org\/ro\/wp-json\/wp\/v2\/pages\/2195"}],"wp:attachment":[{"href":"http:\/\/www.amormisericordioso.org\/ro\/wp-json\/wp\/v2\/media?parent=2189"}],"curies":[{"name":"wp","href":"https:\/\/api.w.org\/{rel}","templated":true}]}}