{"id":967,"date":"2016-06-16T07:26:12","date_gmt":"2016-06-16T13:26:12","guid":{"rendered":"http:\/\/gananegocio.com\/fam\/?page_id=967"},"modified":"2018-06-08T10:21:23","modified_gmt":"2018-06-08T16:21:23","slug":"a-cripta","status":"publish","type":"page","link":"http:\/\/www.amormisericordioso.org\/pt\/satuario-de-collevalenza\/a-cripta\/","title":{"rendered":"A Cripta"},"content":{"rendered":"<div id='av-layout-grid-1'  class='av-layout-grid-container entry-content-wrapper main_color av-flex-cells     avia-builder-el-0  avia-builder-el-no-sibling  container_wrap sidebar_right' style=' '  >\n<div class=\"flex_cell no_margin av_three_fourth  avia-builder-el-1  el_before_av_cell_one_fourth  avia-builder-el-first   \"  style='vertical-align:top; padding:30px; background-color:#ffffff; ' ><div class='flex_cell_inner' ><div class='flex_column_table av-equal-height-column-flextable -flextable' style='margin-top:-60px; margin-bottom:0px; '><div class=\"flex_column av_one_full  no_margin flex_column_table_cell av-equal-height-column av-align-top first  avia-builder-el-2  avia-builder-el-no-sibling  \" style='padding:30px; background-color:#ffffff; border-radius:0px; '><p><div  class='avia-image-container  av-styling-    avia-builder-el-3  el_before_av_heading  avia-builder-el-first  avia-align-center '  itemprop=\"image\" itemscope=\"itemscope\" itemtype=\"https:\/\/schema.org\/ImageObject\"  ><div class='avia-image-container-inner'><div class='avia-image-overlay-wrap'><img class='wp-image-2498 avia-img-lazy-loading-not-2498 avia_image' src='http:\/\/www.amormisericordioso.org\/pt\/wp-content\/uploads\/2016\/06\/b-3-cripta-original.jpg' alt='' title='b-3-cripta-original' height=\"339\" width=\"624\"  itemprop=\"thumbnailUrl\"  \/><\/div><\/div><\/div><br \/>\n<div  style='padding-bottom:0px; ' class='av-special-heading av-special-heading-h1  blockquote modern-quote  avia-builder-el-4  el_after_av_image  el_before_av_textblock  '><h1 class='av-special-heading-tag '  itemprop=\"headline\"  >A Cripta<\/h1><div class='special-heading-border'><div class='special-heading-inner-border' ><\/div><\/div><\/div><br \/>\n<section class=\"av_textblock_section \"  itemscope=\"itemscope\" itemtype=\"https:\/\/schema.org\/CreativeWork\" ><div class='avia_textblock  '  style='font-size:18px; '  itemprop=\"text\" ><p align=\"justify\"><strong><a href=\"http:\/\/www.amormisericordioso.org\/ws\/images\/articles\/31\/Presbiterio%20de%20la%20Cripta.jpg\"><img loading=\"lazy\" decoding=\"async\" class=\"alignleft\" src=\"http:\/\/www.amormisericordioso.org\/ws\/images\/articles\/31\/Presbiterio%20de%20la%20Cripta.jpg\" alt=\"\" width=\"275\" height=\"196\" align=\"left\" border=\"0\" hspace=\"5\" vspace=\"5\" \/><\/a><b>A Bas\u00edlica possue tamb\u00e9m uma Igreja inferior chamada Cripta.\u00a0<\/b><\/strong>Semienterrada, recolhida e na penumbra, unida arquitet\u00f4nicamente com a Igreja superior da qual recebe a luz e com a qual est\u00e1 unida por uma\u00a0<strong>escala helicoidal<\/strong>\u00a0com as paredes tecidas de ladrilho que assemelham a um cesto de vime.<strong><br \/>\n<\/strong><\/p>\n<p align=\"justify\">A Cripta sempre \u00e9 dedicada a Maria Medianeira e possui um\u00a0<b>mos\u00e1ico sobre o altar<\/b>, obra do pintor Villalta que representa a vinda do Esp\u00edrito Santo e Maria reunidos no Cen\u00e1culo.<\/p>\n<p align=\"justify\"><a href=\"http:\/\/www.amormisericordioso.org\/ws\/images\/articles\/31\/Mosaico%20de%20la%20cripta.jpg\"><img loading=\"lazy\" decoding=\"async\" class=\"alignright\" src=\"http:\/\/www.amormisericordioso.org\/ws\/images\/articles\/31\/Mosaico%20de%20la%20cripta.jpg\" alt=\"\" width=\"292\" height=\"208\" align=\"right\" border=\"0\" hspace=\"5\" vspace=\"5\" \/><\/a><\/p>\n<p align=\"justify\"><i>\u201cMaria \u00e9 aquela que, de modo particular e exepcional experimentou como ningu\u00e9m a Miseric\u00f3rdia e, tamb\u00e9m de maneira excepcional tornou poss\u00edvel, com o sacrif\u00edcio do seu cora\u00e7\u00e3o, a pr\u00f3pria participa\u00e7\u00e3o na revela\u00e7\u00e3o da Miseric\u00f3rdia Divina\u201d\u00a0<\/i>(Dives in Miseric\u00f3rdia n\u00ba 9)<\/p>\n<p align=\"justify\">Atr\u00e1s do altar est\u00e1 situada\u00a0<b>a tumba da Madre Esperan\u00e7a<\/b>, simples e original.\u00a0 Anuncia a Ressurrei\u00e7\u00e3o e descreve a par\u00e1bola da semente que apodrecendo no ch\u00e3o racha a terra e brota numa vida nova.<\/p>\n<p align=\"justify\"><a href=\"http:\/\/www.amormisericordioso.org\/ws\/images\/articles\/31\/La%20Tumba%20de%20la%20Madre%20II.jpg\"><img loading=\"lazy\" decoding=\"async\" class=\"alignleft\" src=\"http:\/\/www.amormisericordioso.org\/ws\/images\/articles\/31\/La%20Tumba%20de%20la%20Madre%20II.jpg\" alt=\"\" width=\"258\" height=\"205\" align=\"left\" border=\"0\" hspace=\"5\" vspace=\"5\" \/><\/a>\u00c0 esquerda da tumba, numa capela encontra-se a imagem da\u00a0<b>Virgem de la Fuensanta,\u00a0<\/b>patrona de M\u00farcia (Espanha), na regi\u00e3o natal da Madre.<\/p>\n<p align=\"justify\">Perto da entrada da Cripta existe uma ampla \u00e1rea elevada: \u00e9 o lugar reservado as confiss\u00f5es. O bom Jesus que recebe o pecador arrependido para fazer-lhe experimentar seu abra\u00e7o de Miseric\u00f3rdia e Amor.<\/p>\n<\/div><\/section><\/p><\/div><\/div><!--close column table wrapper. Autoclose: 1 -->\n<\/div><\/div><div class=\"flex_cell no_margin av_one_fourth  avia-builder-el-6  el_after_av_cell_three_fourth  avia-builder-el-last   \"  style='vertical-align:top; padding:30px; background-color:#ffffff; ' ><div class='flex_cell_inner' ><p><div class=\"flex_column av_one_full  flex_column_div av-zero-column-padding first  avia-builder-el-7  el_before_av_hr  avia-builder-el-first  \" style='border-radius:0px; '><p><div  class='avia-image-container  av-styling-    avia-builder-el-8  el_before_av_image  avia-builder-el-first  avia-align-center '  itemprop=\"image\" itemscope=\"itemscope\" itemtype=\"https:\/\/schema.org\/ImageObject\"  ><div class='avia-image-container-inner'><div class='avia-image-overlay-wrap'><a href='http:\/\/www.collevalenza.it' class='avia_image' target=\"_blank\" rel=\"noopener\"><img class='wp-image-1662 avia-img-lazy-loading-not-1662 avia_image' src='http:\/\/www.amormisericordioso.org\/pt\/wp-content\/uploads\/2015\/05\/Collevalenza02.jpg' alt='' title='collevalenza02'  itemprop=\"thumbnailUrl\"  \/><\/a><\/div><\/div><\/div><br \/>\n<div  class='avia-image-container  av-styling-    avia-builder-el-9  el_after_av_image  el_before_av_image  avia-align-center '  itemprop=\"image\" itemscope=\"itemscope\" itemtype=\"https:\/\/schema.org\/ImageObject\"  ><div class='avia-image-container-inner'><div class='avia-image-overlay-wrap'><a href='http:\/\/www.amormisericordioso.org\/pt\/madre-esperanca-de-jesus\/' class='avia_image'  ><img class='wp-image-764 avia-img-lazy-loading-not-764 avia_image' src='http:\/\/www.amormisericordioso.org\/pt\/wp-content\/uploads\/2015\/10\/9con-los-brazos-abiertos-original.jpg' alt='' title='9con-los-brazos-abiertos-original'  itemprop=\"thumbnailUrl\"  \/><\/a><\/div><\/div><\/div><br \/>\n<div  class='avia-image-container  av-styling-    avia-builder-el-10  el_after_av_image  avia-builder-el-last  avia-align-center '  itemprop=\"image\" itemscope=\"itemscope\" itemtype=\"https:\/\/schema.org\/ImageObject\"  ><div class='avia-image-container-inner'><div class='avia-image-overlay-wrap'><a href='http:\/\/www.amormisericordioso.org\/pt\/familia-do-amor-misericordioso\/ubicacion-en-el-mundo\/' class='avia_image'  ><img class='wp-image-530 avia-img-lazy-loading-not-530 avia_image' src='http:\/\/www.amormisericordioso.org\/pt\/wp-content\/uploads\/2015\/05\/Mapa-en-el-Mundo-FAM-portugues.jpg' alt='' title='Mapa-en-el-Mundo-FAM-portugues'  itemprop=\"thumbnailUrl\"  \/><\/a><\/div><\/div><\/div><\/p><\/div><div   class='hr hr-default   avia-builder-el-11  el_after_av_one_full  el_before_av_heading '><span class='hr-inner ' ><span class='hr-inner-style'><\/span><\/span><\/div><br \/>\n<div  style='padding-bottom:10px; ' class='av-special-heading av-special-heading-h3  blockquote modern-quote  avia-builder-el-12  el_after_av_hr  el_before_av_magazine  '><h3 class='av-special-heading-tag '  itemprop=\"headline\"  >\u00daltimas not\u00edcias<\/h3><div class='special-heading-border'><div class='special-heading-inner-border' ><\/div><\/div><\/div><br \/>\n<div  id=\"1\"  class='av-magazine   avia-builder-el-13  el_after_av_heading  el_before_av_image   av-magazine-top-bar-active av-magazine-tabs-active' ><div class='av-magazine-top-bar ' ><\/div><div class='av-magazine-group sort_all'><article class='av-magazine-entry av-magazine-entry-id-2855 av-magazine-format-standard av-magazine-type-post av-magazine-entry-1 av-magazine-entry-small '  itemscope=\"itemscope\" itemtype=\"https:\/\/schema.org\/CreativeWork\" ><div class='av-magazine-thumbnail'><a href='http:\/\/www.amormisericordioso.org\/pt\/1-todo-por-amor-abracando-irmaos-e-irmas-con-paixao-e-misericordia\/' title='Link to: 1. TODO POR AMOR: abra\u00e7ando irm\u00e3os e irm\u00e3s con paix\u00e3o e miseric\u00f2rdia' class='av-magazine-thumbnail-link '><img loading=\"lazy\" decoding=\"async\" width=\"80\" height=\"80\" src=\"http:\/\/www.amormisericordioso.org\/pt\/wp-content\/uploads\/2025\/02\/4-80x80.png\" class=\"wp-image-2858 avia-img-lazy-loading-2858 attachment-thumbnail size-thumbnail wp-post-image\" alt=\"\" srcset=\"http:\/\/www.amormisericordioso.org\/pt\/wp-content\/uploads\/2025\/02\/4-80x80.png 80w, http:\/\/www.amormisericordioso.org\/pt\/wp-content\/uploads\/2025\/02\/4-300x300.png 300w, http:\/\/www.amormisericordioso.org\/pt\/wp-content\/uploads\/2025\/02\/4-1030x1030.png 1030w, http:\/\/www.amormisericordioso.org\/pt\/wp-content\/uploads\/2025\/02\/4-768x768.png 768w, http:\/\/www.amormisericordioso.org\/pt\/wp-content\/uploads\/2025\/02\/4-36x36.png 36w, http:\/\/www.amormisericordioso.org\/pt\/wp-content\/uploads\/2025\/02\/4-180x180.png 180w, http:\/\/www.amormisericordioso.org\/pt\/wp-content\/uploads\/2025\/02\/4-705x705.png 705w, http:\/\/www.amormisericordioso.org\/pt\/wp-content\/uploads\/2025\/02\/4.png 1080w\" sizes=\"auto, (max-width: 80px) 100vw, 80px\" \/><\/a><\/div><div class='av-magazine-content-wrap'><header class='entry-content-header'><time class='av-magazine-time updated'  itemprop=\"datePublished\" datetime=\"2025-02-15T01:23:09-06:00\" >15 Fevereiro, 2025<\/time><h3 class='av-magazine-title entry-title '  itemprop=\"headline\" ><a href='http:\/\/www.amormisericordioso.org\/pt\/1-todo-por-amor-abracando-irmaos-e-irmas-con-paixao-e-misericordia\/' title='Link to: 1. TODO POR AMOR: abra\u00e7ando irm\u00e3os e irm\u00e3s con paix\u00e3o e miseric\u00f2rdia'>1. TODO POR AMOR: abra\u00e7ando irm\u00e3os e irm\u00e3s con paix\u00e3o e miseric\u00f2rdia<\/a><\/h3><\/header><\/div><footer class='entry-footer'><\/footer><\/article><article class='av-magazine-entry av-magazine-entry-id-2844 av-magazine-format-standard av-magazine-type-post av-magazine-entry-2 av-magazine-entry-small '  itemscope=\"itemscope\" itemtype=\"https:\/\/schema.org\/CreativeWork\" ><div class='av-magazine-thumbnail'><a href='http:\/\/www.amormisericordioso.org\/pt\/2844-2\/' title='Link to: XIII Cap\u00ectulo Geral EAM &#8211; Comunicado n\u00b0 6' class='av-magazine-thumbnail-link '><img loading=\"lazy\" decoding=\"async\" width=\"80\" height=\"80\" src=\"http:\/\/www.amormisericordioso.org\/pt\/wp-content\/uploads\/2022\/02\/XI-CAPITOLO-GENERALE-7-80x80.png\" class=\"wp-image-2846 avia-img-lazy-loading-2846 attachment-thumbnail size-thumbnail wp-post-image\" alt=\"\" srcset=\"http:\/\/www.amormisericordioso.org\/pt\/wp-content\/uploads\/2022\/02\/XI-CAPITOLO-GENERALE-7-80x80.png 80w, http:\/\/www.amormisericordioso.org\/pt\/wp-content\/uploads\/2022\/02\/XI-CAPITOLO-GENERALE-7-300x300.png 300w, http:\/\/www.amormisericordioso.org\/pt\/wp-content\/uploads\/2022\/02\/XI-CAPITOLO-GENERALE-7-1030x1030.png 1030w, http:\/\/www.amormisericordioso.org\/pt\/wp-content\/uploads\/2022\/02\/XI-CAPITOLO-GENERALE-7-768x768.png 768w, http:\/\/www.amormisericordioso.org\/pt\/wp-content\/uploads\/2022\/02\/XI-CAPITOLO-GENERALE-7-36x36.png 36w, http:\/\/www.amormisericordioso.org\/pt\/wp-content\/uploads\/2022\/02\/XI-CAPITOLO-GENERALE-7-180x180.png 180w, http:\/\/www.amormisericordioso.org\/pt\/wp-content\/uploads\/2022\/02\/XI-CAPITOLO-GENERALE-7-705x705.png 705w, http:\/\/www.amormisericordioso.org\/pt\/wp-content\/uploads\/2022\/02\/XI-CAPITOLO-GENERALE-7.png 1080w\" sizes=\"auto, (max-width: 80px) 100vw, 80px\" \/><\/a><\/div><div class='av-magazine-content-wrap'><header class='entry-content-header'><time class='av-magazine-time updated'  itemprop=\"datePublished\" datetime=\"2022-02-22T04:54:58-06:00\" >22 Fevereiro, 2022<\/time><h3 class='av-magazine-title entry-title '  itemprop=\"headline\" ><a href='http:\/\/www.amormisericordioso.org\/pt\/2844-2\/' title='Link to: XIII Cap\u00ectulo Geral EAM &#8211; Comunicado n\u00b0 6'>XIII Cap\u00ectulo Geral EAM &#8211; Comunicado n\u00b0 6<\/a><\/h3><\/header><\/div><footer class='entry-footer'><\/footer><\/article><article class='av-magazine-entry av-magazine-entry-id-2840 av-magazine-format-standard av-magazine-type-post av-magazine-entry-3 av-magazine-entry-small '  itemscope=\"itemscope\" itemtype=\"https:\/\/schema.org\/CreativeWork\" ><div class='av-magazine-thumbnail'><a href='http:\/\/www.amormisericordioso.org\/pt\/xiii-capitulo-general-eam-comunicado-n-5\/' title='Link to: XIII Cap\u00edtulo General EAM &#8211; Comunicado n\u00b0 5' class='av-magazine-thumbnail-link '><img loading=\"lazy\" decoding=\"async\" width=\"80\" height=\"80\" src=\"http:\/\/www.amormisericordioso.org\/pt\/wp-content\/uploads\/2022\/02\/XI-CAPITOLO-GENERALE-5-80x80.png\" class=\"wp-image-2819 avia-img-lazy-loading-2819 attachment-thumbnail size-thumbnail wp-post-image\" alt=\"\" srcset=\"http:\/\/www.amormisericordioso.org\/pt\/wp-content\/uploads\/2022\/02\/XI-CAPITOLO-GENERALE-5-80x80.png 80w, http:\/\/www.amormisericordioso.org\/pt\/wp-content\/uploads\/2022\/02\/XI-CAPITOLO-GENERALE-5-300x300.png 300w, http:\/\/www.amormisericordioso.org\/pt\/wp-content\/uploads\/2022\/02\/XI-CAPITOLO-GENERALE-5-1030x1030.png 1030w, http:\/\/www.amormisericordioso.org\/pt\/wp-content\/uploads\/2022\/02\/XI-CAPITOLO-GENERALE-5-768x768.png 768w, http:\/\/www.amormisericordioso.org\/pt\/wp-content\/uploads\/2022\/02\/XI-CAPITOLO-GENERALE-5-36x36.png 36w, http:\/\/www.amormisericordioso.org\/pt\/wp-content\/uploads\/2022\/02\/XI-CAPITOLO-GENERALE-5-180x180.png 180w, http:\/\/www.amormisericordioso.org\/pt\/wp-content\/uploads\/2022\/02\/XI-CAPITOLO-GENERALE-5-705x705.png 705w, http:\/\/www.amormisericordioso.org\/pt\/wp-content\/uploads\/2022\/02\/XI-CAPITOLO-GENERALE-5.png 1080w\" sizes=\"auto, (max-width: 80px) 100vw, 80px\" \/><\/a><\/div><div class='av-magazine-content-wrap'><header class='entry-content-header'><time class='av-magazine-time updated'  itemprop=\"datePublished\" datetime=\"2022-02-21T09:34:10-06:00\" >21 Fevereiro, 2022<\/time><h3 class='av-magazine-title entry-title '  itemprop=\"headline\" ><a href='http:\/\/www.amormisericordioso.org\/pt\/xiii-capitulo-general-eam-comunicado-n-5\/' title='Link to: XIII Cap\u00edtulo General EAM &#8211; Comunicado n\u00b0 5'>XIII Cap\u00edtulo General EAM &#8211; Comunicado n\u00b0 5<\/a><\/h3><\/header><\/div><footer class='entry-footer'><\/footer><\/article><article class='av-magazine-entry av-magazine-entry-id-2838 av-magazine-format-standard av-magazine-type-post av-magazine-entry-4 av-magazine-entry-small '  itemscope=\"itemscope\" itemtype=\"https:\/\/schema.org\/CreativeWork\" ><div class='av-magazine-thumbnail'><a href='http:\/\/www.amormisericordioso.org\/pt\/xiii-capitulo-general-eam-comunicado-n-4\/' title='Link to: XIII Cap\u00edtulo general EAM &#8211; Comunicado n\u00b0 4' class='av-magazine-thumbnail-link '><img loading=\"lazy\" decoding=\"async\" width=\"80\" height=\"80\" src=\"http:\/\/www.amormisericordioso.org\/pt\/wp-content\/uploads\/2022\/02\/XI-CAPITOLO-GENERALE-5-80x80.png\" class=\"wp-image-2819 avia-img-lazy-loading-2819 attachment-thumbnail size-thumbnail wp-post-image\" alt=\"\" srcset=\"http:\/\/www.amormisericordioso.org\/pt\/wp-content\/uploads\/2022\/02\/XI-CAPITOLO-GENERALE-5-80x80.png 80w, http:\/\/www.amormisericordioso.org\/pt\/wp-content\/uploads\/2022\/02\/XI-CAPITOLO-GENERALE-5-300x300.png 300w, http:\/\/www.amormisericordioso.org\/pt\/wp-content\/uploads\/2022\/02\/XI-CAPITOLO-GENERALE-5-1030x1030.png 1030w, http:\/\/www.amormisericordioso.org\/pt\/wp-content\/uploads\/2022\/02\/XI-CAPITOLO-GENERALE-5-768x768.png 768w, http:\/\/www.amormisericordioso.org\/pt\/wp-content\/uploads\/2022\/02\/XI-CAPITOLO-GENERALE-5-36x36.png 36w, http:\/\/www.amormisericordioso.org\/pt\/wp-content\/uploads\/2022\/02\/XI-CAPITOLO-GENERALE-5-180x180.png 180w, http:\/\/www.amormisericordioso.org\/pt\/wp-content\/uploads\/2022\/02\/XI-CAPITOLO-GENERALE-5-705x705.png 705w, http:\/\/www.amormisericordioso.org\/pt\/wp-content\/uploads\/2022\/02\/XI-CAPITOLO-GENERALE-5.png 1080w\" sizes=\"auto, (max-width: 80px) 100vw, 80px\" \/><\/a><\/div><div class='av-magazine-content-wrap'><header class='entry-content-header'><time class='av-magazine-time updated'  itemprop=\"datePublished\" datetime=\"2022-02-17T14:13:28-06:00\" >17 Fevereiro, 2022<\/time><h3 class='av-magazine-title entry-title '  itemprop=\"headline\" ><a href='http:\/\/www.amormisericordioso.org\/pt\/xiii-capitulo-general-eam-comunicado-n-4\/' title='Link to: XIII Cap\u00edtulo general EAM &#8211; Comunicado n\u00b0 4'>XIII Cap\u00edtulo general EAM &#8211; Comunicado n\u00b0 4<\/a><\/h3><\/header><\/div><footer class='entry-footer'><\/footer><\/article><article class='av-magazine-entry av-magazine-entry-id-2830 av-magazine-format-standard av-magazine-type-post av-magazine-entry-5 av-magazine-entry-small '  itemscope=\"itemscope\" itemtype=\"https:\/\/schema.org\/CreativeWork\" ><div class='av-magazine-thumbnail'><a href='http:\/\/www.amormisericordioso.org\/pt\/xiii-capitulo-general-eam-comunicado-n-3\/' title='Link to: XIII Cap\u00edtulo general EAM &#8211; Comunicado n\u00b0 3' class='av-magazine-thumbnail-link '><img loading=\"lazy\" decoding=\"async\" width=\"80\" height=\"80\" src=\"http:\/\/www.amormisericordioso.org\/pt\/wp-content\/uploads\/2022\/02\/XI-CAPITOLO-GENERALE-5-80x80.png\" class=\"wp-image-2819 avia-img-lazy-loading-2819 attachment-thumbnail size-thumbnail wp-post-image\" alt=\"\" srcset=\"http:\/\/www.amormisericordioso.org\/pt\/wp-content\/uploads\/2022\/02\/XI-CAPITOLO-GENERALE-5-80x80.png 80w, http:\/\/www.amormisericordioso.org\/pt\/wp-content\/uploads\/2022\/02\/XI-CAPITOLO-GENERALE-5-300x300.png 300w, http:\/\/www.amormisericordioso.org\/pt\/wp-content\/uploads\/2022\/02\/XI-CAPITOLO-GENERALE-5-1030x1030.png 1030w, http:\/\/www.amormisericordioso.org\/pt\/wp-content\/uploads\/2022\/02\/XI-CAPITOLO-GENERALE-5-768x768.png 768w, http:\/\/www.amormisericordioso.org\/pt\/wp-content\/uploads\/2022\/02\/XI-CAPITOLO-GENERALE-5-36x36.png 36w, http:\/\/www.amormisericordioso.org\/pt\/wp-content\/uploads\/2022\/02\/XI-CAPITOLO-GENERALE-5-180x180.png 180w, http:\/\/www.amormisericordioso.org\/pt\/wp-content\/uploads\/2022\/02\/XI-CAPITOLO-GENERALE-5-705x705.png 705w, http:\/\/www.amormisericordioso.org\/pt\/wp-content\/uploads\/2022\/02\/XI-CAPITOLO-GENERALE-5.png 1080w\" sizes=\"auto, (max-width: 80px) 100vw, 80px\" \/><\/a><\/div><div class='av-magazine-content-wrap'><header class='entry-content-header'><time class='av-magazine-time updated'  itemprop=\"datePublished\" datetime=\"2022-02-17T14:10:53-06:00\" >17 Fevereiro, 2022<\/time><h3 class='av-magazine-title entry-title '  itemprop=\"headline\" ><a href='http:\/\/www.amormisericordioso.org\/pt\/xiii-capitulo-general-eam-comunicado-n-3\/' title='Link to: XIII Cap\u00edtulo general EAM &#8211; Comunicado n\u00b0 3'>XIII Cap\u00edtulo general EAM &#8211; Comunicado n\u00b0 3<\/a><\/h3><\/header><\/div><footer class='entry-footer'><\/footer><\/article><\/div><\/div><br \/>\n<div  class='avia-image-container  av-styling-    avia-builder-el-14  el_after_av_magazine  avia-builder-el-last  avia-align-center '  itemprop=\"image\" itemscope=\"itemscope\" itemtype=\"https:\/\/schema.org\/ImageObject\"  ><div class='avia-image-container-inner'><div class='avia-image-overlay-wrap'><a href='http:\/\/www.amormisericordioso.org\/pt\/multimedia\/' class='avia_image'  ><img class='wp-image-596 avia-img-lazy-loading-not-596 avia_image' src='http:\/\/www.amormisericordioso.org\/pt\/wp-content\/uploads\/2015\/05\/portugues-banner-galeria-secciones.png' alt='' title='portugues-banner-galeria-secciones'  itemprop=\"thumbnailUrl\"  \/><\/a><\/div><\/div><\/div><\/p>\n<\/div><\/div><\/div>\n","protected":false},"excerpt":{"rendered":"","protected":false},"author":1,"featured_media":2498,"parent":380,"menu_order":0,"comment_status":"closed","ping_status":"closed","template":"","meta":{"footnotes":""},"class_list":["post-967","page","type-page","status-publish","has-post-thumbnail","hentry"],"_links":{"self":[{"href":"http:\/\/www.amormisericordioso.org\/pt\/wp-json\/wp\/v2\/pages\/967","targetHints":{"allow":["GET"]}}],"collection":[{"href":"http:\/\/www.amormisericordioso.org\/pt\/wp-json\/wp\/v2\/pages"}],"about":[{"href":"http:\/\/www.amormisericordioso.org\/pt\/wp-json\/wp\/v2\/types\/page"}],"author":[{"embeddable":true,"href":"http:\/\/www.amormisericordioso.org\/pt\/wp-json\/wp\/v2\/users\/1"}],"replies":[{"embeddable":true,"href":"http:\/\/www.amormisericordioso.org\/pt\/wp-json\/wp\/v2\/comments?post=967"}],"version-history":[{"count":2,"href":"http:\/\/www.amormisericordioso.org\/pt\/wp-json\/wp\/v2\/pages\/967\/revisions"}],"predecessor-version":[{"id":2500,"href":"http:\/\/www.amormisericordioso.org\/pt\/wp-json\/wp\/v2\/pages\/967\/revisions\/2500"}],"up":[{"embeddable":true,"href":"http:\/\/www.amormisericordioso.org\/pt\/wp-json\/wp\/v2\/pages\/380"}],"wp:featuredmedia":[{"embeddable":true,"href":"http:\/\/www.amormisericordioso.org\/pt\/wp-json\/wp\/v2\/media\/2498"}],"wp:attachment":[{"href":"http:\/\/www.amormisericordioso.org\/pt\/wp-json\/wp\/v2\/media?parent=967"}],"curies":[{"name":"wp","href":"https:\/\/api.w.org\/{rel}","templated":true}]}}