{"id":788,"date":"2016-04-26T22:01:41","date_gmt":"2016-04-27T04:01:41","guid":{"rendered":"http:\/\/localhost:8888\/amormisericordioso\/?page_id=788"},"modified":"2021-04-20T07:38:50","modified_gmt":"2021-04-20T13:38:50","slug":"os-filhos-e-o-santuario","status":"publish","type":"page","link":"http:\/\/www.amormisericordioso.org\/pt\/madre-esperanca-de-jesus\/os-filhos-e-o-santuario\/","title":{"rendered":"Os Filhos e o Santu\u00e1rio"},"content":{"rendered":"<div id='av-layout-grid-1'  class='av-layout-grid-container entry-content-wrapper main_color av-flex-cells     avia-builder-el-0  avia-builder-el-no-sibling  container_wrap sidebar_right' style=' '  >\n<div class=\"flex_cell no_margin av_three_fourth  avia-builder-el-1  el_before_av_cell_one_fourth  avia-builder-el-first   \"  style='vertical-align:top; padding:30px; background-color:#ffffff; ' ><div class='flex_cell_inner' ><div class='flex_column_table av-equal-height-column-flextable -flextable' style='margin-top:-60px; margin-bottom:0px; '><div class=\"flex_column av_one_full  no_margin flex_column_table_cell av-equal-height-column av-align-top first  avia-builder-el-2  avia-builder-el-no-sibling  \" style='padding:30px; background-color:#ffffff; border-radius:0px; '><p><div  class='avia-image-container  av-styling-    avia-builder-el-3  el_before_av_heading  avia-builder-el-first  avia-align-center '  itemprop=\"image\" itemscope=\"itemscope\" itemtype=\"https:\/\/schema.org\/ImageObject\"  ><div class='avia-image-container-inner'><div class='avia-image-overlay-wrap'><img class='wp-image-2432 avia-img-lazy-loading-not-2432 avia_image' src='http:\/\/www.amormisericordioso.org\/pt\/wp-content\/uploads\/2016\/04\/6hijos-y-el-santuario-original.jpg' alt='' title='6hijos-y-el-santuario-original' height=\"339\" width=\"624\"  itemprop=\"thumbnailUrl\"  \/><\/div><\/div><\/div><br \/>\n<div  style='padding-bottom:0px; ' class='av-special-heading av-special-heading-h1  blockquote modern-quote  avia-builder-el-4  el_after_av_image  el_before_av_textblock  '><h1 class='av-special-heading-tag '  itemprop=\"headline\"  >Os Filhos e o Santu\u00e1rio<\/h1><div class='special-heading-border'><div class='special-heading-inner-border' ><\/div><\/div><\/div><br \/>\n<section class=\"av_textblock_section \"  itemscope=\"itemscope\" itemtype=\"https:\/\/schema.org\/CreativeWork\" ><div class='avia_textblock  '  style='font-size:18px; '  itemprop=\"text\" ><p align=\"justify\">No dia 24 de 1951 anota no di\u00e1rio: <em>&#8220;<\/em><i>O Bom Jesus me disse que chegou o momento de realizar a funda\u00e7\u00e3o da Congrega\u00e7\u00e3o dos Filhos do seu Amor Misericordioso e que o primeiro desses ser\u00e1\u00a0<b>Alfredo de Penta&#8221;<\/b>.\u00a0<\/i>Depois do primeiro susto, Alfredo aceitou com entusiasmo os planos do Senhor. Apesar da idade avan\u00e7ada teve que estudar no semin\u00e1rio de Viterbo, e ap\u00f3s in\u00fameros sacrif\u00edcios, anos mais tarde no Santu\u00e1rio de Collevalenza, celebrar\u00e1 sua primeira missa cantada.<\/p>\n<p align=\"justify\"><b>No dia 15 de agosto de 1951<\/b>\u00a0na capela das Irm\u00e3s em Roma\u00a0<b>professam os votos religiosos os primeiros tr\u00eas Filhos do Amor Misericordioso<\/b>. Tr\u00eas dias depois, a pedido do bispo assumem, juntamente com uma comunidade de Irm\u00e3s a par\u00f3quia de Collevalenza, um povoado da \u00dambria italiana.<\/p>\n<p align=\"justify\">Sempre movida por muita f\u00e9, um enorme idealismo e a firme disposi\u00e7\u00e3o de seguir as indica\u00e7\u00f5es do Senhor at\u00e9 o fim do mundo se for preciso. Quantas vezes ter\u00e1 perguntado ao Senhor:\u00a0 &#8220;porque me trouxeste at\u00e9 aqui?&#8221; Hoje est\u00e1 tudo claro.<\/p>\n<p align=\"justify\">Era um pequeno povoado com poucos habitantes, a maioria disseminada em caser\u00edos, conhecido na regi\u00e3o por seu bosque de carvalhos chamado <em>&#8220;Roccolo&#8221;<\/em>, onde seus ca\u00e7adores, com suas redes apanhavam p\u00e1ssaros. Ali Jesus lhe deu a primeira explica\u00e7\u00e3o: <em>&#8220;Esperan\u00e7a, transformaremos este \u201croccolo\u201d no lugar para ca\u00e7ar almas. Aqui vir\u00e3o bandos de peregrinos mais numerosos que passarinhos. E aqui conhecer\u00e3o o Amor Misericordioso&#8221;.<\/em><\/p>\n<\/div><\/section><\/p><\/div><\/div><!--close column table wrapper. Autoclose: 1 -->\n<\/div><\/div><div class=\"flex_cell no_margin av_one_fourth  avia-builder-el-6  el_after_av_cell_three_fourth  avia-builder-el-last   \"  style='vertical-align:top; padding:30px; background-color:#ffffff; ' ><div class='flex_cell_inner' ><p><div class=\"flex_column av_one_full  flex_column_div av-zero-column-padding first  avia-builder-el-7  el_before_av_hr  avia-builder-el-first  \" style='border-radius:0px; '><p><div  class='avia-image-container  av-styling-    avia-builder-el-8  el_before_av_image  avia-builder-el-first  avia-align-center '  itemprop=\"image\" itemscope=\"itemscope\" itemtype=\"https:\/\/schema.org\/ImageObject\"  ><div class='avia-image-container-inner'><div class='avia-image-overlay-wrap'><a href='http:\/\/www.amormisericordioso.org\/pt\/satuario-de-collevalenza\/' class='avia_image'  ><img class='wp-image-645 avia-img-lazy-loading-not-645 avia_image' src='http:\/\/www.amormisericordioso.org\/pt\/wp-content\/uploads\/2015\/05\/link-santuario-portugues-original.jpg' alt='' title='link-santuario-portugues-original'  itemprop=\"thumbnailUrl\"  \/><\/a><\/div><\/div><\/div><br \/>\n<div  class='avia-image-container  av-styling-    avia-builder-el-9  el_after_av_image  el_before_av_image  avia-align-center '  itemprop=\"image\" itemscope=\"itemscope\" itemtype=\"https:\/\/schema.org\/ImageObject\"  ><div class='avia-image-container-inner'><div class='avia-image-overlay-wrap'><a href='http:\/\/www.amormisericordioso.org\/pt\/madre-esperanca-de-jesus\/beatificada-em-31-de-maio-de-2014\/' class='avia_image'  ><img class='wp-image-1647 avia-img-lazy-loading-not-1647 avia_image' src='http:\/\/www.amormisericordioso.org\/pt\/wp-content\/uploads\/2016\/10\/beatificacion.jpg' alt='' title='beatificacion'  itemprop=\"thumbnailUrl\"  \/><\/a><\/div><\/div><\/div><br \/>\n<div  class='avia-image-container  av-styling-    avia-builder-el-10  el_after_av_image  avia-builder-el-last  avia-align-center '  itemprop=\"image\" itemscope=\"itemscope\" itemtype=\"https:\/\/schema.org\/ImageObject\"  ><div class='avia-image-container-inner'><div class='avia-image-overlay-wrap'><a href='http:\/\/www.amormisericordioso.org\/pt\/familia-do-amor-misericordioso\/ubicacion-en-el-mundo\/' class='avia_image'  ><img class='wp-image-530 avia-img-lazy-loading-not-530 avia_image' src='http:\/\/www.amormisericordioso.org\/pt\/wp-content\/uploads\/2015\/05\/Mapa-en-el-Mundo-FAM-portugues.jpg' alt='' title='Mapa-en-el-Mundo-FAM-portugues'  itemprop=\"thumbnailUrl\"  \/><\/a><\/div><\/div><\/div><\/p><\/div><div   class='hr hr-default   avia-builder-el-11  el_after_av_one_full  el_before_av_heading '><span class='hr-inner ' ><span class='hr-inner-style'><\/span><\/span><\/div><br \/>\n<div  style='padding-bottom:10px; ' class='av-special-heading av-special-heading-h3  blockquote modern-quote  avia-builder-el-12  el_after_av_hr  el_before_av_magazine  '><h3 class='av-special-heading-tag '  itemprop=\"headline\"  >\u00daltimas not\u00edcias<\/h3><div class='special-heading-border'><div class='special-heading-inner-border' ><\/div><\/div><\/div><br \/>\n<div  id=\"1\"  class='av-magazine   avia-builder-el-13  el_after_av_heading  el_before_av_image   av-magazine-top-bar-active av-magazine-tabs-active' ><div class='av-magazine-top-bar ' ><\/div><div class='av-magazine-group sort_all'><article class='av-magazine-entry av-magazine-entry-id-2855 av-magazine-format-standard av-magazine-type-post av-magazine-entry-1 av-magazine-entry-small '  itemscope=\"itemscope\" itemtype=\"https:\/\/schema.org\/CreativeWork\" ><div class='av-magazine-thumbnail'><a href='http:\/\/www.amormisericordioso.org\/pt\/1-todo-por-amor-abracando-irmaos-e-irmas-con-paixao-e-misericordia\/' title='Link to: 1. TODO POR AMOR: abra\u00e7ando irm\u00e3os e irm\u00e3s con paix\u00e3o e miseric\u00f2rdia' class='av-magazine-thumbnail-link '><img loading=\"lazy\" decoding=\"async\" width=\"80\" height=\"80\" src=\"http:\/\/www.amormisericordioso.org\/pt\/wp-content\/uploads\/2025\/02\/4-80x80.png\" class=\"wp-image-2858 avia-img-lazy-loading-2858 attachment-thumbnail size-thumbnail wp-post-image\" alt=\"\" srcset=\"http:\/\/www.amormisericordioso.org\/pt\/wp-content\/uploads\/2025\/02\/4-80x80.png 80w, http:\/\/www.amormisericordioso.org\/pt\/wp-content\/uploads\/2025\/02\/4-300x300.png 300w, http:\/\/www.amormisericordioso.org\/pt\/wp-content\/uploads\/2025\/02\/4-1030x1030.png 1030w, http:\/\/www.amormisericordioso.org\/pt\/wp-content\/uploads\/2025\/02\/4-768x768.png 768w, http:\/\/www.amormisericordioso.org\/pt\/wp-content\/uploads\/2025\/02\/4-36x36.png 36w, http:\/\/www.amormisericordioso.org\/pt\/wp-content\/uploads\/2025\/02\/4-180x180.png 180w, http:\/\/www.amormisericordioso.org\/pt\/wp-content\/uploads\/2025\/02\/4-705x705.png 705w, http:\/\/www.amormisericordioso.org\/pt\/wp-content\/uploads\/2025\/02\/4.png 1080w\" sizes=\"auto, (max-width: 80px) 100vw, 80px\" \/><\/a><\/div><div class='av-magazine-content-wrap'><header class='entry-content-header'><time class='av-magazine-time updated'  itemprop=\"datePublished\" datetime=\"2025-02-15T01:23:09-06:00\" >15 Fevereiro, 2025<\/time><h3 class='av-magazine-title entry-title '  itemprop=\"headline\" ><a href='http:\/\/www.amormisericordioso.org\/pt\/1-todo-por-amor-abracando-irmaos-e-irmas-con-paixao-e-misericordia\/' title='Link to: 1. TODO POR AMOR: abra\u00e7ando irm\u00e3os e irm\u00e3s con paix\u00e3o e miseric\u00f2rdia'>1. TODO POR AMOR: abra\u00e7ando irm\u00e3os e irm\u00e3s con paix\u00e3o e miseric\u00f2rdia<\/a><\/h3><\/header><\/div><footer class='entry-footer'><\/footer><\/article><article class='av-magazine-entry av-magazine-entry-id-2844 av-magazine-format-standard av-magazine-type-post av-magazine-entry-2 av-magazine-entry-small '  itemscope=\"itemscope\" itemtype=\"https:\/\/schema.org\/CreativeWork\" ><div class='av-magazine-thumbnail'><a href='http:\/\/www.amormisericordioso.org\/pt\/2844-2\/' title='Link to: XIII Cap\u00ectulo Geral EAM &#8211; Comunicado n\u00b0 6' class='av-magazine-thumbnail-link '><img loading=\"lazy\" decoding=\"async\" width=\"80\" height=\"80\" src=\"http:\/\/www.amormisericordioso.org\/pt\/wp-content\/uploads\/2022\/02\/XI-CAPITOLO-GENERALE-7-80x80.png\" class=\"wp-image-2846 avia-img-lazy-loading-2846 attachment-thumbnail size-thumbnail wp-post-image\" alt=\"\" srcset=\"http:\/\/www.amormisericordioso.org\/pt\/wp-content\/uploads\/2022\/02\/XI-CAPITOLO-GENERALE-7-80x80.png 80w, http:\/\/www.amormisericordioso.org\/pt\/wp-content\/uploads\/2022\/02\/XI-CAPITOLO-GENERALE-7-300x300.png 300w, http:\/\/www.amormisericordioso.org\/pt\/wp-content\/uploads\/2022\/02\/XI-CAPITOLO-GENERALE-7-1030x1030.png 1030w, http:\/\/www.amormisericordioso.org\/pt\/wp-content\/uploads\/2022\/02\/XI-CAPITOLO-GENERALE-7-768x768.png 768w, http:\/\/www.amormisericordioso.org\/pt\/wp-content\/uploads\/2022\/02\/XI-CAPITOLO-GENERALE-7-36x36.png 36w, http:\/\/www.amormisericordioso.org\/pt\/wp-content\/uploads\/2022\/02\/XI-CAPITOLO-GENERALE-7-180x180.png 180w, http:\/\/www.amormisericordioso.org\/pt\/wp-content\/uploads\/2022\/02\/XI-CAPITOLO-GENERALE-7-705x705.png 705w, http:\/\/www.amormisericordioso.org\/pt\/wp-content\/uploads\/2022\/02\/XI-CAPITOLO-GENERALE-7.png 1080w\" sizes=\"auto, (max-width: 80px) 100vw, 80px\" \/><\/a><\/div><div class='av-magazine-content-wrap'><header class='entry-content-header'><time class='av-magazine-time updated'  itemprop=\"datePublished\" datetime=\"2022-02-22T04:54:58-06:00\" >22 Fevereiro, 2022<\/time><h3 class='av-magazine-title entry-title '  itemprop=\"headline\" ><a href='http:\/\/www.amormisericordioso.org\/pt\/2844-2\/' title='Link to: XIII Cap\u00ectulo Geral EAM &#8211; Comunicado n\u00b0 6'>XIII Cap\u00ectulo Geral EAM &#8211; Comunicado n\u00b0 6<\/a><\/h3><\/header><\/div><footer class='entry-footer'><\/footer><\/article><article class='av-magazine-entry av-magazine-entry-id-2840 av-magazine-format-standard av-magazine-type-post av-magazine-entry-3 av-magazine-entry-small '  itemscope=\"itemscope\" itemtype=\"https:\/\/schema.org\/CreativeWork\" ><div class='av-magazine-thumbnail'><a href='http:\/\/www.amormisericordioso.org\/pt\/xiii-capitulo-general-eam-comunicado-n-5\/' title='Link to: XIII Cap\u00edtulo General EAM &#8211; Comunicado n\u00b0 5' class='av-magazine-thumbnail-link '><img loading=\"lazy\" decoding=\"async\" width=\"80\" height=\"80\" src=\"http:\/\/www.amormisericordioso.org\/pt\/wp-content\/uploads\/2022\/02\/XI-CAPITOLO-GENERALE-5-80x80.png\" class=\"wp-image-2819 avia-img-lazy-loading-2819 attachment-thumbnail size-thumbnail wp-post-image\" alt=\"\" srcset=\"http:\/\/www.amormisericordioso.org\/pt\/wp-content\/uploads\/2022\/02\/XI-CAPITOLO-GENERALE-5-80x80.png 80w, http:\/\/www.amormisericordioso.org\/pt\/wp-content\/uploads\/2022\/02\/XI-CAPITOLO-GENERALE-5-300x300.png 300w, http:\/\/www.amormisericordioso.org\/pt\/wp-content\/uploads\/2022\/02\/XI-CAPITOLO-GENERALE-5-1030x1030.png 1030w, http:\/\/www.amormisericordioso.org\/pt\/wp-content\/uploads\/2022\/02\/XI-CAPITOLO-GENERALE-5-768x768.png 768w, http:\/\/www.amormisericordioso.org\/pt\/wp-content\/uploads\/2022\/02\/XI-CAPITOLO-GENERALE-5-36x36.png 36w, http:\/\/www.amormisericordioso.org\/pt\/wp-content\/uploads\/2022\/02\/XI-CAPITOLO-GENERALE-5-180x180.png 180w, http:\/\/www.amormisericordioso.org\/pt\/wp-content\/uploads\/2022\/02\/XI-CAPITOLO-GENERALE-5-705x705.png 705w, http:\/\/www.amormisericordioso.org\/pt\/wp-content\/uploads\/2022\/02\/XI-CAPITOLO-GENERALE-5.png 1080w\" sizes=\"auto, (max-width: 80px) 100vw, 80px\" \/><\/a><\/div><div class='av-magazine-content-wrap'><header class='entry-content-header'><time class='av-magazine-time updated'  itemprop=\"datePublished\" datetime=\"2022-02-21T09:34:10-06:00\" >21 Fevereiro, 2022<\/time><h3 class='av-magazine-title entry-title '  itemprop=\"headline\" ><a href='http:\/\/www.amormisericordioso.org\/pt\/xiii-capitulo-general-eam-comunicado-n-5\/' title='Link to: XIII Cap\u00edtulo General EAM &#8211; Comunicado n\u00b0 5'>XIII Cap\u00edtulo General EAM &#8211; Comunicado n\u00b0 5<\/a><\/h3><\/header><\/div><footer class='entry-footer'><\/footer><\/article><article class='av-magazine-entry av-magazine-entry-id-2838 av-magazine-format-standard av-magazine-type-post av-magazine-entry-4 av-magazine-entry-small '  itemscope=\"itemscope\" itemtype=\"https:\/\/schema.org\/CreativeWork\" ><div class='av-magazine-thumbnail'><a href='http:\/\/www.amormisericordioso.org\/pt\/xiii-capitulo-general-eam-comunicado-n-4\/' title='Link to: XIII Cap\u00edtulo general EAM &#8211; Comunicado n\u00b0 4' class='av-magazine-thumbnail-link '><img loading=\"lazy\" decoding=\"async\" width=\"80\" height=\"80\" src=\"http:\/\/www.amormisericordioso.org\/pt\/wp-content\/uploads\/2022\/02\/XI-CAPITOLO-GENERALE-5-80x80.png\" class=\"wp-image-2819 avia-img-lazy-loading-2819 attachment-thumbnail size-thumbnail wp-post-image\" alt=\"\" srcset=\"http:\/\/www.amormisericordioso.org\/pt\/wp-content\/uploads\/2022\/02\/XI-CAPITOLO-GENERALE-5-80x80.png 80w, http:\/\/www.amormisericordioso.org\/pt\/wp-content\/uploads\/2022\/02\/XI-CAPITOLO-GENERALE-5-300x300.png 300w, http:\/\/www.amormisericordioso.org\/pt\/wp-content\/uploads\/2022\/02\/XI-CAPITOLO-GENERALE-5-1030x1030.png 1030w, http:\/\/www.amormisericordioso.org\/pt\/wp-content\/uploads\/2022\/02\/XI-CAPITOLO-GENERALE-5-768x768.png 768w, http:\/\/www.amormisericordioso.org\/pt\/wp-content\/uploads\/2022\/02\/XI-CAPITOLO-GENERALE-5-36x36.png 36w, http:\/\/www.amormisericordioso.org\/pt\/wp-content\/uploads\/2022\/02\/XI-CAPITOLO-GENERALE-5-180x180.png 180w, http:\/\/www.amormisericordioso.org\/pt\/wp-content\/uploads\/2022\/02\/XI-CAPITOLO-GENERALE-5-705x705.png 705w, http:\/\/www.amormisericordioso.org\/pt\/wp-content\/uploads\/2022\/02\/XI-CAPITOLO-GENERALE-5.png 1080w\" sizes=\"auto, (max-width: 80px) 100vw, 80px\" \/><\/a><\/div><div class='av-magazine-content-wrap'><header class='entry-content-header'><time class='av-magazine-time updated'  itemprop=\"datePublished\" datetime=\"2022-02-17T14:13:28-06:00\" >17 Fevereiro, 2022<\/time><h3 class='av-magazine-title entry-title '  itemprop=\"headline\" ><a href='http:\/\/www.amormisericordioso.org\/pt\/xiii-capitulo-general-eam-comunicado-n-4\/' title='Link to: XIII Cap\u00edtulo general EAM &#8211; Comunicado n\u00b0 4'>XIII Cap\u00edtulo general EAM &#8211; Comunicado n\u00b0 4<\/a><\/h3><\/header><\/div><footer class='entry-footer'><\/footer><\/article><article class='av-magazine-entry av-magazine-entry-id-2830 av-magazine-format-standard av-magazine-type-post av-magazine-entry-5 av-magazine-entry-small '  itemscope=\"itemscope\" itemtype=\"https:\/\/schema.org\/CreativeWork\" ><div class='av-magazine-thumbnail'><a href='http:\/\/www.amormisericordioso.org\/pt\/xiii-capitulo-general-eam-comunicado-n-3\/' title='Link to: XIII Cap\u00edtulo general EAM &#8211; Comunicado n\u00b0 3' class='av-magazine-thumbnail-link '><img loading=\"lazy\" decoding=\"async\" width=\"80\" height=\"80\" src=\"http:\/\/www.amormisericordioso.org\/pt\/wp-content\/uploads\/2022\/02\/XI-CAPITOLO-GENERALE-5-80x80.png\" class=\"wp-image-2819 avia-img-lazy-loading-2819 attachment-thumbnail size-thumbnail wp-post-image\" alt=\"\" srcset=\"http:\/\/www.amormisericordioso.org\/pt\/wp-content\/uploads\/2022\/02\/XI-CAPITOLO-GENERALE-5-80x80.png 80w, http:\/\/www.amormisericordioso.org\/pt\/wp-content\/uploads\/2022\/02\/XI-CAPITOLO-GENERALE-5-300x300.png 300w, http:\/\/www.amormisericordioso.org\/pt\/wp-content\/uploads\/2022\/02\/XI-CAPITOLO-GENERALE-5-1030x1030.png 1030w, http:\/\/www.amormisericordioso.org\/pt\/wp-content\/uploads\/2022\/02\/XI-CAPITOLO-GENERALE-5-768x768.png 768w, http:\/\/www.amormisericordioso.org\/pt\/wp-content\/uploads\/2022\/02\/XI-CAPITOLO-GENERALE-5-36x36.png 36w, http:\/\/www.amormisericordioso.org\/pt\/wp-content\/uploads\/2022\/02\/XI-CAPITOLO-GENERALE-5-180x180.png 180w, http:\/\/www.amormisericordioso.org\/pt\/wp-content\/uploads\/2022\/02\/XI-CAPITOLO-GENERALE-5-705x705.png 705w, http:\/\/www.amormisericordioso.org\/pt\/wp-content\/uploads\/2022\/02\/XI-CAPITOLO-GENERALE-5.png 1080w\" sizes=\"auto, (max-width: 80px) 100vw, 80px\" \/><\/a><\/div><div class='av-magazine-content-wrap'><header class='entry-content-header'><time class='av-magazine-time updated'  itemprop=\"datePublished\" datetime=\"2022-02-17T14:10:53-06:00\" >17 Fevereiro, 2022<\/time><h3 class='av-magazine-title entry-title '  itemprop=\"headline\" ><a href='http:\/\/www.amormisericordioso.org\/pt\/xiii-capitulo-general-eam-comunicado-n-3\/' title='Link to: XIII Cap\u00edtulo general EAM &#8211; Comunicado n\u00b0 3'>XIII Cap\u00edtulo general EAM &#8211; Comunicado n\u00b0 3<\/a><\/h3><\/header><\/div><footer class='entry-footer'><\/footer><\/article><\/div><\/div><br \/>\n<div  class='avia-image-container  av-styling-    avia-builder-el-14  el_after_av_magazine  avia-builder-el-last  avia-align-center '  itemprop=\"image\" itemscope=\"itemscope\" itemtype=\"https:\/\/schema.org\/ImageObject\"  ><div class='avia-image-container-inner'><div class='avia-image-overlay-wrap'><a href='http:\/\/www.amormisericordioso.org\/pt\/multimedia\/' class='avia_image'  ><img class='wp-image-596 avia-img-lazy-loading-not-596 avia_image' src='http:\/\/www.amormisericordioso.org\/pt\/wp-content\/uploads\/2015\/05\/portugues-banner-galeria-secciones.png' alt='' title='portugues-banner-galeria-secciones'  itemprop=\"thumbnailUrl\"  \/><\/a><\/div><\/div><\/div><\/p>\n<\/div><\/div><\/div>\n","protected":false},"excerpt":{"rendered":"","protected":false},"author":1,"featured_media":2432,"parent":475,"menu_order":0,"comment_status":"closed","ping_status":"closed","template":"","meta":{"footnotes":""},"class_list":["post-788","page","type-page","status-publish","has-post-thumbnail","hentry"],"_links":{"self":[{"href":"http:\/\/www.amormisericordioso.org\/pt\/wp-json\/wp\/v2\/pages\/788","targetHints":{"allow":["GET"]}}],"collection":[{"href":"http:\/\/www.amormisericordioso.org\/pt\/wp-json\/wp\/v2\/pages"}],"about":[{"href":"http:\/\/www.amormisericordioso.org\/pt\/wp-json\/wp\/v2\/types\/page"}],"author":[{"embeddable":true,"href":"http:\/\/www.amormisericordioso.org\/pt\/wp-json\/wp\/v2\/users\/1"}],"replies":[{"embeddable":true,"href":"http:\/\/www.amormisericordioso.org\/pt\/wp-json\/wp\/v2\/comments?post=788"}],"version-history":[{"count":2,"href":"http:\/\/www.amormisericordioso.org\/pt\/wp-json\/wp\/v2\/pages\/788\/revisions"}],"predecessor-version":[{"id":2706,"href":"http:\/\/www.amormisericordioso.org\/pt\/wp-json\/wp\/v2\/pages\/788\/revisions\/2706"}],"up":[{"embeddable":true,"href":"http:\/\/www.amormisericordioso.org\/pt\/wp-json\/wp\/v2\/pages\/475"}],"wp:featuredmedia":[{"embeddable":true,"href":"http:\/\/www.amormisericordioso.org\/pt\/wp-json\/wp\/v2\/media\/2432"}],"wp:attachment":[{"href":"http:\/\/www.amormisericordioso.org\/pt\/wp-json\/wp\/v2\/media?parent=788"}],"curies":[{"name":"wp","href":"https:\/\/api.w.org\/{rel}","templated":true}]}}