{"id":776,"date":"2016-04-26T21:53:15","date_gmt":"2016-04-27T03:53:15","guid":{"rendered":"http:\/\/localhost:8888\/amormisericordioso\/?page_id=776"},"modified":"2021-04-20T17:39:36","modified_gmt":"2021-04-20T23:39:36","slug":"a-vida-da-madre-esperanca","status":"publish","type":"page","link":"http:\/\/www.amormisericordioso.org\/pt\/madre-esperanca-de-jesus\/a-vida-da-madre-esperanca\/","title":{"rendered":"A vida da Madre Esperan\u00e7a"},"content":{"rendered":"<div id='av-layout-grid-1'  class='av-layout-grid-container entry-content-wrapper main_color av-flex-cells     avia-builder-el-0  avia-builder-el-no-sibling  container_wrap sidebar_right' style=' '  >\n<div class=\"flex_cell no_margin av_three_fourth  avia-builder-el-1  el_before_av_cell_one_fourth  avia-builder-el-first   \"  style='vertical-align:top; padding:30px; background-color:#ffffff; ' ><div class='flex_cell_inner' ><div class='flex_column_table av-equal-height-column-flextable -flextable' style='margin-top:-60px; margin-bottom:0px; '><div class=\"flex_column av_one_full  no_margin flex_column_table_cell av-equal-height-column av-align-top first  avia-builder-el-2  avia-builder-el-no-sibling  \" style='padding:30px; background-color:#ffffff; border-radius:0px; '><p><div  class='avia-image-container  av-styling-    avia-builder-el-3  el_before_av_heading  avia-builder-el-first  avia-align-center '  itemprop=\"image\" itemscope=\"itemscope\" itemtype=\"https:\/\/schema.org\/ImageObject\"  ><div class='avia-image-container-inner'><div class='avia-image-overlay-wrap'><img class='wp-image-2415 avia-img-lazy-loading-not-2415 avia_image' src='http:\/\/www.amormisericordioso.org\/pt\/wp-content\/uploads\/2016\/04\/a-su-vida-por-original.jpg' alt='' title='a-su-vida por-original' height=\"339\" width=\"624\"  itemprop=\"thumbnailUrl\"  \/><\/div><\/div><\/div><br \/>\n<div  style='padding-bottom:0px; ' class='av-special-heading av-special-heading-h1  blockquote modern-quote  avia-builder-el-4  el_after_av_image  el_before_av_textblock  '><h1 class='av-special-heading-tag '  itemprop=\"headline\"  >A vida da Madre Esperan\u00e7a<\/h1><div class='special-heading-border'><div class='special-heading-inner-border' ><\/div><\/div><\/div><br \/>\n<section class=\"av_textblock_section \"  itemscope=\"itemscope\" itemtype=\"https:\/\/schema.org\/CreativeWork\" ><div class='avia_textblock  '  style='font-size:18px; '  itemprop=\"text\" ><p align=\"justify\">A Madre Esperan\u00e7a de Jesus Alhama Valera nasceu em<b>\u00a0Santomera<\/b>\u00a0(M\u00farcia-Espanha) o dia 30 de setembro de 1893.<\/p>\n<p align=\"justify\">O dia 15 de outubro de 1915 entrou como religiosa no convento das \u201cFilhas do Calv\u00e1rio\u201d em Villena (Espanha). Esta Congrega\u00e7\u00e3o foi agregada ao Instituto das \u201cMission\u00e1rias Claretianas\u201d em 1920.<\/p>\n<p align=\"justify\">Na noite de Natal de 1930, deixou este Instituto para fundar em\u00a0<b>Madri<\/b>, a Congrega\u00e7\u00e3o das Servas do Amor Misericordioso.<\/p>\n<p align=\"justify\">O dia 15 de agosto do ano 1951 fundou, em\u00a0<b>Roma<\/b>, a Congrega\u00e7\u00e3o dos Filhos do Amor Misericordioso.<\/p>\n<p align=\"justify\"><b><u>Consagrou e dedicou toda a sua vida ao Senhor e \u00e0 miss\u00e3o de divulg\u00e1-lo a todas as pessoas, como um Pai bondoso e uma terna M\u00e3e.<\/u><\/b><\/p>\n<p align=\"justify\">Ap\u00f3s uma vida entregue ao servi\u00e7o de Deus, dos sacerdotes e dos mais necessitados, morre em\u00a0<b>Collevalenza <\/b>(It\u00e1lia) o dia 8 de fevereiro de 1983.<\/p>\n<p align=\"justify\">O dia 23 de abril do ano 2002, a Igreja, depois de reconhecer suas virtudes her\u00f3icas, declarou-a Vener\u00e1vel. Em 31 de maio de 2014, ela foi <strong>beatificada<\/strong> no Santu\u00e1rio do Amor Misericordioso, Collevalenza.<\/p>\n<p align=\"justify\">O processo de canoniza\u00e7\u00e3o est\u00e1 seguindo seu curso.<\/p>\n<\/div><\/section><br \/>\n<div  class='avia-button-wrap avia-button-center  avia-builder-el-6  el_after_av_textblock  avia-builder-el-last ' ><a href='http:\/\/www.amormisericordioso.org\/pt\/madre-esperanca-de-jesus\/'  class='avia-button av-icon-on-hover avia-color-theme-color   avia-icon_select-yes-right-icon avia-size-large avia-position-center '   ><span class='avia_iconbox_title' >Saiba Mais Sobre Sua Vida...<\/span><span class='avia_button_icon avia_button_icon_right' aria-hidden='true' data-av_icon='\ue881' data-av_iconfont='entypo-fontello'><\/span><\/a><\/div><\/p><\/div><\/div><!--close column table wrapper. Autoclose: 1 -->\n<\/div><\/div><div class=\"flex_cell no_margin av_one_fourth  avia-builder-el-7  el_after_av_cell_three_fourth  avia-builder-el-last   \"  style='vertical-align:top; padding:30px; background-color:#ffffff; ' ><div class='flex_cell_inner' ><p><div class=\"flex_column av_one_full  flex_column_div av-zero-column-padding first  avia-builder-el-8  el_before_av_hr  avia-builder-el-first  \" style='border-radius:0px; '><p><div  class='avia-image-container  av-styling-    avia-builder-el-9  el_before_av_image  avia-builder-el-first  avia-align-center '  itemprop=\"image\" itemscope=\"itemscope\" itemtype=\"https:\/\/schema.org\/ImageObject\"  ><div class='avia-image-container-inner'><div class='avia-image-overlay-wrap'><a href='http:\/\/www.amormisericordioso.org\/pt\/satuario-de-collevalenza\/' class='avia_image'  ><img class='wp-image-645 avia-img-lazy-loading-not-645 avia_image' src='http:\/\/www.amormisericordioso.org\/pt\/wp-content\/uploads\/2015\/05\/link-santuario-portugues-original.jpg' alt='' title='link-santuario-portugues-original'  itemprop=\"thumbnailUrl\"  \/><\/a><\/div><\/div><\/div><br \/>\n<div  class='avia-image-container  av-styling-    avia-builder-el-10  el_after_av_image  el_before_av_image  avia-align-center '  itemprop=\"image\" itemscope=\"itemscope\" itemtype=\"https:\/\/schema.org\/ImageObject\"  ><div class='avia-image-container-inner'><div class='avia-image-overlay-wrap'><a href='http:\/\/www.amormisericordioso.org\/pt\/madre-esperanca-de-jesus\/beatificada-em-31-de-maio-de-2014\/' class='avia_image'  ><img class='wp-image-1647 avia-img-lazy-loading-not-1647 avia_image' src='http:\/\/www.amormisericordioso.org\/pt\/wp-content\/uploads\/2016\/10\/beatificacion.jpg' alt='' title='beatificacion'  itemprop=\"thumbnailUrl\"  \/><\/a><\/div><\/div><\/div><br \/>\n<div  class='avia-image-container  av-styling-    avia-builder-el-11  el_after_av_image  avia-builder-el-last  avia-align-center '  itemprop=\"image\" itemscope=\"itemscope\" itemtype=\"https:\/\/schema.org\/ImageObject\"  ><div class='avia-image-container-inner'><div class='avia-image-overlay-wrap'><a href='http:\/\/www.amormisericordioso.org\/pt\/familia-do-amor-misericordioso\/ubicacion-en-el-mundo\/' class='avia_image'  ><img class='wp-image-530 avia-img-lazy-loading-not-530 avia_image' src='http:\/\/www.amormisericordioso.org\/pt\/wp-content\/uploads\/2015\/05\/Mapa-en-el-Mundo-FAM-portugues.jpg' alt='' title='Mapa-en-el-Mundo-FAM-portugues'  itemprop=\"thumbnailUrl\"  \/><\/a><\/div><\/div><\/div><\/p><\/div><div   class='hr hr-default   avia-builder-el-12  el_after_av_one_full  el_before_av_heading '><span class='hr-inner ' ><span class='hr-inner-style'><\/span><\/span><\/div><br \/>\n<div  style='padding-bottom:10px; ' class='av-special-heading av-special-heading-h3  blockquote modern-quote  avia-builder-el-13  el_after_av_hr  el_before_av_magazine  '><h3 class='av-special-heading-tag '  itemprop=\"headline\"  >\u00daltimas noticias<\/h3><div class='special-heading-border'><div class='special-heading-inner-border' ><\/div><\/div><\/div><br \/>\n<div  id=\"1\"  class='av-magazine   avia-builder-el-14  el_after_av_heading  el_before_av_image   av-magazine-top-bar-active av-magazine-tabs-active' ><div class='av-magazine-top-bar ' ><\/div><div class='av-magazine-group sort_all'><article class='av-magazine-entry av-magazine-entry-id-2855 av-magazine-format-standard av-magazine-type-post av-magazine-entry-1 av-magazine-entry-small '  itemscope=\"itemscope\" itemtype=\"https:\/\/schema.org\/CreativeWork\" ><div class='av-magazine-thumbnail'><a href='http:\/\/www.amormisericordioso.org\/pt\/1-todo-por-amor-abracando-irmaos-e-irmas-con-paixao-e-misericordia\/' title='Link to: 1. TODO POR AMOR: abra\u00e7ando irm\u00e3os e irm\u00e3s con paix\u00e3o e miseric\u00f2rdia' class='av-magazine-thumbnail-link '><img loading=\"lazy\" decoding=\"async\" width=\"80\" height=\"80\" src=\"http:\/\/www.amormisericordioso.org\/pt\/wp-content\/uploads\/2025\/02\/4-80x80.png\" class=\"wp-image-2858 avia-img-lazy-loading-2858 attachment-thumbnail size-thumbnail wp-post-image\" alt=\"\" srcset=\"http:\/\/www.amormisericordioso.org\/pt\/wp-content\/uploads\/2025\/02\/4-80x80.png 80w, http:\/\/www.amormisericordioso.org\/pt\/wp-content\/uploads\/2025\/02\/4-300x300.png 300w, http:\/\/www.amormisericordioso.org\/pt\/wp-content\/uploads\/2025\/02\/4-1030x1030.png 1030w, http:\/\/www.amormisericordioso.org\/pt\/wp-content\/uploads\/2025\/02\/4-768x768.png 768w, http:\/\/www.amormisericordioso.org\/pt\/wp-content\/uploads\/2025\/02\/4-36x36.png 36w, http:\/\/www.amormisericordioso.org\/pt\/wp-content\/uploads\/2025\/02\/4-180x180.png 180w, http:\/\/www.amormisericordioso.org\/pt\/wp-content\/uploads\/2025\/02\/4-705x705.png 705w, http:\/\/www.amormisericordioso.org\/pt\/wp-content\/uploads\/2025\/02\/4.png 1080w\" sizes=\"auto, (max-width: 80px) 100vw, 80px\" \/><\/a><\/div><div class='av-magazine-content-wrap'><header class='entry-content-header'><time class='av-magazine-time updated'  itemprop=\"datePublished\" datetime=\"2025-02-15T01:23:09-06:00\" >15 Fevereiro, 2025<\/time><h3 class='av-magazine-title entry-title '  itemprop=\"headline\" ><a href='http:\/\/www.amormisericordioso.org\/pt\/1-todo-por-amor-abracando-irmaos-e-irmas-con-paixao-e-misericordia\/' title='Link to: 1. TODO POR AMOR: abra\u00e7ando irm\u00e3os e irm\u00e3s con paix\u00e3o e miseric\u00f2rdia'>1. TODO POR AMOR: abra\u00e7ando irm\u00e3os e irm\u00e3s con paix\u00e3o e miseric\u00f2rdia<\/a><\/h3><\/header><\/div><footer class='entry-footer'><\/footer><\/article><article class='av-magazine-entry av-magazine-entry-id-2844 av-magazine-format-standard av-magazine-type-post av-magazine-entry-2 av-magazine-entry-small '  itemscope=\"itemscope\" itemtype=\"https:\/\/schema.org\/CreativeWork\" ><div class='av-magazine-thumbnail'><a href='http:\/\/www.amormisericordioso.org\/pt\/2844-2\/' title='Link to: XIII Cap\u00ectulo Geral EAM &#8211; Comunicado n\u00b0 6' class='av-magazine-thumbnail-link '><img loading=\"lazy\" decoding=\"async\" width=\"80\" height=\"80\" src=\"http:\/\/www.amormisericordioso.org\/pt\/wp-content\/uploads\/2022\/02\/XI-CAPITOLO-GENERALE-7-80x80.png\" class=\"wp-image-2846 avia-img-lazy-loading-2846 attachment-thumbnail size-thumbnail wp-post-image\" alt=\"\" srcset=\"http:\/\/www.amormisericordioso.org\/pt\/wp-content\/uploads\/2022\/02\/XI-CAPITOLO-GENERALE-7-80x80.png 80w, http:\/\/www.amormisericordioso.org\/pt\/wp-content\/uploads\/2022\/02\/XI-CAPITOLO-GENERALE-7-300x300.png 300w, http:\/\/www.amormisericordioso.org\/pt\/wp-content\/uploads\/2022\/02\/XI-CAPITOLO-GENERALE-7-1030x1030.png 1030w, http:\/\/www.amormisericordioso.org\/pt\/wp-content\/uploads\/2022\/02\/XI-CAPITOLO-GENERALE-7-768x768.png 768w, http:\/\/www.amormisericordioso.org\/pt\/wp-content\/uploads\/2022\/02\/XI-CAPITOLO-GENERALE-7-36x36.png 36w, http:\/\/www.amormisericordioso.org\/pt\/wp-content\/uploads\/2022\/02\/XI-CAPITOLO-GENERALE-7-180x180.png 180w, http:\/\/www.amormisericordioso.org\/pt\/wp-content\/uploads\/2022\/02\/XI-CAPITOLO-GENERALE-7-705x705.png 705w, http:\/\/www.amormisericordioso.org\/pt\/wp-content\/uploads\/2022\/02\/XI-CAPITOLO-GENERALE-7.png 1080w\" sizes=\"auto, (max-width: 80px) 100vw, 80px\" \/><\/a><\/div><div class='av-magazine-content-wrap'><header class='entry-content-header'><time class='av-magazine-time updated'  itemprop=\"datePublished\" datetime=\"2022-02-22T04:54:58-06:00\" >22 Fevereiro, 2022<\/time><h3 class='av-magazine-title entry-title '  itemprop=\"headline\" ><a href='http:\/\/www.amormisericordioso.org\/pt\/2844-2\/' title='Link to: XIII Cap\u00ectulo Geral EAM &#8211; Comunicado n\u00b0 6'>XIII Cap\u00ectulo Geral EAM &#8211; Comunicado n\u00b0 6<\/a><\/h3><\/header><\/div><footer class='entry-footer'><\/footer><\/article><article class='av-magazine-entry av-magazine-entry-id-2840 av-magazine-format-standard av-magazine-type-post av-magazine-entry-3 av-magazine-entry-small '  itemscope=\"itemscope\" itemtype=\"https:\/\/schema.org\/CreativeWork\" ><div class='av-magazine-thumbnail'><a href='http:\/\/www.amormisericordioso.org\/pt\/xiii-capitulo-general-eam-comunicado-n-5\/' title='Link to: XIII Cap\u00edtulo General EAM &#8211; Comunicado n\u00b0 5' class='av-magazine-thumbnail-link '><img loading=\"lazy\" decoding=\"async\" width=\"80\" height=\"80\" src=\"http:\/\/www.amormisericordioso.org\/pt\/wp-content\/uploads\/2022\/02\/XI-CAPITOLO-GENERALE-5-80x80.png\" class=\"wp-image-2819 avia-img-lazy-loading-2819 attachment-thumbnail size-thumbnail wp-post-image\" alt=\"\" srcset=\"http:\/\/www.amormisericordioso.org\/pt\/wp-content\/uploads\/2022\/02\/XI-CAPITOLO-GENERALE-5-80x80.png 80w, http:\/\/www.amormisericordioso.org\/pt\/wp-content\/uploads\/2022\/02\/XI-CAPITOLO-GENERALE-5-300x300.png 300w, http:\/\/www.amormisericordioso.org\/pt\/wp-content\/uploads\/2022\/02\/XI-CAPITOLO-GENERALE-5-1030x1030.png 1030w, http:\/\/www.amormisericordioso.org\/pt\/wp-content\/uploads\/2022\/02\/XI-CAPITOLO-GENERALE-5-768x768.png 768w, http:\/\/www.amormisericordioso.org\/pt\/wp-content\/uploads\/2022\/02\/XI-CAPITOLO-GENERALE-5-36x36.png 36w, http:\/\/www.amormisericordioso.org\/pt\/wp-content\/uploads\/2022\/02\/XI-CAPITOLO-GENERALE-5-180x180.png 180w, http:\/\/www.amormisericordioso.org\/pt\/wp-content\/uploads\/2022\/02\/XI-CAPITOLO-GENERALE-5-705x705.png 705w, http:\/\/www.amormisericordioso.org\/pt\/wp-content\/uploads\/2022\/02\/XI-CAPITOLO-GENERALE-5.png 1080w\" sizes=\"auto, (max-width: 80px) 100vw, 80px\" \/><\/a><\/div><div class='av-magazine-content-wrap'><header class='entry-content-header'><time class='av-magazine-time updated'  itemprop=\"datePublished\" datetime=\"2022-02-21T09:34:10-06:00\" >21 Fevereiro, 2022<\/time><h3 class='av-magazine-title entry-title '  itemprop=\"headline\" ><a href='http:\/\/www.amormisericordioso.org\/pt\/xiii-capitulo-general-eam-comunicado-n-5\/' title='Link to: XIII Cap\u00edtulo General EAM &#8211; Comunicado n\u00b0 5'>XIII Cap\u00edtulo General EAM &#8211; Comunicado n\u00b0 5<\/a><\/h3><\/header><\/div><footer class='entry-footer'><\/footer><\/article><article class='av-magazine-entry av-magazine-entry-id-2838 av-magazine-format-standard av-magazine-type-post av-magazine-entry-4 av-magazine-entry-small '  itemscope=\"itemscope\" itemtype=\"https:\/\/schema.org\/CreativeWork\" ><div class='av-magazine-thumbnail'><a href='http:\/\/www.amormisericordioso.org\/pt\/xiii-capitulo-general-eam-comunicado-n-4\/' title='Link to: XIII Cap\u00edtulo general EAM &#8211; Comunicado n\u00b0 4' class='av-magazine-thumbnail-link '><img loading=\"lazy\" decoding=\"async\" width=\"80\" height=\"80\" src=\"http:\/\/www.amormisericordioso.org\/pt\/wp-content\/uploads\/2022\/02\/XI-CAPITOLO-GENERALE-5-80x80.png\" class=\"wp-image-2819 avia-img-lazy-loading-2819 attachment-thumbnail size-thumbnail wp-post-image\" alt=\"\" srcset=\"http:\/\/www.amormisericordioso.org\/pt\/wp-content\/uploads\/2022\/02\/XI-CAPITOLO-GENERALE-5-80x80.png 80w, http:\/\/www.amormisericordioso.org\/pt\/wp-content\/uploads\/2022\/02\/XI-CAPITOLO-GENERALE-5-300x300.png 300w, http:\/\/www.amormisericordioso.org\/pt\/wp-content\/uploads\/2022\/02\/XI-CAPITOLO-GENERALE-5-1030x1030.png 1030w, http:\/\/www.amormisericordioso.org\/pt\/wp-content\/uploads\/2022\/02\/XI-CAPITOLO-GENERALE-5-768x768.png 768w, http:\/\/www.amormisericordioso.org\/pt\/wp-content\/uploads\/2022\/02\/XI-CAPITOLO-GENERALE-5-36x36.png 36w, http:\/\/www.amormisericordioso.org\/pt\/wp-content\/uploads\/2022\/02\/XI-CAPITOLO-GENERALE-5-180x180.png 180w, http:\/\/www.amormisericordioso.org\/pt\/wp-content\/uploads\/2022\/02\/XI-CAPITOLO-GENERALE-5-705x705.png 705w, http:\/\/www.amormisericordioso.org\/pt\/wp-content\/uploads\/2022\/02\/XI-CAPITOLO-GENERALE-5.png 1080w\" sizes=\"auto, (max-width: 80px) 100vw, 80px\" \/><\/a><\/div><div class='av-magazine-content-wrap'><header class='entry-content-header'><time class='av-magazine-time updated'  itemprop=\"datePublished\" datetime=\"2022-02-17T14:13:28-06:00\" >17 Fevereiro, 2022<\/time><h3 class='av-magazine-title entry-title '  itemprop=\"headline\" ><a href='http:\/\/www.amormisericordioso.org\/pt\/xiii-capitulo-general-eam-comunicado-n-4\/' title='Link to: XIII Cap\u00edtulo general EAM &#8211; Comunicado n\u00b0 4'>XIII Cap\u00edtulo general EAM &#8211; Comunicado n\u00b0 4<\/a><\/h3><\/header><\/div><footer class='entry-footer'><\/footer><\/article><article class='av-magazine-entry av-magazine-entry-id-2830 av-magazine-format-standard av-magazine-type-post av-magazine-entry-5 av-magazine-entry-small '  itemscope=\"itemscope\" itemtype=\"https:\/\/schema.org\/CreativeWork\" ><div class='av-magazine-thumbnail'><a href='http:\/\/www.amormisericordioso.org\/pt\/xiii-capitulo-general-eam-comunicado-n-3\/' title='Link to: XIII Cap\u00edtulo general EAM &#8211; Comunicado n\u00b0 3' class='av-magazine-thumbnail-link '><img loading=\"lazy\" decoding=\"async\" width=\"80\" height=\"80\" src=\"http:\/\/www.amormisericordioso.org\/pt\/wp-content\/uploads\/2022\/02\/XI-CAPITOLO-GENERALE-5-80x80.png\" class=\"wp-image-2819 avia-img-lazy-loading-2819 attachment-thumbnail size-thumbnail wp-post-image\" alt=\"\" srcset=\"http:\/\/www.amormisericordioso.org\/pt\/wp-content\/uploads\/2022\/02\/XI-CAPITOLO-GENERALE-5-80x80.png 80w, http:\/\/www.amormisericordioso.org\/pt\/wp-content\/uploads\/2022\/02\/XI-CAPITOLO-GENERALE-5-300x300.png 300w, http:\/\/www.amormisericordioso.org\/pt\/wp-content\/uploads\/2022\/02\/XI-CAPITOLO-GENERALE-5-1030x1030.png 1030w, http:\/\/www.amormisericordioso.org\/pt\/wp-content\/uploads\/2022\/02\/XI-CAPITOLO-GENERALE-5-768x768.png 768w, http:\/\/www.amormisericordioso.org\/pt\/wp-content\/uploads\/2022\/02\/XI-CAPITOLO-GENERALE-5-36x36.png 36w, http:\/\/www.amormisericordioso.org\/pt\/wp-content\/uploads\/2022\/02\/XI-CAPITOLO-GENERALE-5-180x180.png 180w, http:\/\/www.amormisericordioso.org\/pt\/wp-content\/uploads\/2022\/02\/XI-CAPITOLO-GENERALE-5-705x705.png 705w, http:\/\/www.amormisericordioso.org\/pt\/wp-content\/uploads\/2022\/02\/XI-CAPITOLO-GENERALE-5.png 1080w\" sizes=\"auto, (max-width: 80px) 100vw, 80px\" \/><\/a><\/div><div class='av-magazine-content-wrap'><header class='entry-content-header'><time class='av-magazine-time updated'  itemprop=\"datePublished\" datetime=\"2022-02-17T14:10:53-06:00\" >17 Fevereiro, 2022<\/time><h3 class='av-magazine-title entry-title '  itemprop=\"headline\" ><a href='http:\/\/www.amormisericordioso.org\/pt\/xiii-capitulo-general-eam-comunicado-n-3\/' title='Link to: XIII Cap\u00edtulo general EAM &#8211; Comunicado n\u00b0 3'>XIII Cap\u00edtulo general EAM &#8211; Comunicado n\u00b0 3<\/a><\/h3><\/header><\/div><footer class='entry-footer'><\/footer><\/article><\/div><\/div><br \/>\n<div  class='avia-image-container  av-styling-    avia-builder-el-15  el_after_av_magazine  avia-builder-el-last  avia-align-center '  itemprop=\"image\" itemscope=\"itemscope\" itemtype=\"https:\/\/schema.org\/ImageObject\"  ><div class='avia-image-container-inner'><div class='avia-image-overlay-wrap'><a href='http:\/\/www.amormisericordioso.org\/pt\/multimedia\/' class='avia_image'  ><img class='wp-image-596 avia-img-lazy-loading-not-596 avia_image' src='http:\/\/www.amormisericordioso.org\/pt\/wp-content\/uploads\/2015\/05\/portugues-banner-galeria-secciones.png' alt='' title='portugues-banner-galeria-secciones'  itemprop=\"thumbnailUrl\"  \/><\/a><\/div><\/div><\/div><\/p>\n<\/div><\/div><\/div>\n","protected":false},"excerpt":{"rendered":"","protected":false},"author":1,"featured_media":2415,"parent":475,"menu_order":0,"comment_status":"closed","ping_status":"closed","template":"","meta":{"footnotes":""},"class_list":["post-776","page","type-page","status-publish","has-post-thumbnail","hentry"],"_links":{"self":[{"href":"http:\/\/www.amormisericordioso.org\/pt\/wp-json\/wp\/v2\/pages\/776","targetHints":{"allow":["GET"]}}],"collection":[{"href":"http:\/\/www.amormisericordioso.org\/pt\/wp-json\/wp\/v2\/pages"}],"about":[{"href":"http:\/\/www.amormisericordioso.org\/pt\/wp-json\/wp\/v2\/types\/page"}],"author":[{"embeddable":true,"href":"http:\/\/www.amormisericordioso.org\/pt\/wp-json\/wp\/v2\/users\/1"}],"replies":[{"embeddable":true,"href":"http:\/\/www.amormisericordioso.org\/pt\/wp-json\/wp\/v2\/comments?post=776"}],"version-history":[{"count":4,"href":"http:\/\/www.amormisericordioso.org\/pt\/wp-json\/wp\/v2\/pages\/776\/revisions"}],"predecessor-version":[{"id":2742,"href":"http:\/\/www.amormisericordioso.org\/pt\/wp-json\/wp\/v2\/pages\/776\/revisions\/2742"}],"up":[{"embeddable":true,"href":"http:\/\/www.amormisericordioso.org\/pt\/wp-json\/wp\/v2\/pages\/475"}],"wp:featuredmedia":[{"embeddable":true,"href":"http:\/\/www.amormisericordioso.org\/pt\/wp-json\/wp\/v2\/media\/2415"}],"wp:attachment":[{"href":"http:\/\/www.amormisericordioso.org\/pt\/wp-json\/wp\/v2\/media?parent=776"}],"curies":[{"name":"wp","href":"https:\/\/api.w.org\/{rel}","templated":true}]}}