{"id":722,"date":"2016-04-26T07:56:25","date_gmt":"2016-04-26T13:56:25","guid":{"rendered":"http:\/\/localhost:8888\/amormisericordioso\/?page_id=722"},"modified":"2021-04-21T15:02:57","modified_gmt":"2021-04-21T21:02:57","slug":"sao-jose","status":"publish","type":"page","link":"http:\/\/www.amormisericordioso.org\/pt\/familia-do-amor-misericordioso\/sao-jose\/","title":{"rendered":"S\u00e3o Jos\u00e9"},"content":{"rendered":"<div id='av-layout-grid-1'  class='av-layout-grid-container entry-content-wrapper main_color av-flex-cells     avia-builder-el-0  avia-builder-el-no-sibling  container_wrap sidebar_right' style=' '  >\n<div class=\"flex_cell no_margin av_three_fourth  avia-builder-el-1  el_before_av_cell_one_fourth  avia-builder-el-first   \"  style='vertical-align:top; padding:30px; background-color:#ffffff; ' ><div class='flex_cell_inner' ><div class='flex_column_table av-equal-height-column-flextable -flextable' style='margin-top:-60px; margin-bottom:0px; '><div class=\"flex_column av_one_full  no_margin flex_column_table_cell av-equal-height-column av-align-top first  avia-builder-el-2  avia-builder-el-no-sibling  \" style='padding:30px; background-color:#ffffff; border-radius:0px; '><p><div  class='avia-image-container  av-styling-    avia-builder-el-3  el_before_av_heading  avia-builder-el-first  avia-align-center '  itemprop=\"image\" itemscope=\"itemscope\" itemtype=\"https:\/\/schema.org\/ImageObject\"  ><div class='avia-image-container-inner'><div class='avia-image-overlay-wrap'><img class='wp-image-2405 avia-img-lazy-loading-not-2405 avia_image' src='http:\/\/www.amormisericordioso.org\/pt\/wp-content\/uploads\/2016\/04\/h-1-san-jose-original-1.jpg' alt='' title='h-1-san-jose-original' height=\"339\" width=\"624\"  itemprop=\"thumbnailUrl\"  \/><\/div><\/div><\/div><br \/>\n<div  style='padding-bottom:0px; ' class='av-special-heading av-special-heading-h1  blockquote modern-quote  avia-builder-el-4  el_after_av_image  el_before_av_textblock  '><h1 class='av-special-heading-tag '  itemprop=\"headline\"  > S\u00e3o Jos\u00e9<\/h1><div class='special-heading-border'><div class='special-heading-inner-border' ><\/div><\/div><\/div><br \/>\n<section class=\"av_textblock_section \"  itemscope=\"itemscope\" itemtype=\"https:\/\/schema.org\/CreativeWork\" ><div class='avia_textblock  '  style='font-size:18px; '  itemprop=\"text\" ><p align=\"justify\">\u201cJos\u00e9, filho de Davi\u201d, assim o chama o anjo. O fato de destaque da vida deste\u00a0<b>homem \u201cjusto\u201d<\/b>\u00a0\u00e9 a matrim\u00f4nio com Maria. A tradi\u00e7\u00e3o popular imagina S\u00e3o Jos\u00e9 em competi\u00e7\u00e3o com outros jovens aspirantes \u00e0 m\u00e3o de Maria. A escolha caiu sobre ele porque, sempre segundo a tradi\u00e7\u00e3o, o bast\u00e3o que tinha floriu prodigiosamente e os dois outros ficou seco. A simp\u00e1tica lenda tem um significado m\u00edstico: do tronco seco do Antigo Testamento refloriu a gra\u00e7a sob o novo sol da reden\u00e7\u00e3o.<\/p>\n<p align=\"justify\">O matrim\u00f4nio de Jos\u00e9 com Maria foi um verdadeiro matrim\u00f4nio, apesar de virginal. Pouco depois do compromisso, ao perceber os sinais da gravidez de Maria, sem duvidar da integridade dela, pensou em \u201crepudi\u00e1-la em segredo\u201d. Sendo \u201chomem justo\u201d, acrescenta o adjetivo usado nesta dram\u00e1tica situa\u00e7\u00e3o \u00e9 como o rel\u00e2mpago deslumbrador que ilumina toda a figura do santo, n\u00e3o quis admitir suspeitas, por\u00e9m tampouco confirmar com sua presen\u00e7a um fato inexplic\u00e1vel. A palavra do anjo esclarece o angustioso dilema. Assim ele\u00a0<b>\u201ctomou consigo a sua esposa\u201d<\/b>\u00a0e com ele foi a Bel\u00e9m para o censo e ali o Verbo eterno apareceu neste mundo, homenageado pelos humildes pastores e dos s\u00e1bios e ricos magos; por\u00e9m tamb\u00e9m pela hostilidade de Herodes que obrigou a Sagrada Fam\u00edlia a fugir para o Egito. Depois regressaram \u00e0 tranq\u00fcilidade de Nazar\u00e9, at\u00e9 os doze anos, quando houve o par\u00eantese da perda e o encontro de Jesus no templo.<\/p>\n<p align=\"justify\">Depois deste epis\u00f3dio o Evangelho parece despedir-se de Jos\u00e9 com uma sugestiva imagem da Sagrada Fam\u00edlia: Jesus obedecia a Maria e a Jos\u00e9 e crescia, debaixo de seu olhar \u201cem sabedoria, em estatura e em gra\u00e7a\u201d. S\u00e3o Jos\u00e9 viveu\u00a0<b>em humildade<\/b>\u00a0o extraordin\u00e1rio privil\u00e9gio de ser o pai adotivo de Jesus, e provavelmente morreu antes do come\u00e7o da vida p\u00fablica do Redentor.<\/p>\n<p align=\"justify\">Sua imagem permaneceu na sombra mesmo depois da morte. Seu culto de fato come\u00e7ou s\u00f3 durante o s\u00e9culo IX. Em 1621 Greg\u00f3rio V declarou o dia 19 de mar\u00e7o \u201cFesta de Preceito\u201d (celebra\u00e7\u00e3o que se manteve at\u00e9 a reforma lit\u00fargica do Vaticano II) e Pio IX proclamou\u00a0 S\u00e3o Jos\u00e9\u00a0<b>Patrono da\u00a0 Igreja universal<\/b>. A \u00faltima homenagem lhe foi tributada por Jo\u00e3o XXIII que introduziu seu nome no c\u00e2non\u00a0 da Missa.<\/p>\n<\/div><\/section><\/p><\/div><\/div><!--close column table wrapper. Autoclose: 1 -->\n<\/div><\/div><div class=\"flex_cell no_margin av_one_fourth  avia-builder-el-6  el_after_av_cell_three_fourth  avia-builder-el-last   \"  style='vertical-align:top; padding:30px; background-color:#ffffff; ' ><div class='flex_cell_inner' ><p><div class=\"flex_column av_one_full  flex_column_div av-zero-column-padding first  avia-builder-el-7  el_before_av_hr  avia-builder-el-first  \" style='border-radius:0px; '><p><div  class='avia-image-container  av-styling-    avia-builder-el-8  el_before_av_image  avia-builder-el-first  avia-align-center '  itemprop=\"image\" itemscope=\"itemscope\" itemtype=\"https:\/\/schema.org\/ImageObject\"  ><div class='avia-image-container-inner'><div class='avia-image-overlay-wrap'><a href='http:\/\/www.amormisericordioso.org\/pt\/madre-esperanca-de-jesus\/' class='avia_image'  ><img class='wp-image-764 avia-img-lazy-loading-not-764 avia_image' src='http:\/\/www.amormisericordioso.org\/pt\/wp-content\/uploads\/2015\/10\/9con-los-brazos-abiertos-original.jpg' alt='' title='9con-los-brazos-abiertos-original'  itemprop=\"thumbnailUrl\"  \/><\/a><\/div><\/div><\/div><br \/>\n<div  class='avia-image-container  av-styling-    avia-builder-el-9  el_after_av_image  el_before_av_image  avia-align-center '  itemprop=\"image\" itemscope=\"itemscope\" itemtype=\"https:\/\/schema.org\/ImageObject\"  ><div class='avia-image-container-inner'><div class='avia-image-overlay-wrap'><a href='http:\/\/www.amormisericordioso.org\/pt\/satuario-de-collevalenza\/' class='avia_image'  ><img class='wp-image-645 avia-img-lazy-loading-not-645 avia_image' src='http:\/\/www.amormisericordioso.org\/pt\/wp-content\/uploads\/2015\/05\/link-santuario-portugues-original.jpg' alt='' title='link-santuario-portugues-original'  itemprop=\"thumbnailUrl\"  \/><\/a><\/div><\/div><\/div><br \/>\n<div  class='avia-image-container  av-styling-    avia-builder-el-10  el_after_av_image  avia-builder-el-last  avia-align-center '  itemprop=\"image\" itemscope=\"itemscope\" itemtype=\"https:\/\/schema.org\/ImageObject\"  ><div class='avia-image-container-inner'><div class='avia-image-overlay-wrap'><a href='http:\/\/www.amormisericordioso.org\/pt\/familia-do-amor-misericordioso\/ubicacion-en-el-mundo\/' class='avia_image'  ><img class='wp-image-530 avia-img-lazy-loading-not-530 avia_image' src='http:\/\/www.amormisericordioso.org\/pt\/wp-content\/uploads\/2015\/05\/Mapa-en-el-Mundo-FAM-portugues.jpg' alt='' title='Mapa-en-el-Mundo-FAM-portugues'  itemprop=\"thumbnailUrl\"  \/><\/a><\/div><\/div><\/div><\/p><\/div><div   class='hr hr-default   avia-builder-el-11  el_after_av_one_full  el_before_av_heading '><span class='hr-inner ' ><span class='hr-inner-style'><\/span><\/span><\/div><br \/>\n<div  style='padding-bottom:10px; ' class='av-special-heading av-special-heading-h3  blockquote modern-quote  avia-builder-el-12  el_after_av_hr  el_before_av_magazine  '><h3 class='av-special-heading-tag '  itemprop=\"headline\"  >\u00daltimas noticias<\/h3><div class='special-heading-border'><div class='special-heading-inner-border' ><\/div><\/div><\/div><br \/>\n<div  id=\"1\"  class='av-magazine   avia-builder-el-13  el_after_av_heading  el_before_av_image   av-magazine-top-bar-active av-magazine-tabs-active' ><div class='av-magazine-top-bar ' ><\/div><div class='av-magazine-group sort_all'><article class='av-magazine-entry av-magazine-entry-id-2855 av-magazine-format-standard av-magazine-type-post av-magazine-entry-1 av-magazine-entry-small '  itemscope=\"itemscope\" itemtype=\"https:\/\/schema.org\/CreativeWork\" ><div class='av-magazine-thumbnail'><a href='http:\/\/www.amormisericordioso.org\/pt\/1-todo-por-amor-abracando-irmaos-e-irmas-con-paixao-e-misericordia\/' title='Link to: 1. TODO POR AMOR: abra\u00e7ando irm\u00e3os e irm\u00e3s con paix\u00e3o e miseric\u00f2rdia' class='av-magazine-thumbnail-link '><img loading=\"lazy\" decoding=\"async\" width=\"80\" height=\"80\" src=\"http:\/\/www.amormisericordioso.org\/pt\/wp-content\/uploads\/2025\/02\/4-80x80.png\" class=\"wp-image-2858 avia-img-lazy-loading-2858 attachment-thumbnail size-thumbnail wp-post-image\" alt=\"\" srcset=\"http:\/\/www.amormisericordioso.org\/pt\/wp-content\/uploads\/2025\/02\/4-80x80.png 80w, http:\/\/www.amormisericordioso.org\/pt\/wp-content\/uploads\/2025\/02\/4-300x300.png 300w, http:\/\/www.amormisericordioso.org\/pt\/wp-content\/uploads\/2025\/02\/4-1030x1030.png 1030w, http:\/\/www.amormisericordioso.org\/pt\/wp-content\/uploads\/2025\/02\/4-768x768.png 768w, http:\/\/www.amormisericordioso.org\/pt\/wp-content\/uploads\/2025\/02\/4-36x36.png 36w, http:\/\/www.amormisericordioso.org\/pt\/wp-content\/uploads\/2025\/02\/4-180x180.png 180w, http:\/\/www.amormisericordioso.org\/pt\/wp-content\/uploads\/2025\/02\/4-705x705.png 705w, http:\/\/www.amormisericordioso.org\/pt\/wp-content\/uploads\/2025\/02\/4.png 1080w\" sizes=\"auto, (max-width: 80px) 100vw, 80px\" \/><\/a><\/div><div class='av-magazine-content-wrap'><header class='entry-content-header'><time class='av-magazine-time updated'  itemprop=\"datePublished\" datetime=\"2025-02-15T01:23:09-06:00\" >15 Fevereiro, 2025<\/time><h3 class='av-magazine-title entry-title '  itemprop=\"headline\" ><a href='http:\/\/www.amormisericordioso.org\/pt\/1-todo-por-amor-abracando-irmaos-e-irmas-con-paixao-e-misericordia\/' title='Link to: 1. TODO POR AMOR: abra\u00e7ando irm\u00e3os e irm\u00e3s con paix\u00e3o e miseric\u00f2rdia'>1. TODO POR AMOR: abra\u00e7ando irm\u00e3os e irm\u00e3s con paix\u00e3o e miseric\u00f2rdia<\/a><\/h3><\/header><\/div><footer class='entry-footer'><\/footer><\/article><article class='av-magazine-entry av-magazine-entry-id-2844 av-magazine-format-standard av-magazine-type-post av-magazine-entry-2 av-magazine-entry-small '  itemscope=\"itemscope\" itemtype=\"https:\/\/schema.org\/CreativeWork\" ><div class='av-magazine-thumbnail'><a href='http:\/\/www.amormisericordioso.org\/pt\/2844-2\/' title='Link to: XIII Cap\u00ectulo Geral EAM &#8211; Comunicado n\u00b0 6' class='av-magazine-thumbnail-link '><img loading=\"lazy\" decoding=\"async\" width=\"80\" height=\"80\" src=\"http:\/\/www.amormisericordioso.org\/pt\/wp-content\/uploads\/2022\/02\/XI-CAPITOLO-GENERALE-7-80x80.png\" class=\"wp-image-2846 avia-img-lazy-loading-2846 attachment-thumbnail size-thumbnail wp-post-image\" alt=\"\" srcset=\"http:\/\/www.amormisericordioso.org\/pt\/wp-content\/uploads\/2022\/02\/XI-CAPITOLO-GENERALE-7-80x80.png 80w, http:\/\/www.amormisericordioso.org\/pt\/wp-content\/uploads\/2022\/02\/XI-CAPITOLO-GENERALE-7-300x300.png 300w, http:\/\/www.amormisericordioso.org\/pt\/wp-content\/uploads\/2022\/02\/XI-CAPITOLO-GENERALE-7-1030x1030.png 1030w, http:\/\/www.amormisericordioso.org\/pt\/wp-content\/uploads\/2022\/02\/XI-CAPITOLO-GENERALE-7-768x768.png 768w, http:\/\/www.amormisericordioso.org\/pt\/wp-content\/uploads\/2022\/02\/XI-CAPITOLO-GENERALE-7-36x36.png 36w, http:\/\/www.amormisericordioso.org\/pt\/wp-content\/uploads\/2022\/02\/XI-CAPITOLO-GENERALE-7-180x180.png 180w, http:\/\/www.amormisericordioso.org\/pt\/wp-content\/uploads\/2022\/02\/XI-CAPITOLO-GENERALE-7-705x705.png 705w, http:\/\/www.amormisericordioso.org\/pt\/wp-content\/uploads\/2022\/02\/XI-CAPITOLO-GENERALE-7.png 1080w\" sizes=\"auto, (max-width: 80px) 100vw, 80px\" \/><\/a><\/div><div class='av-magazine-content-wrap'><header class='entry-content-header'><time class='av-magazine-time updated'  itemprop=\"datePublished\" datetime=\"2022-02-22T04:54:58-06:00\" >22 Fevereiro, 2022<\/time><h3 class='av-magazine-title entry-title '  itemprop=\"headline\" ><a href='http:\/\/www.amormisericordioso.org\/pt\/2844-2\/' title='Link to: XIII Cap\u00ectulo Geral EAM &#8211; Comunicado n\u00b0 6'>XIII Cap\u00ectulo Geral EAM &#8211; Comunicado n\u00b0 6<\/a><\/h3><\/header><\/div><footer class='entry-footer'><\/footer><\/article><article class='av-magazine-entry av-magazine-entry-id-2840 av-magazine-format-standard av-magazine-type-post av-magazine-entry-3 av-magazine-entry-small '  itemscope=\"itemscope\" itemtype=\"https:\/\/schema.org\/CreativeWork\" ><div class='av-magazine-thumbnail'><a href='http:\/\/www.amormisericordioso.org\/pt\/xiii-capitulo-general-eam-comunicado-n-5\/' title='Link to: XIII Cap\u00edtulo General EAM &#8211; Comunicado n\u00b0 5' class='av-magazine-thumbnail-link '><img loading=\"lazy\" decoding=\"async\" width=\"80\" height=\"80\" src=\"http:\/\/www.amormisericordioso.org\/pt\/wp-content\/uploads\/2022\/02\/XI-CAPITOLO-GENERALE-5-80x80.png\" class=\"wp-image-2819 avia-img-lazy-loading-2819 attachment-thumbnail size-thumbnail wp-post-image\" alt=\"\" srcset=\"http:\/\/www.amormisericordioso.org\/pt\/wp-content\/uploads\/2022\/02\/XI-CAPITOLO-GENERALE-5-80x80.png 80w, http:\/\/www.amormisericordioso.org\/pt\/wp-content\/uploads\/2022\/02\/XI-CAPITOLO-GENERALE-5-300x300.png 300w, http:\/\/www.amormisericordioso.org\/pt\/wp-content\/uploads\/2022\/02\/XI-CAPITOLO-GENERALE-5-1030x1030.png 1030w, http:\/\/www.amormisericordioso.org\/pt\/wp-content\/uploads\/2022\/02\/XI-CAPITOLO-GENERALE-5-768x768.png 768w, http:\/\/www.amormisericordioso.org\/pt\/wp-content\/uploads\/2022\/02\/XI-CAPITOLO-GENERALE-5-36x36.png 36w, http:\/\/www.amormisericordioso.org\/pt\/wp-content\/uploads\/2022\/02\/XI-CAPITOLO-GENERALE-5-180x180.png 180w, http:\/\/www.amormisericordioso.org\/pt\/wp-content\/uploads\/2022\/02\/XI-CAPITOLO-GENERALE-5-705x705.png 705w, http:\/\/www.amormisericordioso.org\/pt\/wp-content\/uploads\/2022\/02\/XI-CAPITOLO-GENERALE-5.png 1080w\" sizes=\"auto, (max-width: 80px) 100vw, 80px\" \/><\/a><\/div><div class='av-magazine-content-wrap'><header class='entry-content-header'><time class='av-magazine-time updated'  itemprop=\"datePublished\" datetime=\"2022-02-21T09:34:10-06:00\" >21 Fevereiro, 2022<\/time><h3 class='av-magazine-title entry-title '  itemprop=\"headline\" ><a href='http:\/\/www.amormisericordioso.org\/pt\/xiii-capitulo-general-eam-comunicado-n-5\/' title='Link to: XIII Cap\u00edtulo General EAM &#8211; Comunicado n\u00b0 5'>XIII Cap\u00edtulo General EAM &#8211; Comunicado n\u00b0 5<\/a><\/h3><\/header><\/div><footer class='entry-footer'><\/footer><\/article><article class='av-magazine-entry av-magazine-entry-id-2838 av-magazine-format-standard av-magazine-type-post av-magazine-entry-4 av-magazine-entry-small '  itemscope=\"itemscope\" itemtype=\"https:\/\/schema.org\/CreativeWork\" ><div class='av-magazine-thumbnail'><a href='http:\/\/www.amormisericordioso.org\/pt\/xiii-capitulo-general-eam-comunicado-n-4\/' title='Link to: XIII Cap\u00edtulo general EAM &#8211; Comunicado n\u00b0 4' class='av-magazine-thumbnail-link '><img loading=\"lazy\" decoding=\"async\" width=\"80\" height=\"80\" src=\"http:\/\/www.amormisericordioso.org\/pt\/wp-content\/uploads\/2022\/02\/XI-CAPITOLO-GENERALE-5-80x80.png\" class=\"wp-image-2819 avia-img-lazy-loading-2819 attachment-thumbnail size-thumbnail wp-post-image\" alt=\"\" srcset=\"http:\/\/www.amormisericordioso.org\/pt\/wp-content\/uploads\/2022\/02\/XI-CAPITOLO-GENERALE-5-80x80.png 80w, http:\/\/www.amormisericordioso.org\/pt\/wp-content\/uploads\/2022\/02\/XI-CAPITOLO-GENERALE-5-300x300.png 300w, http:\/\/www.amormisericordioso.org\/pt\/wp-content\/uploads\/2022\/02\/XI-CAPITOLO-GENERALE-5-1030x1030.png 1030w, http:\/\/www.amormisericordioso.org\/pt\/wp-content\/uploads\/2022\/02\/XI-CAPITOLO-GENERALE-5-768x768.png 768w, http:\/\/www.amormisericordioso.org\/pt\/wp-content\/uploads\/2022\/02\/XI-CAPITOLO-GENERALE-5-36x36.png 36w, http:\/\/www.amormisericordioso.org\/pt\/wp-content\/uploads\/2022\/02\/XI-CAPITOLO-GENERALE-5-180x180.png 180w, http:\/\/www.amormisericordioso.org\/pt\/wp-content\/uploads\/2022\/02\/XI-CAPITOLO-GENERALE-5-705x705.png 705w, http:\/\/www.amormisericordioso.org\/pt\/wp-content\/uploads\/2022\/02\/XI-CAPITOLO-GENERALE-5.png 1080w\" sizes=\"auto, (max-width: 80px) 100vw, 80px\" \/><\/a><\/div><div class='av-magazine-content-wrap'><header class='entry-content-header'><time class='av-magazine-time updated'  itemprop=\"datePublished\" datetime=\"2022-02-17T14:13:28-06:00\" >17 Fevereiro, 2022<\/time><h3 class='av-magazine-title entry-title '  itemprop=\"headline\" ><a href='http:\/\/www.amormisericordioso.org\/pt\/xiii-capitulo-general-eam-comunicado-n-4\/' title='Link to: XIII Cap\u00edtulo general EAM &#8211; Comunicado n\u00b0 4'>XIII Cap\u00edtulo general EAM &#8211; Comunicado n\u00b0 4<\/a><\/h3><\/header><\/div><footer class='entry-footer'><\/footer><\/article><article class='av-magazine-entry av-magazine-entry-id-2830 av-magazine-format-standard av-magazine-type-post av-magazine-entry-5 av-magazine-entry-small '  itemscope=\"itemscope\" itemtype=\"https:\/\/schema.org\/CreativeWork\" ><div class='av-magazine-thumbnail'><a href='http:\/\/www.amormisericordioso.org\/pt\/xiii-capitulo-general-eam-comunicado-n-3\/' title='Link to: XIII Cap\u00edtulo general EAM &#8211; Comunicado n\u00b0 3' class='av-magazine-thumbnail-link '><img loading=\"lazy\" decoding=\"async\" width=\"80\" height=\"80\" src=\"http:\/\/www.amormisericordioso.org\/pt\/wp-content\/uploads\/2022\/02\/XI-CAPITOLO-GENERALE-5-80x80.png\" class=\"wp-image-2819 avia-img-lazy-loading-2819 attachment-thumbnail size-thumbnail wp-post-image\" alt=\"\" srcset=\"http:\/\/www.amormisericordioso.org\/pt\/wp-content\/uploads\/2022\/02\/XI-CAPITOLO-GENERALE-5-80x80.png 80w, http:\/\/www.amormisericordioso.org\/pt\/wp-content\/uploads\/2022\/02\/XI-CAPITOLO-GENERALE-5-300x300.png 300w, http:\/\/www.amormisericordioso.org\/pt\/wp-content\/uploads\/2022\/02\/XI-CAPITOLO-GENERALE-5-1030x1030.png 1030w, http:\/\/www.amormisericordioso.org\/pt\/wp-content\/uploads\/2022\/02\/XI-CAPITOLO-GENERALE-5-768x768.png 768w, http:\/\/www.amormisericordioso.org\/pt\/wp-content\/uploads\/2022\/02\/XI-CAPITOLO-GENERALE-5-36x36.png 36w, http:\/\/www.amormisericordioso.org\/pt\/wp-content\/uploads\/2022\/02\/XI-CAPITOLO-GENERALE-5-180x180.png 180w, http:\/\/www.amormisericordioso.org\/pt\/wp-content\/uploads\/2022\/02\/XI-CAPITOLO-GENERALE-5-705x705.png 705w, http:\/\/www.amormisericordioso.org\/pt\/wp-content\/uploads\/2022\/02\/XI-CAPITOLO-GENERALE-5.png 1080w\" sizes=\"auto, (max-width: 80px) 100vw, 80px\" \/><\/a><\/div><div class='av-magazine-content-wrap'><header class='entry-content-header'><time class='av-magazine-time updated'  itemprop=\"datePublished\" datetime=\"2022-02-17T14:10:53-06:00\" >17 Fevereiro, 2022<\/time><h3 class='av-magazine-title entry-title '  itemprop=\"headline\" ><a href='http:\/\/www.amormisericordioso.org\/pt\/xiii-capitulo-general-eam-comunicado-n-3\/' title='Link to: XIII Cap\u00edtulo general EAM &#8211; Comunicado n\u00b0 3'>XIII Cap\u00edtulo general EAM &#8211; Comunicado n\u00b0 3<\/a><\/h3><\/header><\/div><footer class='entry-footer'><\/footer><\/article><\/div><\/div><br \/>\n<div  class='avia-image-container  av-styling-    avia-builder-el-14  el_after_av_magazine  avia-builder-el-last  avia-align-center '  itemprop=\"image\" itemscope=\"itemscope\" itemtype=\"https:\/\/schema.org\/ImageObject\"  ><div class='avia-image-container-inner'><div class='avia-image-overlay-wrap'><a href='http:\/\/www.amormisericordioso.org\/pt\/multimedia\/' class='avia_image'  ><img class='wp-image-596 avia-img-lazy-loading-not-596 avia_image' src='http:\/\/www.amormisericordioso.org\/pt\/wp-content\/uploads\/2015\/05\/portugues-banner-galeria-secciones.png' alt='' title='portugues-banner-galeria-secciones'  itemprop=\"thumbnailUrl\"  \/><\/a><\/div><\/div><\/div><\/p>\n<\/div><\/div><\/div>\n","protected":false},"excerpt":{"rendered":"","protected":false},"author":1,"featured_media":0,"parent":19,"menu_order":0,"comment_status":"closed","ping_status":"closed","template":"","meta":{"footnotes":""},"class_list":["post-722","page","type-page","status-publish","hentry"],"_links":{"self":[{"href":"http:\/\/www.amormisericordioso.org\/pt\/wp-json\/wp\/v2\/pages\/722","targetHints":{"allow":["GET"]}}],"collection":[{"href":"http:\/\/www.amormisericordioso.org\/pt\/wp-json\/wp\/v2\/pages"}],"about":[{"href":"http:\/\/www.amormisericordioso.org\/pt\/wp-json\/wp\/v2\/types\/page"}],"author":[{"embeddable":true,"href":"http:\/\/www.amormisericordioso.org\/pt\/wp-json\/wp\/v2\/users\/1"}],"replies":[{"embeddable":true,"href":"http:\/\/www.amormisericordioso.org\/pt\/wp-json\/wp\/v2\/comments?post=722"}],"version-history":[{"count":2,"href":"http:\/\/www.amormisericordioso.org\/pt\/wp-json\/wp\/v2\/pages\/722\/revisions"}],"predecessor-version":[{"id":2758,"href":"http:\/\/www.amormisericordioso.org\/pt\/wp-json\/wp\/v2\/pages\/722\/revisions\/2758"}],"up":[{"embeddable":true,"href":"http:\/\/www.amormisericordioso.org\/pt\/wp-json\/wp\/v2\/pages\/19"}],"wp:attachment":[{"href":"http:\/\/www.amormisericordioso.org\/pt\/wp-json\/wp\/v2\/media?parent=722"}],"curies":[{"name":"wp","href":"https:\/\/api.w.org\/{rel}","templated":true}]}}