{"id":2195,"date":"2017-02-03T22:58:48","date_gmt":"2017-02-04T04:58:48","guid":{"rendered":"http:\/\/gananegocio.com\/fam\/?page_id=2195"},"modified":"2018-10-22T18:25:41","modified_gmt":"2018-10-23T00:25:41","slug":"pastoral-juvenil-vocacional-e-familiar","status":"publish","type":"page","link":"http:\/\/www.amormisericordioso.org\/pt\/pastoral-juvenil-vocacional-e-familiar\/","title":{"rendered":"Pastoral Juvenil Vocacional e Familiar"},"content":{"rendered":"<div id='av_section_1'  class='avia-section main_color avia-section-large avia-no-shadow  avia-full-stretch av-section-color-overlay-active avia-bg-style-fixed  avia-builder-el-0  el_before_av_one_fourth  avia-builder-el-first   container_wrap sidebar_right' style='background-repeat: no-repeat; background-image: url(http:\/\/www.amormisericordioso.org\/pt\/wp-content\/uploads\/2017\/02\/fishing-on-the-sea-of-galilee-galilee-israel1152_13013557533-tpfil02aw-16726.jpg);background-attachment: fixed; background-position: center center;  '  data-section-bg-repeat='stretch'><div class='av-section-color-overlay-wrap'><div class='av-section-color-overlay' style='opacity: 0.2; background-color: #000000; '><\/div><div class='container' ><main  role=\"main\" itemprop=\"mainContentOfPage\"  class='template-page content  av-content-small alpha units'><div class='post-entry post-entry-type-page post-entry-2195'><div class='entry-content-wrapper clearfix'>\n<div  style='padding-bottom:0px; color:#fcfcfc;font-size:50px;' class='av-special-heading av-special-heading-h3 custom-color-heading blockquote modern-quote modern-centered  avia-builder-el-1  el_before_av_hr  avia-builder-el-first  av-inherit-size '><h3 class='av-special-heading-tag '  itemprop=\"headline\"  >Pastoral Juvenil Vocacional e Familiar<\/h3><div class ='av-subheading av-subheading_below av_custom_color ' style='font-size:15px;'><p>\u201cJovens e Fam\u00edlias que, seguindo os passos da Madre Esperanza, anunciam com suas vidas o Amor Misericordioso&#8221;<\/p>\n<\/div><div class='special-heading-border'><div class='special-heading-inner-border' style='border-color:#fcfcfc'><\/div><\/div><\/div>\n<div  style=' margin-top:30px; margin-bottom:30px;'  class='hr hr-custom hr-center hr-icon-yes   avia-builder-el-2  el_after_av_heading  avia-builder-el-last '><span class='hr-inner  inner-border-av-border-thin' style=' width:20%; border-color:rgba(255,255,255,0.76); max-width:45%;' ><span class='hr-inner-style'><\/span><\/span><span class='av-seperator-icon' style='color:#ffffff;' aria-hidden='true' data-av_icon='\ue8bf' data-av_iconfont='entypo-fontello'><\/span><span class='hr-inner  inner-border-av-border-thin' style=' width:20%; border-color:rgba(255,255,255,0.76); max-width:45%;' ><span class='hr-inner-style'><\/span><\/span><\/div>\n<\/div><\/div><\/main><!-- close content main element --><\/div><\/div><\/div><div id='after_section_1'  class='main_color av_default_container_wrap container_wrap sidebar_right' style=' '  ><div class='container' ><div class='template-page content  av-content-small alpha units'><div class='post-entry post-entry-type-page post-entry-2195'><div class='entry-content-wrapper clearfix'>\n<div class=\"flex_column av_one_fourth  av-animated-generic bottom-to-top  flex_column_div av-zero-column-padding first  avia-builder-el-3  el_after_av_section  el_before_av_one_fourth  avia-builder-el-first  \" style='border-radius:0px; '><p><div  class='avia-image-container  av-styling-    avia-builder-el-4  el_before_av_heading  avia-builder-el-first  avia-align-center '  itemprop=\"image\" itemscope=\"itemscope\" itemtype=\"https:\/\/schema.org\/ImageObject\"  ><div class='avia-image-container-inner'><div class='avia-image-overlay-wrap'><a href='http:\/\/www.amormisericordioso.org\/pt\/pastoral-juvenil-vocacional-e-familiar\/' class='avia_image'  ><img class='wp-image-2212 avia-img-lazy-loading-not-2212 avia_image' src='http:\/\/www.amormisericordioso.org\/pt\/wp-content\/uploads\/2017\/02\/Semana-Vocacional-069-495x400.jpg' alt='' title='Semana Vocacional 069'  itemprop=\"thumbnailUrl\"  \/><\/a><\/div><\/div><\/div><br \/>\n<div  style='padding-bottom:10px; font-size:24px;' class='av-special-heading av-special-heading-h3  blockquote modern-quote modern-centered  avia-builder-el-5  el_after_av_image  el_before_av_hr  av-inherit-size '><h3 class='av-special-heading-tag '  itemprop=\"headline\"  >Calend\u00e1rio de atividades vocacionais<\/h3><div class='special-heading-border'><div class='special-heading-inner-border' ><\/div><\/div><\/div><br \/>\n<div  style=' margin-top:10px; margin-bottom:10px;'  class='hr hr-custom hr-left hr-icon-no   avia-builder-el-6  el_after_av_heading  el_before_av_textblock '><span class='hr-inner  inner-border-av-border-fat' style=' width:50px; border-color:#efd073;' ><span class='hr-inner-style'><\/span><\/span><\/div><br \/>\n<section class=\"av_textblock_section \"  itemscope=\"itemscope\" itemtype=\"https:\/\/schema.org\/CreativeWork\" ><div class='avia_textblock  '   itemprop=\"text\" ><p>Estas s\u00e3o nossas atividades\u00a0de Pastoral Juvenil Vocacional e Familiar para 2017<\/p>\n<\/div><\/section><br \/>\n<div  class='avia-button-wrap avia-button-left  avia-builder-el-8  el_after_av_textblock  avia-builder-el-last ' ><a href='http:\/\/www.amormisericordioso.org\/pt\/pastoral-juvenil-vocacional-e-familiar\/'  class='avia-button  avia-color-grey   avia-icon_select-no avia-size-small avia-position-left '   ><span class='avia_iconbox_title' >Ler mais<\/span><\/a><\/div><\/p><\/div>\n<div class=\"flex_column av_one_fourth  av-animated-generic bottom-to-top  flex_column_div av-zero-column-padding   avia-builder-el-9  el_after_av_one_fourth  el_before_av_one_fourth  \" style='border-radius:0px; '><p><div  class='avia-image-container  av-styling-    avia-builder-el-10  el_before_av_heading  avia-builder-el-first  avia-align-center '  itemprop=\"image\" itemscope=\"itemscope\" itemtype=\"https:\/\/schema.org\/ImageObject\"  ><div class='avia-image-container-inner'><div class='avia-image-overlay-wrap'><a href='http:\/\/www.amormisericordioso.org\/pt\/pastoral-juvenil-vocacional-e-familiar\/' class='avia_image'  ><img class='wp-image-1508 avia-img-lazy-loading-not-1508 avia_image' src='http:\/\/www.amormisericordioso.org\/pt\/wp-content\/uploads\/2016\/10\/brasil6-300x225.jpg' alt='' title='brasil6'  itemprop=\"thumbnailUrl\"  \/><\/a><\/div><\/div><\/div><br \/>\n<div  style='padding-bottom:10px; font-size:24px;' class='av-special-heading av-special-heading-h3  blockquote modern-quote modern-centered  avia-builder-el-11  el_after_av_image  el_before_av_hr  av-inherit-size '><h3 class='av-special-heading-tag '  itemprop=\"headline\"  >Etapas de la Formaci\u00f3n<\/h3><div class='special-heading-border'><div class='special-heading-inner-border' ><\/div><\/div><\/div><br \/>\n<div  style=' margin-top:10px; margin-bottom:10px;'  class='hr hr-custom hr-left hr-icon-no   avia-builder-el-12  el_after_av_heading  el_before_av_textblock '><span class='hr-inner  inner-border-av-border-fat' style=' width:50px; border-color:#efd073;' ><span class='hr-inner-style'><\/span><\/span><\/div><br \/>\n<section class=\"av_textblock_section \"  itemscope=\"itemscope\" itemtype=\"https:\/\/schema.org\/CreativeWork\" ><div class='avia_textblock  '   itemprop=\"text\" ><p>Conhe\u00e7a os nossos est\u00e1gios de treinamento:<\/p>\n<ol>\n<li><a href=\"http:\/\/www.amormisericordioso.org\/pt\/servas-do-amor-misericordioso\/\"> Servas do Amor Misericordioso.<\/a><\/li>\n<li><a href=\"http:\/\/www.amormisericordioso.org\/pt\/filhos-do-amor-misericordioso\/\"> Filhos do Amor Misericordioso.<\/a><\/li>\n<li><a href=\"http:\/\/www.amormisericordioso.org\/pt\/associacao-leigos-do-amor-misericordioso\/\"> Associa\u00e7\u00e3o Leigos do Amor Misericordioso.<\/a><\/li>\n<\/ol>\n<\/div><\/section><br \/>\n<div  class='avia-button-wrap avia-button-left  avia-builder-el-14  el_after_av_textblock  avia-builder-el-last ' ><a href='http:\/\/www.amormisericordioso.org\/pt\/pastoral-juvenil-vocacional-e-familiar\/'  class='avia-button  avia-color-grey   avia-icon_select-no avia-size-small avia-position-left '   ><span class='avia_iconbox_title' >Ler mais<\/span><\/a><\/div><\/p><\/div>\n<div class=\"flex_column av_one_fourth  av-animated-generic bottom-to-top  flex_column_div av-zero-column-padding   avia-builder-el-15  el_after_av_one_fourth  el_before_av_one_fourth  \" style='border-radius:0px; '><p><div  class='avia-image-container  av-styling-    avia-builder-el-16  el_before_av_heading  avia-builder-el-first  avia-align-center '  itemprop=\"image\" itemscope=\"itemscope\" itemtype=\"https:\/\/schema.org\/ImageObject\"  ><div class='avia-image-container-inner'><div class='avia-image-overlay-wrap'><a href='http:\/\/www.amormisericordioso.org\/pt\/pastoral-juvenil-vocacional-e-familiar\/subsidios-e-material-vocacional\/' class='avia_image'  ><img class='wp-image-2232 avia-img-lazy-loading-not-2232 avia_image' src='http:\/\/www.amormisericordioso.org\/pt\/wp-content\/uploads\/2017\/02\/Collevalenza-495x400.jpg' alt='' title='Collevalenza'  itemprop=\"thumbnailUrl\"  \/><\/a><\/div><\/div><\/div><br \/>\n<div  style='padding-bottom:10px; font-size:24px;' class='av-special-heading av-special-heading-h3  blockquote modern-quote modern-centered  avia-builder-el-17  el_after_av_image  el_before_av_hr  av-inherit-size '><h3 class='av-special-heading-tag '  itemprop=\"headline\"  >Subs\u00eddios vocacionais<\/h3><div class='special-heading-border'><div class='special-heading-inner-border' ><\/div><\/div><\/div><br \/>\n<div  style=' margin-top:10px; margin-bottom:10px;'  class='hr hr-custom hr-left hr-icon-no   avia-builder-el-18  el_after_av_heading  el_before_av_textblock '><span class='hr-inner  inner-border-av-border-fat' style=' width:50px; border-color:#efd073;' ><span class='hr-inner-style'><\/span><\/span><\/div><br \/>\n<section class=\"av_textblock_section \"  itemscope=\"itemscope\" itemtype=\"https:\/\/schema.org\/CreativeWork\" ><div class='avia_textblock  '   itemprop=\"text\" ><p>Baixe nesta se\u00e7\u00e3o livros, m\u00fasicas, apresenta\u00e7\u00f5es e muito mais materiais vocacionais.<\/p>\n<\/div><\/section><br \/>\n<div  class='avia-button-wrap avia-button-left  avia-builder-el-20  el_after_av_textblock  avia-builder-el-last ' ><a href='http:\/\/www.amormisericordioso.org\/pt\/pastoral-juvenil-vocacional-e-familiar\/subsidios-e-material-vocacional\/'  class='avia-button  avia-color-grey   avia-icon_select-no avia-size-small avia-position-left '   ><span class='avia_iconbox_title' >Ler mais<\/span><\/a><\/div><\/p><\/div>\n<div class=\"flex_column av_one_fourth  av-animated-generic bottom-to-top  flex_column_div av-zero-column-padding   avia-builder-el-21  el_after_av_one_fourth  avia-builder-el-last  \" style='border-radius:0px; '><p><div  class='avia-image-container  av-styling-    avia-builder-el-22  el_before_av_heading  avia-builder-el-first  avia-align-center '  itemprop=\"image\" itemscope=\"itemscope\" itemtype=\"https:\/\/schema.org\/ImageObject\"  ><div class='avia-image-container-inner'><div class='avia-image-overlay-wrap'><a href='http:\/\/www.amormisericordioso.org\/pt\/contacto\/' class='avia_image'  ><img class='wp-image-1289 avia-img-lazy-loading-not-1289 avia_image' src='http:\/\/www.amormisericordioso.org\/pt\/wp-content\/uploads\/2015\/05\/inquietud_vocacional-495x339.jpg' alt='' title='inquietud_vocacional'  itemprop=\"thumbnailUrl\"  \/><\/a><\/div><\/div><\/div><br \/>\n<div  style='padding-bottom:10px; font-size:24px;' class='av-special-heading av-special-heading-h3  blockquote modern-quote modern-centered  avia-builder-el-23  el_after_av_image  el_before_av_hr  av-inherit-size '><h3 class='av-special-heading-tag '  itemprop=\"headline\"  >Se voc\u00ea tem uma preocupa\u00e7\u00e3o vocacional &#8230;<\/h3><div class='special-heading-border'><div class='special-heading-inner-border' ><\/div><\/div><\/div><br \/>\n<div  style=' margin-top:10px; margin-bottom:10px;'  class='hr hr-custom hr-left hr-icon-no   avia-builder-el-24  el_after_av_heading  el_before_av_textblock '><span class='hr-inner  inner-border-av-border-fat' style=' width:50px; border-color:#efd073;' ><span class='hr-inner-style'><\/span><\/span><\/div><br \/>\n<section class=\"av_textblock_section \"  itemscope=\"itemscope\" itemtype=\"https:\/\/schema.org\/CreativeWork\" ><div class='avia_textblock  '   itemprop=\"text\" ><p>ENTRE EM CONTATO CONOSCO!!<\/p>\n<p class=\"p1\"><span class=\"s1\">Escreva-nos.\u00a0<\/span><span class=\"s1\">Deixe seu coment\u00e1rio, d\u00favida ou inquietude aqui e teremos o prazer de responder&#8230;<\/span><\/p>\n<\/div><\/section><br \/>\n<div  class='avia-button-wrap avia-button-left  avia-builder-el-26  el_after_av_textblock  avia-builder-el-last ' ><a href='http:\/\/www.amormisericordioso.org\/pt\/contacto\/'  class='avia-button  avia-color-grey   avia-icon_select-no avia-size-small avia-position-left '   ><span class='avia_iconbox_title' >Entre em contato<\/span><\/a><\/div><\/p><\/div>\n","protected":false},"excerpt":{"rendered":"","protected":false},"author":1,"featured_media":0,"parent":0,"menu_order":0,"comment_status":"closed","ping_status":"closed","template":"","meta":{"footnotes":""},"class_list":["post-2195","page","type-page","status-publish","hentry"],"_links":{"self":[{"href":"http:\/\/www.amormisericordioso.org\/pt\/wp-json\/wp\/v2\/pages\/2195","targetHints":{"allow":["GET"]}}],"collection":[{"href":"http:\/\/www.amormisericordioso.org\/pt\/wp-json\/wp\/v2\/pages"}],"about":[{"href":"http:\/\/www.amormisericordioso.org\/pt\/wp-json\/wp\/v2\/types\/page"}],"author":[{"embeddable":true,"href":"http:\/\/www.amormisericordioso.org\/pt\/wp-json\/wp\/v2\/users\/1"}],"replies":[{"embeddable":true,"href":"http:\/\/www.amormisericordioso.org\/pt\/wp-json\/wp\/v2\/comments?post=2195"}],"version-history":[{"count":6,"href":"http:\/\/www.amormisericordioso.org\/pt\/wp-json\/wp\/v2\/pages\/2195\/revisions"}],"predecessor-version":[{"id":2645,"href":"http:\/\/www.amormisericordioso.org\/pt\/wp-json\/wp\/v2\/pages\/2195\/revisions\/2645"}],"wp:attachment":[{"href":"http:\/\/www.amormisericordioso.org\/pt\/wp-json\/wp\/v2\/media?parent=2195"}],"curies":[{"name":"wp","href":"https:\/\/api.w.org\/{rel}","templated":true}]}}