{"id":1454,"date":"2016-10-14T21:46:45","date_gmt":"2016-10-15T03:46:45","guid":{"rendered":"http:\/\/gananegocio.com\/fam\/?page_id=1454"},"modified":"2018-10-22T17:14:31","modified_gmt":"2018-10-22T23:14:31","slug":"multimedia","status":"publish","type":"page","link":"http:\/\/www.amormisericordioso.org\/pt\/multimedia\/","title":{"rendered":"Contenidos Multimedia"},"content":{"rendered":"<div id='av_section_1'  class='avia-section main_color avia-section-large avia-no-shadow  av-section-color-overlay-active avia-bg-style-fixed  avia-builder-el-0  el_before_av_section  avia-builder-el-first   container_wrap sidebar_right' style='background-color: #ffffff;  '  ><div class='av-section-color-overlay-wrap'><div class='av-section-color-overlay' style='opacity: 0.1; background-color: #ffffff; '><\/div><div class='container' ><main  role=\"main\" itemprop=\"mainContentOfPage\"  class='template-page content  av-content-small alpha units'><div class='post-entry post-entry-type-page post-entry-1454'><div class='entry-content-wrapper clearfix'>\n<div  style='padding-bottom:20px; color:#000000;font-size:50px;' class='av-special-heading av-special-heading-h3 custom-color-heading blockquote modern-quote modern-centered  avia-builder-el-1  el_before_av_one_fourth  avia-builder-el-first  av-inherit-size '><h3 class='av-special-heading-tag '  itemprop=\"headline\"  >CONTE\u00daDO MULTIM\u00cdDIA<\/h3><div class ='av-subheading av-subheading_below av_custom_color ' style='font-size:15px;'><p>&#8220;Visite ou baixe nosso conte\u00fado multim\u00eddia!&#8221;<\/p>\n<\/div><div class='special-heading-border'><div class='special-heading-inner-border' style='border-color:#000000'><\/div><\/div><\/div>\n<div class=\"flex_column av_one_fourth  no_margin flex_column_div av-zero-column-padding first  avia-builder-el-2  el_after_av_heading  el_before_av_one_fourth  \" style='border-radius:0px; '><div  class='avia-image-container avia_animated_image avia_animate_when_almost_visible bottom-to-top av-styling-    avia-builder-el-3  avia-builder-el-no-sibling  avia-align-center '  itemprop=\"image\" itemscope=\"itemscope\" itemtype=\"https:\/\/schema.org\/ImageObject\"  ><div class='avia-image-container-inner'><div class='avia-image-overlay-wrap'><a href='http:\/\/www.amormisericordioso.org\/pt\/multimedia\/fotos\/' class='avia_image'  ><img class='wp-image-1469 avia-img-lazy-loading-not-1469 avia_image' src='http:\/\/www.amormisericordioso.org\/pt\/wp-content\/uploads\/2016\/10\/fotos-in-300x138.png' alt='' title='fotos-in'  itemprop=\"thumbnailUrl\"  \/><\/a><\/div><\/div><\/div><\/div><div class=\"flex_column av_one_fourth  no_margin flex_column_div av-zero-column-padding   avia-builder-el-4  el_after_av_one_fourth  el_before_av_one_fourth  \" style='border-radius:0px; '><div  class='avia-image-container avia_animated_image avia_animate_when_almost_visible bottom-to-top av-styling-    avia-builder-el-5  avia-builder-el-no-sibling  avia-align-center '  itemprop=\"image\" itemscope=\"itemscope\" itemtype=\"https:\/\/schema.org\/ImageObject\"  ><div class='avia-image-container-inner'><div class='avia-image-overlay-wrap'><a href='http:\/\/www.amormisericordioso.org\/pt\/multimedia\/audios\/' class='avia_image'  ><img class='wp-image-1471 avia-img-lazy-loading-not-1471 avia_image' src='http:\/\/www.amormisericordioso.org\/pt\/wp-content\/uploads\/2016\/10\/audios-in-300x138.png' alt='' title='audios-in'  itemprop=\"thumbnailUrl\"  \/><\/a><\/div><\/div><\/div><\/div><div class=\"flex_column av_one_fourth  no_margin flex_column_div av-zero-column-padding   avia-builder-el-6  el_after_av_one_fourth  el_before_av_one_fourth  \" style='border-radius:0px; '><div  class='avia-image-container avia_animated_image avia_animate_when_almost_visible bottom-to-top av-styling-    avia-builder-el-7  avia-builder-el-no-sibling  avia-align-center '  itemprop=\"image\" itemscope=\"itemscope\" itemtype=\"https:\/\/schema.org\/ImageObject\"  ><div class='avia-image-container-inner'><div class='avia-image-overlay-wrap'><a href='http:\/\/www.amormisericordioso.org\/pt\/multimedia\/videos\/' class='avia_image'  ><img class='wp-image-1470 avia-img-lazy-loading-not-1470 avia_image' src='http:\/\/www.amormisericordioso.org\/pt\/wp-content\/uploads\/2016\/10\/videos-in-300x138.png' alt='' title='videos-in'  itemprop=\"thumbnailUrl\"  \/><\/a><\/div><\/div><\/div><\/div><div class=\"flex_column av_one_fourth  no_margin flex_column_div av-zero-column-padding   avia-builder-el-8  el_after_av_one_fourth  avia-builder-el-last  \" style='border-radius:0px; '><div  class='avia-image-container avia_animated_image avia_animate_when_almost_visible bottom-to-top av-styling-    avia-builder-el-9  avia-builder-el-no-sibling  avia-align-center '  itemprop=\"image\" itemscope=\"itemscope\" itemtype=\"https:\/\/schema.org\/ImageObject\"  ><div class='avia-image-container-inner'><div class='avia-image-overlay-wrap'><a href='http:\/\/www.amormisericordioso.org\/pt\/multimedia\/biblioteca\/' class='avia_image'  ><img class='wp-image-1472 avia-img-lazy-loading-not-1472 avia_image' src='http:\/\/www.amormisericordioso.org\/pt\/wp-content\/uploads\/2016\/10\/biblioteca-in-300x138.png' alt='' title='biblioteca-in'  itemprop=\"thumbnailUrl\"  \/><\/a><\/div><\/div><\/div><\/div><\/div><\/div><\/main><!-- close content main element --><\/div><\/div><\/div><div id='bme'  class='avia-section main_color avia-section-default avia-no-shadow  avia-bg-style-scroll  avia-builder-el-10  el_after_av_section  avia-builder-el-last   container_wrap sidebar_right' style='background-color: #f4f4f4;  '  ><div class='container' ><div class='template-page content  av-content-small alpha units'><div class='post-entry post-entry-type-page post-entry-1454'><div class='entry-content-wrapper clearfix'>\n<div class=\"flex_column av_one_half  flex_column_div av-zero-column-padding first  avia-builder-el-11  el_before_av_one_half  avia-builder-el-first  \" style='border-radius:0px; '><p><div  class='avia-image-container avia_animated_image avia_animate_when_almost_visible fade-in av-styling-    avia-builder-el-12  el_before_av_icon_box  avia-builder-el-first  avia-align-center '  itemprop=\"image\" itemscope=\"itemscope\" itemtype=\"https:\/\/schema.org\/ImageObject\"  ><div class='avia-image-container-inner'><div class='avia-image-overlay-wrap'><a href='http:\/\/www.amormisericordioso.org\/pt\/multimedia\/publicacoes-madre-esperanca\/' class='avia_image'  ><img class='wp-image-2156 avia-img-lazy-loading-not-2156 avia_image' src='http:\/\/www.amormisericordioso.org\/pt\/wp-content\/uploads\/2017\/02\/banner-madre-esperanza-publicaciones.png' alt='' title='banner-madre-esperanza-publicaciones'  itemprop=\"thumbnailUrl\"  \/><\/a><\/div><\/div><\/div><br \/>\n<article  class=\"iconbox iconbox_top main_color    avia-builder-el-13  el_after_av_image  avia-builder-el-last  \"  itemscope=\"itemscope\" itemtype=\"https:\/\/schema.org\/CreativeWork\" ><div class=\"iconbox_content\"><header class=\"entry-content-header\"><a href='http:\/\/www.amormisericordioso.org\/pt\/multimedia\/publicacoes-madre-esperanca\/' title='BAIXE E CONHE\u00c7A A VIDA DA BEATA MADRE ESPERAN\u00c7A'  class=\"iconbox_icon heading-color\" aria-hidden='true' data-av_icon='\ue84f' data-av_iconfont='entypo-fontello'  ><\/a><h3 class='iconbox_content_title  '  itemprop=\"headline\"  ><a href='http:\/\/www.amormisericordioso.org\/pt\/multimedia\/publicacoes-madre-esperanca\/' title='BAIXE E CONHE\u00c7A A VIDA DA BEATA MADRE ESPERAN\u00c7A' >BAIXE E CONHE\u00c7A A VIDA DA BEATA MADRE ESPERAN\u00c7A<\/a><\/h3><\/header><div class='iconbox_content_container  '  itemprop=\"text\"  ><p class=\"p1\" style=\"text-align: center;\">Baixe e conhe\u00e7a todos os materiais que foram publicados sobre a vida da Beata Madre Esperan\u00e7a<\/p>\n<\/div><\/div><footer class=\"entry-footer\"><\/footer><\/article><\/p><\/div><div class=\"flex_column av_one_half  flex_column_div av-zero-column-padding   avia-builder-el-14  el_after_av_one_half  avia-builder-el-last  \" style='border-radius:0px; '><p><div  class='avia-image-container avia_animated_image avia_animate_when_almost_visible fade-in av-styling-    avia-builder-el-15  el_before_av_icon_box  avia-builder-el-first  avia-align-center '  itemprop=\"image\" itemscope=\"itemscope\" itemtype=\"https:\/\/schema.org\/ImageObject\"  ><div class='avia-image-container-inner'><div class='avia-image-overlay-wrap'><a href='http:\/\/www.amormisericordioso.org\/pt\/pastoral-juvenil-vocacional-e-familiar\/subsidios-e-material-vocacional\/' class='avia_image'  ><img class='wp-image-2185 avia-img-lazy-loading-not-2185 avia_image' src='http:\/\/www.amormisericordioso.org\/pt\/wp-content\/uploads\/2016\/10\/pastoral-juvenil-y-familiar-fondo1.png' alt='' title='pastoral-juvenil-y-familiar-fondo1'  itemprop=\"thumbnailUrl\"  \/><\/a><\/div><\/div><\/div><br \/>\n<article  class=\"iconbox iconbox_top main_color    avia-builder-el-16  el_after_av_image  avia-builder-el-last  \"  itemscope=\"itemscope\" itemtype=\"https:\/\/schema.org\/CreativeWork\" ><div class=\"iconbox_content\"><header class=\"entry-content-header\"><a href='http:\/\/www.amormisericordioso.org\/pt\/pastoral-juvenil-vocacional-e-familiar\/subsidios-e-material-vocacional\/' title='CONHE\u00c7A A PASTORAL JUVENIL, VOCACIONAL E FAMILIAR'  class=\"iconbox_icon heading-color\" aria-hidden='true' data-av_icon='\ue82b' data-av_iconfont='entypo-fontello'  ><\/a><h3 class='iconbox_content_title  '  itemprop=\"headline\"  ><a href='http:\/\/www.amormisericordioso.org\/pt\/pastoral-juvenil-vocacional-e-familiar\/subsidios-e-material-vocacional\/' title='CONHE\u00c7A A PASTORAL JUVENIL, VOCACIONAL E FAMILIAR' >CONHE\u00c7A A PASTORAL JUVENIL, VOCACIONAL E FAMILIAR<\/a><\/h3><\/header><div class='iconbox_content_container  '  itemprop=\"text\"  ><p class=\"p1\" style=\"text-align: center;\">Conhe\u00e7a os nossos temas e tudo o que est\u00e1 relacionado a Pastoral Juveni, Vocacional e Familiar<\/p>\n<\/div><\/div><footer class=\"entry-footer\"><\/footer><\/article><\/p><\/div>\n<\/div><\/div><\/div><!-- close content main div --><\/div><\/div><div id='after_section_2'  class='main_color av_default_container_wrap container_wrap sidebar_right' style=' '  ><div class='container' ><div class='template-page content  av-content-small alpha units'><div class='post-entry post-entry-type-page post-entry-1454'><div class='entry-content-wrapper clearfix'><\/p>\n","protected":false},"excerpt":{"rendered":"","protected":false},"author":1,"featured_media":0,"parent":0,"menu_order":0,"comment_status":"closed","ping_status":"closed","template":"","meta":{"footnotes":""},"class_list":["post-1454","page","type-page","status-publish","hentry"],"_links":{"self":[{"href":"http:\/\/www.amormisericordioso.org\/pt\/wp-json\/wp\/v2\/pages\/1454","targetHints":{"allow":["GET"]}}],"collection":[{"href":"http:\/\/www.amormisericordioso.org\/pt\/wp-json\/wp\/v2\/pages"}],"about":[{"href":"http:\/\/www.amormisericordioso.org\/pt\/wp-json\/wp\/v2\/types\/page"}],"author":[{"embeddable":true,"href":"http:\/\/www.amormisericordioso.org\/pt\/wp-json\/wp\/v2\/users\/1"}],"replies":[{"embeddable":true,"href":"http:\/\/www.amormisericordioso.org\/pt\/wp-json\/wp\/v2\/comments?post=1454"}],"version-history":[{"count":3,"href":"http:\/\/www.amormisericordioso.org\/pt\/wp-json\/wp\/v2\/pages\/1454\/revisions"}],"predecessor-version":[{"id":2643,"href":"http:\/\/www.amormisericordioso.org\/pt\/wp-json\/wp\/v2\/pages\/1454\/revisions\/2643"}],"wp:attachment":[{"href":"http:\/\/www.amormisericordioso.org\/pt\/wp-json\/wp\/v2\/media?parent=1454"}],"curies":[{"name":"wp","href":"https:\/\/api.w.org\/{rel}","templated":true}]}}