{"id":3905,"date":"2022-01-08T04:43:58","date_gmt":"2022-01-08T10:43:58","guid":{"rendered":"http:\/\/www.amormisericordioso.org\/ita\/?page_id=3905"},"modified":"2022-01-08T04:44:00","modified_gmt":"2022-01-08T10:44:00","slug":"eam-bacabal","status":"publish","type":"page","link":"http:\/\/www.amormisericordioso.org\/ita\/eam-bacabal\/","title":{"rendered":"EAM Bacabal"},"content":{"rendered":"<div id='av-layout-grid-1'  class='av-layout-grid-container entry-content-wrapper main_color av-flex-cells     avia-builder-el-0  avia-builder-el-no-sibling  container_wrap sidebar_right' style=' '  >\n<div class=\"flex_cell no_margin av_three_fourth  avia-builder-el-1  el_before_av_cell_one_fourth  avia-builder-el-first   \"  style='vertical-align:top; padding:30px; background-color:#ffffff; ' ><div class='flex_cell_inner' ><div class='flex_column_table av-equal-height-column-flextable -flextable' style='margin-top:-60px; margin-bottom:0px; '><div class=\"flex_column av_one_full  no_margin flex_column_table_cell av-equal-height-column av-align-top first  avia-builder-el-2  avia-builder-el-no-sibling  \" style='padding:30px; background-color:#ffffff; border-radius:0px; '><p><div  style='padding-bottom:0px; ' class='av-special-heading av-special-heading-h1  blockquote modern-quote  avia-builder-el-3  el_before_av_textblock  avia-builder-el-first  '><h1 class='av-special-heading-tag '  itemprop=\"headline\"  >EAM Bacabal<\/h1><div class='special-heading-border'><div class='special-heading-inner-border' ><\/div><\/div><\/div><br \/>\n<section class=\"av_textblock_section \"  itemscope=\"itemscope\" itemtype=\"https:\/\/schema.org\/CreativeWork\" ><div class='avia_textblock  '  style='font-size:18px; '  itemprop=\"text\" ><p align=\"justify\">La nostra Comunit\u00e0 \u00e8 stata fondata l&#8217;8 febbraio 2008, per intercessione di Madre Speranza. Siamo 3 membri che compongono la Famiglia dell&#8217;Amore Misericordioso a Bacabal (Don Armando, sr. Iside e Madre Alessandra). Attraverso l&#8217;esperienza fraterna, condividiamo i momenti comunitari mantenendo la nostra spiritualit\u00e0, che scaturisce attraverso la preghiera, la formazione permanente, le letture spirituali, ecc.; cos\u00ec acquisiamo ci\u00f2 di cui abbiamo bisogno per continuare la nostra consacrazione, sforzandoci di mettere in pratica il nostro motto &#8220;<em>Tutto per amore<\/em>&#8221; in mezzo alle tante sfide che ci si presentano. La missione attuale e principale di Ancelle dell&#8217;Amore Misericordioso in questo territorio del Maranh\u00e3o, \u00e8 quella di collaborare con il nostro fratello e Pastore di questa diocesi P. Armando (Figlio dell&#8217;Amore Misericordioso). Questi sono le nostre attivit\u00e0: pastorale vocazionale; pastorale della catechesi; infanzia e adolescenza missionaria; preparazione della Scuola Diaconale; pastorale sociale. Grazie al contatto con P. Armando, il nostro lavoro diventa ampio e di accesso ai comuni che compongono la Diocesi di Bacabal, perch\u00e9 partecipiamo e teniamo vari incontri che rendono possibile la diffusione dell&#8217;Amore Misericordioso.<\/p>\n<p>La popolazione del Maranh\u00e3o \u00e8 molto bisognosa, in quanto \u00e8 uno degli stati con il pi\u00f9 basso tasso di sviluppo nel nostro paese, questo ci porta a imbatterci in una realt\u00e0 difficile, di grande povert\u00e0.<\/p>\n<p>La Curia diocesana \u00e8 la nostra casa, il centro del nostro lavoro, poich\u00e9 in questo luogo abbiamo tutte le risorse necessarie per il corretto sviluppo del nostro lavoro, che \u00e8 diretto ai nostri fratelli pi\u00f9 bisognosi.<\/p>\n<ul>\n<li>Pastorale vocazionale: aiutiamo i giovani a discernere le vocazioni.<\/li>\n<li>Pastorale catechetica: incoraggiamo i catechisti attraverso le formazioni necessarie per la migliore evangelizzazione di coloro che hanno accesso ai gruppi di catechesi.<\/li>\n<li>Infanzia e Adolescenza Missionaria: insieme ai membri di questo gruppo realizziamo momenti formativi di condivisione, riprendendo l&#8217;Animazione Liturgica della Santa Messa dei Bambini, annunciando il Motto &#8220;Bambino evangelizza Bambino&#8221;.<\/li>\n<li>Preparazione della Scuola Diaconale: un gruppo di 16 candidati al diaconato permanente viene accompagnato, essendo sotto la responsabilit\u00e0 di uno dei SAM che corrisponde alla segreteria di questa scuola.<\/li>\n<li>Pastorale sociale: facciamo visite alle residenze per diagnosticare il bisogno pi\u00f9 urgente di ogni famiglia e aiutarli in ci\u00f2 che \u00e8 necessario per avere una vita dignitosa e abbondante. Aiutiamo le donne incinte, i bambini attraverso conferenze di sensibilizzazione e prevenzione delle varie malattie che affliggono gli uomini, specialmente i pi\u00f9 bisognosi. Incoraggiamo le comunit\u00e0 rurali allo sviluppo sostenibile, perch\u00e9 il mercato del lavoro non \u00e8 molto favorevole, dal momento che questo comune non ha aziende, gran parte della popolazione lavora nel raccolto. Insieme alla Caritas Diocesana cerchiamo i mezzi per la popolazione a basso reddito per sostenersi con gli articoli o i materiali che sanno produrre.<\/li>\n<li>Altre attivit\u00e0: due volte a settimana collaboriamo con le attivit\u00e0 del Progetto Madre Teresa alla periferia della citt\u00e0. Applichiamo attivit\u00e0 di Pittura, Teatro ed Espressione corporea a 20 bambini. Questo progetto si trova di fronte al futuro Mother Hope Nursery, che \u00e8 in costruzione, questo dovrebbe servire 100 bambini da 1 a 6 anni di et\u00e0. Una volta alla settimana ci incontriamo con un gruppo di anziani per pregare il rosario e svolgere varie attivit\u00e0 come ginnastica, dinamica, bingo, lezioni e controllo della pressione sanguigna.<\/li>\n<li>Oltre alle attivit\u00e0 sopra menzionate, in alcuni mesi dell&#8217;anno dedichiamo parte del nostro tempo articolando e promuovendo campagne per raccogliere donazioni a beneficio dei nostri fratelli che vivono vicino alla riva del fiume Mearim (fiume che attraversa la citt\u00e0). Quando si verifica la stagione delle piogge questo fiume straripa, lasciando molte famiglie senza casa, che perdono quel poco che hanno e iniziano a vivere di donazioni.<\/li>\n<\/ul>\n<p>P. Armando svolge anche una missione ampia, difficile da elencare, perch\u00e9 un Pastore d\u00e0 la vita per le sue pecore, donandosi completamente ad esse; cos\u00ec il nostro fratello dedica il suo ministero episcopale attraverso le formazioni del clero e dei seminaristi diocesani; ritiri; presiede le celebrazioni della cresima; tiene incontri pastorali; gestisce la parte economica; ha assunto la responsabilit\u00e0 dell&#8217;Equipe Missionaria del Regional-Ma; offre assistenza nella Curia diocesana a coloro che ne fanno richiesta, o la guida del Pastore; effettua visite nelle varie parrocchie dei 27 comuni che compongono la diocesi di Bacabal; il pi\u00f9 delle volte presiede le Messe festive in lode del santo patrono di ogni parrocchia. Tutto questo per guidare meglio il suo gregge.<\/p>\n<p>Attraverso queste diverse funzioni, che implicano la nostra Missione, possiamo percepire il nostro ruolo globale e con la grazia del Nostro Dio che \u00e8 Amore Misericordioso ci sforziamo di tenerli insieme, testimoniando la nostra appartenenza a questa Famiglia Religiosa.<\/p>\n<\/div><\/section><\/p><\/div><\/div><!--close column table wrapper. Autoclose: 1 -->\n<\/div><\/div><div class=\"flex_cell no_margin av_one_fourth  avia-builder-el-5  el_after_av_cell_three_fourth  avia-builder-el-last   \"  style='vertical-align:top; padding:30px; background-color:#ffffff; ' ><div class='flex_cell_inner' ><p><div class=\"flex_column av_one_full  flex_column_div av-zero-column-padding first  avia-builder-el-6  el_before_av_hr  avia-builder-el-first  \" style='border-radius:0px; '><p><div  class='avia-image-container  av-styling-    avia-builder-el-7  el_before_av_image  avia-builder-el-first  avia-align-center '  itemprop=\"image\" itemscope=\"itemscope\" itemtype=\"https:\/\/schema.org\/ImageObject\"  ><div class='avia-image-container-inner'><div class='avia-image-overlay-wrap'><a href='http:\/\/www.amormisericordioso.org\/ita\/ancelle-dellamore-misericordioso\/' class='avia_image'   target=\"_blank\" ><img decoding=\"async\" width=\"6912\" height=\"3456\" class='wp-image-3766 avia-img-lazy-loading-not-3766 avia_image' src=\"http:\/\/www.amormisericordioso.org\/ita\/wp-content\/uploads\/2022\/01\/Sito-AM-37.png\" alt='' title='Sito AM (37)'  itemprop=\"thumbnailUrl\" srcset=\"http:\/\/www.amormisericordioso.org\/ita\/wp-content\/uploads\/2022\/01\/Sito-AM-37.png 6912w, http:\/\/www.amormisericordioso.org\/ita\/wp-content\/uploads\/2022\/01\/Sito-AM-37-300x150.png 300w, http:\/\/www.amormisericordioso.org\/ita\/wp-content\/uploads\/2022\/01\/Sito-AM-37-1030x515.png 1030w, http:\/\/www.amormisericordioso.org\/ita\/wp-content\/uploads\/2022\/01\/Sito-AM-37-768x384.png 768w, http:\/\/www.amormisericordioso.org\/ita\/wp-content\/uploads\/2022\/01\/Sito-AM-37-1536x768.png 1536w, http:\/\/www.amormisericordioso.org\/ita\/wp-content\/uploads\/2022\/01\/Sito-AM-37-2048x1024.png 2048w, http:\/\/www.amormisericordioso.org\/ita\/wp-content\/uploads\/2022\/01\/Sito-AM-37-1500x750.png 1500w, http:\/\/www.amormisericordioso.org\/ita\/wp-content\/uploads\/2022\/01\/Sito-AM-37-705x353.png 705w\" sizes=\"(max-width: 6912px) 100vw, 6912px\" \/><\/a><\/div><\/div><\/div><br \/>\n<div  class='avia-image-container  av-styling-    avia-builder-el-8  el_after_av_image  avia-builder-el-last  avia-align-center '  itemprop=\"image\" itemscope=\"itemscope\" itemtype=\"https:\/\/schema.org\/ImageObject\"  ><div class='avia-image-container-inner'><div class='avia-image-overlay-wrap'><a href='http:\/\/www.amormisericordioso.org\/ita\/famiglia-dellamore-misericordioso\/la-nostra-presenza-nel-mondo\/' class='avia_image'  ><img decoding=\"async\" width=\"2560\" height=\"1280\" class='wp-image-3044 avia-img-lazy-loading-not-3044 avia_image' src=\"http:\/\/www.amormisericordioso.org\/ita\/wp-content\/uploads\/2021\/11\/Congratulazioni-ai-laureati-del-2025-4-scaled.jpg\" alt='' title='TODO POR AMOR'  itemprop=\"thumbnailUrl\" srcset=\"http:\/\/www.amormisericordioso.org\/ita\/wp-content\/uploads\/2021\/11\/Congratulazioni-ai-laureati-del-2025-4-scaled.jpg 2560w, http:\/\/www.amormisericordioso.org\/ita\/wp-content\/uploads\/2021\/11\/Congratulazioni-ai-laureati-del-2025-4-300x150.jpg 300w, http:\/\/www.amormisericordioso.org\/ita\/wp-content\/uploads\/2021\/11\/Congratulazioni-ai-laureati-del-2025-4-1030x515.jpg 1030w, http:\/\/www.amormisericordioso.org\/ita\/wp-content\/uploads\/2021\/11\/Congratulazioni-ai-laureati-del-2025-4-768x384.jpg 768w, http:\/\/www.amormisericordioso.org\/ita\/wp-content\/uploads\/2021\/11\/Congratulazioni-ai-laureati-del-2025-4-1536x768.jpg 1536w, http:\/\/www.amormisericordioso.org\/ita\/wp-content\/uploads\/2021\/11\/Congratulazioni-ai-laureati-del-2025-4-2048x1024.jpg 2048w, http:\/\/www.amormisericordioso.org\/ita\/wp-content\/uploads\/2021\/11\/Congratulazioni-ai-laureati-del-2025-4-1500x750.jpg 1500w, http:\/\/www.amormisericordioso.org\/ita\/wp-content\/uploads\/2021\/11\/Congratulazioni-ai-laureati-del-2025-4-705x353.jpg 705w\" sizes=\"(max-width: 2560px) 100vw, 2560px\" \/><\/a><\/div><\/div><\/div><\/p><\/div><div   class='hr hr-default   avia-builder-el-9  el_after_av_one_full  el_before_av_heading '><span class='hr-inner ' ><span class='hr-inner-style'><\/span><\/span><\/div><br \/>\n<div  style='padding-bottom:10px; ' class='av-special-heading av-special-heading-h3  blockquote modern-quote  avia-builder-el-10  el_after_av_hr  el_before_av_magazine  '><h3 class='av-special-heading-tag '  itemprop=\"headline\"  >Ultime notizie<\/h3><div class='special-heading-border'><div class='special-heading-inner-border' ><\/div><\/div><\/div><br \/>\n<div  id=\"1\"  class='av-magazine   avia-builder-el-11  el_after_av_heading  avia-builder-el-last   av-magazine-top-bar-active av-magazine-tabs-active' ><div class='av-magazine-top-bar ' ><\/div><div class='av-magazine-group sort_all'><article class='av-magazine-entry av-magazine-entry-id-6317 av-magazine-format-standard av-magazine-type-post av-magazine-entry-1 av-magazine-entry-small '  itemscope=\"itemscope\" itemtype=\"https:\/\/schema.org\/CreativeWork\" ><div class='av-magazine-thumbnail'><a href='http:\/\/www.amormisericordioso.org\/ita\/lassociazione-lam-celebra-i-suoi-30-anni-di-cammino\/' title='Link a: L&#8217;Associazione LAM celebra i suoi 30 ANNI DI CAMMINO' class='av-magazine-thumbnail-link '><img loading=\"lazy\" decoding=\"async\" width=\"80\" height=\"80\" src=\"http:\/\/www.amormisericordioso.org\/ita\/wp-content\/uploads\/2026\/04\/Immagini-in-Evidenza-SITO-AM-2026-04-14T102707.974-80x80.png\" class=\"wp-image-6321 avia-img-lazy-loading-6321 attachment-thumbnail size-thumbnail wp-post-image\" alt=\"\" srcset=\"http:\/\/www.amormisericordioso.org\/ita\/wp-content\/uploads\/2026\/04\/Immagini-in-Evidenza-SITO-AM-2026-04-14T102707.974-80x80.png 80w, http:\/\/www.amormisericordioso.org\/ita\/wp-content\/uploads\/2026\/04\/Immagini-in-Evidenza-SITO-AM-2026-04-14T102707.974-300x300.png 300w, http:\/\/www.amormisericordioso.org\/ita\/wp-content\/uploads\/2026\/04\/Immagini-in-Evidenza-SITO-AM-2026-04-14T102707.974-1030x1030.png 1030w, http:\/\/www.amormisericordioso.org\/ita\/wp-content\/uploads\/2026\/04\/Immagini-in-Evidenza-SITO-AM-2026-04-14T102707.974-768x768.png 768w, http:\/\/www.amormisericordioso.org\/ita\/wp-content\/uploads\/2026\/04\/Immagini-in-Evidenza-SITO-AM-2026-04-14T102707.974-36x36.png 36w, http:\/\/www.amormisericordioso.org\/ita\/wp-content\/uploads\/2026\/04\/Immagini-in-Evidenza-SITO-AM-2026-04-14T102707.974-180x180.png 180w, http:\/\/www.amormisericordioso.org\/ita\/wp-content\/uploads\/2026\/04\/Immagini-in-Evidenza-SITO-AM-2026-04-14T102707.974-705x705.png 705w, http:\/\/www.amormisericordioso.org\/ita\/wp-content\/uploads\/2026\/04\/Immagini-in-Evidenza-SITO-AM-2026-04-14T102707.974.png 1080w\" sizes=\"auto, (max-width: 80px) 100vw, 80px\" \/><\/a><\/div><div class='av-magazine-content-wrap'><header class='entry-content-header'><time class='av-magazine-time updated'  itemprop=\"datePublished\" datetime=\"2026-04-14T10:28:54+02:00\" >14 Aprile 2026<\/time><h3 class='av-magazine-title entry-title '  itemprop=\"headline\" ><a href='http:\/\/www.amormisericordioso.org\/ita\/lassociazione-lam-celebra-i-suoi-30-anni-di-cammino\/' title='Link a: L&#8217;Associazione LAM celebra i suoi 30 ANNI DI CAMMINO'>L&#8217;Associazione LAM celebra i suoi 30 ANNI DI CAMMINO<\/a><\/h3><\/header><\/div><footer class='entry-footer'><\/footer><\/article><article class='av-magazine-entry av-magazine-entry-id-6308 av-magazine-format-standard av-magazine-type-post av-magazine-entry-2 av-magazine-entry-small '  itemscope=\"itemscope\" itemtype=\"https:\/\/schema.org\/CreativeWork\" ><div class='av-magazine-thumbnail'><a href='http:\/\/www.amormisericordioso.org\/ita\/convegno-nazionale-per-confessori\/' title='Link a: Convegno nazionale per confessori' class='av-magazine-thumbnail-link '><img loading=\"lazy\" decoding=\"async\" width=\"80\" height=\"80\" src=\"http:\/\/www.amormisericordioso.org\/ita\/wp-content\/uploads\/2026\/04\/san_giuseppe-43-1-80x80.png\" class=\"wp-image-6314 avia-img-lazy-loading-6314 attachment-thumbnail size-thumbnail wp-post-image\" alt=\"\" srcset=\"http:\/\/www.amormisericordioso.org\/ita\/wp-content\/uploads\/2026\/04\/san_giuseppe-43-1-80x80.png 80w, http:\/\/www.amormisericordioso.org\/ita\/wp-content\/uploads\/2026\/04\/san_giuseppe-43-1-300x300.png 300w, http:\/\/www.amormisericordioso.org\/ita\/wp-content\/uploads\/2026\/04\/san_giuseppe-43-1-1030x1030.png 1030w, http:\/\/www.amormisericordioso.org\/ita\/wp-content\/uploads\/2026\/04\/san_giuseppe-43-1-768x768.png 768w, http:\/\/www.amormisericordioso.org\/ita\/wp-content\/uploads\/2026\/04\/san_giuseppe-43-1-1536x1536.png 1536w, http:\/\/www.amormisericordioso.org\/ita\/wp-content\/uploads\/2026\/04\/san_giuseppe-43-1-2048x2048.png 2048w, http:\/\/www.amormisericordioso.org\/ita\/wp-content\/uploads\/2026\/04\/san_giuseppe-43-1-36x36.png 36w, http:\/\/www.amormisericordioso.org\/ita\/wp-content\/uploads\/2026\/04\/san_giuseppe-43-1-180x180.png 180w, http:\/\/www.amormisericordioso.org\/ita\/wp-content\/uploads\/2026\/04\/san_giuseppe-43-1-1500x1500.png 1500w, http:\/\/www.amormisericordioso.org\/ita\/wp-content\/uploads\/2026\/04\/san_giuseppe-43-1-705x705.png 705w\" sizes=\"auto, (max-width: 80px) 100vw, 80px\" \/><\/a><\/div><div class='av-magazine-content-wrap'><header class='entry-content-header'><time class='av-magazine-time updated'  itemprop=\"datePublished\" datetime=\"2026-04-13T10:27:04+02:00\" >13 Aprile 2026<\/time><h3 class='av-magazine-title entry-title '  itemprop=\"headline\" ><a href='http:\/\/www.amormisericordioso.org\/ita\/convegno-nazionale-per-confessori\/' title='Link a: Convegno nazionale per confessori'>Convegno nazionale per confessori<\/a><\/h3><\/header><\/div><footer class='entry-footer'><\/footer><\/article><article class='av-magazine-entry av-magazine-entry-id-6304 av-magazine-format-standard av-magazine-type-post av-magazine-entry-3 av-magazine-entry-small '  itemscope=\"itemscope\" itemtype=\"https:\/\/schema.org\/CreativeWork\" ><div class='av-magazine-thumbnail'><a href='http:\/\/www.amormisericordioso.org\/ita\/esercizi-spirituali-e-convegni-per-sacerdoti-2026\/' title='Link a: ESERCIZI SPIRITUALI E CONVEGNI per sacerdoti 2026' class='av-magazine-thumbnail-link '><img loading=\"lazy\" decoding=\"async\" width=\"80\" height=\"80\" src=\"http:\/\/www.amormisericordioso.org\/ita\/wp-content\/uploads\/2025\/07\/2c115e5e3c9da4695960b66bb820b537-80x80.jpg\" class=\"wp-image-5985 avia-img-lazy-loading-5985 attachment-thumbnail size-thumbnail wp-post-image\" alt=\"\" srcset=\"http:\/\/www.amormisericordioso.org\/ita\/wp-content\/uploads\/2025\/07\/2c115e5e3c9da4695960b66bb820b537-80x80.jpg 80w, http:\/\/www.amormisericordioso.org\/ita\/wp-content\/uploads\/2025\/07\/2c115e5e3c9da4695960b66bb820b537-36x36.jpg 36w, http:\/\/www.amormisericordioso.org\/ita\/wp-content\/uploads\/2025\/07\/2c115e5e3c9da4695960b66bb820b537-180x180.jpg 180w\" sizes=\"auto, (max-width: 80px) 100vw, 80px\" \/><\/a><\/div><div class='av-magazine-content-wrap'><header class='entry-content-header'><time class='av-magazine-time updated'  itemprop=\"datePublished\" datetime=\"2026-04-13T09:41:04+02:00\" >13 Aprile 2026<\/time><h3 class='av-magazine-title entry-title '  itemprop=\"headline\" ><a href='http:\/\/www.amormisericordioso.org\/ita\/esercizi-spirituali-e-convegni-per-sacerdoti-2026\/' title='Link a: ESERCIZI SPIRITUALI E CONVEGNI per sacerdoti 2026'>ESERCIZI SPIRITUALI E CONVEGNI per sacerdoti 2026<\/a><\/h3><\/header><\/div><footer class='entry-footer'><\/footer><\/article><article class='av-magazine-entry av-magazine-entry-id-6285 av-magazine-format-standard av-magazine-type-post av-magazine-entry-4 av-magazine-entry-small '  itemscope=\"itemscope\" itemtype=\"https:\/\/schema.org\/CreativeWork\" ><div class='av-magazine-thumbnail'><a href='http:\/\/www.amormisericordioso.org\/ita\/sui-passi-di-madre-speranza-2026-edition\/' title='Link a: Sui passi di Madre Speranza &#8211; 2026 edition' class='av-magazine-thumbnail-link '><img loading=\"lazy\" decoding=\"async\" width=\"80\" height=\"80\" src=\"http:\/\/www.amormisericordioso.org\/ita\/wp-content\/uploads\/2026\/02\/Immagini-in-Evidenza-SITO-AM-2026-02-11T112702.172-80x80.png\" class=\"wp-image-6288 avia-img-lazy-loading-6288 attachment-thumbnail size-thumbnail wp-post-image\" alt=\"\" srcset=\"http:\/\/www.amormisericordioso.org\/ita\/wp-content\/uploads\/2026\/02\/Immagini-in-Evidenza-SITO-AM-2026-02-11T112702.172-80x80.png 80w, http:\/\/www.amormisericordioso.org\/ita\/wp-content\/uploads\/2026\/02\/Immagini-in-Evidenza-SITO-AM-2026-02-11T112702.172-300x300.png 300w, http:\/\/www.amormisericordioso.org\/ita\/wp-content\/uploads\/2026\/02\/Immagini-in-Evidenza-SITO-AM-2026-02-11T112702.172-1030x1030.png 1030w, http:\/\/www.amormisericordioso.org\/ita\/wp-content\/uploads\/2026\/02\/Immagini-in-Evidenza-SITO-AM-2026-02-11T112702.172-768x768.png 768w, http:\/\/www.amormisericordioso.org\/ita\/wp-content\/uploads\/2026\/02\/Immagini-in-Evidenza-SITO-AM-2026-02-11T112702.172-36x36.png 36w, http:\/\/www.amormisericordioso.org\/ita\/wp-content\/uploads\/2026\/02\/Immagini-in-Evidenza-SITO-AM-2026-02-11T112702.172-180x180.png 180w, http:\/\/www.amormisericordioso.org\/ita\/wp-content\/uploads\/2026\/02\/Immagini-in-Evidenza-SITO-AM-2026-02-11T112702.172-705x705.png 705w, http:\/\/www.amormisericordioso.org\/ita\/wp-content\/uploads\/2026\/02\/Immagini-in-Evidenza-SITO-AM-2026-02-11T112702.172.png 1080w\" sizes=\"auto, (max-width: 80px) 100vw, 80px\" \/><\/a><\/div><div class='av-magazine-content-wrap'><header class='entry-content-header'><time class='av-magazine-time updated'  itemprop=\"datePublished\" datetime=\"2026-02-11T11:41:43+01:00\" >11 Febbraio 2026<\/time><h3 class='av-magazine-title entry-title '  itemprop=\"headline\" ><a href='http:\/\/www.amormisericordioso.org\/ita\/sui-passi-di-madre-speranza-2026-edition\/' title='Link a: Sui passi di Madre Speranza &#8211; 2026 edition'>Sui passi di Madre Speranza &#8211; 2026 edition<\/a><\/h3><\/header><\/div><footer class='entry-footer'><\/footer><\/article><article class='av-magazine-entry av-magazine-entry-id-6276 av-magazine-format-standard av-magazine-type-post av-magazine-entry-5 av-magazine-entry-small '  itemscope=\"itemscope\" itemtype=\"https:\/\/schema.org\/CreativeWork\" ><div class='av-magazine-thumbnail'><a href='http:\/\/www.amormisericordioso.org\/ita\/prima-professione-religiosa-di-sr-caterina-la-spisa\/' title='Link a: Prima professione religiosa di SR. CATERINA La Spisa' class='av-magazine-thumbnail-link '><img loading=\"lazy\" decoding=\"async\" width=\"80\" height=\"80\" src=\"http:\/\/www.amormisericordioso.org\/ita\/wp-content\/uploads\/2026\/02\/Immagini-in-Evidenza-SITO-AM-2026-02-09T111304.009-80x80.png\" class=\"wp-image-6278 avia-img-lazy-loading-6278 attachment-thumbnail size-thumbnail wp-post-image\" alt=\"\" srcset=\"http:\/\/www.amormisericordioso.org\/ita\/wp-content\/uploads\/2026\/02\/Immagini-in-Evidenza-SITO-AM-2026-02-09T111304.009-80x80.png 80w, http:\/\/www.amormisericordioso.org\/ita\/wp-content\/uploads\/2026\/02\/Immagini-in-Evidenza-SITO-AM-2026-02-09T111304.009-300x300.png 300w, http:\/\/www.amormisericordioso.org\/ita\/wp-content\/uploads\/2026\/02\/Immagini-in-Evidenza-SITO-AM-2026-02-09T111304.009-1030x1030.png 1030w, http:\/\/www.amormisericordioso.org\/ita\/wp-content\/uploads\/2026\/02\/Immagini-in-Evidenza-SITO-AM-2026-02-09T111304.009-768x768.png 768w, http:\/\/www.amormisericordioso.org\/ita\/wp-content\/uploads\/2026\/02\/Immagini-in-Evidenza-SITO-AM-2026-02-09T111304.009-36x36.png 36w, http:\/\/www.amormisericordioso.org\/ita\/wp-content\/uploads\/2026\/02\/Immagini-in-Evidenza-SITO-AM-2026-02-09T111304.009-180x180.png 180w, http:\/\/www.amormisericordioso.org\/ita\/wp-content\/uploads\/2026\/02\/Immagini-in-Evidenza-SITO-AM-2026-02-09T111304.009-705x705.png 705w, http:\/\/www.amormisericordioso.org\/ita\/wp-content\/uploads\/2026\/02\/Immagini-in-Evidenza-SITO-AM-2026-02-09T111304.009.png 1080w\" sizes=\"auto, (max-width: 80px) 100vw, 80px\" \/><\/a><\/div><div class='av-magazine-content-wrap'><header class='entry-content-header'><time class='av-magazine-time updated'  itemprop=\"datePublished\" datetime=\"2026-02-09T19:26:39+01:00\" >9 Febbraio 2026<\/time><h3 class='av-magazine-title entry-title '  itemprop=\"headline\" ><a href='http:\/\/www.amormisericordioso.org\/ita\/prima-professione-religiosa-di-sr-caterina-la-spisa\/' title='Link a: Prima professione religiosa di SR. CATERINA La Spisa'>Prima professione religiosa di SR. CATERINA La Spisa<\/a><\/h3><\/header><\/div><footer class='entry-footer'><\/footer><\/article><\/div><\/div><\/p>\n<\/div><\/div><\/div>\n","protected":false},"excerpt":{"rendered":"","protected":false},"author":4,"featured_media":0,"parent":0,"menu_order":0,"comment_status":"closed","ping_status":"closed","template":"","meta":{"_exactmetrics_skip_tracking":false,"_exactmetrics_sitenote_active":false,"_exactmetrics_sitenote_note":"","_exactmetrics_sitenote_category":0,"footnotes":""},"class_list":["post-3905","page","type-page","status-publish","hentry"],"jetpack_sharing_enabled":true,"_links":{"self":[{"href":"http:\/\/www.amormisericordioso.org\/ita\/wp-json\/wp\/v2\/pages\/3905","targetHints":{"allow":["GET"]}}],"collection":[{"href":"http:\/\/www.amormisericordioso.org\/ita\/wp-json\/wp\/v2\/pages"}],"about":[{"href":"http:\/\/www.amormisericordioso.org\/ita\/wp-json\/wp\/v2\/types\/page"}],"author":[{"embeddable":true,"href":"http:\/\/www.amormisericordioso.org\/ita\/wp-json\/wp\/v2\/users\/4"}],"replies":[{"embeddable":true,"href":"http:\/\/www.amormisericordioso.org\/ita\/wp-json\/wp\/v2\/comments?post=3905"}],"version-history":[{"count":1,"href":"http:\/\/www.amormisericordioso.org\/ita\/wp-json\/wp\/v2\/pages\/3905\/revisions"}],"predecessor-version":[{"id":3906,"href":"http:\/\/www.amormisericordioso.org\/ita\/wp-json\/wp\/v2\/pages\/3905\/revisions\/3906"}],"wp:attachment":[{"href":"http:\/\/www.amormisericordioso.org\/ita\/wp-json\/wp\/v2\/media?parent=3905"}],"curies":[{"name":"wp","href":"https:\/\/api.w.org\/{rel}","templated":true}]}}