{"id":3885,"date":"2022-01-08T03:58:57","date_gmt":"2022-01-08T09:58:57","guid":{"rendered":"http:\/\/www.amormisericordioso.org\/ita\/?page_id=3885"},"modified":"2022-01-08T03:59:09","modified_gmt":"2022-01-08T09:59:09","slug":"eam-san-sebastian-residenza-universitaria","status":"publish","type":"page","link":"http:\/\/www.amormisericordioso.org\/ita\/eam-san-sebastian-residenza-universitaria\/","title":{"rendered":"EAM San Sebastian &#8211; Residenza universitaria"},"content":{"rendered":"<div id='av-layout-grid-1'  class='av-layout-grid-container entry-content-wrapper main_color av-flex-cells     avia-builder-el-0  avia-builder-el-no-sibling  container_wrap sidebar_right' style=' '  >\n<div class=\"flex_cell no_margin av_three_fourth  avia-builder-el-1  el_before_av_cell_one_fourth  avia-builder-el-first   \"  style='vertical-align:top; padding:30px; background-color:#ffffff; ' ><div class='flex_cell_inner' ><div class='flex_column_table av-equal-height-column-flextable -flextable' style='margin-top:-60px; margin-bottom:0px; '><div class=\"flex_column av_one_full  no_margin flex_column_table_cell av-equal-height-column av-align-top first  avia-builder-el-2  avia-builder-el-no-sibling  \" style='padding:30px; background-color:#ffffff; border-radius:0px; '><p><div  style='padding-bottom:0px; ' class='av-special-heading av-special-heading-h1  blockquote modern-quote  avia-builder-el-3  el_before_av_textblock  avia-builder-el-first  '><h1 class='av-special-heading-tag '  itemprop=\"headline\"  >EAM San Sebastian &#8211; Residenza universitaria<\/h1><div class='special-heading-border'><div class='special-heading-inner-border' ><\/div><\/div><\/div><br \/>\n<section class=\"av_textblock_section \"  itemscope=\"itemscope\" itemtype=\"https:\/\/schema.org\/CreativeWork\" ><div class='avia_textblock  '  style='font-size:18px; '  itemprop=\"text\" ><p align=\"justify\">La residenza universitaria &#8220;Villa Alaidi&#8221; si trova nell&#8217;affascinante quartiere di San Sebastian di El Antiguo, Paseo de H\u00e9riz 95, in una zona tranquilla e residenziale con splendide viste panoramiche sulla baia di La Concha. Quella che oggi \u00e8 la residenza &#8220;Villa Alaidi&#8221;, ha subito in passato diverse trasformazioni. All&#8217;inizio del XX secolo era un tipico caseggiato della zona, di propriet\u00e0 della Signorina Pilar de Arratia, colei che in seguito sarebbe stata una stretta e fedele collaboratrice di Madre Speranza di Ges\u00f9, nostra fondatrice della famiglia religiosa dell&#8217;Amore Misericordioso.<\/p>\n<p align=\"justify\">Nel 1934 la struttura divenne la Scuola delle Ancelle dell&#8217;Amore Misericordioso, in cui le suore si dedicavano all&#8217;accoglienza, all&#8217;insegnamento e alla cura dei bambini bisognosi del territorio. L&#8217;attivit\u00e0 ha acquisito una particolare importanza durante la guerra civile: ci\u00f2 ha reso necessaria la ristrutturazione e l&#8217;espansione del centro per ospitare e insegnare a circa 200 bambini provenienti da varie parti della Spagna.\u00a0Le suore sono diventate per tutti questi bambini vere madri che, seguendo lo spirito di Madre Speranza, si sono dedicate anima e corpo per donare loro l&#8217;amore e l&#8217;affetto che la guerra aveva tolto loro, lasciandoli orfani e in situazione di estrema povert\u00e0. Tutti sono stati accolti gratuitamente con i vari lavori e servizi che le suore svolgevano per le aziende della Citt\u00e0 e con il generoso aiuto di alcune persone.<\/p>\n<p align=\"justify\">Con il passare del tempo, il Centro divenne obsoleto e insufficiente a soddisfare i requisiti della nuova legge sull&#8217;Insegnamento. Nel 1977, al posto della precedente struttura, fu costruita una nuova Scuola con una capacit\u00e0 di 400 studenti in convitto e con un regime esterno. Negli anni per\u00f2, con la diminuzione del tasso di natalit\u00e0 e per via dell&#8217;esistenza di altri centri simili sul territorio (con i quali abbiamo lavorato insieme per alcuni anni), le suore sono state portate a chiudere il proprio Centro smettendo di funzionare come centro didattico nel 1994 e dando inizio ad un&#8217;altra attivit\u00e0.<\/p>\n<p align=\"justify\">Dal 1983, di fronte alla domanda di alcuni giovani studenti universitari, alcune dipendenze sono state assegnate all&#8217;alloggio di queste giovani donne che sono venute in citt\u00e0 da luoghi diversi per proseguire gli studi. Attualmente il Centro opera esclusivamente come residenza studentesca durante l&#8217;anno accademico.<\/p>\n<p>I residenti sono studenti pre-universitari, di formazione professionale, universitari o di scuola superiore. Anche le persone che vengono a fare un master, stage o che partecipano alle attivit\u00e0 culturali che il Comune programma sono spesso nostri ospiti. La Casa dispone di 90 posti letti disposti in camere singole, doppie e triple, con bagno completo per fornire i servizi di accoglienza richiesti durante l&#8217;anno.\u00a0Le famiglie dei residenti stessi possono utilizzare i nostri servizi di alloggio quando visitano le loro figlie.<\/p>\n<p>Oltre ad offrire alloggio a San Sebastian, &#8220;Villa Alaidi&#8221; \u00e8 un luogo di convivenza semplice e piacevole. Le giovani donne accettano la fede cattolica del Centro e, per quanto possibile, sono incoraggiate a crescere e approfondire i valori per il loro sviluppo e la loro formazione integrale.\u00a0Alla fine dell&#8217;anno accademico, la Residenza risponde alla richiesta di ospitare i partecipanti ai Corsi Estivi Europei dell&#8217;Universit\u00e0 dei Paesi Baschi, che vengono insegnati presso la sede del Palazzo Miramar nei mesi di luglio e agosto. Una media di 45 persone sono ospitate ogni giorno.<\/p>\n<\/div><\/section><br \/>\n<div  class='avia-gallery  avia-gallery-1 avia_lazyload avia-gallery-animate avia_animate_when_visible  avia-builder-el-5  el_after_av_textblock  avia-builder-el-last '  itemprop=\"image\" itemscope=\"itemscope\" itemtype=\"https:\/\/schema.org\/ImageObject\" ><div class='avia-gallery-thumb'> <a href='http:\/\/www.amormisericordioso.org\/ita\/wp-content\/uploads\/2022\/01\/Villa-Alaidi-San-Sebastian-1030x767.jpg' data-rel='gallery-1' data-prev-img='http:\/\/www.amormisericordioso.org\/ita\/wp-content\/uploads\/2022\/01\/Villa-Alaidi-San-Sebastian-495x400.jpg' class='first_thumb lightbox ' data-onclick='1' title='Casa EAM'  itemprop=\"thumbnailUrl\"  ><img decoding=\"async\" class=\"wp-image-3889 avia-img-lazy-loading-not-3889\"  data-avia-tooltip='Casa EAM' src=\"http:\/\/www.amormisericordioso.org\/ita\/wp-content\/uploads\/2022\/01\/Villa-Alaidi-San-Sebastian-495x400.jpg\" width=\"495\" height=\"400\"  title='DIGITAL CAMERA' alt='' srcset=\"http:\/\/www.amormisericordioso.org\/ita\/wp-content\/uploads\/2022\/01\/Villa-Alaidi-San-Sebastian-495x400.jpg 495w, http:\/\/www.amormisericordioso.org\/ita\/wp-content\/uploads\/2022\/01\/Villa-Alaidi-San-Sebastian-845x684.jpg 845w\" sizes=\"(max-width: 495px) 100vw, 495px\" \/><\/a> <a href='http:\/\/www.amormisericordioso.org\/ita\/wp-content\/uploads\/2022\/01\/COMEDOR.jpg' data-rel='gallery-1' data-prev-img='http:\/\/www.amormisericordioso.org\/ita\/wp-content\/uploads\/2022\/01\/COMEDOR-495x400.jpg' class='lightbox ' data-onclick='2' title='Sala da pranzo - Residenza universitaria'  itemprop=\"thumbnailUrl\"  ><img decoding=\"async\" class=\"wp-image-3888 avia-img-lazy-loading-not-3888\"  data-avia-tooltip='Sala da pranzo &#8211; Residenza universitaria' src=\"http:\/\/www.amormisericordioso.org\/ita\/wp-content\/uploads\/2022\/01\/COMEDOR-495x400.jpg\" width=\"495\" height=\"400\"  title='COMEDOR' alt='' srcset=\"http:\/\/www.amormisericordioso.org\/ita\/wp-content\/uploads\/2022\/01\/COMEDOR-495x400.jpg 495w, http:\/\/www.amormisericordioso.org\/ita\/wp-content\/uploads\/2022\/01\/COMEDOR-845x684.jpg 845w\" sizes=\"(max-width: 495px) 100vw, 495px\" \/><\/a> <a href='http:\/\/www.amormisericordioso.org\/ita\/wp-content\/uploads\/2022\/01\/ESTUDIO.jpg' data-rel='gallery-1' data-prev-img='http:\/\/www.amormisericordioso.org\/ita\/wp-content\/uploads\/2022\/01\/ESTUDIO-495x400.jpg' class='lightbox ' data-onclick='3' title='Sala studio'  itemprop=\"thumbnailUrl\"  ><img decoding=\"async\" class=\"wp-image-3887 avia-img-lazy-loading-not-3887\"  data-avia-tooltip='Sala studio' src=\"http:\/\/www.amormisericordioso.org\/ita\/wp-content\/uploads\/2022\/01\/ESTUDIO-495x400.jpg\" width=\"495\" height=\"400\"  title='ESTUDIO' alt='' srcset=\"http:\/\/www.amormisericordioso.org\/ita\/wp-content\/uploads\/2022\/01\/ESTUDIO-495x400.jpg 495w, http:\/\/www.amormisericordioso.org\/ita\/wp-content\/uploads\/2022\/01\/ESTUDIO-845x684.jpg 845w\" sizes=\"(max-width: 495px) 100vw, 495px\" \/><\/a> <a href='http:\/\/www.amormisericordioso.org\/ita\/wp-content\/uploads\/2022\/01\/Fin-de-estudios-II-1030x773.jpg' data-rel='gallery-1' data-prev-img='http:\/\/www.amormisericordioso.org\/ita\/wp-content\/uploads\/2022\/01\/Fin-de-estudios-II-495x400.jpg' class='lightbox ' data-onclick='4' title='Ragazze al termine degli studi'  itemprop=\"thumbnailUrl\"  ><img decoding=\"async\" class=\"wp-image-3886 avia-img-lazy-loading-not-3886\"  data-avia-tooltip='Ragazze al termine degli studi' src=\"http:\/\/www.amormisericordioso.org\/ita\/wp-content\/uploads\/2022\/01\/Fin-de-estudios-II-495x400.jpg\" width=\"495\" height=\"400\"  title='DIGITAL CAMERA' alt='' srcset=\"http:\/\/www.amormisericordioso.org\/ita\/wp-content\/uploads\/2022\/01\/Fin-de-estudios-II-495x400.jpg 495w, http:\/\/www.amormisericordioso.org\/ita\/wp-content\/uploads\/2022\/01\/Fin-de-estudios-II-845x684.jpg 845w\" sizes=\"(max-width: 495px) 100vw, 495px\" \/><\/a><\/div><\/div><\/p><\/div><\/div><!--close column table wrapper. Autoclose: 1 -->\n<\/div><\/div><div class=\"flex_cell no_margin av_one_fourth  avia-builder-el-6  el_after_av_cell_three_fourth  avia-builder-el-last   \"  style='vertical-align:top; padding:30px; background-color:#ffffff; ' ><div class='flex_cell_inner' ><p><div class=\"flex_column av_one_full  flex_column_div av-zero-column-padding first  avia-builder-el-7  el_before_av_hr  avia-builder-el-first  \" style='border-radius:0px; '><p><div  class='avia-image-container  av-styling-    avia-builder-el-8  el_before_av_image  avia-builder-el-first  avia-align-center '  itemprop=\"image\" itemscope=\"itemscope\" itemtype=\"https:\/\/schema.org\/ImageObject\"  ><div class='avia-image-container-inner'><div class='avia-image-overlay-wrap'><a href='http:\/\/www.amormisericordioso.org\/ita\/ancelle-dellamore-misericordioso\/' class='avia_image'   target=\"_blank\" ><img decoding=\"async\" width=\"6912\" height=\"3456\" class='wp-image-3766 avia-img-lazy-loading-not-3766 avia_image' src=\"http:\/\/www.amormisericordioso.org\/ita\/wp-content\/uploads\/2022\/01\/Sito-AM-37.png\" alt='' title='Sito AM (37)'  itemprop=\"thumbnailUrl\" srcset=\"http:\/\/www.amormisericordioso.org\/ita\/wp-content\/uploads\/2022\/01\/Sito-AM-37.png 6912w, http:\/\/www.amormisericordioso.org\/ita\/wp-content\/uploads\/2022\/01\/Sito-AM-37-300x150.png 300w, http:\/\/www.amormisericordioso.org\/ita\/wp-content\/uploads\/2022\/01\/Sito-AM-37-1030x515.png 1030w, http:\/\/www.amormisericordioso.org\/ita\/wp-content\/uploads\/2022\/01\/Sito-AM-37-768x384.png 768w, http:\/\/www.amormisericordioso.org\/ita\/wp-content\/uploads\/2022\/01\/Sito-AM-37-1536x768.png 1536w, http:\/\/www.amormisericordioso.org\/ita\/wp-content\/uploads\/2022\/01\/Sito-AM-37-2048x1024.png 2048w, http:\/\/www.amormisericordioso.org\/ita\/wp-content\/uploads\/2022\/01\/Sito-AM-37-1500x750.png 1500w, http:\/\/www.amormisericordioso.org\/ita\/wp-content\/uploads\/2022\/01\/Sito-AM-37-705x353.png 705w\" sizes=\"(max-width: 6912px) 100vw, 6912px\" \/><\/a><\/div><\/div><\/div><br \/>\n<div  class='avia-image-container  av-styling-    avia-builder-el-9  el_after_av_image  avia-builder-el-last  avia-align-center '  itemprop=\"image\" itemscope=\"itemscope\" itemtype=\"https:\/\/schema.org\/ImageObject\"  ><div class='avia-image-container-inner'><div class='avia-image-overlay-wrap'><a href='http:\/\/www.amormisericordioso.org\/ita\/famiglia-dellamore-misericordioso\/la-nostra-presenza-nel-mondo\/' class='avia_image'  ><img decoding=\"async\" width=\"2560\" height=\"1280\" class='wp-image-3044 avia-img-lazy-loading-not-3044 avia_image' src=\"http:\/\/www.amormisericordioso.org\/ita\/wp-content\/uploads\/2021\/11\/Congratulazioni-ai-laureati-del-2025-4-scaled.jpg\" alt='' title='TODO POR AMOR'  itemprop=\"thumbnailUrl\" srcset=\"http:\/\/www.amormisericordioso.org\/ita\/wp-content\/uploads\/2021\/11\/Congratulazioni-ai-laureati-del-2025-4-scaled.jpg 2560w, http:\/\/www.amormisericordioso.org\/ita\/wp-content\/uploads\/2021\/11\/Congratulazioni-ai-laureati-del-2025-4-300x150.jpg 300w, http:\/\/www.amormisericordioso.org\/ita\/wp-content\/uploads\/2021\/11\/Congratulazioni-ai-laureati-del-2025-4-1030x515.jpg 1030w, http:\/\/www.amormisericordioso.org\/ita\/wp-content\/uploads\/2021\/11\/Congratulazioni-ai-laureati-del-2025-4-768x384.jpg 768w, http:\/\/www.amormisericordioso.org\/ita\/wp-content\/uploads\/2021\/11\/Congratulazioni-ai-laureati-del-2025-4-1536x768.jpg 1536w, http:\/\/www.amormisericordioso.org\/ita\/wp-content\/uploads\/2021\/11\/Congratulazioni-ai-laureati-del-2025-4-2048x1024.jpg 2048w, http:\/\/www.amormisericordioso.org\/ita\/wp-content\/uploads\/2021\/11\/Congratulazioni-ai-laureati-del-2025-4-1500x750.jpg 1500w, http:\/\/www.amormisericordioso.org\/ita\/wp-content\/uploads\/2021\/11\/Congratulazioni-ai-laureati-del-2025-4-705x353.jpg 705w\" sizes=\"(max-width: 2560px) 100vw, 2560px\" \/><\/a><\/div><\/div><\/div><\/p><\/div><div   class='hr hr-default   avia-builder-el-10  el_after_av_one_full  el_before_av_heading '><span class='hr-inner ' ><span class='hr-inner-style'><\/span><\/span><\/div><br \/>\n<div  style='padding-bottom:10px; ' class='av-special-heading av-special-heading-h3  blockquote modern-quote  avia-builder-el-11  el_after_av_hr  el_before_av_magazine  '><h3 class='av-special-heading-tag '  itemprop=\"headline\"  >Ultime notizie<\/h3><div class='special-heading-border'><div class='special-heading-inner-border' ><\/div><\/div><\/div><br \/>\n<div  id=\"1\"  class='av-magazine   avia-builder-el-12  el_after_av_heading  avia-builder-el-last   av-magazine-top-bar-active av-magazine-tabs-active' ><div class='av-magazine-top-bar ' ><\/div><div class='av-magazine-group sort_all'><article class='av-magazine-entry av-magazine-entry-id-6317 av-magazine-format-standard av-magazine-type-post av-magazine-entry-1 av-magazine-entry-small '  itemscope=\"itemscope\" itemtype=\"https:\/\/schema.org\/CreativeWork\" ><div class='av-magazine-thumbnail'><a href='http:\/\/www.amormisericordioso.org\/ita\/lassociazione-lam-celebra-i-suoi-30-anni-di-cammino\/' title='Link a: L&#8217;Associazione LAM celebra i suoi 30 ANNI DI CAMMINO' class='av-magazine-thumbnail-link '><img loading=\"lazy\" decoding=\"async\" width=\"80\" height=\"80\" src=\"http:\/\/www.amormisericordioso.org\/ita\/wp-content\/uploads\/2026\/04\/Immagini-in-Evidenza-SITO-AM-2026-04-14T102707.974-80x80.png\" class=\"wp-image-6321 avia-img-lazy-loading-6321 attachment-thumbnail size-thumbnail wp-post-image\" alt=\"\" srcset=\"http:\/\/www.amormisericordioso.org\/ita\/wp-content\/uploads\/2026\/04\/Immagini-in-Evidenza-SITO-AM-2026-04-14T102707.974-80x80.png 80w, http:\/\/www.amormisericordioso.org\/ita\/wp-content\/uploads\/2026\/04\/Immagini-in-Evidenza-SITO-AM-2026-04-14T102707.974-300x300.png 300w, http:\/\/www.amormisericordioso.org\/ita\/wp-content\/uploads\/2026\/04\/Immagini-in-Evidenza-SITO-AM-2026-04-14T102707.974-1030x1030.png 1030w, http:\/\/www.amormisericordioso.org\/ita\/wp-content\/uploads\/2026\/04\/Immagini-in-Evidenza-SITO-AM-2026-04-14T102707.974-768x768.png 768w, http:\/\/www.amormisericordioso.org\/ita\/wp-content\/uploads\/2026\/04\/Immagini-in-Evidenza-SITO-AM-2026-04-14T102707.974-36x36.png 36w, http:\/\/www.amormisericordioso.org\/ita\/wp-content\/uploads\/2026\/04\/Immagini-in-Evidenza-SITO-AM-2026-04-14T102707.974-180x180.png 180w, http:\/\/www.amormisericordioso.org\/ita\/wp-content\/uploads\/2026\/04\/Immagini-in-Evidenza-SITO-AM-2026-04-14T102707.974-705x705.png 705w, http:\/\/www.amormisericordioso.org\/ita\/wp-content\/uploads\/2026\/04\/Immagini-in-Evidenza-SITO-AM-2026-04-14T102707.974.png 1080w\" sizes=\"auto, (max-width: 80px) 100vw, 80px\" \/><\/a><\/div><div class='av-magazine-content-wrap'><header class='entry-content-header'><time class='av-magazine-time updated'  itemprop=\"datePublished\" datetime=\"2026-04-14T10:28:54+02:00\" >14 Aprile 2026<\/time><h3 class='av-magazine-title entry-title '  itemprop=\"headline\" ><a href='http:\/\/www.amormisericordioso.org\/ita\/lassociazione-lam-celebra-i-suoi-30-anni-di-cammino\/' title='Link a: L&#8217;Associazione LAM celebra i suoi 30 ANNI DI CAMMINO'>L&#8217;Associazione LAM celebra i suoi 30 ANNI DI CAMMINO<\/a><\/h3><\/header><\/div><footer class='entry-footer'><\/footer><\/article><article class='av-magazine-entry av-magazine-entry-id-6308 av-magazine-format-standard av-magazine-type-post av-magazine-entry-2 av-magazine-entry-small '  itemscope=\"itemscope\" itemtype=\"https:\/\/schema.org\/CreativeWork\" ><div class='av-magazine-thumbnail'><a href='http:\/\/www.amormisericordioso.org\/ita\/convegno-nazionale-per-confessori\/' title='Link a: Convegno nazionale per confessori' class='av-magazine-thumbnail-link '><img loading=\"lazy\" decoding=\"async\" width=\"80\" height=\"80\" src=\"http:\/\/www.amormisericordioso.org\/ita\/wp-content\/uploads\/2026\/04\/san_giuseppe-43-1-80x80.png\" class=\"wp-image-6314 avia-img-lazy-loading-6314 attachment-thumbnail size-thumbnail wp-post-image\" alt=\"\" srcset=\"http:\/\/www.amormisericordioso.org\/ita\/wp-content\/uploads\/2026\/04\/san_giuseppe-43-1-80x80.png 80w, http:\/\/www.amormisericordioso.org\/ita\/wp-content\/uploads\/2026\/04\/san_giuseppe-43-1-300x300.png 300w, http:\/\/www.amormisericordioso.org\/ita\/wp-content\/uploads\/2026\/04\/san_giuseppe-43-1-1030x1030.png 1030w, http:\/\/www.amormisericordioso.org\/ita\/wp-content\/uploads\/2026\/04\/san_giuseppe-43-1-768x768.png 768w, http:\/\/www.amormisericordioso.org\/ita\/wp-content\/uploads\/2026\/04\/san_giuseppe-43-1-1536x1536.png 1536w, http:\/\/www.amormisericordioso.org\/ita\/wp-content\/uploads\/2026\/04\/san_giuseppe-43-1-2048x2048.png 2048w, http:\/\/www.amormisericordioso.org\/ita\/wp-content\/uploads\/2026\/04\/san_giuseppe-43-1-36x36.png 36w, http:\/\/www.amormisericordioso.org\/ita\/wp-content\/uploads\/2026\/04\/san_giuseppe-43-1-180x180.png 180w, http:\/\/www.amormisericordioso.org\/ita\/wp-content\/uploads\/2026\/04\/san_giuseppe-43-1-1500x1500.png 1500w, http:\/\/www.amormisericordioso.org\/ita\/wp-content\/uploads\/2026\/04\/san_giuseppe-43-1-705x705.png 705w\" sizes=\"auto, (max-width: 80px) 100vw, 80px\" \/><\/a><\/div><div class='av-magazine-content-wrap'><header class='entry-content-header'><time class='av-magazine-time updated'  itemprop=\"datePublished\" datetime=\"2026-04-13T10:27:04+02:00\" >13 Aprile 2026<\/time><h3 class='av-magazine-title entry-title '  itemprop=\"headline\" ><a href='http:\/\/www.amormisericordioso.org\/ita\/convegno-nazionale-per-confessori\/' title='Link a: Convegno nazionale per confessori'>Convegno nazionale per confessori<\/a><\/h3><\/header><\/div><footer class='entry-footer'><\/footer><\/article><article class='av-magazine-entry av-magazine-entry-id-6304 av-magazine-format-standard av-magazine-type-post av-magazine-entry-3 av-magazine-entry-small '  itemscope=\"itemscope\" itemtype=\"https:\/\/schema.org\/CreativeWork\" ><div class='av-magazine-thumbnail'><a href='http:\/\/www.amormisericordioso.org\/ita\/esercizi-spirituali-e-convegni-per-sacerdoti-2026\/' title='Link a: ESERCIZI SPIRITUALI E CONVEGNI per sacerdoti 2026' class='av-magazine-thumbnail-link '><img loading=\"lazy\" decoding=\"async\" width=\"80\" height=\"80\" src=\"http:\/\/www.amormisericordioso.org\/ita\/wp-content\/uploads\/2025\/07\/2c115e5e3c9da4695960b66bb820b537-80x80.jpg\" class=\"wp-image-5985 avia-img-lazy-loading-5985 attachment-thumbnail size-thumbnail wp-post-image\" alt=\"\" srcset=\"http:\/\/www.amormisericordioso.org\/ita\/wp-content\/uploads\/2025\/07\/2c115e5e3c9da4695960b66bb820b537-80x80.jpg 80w, http:\/\/www.amormisericordioso.org\/ita\/wp-content\/uploads\/2025\/07\/2c115e5e3c9da4695960b66bb820b537-36x36.jpg 36w, http:\/\/www.amormisericordioso.org\/ita\/wp-content\/uploads\/2025\/07\/2c115e5e3c9da4695960b66bb820b537-180x180.jpg 180w\" sizes=\"auto, (max-width: 80px) 100vw, 80px\" \/><\/a><\/div><div class='av-magazine-content-wrap'><header class='entry-content-header'><time class='av-magazine-time updated'  itemprop=\"datePublished\" datetime=\"2026-04-13T09:41:04+02:00\" >13 Aprile 2026<\/time><h3 class='av-magazine-title entry-title '  itemprop=\"headline\" ><a href='http:\/\/www.amormisericordioso.org\/ita\/esercizi-spirituali-e-convegni-per-sacerdoti-2026\/' title='Link a: ESERCIZI SPIRITUALI E CONVEGNI per sacerdoti 2026'>ESERCIZI SPIRITUALI E CONVEGNI per sacerdoti 2026<\/a><\/h3><\/header><\/div><footer class='entry-footer'><\/footer><\/article><article class='av-magazine-entry av-magazine-entry-id-6285 av-magazine-format-standard av-magazine-type-post av-magazine-entry-4 av-magazine-entry-small '  itemscope=\"itemscope\" itemtype=\"https:\/\/schema.org\/CreativeWork\" ><div class='av-magazine-thumbnail'><a href='http:\/\/www.amormisericordioso.org\/ita\/sui-passi-di-madre-speranza-2026-edition\/' title='Link a: Sui passi di Madre Speranza &#8211; 2026 edition' class='av-magazine-thumbnail-link '><img loading=\"lazy\" decoding=\"async\" width=\"80\" height=\"80\" src=\"http:\/\/www.amormisericordioso.org\/ita\/wp-content\/uploads\/2026\/02\/Immagini-in-Evidenza-SITO-AM-2026-02-11T112702.172-80x80.png\" class=\"wp-image-6288 avia-img-lazy-loading-6288 attachment-thumbnail size-thumbnail wp-post-image\" alt=\"\" srcset=\"http:\/\/www.amormisericordioso.org\/ita\/wp-content\/uploads\/2026\/02\/Immagini-in-Evidenza-SITO-AM-2026-02-11T112702.172-80x80.png 80w, http:\/\/www.amormisericordioso.org\/ita\/wp-content\/uploads\/2026\/02\/Immagini-in-Evidenza-SITO-AM-2026-02-11T112702.172-300x300.png 300w, http:\/\/www.amormisericordioso.org\/ita\/wp-content\/uploads\/2026\/02\/Immagini-in-Evidenza-SITO-AM-2026-02-11T112702.172-1030x1030.png 1030w, http:\/\/www.amormisericordioso.org\/ita\/wp-content\/uploads\/2026\/02\/Immagini-in-Evidenza-SITO-AM-2026-02-11T112702.172-768x768.png 768w, http:\/\/www.amormisericordioso.org\/ita\/wp-content\/uploads\/2026\/02\/Immagini-in-Evidenza-SITO-AM-2026-02-11T112702.172-36x36.png 36w, http:\/\/www.amormisericordioso.org\/ita\/wp-content\/uploads\/2026\/02\/Immagini-in-Evidenza-SITO-AM-2026-02-11T112702.172-180x180.png 180w, http:\/\/www.amormisericordioso.org\/ita\/wp-content\/uploads\/2026\/02\/Immagini-in-Evidenza-SITO-AM-2026-02-11T112702.172-705x705.png 705w, http:\/\/www.amormisericordioso.org\/ita\/wp-content\/uploads\/2026\/02\/Immagini-in-Evidenza-SITO-AM-2026-02-11T112702.172.png 1080w\" sizes=\"auto, (max-width: 80px) 100vw, 80px\" \/><\/a><\/div><div class='av-magazine-content-wrap'><header class='entry-content-header'><time class='av-magazine-time updated'  itemprop=\"datePublished\" datetime=\"2026-02-11T11:41:43+01:00\" >11 Febbraio 2026<\/time><h3 class='av-magazine-title entry-title '  itemprop=\"headline\" ><a href='http:\/\/www.amormisericordioso.org\/ita\/sui-passi-di-madre-speranza-2026-edition\/' title='Link a: Sui passi di Madre Speranza &#8211; 2026 edition'>Sui passi di Madre Speranza &#8211; 2026 edition<\/a><\/h3><\/header><\/div><footer class='entry-footer'><\/footer><\/article><article class='av-magazine-entry av-magazine-entry-id-6276 av-magazine-format-standard av-magazine-type-post av-magazine-entry-5 av-magazine-entry-small '  itemscope=\"itemscope\" itemtype=\"https:\/\/schema.org\/CreativeWork\" ><div class='av-magazine-thumbnail'><a href='http:\/\/www.amormisericordioso.org\/ita\/prima-professione-religiosa-di-sr-caterina-la-spisa\/' title='Link a: Prima professione religiosa di SR. CATERINA La Spisa' class='av-magazine-thumbnail-link '><img loading=\"lazy\" decoding=\"async\" width=\"80\" height=\"80\" src=\"http:\/\/www.amormisericordioso.org\/ita\/wp-content\/uploads\/2026\/02\/Immagini-in-Evidenza-SITO-AM-2026-02-09T111304.009-80x80.png\" class=\"wp-image-6278 avia-img-lazy-loading-6278 attachment-thumbnail size-thumbnail wp-post-image\" alt=\"\" srcset=\"http:\/\/www.amormisericordioso.org\/ita\/wp-content\/uploads\/2026\/02\/Immagini-in-Evidenza-SITO-AM-2026-02-09T111304.009-80x80.png 80w, http:\/\/www.amormisericordioso.org\/ita\/wp-content\/uploads\/2026\/02\/Immagini-in-Evidenza-SITO-AM-2026-02-09T111304.009-300x300.png 300w, http:\/\/www.amormisericordioso.org\/ita\/wp-content\/uploads\/2026\/02\/Immagini-in-Evidenza-SITO-AM-2026-02-09T111304.009-1030x1030.png 1030w, http:\/\/www.amormisericordioso.org\/ita\/wp-content\/uploads\/2026\/02\/Immagini-in-Evidenza-SITO-AM-2026-02-09T111304.009-768x768.png 768w, http:\/\/www.amormisericordioso.org\/ita\/wp-content\/uploads\/2026\/02\/Immagini-in-Evidenza-SITO-AM-2026-02-09T111304.009-36x36.png 36w, http:\/\/www.amormisericordioso.org\/ita\/wp-content\/uploads\/2026\/02\/Immagini-in-Evidenza-SITO-AM-2026-02-09T111304.009-180x180.png 180w, http:\/\/www.amormisericordioso.org\/ita\/wp-content\/uploads\/2026\/02\/Immagini-in-Evidenza-SITO-AM-2026-02-09T111304.009-705x705.png 705w, http:\/\/www.amormisericordioso.org\/ita\/wp-content\/uploads\/2026\/02\/Immagini-in-Evidenza-SITO-AM-2026-02-09T111304.009.png 1080w\" sizes=\"auto, (max-width: 80px) 100vw, 80px\" \/><\/a><\/div><div class='av-magazine-content-wrap'><header class='entry-content-header'><time class='av-magazine-time updated'  itemprop=\"datePublished\" datetime=\"2026-02-09T19:26:39+01:00\" >9 Febbraio 2026<\/time><h3 class='av-magazine-title entry-title '  itemprop=\"headline\" ><a href='http:\/\/www.amormisericordioso.org\/ita\/prima-professione-religiosa-di-sr-caterina-la-spisa\/' title='Link a: Prima professione religiosa di SR. CATERINA La Spisa'>Prima professione religiosa di SR. CATERINA La Spisa<\/a><\/h3><\/header><\/div><footer class='entry-footer'><\/footer><\/article><\/div><\/div><\/p>\n<\/div><\/div><\/div>\n","protected":false},"excerpt":{"rendered":"","protected":false},"author":4,"featured_media":0,"parent":0,"menu_order":0,"comment_status":"closed","ping_status":"closed","template":"","meta":{"_exactmetrics_skip_tracking":false,"_exactmetrics_sitenote_active":false,"_exactmetrics_sitenote_note":"","_exactmetrics_sitenote_category":0,"footnotes":""},"class_list":["post-3885","page","type-page","status-publish","hentry"],"jetpack_sharing_enabled":true,"_links":{"self":[{"href":"http:\/\/www.amormisericordioso.org\/ita\/wp-json\/wp\/v2\/pages\/3885","targetHints":{"allow":["GET"]}}],"collection":[{"href":"http:\/\/www.amormisericordioso.org\/ita\/wp-json\/wp\/v2\/pages"}],"about":[{"href":"http:\/\/www.amormisericordioso.org\/ita\/wp-json\/wp\/v2\/types\/page"}],"author":[{"embeddable":true,"href":"http:\/\/www.amormisericordioso.org\/ita\/wp-json\/wp\/v2\/users\/4"}],"replies":[{"embeddable":true,"href":"http:\/\/www.amormisericordioso.org\/ita\/wp-json\/wp\/v2\/comments?post=3885"}],"version-history":[{"count":1,"href":"http:\/\/www.amormisericordioso.org\/ita\/wp-json\/wp\/v2\/pages\/3885\/revisions"}],"predecessor-version":[{"id":3891,"href":"http:\/\/www.amormisericordioso.org\/ita\/wp-json\/wp\/v2\/pages\/3885\/revisions\/3891"}],"wp:attachment":[{"href":"http:\/\/www.amormisericordioso.org\/ita\/wp-json\/wp\/v2\/media?parent=3885"}],"curies":[{"name":"wp","href":"https:\/\/api.w.org\/{rel}","templated":true}]}}