{"id":3839,"date":"2022-01-07T12:28:35","date_gmt":"2022-01-07T18:28:35","guid":{"rendered":"http:\/\/www.amormisericordioso.org\/ita\/?page_id=3839"},"modified":"2022-01-08T02:18:35","modified_gmt":"2022-01-08T08:18:35","slug":"eam-bilbao-collegio","status":"publish","type":"page","link":"http:\/\/www.amormisericordioso.org\/ita\/eam-bilbao-collegio\/","title":{"rendered":"EAM Bilbao &#8211; Collegio"},"content":{"rendered":"<div id='av-layout-grid-1'  class='av-layout-grid-container entry-content-wrapper main_color av-flex-cells     avia-builder-el-0  avia-builder-el-no-sibling  container_wrap sidebar_right' style=' '  >\n<div class=\"flex_cell no_margin av_three_fourth  avia-builder-el-1  el_before_av_cell_one_fourth  avia-builder-el-first   \"  style='vertical-align:top; padding:30px; background-color:#ffffff; ' ><div class='flex_cell_inner' ><div class='flex_column_table av-equal-height-column-flextable -flextable' style='margin-top:-60px; margin-bottom:0px; '><div class=\"flex_column av_one_full  no_margin flex_column_table_cell av-equal-height-column av-align-top first  avia-builder-el-2  avia-builder-el-no-sibling  \" style='padding:30px; background-color:#ffffff; border-radius:0px; '><p><div  style='padding-bottom:0px; ' class='av-special-heading av-special-heading-h1  blockquote modern-quote  avia-builder-el-3  el_before_av_textblock  avia-builder-el-first  '><h1 class='av-special-heading-tag '  itemprop=\"headline\"  >EAM Bilbao &#8211; Collegio<\/h1><div class='special-heading-border'><div class='special-heading-inner-border' ><\/div><\/div><\/div><br \/>\n<section class=\"av_textblock_section \"  itemscope=\"itemscope\" itemtype=\"https:\/\/schema.org\/CreativeWork\" ><div class='avia_textblock  '  style='font-size:18px; '  itemprop=\"text\" ><p>La presenza delle Ancelle dell&#8217;Amore Misericordioso a Bilbao ci riporta indietro, a quel 17 maggio del 1932, quando Madre Speranza si stabil\u00ec in una scuola a noleggio nel quartiere di Elejabarri.\u00a0Il 2 giugno dello stesso anno, la cappella della scuola Elejabarri fu benedetta e presero inizio le attivit\u00e0 nel centro. Il 19 ottobre 1934, Pilar de Arratia fece una donazione alla Madre della scuola &#8220;Ave Maria&#8221;, ovvero l&#8217;attuale edificio della scuola, ma per prendere possesso del centro fu una grande impresa per via di varie cause e di complicate circostanze.\u00a0Nel gennaio 1936 le suore si stabilirono con i bambini di Elejabarri in via Henao, 3, a Bilbao, e nell&#8217;agosto del 1937, le suore entrarono nell'&#8221;Ave Maria&#8221;, un edificio che, come si pu\u00f2 vedere dalla sua facciata, risale al 1914.<\/p>\n<p><strong>COAMI &#8211; Bilbao<\/strong><\/p>\n<p>Da allora in poi la nostra scuola con il titolo di &#8220;Amore Misericordioso&#8221;, cerca di sviluppare e diffondere la sua missione di annunciare l&#8217;amore e la misericordia nel quartiere di Irala, a Bilbao. Nel corso degli anni la struttura si \u00e8 adattata alle nuove esigenze che la presenza della comunit\u00e0 delle Ancelle ha qui richiesto.<\/p>\n<p>Per molti anni la scuola \u00e8 stata riconosciuta come collegio co-educativo; questa attivit\u00e0 era quindi molto necessaria per tutte sopperire a tutte quelle situazioni familiari e sociali molto variegate e gravi. \u00c8 oggi comune ricevere ex studenti\u00a0 che tornano e ricordano i loro spazi, particolarmente entusiasti di entrare nella Cappella dove ricordano anche la panchina che era stata loro assegnata. Dagli anni &#8217;90 del secolo scorso, la nostra scuola \u00e8 stata trasformata in una scuola che accoglie studenti del quartiere nel quale ci troviamo e dei quartieri vicini: San Francisco, Zabala, San Adrri\u00e1n, Amez\u00f3la, Recalde, &#8230;\u00a0Oggi, poi, con l&#8217;aumento dell&#8217;immigrazione, il nostro Collegio \u00e8 cresciuto in una variet\u00e0 molto ricca di colori, culture e religioni. Possiamo parlare di una scuola interculturale in cui i valori dell&#8217;accoglienza e del rispetto sono i pilastri della convivenza.<\/p>\n<p>Attualmente questa missione molto bella \u00e8 affidata a noi suore, che siamo un po&#8217; come i discepoli intorno a Ges\u00f9 per via del nostro numero, ovvero 12. Ci mettiamo in campo per educare e consentire la convivenza in un ambiente cos\u00ec diversificato. Circa 50 persone collaborano con noi tra insegnanti e personale non docente che, facendo propri i valori carismatici dell&#8217;Amore Misericordioso incarnati in Madre Speranza, vivono giorno per giorno come se fossero apostoli dell&#8217;Amore Misericordioso nei confronti degli oltre 500 studenti che attualmente frequentano i nostri corsi. Circa il 40% di questi bambini proviene da 26 paesi dei cinque continenti. Questa pluralit\u00e0 ricca e diversificata ci porta ad organizzare un&#8217;intera vita scolastica nella quale il rispetto \u00e8 la chiave del funzionamento quotidiano.<\/p>\n<p>La nostra missione qui a Bilbao aggiorna il nostro carisma in questo ventunesimo secolo, dove, come dice nostra Madre, la nostra missione qui e ora &#8220;\u00e8 quella di incidere in questi bambini l&#8217;amore di Ges\u00f9&#8221; e allo stesso tempo fornire loro un&#8217;educazione solida e di qualit\u00e0.<\/p>\n<\/div><\/section><br \/>\n<div  class='avia-gallery  avia-gallery-1 avia_lazyload avia-gallery-animate avia_animate_when_visible  avia-builder-el-5  el_after_av_textblock  avia-builder-el-last '  itemprop=\"image\" itemscope=\"itemscope\" itemtype=\"https:\/\/schema.org\/ImageObject\" ><div class='avia-gallery-thumb'> <a href='http:\/\/www.amormisericordioso.org\/ita\/wp-content\/uploads\/2022\/01\/coamibilbao05.jpg' data-rel='gallery-1' data-prev-img='http:\/\/www.amormisericordioso.org\/ita\/wp-content\/uploads\/2022\/01\/coamibilbao05-495x400.jpg' class='first_thumb lightbox ' data-onclick='1' title='COAMI - Bilbao'  itemprop=\"thumbnailUrl\"  ><img decoding=\"async\" class=\"wp-image-3840 avia-img-lazy-loading-not-3840\"  data-avia-tooltip='COAMI &#8211; Bilbao' src=\"http:\/\/www.amormisericordioso.org\/ita\/wp-content\/uploads\/2022\/01\/coamibilbao05-495x400.jpg\" width=\"495\" height=\"400\"  title='coamibilbao05' alt='' srcset=\"http:\/\/www.amormisericordioso.org\/ita\/wp-content\/uploads\/2022\/01\/coamibilbao05-495x400.jpg 495w, http:\/\/www.amormisericordioso.org\/ita\/wp-content\/uploads\/2022\/01\/coamibilbao05-845x684.jpg 845w\" sizes=\"(max-width: 495px) 100vw, 495px\" \/><\/a> <a href='http:\/\/www.amormisericordioso.org\/ita\/wp-content\/uploads\/2022\/01\/COAMIBILBAO25.jpg' data-rel='gallery-1' data-prev-img='http:\/\/www.amormisericordioso.org\/ita\/wp-content\/uploads\/2022\/01\/COAMIBILBAO25-495x400.jpg' class='lightbox ' data-onclick='2' title='COAMI - Bilbao'  itemprop=\"thumbnailUrl\"  ><img decoding=\"async\" class=\"wp-image-3842 avia-img-lazy-loading-not-3842\"  data-avia-tooltip='COAMI &#8211; Bilbao' src=\"http:\/\/www.amormisericordioso.org\/ita\/wp-content\/uploads\/2022\/01\/COAMIBILBAO25-495x400.jpg\" width=\"495\" height=\"400\"  title='OLYMPUS DIGITAL CAMERA' alt='' srcset=\"http:\/\/www.amormisericordioso.org\/ita\/wp-content\/uploads\/2022\/01\/COAMIBILBAO25-495x400.jpg 495w, http:\/\/www.amormisericordioso.org\/ita\/wp-content\/uploads\/2022\/01\/COAMIBILBAO25-845x684.jpg 845w\" sizes=\"(max-width: 495px) 100vw, 495px\" \/><\/a> <a href='http:\/\/www.amormisericordioso.org\/ita\/wp-content\/uploads\/2022\/01\/COAMIBILBAO23.jpg' data-rel='gallery-1' data-prev-img='http:\/\/www.amormisericordioso.org\/ita\/wp-content\/uploads\/2022\/01\/COAMIBILBAO23-495x400.jpg' class='lightbox ' data-onclick='3' title='COAMI - Bilbao'  itemprop=\"thumbnailUrl\"  ><img decoding=\"async\" class=\"wp-image-3841 avia-img-lazy-loading-not-3841\"  data-avia-tooltip='COAMI &#8211; Bilbao' src=\"http:\/\/www.amormisericordioso.org\/ita\/wp-content\/uploads\/2022\/01\/COAMIBILBAO23-495x400.jpg\" width=\"495\" height=\"400\"  title='OLYMPUS DIGITAL CAMERA' alt='' \/><\/a> <a href='http:\/\/www.amormisericordioso.org\/ita\/wp-content\/uploads\/2022\/01\/coamibilbao12.jpg' data-rel='gallery-1' data-prev-img='http:\/\/www.amormisericordioso.org\/ita\/wp-content\/uploads\/2022\/01\/coamibilbao12-495x400.jpg' class='lightbox ' data-onclick='4' title='COAMI - Bilbao'  itemprop=\"thumbnailUrl\"  ><img decoding=\"async\" class=\"wp-image-3843 avia-img-lazy-loading-not-3843\"  data-avia-tooltip='COAMI &#8211; Bilbao' src=\"http:\/\/www.amormisericordioso.org\/ita\/wp-content\/uploads\/2022\/01\/coamibilbao12-495x400.jpg\" width=\"495\" height=\"400\"  title='coamibilbao12' alt='' srcset=\"http:\/\/www.amormisericordioso.org\/ita\/wp-content\/uploads\/2022\/01\/coamibilbao12-495x400.jpg 495w, http:\/\/www.amormisericordioso.org\/ita\/wp-content\/uploads\/2022\/01\/coamibilbao12-845x684.jpg 845w\" sizes=\"(max-width: 495px) 100vw, 495px\" \/><\/a><\/div><\/div><\/p><\/div><\/div><!--close column table wrapper. Autoclose: 1 -->\n<\/div><\/div><div class=\"flex_cell no_margin av_one_fourth  avia-builder-el-6  el_after_av_cell_three_fourth  avia-builder-el-last   \"  style='vertical-align:top; padding:30px; background-color:#ffffff; ' ><div class='flex_cell_inner' ><p><div class=\"flex_column av_one_full  flex_column_div av-zero-column-padding first  avia-builder-el-7  el_before_av_hr  avia-builder-el-first  \" style='border-radius:0px; '><p><div  class='avia-image-container  av-styling-    avia-builder-el-8  el_before_av_image  avia-builder-el-first  avia-align-center '  itemprop=\"image\" itemscope=\"itemscope\" itemtype=\"https:\/\/schema.org\/ImageObject\"  ><div class='avia-image-container-inner'><div class='avia-image-overlay-wrap'><a href='http:\/\/www.amormisericordioso.org\/ita\/ancelle-dellamore-misericordioso\/' class='avia_image'   target=\"_blank\" ><img decoding=\"async\" width=\"6912\" height=\"3456\" class='wp-image-3766 avia-img-lazy-loading-not-3766 avia_image' src=\"http:\/\/www.amormisericordioso.org\/ita\/wp-content\/uploads\/2022\/01\/Sito-AM-37.png\" alt='' title='Sito AM (37)'  itemprop=\"thumbnailUrl\" srcset=\"http:\/\/www.amormisericordioso.org\/ita\/wp-content\/uploads\/2022\/01\/Sito-AM-37.png 6912w, http:\/\/www.amormisericordioso.org\/ita\/wp-content\/uploads\/2022\/01\/Sito-AM-37-300x150.png 300w, http:\/\/www.amormisericordioso.org\/ita\/wp-content\/uploads\/2022\/01\/Sito-AM-37-1030x515.png 1030w, http:\/\/www.amormisericordioso.org\/ita\/wp-content\/uploads\/2022\/01\/Sito-AM-37-768x384.png 768w, http:\/\/www.amormisericordioso.org\/ita\/wp-content\/uploads\/2022\/01\/Sito-AM-37-1536x768.png 1536w, http:\/\/www.amormisericordioso.org\/ita\/wp-content\/uploads\/2022\/01\/Sito-AM-37-2048x1024.png 2048w, http:\/\/www.amormisericordioso.org\/ita\/wp-content\/uploads\/2022\/01\/Sito-AM-37-1500x750.png 1500w, http:\/\/www.amormisericordioso.org\/ita\/wp-content\/uploads\/2022\/01\/Sito-AM-37-705x353.png 705w\" sizes=\"(max-width: 6912px) 100vw, 6912px\" \/><\/a><\/div><\/div><\/div><br \/>\n<div  class='avia-image-container  av-styling-    avia-builder-el-9  el_after_av_image  avia-builder-el-last  avia-align-center '  itemprop=\"image\" itemscope=\"itemscope\" itemtype=\"https:\/\/schema.org\/ImageObject\"  ><div class='avia-image-container-inner'><div class='avia-image-overlay-wrap'><a href='http:\/\/www.amormisericordioso.org\/ita\/famiglia-dellamore-misericordioso\/la-nostra-presenza-nel-mondo\/' class='avia_image'  ><img decoding=\"async\" width=\"2560\" height=\"1280\" class='wp-image-3044 avia-img-lazy-loading-not-3044 avia_image' src=\"http:\/\/www.amormisericordioso.org\/ita\/wp-content\/uploads\/2021\/11\/Congratulazioni-ai-laureati-del-2025-4-scaled.jpg\" alt='' title='TODO POR AMOR'  itemprop=\"thumbnailUrl\" srcset=\"http:\/\/www.amormisericordioso.org\/ita\/wp-content\/uploads\/2021\/11\/Congratulazioni-ai-laureati-del-2025-4-scaled.jpg 2560w, http:\/\/www.amormisericordioso.org\/ita\/wp-content\/uploads\/2021\/11\/Congratulazioni-ai-laureati-del-2025-4-300x150.jpg 300w, http:\/\/www.amormisericordioso.org\/ita\/wp-content\/uploads\/2021\/11\/Congratulazioni-ai-laureati-del-2025-4-1030x515.jpg 1030w, http:\/\/www.amormisericordioso.org\/ita\/wp-content\/uploads\/2021\/11\/Congratulazioni-ai-laureati-del-2025-4-768x384.jpg 768w, http:\/\/www.amormisericordioso.org\/ita\/wp-content\/uploads\/2021\/11\/Congratulazioni-ai-laureati-del-2025-4-1536x768.jpg 1536w, http:\/\/www.amormisericordioso.org\/ita\/wp-content\/uploads\/2021\/11\/Congratulazioni-ai-laureati-del-2025-4-2048x1024.jpg 2048w, http:\/\/www.amormisericordioso.org\/ita\/wp-content\/uploads\/2021\/11\/Congratulazioni-ai-laureati-del-2025-4-1500x750.jpg 1500w, http:\/\/www.amormisericordioso.org\/ita\/wp-content\/uploads\/2021\/11\/Congratulazioni-ai-laureati-del-2025-4-705x353.jpg 705w\" sizes=\"(max-width: 2560px) 100vw, 2560px\" \/><\/a><\/div><\/div><\/div><\/p><\/div><div   class='hr hr-default   avia-builder-el-10  el_after_av_one_full  el_before_av_heading '><span class='hr-inner ' ><span class='hr-inner-style'><\/span><\/span><\/div><br \/>\n<div  style='padding-bottom:10px; ' class='av-special-heading av-special-heading-h3  blockquote modern-quote  avia-builder-el-11  el_after_av_hr  el_before_av_magazine  '><h3 class='av-special-heading-tag '  itemprop=\"headline\"  >Ultime notizie<\/h3><div class='special-heading-border'><div class='special-heading-inner-border' ><\/div><\/div><\/div><br \/>\n<div  id=\"1\"  class='av-magazine   avia-builder-el-12  el_after_av_heading  avia-builder-el-last   av-magazine-top-bar-active av-magazine-tabs-active' ><div class='av-magazine-top-bar ' ><\/div><div class='av-magazine-group sort_all'><article class='av-magazine-entry av-magazine-entry-id-6317 av-magazine-format-standard av-magazine-type-post av-magazine-entry-1 av-magazine-entry-small '  itemscope=\"itemscope\" itemtype=\"https:\/\/schema.org\/CreativeWork\" ><div class='av-magazine-thumbnail'><a href='http:\/\/www.amormisericordioso.org\/ita\/lassociazione-lam-celebra-i-suoi-30-anni-di-cammino\/' title='Link a: L&#8217;Associazione LAM celebra i suoi 30 ANNI DI CAMMINO' class='av-magazine-thumbnail-link '><img loading=\"lazy\" decoding=\"async\" width=\"80\" height=\"80\" src=\"http:\/\/www.amormisericordioso.org\/ita\/wp-content\/uploads\/2026\/04\/Immagini-in-Evidenza-SITO-AM-2026-04-14T102707.974-80x80.png\" class=\"wp-image-6321 avia-img-lazy-loading-6321 attachment-thumbnail size-thumbnail wp-post-image\" alt=\"\" srcset=\"http:\/\/www.amormisericordioso.org\/ita\/wp-content\/uploads\/2026\/04\/Immagini-in-Evidenza-SITO-AM-2026-04-14T102707.974-80x80.png 80w, http:\/\/www.amormisericordioso.org\/ita\/wp-content\/uploads\/2026\/04\/Immagini-in-Evidenza-SITO-AM-2026-04-14T102707.974-300x300.png 300w, http:\/\/www.amormisericordioso.org\/ita\/wp-content\/uploads\/2026\/04\/Immagini-in-Evidenza-SITO-AM-2026-04-14T102707.974-1030x1030.png 1030w, http:\/\/www.amormisericordioso.org\/ita\/wp-content\/uploads\/2026\/04\/Immagini-in-Evidenza-SITO-AM-2026-04-14T102707.974-768x768.png 768w, http:\/\/www.amormisericordioso.org\/ita\/wp-content\/uploads\/2026\/04\/Immagini-in-Evidenza-SITO-AM-2026-04-14T102707.974-36x36.png 36w, http:\/\/www.amormisericordioso.org\/ita\/wp-content\/uploads\/2026\/04\/Immagini-in-Evidenza-SITO-AM-2026-04-14T102707.974-180x180.png 180w, http:\/\/www.amormisericordioso.org\/ita\/wp-content\/uploads\/2026\/04\/Immagini-in-Evidenza-SITO-AM-2026-04-14T102707.974-705x705.png 705w, http:\/\/www.amormisericordioso.org\/ita\/wp-content\/uploads\/2026\/04\/Immagini-in-Evidenza-SITO-AM-2026-04-14T102707.974.png 1080w\" sizes=\"auto, (max-width: 80px) 100vw, 80px\" \/><\/a><\/div><div class='av-magazine-content-wrap'><header class='entry-content-header'><time class='av-magazine-time updated'  itemprop=\"datePublished\" datetime=\"2026-04-14T10:28:54+02:00\" >14 Aprile 2026<\/time><h3 class='av-magazine-title entry-title '  itemprop=\"headline\" ><a href='http:\/\/www.amormisericordioso.org\/ita\/lassociazione-lam-celebra-i-suoi-30-anni-di-cammino\/' title='Link a: L&#8217;Associazione LAM celebra i suoi 30 ANNI DI CAMMINO'>L&#8217;Associazione LAM celebra i suoi 30 ANNI DI CAMMINO<\/a><\/h3><\/header><\/div><footer class='entry-footer'><\/footer><\/article><article class='av-magazine-entry av-magazine-entry-id-6308 av-magazine-format-standard av-magazine-type-post av-magazine-entry-2 av-magazine-entry-small '  itemscope=\"itemscope\" itemtype=\"https:\/\/schema.org\/CreativeWork\" ><div class='av-magazine-thumbnail'><a href='http:\/\/www.amormisericordioso.org\/ita\/convegno-nazionale-per-confessori\/' title='Link a: Convegno nazionale per confessori' class='av-magazine-thumbnail-link '><img loading=\"lazy\" decoding=\"async\" width=\"80\" height=\"80\" src=\"http:\/\/www.amormisericordioso.org\/ita\/wp-content\/uploads\/2026\/04\/san_giuseppe-43-1-80x80.png\" class=\"wp-image-6314 avia-img-lazy-loading-6314 attachment-thumbnail size-thumbnail wp-post-image\" alt=\"\" srcset=\"http:\/\/www.amormisericordioso.org\/ita\/wp-content\/uploads\/2026\/04\/san_giuseppe-43-1-80x80.png 80w, http:\/\/www.amormisericordioso.org\/ita\/wp-content\/uploads\/2026\/04\/san_giuseppe-43-1-300x300.png 300w, http:\/\/www.amormisericordioso.org\/ita\/wp-content\/uploads\/2026\/04\/san_giuseppe-43-1-1030x1030.png 1030w, http:\/\/www.amormisericordioso.org\/ita\/wp-content\/uploads\/2026\/04\/san_giuseppe-43-1-768x768.png 768w, http:\/\/www.amormisericordioso.org\/ita\/wp-content\/uploads\/2026\/04\/san_giuseppe-43-1-1536x1536.png 1536w, http:\/\/www.amormisericordioso.org\/ita\/wp-content\/uploads\/2026\/04\/san_giuseppe-43-1-2048x2048.png 2048w, http:\/\/www.amormisericordioso.org\/ita\/wp-content\/uploads\/2026\/04\/san_giuseppe-43-1-36x36.png 36w, http:\/\/www.amormisericordioso.org\/ita\/wp-content\/uploads\/2026\/04\/san_giuseppe-43-1-180x180.png 180w, http:\/\/www.amormisericordioso.org\/ita\/wp-content\/uploads\/2026\/04\/san_giuseppe-43-1-1500x1500.png 1500w, http:\/\/www.amormisericordioso.org\/ita\/wp-content\/uploads\/2026\/04\/san_giuseppe-43-1-705x705.png 705w\" sizes=\"auto, (max-width: 80px) 100vw, 80px\" \/><\/a><\/div><div class='av-magazine-content-wrap'><header class='entry-content-header'><time class='av-magazine-time updated'  itemprop=\"datePublished\" datetime=\"2026-04-13T10:27:04+02:00\" >13 Aprile 2026<\/time><h3 class='av-magazine-title entry-title '  itemprop=\"headline\" ><a href='http:\/\/www.amormisericordioso.org\/ita\/convegno-nazionale-per-confessori\/' title='Link a: Convegno nazionale per confessori'>Convegno nazionale per confessori<\/a><\/h3><\/header><\/div><footer class='entry-footer'><\/footer><\/article><article class='av-magazine-entry av-magazine-entry-id-6304 av-magazine-format-standard av-magazine-type-post av-magazine-entry-3 av-magazine-entry-small '  itemscope=\"itemscope\" itemtype=\"https:\/\/schema.org\/CreativeWork\" ><div class='av-magazine-thumbnail'><a href='http:\/\/www.amormisericordioso.org\/ita\/esercizi-spirituali-e-convegni-per-sacerdoti-2026\/' title='Link a: ESERCIZI SPIRITUALI E CONVEGNI per sacerdoti 2026' class='av-magazine-thumbnail-link '><img loading=\"lazy\" decoding=\"async\" width=\"80\" height=\"80\" src=\"http:\/\/www.amormisericordioso.org\/ita\/wp-content\/uploads\/2025\/07\/2c115e5e3c9da4695960b66bb820b537-80x80.jpg\" class=\"wp-image-5985 avia-img-lazy-loading-5985 attachment-thumbnail size-thumbnail wp-post-image\" alt=\"\" srcset=\"http:\/\/www.amormisericordioso.org\/ita\/wp-content\/uploads\/2025\/07\/2c115e5e3c9da4695960b66bb820b537-80x80.jpg 80w, http:\/\/www.amormisericordioso.org\/ita\/wp-content\/uploads\/2025\/07\/2c115e5e3c9da4695960b66bb820b537-36x36.jpg 36w, http:\/\/www.amormisericordioso.org\/ita\/wp-content\/uploads\/2025\/07\/2c115e5e3c9da4695960b66bb820b537-180x180.jpg 180w\" sizes=\"auto, (max-width: 80px) 100vw, 80px\" \/><\/a><\/div><div class='av-magazine-content-wrap'><header class='entry-content-header'><time class='av-magazine-time updated'  itemprop=\"datePublished\" datetime=\"2026-04-13T09:41:04+02:00\" >13 Aprile 2026<\/time><h3 class='av-magazine-title entry-title '  itemprop=\"headline\" ><a href='http:\/\/www.amormisericordioso.org\/ita\/esercizi-spirituali-e-convegni-per-sacerdoti-2026\/' title='Link a: ESERCIZI SPIRITUALI E CONVEGNI per sacerdoti 2026'>ESERCIZI SPIRITUALI E CONVEGNI per sacerdoti 2026<\/a><\/h3><\/header><\/div><footer class='entry-footer'><\/footer><\/article><article class='av-magazine-entry av-magazine-entry-id-6285 av-magazine-format-standard av-magazine-type-post av-magazine-entry-4 av-magazine-entry-small '  itemscope=\"itemscope\" itemtype=\"https:\/\/schema.org\/CreativeWork\" ><div class='av-magazine-thumbnail'><a href='http:\/\/www.amormisericordioso.org\/ita\/sui-passi-di-madre-speranza-2026-edition\/' title='Link a: Sui passi di Madre Speranza &#8211; 2026 edition' class='av-magazine-thumbnail-link '><img loading=\"lazy\" decoding=\"async\" width=\"80\" height=\"80\" src=\"http:\/\/www.amormisericordioso.org\/ita\/wp-content\/uploads\/2026\/02\/Immagini-in-Evidenza-SITO-AM-2026-02-11T112702.172-80x80.png\" class=\"wp-image-6288 avia-img-lazy-loading-6288 attachment-thumbnail size-thumbnail wp-post-image\" alt=\"\" srcset=\"http:\/\/www.amormisericordioso.org\/ita\/wp-content\/uploads\/2026\/02\/Immagini-in-Evidenza-SITO-AM-2026-02-11T112702.172-80x80.png 80w, http:\/\/www.amormisericordioso.org\/ita\/wp-content\/uploads\/2026\/02\/Immagini-in-Evidenza-SITO-AM-2026-02-11T112702.172-300x300.png 300w, http:\/\/www.amormisericordioso.org\/ita\/wp-content\/uploads\/2026\/02\/Immagini-in-Evidenza-SITO-AM-2026-02-11T112702.172-1030x1030.png 1030w, http:\/\/www.amormisericordioso.org\/ita\/wp-content\/uploads\/2026\/02\/Immagini-in-Evidenza-SITO-AM-2026-02-11T112702.172-768x768.png 768w, http:\/\/www.amormisericordioso.org\/ita\/wp-content\/uploads\/2026\/02\/Immagini-in-Evidenza-SITO-AM-2026-02-11T112702.172-36x36.png 36w, http:\/\/www.amormisericordioso.org\/ita\/wp-content\/uploads\/2026\/02\/Immagini-in-Evidenza-SITO-AM-2026-02-11T112702.172-180x180.png 180w, http:\/\/www.amormisericordioso.org\/ita\/wp-content\/uploads\/2026\/02\/Immagini-in-Evidenza-SITO-AM-2026-02-11T112702.172-705x705.png 705w, http:\/\/www.amormisericordioso.org\/ita\/wp-content\/uploads\/2026\/02\/Immagini-in-Evidenza-SITO-AM-2026-02-11T112702.172.png 1080w\" sizes=\"auto, (max-width: 80px) 100vw, 80px\" \/><\/a><\/div><div class='av-magazine-content-wrap'><header class='entry-content-header'><time class='av-magazine-time updated'  itemprop=\"datePublished\" datetime=\"2026-02-11T11:41:43+01:00\" >11 Febbraio 2026<\/time><h3 class='av-magazine-title entry-title '  itemprop=\"headline\" ><a href='http:\/\/www.amormisericordioso.org\/ita\/sui-passi-di-madre-speranza-2026-edition\/' title='Link a: Sui passi di Madre Speranza &#8211; 2026 edition'>Sui passi di Madre Speranza &#8211; 2026 edition<\/a><\/h3><\/header><\/div><footer class='entry-footer'><\/footer><\/article><article class='av-magazine-entry av-magazine-entry-id-6276 av-magazine-format-standard av-magazine-type-post av-magazine-entry-5 av-magazine-entry-small '  itemscope=\"itemscope\" itemtype=\"https:\/\/schema.org\/CreativeWork\" ><div class='av-magazine-thumbnail'><a href='http:\/\/www.amormisericordioso.org\/ita\/prima-professione-religiosa-di-sr-caterina-la-spisa\/' title='Link a: Prima professione religiosa di SR. CATERINA La Spisa' class='av-magazine-thumbnail-link '><img loading=\"lazy\" decoding=\"async\" width=\"80\" height=\"80\" src=\"http:\/\/www.amormisericordioso.org\/ita\/wp-content\/uploads\/2026\/02\/Immagini-in-Evidenza-SITO-AM-2026-02-09T111304.009-80x80.png\" class=\"wp-image-6278 avia-img-lazy-loading-6278 attachment-thumbnail size-thumbnail wp-post-image\" alt=\"\" srcset=\"http:\/\/www.amormisericordioso.org\/ita\/wp-content\/uploads\/2026\/02\/Immagini-in-Evidenza-SITO-AM-2026-02-09T111304.009-80x80.png 80w, http:\/\/www.amormisericordioso.org\/ita\/wp-content\/uploads\/2026\/02\/Immagini-in-Evidenza-SITO-AM-2026-02-09T111304.009-300x300.png 300w, http:\/\/www.amormisericordioso.org\/ita\/wp-content\/uploads\/2026\/02\/Immagini-in-Evidenza-SITO-AM-2026-02-09T111304.009-1030x1030.png 1030w, http:\/\/www.amormisericordioso.org\/ita\/wp-content\/uploads\/2026\/02\/Immagini-in-Evidenza-SITO-AM-2026-02-09T111304.009-768x768.png 768w, http:\/\/www.amormisericordioso.org\/ita\/wp-content\/uploads\/2026\/02\/Immagini-in-Evidenza-SITO-AM-2026-02-09T111304.009-36x36.png 36w, http:\/\/www.amormisericordioso.org\/ita\/wp-content\/uploads\/2026\/02\/Immagini-in-Evidenza-SITO-AM-2026-02-09T111304.009-180x180.png 180w, http:\/\/www.amormisericordioso.org\/ita\/wp-content\/uploads\/2026\/02\/Immagini-in-Evidenza-SITO-AM-2026-02-09T111304.009-705x705.png 705w, http:\/\/www.amormisericordioso.org\/ita\/wp-content\/uploads\/2026\/02\/Immagini-in-Evidenza-SITO-AM-2026-02-09T111304.009.png 1080w\" sizes=\"auto, (max-width: 80px) 100vw, 80px\" \/><\/a><\/div><div class='av-magazine-content-wrap'><header class='entry-content-header'><time class='av-magazine-time updated'  itemprop=\"datePublished\" datetime=\"2026-02-09T19:26:39+01:00\" >9 Febbraio 2026<\/time><h3 class='av-magazine-title entry-title '  itemprop=\"headline\" ><a href='http:\/\/www.amormisericordioso.org\/ita\/prima-professione-religiosa-di-sr-caterina-la-spisa\/' title='Link a: Prima professione religiosa di SR. CATERINA La Spisa'>Prima professione religiosa di SR. CATERINA La Spisa<\/a><\/h3><\/header><\/div><footer class='entry-footer'><\/footer><\/article><\/div><\/div><\/p>\n<\/div><\/div><\/div>\n","protected":false},"excerpt":{"rendered":"","protected":false},"author":4,"featured_media":0,"parent":0,"menu_order":0,"comment_status":"closed","ping_status":"closed","template":"","meta":{"_exactmetrics_skip_tracking":false,"_exactmetrics_sitenote_active":false,"_exactmetrics_sitenote_note":"","_exactmetrics_sitenote_category":0,"footnotes":""},"class_list":["post-3839","page","type-page","status-publish","hentry"],"jetpack_sharing_enabled":true,"_links":{"self":[{"href":"http:\/\/www.amormisericordioso.org\/ita\/wp-json\/wp\/v2\/pages\/3839","targetHints":{"allow":["GET"]}}],"collection":[{"href":"http:\/\/www.amormisericordioso.org\/ita\/wp-json\/wp\/v2\/pages"}],"about":[{"href":"http:\/\/www.amormisericordioso.org\/ita\/wp-json\/wp\/v2\/types\/page"}],"author":[{"embeddable":true,"href":"http:\/\/www.amormisericordioso.org\/ita\/wp-json\/wp\/v2\/users\/4"}],"replies":[{"embeddable":true,"href":"http:\/\/www.amormisericordioso.org\/ita\/wp-json\/wp\/v2\/comments?post=3839"}],"version-history":[{"count":2,"href":"http:\/\/www.amormisericordioso.org\/ita\/wp-json\/wp\/v2\/pages\/3839\/revisions"}],"predecessor-version":[{"id":3849,"href":"http:\/\/www.amormisericordioso.org\/ita\/wp-json\/wp\/v2\/pages\/3839\/revisions\/3849"}],"wp:attachment":[{"href":"http:\/\/www.amormisericordioso.org\/ita\/wp-json\/wp\/v2\/media?parent=3839"}],"curies":[{"name":"wp","href":"https:\/\/api.w.org\/{rel}","templated":true}]}}