{"id":975,"date":"2016-06-16T07:32:31","date_gmt":"2016-06-16T13:32:31","guid":{"rendered":"http:\/\/gananegocio.com\/fam\/?page_id=975"},"modified":"2019-06-07T12:53:26","modified_gmt":"2019-06-07T18:53:26","slug":"chemin-de-croix","status":"publish","type":"page","link":"http:\/\/www.amormisericordioso.org\/fr\/santuario-de-collevalenza\/chemin-de-croix\/","title":{"rendered":"Chemin de Croix"},"content":{"rendered":"<div id='av-layout-grid-1'  class='av-layout-grid-container entry-content-wrapper main_color av-flex-cells     avia-builder-el-0  avia-builder-el-no-sibling  container_wrap sidebar_right' style=' '  >\n<div class=\"flex_cell no_margin av_three_fourth  avia-builder-el-1  el_before_av_cell_one_fourth  avia-builder-el-first   \"  style='vertical-align:top; padding:30px; background-color:#ffffff; ' ><div class='flex_cell_inner' ><div class='flex_column_table av-equal-height-column-flextable -flextable' style='margin-top:-60px; margin-bottom:0px; '><div class=\"flex_column av_one_full  no_margin flex_column_table_cell av-equal-height-column av-align-top first  avia-builder-el-2  avia-builder-el-no-sibling  \" style='padding:30px; background-color:#ffffff; border-radius:0px; '><p><div  class='avia-image-container  av-styling-    avia-builder-el-3  el_before_av_heading  avia-builder-el-first  avia-align-center '  itemprop=\"image\" itemscope=\"itemscope\" itemtype=\"https:\/\/schema.org\/ImageObject\"  ><div class='avia-image-container-inner'><div class='avia-image-overlay-wrap'><img class='wp-image-2519 avia-img-lazy-loading-not-2519 avia_image' src='http:\/\/www.amormisericordioso.org\/fr\/wp-content\/uploads\/2016\/06\/primary-original-16.jpg' alt='' title='primary-original (16)' height=\"339\" width=\"624\"  itemprop=\"thumbnailUrl\"  \/><\/div><\/div><\/div><br \/>\n<div  style='padding-bottom:0px; ' class='av-special-heading av-special-heading-h1  blockquote modern-quote  avia-builder-el-4  el_after_av_image  el_before_av_textblock  '><h1 class='av-special-heading-tag '  itemprop=\"headline\"  >Chemin de Croix<\/h1><div class='special-heading-border'><div class='special-heading-inner-border' ><\/div><\/div><\/div><br \/>\n<section class=\"av_textblock_section \"  itemscope=\"itemscope\" itemtype=\"https:\/\/schema.org\/CreativeWork\" ><div class='avia_textblock  '  style='font-size:18px; '  itemprop=\"text\" ><p align=\"justify\">Avec un monumental Chemin de croix \u00e0 l&rsquo;air libre, le Sanctuaire veut tourner nos yeux vers l&rsquo;<b>Amour Mis\u00e9ricordieux, que J\u00e9sus nous a manifest\u00e9s avec sa Passion et sa Mort<\/b>.<\/p>\n<p align=\"justify\">Les quatorze stations vont de l\u2019entr\u00e9e de la maison du P\u00e8lerin et s\u2019\u00e9tendent sur un chemin bois\u00e9, sur un kilom\u00e8tre.<\/p>\n<p align=\"justify\">Les trois premi\u00e8res stations sont l\u2019\u0153uvre du sculpteur\u00a0<b>Antonio Ranocchia<\/b>, tandis que le reste sont de l&rsquo;architecte\u00a0<b>Alcide Tic\u00f3<\/b>.<\/p>\n<p align=\"justify\">Le long du chemin, on trouve quelques piliers de ciment qui contiennent des r\u00e9flexions et pens\u00e9es de M\u00e8re Esp\u00e9rance: Elle nous invite \u00e0\u00a0<b>suivre J\u00e9sus sur son chemin vers la Montagne Calvaire<\/b>.<\/p>\n<p align=\"justify\">Pour la M\u00e8re,\u00a0<b>contempler la Passion de J\u00e9sus est surtout le d\u00e9sir d\u2019imiter les sentiments et comportements de J\u00e9sus sur le chemin qui conduit au Calvaire<\/b>. Elle a voulu le vivre en elle-m\u00eame, et invite tous ceux qui s\u2019approchent \u00e0 faire le.<\/p>\n<\/div><\/section><br \/>\n<div  class='avia-gallery  avia-gallery-1 avia_lazyload avia-gallery-animate avia_animate_when_visible  avia-builder-el-6  el_after_av_textblock  avia-builder-el-last '  itemprop=\"image\" itemscope=\"itemscope\" itemtype=\"https:\/\/schema.org\/ImageObject\" ><div class='avia-gallery-thumb'> <a href='http:\/\/www.amormisericordioso.org\/fr\/wp-content\/uploads\/2016\/06\/01_Ultima_Cena.jpg' data-rel='gallery-1' data-prev-img='http:\/\/www.amormisericordioso.org\/fr\/wp-content\/uploads\/2016\/06\/01_Ultima_Cena-495x400.jpg' class='first_thumb lightbox ' data-onclick='1' title=''  itemprop=\"thumbnailUrl\"  ><img class=\"wp-image-1789 avia-img-lazy-loading-not-1789\"   src='http:\/\/www.amormisericordioso.org\/fr\/wp-content\/uploads\/2016\/06\/01_Ultima_Cena-495x400.jpg' width='495' height='400'  title='01_ultima_cena' alt='' \/><\/a> <a href='http:\/\/www.amormisericordioso.org\/fr\/wp-content\/uploads\/2016\/06\/02_Orto_del_Getsemani.jpg' data-rel='gallery-1' data-prev-img='http:\/\/www.amormisericordioso.org\/fr\/wp-content\/uploads\/2016\/06\/02_Orto_del_Getsemani-495x400.jpg' class='lightbox ' data-onclick='2' title=''  itemprop=\"thumbnailUrl\"  ><img class=\"wp-image-1790 avia-img-lazy-loading-not-1790\"   src='http:\/\/www.amormisericordioso.org\/fr\/wp-content\/uploads\/2016\/06\/02_Orto_del_Getsemani-495x400.jpg' width='495' height='400'  title='02_orto_del_getsemani' alt='' \/><\/a> <a href='http:\/\/www.amormisericordioso.org\/fr\/wp-content\/uploads\/2016\/06\/03_Flagellato.jpg' data-rel='gallery-1' data-prev-img='http:\/\/www.amormisericordioso.org\/fr\/wp-content\/uploads\/2016\/06\/03_Flagellato-495x400.jpg' class='lightbox ' data-onclick='3' title=''  itemprop=\"thumbnailUrl\"  ><img class=\"wp-image-1791 avia-img-lazy-loading-not-1791\"   src='http:\/\/www.amormisericordioso.org\/fr\/wp-content\/uploads\/2016\/06\/03_Flagellato-495x400.jpg' width='495' height='400'  title='03_flagellato' alt='' \/><\/a> <a href='http:\/\/www.amormisericordioso.org\/fr\/wp-content\/uploads\/2016\/06\/04_Caricato_della_croce.jpg' data-rel='gallery-1' data-prev-img='http:\/\/www.amormisericordioso.org\/fr\/wp-content\/uploads\/2016\/06\/04_Caricato_della_croce-495x400.jpg' class='lightbox ' data-onclick='4' title=''  itemprop=\"thumbnailUrl\"  ><img class=\"wp-image-1792 avia-img-lazy-loading-not-1792\"   src='http:\/\/www.amormisericordioso.org\/fr\/wp-content\/uploads\/2016\/06\/04_Caricato_della_croce-495x400.jpg' width='495' height='400'  title='04_caricato_della_croce' alt='' \/><\/a> <a href='http:\/\/www.amormisericordioso.org\/fr\/wp-content\/uploads\/2016\/06\/06_Con_Sua_Madre.jpg' data-rel='gallery-1' data-prev-img='http:\/\/www.amormisericordioso.org\/fr\/wp-content\/uploads\/2016\/06\/06_Con_Sua_Madre-495x400.jpg' class='lightbox ' data-onclick='5' title=''  itemprop=\"thumbnailUrl\"  ><img class=\"wp-image-1793 avia-img-lazy-loading-not-1793\"   src='http:\/\/www.amormisericordioso.org\/fr\/wp-content\/uploads\/2016\/06\/06_Con_Sua_Madre-495x400.jpg' width='495' height='400'  title='06_con_sua_madre' alt='' \/><\/a> <a href='http:\/\/www.amormisericordioso.org\/fr\/wp-content\/uploads\/2016\/06\/07_Le_pie_donne.jpg' data-rel='gallery-1' data-prev-img='http:\/\/www.amormisericordioso.org\/fr\/wp-content\/uploads\/2016\/06\/07_Le_pie_donne-495x400.jpg' class='lightbox ' data-onclick='6' title=''  itemprop=\"thumbnailUrl\"  ><img class=\"wp-image-1794 avia-img-lazy-loading-not-1794\"   src='http:\/\/www.amormisericordioso.org\/fr\/wp-content\/uploads\/2016\/06\/07_Le_pie_donne-495x400.jpg' width='495' height='400'  title='07_le_pie_donne' alt='' \/><\/a> <a href='http:\/\/www.amormisericordioso.org\/fr\/wp-content\/uploads\/2016\/06\/08_Cade_sotto_la_croce.jpg' data-rel='gallery-1' data-prev-img='http:\/\/www.amormisericordioso.org\/fr\/wp-content\/uploads\/2016\/06\/08_Cade_sotto_la_croce-495x400.jpg' class='first_thumb lightbox ' data-onclick='7' title=''  itemprop=\"thumbnailUrl\"  ><img class=\"wp-image-1795 avia-img-lazy-loading-not-1795\"   src='http:\/\/www.amormisericordioso.org\/fr\/wp-content\/uploads\/2016\/06\/08_Cade_sotto_la_croce-495x400.jpg' width='495' height='400'  title='08_cade_sotto_la_croce' alt='' \/><\/a> <a href='http:\/\/www.amormisericordioso.org\/fr\/wp-content\/uploads\/2016\/06\/09_Spogliato_delle_vesti.jpg' data-rel='gallery-1' data-prev-img='http:\/\/www.amormisericordioso.org\/fr\/wp-content\/uploads\/2016\/06\/09_Spogliato_delle_vesti-495x400.jpg' class='lightbox ' data-onclick='8' title=''  itemprop=\"thumbnailUrl\"  ><img class=\"wp-image-1796 avia-img-lazy-loading-not-1796\"   src='http:\/\/www.amormisericordioso.org\/fr\/wp-content\/uploads\/2016\/06\/09_Spogliato_delle_vesti-495x400.jpg' width='495' height='400'  title='09_spogliato_delle_vesti' alt='' \/><\/a> <a href='http:\/\/www.amormisericordioso.org\/fr\/wp-content\/uploads\/2016\/06\/11_Muore_sulla_croce.jpg' data-rel='gallery-1' data-prev-img='http:\/\/www.amormisericordioso.org\/fr\/wp-content\/uploads\/2016\/06\/11_Muore_sulla_croce-495x400.jpg' class='lightbox ' data-onclick='9' title=''  itemprop=\"thumbnailUrl\"  ><img class=\"wp-image-1798 avia-img-lazy-loading-not-1798\"   src='http:\/\/www.amormisericordioso.org\/fr\/wp-content\/uploads\/2016\/06\/11_Muore_sulla_croce-495x400.jpg' width='495' height='400'  title='11_muore_sulla_croce' alt='' \/><\/a> <a href='http:\/\/www.amormisericordioso.org\/fr\/wp-content\/uploads\/2016\/06\/12_Deposto_dalla_croce.jpg' data-rel='gallery-1' data-prev-img='http:\/\/www.amormisericordioso.org\/fr\/wp-content\/uploads\/2016\/06\/12_Deposto_dalla_croce-495x400.jpg' class='lightbox ' data-onclick='10' title=''  itemprop=\"thumbnailUrl\"  ><img class=\"wp-image-1799 avia-img-lazy-loading-not-1799\"   src='http:\/\/www.amormisericordioso.org\/fr\/wp-content\/uploads\/2016\/06\/12_Deposto_dalla_croce-495x400.jpg' width='495' height='400'  title='12_deposto_dalla_croce' alt='' \/><\/a> <a href='http:\/\/www.amormisericordioso.org\/fr\/wp-content\/uploads\/2016\/06\/13_Nel_sepolcro.jpg' data-rel='gallery-1' data-prev-img='http:\/\/www.amormisericordioso.org\/fr\/wp-content\/uploads\/2016\/06\/13_Nel_sepolcro-495x400.jpg' class='lightbox ' data-onclick='11' title=''  itemprop=\"thumbnailUrl\"  ><img class=\"wp-image-1800 avia-img-lazy-loading-not-1800\"   src='http:\/\/www.amormisericordioso.org\/fr\/wp-content\/uploads\/2016\/06\/13_Nel_sepolcro-495x400.jpg' width='495' height='400'  title='13_nel_sepolcro' alt='' \/><\/a> <a href='http:\/\/www.amormisericordioso.org\/fr\/wp-content\/uploads\/2016\/06\/14_La_resurrezione.jpg' data-rel='gallery-1' data-prev-img='http:\/\/www.amormisericordioso.org\/fr\/wp-content\/uploads\/2016\/06\/14_La_resurrezione-495x400.jpg' class='lightbox ' data-onclick='12' title=''  itemprop=\"thumbnailUrl\"  ><img class=\"wp-image-1801 avia-img-lazy-loading-not-1801\"   src='http:\/\/www.amormisericordioso.org\/fr\/wp-content\/uploads\/2016\/06\/14_La_resurrezione-495x400.jpg' width='495' height='400'  title='14_la_resurrezione' alt='' \/><\/a> <a href='http:\/\/www.amormisericordioso.org\/fr\/wp-content\/uploads\/2016\/06\/Via-Crucis-Collevalenza-II.jpg' data-rel='gallery-1' data-prev-img='http:\/\/www.amormisericordioso.org\/fr\/wp-content\/uploads\/2016\/06\/Via-Crucis-Collevalenza-II-495x400.jpg' class='first_thumb lightbox ' data-onclick='13' title=''  itemprop=\"thumbnailUrl\"  ><img class=\"wp-image-1802 avia-img-lazy-loading-not-1802\"   src='http:\/\/www.amormisericordioso.org\/fr\/wp-content\/uploads\/2016\/06\/Via-Crucis-Collevalenza-II-495x400.jpg' width='495' height='400'  title='via-crucis-collevalenza-ii' alt='' \/><\/a> <a href='http:\/\/www.amormisericordioso.org\/fr\/wp-content\/uploads\/2016\/06\/Via-Crucis-Collevalenza-III.jpg' data-rel='gallery-1' data-prev-img='http:\/\/www.amormisericordioso.org\/fr\/wp-content\/uploads\/2016\/06\/Via-Crucis-Collevalenza-III-495x400.jpg' class='lightbox ' data-onclick='14' title=''  itemprop=\"thumbnailUrl\"  ><img class=\"wp-image-1803 avia-img-lazy-loading-not-1803\"   src='http:\/\/www.amormisericordioso.org\/fr\/wp-content\/uploads\/2016\/06\/Via-Crucis-Collevalenza-III-495x400.jpg' width='495' height='400'  title='via-crucis-collevalenza-iii' alt='' \/><\/a> <a href='http:\/\/www.amormisericordioso.org\/fr\/wp-content\/uploads\/2016\/06\/Via-Crucis-Collevalenza-IV.jpg' data-rel='gallery-1' data-prev-img='http:\/\/www.amormisericordioso.org\/fr\/wp-content\/uploads\/2016\/06\/Via-Crucis-Collevalenza-IV-495x400.jpg' class='lightbox ' data-onclick='15' title=''  itemprop=\"thumbnailUrl\"  ><img class=\"wp-image-1804 avia-img-lazy-loading-not-1804\"   src='http:\/\/www.amormisericordioso.org\/fr\/wp-content\/uploads\/2016\/06\/Via-Crucis-Collevalenza-IV-495x400.jpg' width='495' height='400'  title='via-crucis-collevalenza-iv' alt='' \/><\/a> <a href='http:\/\/www.amormisericordioso.org\/fr\/wp-content\/uploads\/2016\/06\/Via-Crucis-Collevalenza-V.jpg' data-rel='gallery-1' data-prev-img='http:\/\/www.amormisericordioso.org\/fr\/wp-content\/uploads\/2016\/06\/Via-Crucis-Collevalenza-V-495x400.jpg' class='lightbox ' data-onclick='16' title=''  itemprop=\"thumbnailUrl\"  ><img class=\"wp-image-1805 avia-img-lazy-loading-not-1805\"   src='http:\/\/www.amormisericordioso.org\/fr\/wp-content\/uploads\/2016\/06\/Via-Crucis-Collevalenza-V-495x400.jpg' width='495' height='400'  title='via-crucis-collevalenza-v' alt='' \/><\/a> <a href='http:\/\/www.amormisericordioso.org\/fr\/wp-content\/uploads\/2016\/06\/Via-Crucis-Collevalenza-VI.jpg' data-rel='gallery-1' data-prev-img='http:\/\/www.amormisericordioso.org\/fr\/wp-content\/uploads\/2016\/06\/Via-Crucis-Collevalenza-VI.jpg' class='lightbox ' data-onclick='17' title=''  itemprop=\"thumbnailUrl\"  ><img class=\"wp-image-1806 avia-img-lazy-loading-not-1806\"   src='http:\/\/www.amormisericordioso.org\/fr\/wp-content\/uploads\/2016\/06\/Via-Crucis-Collevalenza-VI.jpg' width='400' height='378'  title='via-crucis-collevalenza-vi' alt='' \/><\/a> <a href='http:\/\/www.amormisericordioso.org\/fr\/wp-content\/uploads\/2016\/06\/Via-Crucis-Collevalenza.jpg' data-rel='gallery-1' data-prev-img='http:\/\/www.amormisericordioso.org\/fr\/wp-content\/uploads\/2016\/06\/Via-Crucis-Collevalenza-495x400.jpg' class='lightbox ' data-onclick='18' title=''  itemprop=\"thumbnailUrl\"  ><img class=\"wp-image-1807 avia-img-lazy-loading-not-1807\"   src='http:\/\/www.amormisericordioso.org\/fr\/wp-content\/uploads\/2016\/06\/Via-Crucis-Collevalenza-495x400.jpg' width='495' height='400'  title='via-crucis-collevalenza' alt='' \/><\/a><\/div><\/div><\/p><\/div><\/div><!--close column table wrapper. Autoclose: 1 -->\n<\/div><\/div><div class=\"flex_cell no_margin av_one_fourth  avia-builder-el-7  el_after_av_cell_three_fourth  avia-builder-el-last   \"  style='vertical-align:top; padding:30px; background-color:#ffffff; ' ><div class='flex_cell_inner' ><p><div class=\"flex_column av_one_full  flex_column_div av-zero-column-padding first  avia-builder-el-8  el_before_av_hr  avia-builder-el-first  \" style='border-radius:0px; '><p><div  class='avia-image-container  av-styling-    avia-builder-el-9  el_before_av_image  avia-builder-el-first  avia-align-center '  itemprop=\"image\" itemscope=\"itemscope\" itemtype=\"https:\/\/schema.org\/ImageObject\"  ><div class='avia-image-container-inner'><div class='avia-image-overlay-wrap'><a href='http:\/\/www.collevalenza.it' class='avia_image' target=\"_blank\" rel=\"noopener\"><img class='wp-image-1662 avia-img-lazy-loading-not-1662 avia_image' src='http:\/\/www.amormisericordioso.org\/fr\/wp-content\/uploads\/2015\/05\/Collevalenza02.jpg' alt='' title='collevalenza02'  itemprop=\"thumbnailUrl\"  \/><\/a><\/div><\/div><\/div><br \/>\n<div  class='avia-image-container  av-styling-    avia-builder-el-10  el_after_av_image  el_before_av_image  avia-align-center '  itemprop=\"image\" itemscope=\"itemscope\" itemtype=\"https:\/\/schema.org\/ImageObject\"  ><div class='avia-image-container-inner'><div class='avia-image-overlay-wrap'><a href='http:\/\/www.amormisericordioso.org\/fr\/mere-esperance-de-jesus\/' class='avia_image'  ><img class='wp-image-764 avia-img-lazy-loading-not-764 avia_image' src='http:\/\/www.amormisericordioso.org\/fr\/wp-content\/uploads\/2015\/10\/9con-los-brazos-abiertos-original.jpg' alt='' title='9con-los-brazos-abiertos-original'  itemprop=\"thumbnailUrl\"  \/><\/a><\/div><\/div><\/div><br \/>\n<div  class='avia-image-container  av-styling-    avia-builder-el-11  el_after_av_image  avia-builder-el-last  avia-align-center '  itemprop=\"image\" itemscope=\"itemscope\" itemtype=\"https:\/\/schema.org\/ImageObject\"  ><div class='avia-image-container-inner'><div class='avia-image-overlay-wrap'><a href='http:\/\/www.amormisericordioso.org\/fr\/famille-de-lamour-misericordieux\/ubicacion-en-el-mundo\/' class='avia_image'  ><img class='wp-image-530 avia-img-lazy-loading-not-530 avia_image' src='http:\/\/www.amormisericordioso.org\/fr\/wp-content\/uploads\/2015\/05\/banner-Mundo-FAM-frances.jpg' alt='' title='banner-Mundo-FAM-frances.jpg'  itemprop=\"thumbnailUrl\"  \/><\/a><\/div><\/div><\/div><\/p><\/div><div   class='hr hr-default   avia-builder-el-12  el_after_av_one_full  el_before_av_heading '><span class='hr-inner ' ><span class='hr-inner-style'><\/span><\/span><\/div><br \/>\n<div  style='padding-bottom:10px; ' class='av-special-heading av-special-heading-h3  blockquote modern-quote  avia-builder-el-13  el_after_av_hr  el_before_av_magazine  '><h3 class='av-special-heading-tag '  itemprop=\"headline\"  >\u00daltimas noticias<\/h3><div class='special-heading-border'><div class='special-heading-inner-border' ><\/div><\/div><\/div><br \/>\n<div  id=\"1\"  class='av-magazine   avia-builder-el-14  el_after_av_heading  el_before_av_image   av-magazine-top-bar-active av-magazine-tabs-active' ><div class='av-magazine-top-bar ' ><\/div><div class='av-magazine-group sort_all'><article class='av-magazine-entry av-magazine-entry-id-2566 av-magazine-format-standard av-magazine-type-post av-magazine-entry-1 av-magazine-entry-small '  itemscope=\"itemscope\" itemtype=\"https:\/\/schema.org\/CreativeWork\" ><div class='av-magazine-thumbnail'><a href='http:\/\/www.amormisericordioso.org\/fr\/le-sauveur-est-ne-jesus-christ\/' title='En lien avec : Le Sauveur est n\u00e9, J\u00e9sus Christ' class='av-magazine-thumbnail-link '><img loading=\"lazy\" decoding=\"async\" width=\"80\" height=\"80\" src=\"http:\/\/www.amormisericordioso.org\/fr\/wp-content\/uploads\/2021\/12\/R-9-80x80.jpg\" class=\"wp-image-2567 avia-img-lazy-loading-2567 attachment-thumbnail size-thumbnail wp-post-image\" alt=\"\" srcset=\"http:\/\/www.amormisericordioso.org\/fr\/wp-content\/uploads\/2021\/12\/R-9-80x80.jpg 80w, http:\/\/www.amormisericordioso.org\/fr\/wp-content\/uploads\/2021\/12\/R-9-36x36.jpg 36w, http:\/\/www.amormisericordioso.org\/fr\/wp-content\/uploads\/2021\/12\/R-9-180x180.jpg 180w\" sizes=\"auto, (max-width: 80px) 100vw, 80px\" \/><\/a><\/div><div class='av-magazine-content-wrap'><header class='entry-content-header'><time class='av-magazine-time updated'  itemprop=\"datePublished\" datetime=\"2021-12-25T10:00:44-06:00\" >25 d\u00e9cembre, 2021<\/time><h3 class='av-magazine-title entry-title '  itemprop=\"headline\" ><a href='http:\/\/www.amormisericordioso.org\/fr\/le-sauveur-est-ne-jesus-christ\/' title='En lien avec : Le Sauveur est n\u00e9, J\u00e9sus Christ'>Le Sauveur est n\u00e9, J\u00e9sus Christ<\/a><\/h3><\/header><\/div><footer class='entry-footer'><\/footer><\/article><article class='av-magazine-entry av-magazine-entry-id-2560 av-magazine-format-standard av-magazine-type-post av-magazine-entry-2 av-magazine-entry-small '  itemscope=\"itemscope\" itemtype=\"https:\/\/schema.org\/CreativeWork\" ><div class='av-magazine-thumbnail'><a href='http:\/\/www.amormisericordioso.org\/fr\/21-11-2021-la-sollenite-de-christ-roi\/' title='En lien avec : 21\/11\/2021: La sollenit\u00e9 de Christ Roi' class='av-magazine-thumbnail-link '><img loading=\"lazy\" decoding=\"async\" width=\"80\" height=\"80\" src=\"http:\/\/www.amormisericordioso.org\/fr\/wp-content\/uploads\/2021\/11\/23795673_10210564688693706_4898416747190409627_n-80x80.jpg\" class=\"wp-image-2562 avia-img-lazy-loading-2562 attachment-thumbnail size-thumbnail wp-post-image\" alt=\"\" srcset=\"http:\/\/www.amormisericordioso.org\/fr\/wp-content\/uploads\/2021\/11\/23795673_10210564688693706_4898416747190409627_n-80x80.jpg 80w, http:\/\/www.amormisericordioso.org\/fr\/wp-content\/uploads\/2021\/11\/23795673_10210564688693706_4898416747190409627_n-36x36.jpg 36w, http:\/\/www.amormisericordioso.org\/fr\/wp-content\/uploads\/2021\/11\/23795673_10210564688693706_4898416747190409627_n-180x180.jpg 180w\" sizes=\"auto, (max-width: 80px) 100vw, 80px\" \/><\/a><\/div><div class='av-magazine-content-wrap'><header class='entry-content-header'><time class='av-magazine-time updated'  itemprop=\"datePublished\" datetime=\"2021-11-21T06:00:32-06:00\" >21 novembre, 2021<\/time><h3 class='av-magazine-title entry-title '  itemprop=\"headline\" ><a href='http:\/\/www.amormisericordioso.org\/fr\/21-11-2021-la-sollenite-de-christ-roi\/' title='En lien avec : 21\/11\/2021: La sollenit\u00e9 de Christ Roi'>21\/11\/2021: La sollenit\u00e9 de Christ Roi<\/a><\/h3><\/header><\/div><footer class='entry-footer'><\/footer><\/article><article class='av-magazine-entry av-magazine-entry-id-2555 av-magazine-format-standard av-magazine-type-post av-magazine-entry-3 av-magazine-entry-small '  itemscope=\"itemscope\" itemtype=\"https:\/\/schema.org\/CreativeWork\" ><div class='av-magazine-thumbnail'><a href='http:\/\/www.amormisericordioso.org\/fr\/webinar-ce-s-a-m\/' title='En lien avec : Webinar Ce.S.A.M.' class='av-magazine-thumbnail-link '><img loading=\"lazy\" decoding=\"async\" width=\"80\" height=\"80\" src=\"http:\/\/www.amormisericordioso.org\/fr\/wp-content\/uploads\/2021\/03\/IMMAGINE-0-80x80.jpg\" class=\"wp-image-2556 avia-img-lazy-loading-2556 attachment-thumbnail size-thumbnail wp-post-image\" alt=\"\" srcset=\"http:\/\/www.amormisericordioso.org\/fr\/wp-content\/uploads\/2021\/03\/IMMAGINE-0-80x80.jpg 80w, http:\/\/www.amormisericordioso.org\/fr\/wp-content\/uploads\/2021\/03\/IMMAGINE-0-36x36.jpg 36w, http:\/\/www.amormisericordioso.org\/fr\/wp-content\/uploads\/2021\/03\/IMMAGINE-0-180x180.jpg 180w\" sizes=\"auto, (max-width: 80px) 100vw, 80px\" \/><\/a><\/div><div class='av-magazine-content-wrap'><header class='entry-content-header'><time class='av-magazine-time updated'  itemprop=\"datePublished\" datetime=\"2021-03-18T02:27:12-06:00\" >18 mars, 2021<\/time><h3 class='av-magazine-title entry-title '  itemprop=\"headline\" ><a href='http:\/\/www.amormisericordioso.org\/fr\/webinar-ce-s-a-m\/' title='En lien avec : Webinar Ce.S.A.M.'>Webinar Ce.S.A.M.<\/a><\/h3><\/header><\/div><footer class='entry-footer'><\/footer><\/article><article class='av-magazine-entry av-magazine-entry-id-2551 av-magazine-format-standard av-magazine-type-post av-magazine-entry-4 av-magazine-entry-small '  itemscope=\"itemscope\" itemtype=\"https:\/\/schema.org\/CreativeWork\" ><div class='av-magazine-thumbnail'><a href='http:\/\/www.amormisericordioso.org\/fr\/mere-esperance-dans-le-monde\/' title='En lien avec : M\u00e8re Esp\u00e9rance dans le monde' class='av-magazine-thumbnail-link '><img loading=\"lazy\" decoding=\"async\" width=\"80\" height=\"80\" src=\"http:\/\/www.amormisericordioso.org\/fr\/wp-content\/uploads\/2021\/02\/cover-80x80.jpg\" class=\"wp-image-2552 avia-img-lazy-loading-2552 attachment-thumbnail size-thumbnail wp-post-image\" alt=\"\" srcset=\"http:\/\/www.amormisericordioso.org\/fr\/wp-content\/uploads\/2021\/02\/cover-80x80.jpg 80w, http:\/\/www.amormisericordioso.org\/fr\/wp-content\/uploads\/2021\/02\/cover-36x36.jpg 36w, http:\/\/www.amormisericordioso.org\/fr\/wp-content\/uploads\/2021\/02\/cover-180x180.jpg 180w\" sizes=\"auto, (max-width: 80px) 100vw, 80px\" \/><\/a><\/div><div class='av-magazine-content-wrap'><header class='entry-content-header'><time class='av-magazine-time updated'  itemprop=\"datePublished\" datetime=\"2021-02-25T03:48:18-06:00\" >25 f\u00e9vrier, 2021<\/time><h3 class='av-magazine-title entry-title '  itemprop=\"headline\" ><a href='http:\/\/www.amormisericordioso.org\/fr\/mere-esperance-dans-le-monde\/' title='En lien avec : M\u00e8re Esp\u00e9rance dans le monde'>M\u00e8re Esp\u00e9rance dans le monde<\/a><\/h3><\/header><\/div><footer class='entry-footer'><\/footer><\/article><\/div><\/div><br \/>\n<div  class='avia-image-container  av-styling-    avia-builder-el-15  el_after_av_magazine  avia-builder-el-last  avia-align-center '  itemprop=\"image\" itemscope=\"itemscope\" itemtype=\"https:\/\/schema.org\/ImageObject\"  ><div class='avia-image-container-inner'><div class='avia-image-overlay-wrap'><a href='http:\/\/www.amormisericordioso.org\/fr\/multimedia\/' class='avia_image'  ><img class='wp-image-596 avia-img-lazy-loading-not-596 avia_image' src='http:\/\/www.amormisericordioso.org\/fr\/wp-content\/uploads\/2015\/05\/banner-galeria-frances-FAM1.png' alt='' title='banner-galeria-frances-FAM1.png'  itemprop=\"thumbnailUrl\"  \/><\/a><\/div><\/div><\/div><\/p>\n<\/div><\/div><\/div>\n","protected":false},"excerpt":{"rendered":"","protected":false},"author":1,"featured_media":2519,"parent":380,"menu_order":0,"comment_status":"closed","ping_status":"closed","template":"","meta":{"footnotes":""},"class_list":["post-975","page","type-page","status-publish","has-post-thumbnail","hentry"],"_links":{"self":[{"href":"http:\/\/www.amormisericordioso.org\/fr\/wp-json\/wp\/v2\/pages\/975","targetHints":{"allow":["GET"]}}],"collection":[{"href":"http:\/\/www.amormisericordioso.org\/fr\/wp-json\/wp\/v2\/pages"}],"about":[{"href":"http:\/\/www.amormisericordioso.org\/fr\/wp-json\/wp\/v2\/types\/page"}],"author":[{"embeddable":true,"href":"http:\/\/www.amormisericordioso.org\/fr\/wp-json\/wp\/v2\/users\/1"}],"replies":[{"embeddable":true,"href":"http:\/\/www.amormisericordioso.org\/fr\/wp-json\/wp\/v2\/comments?post=975"}],"version-history":[{"count":2,"href":"http:\/\/www.amormisericordioso.org\/fr\/wp-json\/wp\/v2\/pages\/975\/revisions"}],"predecessor-version":[{"id":2521,"href":"http:\/\/www.amormisericordioso.org\/fr\/wp-json\/wp\/v2\/pages\/975\/revisions\/2521"}],"up":[{"embeddable":true,"href":"http:\/\/www.amormisericordioso.org\/fr\/wp-json\/wp\/v2\/pages\/380"}],"wp:featuredmedia":[{"embeddable":true,"href":"http:\/\/www.amormisericordioso.org\/fr\/wp-json\/wp\/v2\/media\/2519"}],"wp:attachment":[{"href":"http:\/\/www.amormisericordioso.org\/fr\/wp-json\/wp\/v2\/media?parent=975"}],"curies":[{"name":"wp","href":"https:\/\/api.w.org\/{rel}","templated":true}]}}