{"id":965,"date":"2016-06-16T07:24:02","date_gmt":"2016-06-16T13:24:02","guid":{"rendered":"http:\/\/gananegocio.com\/fam\/?page_id=965"},"modified":"2019-06-07T12:17:16","modified_gmt":"2019-06-07T18:17:16","slug":"basilique","status":"publish","type":"page","link":"http:\/\/www.amormisericordioso.org\/fr\/santuario-de-collevalenza\/basilique\/","title":{"rendered":"Basilique"},"content":{"rendered":"<div id='av-layout-grid-1'  class='av-layout-grid-container entry-content-wrapper main_color av-flex-cells     avia-builder-el-0  avia-builder-el-no-sibling  container_wrap sidebar_right' style=' '  >\n<div class=\"flex_cell no_margin av_three_fourth  avia-builder-el-1  el_before_av_cell_one_fourth  avia-builder-el-first   \"  style='vertical-align:top; padding:30px; background-color:#ffffff; ' ><div class='flex_cell_inner' ><div class='flex_column_table av-equal-height-column-flextable -flextable' style='margin-top:-60px; margin-bottom:0px; '><div class=\"flex_column av_one_full  no_margin flex_column_table_cell av-equal-height-column av-align-top first  avia-builder-el-2  avia-builder-el-no-sibling  \" style='padding:30px; background-color:#ffffff; border-radius:0px; '><p><div  class='avia-image-container  av-styling-    avia-builder-el-3  el_before_av_heading  avia-builder-el-first  avia-align-center '  itemprop=\"image\" itemscope=\"itemscope\" itemtype=\"https:\/\/schema.org\/ImageObject\"  ><div class='avia-image-container-inner'><div class='avia-image-overlay-wrap'><img class='wp-image-2507 avia-img-lazy-loading-not-2507 avia_image' src='http:\/\/www.amormisericordioso.org\/fr\/wp-content\/uploads\/2016\/06\/primary-original-12.jpg' alt='' title='primary-original (12)' height=\"339\" width=\"624\"  itemprop=\"thumbnailUrl\"  \/><\/div><\/div><\/div><br \/>\n<div  style='padding-bottom:0px; ' class='av-special-heading av-special-heading-h1  blockquote modern-quote  avia-builder-el-4  el_after_av_image  el_before_av_textblock  '><h1 class='av-special-heading-tag '  itemprop=\"headline\"  >Basilique<\/h1><div class='special-heading-border'><div class='special-heading-inner-border' ><\/div><\/div><\/div><br \/>\n<section class=\"av_textblock_section \"  itemscope=\"itemscope\" itemtype=\"https:\/\/schema.org\/CreativeWork\" ><div class='avia_textblock  '  style='font-size:18px; '  itemprop=\"text\" ><p align=\"justify\"><a href=\"http:\/\/www.amormisericordioso.org\/ws\/images\/articles\/30\/Santuario%20de%20Collevalenza.jpg\"><img loading=\"lazy\" decoding=\"async\" class=\"alignleft\" src=\"http:\/\/www.amormisericordioso.org\/ws\/images\/articles\/30\/Santuario%20de%20Collevalenza.jpg\" alt=\"\" width=\"307\" height=\"200\" align=\"left\" border=\"0\" hspace=\"5\" vspace=\"5\" \/><\/a>En 1962, l\u2019architecte espagnol Julio Lafuente re\u00e7ut la demande de construire une \u00e9glise de style \u00e0 la fois moderne et traditionnel qui soit\u00a0<b>une v\u00e9ritable hymne architectonique \u00e0 l\u2019Amour Mis\u00e9ricordieux de Dieu<\/b>\u00a0; apr\u00e8s trois ans de construction, le Temple fut consacr\u00e9 et inaugur\u00e9 par l\u2019Ev\u00eaque de Todi et le Cardinal Ottaviani en pr\u00e9sence de 60 \u00e9v\u00eaques de diff\u00e9rentes nationalit\u00e9s.<\/p>\n<p align=\"justify\"><b><i>La marquise<\/i><\/b>\u00a0de la porte, form\u00e9e d\u2019une plaque basse et \u00e9paisse de ciment, oblige le p\u00e8lerin \u00e0 reconna\u00eetre la limite et la fragilit\u00e9 de sa condition humaine.<\/p>\n<p align=\"justify\"><b><em><a href=\"http:\/\/www.amormisericordioso.org\/ws\/images\/articles\/30\/La%20luz%20entra%20al%20Santuario.jpg\"><img loading=\"lazy\" decoding=\"async\" class=\"alignright\" src=\"http:\/\/www.amormisericordioso.org\/ws\/images\/articles\/30\/La%20luz%20entra%20al%20Santuario.jpg\" alt=\"\" width=\"217\" height=\"276\" align=\"right\" border=\"0\" hspace=\"5\" vspace=\"5\" \/><\/a><i>L\u2019int\u00e9rieur<\/i>, <\/em><\/b><em>au contraire, ample, lumineux et svelte, fait percevoir la grandeur de l\u2019amour et du pardon de Dieu.<\/em><b><em><br \/>\n<\/em><\/b><\/p>\n<p align=\"justify\"><b><i>La lumi\u00e8re<\/i><\/b>\u00a0est un des \u00e9l\u00e9ments fondamentaux de cet \u00e9difice, comme si elle \u00e9tait le mat\u00e9riel le plus pr\u00e9cieux\u00a0; elle p\u00e9n\u00e8tre non par des fen\u00eatres conventionnelles mais \u00e0 travers de nombreuses et diverses sources et de diff\u00e9rentes directions\u00a0: les petites ouvertures de la fa\u00e7ade, la fente en forme de croix dans le toit, le c\u00f4ne de la cupule, les hublots de lumi\u00e8re des cylindres, et les viraux des murs.<\/p>\n<p align=\"justify\">Au centre, sur un pavement rouge, se d\u00e9gagent l\u2019autel, l\u2019ambon et le tabernacle, en marbre blanc, et au-dessus d\u2019eux une\u00a0<b>\u00e9norme couronne<\/b>\u00a0en cuivre qui les circonscrit, mettant ainsi en \u00e9vidence la partie la plus sacr\u00e9e de l\u2019\u00e9glise.<\/p>\n<p align=\"justify\"><a href=\"http:\/\/www.amormisericordioso.org\/ws\/images\/articles\/30\/Organo.jpg\"><img loading=\"lazy\" decoding=\"async\" class=\"alignleft\" src=\"http:\/\/www.amormisericordioso.org\/ws\/images\/articles\/30\/Organo.jpg\" alt=\"\" width=\"203\" height=\"258\" align=\"left\" border=\"0\" hspace=\"5\" vspace=\"5\" \/><\/a>Pour chanter les merveilles de l\u2019Amour Mis\u00e9ricordieux, derri\u00e8re l\u2019autel, en haut \u00e0 droite, se trouve des\u00a0<b>grands orgues<\/b>, grandioses et anim\u00e9es,\u00a0<b>de la casa Tamburini<\/b>, montrant leurs jeu de trompettes en m\u00e9tal brillant.<\/p>\n<p align=\"justify\">La Basilique est originale aussi en raison de ses murs, form\u00e9s d\u2019\u00e9normes cylindres, qui sont creux et peuvent ainsi contenir de\u00a0<b>nombreuses chapelles<\/b>.<\/p>\n<p align=\"justify\">La chapelle pr\u00e8s du Tabernacle est d\u00e9di\u00e9e \u00e0\u00a0<b>Sainte Th\u00e9r\u00e8se de l\u2019Enfant J\u00e9sus<\/b>, ap\u00f4tre de l\u2019Amour Mis\u00e9ricordieux de Dieu. Elle apparut \u00e0 la M\u00e8re Esp\u00e9rance dans son enfance et lui dit\u00a0: \u00ab\u00a0Je vient de la part du Bon J\u00e9sus pour te dire que tu dois continuer ce que j\u2019ai commenc\u00e9\u2026\u00a0\u00bb<\/p>\n<p align=\"justify\"><a href=\"http:\/\/www.amormisericordioso.org\/ws\/images\/articles\/30\/Teresita%20del%20nino%20Jesus.jpg\"><img loading=\"lazy\" decoding=\"async\" class=\"alignright\" src=\"http:\/\/www.amormisericordioso.org\/ws\/images\/articles\/30\/Teresita%20del%20nino%20Jesus.jpg\" alt=\"\" width=\"207\" height=\"305\" align=\"right\" border=\"0\" hspace=\"5\" vspace=\"5\" \/><\/a>Dans la prochaine chapelle, en allant vers la sortie, se trouve la\u00a0<b>Vierge M\u00e9diatrice<\/b>, avec un lys sur la poitrine, d\u2019o\u00f9 fleurit l\u2019Eucharistie. Avec ses bras ouverts, par l\u2019attitude elle implore la mis\u00e9ricorde de son divin Fils\u00a0; avec ce tact maternel sp\u00e9cial, \u00e9lev\u00e9e aux cieux, elle continue \u00e0 obtenir pour nous le salut \u00e9ternel. L\u2019\u0153uvre est d peintre Elis Romagnoli.<\/p>\n<p align=\"justify\">L\u2019image de l\u2019<b>Enfant J\u00e9sus<\/b>, plac\u00e9e dans la prochaine chapelle, veut nous rappeler que le Seigneur, d\u00e9j\u00e0 d\u00e8s avant la croix, nous a montr\u00e9 son Amour mis\u00e9ricordieux par son Incarnation, en prenant notre nature humaine dans l\u2019humilit\u00e9 du mangeoire.<\/p>\n<p align=\"justify\">La derni\u00e8re chapelle, au fond de l\u2019\u00e9glise, est\u00a0<b>d\u00e9di\u00e9e aux \u00e2mes du purgatoire<\/b>. Les niches vides dans la pierre de l\u2019autel nous font penser \u00e0 la mis\u00e9ricorde de Dieu qui a voulu la r\u00e9surrection de nos corps \u00e0 la fin des temps, en vertu de la R\u00e9surrection de J\u00e9sus, qui seul avait le pouvoir de tuer la mort.<\/p>\n<p align=\"justify\"><a href=\"http:\/\/www.amormisericordioso.org\/ws\/images\/articles\/30\/Pagina57a.jpg\"><img loading=\"lazy\" decoding=\"async\" class=\"alignleft\" src=\"http:\/\/www.amormisericordioso.org\/ws\/images\/articles\/30\/Pagina57a.jpg\" alt=\"\" width=\"210\" height=\"283\" align=\"left\" border=\"0\" hspace=\"5\" vspace=\"5\" \/><\/a>Dans le premier cylindre \u00e0 gauche de l\u2019entr\u00e9e, se trouve un\u00a0<b>ascenseur<\/b>\u00a0qui relie la crypte avec la Basilique.<\/p>\n<p align=\"justify\">Dans la chapelle suivante, une s\u00e9rie de tableaux repr\u00e9sente les\u00a0<b>\u00e9v\u00e9nements principaux de la vie du Seigneur<\/b>. Leur disposition en forme de croix sugg\u00e8re que toute l\u2019existence terrestre du Christ a \u00e9t\u00e9 un acte sacrificiel pour notre salut\u00a0:\u00a0<i>\u00ab\u00a0<\/i><i>Celui qui n&rsquo;avait pas connu le p\u00e9ch\u00e9, Dieu l&rsquo;a, pour nous, identifi\u00e9 au p\u00e9ch\u00e9\u00a0\u00bb<\/i>. L\u2019\u0153uvre est du peintre espagnol Mariano Villalta, tout comme l\u2019est le Crucifix du vitrail au-dessus de l\u2019entr\u00e9e de la Basilique.<\/p>\n<p align=\"justify\"><a href=\"http:\/\/www.amormisericordioso.org\/ws\/images\/articles\/30\/Capilla%20del%20perdon.jpg\"><img loading=\"lazy\" decoding=\"async\" class=\"alignright\" src=\"http:\/\/www.amormisericordioso.org\/ws\/images\/articles\/30\/Capilla%20del%20perdon.jpg\" alt=\"\" width=\"213\" height=\"270\" align=\"right\" border=\"0\" hspace=\"5\" vspace=\"5\" \/><\/a>Dans le prochain cylindre, des\u00a0<b>confessionnaux sont dispos\u00e9s en rond<\/b>. Au-dessus d\u2019eux se trouve une \u00e9norme croix en bois. L\u2019ensemble nous rappelle que, dans le sacrement de la r\u00e9conciliation, tout homme peut exp\u00e9rimenter de fa\u00e7on particuli\u00e8re que la mis\u00e9ricorde de Dieu est plus forte que le p\u00e9ch\u00e9.<\/p>\n<p align=\"justify\">Sur le mur de la prochaine chapelle, quatre tableaux du peintre Longaretti pr\u00e9sent J\u00e9sus\u00a0<b>Mis\u00e9ricordieux qui s\u2019\u00e9mut devant la souffrance humaine\u00a0<\/b>: il ressuscite le fils de la veuve de Na\u00efn et la fille de Ja\u00efre\u00a0; il gu\u00e9rit les l\u00e9preux et le paralytique. Seul l\u2019Evangile peut nous donner une id\u00e9e de la mis\u00e9ricorde de J\u00e9sus pendant sa vie terrestre\u2026 il est pass\u00e9 en faisant le bien et il gu\u00e9rissait toute maladie.<\/p>\n<p align=\"justify\"><a href=\"http:\/\/www.amormisericordioso.org\/ws\/images\/articles\/30\/La%20Virgen%20del%20Pilar.jpg\"><img loading=\"lazy\" decoding=\"async\" class=\"alignleft\" src=\"http:\/\/www.amormisericordioso.org\/ws\/images\/articles\/30\/La%20Virgen%20del%20Pilar.jpg\" alt=\"\" width=\"267\" height=\"204\" align=\"left\" border=\"0\" hspace=\"5\" vspace=\"5\" \/><\/a>La\u00a0<b>petite Vierge du Pilar<\/b>, v\u00e9n\u00e9r\u00e9e en Espagne, est repr\u00e9sent\u00e9e dans l\u2019avant-derni\u00e8re chapelle. Elle rappelle l\u2019apparition de la Vierge \u00e0 l\u2019ap\u00f4tre Sainte Jacques, d\u00e9sesp\u00e9r\u00e9 dans son \u0153uvre d\u2019\u00e9vang\u00e9lisation\u00a0; Dieu se sert de Marie, comme d\u2019un instrument privil\u00e9gi\u00e9, pour attirer les hommes sur la voie du salut.<\/p>\n<p align=\"justify\">Dans la derni\u00e8re chapelle, l\u2019artiste espagnol Vaquero Turcios a repr\u00e9sent\u00e9, dans une tapisserie,\u00a0<b>saint Pierre et saint Paul<\/b>. L\u2019image avec les deux ap\u00f4tres, comme deux grandes colonnes, fait penser \u00e0 la force de la mis\u00e9ricorde de Dieu qui est capable de transformer des hommes p\u00e9cheurs en saints d\u2019une grandeur spirituelle exceptionnelle. <a href=\"http:\/\/www.amormisericordioso.org\/ws\/images\/articles\/30\/Presbiterio%20del%20Santuario.jpg\"><img loading=\"lazy\" decoding=\"async\" class=\"alignright\" src=\"http:\/\/www.amormisericordioso.org\/ws\/images\/articles\/30\/Presbiterio%20del%20Santuario.jpg\" alt=\"\" width=\"270\" height=\"216\" align=\"right\" border=\"0\" hspace=\"5\" vspace=\"5\" \/><\/a><\/p>\n<p align=\"justify\">L\u2019\u00e9glise re\u00e7ut le titre de Basilique en souvenir de la visite du\u00a0<b>pape Jean-Paul II \u00e0 Collevalenza, le 22 novembre 1981<\/b>. En ce jour, f\u00eate du Christ Roi, le Pape choisit ce sanctuaire pour prononcer et confirmer \u00e0 nouveaux le message de son encyclique\u00a0<i>Dives in Misericordia<\/i>, en le premier anniversaire de sa publication.<\/p>\n<\/div><\/section><\/p><\/div><\/div><!--close column table wrapper. Autoclose: 1 -->\n<\/div><\/div><div class=\"flex_cell no_margin av_one_fourth  avia-builder-el-6  el_after_av_cell_three_fourth  avia-builder-el-last   \"  style='vertical-align:top; padding:30px; background-color:#ffffff; ' ><div class='flex_cell_inner' ><p><div class=\"flex_column av_one_full  flex_column_div av-zero-column-padding first  avia-builder-el-7  el_before_av_hr  avia-builder-el-first  \" style='border-radius:0px; '><p><div  class='avia-image-container  av-styling-    avia-builder-el-8  el_before_av_image  avia-builder-el-first  avia-align-center '  itemprop=\"image\" itemscope=\"itemscope\" itemtype=\"https:\/\/schema.org\/ImageObject\"  ><div class='avia-image-container-inner'><div class='avia-image-overlay-wrap'><a href='http:\/\/www.collevalenza.it' class='avia_image' target=\"_blank\" rel=\"noopener\"><img class='wp-image-1662 avia-img-lazy-loading-not-1662 avia_image' src='http:\/\/www.amormisericordioso.org\/fr\/wp-content\/uploads\/2015\/05\/Collevalenza02.jpg' alt='' title='collevalenza02'  itemprop=\"thumbnailUrl\"  \/><\/a><\/div><\/div><\/div><br \/>\n<div  class='avia-image-container  av-styling-    avia-builder-el-9  el_after_av_image  el_before_av_image  avia-align-center '  itemprop=\"image\" itemscope=\"itemscope\" itemtype=\"https:\/\/schema.org\/ImageObject\"  ><div class='avia-image-container-inner'><div class='avia-image-overlay-wrap'><a href='http:\/\/www.amormisericordioso.org\/fr\/mere-esperance-de-jesus\/' class='avia_image'  ><img class='wp-image-764 avia-img-lazy-loading-not-764 avia_image' src='http:\/\/www.amormisericordioso.org\/fr\/wp-content\/uploads\/2015\/10\/9con-los-brazos-abiertos-original.jpg' alt='' title='9con-los-brazos-abiertos-original'  itemprop=\"thumbnailUrl\"  \/><\/a><\/div><\/div><\/div><br \/>\n<div  class='avia-image-container  av-styling-    avia-builder-el-10  el_after_av_image  avia-builder-el-last  avia-align-center '  itemprop=\"image\" itemscope=\"itemscope\" itemtype=\"https:\/\/schema.org\/ImageObject\"  ><div class='avia-image-container-inner'><div class='avia-image-overlay-wrap'><a href='http:\/\/www.amormisericordioso.org\/fr\/famille-de-lamour-misericordieux\/ubicacion-en-el-mundo\/' class='avia_image'  ><img class='wp-image-530 avia-img-lazy-loading-not-530 avia_image' src='http:\/\/www.amormisericordioso.org\/fr\/wp-content\/uploads\/2015\/05\/banner-Mundo-FAM-frances.jpg' alt='' title='banner-Mundo-FAM-frances.jpg'  itemprop=\"thumbnailUrl\"  \/><\/a><\/div><\/div><\/div><\/p><\/div><div   class='hr hr-default   avia-builder-el-11  el_after_av_one_full  el_before_av_heading '><span class='hr-inner ' ><span class='hr-inner-style'><\/span><\/span><\/div><br \/>\n<div  style='padding-bottom:10px; ' class='av-special-heading av-special-heading-h3  blockquote modern-quote  avia-builder-el-12  el_after_av_hr  el_before_av_magazine  '><h3 class='av-special-heading-tag '  itemprop=\"headline\"  >\u00daltimas noticias<\/h3><div class='special-heading-border'><div class='special-heading-inner-border' ><\/div><\/div><\/div><br \/>\n<div  id=\"1\"  class='av-magazine   avia-builder-el-13  el_after_av_heading  el_before_av_image   av-magazine-top-bar-active av-magazine-tabs-active' ><div class='av-magazine-top-bar ' ><\/div><div class='av-magazine-group sort_all'><article class='av-magazine-entry av-magazine-entry-id-2566 av-magazine-format-standard av-magazine-type-post av-magazine-entry-1 av-magazine-entry-small '  itemscope=\"itemscope\" itemtype=\"https:\/\/schema.org\/CreativeWork\" ><div class='av-magazine-thumbnail'><a href='http:\/\/www.amormisericordioso.org\/fr\/le-sauveur-est-ne-jesus-christ\/' title='En lien avec : Le Sauveur est n\u00e9, J\u00e9sus Christ' class='av-magazine-thumbnail-link '><img loading=\"lazy\" decoding=\"async\" width=\"80\" height=\"80\" src=\"http:\/\/www.amormisericordioso.org\/fr\/wp-content\/uploads\/2021\/12\/R-9-80x80.jpg\" class=\"wp-image-2567 avia-img-lazy-loading-2567 attachment-thumbnail size-thumbnail wp-post-image\" alt=\"\" srcset=\"http:\/\/www.amormisericordioso.org\/fr\/wp-content\/uploads\/2021\/12\/R-9-80x80.jpg 80w, http:\/\/www.amormisericordioso.org\/fr\/wp-content\/uploads\/2021\/12\/R-9-36x36.jpg 36w, http:\/\/www.amormisericordioso.org\/fr\/wp-content\/uploads\/2021\/12\/R-9-180x180.jpg 180w\" sizes=\"auto, (max-width: 80px) 100vw, 80px\" \/><\/a><\/div><div class='av-magazine-content-wrap'><header class='entry-content-header'><time class='av-magazine-time updated'  itemprop=\"datePublished\" datetime=\"2021-12-25T10:00:44-06:00\" >25 d\u00e9cembre, 2021<\/time><h3 class='av-magazine-title entry-title '  itemprop=\"headline\" ><a href='http:\/\/www.amormisericordioso.org\/fr\/le-sauveur-est-ne-jesus-christ\/' title='En lien avec : Le Sauveur est n\u00e9, J\u00e9sus Christ'>Le Sauveur est n\u00e9, J\u00e9sus Christ<\/a><\/h3><\/header><\/div><footer class='entry-footer'><\/footer><\/article><article class='av-magazine-entry av-magazine-entry-id-2560 av-magazine-format-standard av-magazine-type-post av-magazine-entry-2 av-magazine-entry-small '  itemscope=\"itemscope\" itemtype=\"https:\/\/schema.org\/CreativeWork\" ><div class='av-magazine-thumbnail'><a href='http:\/\/www.amormisericordioso.org\/fr\/21-11-2021-la-sollenite-de-christ-roi\/' title='En lien avec : 21\/11\/2021: La sollenit\u00e9 de Christ Roi' class='av-magazine-thumbnail-link '><img loading=\"lazy\" decoding=\"async\" width=\"80\" height=\"80\" src=\"http:\/\/www.amormisericordioso.org\/fr\/wp-content\/uploads\/2021\/11\/23795673_10210564688693706_4898416747190409627_n-80x80.jpg\" class=\"wp-image-2562 avia-img-lazy-loading-2562 attachment-thumbnail size-thumbnail wp-post-image\" alt=\"\" srcset=\"http:\/\/www.amormisericordioso.org\/fr\/wp-content\/uploads\/2021\/11\/23795673_10210564688693706_4898416747190409627_n-80x80.jpg 80w, http:\/\/www.amormisericordioso.org\/fr\/wp-content\/uploads\/2021\/11\/23795673_10210564688693706_4898416747190409627_n-36x36.jpg 36w, http:\/\/www.amormisericordioso.org\/fr\/wp-content\/uploads\/2021\/11\/23795673_10210564688693706_4898416747190409627_n-180x180.jpg 180w\" sizes=\"auto, (max-width: 80px) 100vw, 80px\" \/><\/a><\/div><div class='av-magazine-content-wrap'><header class='entry-content-header'><time class='av-magazine-time updated'  itemprop=\"datePublished\" datetime=\"2021-11-21T06:00:32-06:00\" >21 novembre, 2021<\/time><h3 class='av-magazine-title entry-title '  itemprop=\"headline\" ><a href='http:\/\/www.amormisericordioso.org\/fr\/21-11-2021-la-sollenite-de-christ-roi\/' title='En lien avec : 21\/11\/2021: La sollenit\u00e9 de Christ Roi'>21\/11\/2021: La sollenit\u00e9 de Christ Roi<\/a><\/h3><\/header><\/div><footer class='entry-footer'><\/footer><\/article><article class='av-magazine-entry av-magazine-entry-id-2555 av-magazine-format-standard av-magazine-type-post av-magazine-entry-3 av-magazine-entry-small '  itemscope=\"itemscope\" itemtype=\"https:\/\/schema.org\/CreativeWork\" ><div class='av-magazine-thumbnail'><a href='http:\/\/www.amormisericordioso.org\/fr\/webinar-ce-s-a-m\/' title='En lien avec : Webinar Ce.S.A.M.' class='av-magazine-thumbnail-link '><img loading=\"lazy\" decoding=\"async\" width=\"80\" height=\"80\" src=\"http:\/\/www.amormisericordioso.org\/fr\/wp-content\/uploads\/2021\/03\/IMMAGINE-0-80x80.jpg\" class=\"wp-image-2556 avia-img-lazy-loading-2556 attachment-thumbnail size-thumbnail wp-post-image\" alt=\"\" srcset=\"http:\/\/www.amormisericordioso.org\/fr\/wp-content\/uploads\/2021\/03\/IMMAGINE-0-80x80.jpg 80w, http:\/\/www.amormisericordioso.org\/fr\/wp-content\/uploads\/2021\/03\/IMMAGINE-0-36x36.jpg 36w, http:\/\/www.amormisericordioso.org\/fr\/wp-content\/uploads\/2021\/03\/IMMAGINE-0-180x180.jpg 180w\" sizes=\"auto, (max-width: 80px) 100vw, 80px\" \/><\/a><\/div><div class='av-magazine-content-wrap'><header class='entry-content-header'><time class='av-magazine-time updated'  itemprop=\"datePublished\" datetime=\"2021-03-18T02:27:12-06:00\" >18 mars, 2021<\/time><h3 class='av-magazine-title entry-title '  itemprop=\"headline\" ><a href='http:\/\/www.amormisericordioso.org\/fr\/webinar-ce-s-a-m\/' title='En lien avec : Webinar Ce.S.A.M.'>Webinar Ce.S.A.M.<\/a><\/h3><\/header><\/div><footer class='entry-footer'><\/footer><\/article><article class='av-magazine-entry av-magazine-entry-id-2551 av-magazine-format-standard av-magazine-type-post av-magazine-entry-4 av-magazine-entry-small '  itemscope=\"itemscope\" itemtype=\"https:\/\/schema.org\/CreativeWork\" ><div class='av-magazine-thumbnail'><a href='http:\/\/www.amormisericordioso.org\/fr\/mere-esperance-dans-le-monde\/' title='En lien avec : M\u00e8re Esp\u00e9rance dans le monde' class='av-magazine-thumbnail-link '><img loading=\"lazy\" decoding=\"async\" width=\"80\" height=\"80\" src=\"http:\/\/www.amormisericordioso.org\/fr\/wp-content\/uploads\/2021\/02\/cover-80x80.jpg\" class=\"wp-image-2552 avia-img-lazy-loading-2552 attachment-thumbnail size-thumbnail wp-post-image\" alt=\"\" srcset=\"http:\/\/www.amormisericordioso.org\/fr\/wp-content\/uploads\/2021\/02\/cover-80x80.jpg 80w, http:\/\/www.amormisericordioso.org\/fr\/wp-content\/uploads\/2021\/02\/cover-36x36.jpg 36w, http:\/\/www.amormisericordioso.org\/fr\/wp-content\/uploads\/2021\/02\/cover-180x180.jpg 180w\" sizes=\"auto, (max-width: 80px) 100vw, 80px\" \/><\/a><\/div><div class='av-magazine-content-wrap'><header class='entry-content-header'><time class='av-magazine-time updated'  itemprop=\"datePublished\" datetime=\"2021-02-25T03:48:18-06:00\" >25 f\u00e9vrier, 2021<\/time><h3 class='av-magazine-title entry-title '  itemprop=\"headline\" ><a href='http:\/\/www.amormisericordioso.org\/fr\/mere-esperance-dans-le-monde\/' title='En lien avec : M\u00e8re Esp\u00e9rance dans le monde'>M\u00e8re Esp\u00e9rance dans le monde<\/a><\/h3><\/header><\/div><footer class='entry-footer'><\/footer><\/article><\/div><\/div><br \/>\n<div  class='avia-image-container  av-styling-    avia-builder-el-14  el_after_av_magazine  avia-builder-el-last  avia-align-center '  itemprop=\"image\" itemscope=\"itemscope\" itemtype=\"https:\/\/schema.org\/ImageObject\"  ><div class='avia-image-container-inner'><div class='avia-image-overlay-wrap'><a href='http:\/\/www.amormisericordioso.org\/fr\/multimedia\/' class='avia_image'  ><img class='wp-image-596 avia-img-lazy-loading-not-596 avia_image' src='http:\/\/www.amormisericordioso.org\/fr\/wp-content\/uploads\/2015\/05\/banner-galeria-frances-FAM1.png' alt='' title='banner-galeria-frances-FAM1.png'  itemprop=\"thumbnailUrl\"  \/><\/a><\/div><\/div><\/div><\/p>\n<\/div><\/div><\/div>\n","protected":false},"excerpt":{"rendered":"","protected":false},"author":1,"featured_media":2507,"parent":380,"menu_order":0,"comment_status":"closed","ping_status":"closed","template":"","meta":{"footnotes":""},"class_list":["post-965","page","type-page","status-publish","has-post-thumbnail","hentry"],"_links":{"self":[{"href":"http:\/\/www.amormisericordioso.org\/fr\/wp-json\/wp\/v2\/pages\/965","targetHints":{"allow":["GET"]}}],"collection":[{"href":"http:\/\/www.amormisericordioso.org\/fr\/wp-json\/wp\/v2\/pages"}],"about":[{"href":"http:\/\/www.amormisericordioso.org\/fr\/wp-json\/wp\/v2\/types\/page"}],"author":[{"embeddable":true,"href":"http:\/\/www.amormisericordioso.org\/fr\/wp-json\/wp\/v2\/users\/1"}],"replies":[{"embeddable":true,"href":"http:\/\/www.amormisericordioso.org\/fr\/wp-json\/wp\/v2\/comments?post=965"}],"version-history":[{"count":2,"href":"http:\/\/www.amormisericordioso.org\/fr\/wp-json\/wp\/v2\/pages\/965\/revisions"}],"predecessor-version":[{"id":2509,"href":"http:\/\/www.amormisericordioso.org\/fr\/wp-json\/wp\/v2\/pages\/965\/revisions\/2509"}],"up":[{"embeddable":true,"href":"http:\/\/www.amormisericordioso.org\/fr\/wp-json\/wp\/v2\/pages\/380"}],"wp:featuredmedia":[{"embeddable":true,"href":"http:\/\/www.amormisericordioso.org\/fr\/wp-json\/wp\/v2\/media\/2507"}],"wp:attachment":[{"href":"http:\/\/www.amormisericordioso.org\/fr\/wp-json\/wp\/v2\/media?parent=965"}],"curies":[{"name":"wp","href":"https:\/\/api.w.org\/{rel}","templated":true}]}}