{"id":958,"date":"2016-06-16T07:13:54","date_gmt":"2016-06-16T13:13:54","guid":{"rendered":"http:\/\/gananegocio.com\/fam\/?page_id=958"},"modified":"2019-06-07T12:02:15","modified_gmt":"2019-06-07T18:02:15","slug":"differentes-parties-du-sanctuaire","status":"publish","type":"page","link":"http:\/\/www.amormisericordioso.org\/fr\/santuario-de-collevalenza\/differentes-parties-du-sanctuaire\/","title":{"rendered":"Diff\u00e9rentes parties du Sanctuaire"},"content":{"rendered":"<div id='av-layout-grid-1'  class='av-layout-grid-container entry-content-wrapper main_color av-flex-cells     avia-builder-el-0  avia-builder-el-no-sibling  container_wrap sidebar_right' style=' '  >\n<div class=\"flex_cell no_margin av_three_fourth  avia-builder-el-1  el_before_av_cell_one_fourth  avia-builder-el-first   \"  style='vertical-align:top; padding:30px; background-color:#ffffff; ' ><div class='flex_cell_inner' ><div class='flex_column_table av-equal-height-column-flextable -flextable' style='margin-top:-60px; margin-bottom:0px; '><div class=\"flex_column av_one_full  no_margin flex_column_table_cell av-equal-height-column av-align-top first  avia-builder-el-2  avia-builder-el-no-sibling  \" style='padding:30px; background-color:#ffffff; border-radius:0px; '><p><div  class='avia-image-container  av-styling-    avia-builder-el-3  el_before_av_heading  avia-builder-el-first  avia-align-center '  itemprop=\"image\" itemscope=\"itemscope\" itemtype=\"https:\/\/schema.org\/ImageObject\"  ><div class='avia-image-container-inner'><div class='avia-image-overlay-wrap'><img class='wp-image-2501 avia-img-lazy-loading-not-2501 avia_image' src='http:\/\/www.amormisericordioso.org\/fr\/wp-content\/uploads\/2016\/06\/unnamed-file.jpg' alt='' title='}' height=\"339\" width=\"624\"  itemprop=\"thumbnailUrl\"  \/><\/div><\/div><\/div><br \/>\n<div  style='padding-bottom:0px; ' class='av-special-heading av-special-heading-h1  blockquote modern-quote  avia-builder-el-4  el_after_av_image  el_before_av_textblock  '><h1 class='av-special-heading-tag '  itemprop=\"headline\"  >Diff\u00e9rentes parties du Sanctuaire<\/h1><div class='special-heading-border'><div class='special-heading-inner-border' ><\/div><\/div><\/div><br \/>\n<section class=\"av_textblock_section \"  itemscope=\"itemscope\" itemtype=\"https:\/\/schema.org\/CreativeWork\" ><div class='avia_textblock  '  style='font-size:18px; '  itemprop=\"text\" ><p align=\"justify\">Le p\u00e8lerin qui arrive \u00e0 Collevalenza se sent accueilli par\u00a0<b>une architecture moderne et sobre qui, avec un jeu intelligent de lignes concaves et convexes<\/b>, semble vouloir l\u2019envelopper dans une \u00e9treinte paternelle.<\/p>\n<p align=\"justify\">De plus, on per\u00e7oit\u00a0<b>une pr\u00e9sence maternelle<\/b>\u00a0et on se sent confort\u00e9 par \u00ab\u00a0une foi vive, une esp\u00e9rance ferme et une charit\u00e9 ardente\u00a0\u00bb qui\u00a0<b>ont guid\u00e9 la vie de la M\u00e8re Esp\u00e9rance<\/b>.<\/p>\n<p align=\"justify\">A Collevalenza, Dieu Amour Mis\u00e9ricordieux attend l\u2019homme. L\u2019atmosph\u00e8re de ce sanctuaire aide \u00e0 red\u00e9couvrir la mis\u00e9ricorde de Dieu.\u00a0<b>Paix, silence, pri\u00e8re et repos pour l\u2019\u00e2me qui a besoin de Dieu.<\/b><\/p>\n<\/div><\/section><br \/>\n<div  class='avia-gallery  avia-gallery-1 avia_lazyload avia-gallery-animate avia_animate_when_visible  avia-builder-el-6  el_after_av_textblock  avia-builder-el-last '  itemprop=\"image\" itemscope=\"itemscope\" itemtype=\"https:\/\/schema.org\/ImageObject\" ><div class='avia-gallery-thumb'> <a href='http:\/\/www.amormisericordioso.org\/fr\/wp-content\/uploads\/2016\/06\/11399_721068967983958_5584696991289742763_n.jpg' data-rel='gallery-1' data-prev-img='http:\/\/www.amormisericordioso.org\/fr\/wp-content\/uploads\/2016\/06\/11399_721068967983958_5584696991289742763_n-495x400.jpg' class='first_thumb lightbox ' data-onclick='1' title=''  itemprop=\"thumbnailUrl\"  ><img class=\"wp-image-1757 avia-img-lazy-loading-not-1757\"   src='http:\/\/www.amormisericordioso.org\/fr\/wp-content\/uploads\/2016\/06\/11399_721068967983958_5584696991289742763_n-495x400.jpg' width='495' height='400'  title='11399_721068967983958_5584696991289742763_n' alt='' \/><\/a> <a href='http:\/\/www.amormisericordioso.org\/fr\/wp-content\/uploads\/2016\/06\/10153726_720794441344744_3513984887545312611_n.jpg' data-rel='gallery-1' data-prev-img='http:\/\/www.amormisericordioso.org\/fr\/wp-content\/uploads\/2016\/06\/10153726_720794441344744_3513984887545312611_n-495x400.jpg' class='lightbox ' data-onclick='2' title=''  itemprop=\"thumbnailUrl\"  ><img class=\"wp-image-1758 avia-img-lazy-loading-not-1758\"   src='http:\/\/www.amormisericordioso.org\/fr\/wp-content\/uploads\/2016\/06\/10153726_720794441344744_3513984887545312611_n-495x400.jpg' width='495' height='400'  title='10153726_720794441344744_3513984887545312611_n' alt='' \/><\/a> <a href='http:\/\/www.amormisericordioso.org\/fr\/wp-content\/uploads\/2016\/06\/10408782_720794724678049_4989575472660349399_n.jpg' data-rel='gallery-1' data-prev-img='http:\/\/www.amormisericordioso.org\/fr\/wp-content\/uploads\/2016\/06\/10408782_720794724678049_4989575472660349399_n-495x400.jpg' class='lightbox ' data-onclick='3' title=''  itemprop=\"thumbnailUrl\"  ><img class=\"wp-image-1759 avia-img-lazy-loading-not-1759\"   src='http:\/\/www.amormisericordioso.org\/fr\/wp-content\/uploads\/2016\/06\/10408782_720794724678049_4989575472660349399_n-495x400.jpg' width='495' height='400'  title='10408782_720794724678049_4989575472660349399_n' alt='' \/><\/a> <a href='http:\/\/www.amormisericordioso.org\/fr\/wp-content\/uploads\/2016\/06\/10408950_720794438011411_5361006899668436695_n.jpg' data-rel='gallery-1' data-prev-img='http:\/\/www.amormisericordioso.org\/fr\/wp-content\/uploads\/2016\/06\/10408950_720794438011411_5361006899668436695_n-495x400.jpg' class='lightbox ' data-onclick='4' title=''  itemprop=\"thumbnailUrl\"  ><img class=\"wp-image-1760 avia-img-lazy-loading-not-1760\"   src='http:\/\/www.amormisericordioso.org\/fr\/wp-content\/uploads\/2016\/06\/10408950_720794438011411_5361006899668436695_n-495x400.jpg' width='495' height='400'  title='10408950_720794438011411_5361006899668436695_n' alt='' \/><\/a> <a href='http:\/\/www.amormisericordioso.org\/fr\/wp-content\/uploads\/2016\/06\/Basica-Interior-697x1030.jpg' data-rel='gallery-1' data-prev-img='http:\/\/www.amormisericordioso.org\/fr\/wp-content\/uploads\/2016\/06\/Basica-Interior-495x400.jpg' class='lightbox ' data-onclick='5' title=''  itemprop=\"thumbnailUrl\"  ><img class=\"wp-image-1761 avia-img-lazy-loading-not-1761\"   src='http:\/\/www.amormisericordioso.org\/fr\/wp-content\/uploads\/2016\/06\/Basica-Interior-495x400.jpg' width='495' height='400'  title='basica-interior' alt='' \/><\/a> <a href='http:\/\/www.amormisericordioso.org\/fr\/wp-content\/uploads\/2016\/06\/Capilla-del-Crucifijo.jpg' data-rel='gallery-1' data-prev-img='http:\/\/www.amormisericordioso.org\/fr\/wp-content\/uploads\/2016\/06\/Capilla-del-Crucifijo-495x400.jpg' class='first_thumb lightbox ' data-onclick='6' title=''  itemprop=\"thumbnailUrl\"  ><img class=\"wp-image-1762 avia-img-lazy-loading-not-1762\"   src='http:\/\/www.amormisericordioso.org\/fr\/wp-content\/uploads\/2016\/06\/Capilla-del-Crucifijo-495x400.jpg' width='495' height='400'  title='capilla-del-crucifijo' alt='' \/><\/a> <a href='http:\/\/www.amormisericordioso.org\/fr\/wp-content\/uploads\/2016\/06\/Capilla-del-perd\u00f3n.jpg' data-rel='gallery-1' data-prev-img='http:\/\/www.amormisericordioso.org\/fr\/wp-content\/uploads\/2016\/06\/Capilla-del-perd\u00f3n-495x400.jpg' class='lightbox ' data-onclick='7' title=''  itemprop=\"thumbnailUrl\"  ><img class=\"wp-image-1763 avia-img-lazy-loading-not-1763\"   src='http:\/\/www.amormisericordioso.org\/fr\/wp-content\/uploads\/2016\/06\/Capilla-del-perd\u00f3n-495x400.jpg' width='495' height='400'  title='capilla-del-perdon' alt='' \/><\/a> <a href='http:\/\/www.amormisericordioso.org\/fr\/wp-content\/uploads\/2016\/06\/La-luz-entra-al-Santuario.jpg' data-rel='gallery-1' data-prev-img='http:\/\/www.amormisericordioso.org\/fr\/wp-content\/uploads\/2016\/06\/La-luz-entra-al-Santuario-495x400.jpg' class='lightbox ' data-onclick='8' title=''  itemprop=\"thumbnailUrl\"  ><img class=\"wp-image-1764 avia-img-lazy-loading-not-1764\"   src='http:\/\/www.amormisericordioso.org\/fr\/wp-content\/uploads\/2016\/06\/La-luz-entra-al-Santuario-495x400.jpg' width='495' height='400'  title='la-luz-entra-al-santuario' alt='' \/><\/a> <a href='http:\/\/www.amormisericordioso.org\/fr\/wp-content\/uploads\/2016\/06\/Mosaico-de-la-cripta.jpg' data-rel='gallery-1' data-prev-img='http:\/\/www.amormisericordioso.org\/fr\/wp-content\/uploads\/2016\/06\/Mosaico-de-la-cripta-495x400.jpg' class='lightbox ' data-onclick='9' title=''  itemprop=\"thumbnailUrl\"  ><img class=\"wp-image-1765 avia-img-lazy-loading-not-1765\"   src='http:\/\/www.amormisericordioso.org\/fr\/wp-content\/uploads\/2016\/06\/Mosaico-de-la-cripta-495x400.jpg' width='495' height='400'  title='mosaico-de-la-cripta' alt='' \/><\/a> <a href='http:\/\/www.amormisericordioso.org\/fr\/wp-content\/uploads\/2016\/06\/Organo.jpg' data-rel='gallery-1' data-prev-img='http:\/\/www.amormisericordioso.org\/fr\/wp-content\/uploads\/2016\/06\/Organo-495x400.jpg' class='lightbox ' data-onclick='10' title=''  itemprop=\"thumbnailUrl\"  ><img class=\"wp-image-1766 avia-img-lazy-loading-not-1766\"   src='http:\/\/www.amormisericordioso.org\/fr\/wp-content\/uploads\/2016\/06\/Organo-495x400.jpg' width='495' height='400'  title='organo' alt='' \/><\/a> <a href='http:\/\/www.amormisericordioso.org\/fr\/wp-content\/uploads\/2016\/06\/Presbiterio-de-la-Capilla-del-Crucifijo.jpg' data-rel='gallery-1' data-prev-img='http:\/\/www.amormisericordioso.org\/fr\/wp-content\/uploads\/2016\/06\/Presbiterio-de-la-Capilla-del-Crucifijo-495x400.jpg' class='first_thumb lightbox ' data-onclick='11' title=''  itemprop=\"thumbnailUrl\"  ><img class=\"wp-image-1767 avia-img-lazy-loading-not-1767\"   src='http:\/\/www.amormisericordioso.org\/fr\/wp-content\/uploads\/2016\/06\/Presbiterio-de-la-Capilla-del-Crucifijo-495x400.jpg' width='495' height='400'  title='presbiterio-de-la-capilla-del-crucifijo' alt='' \/><\/a> <a href='http:\/\/www.amormisericordioso.org\/fr\/wp-content\/uploads\/2016\/06\/Presbiterio-de-la-Cripta.jpg' data-rel='gallery-1' data-prev-img='http:\/\/www.amormisericordioso.org\/fr\/wp-content\/uploads\/2016\/06\/Presbiterio-de-la-Cripta-495x400.jpg' class='lightbox ' data-onclick='12' title=''  itemprop=\"thumbnailUrl\"  ><img class=\"wp-image-1768 avia-img-lazy-loading-not-1768\"   src='http:\/\/www.amormisericordioso.org\/fr\/wp-content\/uploads\/2016\/06\/Presbiterio-de-la-Cripta-495x400.jpg' width='495' height='400'  title='presbiterio-de-la-cripta' alt='' \/><\/a> <a href='http:\/\/www.amormisericordioso.org\/fr\/wp-content\/uploads\/2016\/06\/Santuario-de-Collevalenza.jpg' data-rel='gallery-1' data-prev-img='http:\/\/www.amormisericordioso.org\/fr\/wp-content\/uploads\/2016\/06\/Santuario-de-Collevalenza-495x400.jpg' class='lightbox ' data-onclick='13' title=''  itemprop=\"thumbnailUrl\"  ><img class=\"wp-image-1769 avia-img-lazy-loading-not-1769\"   src='http:\/\/www.amormisericordioso.org\/fr\/wp-content\/uploads\/2016\/06\/Santuario-de-Collevalenza-495x400.jpg' width='495' height='400'  title='santuario-de-collevalenza' alt='' \/><\/a> <a href='http:\/\/www.amormisericordioso.org\/fr\/wp-content\/uploads\/2016\/06\/El-pozo.jpg' data-rel='gallery-1' data-prev-img='http:\/\/www.amormisericordioso.org\/fr\/wp-content\/uploads\/2016\/06\/El-pozo-495x400.jpg' class='lightbox ' data-onclick='14' title=''  itemprop=\"thumbnailUrl\"  ><img class=\"wp-image-1771 avia-img-lazy-loading-not-1771\"   src='http:\/\/www.amormisericordioso.org\/fr\/wp-content\/uploads\/2016\/06\/El-pozo-495x400.jpg' width='495' height='400'  title='el-pozo' alt='' \/><\/a> <a href='http:\/\/www.amormisericordioso.org\/fr\/wp-content\/uploads\/2016\/06\/Fachada.jpg' data-rel='gallery-1' data-prev-img='http:\/\/www.amormisericordioso.org\/fr\/wp-content\/uploads\/2016\/06\/Fachada-495x400.jpg' class='lightbox ' data-onclick='15' title=''  itemprop=\"thumbnailUrl\"  ><img class=\"wp-image-1772 avia-img-lazy-loading-not-1772\"   src='http:\/\/www.amormisericordioso.org\/fr\/wp-content\/uploads\/2016\/06\/Fachada-495x400.jpg' width='495' height='400'  title='fachada' alt='' \/><\/a><\/div><\/div><\/p><\/div><\/div><!--close column table wrapper. Autoclose: 1 -->\n<\/div><\/div><div class=\"flex_cell no_margin av_one_fourth  avia-builder-el-7  el_after_av_cell_three_fourth  avia-builder-el-last   \"  style='vertical-align:top; padding:30px; background-color:#ffffff; ' ><div class='flex_cell_inner' ><p><div class=\"flex_column av_one_full  flex_column_div av-zero-column-padding first  avia-builder-el-8  el_before_av_hr  avia-builder-el-first  \" style='border-radius:0px; '><p><div  class='avia-image-container  av-styling-    avia-builder-el-9  el_before_av_image  avia-builder-el-first  avia-align-center '  itemprop=\"image\" itemscope=\"itemscope\" itemtype=\"https:\/\/schema.org\/ImageObject\"  ><div class='avia-image-container-inner'><div class='avia-image-overlay-wrap'><a href='http:\/\/www.collevalenza.it' class='avia_image' target=\"_blank\" rel=\"noopener\"><img class='wp-image-1662 avia-img-lazy-loading-not-1662 avia_image' src='http:\/\/www.amormisericordioso.org\/fr\/wp-content\/uploads\/2015\/05\/Collevalenza02.jpg' alt='' title='collevalenza02'  itemprop=\"thumbnailUrl\"  \/><\/a><\/div><\/div><\/div><br \/>\n<div  class='avia-image-container  av-styling-    avia-builder-el-10  el_after_av_image  el_before_av_image  avia-align-center '  itemprop=\"image\" itemscope=\"itemscope\" itemtype=\"https:\/\/schema.org\/ImageObject\"  ><div class='avia-image-container-inner'><div class='avia-image-overlay-wrap'><a href='http:\/\/www.amormisericordioso.org\/fr\/mere-esperance-de-jesus\/' class='avia_image'  ><img class='wp-image-764 avia-img-lazy-loading-not-764 avia_image' src='http:\/\/www.amormisericordioso.org\/fr\/wp-content\/uploads\/2015\/10\/9con-los-brazos-abiertos-original.jpg' alt='' title='9con-los-brazos-abiertos-original'  itemprop=\"thumbnailUrl\"  \/><\/a><\/div><\/div><\/div><br \/>\n<div  class='avia-image-container  av-styling-    avia-builder-el-11  el_after_av_image  avia-builder-el-last  avia-align-center '  itemprop=\"image\" itemscope=\"itemscope\" itemtype=\"https:\/\/schema.org\/ImageObject\"  ><div class='avia-image-container-inner'><div class='avia-image-overlay-wrap'><a href='http:\/\/www.amormisericordioso.org\/fr\/famille-de-lamour-misericordieux\/ubicacion-en-el-mundo\/' class='avia_image'  ><img class='wp-image-530 avia-img-lazy-loading-not-530 avia_image' src='http:\/\/www.amormisericordioso.org\/fr\/wp-content\/uploads\/2015\/05\/banner-Mundo-FAM-frances.jpg' alt='' title='banner-Mundo-FAM-frances.jpg'  itemprop=\"thumbnailUrl\"  \/><\/a><\/div><\/div><\/div><\/p><\/div><div   class='hr hr-default   avia-builder-el-12  el_after_av_one_full  el_before_av_heading '><span class='hr-inner ' ><span class='hr-inner-style'><\/span><\/span><\/div><br \/>\n<div  style='padding-bottom:10px; ' class='av-special-heading av-special-heading-h3  blockquote modern-quote  avia-builder-el-13  el_after_av_hr  el_before_av_magazine  '><h3 class='av-special-heading-tag '  itemprop=\"headline\"  >\u00daltimas noticias<\/h3><div class='special-heading-border'><div class='special-heading-inner-border' ><\/div><\/div><\/div><br \/>\n<div  id=\"1\"  class='av-magazine   avia-builder-el-14  el_after_av_heading  el_before_av_image   av-magazine-top-bar-active av-magazine-tabs-active' ><div class='av-magazine-top-bar ' ><\/div><div class='av-magazine-group sort_all'><article class='av-magazine-entry av-magazine-entry-id-2566 av-magazine-format-standard av-magazine-type-post av-magazine-entry-1 av-magazine-entry-small '  itemscope=\"itemscope\" itemtype=\"https:\/\/schema.org\/CreativeWork\" ><div class='av-magazine-thumbnail'><a href='http:\/\/www.amormisericordioso.org\/fr\/le-sauveur-est-ne-jesus-christ\/' title='En lien avec : Le Sauveur est n\u00e9, J\u00e9sus Christ' class='av-magazine-thumbnail-link '><img loading=\"lazy\" decoding=\"async\" width=\"80\" height=\"80\" src=\"http:\/\/www.amormisericordioso.org\/fr\/wp-content\/uploads\/2021\/12\/R-9-80x80.jpg\" class=\"wp-image-2567 avia-img-lazy-loading-2567 attachment-thumbnail size-thumbnail wp-post-image\" alt=\"\" srcset=\"http:\/\/www.amormisericordioso.org\/fr\/wp-content\/uploads\/2021\/12\/R-9-80x80.jpg 80w, http:\/\/www.amormisericordioso.org\/fr\/wp-content\/uploads\/2021\/12\/R-9-36x36.jpg 36w, http:\/\/www.amormisericordioso.org\/fr\/wp-content\/uploads\/2021\/12\/R-9-180x180.jpg 180w\" sizes=\"auto, (max-width: 80px) 100vw, 80px\" \/><\/a><\/div><div class='av-magazine-content-wrap'><header class='entry-content-header'><time class='av-magazine-time updated'  itemprop=\"datePublished\" datetime=\"2021-12-25T10:00:44-06:00\" >25 d\u00e9cembre, 2021<\/time><h3 class='av-magazine-title entry-title '  itemprop=\"headline\" ><a href='http:\/\/www.amormisericordioso.org\/fr\/le-sauveur-est-ne-jesus-christ\/' title='En lien avec : Le Sauveur est n\u00e9, J\u00e9sus Christ'>Le Sauveur est n\u00e9, J\u00e9sus Christ<\/a><\/h3><\/header><\/div><footer class='entry-footer'><\/footer><\/article><article class='av-magazine-entry av-magazine-entry-id-2560 av-magazine-format-standard av-magazine-type-post av-magazine-entry-2 av-magazine-entry-small '  itemscope=\"itemscope\" itemtype=\"https:\/\/schema.org\/CreativeWork\" ><div class='av-magazine-thumbnail'><a href='http:\/\/www.amormisericordioso.org\/fr\/21-11-2021-la-sollenite-de-christ-roi\/' title='En lien avec : 21\/11\/2021: La sollenit\u00e9 de Christ Roi' class='av-magazine-thumbnail-link '><img loading=\"lazy\" decoding=\"async\" width=\"80\" height=\"80\" src=\"http:\/\/www.amormisericordioso.org\/fr\/wp-content\/uploads\/2021\/11\/23795673_10210564688693706_4898416747190409627_n-80x80.jpg\" class=\"wp-image-2562 avia-img-lazy-loading-2562 attachment-thumbnail size-thumbnail wp-post-image\" alt=\"\" srcset=\"http:\/\/www.amormisericordioso.org\/fr\/wp-content\/uploads\/2021\/11\/23795673_10210564688693706_4898416747190409627_n-80x80.jpg 80w, http:\/\/www.amormisericordioso.org\/fr\/wp-content\/uploads\/2021\/11\/23795673_10210564688693706_4898416747190409627_n-36x36.jpg 36w, http:\/\/www.amormisericordioso.org\/fr\/wp-content\/uploads\/2021\/11\/23795673_10210564688693706_4898416747190409627_n-180x180.jpg 180w\" sizes=\"auto, (max-width: 80px) 100vw, 80px\" \/><\/a><\/div><div class='av-magazine-content-wrap'><header class='entry-content-header'><time class='av-magazine-time updated'  itemprop=\"datePublished\" datetime=\"2021-11-21T06:00:32-06:00\" >21 novembre, 2021<\/time><h3 class='av-magazine-title entry-title '  itemprop=\"headline\" ><a href='http:\/\/www.amormisericordioso.org\/fr\/21-11-2021-la-sollenite-de-christ-roi\/' title='En lien avec : 21\/11\/2021: La sollenit\u00e9 de Christ Roi'>21\/11\/2021: La sollenit\u00e9 de Christ Roi<\/a><\/h3><\/header><\/div><footer class='entry-footer'><\/footer><\/article><article class='av-magazine-entry av-magazine-entry-id-2555 av-magazine-format-standard av-magazine-type-post av-magazine-entry-3 av-magazine-entry-small '  itemscope=\"itemscope\" itemtype=\"https:\/\/schema.org\/CreativeWork\" ><div class='av-magazine-thumbnail'><a href='http:\/\/www.amormisericordioso.org\/fr\/webinar-ce-s-a-m\/' title='En lien avec : Webinar Ce.S.A.M.' class='av-magazine-thumbnail-link '><img loading=\"lazy\" decoding=\"async\" width=\"80\" height=\"80\" src=\"http:\/\/www.amormisericordioso.org\/fr\/wp-content\/uploads\/2021\/03\/IMMAGINE-0-80x80.jpg\" class=\"wp-image-2556 avia-img-lazy-loading-2556 attachment-thumbnail size-thumbnail wp-post-image\" alt=\"\" srcset=\"http:\/\/www.amormisericordioso.org\/fr\/wp-content\/uploads\/2021\/03\/IMMAGINE-0-80x80.jpg 80w, http:\/\/www.amormisericordioso.org\/fr\/wp-content\/uploads\/2021\/03\/IMMAGINE-0-36x36.jpg 36w, http:\/\/www.amormisericordioso.org\/fr\/wp-content\/uploads\/2021\/03\/IMMAGINE-0-180x180.jpg 180w\" sizes=\"auto, (max-width: 80px) 100vw, 80px\" \/><\/a><\/div><div class='av-magazine-content-wrap'><header class='entry-content-header'><time class='av-magazine-time updated'  itemprop=\"datePublished\" datetime=\"2021-03-18T02:27:12-06:00\" >18 mars, 2021<\/time><h3 class='av-magazine-title entry-title '  itemprop=\"headline\" ><a href='http:\/\/www.amormisericordioso.org\/fr\/webinar-ce-s-a-m\/' title='En lien avec : Webinar Ce.S.A.M.'>Webinar Ce.S.A.M.<\/a><\/h3><\/header><\/div><footer class='entry-footer'><\/footer><\/article><article class='av-magazine-entry av-magazine-entry-id-2551 av-magazine-format-standard av-magazine-type-post av-magazine-entry-4 av-magazine-entry-small '  itemscope=\"itemscope\" itemtype=\"https:\/\/schema.org\/CreativeWork\" ><div class='av-magazine-thumbnail'><a href='http:\/\/www.amormisericordioso.org\/fr\/mere-esperance-dans-le-monde\/' title='En lien avec : M\u00e8re Esp\u00e9rance dans le monde' class='av-magazine-thumbnail-link '><img loading=\"lazy\" decoding=\"async\" width=\"80\" height=\"80\" src=\"http:\/\/www.amormisericordioso.org\/fr\/wp-content\/uploads\/2021\/02\/cover-80x80.jpg\" class=\"wp-image-2552 avia-img-lazy-loading-2552 attachment-thumbnail size-thumbnail wp-post-image\" alt=\"\" srcset=\"http:\/\/www.amormisericordioso.org\/fr\/wp-content\/uploads\/2021\/02\/cover-80x80.jpg 80w, http:\/\/www.amormisericordioso.org\/fr\/wp-content\/uploads\/2021\/02\/cover-36x36.jpg 36w, http:\/\/www.amormisericordioso.org\/fr\/wp-content\/uploads\/2021\/02\/cover-180x180.jpg 180w\" sizes=\"auto, (max-width: 80px) 100vw, 80px\" \/><\/a><\/div><div class='av-magazine-content-wrap'><header class='entry-content-header'><time class='av-magazine-time updated'  itemprop=\"datePublished\" datetime=\"2021-02-25T03:48:18-06:00\" >25 f\u00e9vrier, 2021<\/time><h3 class='av-magazine-title entry-title '  itemprop=\"headline\" ><a href='http:\/\/www.amormisericordioso.org\/fr\/mere-esperance-dans-le-monde\/' title='En lien avec : M\u00e8re Esp\u00e9rance dans le monde'>M\u00e8re Esp\u00e9rance dans le monde<\/a><\/h3><\/header><\/div><footer class='entry-footer'><\/footer><\/article><\/div><\/div><br \/>\n<div  class='avia-image-container  av-styling-    avia-builder-el-15  el_after_av_magazine  avia-builder-el-last  avia-align-center '  itemprop=\"image\" itemscope=\"itemscope\" itemtype=\"https:\/\/schema.org\/ImageObject\"  ><div class='avia-image-container-inner'><div class='avia-image-overlay-wrap'><a href='http:\/\/www.amormisericordioso.org\/fr\/multimedia\/' class='avia_image'  ><img class='wp-image-596 avia-img-lazy-loading-not-596 avia_image' src='http:\/\/www.amormisericordioso.org\/fr\/wp-content\/uploads\/2015\/05\/banner-galeria-frances-FAM1.png' alt='' title='banner-galeria-frances-FAM1.png'  itemprop=\"thumbnailUrl\"  \/><\/a><\/div><\/div><\/div><\/p>\n<\/div><\/div><\/div>\n","protected":false},"excerpt":{"rendered":"","protected":false},"author":1,"featured_media":2501,"parent":380,"menu_order":0,"comment_status":"closed","ping_status":"closed","template":"","meta":{"footnotes":""},"class_list":["post-958","page","type-page","status-publish","has-post-thumbnail","hentry"],"_links":{"self":[{"href":"http:\/\/www.amormisericordioso.org\/fr\/wp-json\/wp\/v2\/pages\/958","targetHints":{"allow":["GET"]}}],"collection":[{"href":"http:\/\/www.amormisericordioso.org\/fr\/wp-json\/wp\/v2\/pages"}],"about":[{"href":"http:\/\/www.amormisericordioso.org\/fr\/wp-json\/wp\/v2\/types\/page"}],"author":[{"embeddable":true,"href":"http:\/\/www.amormisericordioso.org\/fr\/wp-json\/wp\/v2\/users\/1"}],"replies":[{"embeddable":true,"href":"http:\/\/www.amormisericordioso.org\/fr\/wp-json\/wp\/v2\/comments?post=958"}],"version-history":[{"count":2,"href":"http:\/\/www.amormisericordioso.org\/fr\/wp-json\/wp\/v2\/pages\/958\/revisions"}],"predecessor-version":[{"id":2503,"href":"http:\/\/www.amormisericordioso.org\/fr\/wp-json\/wp\/v2\/pages\/958\/revisions\/2503"}],"up":[{"embeddable":true,"href":"http:\/\/www.amormisericordioso.org\/fr\/wp-json\/wp\/v2\/pages\/380"}],"wp:featuredmedia":[{"embeddable":true,"href":"http:\/\/www.amormisericordioso.org\/fr\/wp-json\/wp\/v2\/media\/2501"}],"wp:attachment":[{"href":"http:\/\/www.amormisericordioso.org\/fr\/wp-json\/wp\/v2\/media?parent=958"}],"curies":[{"name":"wp","href":"https:\/\/api.w.org\/{rel}","templated":true}]}}