{"id":956,"date":"2016-06-16T07:07:33","date_gmt":"2016-06-16T13:07:33","guid":{"rendered":"http:\/\/gananegocio.com\/fam\/?page_id=956"},"modified":"2019-06-07T11:54:37","modified_gmt":"2019-06-07T17:54:37","slug":"renseignements-pour-les-pelerins","status":"publish","type":"page","link":"http:\/\/www.amormisericordioso.org\/fr\/santuario-de-collevalenza\/renseignements-pour-les-pelerins\/","title":{"rendered":"Renseignements pour les p\u00e8lerins"},"content":{"rendered":"<div id='av-layout-grid-1'  class='av-layout-grid-container entry-content-wrapper main_color av-flex-cells     avia-builder-el-0  avia-builder-el-no-sibling  container_wrap sidebar_right' style=' '  >\n<div class=\"flex_cell no_margin av_three_fourth  avia-builder-el-1  el_before_av_cell_one_fourth  avia-builder-el-first   \"  style='vertical-align:top; padding:30px; background-color:#ffffff; ' ><div class='flex_cell_inner' ><div class='flex_column_table av-equal-height-column-flextable -flextable' style='margin-top:-60px; margin-bottom:0px; '><div class=\"flex_column av_one_full  no_margin flex_column_table_cell av-equal-height-column av-align-top first  avia-builder-el-2  avia-builder-el-no-sibling  \" style='padding:30px; background-color:#ffffff; border-radius:0px; '><p><div  class='avia-image-container  av-styling-    avia-builder-el-3  el_before_av_heading  avia-builder-el-first  avia-align-center '  itemprop=\"image\" itemscope=\"itemscope\" itemtype=\"https:\/\/schema.org\/ImageObject\"  ><div class='avia-image-container-inner'><div class='avia-image-overlay-wrap'><img class='wp-image-2498 avia-img-lazy-loading-not-2498 avia_image' src='http:\/\/www.amormisericordioso.org\/fr\/wp-content\/uploads\/2016\/06\/primary-original-10.jpg' alt='' title='primary-original (10)' height=\"339\" width=\"624\"  itemprop=\"thumbnailUrl\"  \/><\/div><\/div><\/div><br \/>\n<div  style='padding-bottom:0px; ' class='av-special-heading av-special-heading-h1  blockquote modern-quote  avia-builder-el-4  el_after_av_image  el_before_av_textblock  '><h1 class='av-special-heading-tag '  itemprop=\"headline\"  >Renseignements pour les p\u00e8lerins<\/h1><div class='special-heading-border'><div class='special-heading-inner-border' ><\/div><\/div><\/div><br \/>\n<section class=\"av_textblock_section \"  itemscope=\"itemscope\" itemtype=\"https:\/\/schema.org\/CreativeWork\" ><div class='avia_textblock  '  style='font-size:18px; '  itemprop=\"text\" ><p align=\"justify\">Le Sanctuaire de Collevalenza est situ\u00e9 dans le\u00a0<b>centre de la p\u00e9ninsule Italienne<\/b>, tr\u00e8s pr\u00e8s de la ville de Todi, dans la\u00a0<b>r\u00e9gion de l\u2019Ombrie.<\/b><\/p>\n<p align=\"justify\"><u>Pour venir \u00e0 Collevalenza<\/u>\u00a0:<\/p>\n<p align=\"justify\">De l\u2019autoroute del Sol (Rome-Florence)<\/p>\n<blockquote dir=\"ltr\">\n<p align=\"justify\">\u2022\u00a0<u>En venant du Nord<\/u>, il faut sortir au p\u00e9age de VALDICHIANA et suivre la route de P\u00e9rouse, Ponte San Giovanni, Todi, Collevalenza.<\/p>\n<p align=\"justify\"><u>\u2022 En venant du Sud<\/u>, il faut sortir au p\u00e9age de ORTE et suivre la voie vers P\u00e9rouse par Sangemini Acuasparta, jusqu\u2019\u00e0 la sortie de Collevalenza.<\/p>\n<\/blockquote>\n<p align=\"justify\">Service de car\u00a0:<\/p>\n<blockquote dir=\"ltr\">\n<p align=\"justify\">\u2022\u00a0<u>De Roma<\/u>\u00a0des cars vont, tous les jours de f\u00e9rie, \u00e0 Collevlenza depuis la station Tiburtina, \u00e0 8h15 et \u00e016h00.<\/p>\n<p align=\"justify\">\u2022\u00a0<u>De P\u00e9rouse<\/u>, des cars partent, tous les jours de f\u00e9rie, de la Plaza Partigiani, \u00e0 14h30.<\/p>\n<\/blockquote>\n<p align=\"justify\">SANCTUAIRE DE L\u2019AMOUR MIS\u00c9RICORDIEUX<\/p>\n<p align=\"justify\">\u00a0\u00a0\u00a0\u00a0\u00a0\u00a0\u00a0\u00a0\u00a0\u00a0\u00a0\u00a0 Internet:\u00a0<a href=\"http:\/\/www.collevalenza.it\/\" target=\"_blank\" rel=\"noopener\">http:\/\/www.collevalenza.it\/<\/a>\u00a0\u2013 E-mail:\u00a0<a href=\"mailto:acam@collevalenza.it\">acam@collevalenza.it<\/a><\/p>\n<p align=\"justify\">\u00a0\u00a0\u00a0\u00a0\u00a0\u00a0\u00a0\u00a0\u00a0\u00a0\u00a0\u00a0 T\u00e9l. (0039) 075 89 58 1 et Fax (0039) 075 89 58 228<\/p>\n<p align=\"justify\">CENTRE D\u2019INFORMATION<\/p>\n<p align=\"justify\">\u00a0\u00a0\u00a0\u00a0\u00a0\u00a0\u00a0\u00a0\u00a0\u00a0\u00a0\u00a0 T\u00e9l. (0039) 075 895 82 82 \u2013 E-mail:\u00a0<a href=\"mailto:informazioni@collevalenza.it\">informazioni@collevalenza.it<\/a><\/p>\n<table border=\"0\" width=\"90%\" cellspacing=\"5\" align=\"right\">\n<tbody>\n<tr>\n<td><\/td>\n<\/tr>\n<\/tbody>\n<\/table>\n<\/div><\/section><\/p><\/div><\/div><!--close column table wrapper. Autoclose: 1 -->\n<\/div><\/div><div class=\"flex_cell no_margin av_one_fourth  avia-builder-el-6  el_after_av_cell_three_fourth  avia-builder-el-last   \"  style='vertical-align:top; padding:30px; background-color:#ffffff; ' ><div class='flex_cell_inner' ><p><div class=\"flex_column av_one_full  flex_column_div av-zero-column-padding first  avia-builder-el-7  el_before_av_hr  avia-builder-el-first  \" style='border-radius:0px; '><p><div  class='avia-image-container  av-styling-    avia-builder-el-8  el_before_av_image  avia-builder-el-first  avia-align-center '  itemprop=\"image\" itemscope=\"itemscope\" itemtype=\"https:\/\/schema.org\/ImageObject\"  ><div class='avia-image-container-inner'><div class='avia-image-overlay-wrap'><a href='http:\/\/www.collevalenza.it' class='avia_image' target=\"_blank\" rel=\"noopener\"><img class='wp-image-1662 avia-img-lazy-loading-not-1662 avia_image' src='http:\/\/www.amormisericordioso.org\/fr\/wp-content\/uploads\/2015\/05\/Collevalenza02.jpg' alt='' title='collevalenza02'  itemprop=\"thumbnailUrl\"  \/><\/a><\/div><\/div><\/div><br \/>\n<div  class='avia-image-container  av-styling-    avia-builder-el-9  el_after_av_image  el_before_av_image  avia-align-center '  itemprop=\"image\" itemscope=\"itemscope\" itemtype=\"https:\/\/schema.org\/ImageObject\"  ><div class='avia-image-container-inner'><div class='avia-image-overlay-wrap'><a href='http:\/\/www.amormisericordioso.org\/fr\/mere-esperance-de-jesus\/' class='avia_image'  ><img class='wp-image-764 avia-img-lazy-loading-not-764 avia_image' src='http:\/\/www.amormisericordioso.org\/fr\/wp-content\/uploads\/2015\/10\/9con-los-brazos-abiertos-original.jpg' alt='' title='9con-los-brazos-abiertos-original'  itemprop=\"thumbnailUrl\"  \/><\/a><\/div><\/div><\/div><br \/>\n<div  class='avia-image-container  av-styling-    avia-builder-el-10  el_after_av_image  avia-builder-el-last  avia-align-center '  itemprop=\"image\" itemscope=\"itemscope\" itemtype=\"https:\/\/schema.org\/ImageObject\"  ><div class='avia-image-container-inner'><div class='avia-image-overlay-wrap'><a href='http:\/\/www.amormisericordioso.org\/fr\/famille-de-lamour-misericordieux\/ubicacion-en-el-mundo\/' class='avia_image'  ><img class='wp-image-530 avia-img-lazy-loading-not-530 avia_image' src='http:\/\/www.amormisericordioso.org\/fr\/wp-content\/uploads\/2015\/05\/banner-Mundo-FAM-frances.jpg' alt='' title='banner-Mundo-FAM-frances.jpg'  itemprop=\"thumbnailUrl\"  \/><\/a><\/div><\/div><\/div><\/p><\/div><div   class='hr hr-default   avia-builder-el-11  el_after_av_one_full  el_before_av_heading '><span class='hr-inner ' ><span class='hr-inner-style'><\/span><\/span><\/div><br \/>\n<div  style='padding-bottom:10px; ' class='av-special-heading av-special-heading-h3  blockquote modern-quote  avia-builder-el-12  el_after_av_hr  el_before_av_magazine  '><h3 class='av-special-heading-tag '  itemprop=\"headline\"  >\u00daltimas noticias<\/h3><div class='special-heading-border'><div class='special-heading-inner-border' ><\/div><\/div><\/div><br \/>\n<div  id=\"1\"  class='av-magazine   avia-builder-el-13  el_after_av_heading  el_before_av_image   av-magazine-top-bar-active av-magazine-tabs-active' ><div class='av-magazine-top-bar ' ><\/div><div class='av-magazine-group sort_all'><article class='av-magazine-entry av-magazine-entry-id-2566 av-magazine-format-standard av-magazine-type-post av-magazine-entry-1 av-magazine-entry-small '  itemscope=\"itemscope\" itemtype=\"https:\/\/schema.org\/CreativeWork\" ><div class='av-magazine-thumbnail'><a href='http:\/\/www.amormisericordioso.org\/fr\/le-sauveur-est-ne-jesus-christ\/' title='En lien avec : Le Sauveur est n\u00e9, J\u00e9sus Christ' class='av-magazine-thumbnail-link '><img loading=\"lazy\" decoding=\"async\" width=\"80\" height=\"80\" src=\"http:\/\/www.amormisericordioso.org\/fr\/wp-content\/uploads\/2021\/12\/R-9-80x80.jpg\" class=\"wp-image-2567 avia-img-lazy-loading-2567 attachment-thumbnail size-thumbnail wp-post-image\" alt=\"\" srcset=\"http:\/\/www.amormisericordioso.org\/fr\/wp-content\/uploads\/2021\/12\/R-9-80x80.jpg 80w, http:\/\/www.amormisericordioso.org\/fr\/wp-content\/uploads\/2021\/12\/R-9-36x36.jpg 36w, http:\/\/www.amormisericordioso.org\/fr\/wp-content\/uploads\/2021\/12\/R-9-180x180.jpg 180w\" sizes=\"auto, (max-width: 80px) 100vw, 80px\" \/><\/a><\/div><div class='av-magazine-content-wrap'><header class='entry-content-header'><time class='av-magazine-time updated'  itemprop=\"datePublished\" datetime=\"2021-12-25T10:00:44-06:00\" >25 d\u00e9cembre, 2021<\/time><h3 class='av-magazine-title entry-title '  itemprop=\"headline\" ><a href='http:\/\/www.amormisericordioso.org\/fr\/le-sauveur-est-ne-jesus-christ\/' title='En lien avec : Le Sauveur est n\u00e9, J\u00e9sus Christ'>Le Sauveur est n\u00e9, J\u00e9sus Christ<\/a><\/h3><\/header><\/div><footer class='entry-footer'><\/footer><\/article><article class='av-magazine-entry av-magazine-entry-id-2560 av-magazine-format-standard av-magazine-type-post av-magazine-entry-2 av-magazine-entry-small '  itemscope=\"itemscope\" itemtype=\"https:\/\/schema.org\/CreativeWork\" ><div class='av-magazine-thumbnail'><a href='http:\/\/www.amormisericordioso.org\/fr\/21-11-2021-la-sollenite-de-christ-roi\/' title='En lien avec : 21\/11\/2021: La sollenit\u00e9 de Christ Roi' class='av-magazine-thumbnail-link '><img loading=\"lazy\" decoding=\"async\" width=\"80\" height=\"80\" src=\"http:\/\/www.amormisericordioso.org\/fr\/wp-content\/uploads\/2021\/11\/23795673_10210564688693706_4898416747190409627_n-80x80.jpg\" class=\"wp-image-2562 avia-img-lazy-loading-2562 attachment-thumbnail size-thumbnail wp-post-image\" alt=\"\" srcset=\"http:\/\/www.amormisericordioso.org\/fr\/wp-content\/uploads\/2021\/11\/23795673_10210564688693706_4898416747190409627_n-80x80.jpg 80w, http:\/\/www.amormisericordioso.org\/fr\/wp-content\/uploads\/2021\/11\/23795673_10210564688693706_4898416747190409627_n-36x36.jpg 36w, http:\/\/www.amormisericordioso.org\/fr\/wp-content\/uploads\/2021\/11\/23795673_10210564688693706_4898416747190409627_n-180x180.jpg 180w\" sizes=\"auto, (max-width: 80px) 100vw, 80px\" \/><\/a><\/div><div class='av-magazine-content-wrap'><header class='entry-content-header'><time class='av-magazine-time updated'  itemprop=\"datePublished\" datetime=\"2021-11-21T06:00:32-06:00\" >21 novembre, 2021<\/time><h3 class='av-magazine-title entry-title '  itemprop=\"headline\" ><a href='http:\/\/www.amormisericordioso.org\/fr\/21-11-2021-la-sollenite-de-christ-roi\/' title='En lien avec : 21\/11\/2021: La sollenit\u00e9 de Christ Roi'>21\/11\/2021: La sollenit\u00e9 de Christ Roi<\/a><\/h3><\/header><\/div><footer class='entry-footer'><\/footer><\/article><article class='av-magazine-entry av-magazine-entry-id-2555 av-magazine-format-standard av-magazine-type-post av-magazine-entry-3 av-magazine-entry-small '  itemscope=\"itemscope\" itemtype=\"https:\/\/schema.org\/CreativeWork\" ><div class='av-magazine-thumbnail'><a href='http:\/\/www.amormisericordioso.org\/fr\/webinar-ce-s-a-m\/' title='En lien avec : Webinar Ce.S.A.M.' class='av-magazine-thumbnail-link '><img loading=\"lazy\" decoding=\"async\" width=\"80\" height=\"80\" src=\"http:\/\/www.amormisericordioso.org\/fr\/wp-content\/uploads\/2021\/03\/IMMAGINE-0-80x80.jpg\" class=\"wp-image-2556 avia-img-lazy-loading-2556 attachment-thumbnail size-thumbnail wp-post-image\" alt=\"\" srcset=\"http:\/\/www.amormisericordioso.org\/fr\/wp-content\/uploads\/2021\/03\/IMMAGINE-0-80x80.jpg 80w, http:\/\/www.amormisericordioso.org\/fr\/wp-content\/uploads\/2021\/03\/IMMAGINE-0-36x36.jpg 36w, http:\/\/www.amormisericordioso.org\/fr\/wp-content\/uploads\/2021\/03\/IMMAGINE-0-180x180.jpg 180w\" sizes=\"auto, (max-width: 80px) 100vw, 80px\" \/><\/a><\/div><div class='av-magazine-content-wrap'><header class='entry-content-header'><time class='av-magazine-time updated'  itemprop=\"datePublished\" datetime=\"2021-03-18T02:27:12-06:00\" >18 mars, 2021<\/time><h3 class='av-magazine-title entry-title '  itemprop=\"headline\" ><a href='http:\/\/www.amormisericordioso.org\/fr\/webinar-ce-s-a-m\/' title='En lien avec : Webinar Ce.S.A.M.'>Webinar Ce.S.A.M.<\/a><\/h3><\/header><\/div><footer class='entry-footer'><\/footer><\/article><article class='av-magazine-entry av-magazine-entry-id-2551 av-magazine-format-standard av-magazine-type-post av-magazine-entry-4 av-magazine-entry-small '  itemscope=\"itemscope\" itemtype=\"https:\/\/schema.org\/CreativeWork\" ><div class='av-magazine-thumbnail'><a href='http:\/\/www.amormisericordioso.org\/fr\/mere-esperance-dans-le-monde\/' title='En lien avec : M\u00e8re Esp\u00e9rance dans le monde' class='av-magazine-thumbnail-link '><img loading=\"lazy\" decoding=\"async\" width=\"80\" height=\"80\" src=\"http:\/\/www.amormisericordioso.org\/fr\/wp-content\/uploads\/2021\/02\/cover-80x80.jpg\" class=\"wp-image-2552 avia-img-lazy-loading-2552 attachment-thumbnail size-thumbnail wp-post-image\" alt=\"\" srcset=\"http:\/\/www.amormisericordioso.org\/fr\/wp-content\/uploads\/2021\/02\/cover-80x80.jpg 80w, http:\/\/www.amormisericordioso.org\/fr\/wp-content\/uploads\/2021\/02\/cover-36x36.jpg 36w, http:\/\/www.amormisericordioso.org\/fr\/wp-content\/uploads\/2021\/02\/cover-180x180.jpg 180w\" sizes=\"auto, (max-width: 80px) 100vw, 80px\" \/><\/a><\/div><div class='av-magazine-content-wrap'><header class='entry-content-header'><time class='av-magazine-time updated'  itemprop=\"datePublished\" datetime=\"2021-02-25T03:48:18-06:00\" >25 f\u00e9vrier, 2021<\/time><h3 class='av-magazine-title entry-title '  itemprop=\"headline\" ><a href='http:\/\/www.amormisericordioso.org\/fr\/mere-esperance-dans-le-monde\/' title='En lien avec : M\u00e8re Esp\u00e9rance dans le monde'>M\u00e8re Esp\u00e9rance dans le monde<\/a><\/h3><\/header><\/div><footer class='entry-footer'><\/footer><\/article><\/div><\/div><br \/>\n<div  class='avia-image-container  av-styling-    avia-builder-el-14  el_after_av_magazine  avia-builder-el-last  avia-align-center '  itemprop=\"image\" itemscope=\"itemscope\" itemtype=\"https:\/\/schema.org\/ImageObject\"  ><div class='avia-image-container-inner'><div class='avia-image-overlay-wrap'><a href='http:\/\/www.amormisericordioso.org\/fr\/multimedia\/' class='avia_image'  ><img class='wp-image-596 avia-img-lazy-loading-not-596 avia_image' src='http:\/\/www.amormisericordioso.org\/fr\/wp-content\/uploads\/2015\/05\/banner-galeria-frances-FAM1.png' alt='' title='banner-galeria-frances-FAM1.png'  itemprop=\"thumbnailUrl\"  \/><\/a><\/div><\/div><\/div><\/p>\n<\/div><\/div><\/div>\n","protected":false},"excerpt":{"rendered":"","protected":false},"author":1,"featured_media":2498,"parent":380,"menu_order":0,"comment_status":"closed","ping_status":"closed","template":"","meta":{"footnotes":""},"class_list":["post-956","page","type-page","status-publish","has-post-thumbnail","hentry"],"_links":{"self":[{"href":"http:\/\/www.amormisericordioso.org\/fr\/wp-json\/wp\/v2\/pages\/956","targetHints":{"allow":["GET"]}}],"collection":[{"href":"http:\/\/www.amormisericordioso.org\/fr\/wp-json\/wp\/v2\/pages"}],"about":[{"href":"http:\/\/www.amormisericordioso.org\/fr\/wp-json\/wp\/v2\/types\/page"}],"author":[{"embeddable":true,"href":"http:\/\/www.amormisericordioso.org\/fr\/wp-json\/wp\/v2\/users\/1"}],"replies":[{"embeddable":true,"href":"http:\/\/www.amormisericordioso.org\/fr\/wp-json\/wp\/v2\/comments?post=956"}],"version-history":[{"count":2,"href":"http:\/\/www.amormisericordioso.org\/fr\/wp-json\/wp\/v2\/pages\/956\/revisions"}],"predecessor-version":[{"id":2500,"href":"http:\/\/www.amormisericordioso.org\/fr\/wp-json\/wp\/v2\/pages\/956\/revisions\/2500"}],"up":[{"embeddable":true,"href":"http:\/\/www.amormisericordioso.org\/fr\/wp-json\/wp\/v2\/pages\/380"}],"wp:featuredmedia":[{"embeddable":true,"href":"http:\/\/www.amormisericordioso.org\/fr\/wp-json\/wp\/v2\/media\/2498"}],"wp:attachment":[{"href":"http:\/\/www.amormisericordioso.org\/fr\/wp-json\/wp\/v2\/media?parent=956"}],"curies":[{"name":"wp","href":"https:\/\/api.w.org\/{rel}","templated":true}]}}