{"id":822,"date":"2016-04-26T23:21:46","date_gmt":"2016-04-27T05:21:46","guid":{"rendered":"http:\/\/localhost:8888\/amormisericordioso\/?page_id=822"},"modified":"2019-06-06T20:36:01","modified_gmt":"2019-06-07T02:36:01","slug":"eam-pour-les-activites-temporelles","status":"publish","type":"page","link":"http:\/\/www.amormisericordioso.org\/fr\/esclavas-del-amor-misericordioso\/eam-pour-les-activites-temporelles\/","title":{"rendered":"EAM pour les activit\u00e9s temporelles"},"content":{"rendered":"<div id='av-layout-grid-1'  class='av-layout-grid-container entry-content-wrapper main_color av-flex-cells     avia-builder-el-0  avia-builder-el-no-sibling  container_wrap sidebar_right' style=' '  >\n<div class=\"flex_cell no_margin av_three_fourth  avia-builder-el-1  el_before_av_cell_one_fourth  avia-builder-el-first   \"  style='vertical-align:top; padding:30px; background-color:#ffffff; ' ><div class='flex_cell_inner' ><div class='flex_column_table av-equal-height-column-flextable -flextable' style='margin-top:-60px; margin-bottom:0px; '><div class=\"flex_column av_one_full  no_margin flex_column_table_cell av-equal-height-column av-align-top first  avia-builder-el-2  avia-builder-el-no-sibling  \" style='padding:30px; background-color:#ffffff; border-radius:0px; '><p><div  class='avia-image-container  av-styling-    avia-builder-el-3  el_before_av_heading  avia-builder-el-first  avia-align-center '  itemprop=\"image\" itemscope=\"itemscope\" itemtype=\"https:\/\/schema.org\/ImageObject\"  ><div class='avia-image-container-inner'><div class='avia-image-overlay-wrap'><img class='wp-image-2474 avia-img-lazy-loading-not-2474 avia_image' src='http:\/\/www.amormisericordioso.org\/fr\/wp-content\/uploads\/2016\/04\/primary-original-2-1.jpg' alt='' title='primary-original (2)' height=\"339\" width=\"624\"  itemprop=\"thumbnailUrl\"  \/><\/div><\/div><\/div><br \/>\n<div  style='padding-bottom:0px; ' class='av-special-heading av-special-heading-h1  blockquote modern-quote  avia-builder-el-4  el_after_av_image  el_before_av_textblock  '><h1 class='av-special-heading-tag '  itemprop=\"headline\"  >EAM pour les activit\u00e9s temporelles<\/h1><div class='special-heading-border'><div class='special-heading-inner-border' ><\/div><\/div><\/div><br \/>\n<section class=\"av_textblock_section \"  itemscope=\"itemscope\" itemtype=\"https:\/\/schema.org\/CreativeWork\" ><div class='avia_textblock  '  style='font-size:18px; '  itemprop=\"text\" ><p align=\"justify\">Elles furent\u00a0<b>fond\u00e9es le 11 f\u00e9vrier 1957, \u00e0 Fermo<\/b>, le jour m\u00eame o\u00f9 les premi\u00e8res Servantes firent leur premi\u00e8re profession religieuse.<\/p>\n<p align=\"justify\">Elles sont\u00a0<b>appel\u00e9es \u00e0 s\u2019ins\u00e9rer dans la soci\u00e9t\u00e9, pour y porter<\/b><b>l\u2019Amour Mis\u00e9ricordieux<\/b>\u00a0par le t\u00e9moignage d\u2019une vie chr\u00e9tienne\u00a0: \u00ab\u00a0<b>sans aucun signe ext\u00e9rieur de cons\u00e9cration\u00a0<\/b>\u00bb et dans le\u00a0<i>milieu<\/i>\u00a0de la mission qui est, de pr\u00e9f\u00e9rence, celui des \u00ab\u00a0structures et activit\u00e9s temporelles, en les animant chr\u00e9tiennement, de l\u2019int\u00e9rieur, par leur vie \u00e9vang\u00e9lique.<\/p>\n<p align=\"justify\">L\u2019insertion dans le temporel est, apparemment, \u00e0 titre personnel, tout come l\u2019est l\u2019insertion de tout la\u00efc ou des membres des instituts s\u00e9culiers. Elles re\u00e7oivent toujours la mission de la Congr\u00e9gation, m\u00eame si c\u2019est implicitement\u00a0; au contraire, la relation avec la r\u00e9alit\u00e9 temporelle appara\u00eet individuelle et directe.<\/p>\n<p align=\"justify\">Comme tous les religieux et religieuses, elles\u00a0<b>doivent vivre en communaut\u00e9 et cela les aide pour leur sanctification personnelle et \u00e0 pers\u00e9v\u00e9rer<\/b>, tout comme la M\u00e8re Fondatrice l\u2019affirmait.<\/p>\n<p align=\"justify\">Le mod\u00e8le pour ces Servantes est\u00a0<b>la vie cach\u00e9e de J\u00e9sus \u00e0 Nazareth<\/b>, ces ann\u00e9es qu\u2019il v\u00e9cut au milieu des gens comme leur semblable, travaillant parmi les autres et avec eux, sans r\u00e9v\u00e9ler sa propre identit\u00e9, mais laissant transpara\u00eetre une pr\u00e9sence de gr\u00e2ce extraordinaire. Et la vie dont\u00a0<b>Marie gardait dans son c\u0153ur le secret de l\u2019\u00e9lection divine<\/b>\u00a0; toutefois, quiconque avait la rencontrait percevrait avec clart\u00e9 que Dieu existe et qu\u2019Il est bon.<\/p>\n<p align=\"justify\">Leur id\u00e9al consiste en\u00a0<b>se faire pr\u00e9sence de gr\u00e2ce et transparence de Dieu dans tout milieu qu\u2019elles fr\u00e9quentent<\/b>\u00a0; \u00e9vangile qui m\u00eame sans paroles \u00ab\u00a0parle avec la vie\u00a0\u00bb.<\/p>\n<\/div><\/section><\/p><\/div><\/div><!--close column table wrapper. Autoclose: 1 -->\n<\/div><\/div><div class=\"flex_cell no_margin av_one_fourth  avia-builder-el-6  el_after_av_cell_three_fourth  avia-builder-el-last   \"  style='vertical-align:top; padding:30px; background-color:#ffffff; ' ><div class='flex_cell_inner' ><p><div class=\"flex_column av_one_full  flex_column_div av-zero-column-padding first  avia-builder-el-7  el_before_av_hr  avia-builder-el-first  \" style='border-radius:0px; '><p><div  class='avia-image-container  av-styling-    avia-builder-el-8  el_before_av_image  avia-builder-el-first  avia-align-center '  itemprop=\"image\" itemscope=\"itemscope\" itemtype=\"https:\/\/schema.org\/ImageObject\"  ><div class='avia-image-container-inner'><div class='avia-image-overlay-wrap'><a href='http:\/\/www.amormisericordioso.org\/fr\/mere-esperance-de-jesus\/' class='avia_image'  ><img class='wp-image-764 avia-img-lazy-loading-not-764 avia_image' src='http:\/\/www.amormisericordioso.org\/fr\/wp-content\/uploads\/2015\/10\/9con-los-brazos-abiertos-original.jpg' alt='' title='9con-los-brazos-abiertos-original'  itemprop=\"thumbnailUrl\"  \/><\/a><\/div><\/div><\/div><br \/>\n<div  class='avia-image-container  av-styling-    avia-builder-el-9  el_after_av_image  el_before_av_image  avia-align-center '  itemprop=\"image\" itemscope=\"itemscope\" itemtype=\"https:\/\/schema.org\/ImageObject\"  ><div class='avia-image-container-inner'><div class='avia-image-overlay-wrap'><a href='http:\/\/www.amormisericordioso.org\/fr\/santuario-de-collevalenza\/' class='avia_image'  ><img class='wp-image-645 avia-img-lazy-loading-not-645 avia_image' src='http:\/\/www.amormisericordioso.org\/fr\/wp-content\/uploads\/2015\/05\/principal-original-2.jpg' alt='' title='principal-original-2'  itemprop=\"thumbnailUrl\"  \/><\/a><\/div><\/div><\/div><br \/>\n<div  class='avia-image-container  av-styling-    avia-builder-el-10  el_after_av_image  avia-builder-el-last  avia-align-center '  itemprop=\"image\" itemscope=\"itemscope\" itemtype=\"https:\/\/schema.org\/ImageObject\"  ><div class='avia-image-container-inner'><div class='avia-image-overlay-wrap'><a href='http:\/\/www.amormisericordioso.org\/fr\/famille-de-lamour-misericordieux\/ubicacion-en-el-mundo\/' class='avia_image'  ><img class='wp-image-530 avia-img-lazy-loading-not-530 avia_image' src='http:\/\/www.amormisericordioso.org\/fr\/wp-content\/uploads\/2015\/05\/banner-Mundo-FAM-frances.jpg' alt='' title='banner-Mundo-FAM-frances.jpg'  itemprop=\"thumbnailUrl\"  \/><\/a><\/div><\/div><\/div><\/p><\/div><div   class='hr hr-default   avia-builder-el-11  el_after_av_one_full  el_before_av_heading '><span class='hr-inner ' ><span class='hr-inner-style'><\/span><\/span><\/div><br \/>\n<div  style='padding-bottom:10px; ' class='av-special-heading av-special-heading-h3  blockquote modern-quote  avia-builder-el-12  el_after_av_hr  el_before_av_magazine  '><h3 class='av-special-heading-tag '  itemprop=\"headline\"  >\u00daltimas noticias<\/h3><div class='special-heading-border'><div class='special-heading-inner-border' ><\/div><\/div><\/div><br \/>\n<div  id=\"1\"  class='av-magazine   avia-builder-el-13  el_after_av_heading  el_before_av_image   av-magazine-top-bar-active av-magazine-tabs-active' ><div class='av-magazine-top-bar ' ><\/div><div class='av-magazine-group sort_all'><article class='av-magazine-entry av-magazine-entry-id-2566 av-magazine-format-standard av-magazine-type-post av-magazine-entry-1 av-magazine-entry-small '  itemscope=\"itemscope\" itemtype=\"https:\/\/schema.org\/CreativeWork\" ><div class='av-magazine-thumbnail'><a href='http:\/\/www.amormisericordioso.org\/fr\/le-sauveur-est-ne-jesus-christ\/' title='En lien avec : Le Sauveur est n\u00e9, J\u00e9sus Christ' class='av-magazine-thumbnail-link '><img loading=\"lazy\" decoding=\"async\" width=\"80\" height=\"80\" src=\"http:\/\/www.amormisericordioso.org\/fr\/wp-content\/uploads\/2021\/12\/R-9-80x80.jpg\" class=\"wp-image-2567 avia-img-lazy-loading-2567 attachment-thumbnail size-thumbnail wp-post-image\" alt=\"\" srcset=\"http:\/\/www.amormisericordioso.org\/fr\/wp-content\/uploads\/2021\/12\/R-9-80x80.jpg 80w, http:\/\/www.amormisericordioso.org\/fr\/wp-content\/uploads\/2021\/12\/R-9-36x36.jpg 36w, http:\/\/www.amormisericordioso.org\/fr\/wp-content\/uploads\/2021\/12\/R-9-180x180.jpg 180w\" sizes=\"auto, (max-width: 80px) 100vw, 80px\" \/><\/a><\/div><div class='av-magazine-content-wrap'><header class='entry-content-header'><time class='av-magazine-time updated'  itemprop=\"datePublished\" datetime=\"2021-12-25T10:00:44-06:00\" >25 d\u00e9cembre, 2021<\/time><h3 class='av-magazine-title entry-title '  itemprop=\"headline\" ><a href='http:\/\/www.amormisericordioso.org\/fr\/le-sauveur-est-ne-jesus-christ\/' title='En lien avec : Le Sauveur est n\u00e9, J\u00e9sus Christ'>Le Sauveur est n\u00e9, J\u00e9sus Christ<\/a><\/h3><\/header><\/div><footer class='entry-footer'><\/footer><\/article><article class='av-magazine-entry av-magazine-entry-id-2560 av-magazine-format-standard av-magazine-type-post av-magazine-entry-2 av-magazine-entry-small '  itemscope=\"itemscope\" itemtype=\"https:\/\/schema.org\/CreativeWork\" ><div class='av-magazine-thumbnail'><a href='http:\/\/www.amormisericordioso.org\/fr\/21-11-2021-la-sollenite-de-christ-roi\/' title='En lien avec : 21\/11\/2021: La sollenit\u00e9 de Christ Roi' class='av-magazine-thumbnail-link '><img loading=\"lazy\" decoding=\"async\" width=\"80\" height=\"80\" src=\"http:\/\/www.amormisericordioso.org\/fr\/wp-content\/uploads\/2021\/11\/23795673_10210564688693706_4898416747190409627_n-80x80.jpg\" class=\"wp-image-2562 avia-img-lazy-loading-2562 attachment-thumbnail size-thumbnail wp-post-image\" alt=\"\" srcset=\"http:\/\/www.amormisericordioso.org\/fr\/wp-content\/uploads\/2021\/11\/23795673_10210564688693706_4898416747190409627_n-80x80.jpg 80w, http:\/\/www.amormisericordioso.org\/fr\/wp-content\/uploads\/2021\/11\/23795673_10210564688693706_4898416747190409627_n-36x36.jpg 36w, http:\/\/www.amormisericordioso.org\/fr\/wp-content\/uploads\/2021\/11\/23795673_10210564688693706_4898416747190409627_n-180x180.jpg 180w\" sizes=\"auto, (max-width: 80px) 100vw, 80px\" \/><\/a><\/div><div class='av-magazine-content-wrap'><header class='entry-content-header'><time class='av-magazine-time updated'  itemprop=\"datePublished\" datetime=\"2021-11-21T06:00:32-06:00\" >21 novembre, 2021<\/time><h3 class='av-magazine-title entry-title '  itemprop=\"headline\" ><a href='http:\/\/www.amormisericordioso.org\/fr\/21-11-2021-la-sollenite-de-christ-roi\/' title='En lien avec : 21\/11\/2021: La sollenit\u00e9 de Christ Roi'>21\/11\/2021: La sollenit\u00e9 de Christ Roi<\/a><\/h3><\/header><\/div><footer class='entry-footer'><\/footer><\/article><article class='av-magazine-entry av-magazine-entry-id-2555 av-magazine-format-standard av-magazine-type-post av-magazine-entry-3 av-magazine-entry-small '  itemscope=\"itemscope\" itemtype=\"https:\/\/schema.org\/CreativeWork\" ><div class='av-magazine-thumbnail'><a href='http:\/\/www.amormisericordioso.org\/fr\/webinar-ce-s-a-m\/' title='En lien avec : Webinar Ce.S.A.M.' class='av-magazine-thumbnail-link '><img loading=\"lazy\" decoding=\"async\" width=\"80\" height=\"80\" src=\"http:\/\/www.amormisericordioso.org\/fr\/wp-content\/uploads\/2021\/03\/IMMAGINE-0-80x80.jpg\" class=\"wp-image-2556 avia-img-lazy-loading-2556 attachment-thumbnail size-thumbnail wp-post-image\" alt=\"\" srcset=\"http:\/\/www.amormisericordioso.org\/fr\/wp-content\/uploads\/2021\/03\/IMMAGINE-0-80x80.jpg 80w, http:\/\/www.amormisericordioso.org\/fr\/wp-content\/uploads\/2021\/03\/IMMAGINE-0-36x36.jpg 36w, http:\/\/www.amormisericordioso.org\/fr\/wp-content\/uploads\/2021\/03\/IMMAGINE-0-180x180.jpg 180w\" sizes=\"auto, (max-width: 80px) 100vw, 80px\" \/><\/a><\/div><div class='av-magazine-content-wrap'><header class='entry-content-header'><time class='av-magazine-time updated'  itemprop=\"datePublished\" datetime=\"2021-03-18T02:27:12-06:00\" >18 mars, 2021<\/time><h3 class='av-magazine-title entry-title '  itemprop=\"headline\" ><a href='http:\/\/www.amormisericordioso.org\/fr\/webinar-ce-s-a-m\/' title='En lien avec : Webinar Ce.S.A.M.'>Webinar Ce.S.A.M.<\/a><\/h3><\/header><\/div><footer class='entry-footer'><\/footer><\/article><article class='av-magazine-entry av-magazine-entry-id-2551 av-magazine-format-standard av-magazine-type-post av-magazine-entry-4 av-magazine-entry-small '  itemscope=\"itemscope\" itemtype=\"https:\/\/schema.org\/CreativeWork\" ><div class='av-magazine-thumbnail'><a href='http:\/\/www.amormisericordioso.org\/fr\/mere-esperance-dans-le-monde\/' title='En lien avec : M\u00e8re Esp\u00e9rance dans le monde' class='av-magazine-thumbnail-link '><img loading=\"lazy\" decoding=\"async\" width=\"80\" height=\"80\" src=\"http:\/\/www.amormisericordioso.org\/fr\/wp-content\/uploads\/2021\/02\/cover-80x80.jpg\" class=\"wp-image-2552 avia-img-lazy-loading-2552 attachment-thumbnail size-thumbnail wp-post-image\" alt=\"\" srcset=\"http:\/\/www.amormisericordioso.org\/fr\/wp-content\/uploads\/2021\/02\/cover-80x80.jpg 80w, http:\/\/www.amormisericordioso.org\/fr\/wp-content\/uploads\/2021\/02\/cover-36x36.jpg 36w, http:\/\/www.amormisericordioso.org\/fr\/wp-content\/uploads\/2021\/02\/cover-180x180.jpg 180w\" sizes=\"auto, (max-width: 80px) 100vw, 80px\" \/><\/a><\/div><div class='av-magazine-content-wrap'><header class='entry-content-header'><time class='av-magazine-time updated'  itemprop=\"datePublished\" datetime=\"2021-02-25T03:48:18-06:00\" >25 f\u00e9vrier, 2021<\/time><h3 class='av-magazine-title entry-title '  itemprop=\"headline\" ><a href='http:\/\/www.amormisericordioso.org\/fr\/mere-esperance-dans-le-monde\/' title='En lien avec : M\u00e8re Esp\u00e9rance dans le monde'>M\u00e8re Esp\u00e9rance dans le monde<\/a><\/h3><\/header><\/div><footer class='entry-footer'><\/footer><\/article><\/div><\/div><br \/>\n<div  class='avia-image-container  av-styling-    avia-builder-el-14  el_after_av_magazine  avia-builder-el-last  avia-align-center '  itemprop=\"image\" itemscope=\"itemscope\" itemtype=\"https:\/\/schema.org\/ImageObject\"  ><div class='avia-image-container-inner'><div class='avia-image-overlay-wrap'><a href='http:\/\/www.amormisericordioso.org\/fr\/multimedia\/' class='avia_image'  ><img class='wp-image-596 avia-img-lazy-loading-not-596 avia_image' src='http:\/\/www.amormisericordioso.org\/fr\/wp-content\/uploads\/2015\/05\/banner-galeria-frances-FAM1.png' alt='' title='banner-galeria-frances-FAM1.png'  itemprop=\"thumbnailUrl\"  \/><\/a><\/div><\/div><\/div><\/p>\n<\/div><\/div><\/div>\n","protected":false},"excerpt":{"rendered":"","protected":false},"author":1,"featured_media":2474,"parent":25,"menu_order":0,"comment_status":"closed","ping_status":"closed","template":"","meta":{"footnotes":""},"class_list":["post-822","page","type-page","status-publish","has-post-thumbnail","hentry"],"_links":{"self":[{"href":"http:\/\/www.amormisericordioso.org\/fr\/wp-json\/wp\/v2\/pages\/822","targetHints":{"allow":["GET"]}}],"collection":[{"href":"http:\/\/www.amormisericordioso.org\/fr\/wp-json\/wp\/v2\/pages"}],"about":[{"href":"http:\/\/www.amormisericordioso.org\/fr\/wp-json\/wp\/v2\/types\/page"}],"author":[{"embeddable":true,"href":"http:\/\/www.amormisericordioso.org\/fr\/wp-json\/wp\/v2\/users\/1"}],"replies":[{"embeddable":true,"href":"http:\/\/www.amormisericordioso.org\/fr\/wp-json\/wp\/v2\/comments?post=822"}],"version-history":[{"count":1,"href":"http:\/\/www.amormisericordioso.org\/fr\/wp-json\/wp\/v2\/pages\/822\/revisions"}],"predecessor-version":[{"id":2475,"href":"http:\/\/www.amormisericordioso.org\/fr\/wp-json\/wp\/v2\/pages\/822\/revisions\/2475"}],"up":[{"embeddable":true,"href":"http:\/\/www.amormisericordioso.org\/fr\/wp-json\/wp\/v2\/pages\/25"}],"wp:featuredmedia":[{"embeddable":true,"href":"http:\/\/www.amormisericordioso.org\/fr\/wp-json\/wp\/v2\/media\/2474"}],"wp:attachment":[{"href":"http:\/\/www.amormisericordioso.org\/fr\/wp-json\/wp\/v2\/media?parent=822"}],"curies":[{"name":"wp","href":"https:\/\/api.w.org\/{rel}","templated":true}]}}