{"id":803,"date":"2016-04-26T22:22:20","date_gmt":"2016-04-27T04:22:20","guid":{"rendered":"http:\/\/localhost:8888\/amormisericordioso\/?page_id=803"},"modified":"2019-01-03T13:57:44","modified_gmt":"2019-01-03T19:57:44","slug":"testament-spirituel-de-la-mere","status":"publish","type":"page","link":"http:\/\/www.amormisericordioso.org\/fr\/mere-esperance-de-jesus\/testament-spirituel-de-la-mere\/","title":{"rendered":"Testament spirituel de la M\u00e8re"},"content":{"rendered":"<div id='av-layout-grid-1'  class='av-layout-grid-container entry-content-wrapper main_color av-flex-cells     avia-builder-el-0  avia-builder-el-no-sibling  container_wrap sidebar_right' style=' '  >\n<div class=\"flex_cell no_margin av_three_fourth  avia-builder-el-1  el_before_av_cell_one_fourth  avia-builder-el-first   \"  style='vertical-align:top; padding:30px; background-color:#ffffff; ' ><div class='flex_cell_inner' ><div class='flex_column_table av-equal-height-column-flextable -flextable' style='margin-top:-60px; margin-bottom:0px; '><div class=\"flex_column av_one_full  no_margin flex_column_table_cell av-equal-height-column av-align-top first  avia-builder-el-2  avia-builder-el-no-sibling  \" style='padding:30px; background-color:#ffffff; border-radius:0px; '><p><div  class='avia-image-container  av-styling-    avia-builder-el-3  el_before_av_heading  avia-builder-el-first  avia-align-center '  itemprop=\"image\" itemscope=\"itemscope\" itemtype=\"https:\/\/schema.org\/ImageObject\"  ><div class='avia-image-container-inner'><div class='avia-image-overlay-wrap'><img class='wp-image-2423 avia-img-lazy-loading-not-2423 avia_image' src='http:\/\/www.amormisericordioso.org\/fr\/wp-content\/uploads\/2016\/04\/primary-original11.jpg' alt='' title='primary-original11' height=\"339\" width=\"624\"  itemprop=\"thumbnailUrl\"  \/><\/div><\/div><\/div><br \/>\n<div  style='padding-bottom:0px; ' class='av-special-heading av-special-heading-h1  blockquote modern-quote  avia-builder-el-4  el_after_av_image  el_before_av_hr  '><h1 class='av-special-heading-tag '  itemprop=\"headline\"  >Testament spirituel de la M\u00e8re<\/h1><div class='special-heading-border'><div class='special-heading-inner-border' ><\/div><\/div><\/div><br \/>\n<div  style='height:30px' class='hr hr-invisible   avia-builder-el-5  el_after_av_heading  el_before_av_textblock '><span class='hr-inner ' ><span class='hr-inner-style'><\/span><\/span><\/div><br \/>\n<section class=\"av_textblock_section \"  itemscope=\"itemscope\" itemtype=\"https:\/\/schema.org\/CreativeWork\" ><div class='avia_textblock  '  style='font-size:18px; '  itemprop=\"text\" ><h1 style=\"text-align: left;\" align=\"center\"><\/h1>\n<p align=\"justify\"><b>-Tout par amour-<\/b><\/p>\n<p align=\"justify\">Au nom du P\u00e8re, du Fils et du Saint-Esprit, j\u2019\u00e9cris \u00e0 mes bien-aim\u00e9s files et mes bien-aim\u00e9es filles ce Testament.<\/p>\n<p align=\"justify\">Je\u00a0<b>confie<\/b>\u00a0\u00e0 la Tr\u00e8s Sainte Vierge tous mes fils et filles et mes deux Congr\u00e9gations bien-aim\u00e9es, et tous les pauvres accueillis en elles.<\/p>\n<p align=\"justify\">Je\u00a0<b>d\u00e9sire laisser<\/b>\u00a0\u00e0 mes fils et \u00e0 mes filles le pr\u00e9cieux h\u00e9ritage que j\u2019ai re\u00e7u, gratuitement et sans aucun m\u00e9rite de ma part, du Bon J\u00e9sus.<\/p>\n<p align=\"justify\"><b>Ces biens sont\u00a0:<\/b><\/p>\n<p align=\"justify\">Une foi vive en le P\u00e8re \u00c9ternel, en son Divin Fils, en l\u2019Esprit Saint, en le Saint Evangile, en la Sainte Eucharistie, en le triomphe de la R\u00e9surrection et la Gloire du Bon J\u00e9sus et en tout ce qu\u2019enseigne notre Sainte M\u00e8re l\u2019Eglise Catholique Apostolique Romaine.<br \/>\n<u>Une esp\u00e9rance ferme, Une ardente charit\u00e9, Un amour fort pour le Bon J\u00e9sus<\/u>\u00a0et de Constitutions dict\u00e9es par lui et \u00e9crites pleines de foi et confiance par cette pauvre cr\u00e9ature, pour que mes bien-aim\u00e9s fils et mes bien-aim\u00e9es filles soient riches en \u00e9ternit\u00e9, car en les accomplissant \u00e0 la lettre, elles seront le capital fort qui les enrichira en la Patrie C\u00e9leste\u00a0: les avertissant que le Bon J\u00e9sus se charge de faire justice \u00e0 tous ces fils et filles qui, consid\u00e9rant ces ch\u00e8res Constitutions sans amour et respect, cessent d\u2019accomplir ce qu\u2019elles ordonnent ou osent changer ou modifier une chose qui touche \u00e0 l\u2019esprit et la fin des ces saintes Constitutions.<\/p>\n<p align=\"justify\">Je souhaite que tous mes fils et filles soient tr\u00e8s pauvres en biens mat\u00e9riels mais riches en vertus, surtout des vertus cardinales\u00a0: Prudence, Justice, Force et Temp\u00e9rance, verus qui repr\u00e9sentent la Passion et le mort de notre Divin Ma\u00eetre, et qui sont celles qui doivent briller dans le Fils et dans la Servante de l\u2019Amour Mis\u00e9ricordieux, ensemble avec la foi, l\u2019esp\u00e9rance et la charit\u00e9.<\/p>\n<p align=\"justify\"><b>Recommandations<\/b>\u00a0que je fais \u00e0 mes bien-aim\u00e9s fils et \u00e0 mes bien-aim\u00e9es filles\u00a0:<\/p>\n<p align=\"justify\">Soyez humbles, aimez-vous les uns les autres, d\u00e9racinez de votre c\u0153ur les jugements t\u00e9m\u00e9raires, ne recherchez jamais les charges ou les positions \u00e9lev\u00e9es, restez entre les mains de l\u2019ob\u00e9issance comme des enfants\u00a0; n\u2019ayez jamais de discussions ou de disputes, ne vous occupez jamais des choses dont vous n\u2019avez pas la charge, soyez tr\u00e8s charitables et aimez la pri\u00e8re, puisque c\u2019est le moyen pour obtenir la gr\u00e2ce et la gloire est la pri\u00e8re\u00a0; suivez toujours la voie \u00e9troite de la mortification\u00a0; travaillez pour acqu\u00e9rir le d\u00e9tachement et le m\u00e9pris de soi, vous y r\u00e9ussirez avec la connaissance de Notre Dieu, son amour et la connaissance de votre n\u00e9ant et de vos mis\u00e8res\u00a0; essayez de faire toujours et en tout la Volont\u00e9 de Notre Dieu et cherchez toujours sa gloire et non la v\u00f4tre.<\/p>\n<p align=\"justify\">Gardez-vous, mes fils, de toute avarice\u00a0; efforcez \u00e0 n\u2019avoir aucun attachement \u00e0 choses de la terre, puisque le Fils et l\u2019a Servante de l\u2019Amour Mis\u00e9ricordieux doivent avoir comme occupation la charit\u00e9, les choses divines et spirituelles, et vous y arriverez facilement si vos c\u0153urs son fix\u00e9s sur le Bon J\u00e9sus.<\/p>\n<p align=\"justify\">Marchez avec grande attention pour ne pas vous impliquez dans de soins \u00e9trangers \u00e0 votre vocation et \u00e0 votre \u00e9tat\u00a0; ne vous m\u00ealez\u00a0 jamais d\u2019affaires s\u00e9culiers contraires \u00e0 votre vocation, pas m\u00eame au titre de la charit\u00e9 ou de la prudence.<\/p>\n<p align=\"justify\"><b>P\u00e9tition<\/b>\u00a0que je fais au Bon J\u00e9sus au moment de la mort de mon corps et de la vie de mon \u00e2me, par la mis\u00e9ricorde et l\u2019amour de mon Dieu. Je demande au Bon J\u00e9sus qui lui-m\u00eame et la gloire de Dieu soient la cause des actions de tous les fils et filles, et qu\u2019Il soit toujours leur Avocat et les d\u00e9fende contre les ennemis de leurs Congr\u00e9gations respectives, r\u00e9p\u00e9tant toujours en leur faveur\u00a0: \u00ab\u00a0P\u00e8re, pardonne-leur\u00a0; ils ne savent pas ce qu\u2019ils font\u00a0!\u00a0\u00bb<\/p>\n<p align=\"justify\">Fais, J\u00e9sus, qu\u2019\u00e0 l\u2019heure de la mort, tous les fils et filles puissent dire, pleins d\u2019amour et de confiance, ce que je te dis en ces moments, avec esp\u00e9rance en ta charit\u00e9, amour et mis\u00e9ricorde\u00a0: \u00ab\u00a0P\u00e8re, en tes mains je remets mon esprit\u00a0\u00bb.<\/p>\n<\/div><\/section><\/p><\/div><\/div><!--close column table wrapper. Autoclose: 1 -->\n<\/div><\/div><div class=\"flex_cell no_margin av_one_fourth  avia-builder-el-7  el_after_av_cell_three_fourth  avia-builder-el-last   \"  style='vertical-align:top; padding:30px; background-color:#ffffff; ' ><div class='flex_cell_inner' ><p><div class=\"flex_column av_one_full  flex_column_div av-zero-column-padding first  avia-builder-el-8  el_before_av_hr  avia-builder-el-first  \" style='border-radius:0px; '><p><div  class='avia-image-container  av-styling-    avia-builder-el-9  el_before_av_image  avia-builder-el-first  avia-align-center '  itemprop=\"image\" itemscope=\"itemscope\" itemtype=\"https:\/\/schema.org\/ImageObject\"  ><div class='avia-image-container-inner'><div class='avia-image-overlay-wrap'><a href='http:\/\/www.amormisericordioso.org\/fr\/santuario-de-collevalenza\/' class='avia_image'  ><img class='wp-image-645 avia-img-lazy-loading-not-645 avia_image' src='http:\/\/www.amormisericordioso.org\/fr\/wp-content\/uploads\/2015\/05\/principal-original-2.jpg' alt='' title='principal-original-2'  itemprop=\"thumbnailUrl\"  \/><\/a><\/div><\/div><\/div><br \/>\n<div  class='avia-image-container  av-styling-    avia-builder-el-10  el_after_av_image  el_before_av_image  avia-align-center '  itemprop=\"image\" itemscope=\"itemscope\" itemtype=\"https:\/\/schema.org\/ImageObject\"  ><div class='avia-image-container-inner'><div class='avia-image-overlay-wrap'><a href='http:\/\/www.amormisericordioso.org\/fr\/mere-esperance-de-jesus\/beatifiee-le-31-mai-2014\/' class='avia_image'  ><img class='wp-image-1647 avia-img-lazy-loading-not-1647 avia_image' src='http:\/\/www.amormisericordioso.org\/fr\/wp-content\/uploads\/2016\/10\/beatificazion-frances.png' alt='' title='beatificazion-frances.png'  itemprop=\"thumbnailUrl\"  \/><\/a><\/div><\/div><\/div><br \/>\n<div  class='avia-image-container  av-styling-    avia-builder-el-11  el_after_av_image  avia-builder-el-last  avia-align-center '  itemprop=\"image\" itemscope=\"itemscope\" itemtype=\"https:\/\/schema.org\/ImageObject\"  ><div class='avia-image-container-inner'><div class='avia-image-overlay-wrap'><a href='http:\/\/www.amormisericordioso.org\/fr\/famille-de-lamour-misericordieux\/ubicacion-en-el-mundo\/' class='avia_image'  ><img class='wp-image-530 avia-img-lazy-loading-not-530 avia_image' src='http:\/\/www.amormisericordioso.org\/fr\/wp-content\/uploads\/2015\/05\/banner-Mundo-FAM-frances.jpg' alt='' title='banner-Mundo-FAM-frances.jpg'  itemprop=\"thumbnailUrl\"  \/><\/a><\/div><\/div><\/div><\/p><\/div><div   class='hr hr-default   avia-builder-el-12  el_after_av_one_full  el_before_av_heading '><span class='hr-inner ' ><span class='hr-inner-style'><\/span><\/span><\/div><br \/>\n<div  style='padding-bottom:10px; ' class='av-special-heading av-special-heading-h3  blockquote modern-quote  avia-builder-el-13  el_after_av_hr  el_before_av_magazine  '><h3 class='av-special-heading-tag '  itemprop=\"headline\"  >\u00daltimas noticias<\/h3><div class='special-heading-border'><div class='special-heading-inner-border' ><\/div><\/div><\/div><br \/>\n<div  id=\"1\"  class='av-magazine   avia-builder-el-14  el_after_av_heading  el_before_av_image   av-magazine-top-bar-active av-magazine-tabs-active' ><div class='av-magazine-top-bar ' ><\/div><div class='av-magazine-group sort_all'><article class='av-magazine-entry av-magazine-entry-id-2566 av-magazine-format-standard av-magazine-type-post av-magazine-entry-1 av-magazine-entry-small '  itemscope=\"itemscope\" itemtype=\"https:\/\/schema.org\/CreativeWork\" ><div class='av-magazine-thumbnail'><a href='http:\/\/www.amormisericordioso.org\/fr\/le-sauveur-est-ne-jesus-christ\/' title='En lien avec : Le Sauveur est n\u00e9, J\u00e9sus Christ' class='av-magazine-thumbnail-link '><img loading=\"lazy\" decoding=\"async\" width=\"80\" height=\"80\" src=\"http:\/\/www.amormisericordioso.org\/fr\/wp-content\/uploads\/2021\/12\/R-9-80x80.jpg\" class=\"wp-image-2567 avia-img-lazy-loading-2567 attachment-thumbnail size-thumbnail wp-post-image\" alt=\"\" srcset=\"http:\/\/www.amormisericordioso.org\/fr\/wp-content\/uploads\/2021\/12\/R-9-80x80.jpg 80w, http:\/\/www.amormisericordioso.org\/fr\/wp-content\/uploads\/2021\/12\/R-9-36x36.jpg 36w, http:\/\/www.amormisericordioso.org\/fr\/wp-content\/uploads\/2021\/12\/R-9-180x180.jpg 180w\" sizes=\"auto, (max-width: 80px) 100vw, 80px\" \/><\/a><\/div><div class='av-magazine-content-wrap'><header class='entry-content-header'><time class='av-magazine-time updated'  itemprop=\"datePublished\" datetime=\"2021-12-25T10:00:44-06:00\" >25 d\u00e9cembre, 2021<\/time><h3 class='av-magazine-title entry-title '  itemprop=\"headline\" ><a href='http:\/\/www.amormisericordioso.org\/fr\/le-sauveur-est-ne-jesus-christ\/' title='En lien avec : Le Sauveur est n\u00e9, J\u00e9sus Christ'>Le Sauveur est n\u00e9, J\u00e9sus Christ<\/a><\/h3><\/header><\/div><footer class='entry-footer'><\/footer><\/article><article class='av-magazine-entry av-magazine-entry-id-2560 av-magazine-format-standard av-magazine-type-post av-magazine-entry-2 av-magazine-entry-small '  itemscope=\"itemscope\" itemtype=\"https:\/\/schema.org\/CreativeWork\" ><div class='av-magazine-thumbnail'><a href='http:\/\/www.amormisericordioso.org\/fr\/21-11-2021-la-sollenite-de-christ-roi\/' title='En lien avec : 21\/11\/2021: La sollenit\u00e9 de Christ Roi' class='av-magazine-thumbnail-link '><img loading=\"lazy\" decoding=\"async\" width=\"80\" height=\"80\" src=\"http:\/\/www.amormisericordioso.org\/fr\/wp-content\/uploads\/2021\/11\/23795673_10210564688693706_4898416747190409627_n-80x80.jpg\" class=\"wp-image-2562 avia-img-lazy-loading-2562 attachment-thumbnail size-thumbnail wp-post-image\" alt=\"\" srcset=\"http:\/\/www.amormisericordioso.org\/fr\/wp-content\/uploads\/2021\/11\/23795673_10210564688693706_4898416747190409627_n-80x80.jpg 80w, http:\/\/www.amormisericordioso.org\/fr\/wp-content\/uploads\/2021\/11\/23795673_10210564688693706_4898416747190409627_n-36x36.jpg 36w, http:\/\/www.amormisericordioso.org\/fr\/wp-content\/uploads\/2021\/11\/23795673_10210564688693706_4898416747190409627_n-180x180.jpg 180w\" sizes=\"auto, (max-width: 80px) 100vw, 80px\" \/><\/a><\/div><div class='av-magazine-content-wrap'><header class='entry-content-header'><time class='av-magazine-time updated'  itemprop=\"datePublished\" datetime=\"2021-11-21T06:00:32-06:00\" >21 novembre, 2021<\/time><h3 class='av-magazine-title entry-title '  itemprop=\"headline\" ><a href='http:\/\/www.amormisericordioso.org\/fr\/21-11-2021-la-sollenite-de-christ-roi\/' title='En lien avec : 21\/11\/2021: La sollenit\u00e9 de Christ Roi'>21\/11\/2021: La sollenit\u00e9 de Christ Roi<\/a><\/h3><\/header><\/div><footer class='entry-footer'><\/footer><\/article><article class='av-magazine-entry av-magazine-entry-id-2555 av-magazine-format-standard av-magazine-type-post av-magazine-entry-3 av-magazine-entry-small '  itemscope=\"itemscope\" itemtype=\"https:\/\/schema.org\/CreativeWork\" ><div class='av-magazine-thumbnail'><a href='http:\/\/www.amormisericordioso.org\/fr\/webinar-ce-s-a-m\/' title='En lien avec : Webinar Ce.S.A.M.' class='av-magazine-thumbnail-link '><img loading=\"lazy\" decoding=\"async\" width=\"80\" height=\"80\" src=\"http:\/\/www.amormisericordioso.org\/fr\/wp-content\/uploads\/2021\/03\/IMMAGINE-0-80x80.jpg\" class=\"wp-image-2556 avia-img-lazy-loading-2556 attachment-thumbnail size-thumbnail wp-post-image\" alt=\"\" srcset=\"http:\/\/www.amormisericordioso.org\/fr\/wp-content\/uploads\/2021\/03\/IMMAGINE-0-80x80.jpg 80w, http:\/\/www.amormisericordioso.org\/fr\/wp-content\/uploads\/2021\/03\/IMMAGINE-0-36x36.jpg 36w, http:\/\/www.amormisericordioso.org\/fr\/wp-content\/uploads\/2021\/03\/IMMAGINE-0-180x180.jpg 180w\" sizes=\"auto, (max-width: 80px) 100vw, 80px\" \/><\/a><\/div><div class='av-magazine-content-wrap'><header class='entry-content-header'><time class='av-magazine-time updated'  itemprop=\"datePublished\" datetime=\"2021-03-18T02:27:12-06:00\" >18 mars, 2021<\/time><h3 class='av-magazine-title entry-title '  itemprop=\"headline\" ><a href='http:\/\/www.amormisericordioso.org\/fr\/webinar-ce-s-a-m\/' title='En lien avec : Webinar Ce.S.A.M.'>Webinar Ce.S.A.M.<\/a><\/h3><\/header><\/div><footer class='entry-footer'><\/footer><\/article><article class='av-magazine-entry av-magazine-entry-id-2551 av-magazine-format-standard av-magazine-type-post av-magazine-entry-4 av-magazine-entry-small '  itemscope=\"itemscope\" itemtype=\"https:\/\/schema.org\/CreativeWork\" ><div class='av-magazine-thumbnail'><a href='http:\/\/www.amormisericordioso.org\/fr\/mere-esperance-dans-le-monde\/' title='En lien avec : M\u00e8re Esp\u00e9rance dans le monde' class='av-magazine-thumbnail-link '><img loading=\"lazy\" decoding=\"async\" width=\"80\" height=\"80\" src=\"http:\/\/www.amormisericordioso.org\/fr\/wp-content\/uploads\/2021\/02\/cover-80x80.jpg\" class=\"wp-image-2552 avia-img-lazy-loading-2552 attachment-thumbnail size-thumbnail wp-post-image\" alt=\"\" srcset=\"http:\/\/www.amormisericordioso.org\/fr\/wp-content\/uploads\/2021\/02\/cover-80x80.jpg 80w, http:\/\/www.amormisericordioso.org\/fr\/wp-content\/uploads\/2021\/02\/cover-36x36.jpg 36w, http:\/\/www.amormisericordioso.org\/fr\/wp-content\/uploads\/2021\/02\/cover-180x180.jpg 180w\" sizes=\"auto, (max-width: 80px) 100vw, 80px\" \/><\/a><\/div><div class='av-magazine-content-wrap'><header class='entry-content-header'><time class='av-magazine-time updated'  itemprop=\"datePublished\" datetime=\"2021-02-25T03:48:18-06:00\" >25 f\u00e9vrier, 2021<\/time><h3 class='av-magazine-title entry-title '  itemprop=\"headline\" ><a href='http:\/\/www.amormisericordioso.org\/fr\/mere-esperance-dans-le-monde\/' title='En lien avec : M\u00e8re Esp\u00e9rance dans le monde'>M\u00e8re Esp\u00e9rance dans le monde<\/a><\/h3><\/header><\/div><footer class='entry-footer'><\/footer><\/article><\/div><\/div><br \/>\n<div  class='avia-image-container  av-styling-    avia-builder-el-15  el_after_av_magazine  avia-builder-el-last  avia-align-center '  itemprop=\"image\" itemscope=\"itemscope\" itemtype=\"https:\/\/schema.org\/ImageObject\"  ><div class='avia-image-container-inner'><div class='avia-image-overlay-wrap'><a href='http:\/\/www.amormisericordioso.org\/fr\/multimedia\/' class='avia_image'  ><img class='wp-image-596 avia-img-lazy-loading-not-596 avia_image' src='http:\/\/www.amormisericordioso.org\/fr\/wp-content\/uploads\/2015\/05\/banner-galeria-frances-FAM1.png' alt='' title='banner-galeria-frances-FAM1.png'  itemprop=\"thumbnailUrl\"  \/><\/a><\/div><\/div><\/div><\/p>\n<\/div><\/div><\/div>\n","protected":false},"excerpt":{"rendered":"","protected":false},"author":1,"featured_media":2423,"parent":475,"menu_order":0,"comment_status":"closed","ping_status":"closed","template":"","meta":{"footnotes":""},"class_list":["post-803","page","type-page","status-publish","has-post-thumbnail","hentry"],"_links":{"self":[{"href":"http:\/\/www.amormisericordioso.org\/fr\/wp-json\/wp\/v2\/pages\/803","targetHints":{"allow":["GET"]}}],"collection":[{"href":"http:\/\/www.amormisericordioso.org\/fr\/wp-json\/wp\/v2\/pages"}],"about":[{"href":"http:\/\/www.amormisericordioso.org\/fr\/wp-json\/wp\/v2\/types\/page"}],"author":[{"embeddable":true,"href":"http:\/\/www.amormisericordioso.org\/fr\/wp-json\/wp\/v2\/users\/1"}],"replies":[{"embeddable":true,"href":"http:\/\/www.amormisericordioso.org\/fr\/wp-json\/wp\/v2\/comments?post=803"}],"version-history":[{"count":2,"href":"http:\/\/www.amormisericordioso.org\/fr\/wp-json\/wp\/v2\/pages\/803\/revisions"}],"predecessor-version":[{"id":2424,"href":"http:\/\/www.amormisericordioso.org\/fr\/wp-json\/wp\/v2\/pages\/803\/revisions\/2424"}],"up":[{"embeddable":true,"href":"http:\/\/www.amormisericordioso.org\/fr\/wp-json\/wp\/v2\/pages\/475"}],"wp:featuredmedia":[{"embeddable":true,"href":"http:\/\/www.amormisericordioso.org\/fr\/wp-json\/wp\/v2\/media\/2423"}],"wp:attachment":[{"href":"http:\/\/www.amormisericordioso.org\/fr\/wp-json\/wp\/v2\/media?parent=803"}],"curies":[{"name":"wp","href":"https:\/\/api.w.org\/{rel}","templated":true}]}}