{"id":784,"date":"2016-04-26T21:59:15","date_gmt":"2016-04-27T03:59:15","guid":{"rendered":"http:\/\/localhost:8888\/amormisericordioso\/?page_id=784"},"modified":"2019-01-03T15:00:24","modified_gmt":"2019-01-03T21:00:24","slug":"la-servante-et-les-pauvres","status":"publish","type":"page","link":"http:\/\/www.amormisericordioso.org\/fr\/mere-esperance-de-jesus\/la-servante-et-les-pauvres\/","title":{"rendered":"La Servante et les Pauvres"},"content":{"rendered":"<div id='av-layout-grid-1'  class='av-layout-grid-container entry-content-wrapper main_color av-flex-cells     avia-builder-el-0  avia-builder-el-no-sibling  container_wrap sidebar_right' style=' '  >\n<div class=\"flex_cell no_margin av_three_fourth  avia-builder-el-1  el_before_av_cell_one_fourth  avia-builder-el-first   \"  style='vertical-align:top; padding:30px; background-color:#ffffff; ' ><div class='flex_cell_inner' ><div class='flex_column_table av-equal-height-column-flextable -flextable' style='margin-top:-60px; margin-bottom:0px; '><div class=\"flex_column av_one_full  no_margin flex_column_table_cell av-equal-height-column av-align-top first  avia-builder-el-2  avia-builder-el-no-sibling  \" style='padding:30px; background-color:#ffffff; border-radius:0px; '><p><div  class='avia-image-container  av-styling-    avia-builder-el-3  el_before_av_heading  avia-builder-el-first  avia-align-center '  itemprop=\"image\" itemscope=\"itemscope\" itemtype=\"https:\/\/schema.org\/ImageObject\"  ><div class='avia-image-container-inner'><div class='avia-image-overlay-wrap'><img class='wp-image-2444 avia-img-lazy-loading-not-2444 avia_image' src='http:\/\/www.amormisericordioso.org\/fr\/wp-content\/uploads\/2016\/04\/primary-original-18-1.jpg' alt='' title='primary-original (18)' height=\"339\" width=\"624\"  itemprop=\"thumbnailUrl\"  \/><\/div><\/div><\/div><br \/>\n<div  style='padding-bottom:0px; ' class='av-special-heading av-special-heading-h1  blockquote modern-quote  avia-builder-el-4  el_after_av_image  el_before_av_textblock  '><h1 class='av-special-heading-tag '  itemprop=\"headline\"  >La Servante et les Pauvres<\/h1><div class='special-heading-border'><div class='special-heading-inner-border' ><\/div><\/div><\/div><br \/>\n<section class=\"av_textblock_section \"  itemscope=\"itemscope\" itemtype=\"https:\/\/schema.org\/CreativeWork\" ><div class='avia_textblock  '  style='font-size:18px; '  itemprop=\"text\" ><p align=\"justify\"><b>La nuit de No\u00ebl 1930<\/b>, dans un minuscule appartement de la rue Velasquez, \u00e0 Madrid, avec le soutien financi\u00e8re de la comtesse de Fuensalida et l\u2019aide spirituelle du pr\u00eatre Esteban Ecay, M\u00e8re Esp\u00e9rance de J\u00e9sus peut prononcer ses v\u0153ux avec un petit nombre de S\u0153urs qui l\u2019ont suivie dans la congr\u00e9gation naissante des Servantes de l\u2019Amour Mis\u00e9ricordieux.\u00a0<b>Pauvres comme J\u00e9sus \u00e0 Bethl\u00e9em<\/b>, elles mangent une soupe de chou, dorment par terre la t\u00eate appuy\u00e9e sur l\u2019unique matelas qu\u2019elles poss\u00e8dent\u2026 et d\u00e9bordant de joie et d\u2019enthousiasme.<\/p>\n<p align=\"justify\"><b>Les enfants seront leurs premiers b\u00e9n\u00e9ficiaires, et aussi les pauvres, les personnes \u00e2g\u00e9es et les pr\u00eatres<\/b>. Et, n\u00e9anmoins, l\u2019incompr\u00e9hension, l\u2019opposition et la pers\u00e9cution les attendent. Il en suivra un chapelet d\u2019\u00e9preuves qui marquent la pr\u00e9sence sp\u00e9ciale de Dieu dans les \u00c2mes r\u00e9ellement grandes. L\u2019\u00c9v\u00eaque de Madrid refuse sa b\u00e9n\u00e9diction et son approbation, et ordonne et commande que personne l\u2019aide ou collabore avec elle. Sans permission d\u2019avoir le Saint Sacrement dans la chapelle, pendant 30 ans, les enfants et les religieuses vont en fil chaque matin jusqu\u2019\u00e0 la paroisse la plus proche.<\/p>\n<p align=\"justify\">vec un grand esprit cr\u00e9atif et une activit\u00e9 infatigable, aid\u00e9e par la Providence et pas les m\u00e9diations humaines, notamment sa grande bienfaitrice et l\u2019amie de son \u00e2me Marie Pilar de Arratia, en peu de temps elle ouvre en Espagne 12 maisons pour des enfants pauvres et n\u00e9cessiteux, pour des personnes \u00e2g\u00e9es et pour des malades, qui sont soign\u00e9s m\u00eame chez eux. Ce sont les communaut\u00e9s de Madrid Alfaro, Bilbao, Larrondo, Colloto, Hecho, Ochandiano, Menagarai, Santurce, Sestao, San S\u00e9bastian y Villava.<\/p>\n<p align=\"justify\">M\u00e8re Esp\u00e9rance dit que, \u00e0 la porte de chacune de ces maisons, on devrait pouvoir lire\u00a0:\u00a0<i>\u00ab\u00a0<\/i><i>Appelez les pauvres et on vous aidera\u00a0; appelez les afflig\u00e9s et vous serez consol\u00e9es\u00a0; vous appelez les malades et on vous assistera\u00a0; vous appelez les orphelins et en les Servantes de l&rsquo;Amour Mis\u00e9ricordieux vous trouverez des m\u00e8res\u00a0\u00bb<\/i>\u00a0(Circulaire 06.07.14).<\/p>\n<\/div><\/section><\/p><\/div><\/div><!--close column table wrapper. Autoclose: 1 -->\n<\/div><\/div><div class=\"flex_cell no_margin av_one_fourth  avia-builder-el-6  el_after_av_cell_three_fourth  avia-builder-el-last   \"  style='vertical-align:top; padding:30px; background-color:#ffffff; ' ><div class='flex_cell_inner' ><p><div class=\"flex_column av_one_full  flex_column_div av-zero-column-padding first  avia-builder-el-7  el_before_av_hr  avia-builder-el-first  \" style='border-radius:0px; '><p><div  class='avia-image-container  av-styling-    avia-builder-el-8  el_before_av_image  avia-builder-el-first  avia-align-center '  itemprop=\"image\" itemscope=\"itemscope\" itemtype=\"https:\/\/schema.org\/ImageObject\"  ><div class='avia-image-container-inner'><div class='avia-image-overlay-wrap'><a href='http:\/\/www.amormisericordioso.org\/fr\/santuario-de-collevalenza\/' class='avia_image'  ><img class='wp-image-645 avia-img-lazy-loading-not-645 avia_image' src='http:\/\/www.amormisericordioso.org\/fr\/wp-content\/uploads\/2015\/05\/principal-original-2.jpg' alt='' title='principal-original-2'  itemprop=\"thumbnailUrl\"  \/><\/a><\/div><\/div><\/div><br \/>\n<div  class='avia-image-container  av-styling-    avia-builder-el-9  el_after_av_image  el_before_av_image  avia-align-center '  itemprop=\"image\" itemscope=\"itemscope\" itemtype=\"https:\/\/schema.org\/ImageObject\"  ><div class='avia-image-container-inner'><div class='avia-image-overlay-wrap'><a href='http:\/\/www.amormisericordioso.org\/fr\/mere-esperance-de-jesus\/beatifiee-le-31-mai-2014\/' class='avia_image'  ><img class='wp-image-1647 avia-img-lazy-loading-not-1647 avia_image' src='http:\/\/www.amormisericordioso.org\/fr\/wp-content\/uploads\/2016\/10\/beatificazion-frances.png' alt='' title='beatificazion-frances.png'  itemprop=\"thumbnailUrl\"  \/><\/a><\/div><\/div><\/div><br \/>\n<div  class='avia-image-container  av-styling-    avia-builder-el-10  el_after_av_image  avia-builder-el-last  avia-align-center '  itemprop=\"image\" itemscope=\"itemscope\" itemtype=\"https:\/\/schema.org\/ImageObject\"  ><div class='avia-image-container-inner'><div class='avia-image-overlay-wrap'><a href='http:\/\/www.amormisericordioso.org\/fr\/famille-de-lamour-misericordieux\/ubicacion-en-el-mundo\/' class='avia_image'  ><img class='wp-image-530 avia-img-lazy-loading-not-530 avia_image' src='http:\/\/www.amormisericordioso.org\/fr\/wp-content\/uploads\/2015\/05\/banner-Mundo-FAM-frances.jpg' alt='' title='banner-Mundo-FAM-frances.jpg'  itemprop=\"thumbnailUrl\"  \/><\/a><\/div><\/div><\/div><\/p><\/div><div   class='hr hr-default   avia-builder-el-11  el_after_av_one_full  el_before_av_heading '><span class='hr-inner ' ><span class='hr-inner-style'><\/span><\/span><\/div><br \/>\n<div  style='padding-bottom:10px; ' class='av-special-heading av-special-heading-h3  blockquote modern-quote  avia-builder-el-12  el_after_av_hr  el_before_av_magazine  '><h3 class='av-special-heading-tag '  itemprop=\"headline\"  >\u00daltimas noticias<\/h3><div class='special-heading-border'><div class='special-heading-inner-border' ><\/div><\/div><\/div><br \/>\n<div  id=\"1\"  class='av-magazine   avia-builder-el-13  el_after_av_heading  el_before_av_image   av-magazine-top-bar-active av-magazine-tabs-active' ><div class='av-magazine-top-bar ' ><\/div><div class='av-magazine-group sort_all'><article class='av-magazine-entry av-magazine-entry-id-2566 av-magazine-format-standard av-magazine-type-post av-magazine-entry-1 av-magazine-entry-small '  itemscope=\"itemscope\" itemtype=\"https:\/\/schema.org\/CreativeWork\" ><div class='av-magazine-thumbnail'><a href='http:\/\/www.amormisericordioso.org\/fr\/le-sauveur-est-ne-jesus-christ\/' title='En lien avec : Le Sauveur est n\u00e9, J\u00e9sus Christ' class='av-magazine-thumbnail-link '><img loading=\"lazy\" decoding=\"async\" width=\"80\" height=\"80\" src=\"http:\/\/www.amormisericordioso.org\/fr\/wp-content\/uploads\/2021\/12\/R-9-80x80.jpg\" class=\"wp-image-2567 avia-img-lazy-loading-2567 attachment-thumbnail size-thumbnail wp-post-image\" alt=\"\" srcset=\"http:\/\/www.amormisericordioso.org\/fr\/wp-content\/uploads\/2021\/12\/R-9-80x80.jpg 80w, http:\/\/www.amormisericordioso.org\/fr\/wp-content\/uploads\/2021\/12\/R-9-36x36.jpg 36w, http:\/\/www.amormisericordioso.org\/fr\/wp-content\/uploads\/2021\/12\/R-9-180x180.jpg 180w\" sizes=\"auto, (max-width: 80px) 100vw, 80px\" \/><\/a><\/div><div class='av-magazine-content-wrap'><header class='entry-content-header'><time class='av-magazine-time updated'  itemprop=\"datePublished\" datetime=\"2021-12-25T10:00:44-06:00\" >25 d\u00e9cembre, 2021<\/time><h3 class='av-magazine-title entry-title '  itemprop=\"headline\" ><a href='http:\/\/www.amormisericordioso.org\/fr\/le-sauveur-est-ne-jesus-christ\/' title='En lien avec : Le Sauveur est n\u00e9, J\u00e9sus Christ'>Le Sauveur est n\u00e9, J\u00e9sus Christ<\/a><\/h3><\/header><\/div><footer class='entry-footer'><\/footer><\/article><article class='av-magazine-entry av-magazine-entry-id-2560 av-magazine-format-standard av-magazine-type-post av-magazine-entry-2 av-magazine-entry-small '  itemscope=\"itemscope\" itemtype=\"https:\/\/schema.org\/CreativeWork\" ><div class='av-magazine-thumbnail'><a href='http:\/\/www.amormisericordioso.org\/fr\/21-11-2021-la-sollenite-de-christ-roi\/' title='En lien avec : 21\/11\/2021: La sollenit\u00e9 de Christ Roi' class='av-magazine-thumbnail-link '><img loading=\"lazy\" decoding=\"async\" width=\"80\" height=\"80\" src=\"http:\/\/www.amormisericordioso.org\/fr\/wp-content\/uploads\/2021\/11\/23795673_10210564688693706_4898416747190409627_n-80x80.jpg\" class=\"wp-image-2562 avia-img-lazy-loading-2562 attachment-thumbnail size-thumbnail wp-post-image\" alt=\"\" srcset=\"http:\/\/www.amormisericordioso.org\/fr\/wp-content\/uploads\/2021\/11\/23795673_10210564688693706_4898416747190409627_n-80x80.jpg 80w, http:\/\/www.amormisericordioso.org\/fr\/wp-content\/uploads\/2021\/11\/23795673_10210564688693706_4898416747190409627_n-36x36.jpg 36w, http:\/\/www.amormisericordioso.org\/fr\/wp-content\/uploads\/2021\/11\/23795673_10210564688693706_4898416747190409627_n-180x180.jpg 180w\" sizes=\"auto, (max-width: 80px) 100vw, 80px\" \/><\/a><\/div><div class='av-magazine-content-wrap'><header class='entry-content-header'><time class='av-magazine-time updated'  itemprop=\"datePublished\" datetime=\"2021-11-21T06:00:32-06:00\" >21 novembre, 2021<\/time><h3 class='av-magazine-title entry-title '  itemprop=\"headline\" ><a href='http:\/\/www.amormisericordioso.org\/fr\/21-11-2021-la-sollenite-de-christ-roi\/' title='En lien avec : 21\/11\/2021: La sollenit\u00e9 de Christ Roi'>21\/11\/2021: La sollenit\u00e9 de Christ Roi<\/a><\/h3><\/header><\/div><footer class='entry-footer'><\/footer><\/article><article class='av-magazine-entry av-magazine-entry-id-2555 av-magazine-format-standard av-magazine-type-post av-magazine-entry-3 av-magazine-entry-small '  itemscope=\"itemscope\" itemtype=\"https:\/\/schema.org\/CreativeWork\" ><div class='av-magazine-thumbnail'><a href='http:\/\/www.amormisericordioso.org\/fr\/webinar-ce-s-a-m\/' title='En lien avec : Webinar Ce.S.A.M.' class='av-magazine-thumbnail-link '><img loading=\"lazy\" decoding=\"async\" width=\"80\" height=\"80\" src=\"http:\/\/www.amormisericordioso.org\/fr\/wp-content\/uploads\/2021\/03\/IMMAGINE-0-80x80.jpg\" class=\"wp-image-2556 avia-img-lazy-loading-2556 attachment-thumbnail size-thumbnail wp-post-image\" alt=\"\" srcset=\"http:\/\/www.amormisericordioso.org\/fr\/wp-content\/uploads\/2021\/03\/IMMAGINE-0-80x80.jpg 80w, http:\/\/www.amormisericordioso.org\/fr\/wp-content\/uploads\/2021\/03\/IMMAGINE-0-36x36.jpg 36w, http:\/\/www.amormisericordioso.org\/fr\/wp-content\/uploads\/2021\/03\/IMMAGINE-0-180x180.jpg 180w\" sizes=\"auto, (max-width: 80px) 100vw, 80px\" \/><\/a><\/div><div class='av-magazine-content-wrap'><header class='entry-content-header'><time class='av-magazine-time updated'  itemprop=\"datePublished\" datetime=\"2021-03-18T02:27:12-06:00\" >18 mars, 2021<\/time><h3 class='av-magazine-title entry-title '  itemprop=\"headline\" ><a href='http:\/\/www.amormisericordioso.org\/fr\/webinar-ce-s-a-m\/' title='En lien avec : Webinar Ce.S.A.M.'>Webinar Ce.S.A.M.<\/a><\/h3><\/header><\/div><footer class='entry-footer'><\/footer><\/article><article class='av-magazine-entry av-magazine-entry-id-2551 av-magazine-format-standard av-magazine-type-post av-magazine-entry-4 av-magazine-entry-small '  itemscope=\"itemscope\" itemtype=\"https:\/\/schema.org\/CreativeWork\" ><div class='av-magazine-thumbnail'><a href='http:\/\/www.amormisericordioso.org\/fr\/mere-esperance-dans-le-monde\/' title='En lien avec : M\u00e8re Esp\u00e9rance dans le monde' class='av-magazine-thumbnail-link '><img loading=\"lazy\" decoding=\"async\" width=\"80\" height=\"80\" src=\"http:\/\/www.amormisericordioso.org\/fr\/wp-content\/uploads\/2021\/02\/cover-80x80.jpg\" class=\"wp-image-2552 avia-img-lazy-loading-2552 attachment-thumbnail size-thumbnail wp-post-image\" alt=\"\" srcset=\"http:\/\/www.amormisericordioso.org\/fr\/wp-content\/uploads\/2021\/02\/cover-80x80.jpg 80w, http:\/\/www.amormisericordioso.org\/fr\/wp-content\/uploads\/2021\/02\/cover-36x36.jpg 36w, http:\/\/www.amormisericordioso.org\/fr\/wp-content\/uploads\/2021\/02\/cover-180x180.jpg 180w\" sizes=\"auto, (max-width: 80px) 100vw, 80px\" \/><\/a><\/div><div class='av-magazine-content-wrap'><header class='entry-content-header'><time class='av-magazine-time updated'  itemprop=\"datePublished\" datetime=\"2021-02-25T03:48:18-06:00\" >25 f\u00e9vrier, 2021<\/time><h3 class='av-magazine-title entry-title '  itemprop=\"headline\" ><a href='http:\/\/www.amormisericordioso.org\/fr\/mere-esperance-dans-le-monde\/' title='En lien avec : M\u00e8re Esp\u00e9rance dans le monde'>M\u00e8re Esp\u00e9rance dans le monde<\/a><\/h3><\/header><\/div><footer class='entry-footer'><\/footer><\/article><\/div><\/div><br \/>\n<div  class='avia-image-container  av-styling-    avia-builder-el-14  el_after_av_magazine  avia-builder-el-last  avia-align-center '  itemprop=\"image\" itemscope=\"itemscope\" itemtype=\"https:\/\/schema.org\/ImageObject\"  ><div class='avia-image-container-inner'><div class='avia-image-overlay-wrap'><a href='http:\/\/www.amormisericordioso.org\/fr\/multimedia\/' class='avia_image'  ><img class='wp-image-596 avia-img-lazy-loading-not-596 avia_image' src='http:\/\/www.amormisericordioso.org\/fr\/wp-content\/uploads\/2015\/05\/banner-galeria-frances-FAM1.png' alt='' title='banner-galeria-frances-FAM1.png'  itemprop=\"thumbnailUrl\"  \/><\/a><\/div><\/div><\/div><\/p>\n<\/div><\/div><\/div>\n","protected":false},"excerpt":{"rendered":"","protected":false},"author":1,"featured_media":2444,"parent":475,"menu_order":0,"comment_status":"closed","ping_status":"closed","template":"","meta":{"footnotes":""},"class_list":["post-784","page","type-page","status-publish","has-post-thumbnail","hentry"],"_links":{"self":[{"href":"http:\/\/www.amormisericordioso.org\/fr\/wp-json\/wp\/v2\/pages\/784","targetHints":{"allow":["GET"]}}],"collection":[{"href":"http:\/\/www.amormisericordioso.org\/fr\/wp-json\/wp\/v2\/pages"}],"about":[{"href":"http:\/\/www.amormisericordioso.org\/fr\/wp-json\/wp\/v2\/types\/page"}],"author":[{"embeddable":true,"href":"http:\/\/www.amormisericordioso.org\/fr\/wp-json\/wp\/v2\/users\/1"}],"replies":[{"embeddable":true,"href":"http:\/\/www.amormisericordioso.org\/fr\/wp-json\/wp\/v2\/comments?post=784"}],"version-history":[{"count":2,"href":"http:\/\/www.amormisericordioso.org\/fr\/wp-json\/wp\/v2\/pages\/784\/revisions"}],"predecessor-version":[{"id":2445,"href":"http:\/\/www.amormisericordioso.org\/fr\/wp-json\/wp\/v2\/pages\/784\/revisions\/2445"}],"up":[{"embeddable":true,"href":"http:\/\/www.amormisericordioso.org\/fr\/wp-json\/wp\/v2\/pages\/475"}],"wp:featuredmedia":[{"embeddable":true,"href":"http:\/\/www.amormisericordioso.org\/fr\/wp-json\/wp\/v2\/media\/2444"}],"wp:attachment":[{"href":"http:\/\/www.amormisericordioso.org\/fr\/wp-json\/wp\/v2\/media?parent=784"}],"curies":[{"name":"wp","href":"https:\/\/api.w.org\/{rel}","templated":true}]}}