{"id":728,"date":"2016-04-26T08:01:44","date_gmt":"2016-04-26T14:01:44","guid":{"rendered":"http:\/\/localhost:8888\/amormisericordioso\/?page_id=728"},"modified":"2019-01-03T13:01:26","modified_gmt":"2019-01-03T19:01:26","slug":"saint-benoit-cottolengo","status":"publish","type":"page","link":"http:\/\/www.amormisericordioso.org\/fr\/famille-de-lamour-misericordieux\/saint-benoit-cottolengo\/","title":{"rendered":"Saint Beno\u00eet Cottolengo"},"content":{"rendered":"<div id='av-layout-grid-1'  class='av-layout-grid-container entry-content-wrapper main_color av-flex-cells     avia-builder-el-0  avia-builder-el-no-sibling  container_wrap sidebar_right' style=' '  >\n<div class=\"flex_cell no_margin av_three_fourth  avia-builder-el-1  el_before_av_cell_one_fourth  avia-builder-el-first   \"  style='vertical-align:top; padding:30px; background-color:#ffffff; ' ><div class='flex_cell_inner' ><div class='flex_column_table av-equal-height-column-flextable -flextable' style='margin-top:-60px; margin-bottom:0px; '><div class=\"flex_column av_one_full  no_margin flex_column_table_cell av-equal-height-column av-align-top first  avia-builder-el-2  avia-builder-el-no-sibling  \" style='padding:30px; background-color:#ffffff; border-radius:0px; '><p><div  class='avia-image-container  av-styling-    avia-builder-el-3  el_before_av_heading  avia-builder-el-first  avia-align-center '  itemprop=\"image\" itemscope=\"itemscope\" itemtype=\"https:\/\/schema.org\/ImageObject\"  ><div class='avia-image-container-inner'><div class='avia-image-overlay-wrap'><img class='wp-image-2404 avia-img-lazy-loading-not-2404 avia_image' src='http:\/\/www.amormisericordioso.org\/fr\/wp-content\/uploads\/2015\/10\/primary-original-1.jpg' alt='' title='primary-original (1)' height=\"339\" width=\"624\"  itemprop=\"thumbnailUrl\"  \/><\/div><\/div><\/div><br \/>\n<div  style='padding-bottom:0px; ' class='av-special-heading av-special-heading-h1  blockquote modern-quote  avia-builder-el-4  el_after_av_image  el_before_av_textblock  '><h1 class='av-special-heading-tag '  itemprop=\"headline\"  >Saint Beno\u00eet Cottolengo<\/h1><div class='special-heading-border'><div class='special-heading-inner-border' ><\/div><\/div><\/div><br \/>\n<section class=\"av_textblock_section \"  itemscope=\"itemscope\" itemtype=\"https:\/\/schema.org\/CreativeWork\" ><div class='avia_textblock  '  style='font-size:18px; '  itemprop=\"text\" ><p align=\"justify\">Joseph Beno\u00eet Cottolengo, l\u2019a\u00een\u00e9 des 12 fils de Joseph Antoine Bernardino et d\u2019Ang\u00e8le Calerine Beno\u00eete Chiarotti, naquit dans l\u2019apr\u00e8s-midi du 3 mai 1786 \u00e0 Bras, en Italie. En raison des circonstances provoqu\u00e9es par la R\u00e9volution fran\u00e7aise, Cottolengo se vit oblig\u00e9 de faire une grande partie de ses \u00e9tudes en vue du sacerdoce de fa\u00e7on clandestine. En juin 1811, il fut ordonn\u00e9 pr\u00eatre et peu apr\u00e8s il devint coadjuteur \u00e0 Corneliano d\u2019Alba, o\u00f9 on le reconnu comme le seul pr\u00eatre qui\u00a0<b>c\u00e9l\u00e9brait la messe \u00e0 3 heures du matin pour que les paysans y puissent assister<\/b>\u00a0avant d\u2019aller au travail. Il leur disait\u00a0:\u00a0<i>\u00ab\u00a0La moisson sera plus abondante avec la b\u00e9n\u00e9diction de Dieu\u00a0\u00bb<\/i>.<\/p>\n<p align=\"justify\">A Turin, il obtint un doctorat en th\u00e9ologie et plus tard il fut nomm\u00e9 chanoine. Pourtant, cela ne le satisfait pas et il passe par de grandes crises religieuses parce qu\u2019il sent\u00a0<b>le tr\u00e8s grand d\u00e9sir de r\u00e9aliser quelque chose pour la communaut\u00e9 chr\u00e9tienne qui avait peu de ressources<\/b>.<\/p>\n<p align=\"justify\">Peu de temps avait pass\u00e9 quand son dessein se r\u00e9v\u00e9la quand il assista, impuissant, \u00e0 la mort d\u2019Anne Marie Gonnet, une femme enceinte entour\u00e9e de ses enfants en pleurs. Elle se trouvait tr\u00e8s malade, d\u2019un mal myst\u00e9rieux, qui demandait des soins intensifs. Et m\u00eame ainsi, on lui avait refus\u00e9 l\u2019aide la plus urgente dans plusieurs h\u00f4pitaux parce que sa grossesse \u00e9tait tr\u00e8s avanc\u00e9e et elle \u00e9tait tr\u00e8s pauvre. Alors que le pr\u00eatre faisait tous ses efforts pour l\u2019aider \u00e0 donner naissance dans l\u2019\u00e9table d\u2019une auberge, la femme mourut entre ses bras au moment o\u00f9 il lui donnait les derniers sacrements. De la m\u00eame fa\u00e7on, Cottolengo r\u00e9ussit \u00e0 baptiser le b\u00e9b\u00e9 avant sa mort. Devant la frustration de la mort de la m\u00e8re et du fils, et les pleurs d\u00e9sesp\u00e9r\u00e9s des cinq orphelins, le c\u0153ur du chanoine fut boulevers\u00e9. C\u2019est alors qu\u2019<b>il vendit tout ce qu\u2019il poss\u00e9dait et jusqu\u2019\u00e0 son manteau, loua quelques pi\u00e8ces et commen\u00e7a ainsi son \u0153uvre de bienfaisance<\/b>, offrant loger gratuitement une vieille femme paralytique\u00a0 le 17 janvier 1828\u00a0; il l\u2019appela la premi\u00e8re semence \u00ab\u00a0Volta Rossa\u00a0\u00bb. En peu de temps, ce lieu se transforma en un centre hospitalier pour ces personnes qui n\u2019\u00e9taient pas accept\u00e9es dans les h\u00f4pitaux.<\/p>\n<p align=\"justify\">Pie IX l\u2019appela la \u00ab\u00a0Maison du miracle\u00a0\u00bb. Quand les autorit\u00e9s ordonn\u00e8rent au chanoine Cottolengo de fermer la premi\u00e8re maison, d\u00e9j\u00e0 remplie de malades \u2013 par pr\u00e9caution devant une propagation de l\u2019\u00e9pid\u00e9mie de chol\u00e9ra de 1831 \u2013 , il mit les peu de possessions qu\u2019il avait sur le dos d\u2019un \u00e2ne et, accompagn\u00e9 de deux S\u0153urs, quitta la ville de Turin. Au lieu de se d\u00e9courager, le pr\u00eatre disait\u00a0: \u00ab\u00a0Les plantes, pour bien grandir, ont besoin d\u2019\u00eatre transplant\u00e9es, et c\u2019est cela qui va nous arriver. Nous les transplanterons et de cette mani\u00e8re elles cro\u00eetront encore davantage\u00a0\u00bb. Ainsi, il alla jusqu\u2019en banlieue de cette ville, dans un quartier \u00e9loign\u00e9 appel\u00e9 Valdocco, o\u00f9 il trouva\u00a0<b>un \u00e9table vide \u00e0 l\u2019entr\u00e9e\u00a0 duquel il pla\u00e7a, un \u00e9criteau avec les paroles de saint Paul\u00a0: \u00ab\u00a0Caritas Christi urget nos\u00a0!\u00a0\u00bb (La charit\u00e9 du Christ nous presse)<\/b>.<\/p>\n<p align=\"justify\">De cette mani\u00e8re, l\u2019\u0153uvre de Joseph Cottolengo devint ce que plus tard on appellera \u00ab\u00a0La Petite Maison de la Divine Providence\u00a0\u00bb. Peu \u00e0 peu, on construisit d\u2019autres b\u00e2timents, maison apr\u00e8s maison. L\u2019une on l\u2019appela \u00ab\u00a0Maison de la foi\u00a0\u00bb, l\u2019autre \u00ab\u00a0Maison de l\u2019Esp\u00e9rance\u00a0\u00bb, une troisi\u00e8me \u00ab\u00a0Maison de Notre Dame\u00a0\u00bb et encore une autre \u00ab\u00a0Bethl\u00e9em\u00a0\u00bb. Lui appela l\u2019ensemble de ces maisons \u00ab\u00a0mon arche de No\u00e9\u00a0\u00bb. L\u00e0,\u00a0<b>il recevait tout genre de malades incurables<\/b>. Il destina une maison pour les attard\u00e9s mentaux, qu\u2019il appelait \u00ab\u00a0mes chers amis\u00a0\u00bb. Une autre maison fut consacr\u00e9e aux sourds-muets et il y avait un pavillon pour les invalides. Les orphelins, les abandonn\u00e9s, ceux qui \u00e9taient rejet\u00e9s des h\u00f4pitaux \u00e9taient re\u00e7us dans aucune condition dans la \u00ab\u00a0Petite Maison de la Divine Providence\u00a0\u00bb. Un \u00e9crivain fran\u00e7ais remarqua devant ces faits\u00a0: \u00ab\u00a0Ceci est\u00a0<b>l\u2019universit\u00e9 de la charit\u00e9 chr\u00e9tienne<\/b>\u00a0\u00bb.<\/p>\n<p align=\"justify\">Il n\u2019avait pas d\u2019argent et, n\u00e9anmoins, il pensait d\u00e9j\u00e0 \u00e0 agrandir son h\u00f4pital. Il r\u00e9p\u00e9tait \u00e0 tous avec joie\u00a0: \u00ab\u00a0Pour la divine providence, \u00e7a co\u00fbte le m\u00eame prix de nourrir 500 ou 5000\u00a0\u00bb. Les gens remarquaient que la \u00ab\u00a0Petite Maison de la Divine Providence\u00a0\u00bb \u00e9tait comme une pyramide \u00e0 l\u2019envers, qui s\u2019appuyait sur un unique point\u00a0: la\u00a0<b>grande confiance en la bont\u00e9 de Dieu<\/b>. Et c\u2019est vrai que la mani\u00e8re de travailler de ce saint \u00e9tait totalement \u00e0 l\u2019envers de l\u2019ordinaire. S\u2019il manquait les aides n\u00e9cessaires, il envoyait quelqu\u2019un pour voir si par hasard\u00a0 il y avait un lit o\u00f9 il n\u2019y avait pas de malade. Et s\u2019il en rencontrait un, il exclamait\u00a0: \u00ab\u00a0Voil\u00e0 pourquoi on ne nous aide pas\u00a0; c\u2019est que nous sommes en train de faire des calculs et nous gardons des lits sans malades\u00a0\u00bb. Quand ceux qui l\u2019aidaient dans son \u0153uvre de bienfaisance, lui disaient\u00a0: \u00ab\u00a0Il n\u2019y a plus de lit\u00a0\u00bb, lui r\u00e9pondait\u00a0: \u00ab\u00a0Alors, acceptez davantage de malades\u00a0\u00bb. Si on lui disait\u00a0: \u00ab\u00a0Il n\u2019y a presque plus de pain et il manque tous les autres aliments\u00a0\u00bb, lui r\u00e9pondait\u00a0: \u00ab\u00a0Alors, recevez plus de pauvres\u00a0\u00bb.<\/p>\n<p align=\"justify\"><b>La foi aveugle qu\u2019il avait en la Divine Providence<\/b>\u00a0\u00e9tait admirable. Et il expliquait continuellement \u00e0 ses aides\u00a0: \u00ab\u00a0Les personnes peuvent nous faire faux bond\u00a0; les gouvernements peuvent nous faire faux bond\u00a0; mais Dieu ne nous l\u00e2chera jamais, pas m\u00eame une fois\u00a0\u00bb. Quand il nota que quelqu\u2019un commen\u00e7ait \u00e0 douter, il ajoutait\u00a0: \u00ab\u00a0Dieu r\u00e9pond avec de l\u2019aide ordinaire \u00e0 ceux qui ont une confiance ordinaire en lui, mais il r\u00e9pond avec des aides extraordinaire \u00e0 ceux qui ont une confiance extraordinaire\u00a0\u00bb. Et, effectivement, Dieu ne fit jamais d\u00e9faut, pas une seule fois, \u00e0 son ami qui avait de foi en ses aides opportunes.<\/p>\n<p align=\"justify\">Malheureusement, la nature humaine ne pardonne pas \u00e0 ce miraculeux bienfaiteur. Sa sant\u00e9 commen\u00e7a \u00e0 d\u00e9faillir\u00a0; il n\u2019avait plus la m\u00eame force qu\u2019au d\u00e9but. A 56 ans, il disait avec bonne humeur sur son lit de mort\u00a0: \u00ab\u00a0L\u2019\u00e2ne ne veut plus avancer\u00a0\u00bb. Les derni\u00e8res paroles entrecoup\u00e9es qu\u2019il pronon\u00e7a furent celles du psaumes 122\u00a0: \u00ab\u00a0Quelle joie quand on m\u2019a dit nous allons \u00e0 la maison du Seigneur\u00a0!\u00a0\u00bb Il mourut \u00e0 Chieri, Italie, le samedi 30 avril 1849 et on l\u2019enterra le 1 mai.<\/p>\n<p align=\"justify\">Il avait quitt\u00e9 la \u00ab\u00a0Petite Maison de la Divine Providence\u00a0\u00bb pour laisser la place \u00e0 la nouvelle garde. Cottolengo fut b\u00e9atifi\u00e9 par le Pape Beno\u00eet XV, en 1917, et plus tard fut\u00a0<b>d\u00e9fini comme \u00ab\u00a0un g\u00e9nie du bien\u00a0\u00bb<\/b>\u00a0par le Pape Pie XI qui le canonisa le 19 mars 1934, en m\u00eame temps que son grand ami et voisin saint Jean Bosco.<\/p>\n<\/div><\/section><\/p><\/div><\/div><!--close column table wrapper. Autoclose: 1 -->\n<\/div><\/div><div class=\"flex_cell no_margin av_one_fourth  avia-builder-el-6  el_after_av_cell_three_fourth  avia-builder-el-last   \"  style='vertical-align:top; padding:30px; background-color:#ffffff; ' ><div class='flex_cell_inner' ><p><div class=\"flex_column av_one_full  flex_column_div av-zero-column-padding first  avia-builder-el-7  el_before_av_hr  avia-builder-el-first  \" style='border-radius:0px; '><p><div  class='avia-image-container  av-styling-    avia-builder-el-8  el_before_av_image  avia-builder-el-first  avia-align-center '  itemprop=\"image\" itemscope=\"itemscope\" itemtype=\"https:\/\/schema.org\/ImageObject\"  ><div class='avia-image-container-inner'><div class='avia-image-overlay-wrap'><a href='http:\/\/www.amormisericordioso.org\/fr\/mere-esperance-de-jesus\/' class='avia_image'  ><img class='wp-image-764 avia-img-lazy-loading-not-764 avia_image' src='http:\/\/www.amormisericordioso.org\/fr\/wp-content\/uploads\/2015\/10\/9con-los-brazos-abiertos-original.jpg' alt='' title='9con-los-brazos-abiertos-original'  itemprop=\"thumbnailUrl\"  \/><\/a><\/div><\/div><\/div><br \/>\n<div  class='avia-image-container  av-styling-    avia-builder-el-9  el_after_av_image  el_before_av_image  avia-align-center '  itemprop=\"image\" itemscope=\"itemscope\" itemtype=\"https:\/\/schema.org\/ImageObject\"  ><div class='avia-image-container-inner'><div class='avia-image-overlay-wrap'><a href='http:\/\/www.amormisericordioso.org\/fr\/santuario-de-collevalenza\/' class='avia_image'  ><img class='wp-image-645 avia-img-lazy-loading-not-645 avia_image' src='http:\/\/www.amormisericordioso.org\/fr\/wp-content\/uploads\/2015\/05\/principal-original-2.jpg' alt='' title='principal-original-2'  itemprop=\"thumbnailUrl\"  \/><\/a><\/div><\/div><\/div><br \/>\n<div  class='avia-image-container  av-styling-    avia-builder-el-10  el_after_av_image  avia-builder-el-last  avia-align-center '  itemprop=\"image\" itemscope=\"itemscope\" itemtype=\"https:\/\/schema.org\/ImageObject\"  ><div class='avia-image-container-inner'><div class='avia-image-overlay-wrap'><a href='http:\/\/www.amormisericordioso.org\/fr\/famille-de-lamour-misericordieux\/ubicacion-en-el-mundo\/' class='avia_image'  ><img class='wp-image-530 avia-img-lazy-loading-not-530 avia_image' src='http:\/\/www.amormisericordioso.org\/fr\/wp-content\/uploads\/2015\/05\/banner-Mundo-FAM-frances.jpg' alt='' title='banner-Mundo-FAM-frances.jpg'  itemprop=\"thumbnailUrl\"  \/><\/a><\/div><\/div><\/div><\/p><\/div><div   class='hr hr-default   avia-builder-el-11  el_after_av_one_full  el_before_av_heading '><span class='hr-inner ' ><span class='hr-inner-style'><\/span><\/span><\/div><br \/>\n<div  style='padding-bottom:10px; ' class='av-special-heading av-special-heading-h3  blockquote modern-quote  avia-builder-el-12  el_after_av_hr  el_before_av_magazine  '><h3 class='av-special-heading-tag '  itemprop=\"headline\"  >\u00daltimas noticias<\/h3><div class='special-heading-border'><div class='special-heading-inner-border' ><\/div><\/div><\/div><br \/>\n<div  id=\"1\"  class='av-magazine   avia-builder-el-13  el_after_av_heading  el_before_av_image   av-magazine-top-bar-active av-magazine-tabs-active' ><div class='av-magazine-top-bar ' ><\/div><div class='av-magazine-group sort_all'><article class='av-magazine-entry av-magazine-entry-id-2566 av-magazine-format-standard av-magazine-type-post av-magazine-entry-1 av-magazine-entry-small '  itemscope=\"itemscope\" itemtype=\"https:\/\/schema.org\/CreativeWork\" ><div class='av-magazine-thumbnail'><a href='http:\/\/www.amormisericordioso.org\/fr\/le-sauveur-est-ne-jesus-christ\/' title='En lien avec : Le Sauveur est n\u00e9, J\u00e9sus Christ' class='av-magazine-thumbnail-link '><img loading=\"lazy\" decoding=\"async\" width=\"80\" height=\"80\" src=\"http:\/\/www.amormisericordioso.org\/fr\/wp-content\/uploads\/2021\/12\/R-9-80x80.jpg\" class=\"wp-image-2567 avia-img-lazy-loading-2567 attachment-thumbnail size-thumbnail wp-post-image\" alt=\"\" srcset=\"http:\/\/www.amormisericordioso.org\/fr\/wp-content\/uploads\/2021\/12\/R-9-80x80.jpg 80w, http:\/\/www.amormisericordioso.org\/fr\/wp-content\/uploads\/2021\/12\/R-9-36x36.jpg 36w, http:\/\/www.amormisericordioso.org\/fr\/wp-content\/uploads\/2021\/12\/R-9-180x180.jpg 180w\" sizes=\"auto, (max-width: 80px) 100vw, 80px\" \/><\/a><\/div><div class='av-magazine-content-wrap'><header class='entry-content-header'><time class='av-magazine-time updated'  itemprop=\"datePublished\" datetime=\"2021-12-25T10:00:44-06:00\" >25 d\u00e9cembre, 2021<\/time><h3 class='av-magazine-title entry-title '  itemprop=\"headline\" ><a href='http:\/\/www.amormisericordioso.org\/fr\/le-sauveur-est-ne-jesus-christ\/' title='En lien avec : Le Sauveur est n\u00e9, J\u00e9sus Christ'>Le Sauveur est n\u00e9, J\u00e9sus Christ<\/a><\/h3><\/header><\/div><footer class='entry-footer'><\/footer><\/article><article class='av-magazine-entry av-magazine-entry-id-2560 av-magazine-format-standard av-magazine-type-post av-magazine-entry-2 av-magazine-entry-small '  itemscope=\"itemscope\" itemtype=\"https:\/\/schema.org\/CreativeWork\" ><div class='av-magazine-thumbnail'><a href='http:\/\/www.amormisericordioso.org\/fr\/21-11-2021-la-sollenite-de-christ-roi\/' title='En lien avec : 21\/11\/2021: La sollenit\u00e9 de Christ Roi' class='av-magazine-thumbnail-link '><img loading=\"lazy\" decoding=\"async\" width=\"80\" height=\"80\" src=\"http:\/\/www.amormisericordioso.org\/fr\/wp-content\/uploads\/2021\/11\/23795673_10210564688693706_4898416747190409627_n-80x80.jpg\" class=\"wp-image-2562 avia-img-lazy-loading-2562 attachment-thumbnail size-thumbnail wp-post-image\" alt=\"\" srcset=\"http:\/\/www.amormisericordioso.org\/fr\/wp-content\/uploads\/2021\/11\/23795673_10210564688693706_4898416747190409627_n-80x80.jpg 80w, http:\/\/www.amormisericordioso.org\/fr\/wp-content\/uploads\/2021\/11\/23795673_10210564688693706_4898416747190409627_n-36x36.jpg 36w, http:\/\/www.amormisericordioso.org\/fr\/wp-content\/uploads\/2021\/11\/23795673_10210564688693706_4898416747190409627_n-180x180.jpg 180w\" sizes=\"auto, (max-width: 80px) 100vw, 80px\" \/><\/a><\/div><div class='av-magazine-content-wrap'><header class='entry-content-header'><time class='av-magazine-time updated'  itemprop=\"datePublished\" datetime=\"2021-11-21T06:00:32-06:00\" >21 novembre, 2021<\/time><h3 class='av-magazine-title entry-title '  itemprop=\"headline\" ><a href='http:\/\/www.amormisericordioso.org\/fr\/21-11-2021-la-sollenite-de-christ-roi\/' title='En lien avec : 21\/11\/2021: La sollenit\u00e9 de Christ Roi'>21\/11\/2021: La sollenit\u00e9 de Christ Roi<\/a><\/h3><\/header><\/div><footer class='entry-footer'><\/footer><\/article><article class='av-magazine-entry av-magazine-entry-id-2555 av-magazine-format-standard av-magazine-type-post av-magazine-entry-3 av-magazine-entry-small '  itemscope=\"itemscope\" itemtype=\"https:\/\/schema.org\/CreativeWork\" ><div class='av-magazine-thumbnail'><a href='http:\/\/www.amormisericordioso.org\/fr\/webinar-ce-s-a-m\/' title='En lien avec : Webinar Ce.S.A.M.' class='av-magazine-thumbnail-link '><img loading=\"lazy\" decoding=\"async\" width=\"80\" height=\"80\" src=\"http:\/\/www.amormisericordioso.org\/fr\/wp-content\/uploads\/2021\/03\/IMMAGINE-0-80x80.jpg\" class=\"wp-image-2556 avia-img-lazy-loading-2556 attachment-thumbnail size-thumbnail wp-post-image\" alt=\"\" srcset=\"http:\/\/www.amormisericordioso.org\/fr\/wp-content\/uploads\/2021\/03\/IMMAGINE-0-80x80.jpg 80w, http:\/\/www.amormisericordioso.org\/fr\/wp-content\/uploads\/2021\/03\/IMMAGINE-0-36x36.jpg 36w, http:\/\/www.amormisericordioso.org\/fr\/wp-content\/uploads\/2021\/03\/IMMAGINE-0-180x180.jpg 180w\" sizes=\"auto, (max-width: 80px) 100vw, 80px\" \/><\/a><\/div><div class='av-magazine-content-wrap'><header class='entry-content-header'><time class='av-magazine-time updated'  itemprop=\"datePublished\" datetime=\"2021-03-18T02:27:12-06:00\" >18 mars, 2021<\/time><h3 class='av-magazine-title entry-title '  itemprop=\"headline\" ><a href='http:\/\/www.amormisericordioso.org\/fr\/webinar-ce-s-a-m\/' title='En lien avec : Webinar Ce.S.A.M.'>Webinar Ce.S.A.M.<\/a><\/h3><\/header><\/div><footer class='entry-footer'><\/footer><\/article><article class='av-magazine-entry av-magazine-entry-id-2551 av-magazine-format-standard av-magazine-type-post av-magazine-entry-4 av-magazine-entry-small '  itemscope=\"itemscope\" itemtype=\"https:\/\/schema.org\/CreativeWork\" ><div class='av-magazine-thumbnail'><a href='http:\/\/www.amormisericordioso.org\/fr\/mere-esperance-dans-le-monde\/' title='En lien avec : M\u00e8re Esp\u00e9rance dans le monde' class='av-magazine-thumbnail-link '><img loading=\"lazy\" decoding=\"async\" width=\"80\" height=\"80\" src=\"http:\/\/www.amormisericordioso.org\/fr\/wp-content\/uploads\/2021\/02\/cover-80x80.jpg\" class=\"wp-image-2552 avia-img-lazy-loading-2552 attachment-thumbnail size-thumbnail wp-post-image\" alt=\"\" srcset=\"http:\/\/www.amormisericordioso.org\/fr\/wp-content\/uploads\/2021\/02\/cover-80x80.jpg 80w, http:\/\/www.amormisericordioso.org\/fr\/wp-content\/uploads\/2021\/02\/cover-36x36.jpg 36w, http:\/\/www.amormisericordioso.org\/fr\/wp-content\/uploads\/2021\/02\/cover-180x180.jpg 180w\" sizes=\"auto, (max-width: 80px) 100vw, 80px\" \/><\/a><\/div><div class='av-magazine-content-wrap'><header class='entry-content-header'><time class='av-magazine-time updated'  itemprop=\"datePublished\" datetime=\"2021-02-25T03:48:18-06:00\" >25 f\u00e9vrier, 2021<\/time><h3 class='av-magazine-title entry-title '  itemprop=\"headline\" ><a href='http:\/\/www.amormisericordioso.org\/fr\/mere-esperance-dans-le-monde\/' title='En lien avec : M\u00e8re Esp\u00e9rance dans le monde'>M\u00e8re Esp\u00e9rance dans le monde<\/a><\/h3><\/header><\/div><footer class='entry-footer'><\/footer><\/article><\/div><\/div><br \/>\n<div  class='avia-image-container  av-styling-    avia-builder-el-14  el_after_av_magazine  avia-builder-el-last  avia-align-center '  itemprop=\"image\" itemscope=\"itemscope\" itemtype=\"https:\/\/schema.org\/ImageObject\"  ><div class='avia-image-container-inner'><div class='avia-image-overlay-wrap'><a href='http:\/\/www.amormisericordioso.org\/fr\/multimedia\/' class='avia_image'  ><img class='wp-image-596 avia-img-lazy-loading-not-596 avia_image' src='http:\/\/www.amormisericordioso.org\/fr\/wp-content\/uploads\/2015\/05\/banner-galeria-frances-FAM1.png' alt='' title='banner-galeria-frances-FAM1.png'  itemprop=\"thumbnailUrl\"  \/><\/a><\/div><\/div><\/div><\/p>\n<\/div><\/div><\/div>\n","protected":false},"excerpt":{"rendered":"","protected":false},"author":1,"featured_media":2404,"parent":19,"menu_order":0,"comment_status":"closed","ping_status":"closed","template":"","meta":{"footnotes":""},"class_list":["post-728","page","type-page","status-publish","has-post-thumbnail","hentry"],"_links":{"self":[{"href":"http:\/\/www.amormisericordioso.org\/fr\/wp-json\/wp\/v2\/pages\/728","targetHints":{"allow":["GET"]}}],"collection":[{"href":"http:\/\/www.amormisericordioso.org\/fr\/wp-json\/wp\/v2\/pages"}],"about":[{"href":"http:\/\/www.amormisericordioso.org\/fr\/wp-json\/wp\/v2\/types\/page"}],"author":[{"embeddable":true,"href":"http:\/\/www.amormisericordioso.org\/fr\/wp-json\/wp\/v2\/users\/1"}],"replies":[{"embeddable":true,"href":"http:\/\/www.amormisericordioso.org\/fr\/wp-json\/wp\/v2\/comments?post=728"}],"version-history":[{"count":3,"href":"http:\/\/www.amormisericordioso.org\/fr\/wp-json\/wp\/v2\/pages\/728\/revisions"}],"predecessor-version":[{"id":2409,"href":"http:\/\/www.amormisericordioso.org\/fr\/wp-json\/wp\/v2\/pages\/728\/revisions\/2409"}],"up":[{"embeddable":true,"href":"http:\/\/www.amormisericordioso.org\/fr\/wp-json\/wp\/v2\/pages\/19"}],"wp:featuredmedia":[{"embeddable":true,"href":"http:\/\/www.amormisericordioso.org\/fr\/wp-json\/wp\/v2\/media\/2404"}],"wp:attachment":[{"href":"http:\/\/www.amormisericordioso.org\/fr\/wp-json\/wp\/v2\/media?parent=728"}],"curies":[{"name":"wp","href":"https:\/\/api.w.org\/{rel}","templated":true}]}}