{"id":726,"date":"2016-04-26T08:00:31","date_gmt":"2016-04-26T14:00:31","guid":{"rendered":"http:\/\/localhost:8888\/amormisericordioso\/?page_id=726"},"modified":"2019-01-03T13:05:38","modified_gmt":"2019-01-03T19:05:38","slug":"sainte-therese-de-lenfant-jesus","status":"publish","type":"page","link":"http:\/\/www.amormisericordioso.org\/fr\/famille-de-lamour-misericordieux\/sainte-therese-de-lenfant-jesus\/","title":{"rendered":"Sainte Th\u00e9r\u00e8se de l\u2019Enfant-J\u00e9sus"},"content":{"rendered":"<div id='av-layout-grid-1'  class='av-layout-grid-container entry-content-wrapper main_color av-flex-cells     avia-builder-el-0  avia-builder-el-no-sibling  container_wrap sidebar_right' style=' '  >\n<div class=\"flex_cell no_margin av_three_fourth  avia-builder-el-1  el_before_av_cell_one_fourth  avia-builder-el-first   \"  style='vertical-align:top; padding:30px; background-color:#ffffff; ' ><div class='flex_cell_inner' ><div class='flex_column_table av-equal-height-column-flextable -flextable' style='margin-top:-60px; margin-bottom:0px; '><div class=\"flex_column av_one_full  no_margin flex_column_table_cell av-equal-height-column av-align-top first  avia-builder-el-2  avia-builder-el-no-sibling  \" style='padding:30px; background-color:#ffffff; border-radius:0px; '><p><div  class='avia-image-container  av-styling-    avia-builder-el-3  el_before_av_heading  avia-builder-el-first  avia-align-center '  itemprop=\"image\" itemscope=\"itemscope\" itemtype=\"https:\/\/schema.org\/ImageObject\"  ><div class='avia-image-container-inner'><div class='avia-image-overlay-wrap'><img class='wp-image-2403 avia-img-lazy-loading-not-2403 avia_image' src='http:\/\/www.amormisericordioso.org\/fr\/wp-content\/uploads\/2015\/10\/primary-original-9.jpg' alt='' title='primary-original (9)' height=\"339\" width=\"624\"  itemprop=\"thumbnailUrl\"  \/><\/div><\/div><\/div><br \/>\n<div  style='padding-bottom:0px; ' class='av-special-heading av-special-heading-h1  blockquote modern-quote  avia-builder-el-4  el_after_av_image  el_before_av_textblock  '><h1 class='av-special-heading-tag '  itemprop=\"headline\"  > Sainte Th\u00e9r\u00e8se de l\u2019Enfant-J\u00e9sus<\/h1><div class='special-heading-border'><div class='special-heading-inner-border' ><\/div><\/div><\/div><br \/>\n<section class=\"av_textblock_section \"  itemscope=\"itemscope\" itemtype=\"https:\/\/schema.org\/CreativeWork\" ><div class='avia_textblock  '  style='font-size:18px; '  itemprop=\"text\" ><p align=\"justify\">Sainte Th\u00e9r\u00e8se de l\u2019Enfant-J\u00e9sus naquit dans la ville fran\u00e7aise d\u2019Alen\u00e7on, le 2 janvier 1873, ses parents exemplaires \u00e9taient Louis Martin et Z\u00e9lie Marie Gu\u00e9rin, tous les deux saints. Elle mourut en 1897, et en 1925 le Pape Pie XI la canonisa, et dans la suite la proclama\u00a0<b>Patronne universelle des missions<\/b>. Il l\u2019appela \u00ab\u00a0l\u2019\u00e9toile de mon pontificat\u00a0\u00bb, et d\u00e9finit comme \u00ab\u00a0un ouragan de gloire\u00a0\u00bb le mouvement universel d\u2019affection et de d\u00e9votion qui accompagna cette jeune carm\u00e9lite. Proclam\u00e9e\u00a0<b>\u00ab\u00a0Docteur de l\u2019Eglise\u00a0\u00bb<\/b>\u00a0par le Pape Jean-Paul II, le 19 octobre 1997 (Journ\u00e9e des missions).<\/p>\n<p align=\"justify\"><i>\u00ab\u00a0J&rsquo;ai toujours d\u00e9sir\u00e9, dit Th\u00e9r\u00e8se de Lisieux dans son Autobiographie, d&rsquo;\u00eatre une sainte, mais h\u00e9las! J&rsquo;ai toujours constat\u00e9, lorsque je me suis compar\u00e9e aux saints qu&rsquo;il y a entre eux et moi la m\u00eame diff\u00e9rence qui existe entre une montagne dont le sommet se perd dans les cieux et le grain de sable obscur foul\u00e9 sous les pieds des passants; au lieu de me d\u00e9courager, je me suis dit: le Bon Dieu ne saurait inspirer des d\u00e9sirs irr\u00e9alisables, je puis donc malgr\u00e9 ma petitesse aspirer \u00e0 la saintet\u00e9; me grandir, c&rsquo;est impossible, je dois me supporter telle que je suis avec toutes mes imperfections, mais je veux chercher le moyen d&rsquo;aller au Ciel par une petite voie bien droite, bien courte, une petite voie toute nouvelle. Moi je voudrais aussi trouver un ascenseur pour m&rsquo;\u00e9lever jusqu&rsquo;\u00e0 J\u00e9sus, car je suis trop petite pour monter le rude escalier de la perfection.\u00a0\u00bb<\/i><\/p>\n<p align=\"justify\">Th\u00e9r\u00e8se \u00e9tait\u00a0<b>la derni\u00e8re de cinq enfants<\/b>\u00a0\u2013 elle avait eu deux fr\u00e8res, mais tous deux sont morts \u2013 Elle eut une enfance tr\u00e8s heureuse. Elle admirait beaucoup ses parents\u00a0: \u00ab\u00a0Je ne puis dire ce que j&rsquo;aimais Papa, tout en lui me causait de l&rsquo;admiration\u00a0\u00bb.<\/p>\n<p align=\"justify\">Quand elle n\u2019avait que cinq ans, sa m\u00e8re mourut, et tout d\u2019un coup se termina son bonheur d\u2019enfant. A partir de ce moment-l\u00e0, l\u2019ombre de la tristesse p\u00e8sera toujours sur elle, bien que la vie de famille continuait marquait par beaucoup d\u2019amour. Elle fut \u00e9lev\u00e9e par ses s\u0153urs l\u2019\u00e9lev\u00e8rent, surtout la seconde\u00a0; et par son p\u00e8re, qui sut inculquer \u00e0 la fois une douceur maternelle et paternelle.<\/p>\n<p align=\"justify\">Avec lui,\u00a0<b>elle apprit \u00e0 aimer la nature, \u00e0 prier et \u00e0 aimer et secourir les pauvres<\/b>. A l\u2019\u00e2ge de neuf ans, sa s\u0153ur, qui \u00e9tait pour elle \u00ab\u00a0sa seconde maman\u00a0\u00bb, entra comme carm\u00e9lite au monast\u00e8re de la ville. Th\u00e9r\u00e8se souffrit \u00e0 nouveau beaucoup, mais dans sa souffrance elle acquit la certitude qu\u2019elle aussi \u00e9tait appel\u00e9e au Carmel.<\/p>\n<p align=\"justify\">Au cours de son enfance, on nota toujours sa grande capacit\u00e9 pour \u00eatre \u00ab\u00a0particuli\u00e8rement\u00a0\u00bb\u00a0<b>cons\u00e9quente entre les choses qu\u2019elle croyait et les d\u00e9cisions qu\u2019elle prenait dans la vie,\u00a0<\/b>en tout domaine. Par exemple, si son p\u00e8re lui disait du haut d\u2019un escalier\u00a0: \u00ab\u00a0\u00ab\u00a0Eloigne-toi\u00a0<i>paup&rsquo;tit<\/i>, si je tombe je vais t&rsquo;\u00e9craser.\u00a0\u00bb elle se collait contre l&rsquo;\u00e9chelle en pensant: \u00ab\u00a0Au moins si Papa tombe, je ne vais pas avoir la douleur de le voir mourir, puisque je vais mourir avec lui!\u00a0\u00bb\u00a0; ou, en se pr\u00e9parant pour la confession, elle se demandait\u00a0: \u00ab\u00a0s&rsquo;il ne fallait pas dire au pr\u00eatre que je l&rsquo;aimais de tout mon c\u0153ur puisque c&rsquo;\u00e9tait au Bon Dieu que j&rsquo;allais parler en sa personne\u00a0\u00bb.<\/p>\n<p align=\"justify\">Quand elle n\u2019avait que quinze ans,\u00a0<b>elle \u00e9tait convaincue de sa vocation\u00a0: elle voulait aller au Carmel<\/b>. Mais \u00e9tant mineure, on ne le lui permettait pas. Alors, elle d\u00e9cida d\u2019aller en p\u00e8lerinage \u00e0 Rome et de le demander l\u00e0 au Pape. Elle lui demanda son autorisation pour entrer au Carmel\u00a0; il lui dit : \u00ab\u00a0Vous entrerez, si Dieu le veut\u00a0\u00bb. Il avait &#8211; dit Th\u00e9r\u00e8se &#8211; une expression tellement per\u00e7ante et convaincante que la marque en est rest\u00e9 dans mon c\u0153ur.<\/p>\n<p align=\"justify\">Dans le Carmel\u00a0<b>elle v\u00e9cut deux myst\u00e8res : l&rsquo;enfance de J\u00e9sus et sa passion<\/b>. Pour cette raison, elle demanda \u00e0 s\u2019appeler s\u0153ur\u00a0<u>Th\u00e9r\u00e8se de l&rsquo;Enfant-J\u00e9sus et de la Sainte Face<\/u>. Elle s\u2019offrit \u00e0 Dieu comme son instrument. Il s\u2019agissait renoncer \u00e0 imaginer et pr\u00e9tendre que la vie chr\u00e9tienne consiste une s\u00e9rie de grandes entreprises, et de parcourir de bon c\u0153ur et avec un bon esprit \u00ab\u00a0le chemin de l&rsquo;enfant qui dort sans peur dans les bras de son p\u00e8re\u00a0\u00bb.<\/p>\n<p align=\"justify\">A 23 ans,\u00a0<b>elle tomba malade avec la tuberculose\u00a0; elle mourut une ann\u00e9e plus tard<\/b>\u00a0dans les bras de ses s\u0153urs du Carmel. Dans les derniers temps, elle maintint une correspondance avec deux pr\u00eatres missionnaires, l\u2019un d\u2019eux avait \u00e9t\u00e9 envoy\u00e9 au Canada et l&rsquo;autre en Chine, et elle les accompagnait constamment avec ses pri\u00e8res. C&rsquo;est pourquoi, Pie XII a voulu l&rsquo;associer, en 1927, \u00e0 saint Fran\u00e7ois-Xavier comme patronne des missions.<\/p>\n<\/div><\/section><\/p><\/div><\/div><!--close column table wrapper. Autoclose: 1 -->\n<\/div><\/div><div class=\"flex_cell no_margin av_one_fourth  avia-builder-el-6  el_after_av_cell_three_fourth  avia-builder-el-last   \"  style='vertical-align:top; padding:30px; background-color:#ffffff; ' ><div class='flex_cell_inner' ><p><div class=\"flex_column av_one_full  flex_column_div av-zero-column-padding first  avia-builder-el-7  el_before_av_hr  avia-builder-el-first  \" style='border-radius:0px; '><p><div  class='avia-image-container  av-styling-    avia-builder-el-8  el_before_av_image  avia-builder-el-first  avia-align-center '  itemprop=\"image\" itemscope=\"itemscope\" itemtype=\"https:\/\/schema.org\/ImageObject\"  ><div class='avia-image-container-inner'><div class='avia-image-overlay-wrap'><a href='http:\/\/www.amormisericordioso.org\/fr\/mere-esperance-de-jesus\/' class='avia_image'  ><img class='wp-image-764 avia-img-lazy-loading-not-764 avia_image' src='http:\/\/www.amormisericordioso.org\/fr\/wp-content\/uploads\/2015\/10\/9con-los-brazos-abiertos-original.jpg' alt='' title='9con-los-brazos-abiertos-original'  itemprop=\"thumbnailUrl\"  \/><\/a><\/div><\/div><\/div><br \/>\n<div  class='avia-image-container  av-styling-    avia-builder-el-9  el_after_av_image  el_before_av_image  avia-align-center '  itemprop=\"image\" itemscope=\"itemscope\" itemtype=\"https:\/\/schema.org\/ImageObject\"  ><div class='avia-image-container-inner'><div class='avia-image-overlay-wrap'><a href='http:\/\/www.amormisericordioso.org\/fr\/santuario-de-collevalenza\/' class='avia_image'  ><img class='wp-image-645 avia-img-lazy-loading-not-645 avia_image' src='http:\/\/www.amormisericordioso.org\/fr\/wp-content\/uploads\/2015\/05\/principal-original-2.jpg' alt='' title='principal-original-2'  itemprop=\"thumbnailUrl\"  \/><\/a><\/div><\/div><\/div><br \/>\n<div  class='avia-image-container  av-styling-    avia-builder-el-10  el_after_av_image  avia-builder-el-last  avia-align-center '  itemprop=\"image\" itemscope=\"itemscope\" itemtype=\"https:\/\/schema.org\/ImageObject\"  ><div class='avia-image-container-inner'><div class='avia-image-overlay-wrap'><a href='http:\/\/www.amormisericordioso.org\/fr\/famille-de-lamour-misericordieux\/ubicacion-en-el-mundo\/' class='avia_image'  ><img class='wp-image-530 avia-img-lazy-loading-not-530 avia_image' src='http:\/\/www.amormisericordioso.org\/fr\/wp-content\/uploads\/2015\/05\/banner-Mundo-FAM-frances.jpg' alt='' title='banner-Mundo-FAM-frances.jpg'  itemprop=\"thumbnailUrl\"  \/><\/a><\/div><\/div><\/div><\/p><\/div><div   class='hr hr-default   avia-builder-el-11  el_after_av_one_full  el_before_av_heading '><span class='hr-inner ' ><span class='hr-inner-style'><\/span><\/span><\/div><br \/>\n<div  style='padding-bottom:10px; ' class='av-special-heading av-special-heading-h3  blockquote modern-quote  avia-builder-el-12  el_after_av_hr  el_before_av_magazine  '><h3 class='av-special-heading-tag '  itemprop=\"headline\"  >\u00daltimas noticias<\/h3><div class='special-heading-border'><div class='special-heading-inner-border' ><\/div><\/div><\/div><br \/>\n<div  id=\"1\"  class='av-magazine   avia-builder-el-13  el_after_av_heading  el_before_av_image   av-magazine-top-bar-active av-magazine-tabs-active' ><div class='av-magazine-top-bar ' ><\/div><div class='av-magazine-group sort_all'><article class='av-magazine-entry av-magazine-entry-id-2566 av-magazine-format-standard av-magazine-type-post av-magazine-entry-1 av-magazine-entry-small '  itemscope=\"itemscope\" itemtype=\"https:\/\/schema.org\/CreativeWork\" ><div class='av-magazine-thumbnail'><a href='http:\/\/www.amormisericordioso.org\/fr\/le-sauveur-est-ne-jesus-christ\/' title='En lien avec : Le Sauveur est n\u00e9, J\u00e9sus Christ' class='av-magazine-thumbnail-link '><img loading=\"lazy\" decoding=\"async\" width=\"80\" height=\"80\" src=\"http:\/\/www.amormisericordioso.org\/fr\/wp-content\/uploads\/2021\/12\/R-9-80x80.jpg\" class=\"wp-image-2567 avia-img-lazy-loading-2567 attachment-thumbnail size-thumbnail wp-post-image\" alt=\"\" srcset=\"http:\/\/www.amormisericordioso.org\/fr\/wp-content\/uploads\/2021\/12\/R-9-80x80.jpg 80w, http:\/\/www.amormisericordioso.org\/fr\/wp-content\/uploads\/2021\/12\/R-9-36x36.jpg 36w, http:\/\/www.amormisericordioso.org\/fr\/wp-content\/uploads\/2021\/12\/R-9-180x180.jpg 180w\" sizes=\"auto, (max-width: 80px) 100vw, 80px\" \/><\/a><\/div><div class='av-magazine-content-wrap'><header class='entry-content-header'><time class='av-magazine-time updated'  itemprop=\"datePublished\" datetime=\"2021-12-25T10:00:44-06:00\" >25 d\u00e9cembre, 2021<\/time><h3 class='av-magazine-title entry-title '  itemprop=\"headline\" ><a href='http:\/\/www.amormisericordioso.org\/fr\/le-sauveur-est-ne-jesus-christ\/' title='En lien avec : Le Sauveur est n\u00e9, J\u00e9sus Christ'>Le Sauveur est n\u00e9, J\u00e9sus Christ<\/a><\/h3><\/header><\/div><footer class='entry-footer'><\/footer><\/article><article class='av-magazine-entry av-magazine-entry-id-2560 av-magazine-format-standard av-magazine-type-post av-magazine-entry-2 av-magazine-entry-small '  itemscope=\"itemscope\" itemtype=\"https:\/\/schema.org\/CreativeWork\" ><div class='av-magazine-thumbnail'><a href='http:\/\/www.amormisericordioso.org\/fr\/21-11-2021-la-sollenite-de-christ-roi\/' title='En lien avec : 21\/11\/2021: La sollenit\u00e9 de Christ Roi' class='av-magazine-thumbnail-link '><img loading=\"lazy\" decoding=\"async\" width=\"80\" height=\"80\" src=\"http:\/\/www.amormisericordioso.org\/fr\/wp-content\/uploads\/2021\/11\/23795673_10210564688693706_4898416747190409627_n-80x80.jpg\" class=\"wp-image-2562 avia-img-lazy-loading-2562 attachment-thumbnail size-thumbnail wp-post-image\" alt=\"\" srcset=\"http:\/\/www.amormisericordioso.org\/fr\/wp-content\/uploads\/2021\/11\/23795673_10210564688693706_4898416747190409627_n-80x80.jpg 80w, http:\/\/www.amormisericordioso.org\/fr\/wp-content\/uploads\/2021\/11\/23795673_10210564688693706_4898416747190409627_n-36x36.jpg 36w, http:\/\/www.amormisericordioso.org\/fr\/wp-content\/uploads\/2021\/11\/23795673_10210564688693706_4898416747190409627_n-180x180.jpg 180w\" sizes=\"auto, (max-width: 80px) 100vw, 80px\" \/><\/a><\/div><div class='av-magazine-content-wrap'><header class='entry-content-header'><time class='av-magazine-time updated'  itemprop=\"datePublished\" datetime=\"2021-11-21T06:00:32-06:00\" >21 novembre, 2021<\/time><h3 class='av-magazine-title entry-title '  itemprop=\"headline\" ><a href='http:\/\/www.amormisericordioso.org\/fr\/21-11-2021-la-sollenite-de-christ-roi\/' title='En lien avec : 21\/11\/2021: La sollenit\u00e9 de Christ Roi'>21\/11\/2021: La sollenit\u00e9 de Christ Roi<\/a><\/h3><\/header><\/div><footer class='entry-footer'><\/footer><\/article><article class='av-magazine-entry av-magazine-entry-id-2555 av-magazine-format-standard av-magazine-type-post av-magazine-entry-3 av-magazine-entry-small '  itemscope=\"itemscope\" itemtype=\"https:\/\/schema.org\/CreativeWork\" ><div class='av-magazine-thumbnail'><a href='http:\/\/www.amormisericordioso.org\/fr\/webinar-ce-s-a-m\/' title='En lien avec : Webinar Ce.S.A.M.' class='av-magazine-thumbnail-link '><img loading=\"lazy\" decoding=\"async\" width=\"80\" height=\"80\" src=\"http:\/\/www.amormisericordioso.org\/fr\/wp-content\/uploads\/2021\/03\/IMMAGINE-0-80x80.jpg\" class=\"wp-image-2556 avia-img-lazy-loading-2556 attachment-thumbnail size-thumbnail wp-post-image\" alt=\"\" srcset=\"http:\/\/www.amormisericordioso.org\/fr\/wp-content\/uploads\/2021\/03\/IMMAGINE-0-80x80.jpg 80w, http:\/\/www.amormisericordioso.org\/fr\/wp-content\/uploads\/2021\/03\/IMMAGINE-0-36x36.jpg 36w, http:\/\/www.amormisericordioso.org\/fr\/wp-content\/uploads\/2021\/03\/IMMAGINE-0-180x180.jpg 180w\" sizes=\"auto, (max-width: 80px) 100vw, 80px\" \/><\/a><\/div><div class='av-magazine-content-wrap'><header class='entry-content-header'><time class='av-magazine-time updated'  itemprop=\"datePublished\" datetime=\"2021-03-18T02:27:12-06:00\" >18 mars, 2021<\/time><h3 class='av-magazine-title entry-title '  itemprop=\"headline\" ><a href='http:\/\/www.amormisericordioso.org\/fr\/webinar-ce-s-a-m\/' title='En lien avec : Webinar Ce.S.A.M.'>Webinar Ce.S.A.M.<\/a><\/h3><\/header><\/div><footer class='entry-footer'><\/footer><\/article><article class='av-magazine-entry av-magazine-entry-id-2551 av-magazine-format-standard av-magazine-type-post av-magazine-entry-4 av-magazine-entry-small '  itemscope=\"itemscope\" itemtype=\"https:\/\/schema.org\/CreativeWork\" ><div class='av-magazine-thumbnail'><a href='http:\/\/www.amormisericordioso.org\/fr\/mere-esperance-dans-le-monde\/' title='En lien avec : M\u00e8re Esp\u00e9rance dans le monde' class='av-magazine-thumbnail-link '><img loading=\"lazy\" decoding=\"async\" width=\"80\" height=\"80\" src=\"http:\/\/www.amormisericordioso.org\/fr\/wp-content\/uploads\/2021\/02\/cover-80x80.jpg\" class=\"wp-image-2552 avia-img-lazy-loading-2552 attachment-thumbnail size-thumbnail wp-post-image\" alt=\"\" srcset=\"http:\/\/www.amormisericordioso.org\/fr\/wp-content\/uploads\/2021\/02\/cover-80x80.jpg 80w, http:\/\/www.amormisericordioso.org\/fr\/wp-content\/uploads\/2021\/02\/cover-36x36.jpg 36w, http:\/\/www.amormisericordioso.org\/fr\/wp-content\/uploads\/2021\/02\/cover-180x180.jpg 180w\" sizes=\"auto, (max-width: 80px) 100vw, 80px\" \/><\/a><\/div><div class='av-magazine-content-wrap'><header class='entry-content-header'><time class='av-magazine-time updated'  itemprop=\"datePublished\" datetime=\"2021-02-25T03:48:18-06:00\" >25 f\u00e9vrier, 2021<\/time><h3 class='av-magazine-title entry-title '  itemprop=\"headline\" ><a href='http:\/\/www.amormisericordioso.org\/fr\/mere-esperance-dans-le-monde\/' title='En lien avec : M\u00e8re Esp\u00e9rance dans le monde'>M\u00e8re Esp\u00e9rance dans le monde<\/a><\/h3><\/header><\/div><footer class='entry-footer'><\/footer><\/article><\/div><\/div><br \/>\n<div  class='avia-image-container  av-styling-    avia-builder-el-14  el_after_av_magazine  avia-builder-el-last  avia-align-center '  itemprop=\"image\" itemscope=\"itemscope\" itemtype=\"https:\/\/schema.org\/ImageObject\"  ><div class='avia-image-container-inner'><div class='avia-image-overlay-wrap'><a href='http:\/\/www.amormisericordioso.org\/fr\/multimedia\/' class='avia_image'  ><img class='wp-image-596 avia-img-lazy-loading-not-596 avia_image' src='http:\/\/www.amormisericordioso.org\/fr\/wp-content\/uploads\/2015\/05\/banner-galeria-frances-FAM1.png' alt='' title='banner-galeria-frances-FAM1.png'  itemprop=\"thumbnailUrl\"  \/><\/a><\/div><\/div><\/div><\/p>\n<\/div><\/div><\/div>\n","protected":false},"excerpt":{"rendered":"","protected":false},"author":1,"featured_media":2403,"parent":19,"menu_order":0,"comment_status":"closed","ping_status":"closed","template":"","meta":{"footnotes":""},"class_list":["post-726","page","type-page","status-publish","has-post-thumbnail","hentry"],"_links":{"self":[{"href":"http:\/\/www.amormisericordioso.org\/fr\/wp-json\/wp\/v2\/pages\/726","targetHints":{"allow":["GET"]}}],"collection":[{"href":"http:\/\/www.amormisericordioso.org\/fr\/wp-json\/wp\/v2\/pages"}],"about":[{"href":"http:\/\/www.amormisericordioso.org\/fr\/wp-json\/wp\/v2\/types\/page"}],"author":[{"embeddable":true,"href":"http:\/\/www.amormisericordioso.org\/fr\/wp-json\/wp\/v2\/users\/1"}],"replies":[{"embeddable":true,"href":"http:\/\/www.amormisericordioso.org\/fr\/wp-json\/wp\/v2\/comments?post=726"}],"version-history":[{"count":2,"href":"http:\/\/www.amormisericordioso.org\/fr\/wp-json\/wp\/v2\/pages\/726\/revisions"}],"predecessor-version":[{"id":2411,"href":"http:\/\/www.amormisericordioso.org\/fr\/wp-json\/wp\/v2\/pages\/726\/revisions\/2411"}],"up":[{"embeddable":true,"href":"http:\/\/www.amormisericordioso.org\/fr\/wp-json\/wp\/v2\/pages\/19"}],"wp:featuredmedia":[{"embeddable":true,"href":"http:\/\/www.amormisericordioso.org\/fr\/wp-json\/wp\/v2\/media\/2403"}],"wp:attachment":[{"href":"http:\/\/www.amormisericordioso.org\/fr\/wp-json\/wp\/v2\/media?parent=726"}],"curies":[{"name":"wp","href":"https:\/\/api.w.org\/{rel}","templated":true}]}}