{"id":724,"date":"2016-04-26T07:58:51","date_gmt":"2016-04-26T13:58:51","guid":{"rendered":"http:\/\/localhost:8888\/amormisericordioso\/?page_id=724"},"modified":"2019-01-03T13:09:13","modified_gmt":"2019-01-03T19:09:13","slug":"saint-jean-de-dieu","status":"publish","type":"page","link":"http:\/\/www.amormisericordioso.org\/fr\/famille-de-lamour-misericordieux\/saint-jean-de-dieu\/","title":{"rendered":"Saint Jean de Dieu"},"content":{"rendered":"<div id='av-layout-grid-1'  class='av-layout-grid-container entry-content-wrapper main_color av-flex-cells     avia-builder-el-0  avia-builder-el-no-sibling  container_wrap sidebar_right' style=' '  >\n<div class=\"flex_cell no_margin av_three_fourth  avia-builder-el-1  el_before_av_cell_one_fourth  avia-builder-el-first   \"  style='vertical-align:top; padding:30px; background-color:#ffffff; ' ><div class='flex_cell_inner' ><div class='flex_column_table av-equal-height-column-flextable -flextable' style='margin-top:-60px; margin-bottom:0px; '><div class=\"flex_column av_one_full  no_margin flex_column_table_cell av-equal-height-column av-align-top first  avia-builder-el-2  avia-builder-el-no-sibling  \" style='padding:30px; background-color:#ffffff; border-radius:0px; '><p><div  class='avia-image-container  av-styling-    avia-builder-el-3  el_before_av_heading  avia-builder-el-first  avia-align-center '  itemprop=\"image\" itemscope=\"itemscope\" itemtype=\"https:\/\/schema.org\/ImageObject\"  ><div class='avia-image-container-inner'><div class='avia-image-overlay-wrap'><img class='wp-image-2402 avia-img-lazy-loading-not-2402 avia_image' src='http:\/\/www.amormisericordioso.org\/fr\/wp-content\/uploads\/2015\/10\/primary-original-8.jpg' alt='' title='primary-original (8)' height=\"339\" width=\"624\"  itemprop=\"thumbnailUrl\"  \/><\/div><\/div><\/div><br \/>\n<div  style='padding-bottom:0px; ' class='av-special-heading av-special-heading-h1  blockquote modern-quote  avia-builder-el-4  el_after_av_image  el_before_av_textblock  '><h1 class='av-special-heading-tag '  itemprop=\"headline\"  >Saint Jean de Dieu<\/h1><div class='special-heading-border'><div class='special-heading-inner-border' ><\/div><\/div><\/div><br \/>\n<section class=\"av_textblock_section \"  itemscope=\"itemscope\" itemtype=\"https:\/\/schema.org\/CreativeWork\" ><div class='avia_textblock  '  style='font-size:18px; '  itemprop=\"text\" ><p align=\"justify\">Il naquit et mourut le 8 mars. N\u00e9 au Portugal, en 1495, il meurt \u00e0 Grenade (Espagne), en 1550, \u00e0 l\u2019\u00e2ge de 55 ans.<\/p>\n<p align=\"justify\">D&rsquo;une\u00a0<b>famille pauvre mais tr\u00e8s pieuse<\/b>. Sa m\u00e8re est morte quand il \u00e9tait encore jeune. Son p\u00e8re est mort comme religieux dans un couvent.<\/p>\n<p align=\"justify\">Dans sa jeunesse, il fut \u00a0<b>berger<\/b>, tr\u00e8s appr\u00e9ci\u00e9 par le ma\u00eetre de la propri\u00e9t\u00e9 o\u00f9 il travaillait. On lui proposa de se marier avec la fille du patron et ainsi rester comme h\u00e9ritier de ces possessions, mais il d\u00e9cida rester libre d\u2019engagements \u00e9conomiques et domestiques, car il d\u00e9sirait s&rsquo;occuper de travaux plus spirituels.<\/p>\n<p align=\"justify\">Il fut\u00a0<b>soldat<\/b>\u00a0sous les ordres du g\u00e9nie de la guerre, Charles- Quint, dans des batailles tr\u00e8s c\u00e9l\u00e8bres. La vie militaire le rendit fort, r\u00e9sistant et patient. La Tr\u00e8s Sainte. Vierge l&rsquo;a sauv\u00e9 d\u2019\u00eatre pendu\u00a0: en effet, une fois pendant la guerre on le mit \u00e0 surveiller un grand r\u00e9servoir et pour ne pas avoir \u00e9t\u00e9 suffisamment vigilante, les ennemis ont tout emmen\u00e9. Son colonel ordonna qu\u2019on le pende, mais Jean mit toute sa foi en la M\u00e8re de Dieu et il obtint qu\u2019on lui pardonne. Par la suite, il quitta la milice, car il n&rsquo;y \u00e9tait pas tr\u00e8s appropri\u00e9.<\/p>\n<p align=\"justify\">Sorti de l&rsquo;arm\u00e9e, il voulut faire un peu d&rsquo;apostolat et se consacra au travail de\u00a0<b>vendeur itin\u00e9rant de timbres et livres religieux<\/b>. Quand il arriva \u00e0 la ville de Grenade, il vit un petit enfant tr\u00e8s pauvre et tr\u00e8s n\u00e9cessiteux, et il offrit de l&rsquo;aider. Ce \u00ab\u00a0petit pauvre\u00a0\u00bb \u00e9tait la repr\u00e9sentation de l\u2019enfant J\u00e9sus, qui lui dit : \u00ab\u00a0Grenade sera ta croix\u00a0\u00bb, puis disparu.<\/p>\n<p align=\"justify\">Alors que Jean \u00e9tait vendeur itin\u00e9rant de livres religieux \u00e0 Grenade, le c\u00e9l\u00e8bre P\u00e8re saint Jean d&rsquo;Avila vint bient\u00f4t \u00e0 pr\u00eacher une mission. Jean assista \u00e0 un de ses sermons \u00e9loquents, et en plein milieu du sermon, quand ce pr\u00e9dicateur se mit \u00e0 parler contre la vie de p\u00e9ch\u00e9, notre homme s\u2019agenouilla et commen\u00e7a \u00e0 crier :\u00a0<b>\u00ab\u00a0Mis\u00e9ricorde, Seigneur, qui suis un p\u00e9cheur\u00a0\u00bb et sortit en criant dans les rues<\/b>, en demandant pardon \u00e0 Dieu. Il avait \u00e0 peu pr\u00e8s 40 ann\u00e9es.<\/p>\n<p align=\"justify\">Il se confessa avec saint Jean d&rsquo;Avila et se proposa une p\u00e9nitence tr\u00e8s sp\u00e9ciale : faire le fou pour que les gens l&rsquo;humilient et le fassent souffrir \u00e9norm\u00e9ment.<\/p>\n<p align=\"justify\"><b>Il distribua aux pauvres tout ce qu&rsquo;il avait<\/b>\u00a0dans sa petite librairie, et commen\u00e7a \u00e0 d\u00e9ambuler dans les rues de la ville demandant la mis\u00e9ricorde \u00e0 Dieu par tous ses p\u00e9ch\u00e9s.<\/p>\n<p align=\"justify\">Les gens, croyant qu\u2019il \u00e9tait fou, commenc\u00e8rent \u00e0 l&rsquo;attaquer en lui lan\u00e7ant des pierres et lui donnant des coups.<\/p>\n<p align=\"justify\">\u00c0 la fin ils l&rsquo;ont port\u00e9 \u00e0 l\u2019asile des ali\u00e9n\u00e9s et les responsables lui ont donn\u00e9 de fortes racl\u00e9es, parce que c\u2019\u00e9tait l\u00e0 le moyen dont ils se servaient pour calmer les fous : les battre \u00e9nergiquement. Mais ils remarquaient que Jean n\u2019\u00e9tait pas contrari\u00e9 pour les coups qu\u2019on lui donnait, mais l&rsquo;offrait tout \u00e0 Dieu. Mais en m\u00eame temps, il corrigeait ses gardes et les interpellait pour la mani\u00e8re tellement brutale dont ils traitaient les pauvres malades.<\/p>\n<p align=\"justify\">Saint Jean de Dieu se tenait devant\u00a0<b>un malade comme face \u00e0 quelqu&rsquo;un qui ressemble \u00e0 notre Seigneur<\/b>. Ce s\u00e9jour de Jean dans cet asile d\u2019ali\u00e9n\u00e9s, qui \u00e9tait un v\u00e9ritable enfer, fut v\u00e9ritablement providentiel, parce qu&rsquo;il se rendit compte de la grande erreur de ceux qui pr\u00e9tendent gu\u00e9rir les maladies mentales avec des m\u00e9thodes de torture. Alors, ayant retrouv\u00e9 la libert\u00e9, il fondera un H\u00f4pital, et l\u00e0, bien qu&rsquo;il sache peu de la m\u00e9decine, il d\u00e9montrera qu&rsquo;il est beaucoup meilleur que les m\u00e9decins, surtout en ce qui concerne les maladies mentales, et enseignera par son exemple que, dans le cas de certains patients, il faut traiter d&rsquo;abord l&rsquo;\u00e2me si on veut r\u00e9ussir ensuite le traitement de son corps. Ses religieux s&rsquo;occupent \u00e0 de malades mentaux sur tous les continents, avec de grands et admirables r\u00e9sultats, en employant toujours les m\u00e9thodes de la bont\u00e9 et de la compr\u00e9hension, au lieu de la rigidit\u00e9 de la torture.<\/p>\n<p align=\"justify\">Quand saint Jean d&rsquo;Avila revint \u00e0 la ville et sut qu\u2019ils avaient mit son converti dans un asile d\u2019ali\u00e9n\u00e9s, il vint le voir et obtint sa sortie\u00a0; puis, il lui conseilla de ne plus se livrer \u00e0 la p\u00e9nitence en faisant le fou pour \u00eatre martyris\u00e9 par les gens. D\u00e9sormais,\u00a0<b>il se consacrera \u00e0 une v\u00e9ritable \u00ab\u00a0folie d&rsquo;amour\u00a0\u00bb :\u00a0<u>d\u00e9penser toute sa vie et ses \u00e9nergies pour aider les malades les plus mis\u00e9rables par amour pour le Christ J\u00e9sus qu\u2019ils repr\u00e9sentent<\/u>.<\/b><\/p>\n<p align=\"justify\">Jean loue une vieille maison et, l\u00e0, commence \u00e0 recevoir \u00e0 tout malade, mendiant, fou, personne \u00e2g\u00e9e, orphelin et d\u00e9sempar\u00e9 qui lui demande son aide. Durant toute la journ\u00e9e, il s&rsquo;occupe de chacun avec l&rsquo;affection la plus exquise, en servant d&rsquo;infirmier, de cuisinier, de balayeur, coursier, p\u00e8re, ami et fr\u00e8re de tous. Le soir il va dans la rue\u00a0<b>demander des aum\u00f4nes pour ses pauvres<\/b>.<\/p>\n<p align=\"justify\">Bient\u00f4t, le cri de Jean la nuit dans les rues devient c\u00e9l\u00e8bre dans toute Grenade. Il passait avec des sacs et des en criant\u00a0: \u00ab\u00a0Faites le bien, fr\u00e8res, pour le v\u00f4tre bien !\u00a0\u00bb. Les gens venaient \u00e0 la porte de leurs maisons et lui donnaient les restes de leur repas de ce jour. En revenant, apr\u00e8s minuit, il prenait soin de l&rsquo;hygi\u00e8ne dans l&rsquo;H\u00f4pital, et \u00e0 l&rsquo;aube il allait dormir un petit instant sous un escalier.\u00a0<b>Un v\u00e9ritable h\u00e9ros de la charit\u00e9.<\/b><\/p>\n<p align=\"justify\">Monseigneur l\u2019\u00e9v\u00eaque, avec admiration pour la grande \u0153uvre de charit\u00e9 que Jean r\u00e9alisait, ajouta deux mots \u00e0 son nom de bapt\u00eame, et commen\u00e7a \u00e0 l&rsquo;appeler \u00ab\u00a0Jean de Dieu\u00a0\u00bb\u00a0; et ainsi l\u2019appelaient d\u00e9sormais tout le peuple. Puis, comme cet homme changeait fr\u00e9quemment son bon v\u00eatement pour des haillons des pauvres qu&rsquo;il trouvait dans les rues, le pr\u00e9lat lui donna une tunique noire comme uniforme ; c\u2019est ainsi qu\u2019il s\u2019habilla jusqu&rsquo;\u00e0 sa mort, et ainsi aussi ses religieux se sont habill\u00e9s durant plusieurs si\u00e8cles.<\/p>\n<p align=\"justify\">Un jour il y eut un incendie dans son H\u00f4pital, et Jean de Dieu entra plusieurs fois dans les flammes pour en sortir des malades et bien qu&rsquo;il\u00a0<b>passe au milieu des flammes \u00e9normes<\/b>, il ne souffrit pas de br\u00fblures, et r\u00e9ussit \u00e0 sauver la vie \u00e0 tous ces pauvres.<\/p>\n<p align=\"justify\">Autre jour la rivi\u00e8re baissait en grand cr\u00fb, entra\u00eenant beaucoup de troncs et bois. Jean avait besoin de beaucoup de bois de chauffage pour l&rsquo;hiver, parce qu&rsquo;\u00e0 Grenade il fait tr\u00e8s froid et les personnes \u00e2g\u00e9es aimaient se r\u00e9chauffer autour du feu. Il alla donc \u00e0 la rivi\u00e8re et en tira des troncs\u00a0; mais un de ses compagnons, tr\u00e8s jeune, eut l\u2019imprudence de s\u2019avancer dans les flots turbulents et fut emport\u00e9 par le courant. Le saint se jeta \u00e0 l&rsquo;eau pour essayer de lui sauver la vie, et comme la rivi\u00e8re \u00e9tait extr\u00eamement froide, cela aggrava l\u2018arthrite dont il souffrait d\u00e9j\u00e0 et commen\u00e7a \u00e0 avoir des douleurs terribles.<\/p>\n<p align=\"justify\">Apr\u00e8s tant et tant de travaux, de je\u00fbnes, de nuits blanches pour faire le bien et de froid support\u00e9 pour aider ses malades,\u00a0<b>la sant\u00e9 Jean de Dieu se d\u00e9labra totalement<\/b>. Il fit tout son possible pour que personne ne se rende compte des terribles douleurs qui le tourmentaient jour et nuit, mais \u00e0 la fin il n\u2019\u00e9tait plus capable de faire semblant. Surtout l&rsquo;arthrite lui avait tordu les jambes et lui causait des douleurs inexprimables. Une v\u00e9n\u00e9rable dame de la ville obtenit alors de l\u2019\u00e9v\u00eaque l\u2019autorisation pour le porter \u00e0 sa maison et de le soigner un peu. Alors, le saint alla devant le Tr\u00e8s Saint Sacrement et pria longtemps avec toute sa ferveur avant de quitter son H\u00f4pital aim\u00e9. Il confia la direction de son \u0153uvre \u00e0 Antonio Mart\u00edn, un homme qu\u2019il avait converti et convaincu de se faire religieux, et son collaborateur, avec un autre homme qu\u2019Antonio ha\u00efssait ; et apr\u00e8s les avoir li\u00e9 l\u2019amiti\u00e9 entre les deux, le saint r\u00e9ussi \u00e0 les faire collaborer avec lui dans son \u0153uvre en faveur des pauvres, comme deux bons amis.<\/p>\n<p align=\"justify\">En arrivant \u00e0 la maison de cette dame riche, Jean s&rsquo;est exclama\u00a0: \u00ab\u00a0Oh, ces conforts sont trop luxueux pour moi qui suis un p\u00e9cheur tellement mis\u00e9rable\u00a0\u00bb. L\u00e0, on essaya de le gu\u00e9rir de sa p\u00e9nible maladie, mais d\u00e9j\u00e0 \u00e9tait trop tard.<\/p>\n<p align=\"justify\">Le 8 mars 1550, sentant sa mort approchait, il s&rsquo;agenouilla sur le sol et s&rsquo;exclama : \u00ab\u00a0J\u00e9sus, J\u00e9sus, je me remets entre tes mains\u00a0\u00bb\u00a0; et c\u2019est ainsi qu\u2019il est mort, \u00e0 genoux.\u00a0<b>Il avait travaill\u00e9 infatigablement pendant dix ann\u00e9es en dirigeant son H\u00f4pital de pauvres<\/b>, avec tant de probl\u00e8mes \u00e9conomiques que parfois il n\u2019osait pas sortir dans la rue en raison de ses \u00e9normes dettes ; et avec tant d&rsquo;humilit\u00e9, tout en \u00e9tant le plus grand saint de la ville, il se croyait le p\u00e9cheur le plus indigne. Celui qui avait \u00e9t\u00e9 lapid\u00e9 comme un fou a \u00e9t\u00e9 accompagn\u00e9 au cimeti\u00e8re par l&rsquo;\u00e9v\u00eaque, les autorit\u00e9s et tout le peuple, comme un saint.<\/p>\n<p align=\"justify\">Apr\u00e8s sa mort, il obtint de Dieu beaucoup de miracles pour ses d\u00e9vots. Il fut b\u00e9atifi\u00e9 par le pape Urbain VIII, le 1<sup>er<\/sup>\u00a0septembre 1630 et canonis\u00e9 par le pape Alexandre VIII, le 16 octobre 1690. A \u00e9t\u00e9 nomm\u00e9 saint\u00a0<b><u>patron des h\u00f4pitaux et des malades<\/u><\/b>.<\/p>\n<\/div><\/section><\/p><\/div><\/div><!--close column table wrapper. Autoclose: 1 -->\n<\/div><\/div><div class=\"flex_cell no_margin av_one_fourth  avia-builder-el-6  el_after_av_cell_three_fourth  avia-builder-el-last   \"  style='vertical-align:top; padding:30px; background-color:#ffffff; ' ><div class='flex_cell_inner' ><p><div class=\"flex_column av_one_full  flex_column_div av-zero-column-padding first  avia-builder-el-7  el_before_av_hr  avia-builder-el-first  \" style='border-radius:0px; '><p><div  class='avia-image-container  av-styling-    avia-builder-el-8  el_before_av_image  avia-builder-el-first  avia-align-center '  itemprop=\"image\" itemscope=\"itemscope\" itemtype=\"https:\/\/schema.org\/ImageObject\"  ><div class='avia-image-container-inner'><div class='avia-image-overlay-wrap'><a href='http:\/\/www.amormisericordioso.org\/fr\/mere-esperance-de-jesus\/' class='avia_image'  ><img class='wp-image-764 avia-img-lazy-loading-not-764 avia_image' src='http:\/\/www.amormisericordioso.org\/fr\/wp-content\/uploads\/2015\/10\/9con-los-brazos-abiertos-original.jpg' alt='' title='9con-los-brazos-abiertos-original'  itemprop=\"thumbnailUrl\"  \/><\/a><\/div><\/div><\/div><br \/>\n<div  class='avia-image-container  av-styling-    avia-builder-el-9  el_after_av_image  el_before_av_image  avia-align-center '  itemprop=\"image\" itemscope=\"itemscope\" itemtype=\"https:\/\/schema.org\/ImageObject\"  ><div class='avia-image-container-inner'><div class='avia-image-overlay-wrap'><a href='http:\/\/www.amormisericordioso.org\/fr\/santuario-de-collevalenza\/' class='avia_image'  ><img class='wp-image-645 avia-img-lazy-loading-not-645 avia_image' src='http:\/\/www.amormisericordioso.org\/fr\/wp-content\/uploads\/2015\/05\/principal-original-2.jpg' alt='' title='principal-original-2'  itemprop=\"thumbnailUrl\"  \/><\/a><\/div><\/div><\/div><br \/>\n<div  class='avia-image-container  av-styling-    avia-builder-el-10  el_after_av_image  avia-builder-el-last  avia-align-center '  itemprop=\"image\" itemscope=\"itemscope\" itemtype=\"https:\/\/schema.org\/ImageObject\"  ><div class='avia-image-container-inner'><div class='avia-image-overlay-wrap'><a href='http:\/\/www.amormisericordioso.org\/fr\/famille-de-lamour-misericordieux\/ubicacion-en-el-mundo\/' class='avia_image'  ><img class='wp-image-530 avia-img-lazy-loading-not-530 avia_image' src='http:\/\/www.amormisericordioso.org\/fr\/wp-content\/uploads\/2015\/05\/banner-Mundo-FAM-frances.jpg' alt='' title='banner-Mundo-FAM-frances.jpg'  itemprop=\"thumbnailUrl\"  \/><\/a><\/div><\/div><\/div><\/p><\/div><div   class='hr hr-default   avia-builder-el-11  el_after_av_one_full  el_before_av_heading '><span class='hr-inner ' ><span class='hr-inner-style'><\/span><\/span><\/div><br \/>\n<div  style='padding-bottom:10px; ' class='av-special-heading av-special-heading-h3  blockquote modern-quote  avia-builder-el-12  el_after_av_hr  el_before_av_magazine  '><h3 class='av-special-heading-tag '  itemprop=\"headline\"  >\u00daltimas noticias<\/h3><div class='special-heading-border'><div class='special-heading-inner-border' ><\/div><\/div><\/div><br \/>\n<div  id=\"1\"  class='av-magazine   avia-builder-el-13  el_after_av_heading  el_before_av_image   av-magazine-top-bar-active av-magazine-tabs-active' ><div class='av-magazine-top-bar ' ><\/div><div class='av-magazine-group sort_all'><article class='av-magazine-entry av-magazine-entry-id-2566 av-magazine-format-standard av-magazine-type-post av-magazine-entry-1 av-magazine-entry-small '  itemscope=\"itemscope\" itemtype=\"https:\/\/schema.org\/CreativeWork\" ><div class='av-magazine-thumbnail'><a href='http:\/\/www.amormisericordioso.org\/fr\/le-sauveur-est-ne-jesus-christ\/' title='En lien avec : Le Sauveur est n\u00e9, J\u00e9sus Christ' class='av-magazine-thumbnail-link '><img loading=\"lazy\" decoding=\"async\" width=\"80\" height=\"80\" src=\"http:\/\/www.amormisericordioso.org\/fr\/wp-content\/uploads\/2021\/12\/R-9-80x80.jpg\" class=\"wp-image-2567 avia-img-lazy-loading-2567 attachment-thumbnail size-thumbnail wp-post-image\" alt=\"\" srcset=\"http:\/\/www.amormisericordioso.org\/fr\/wp-content\/uploads\/2021\/12\/R-9-80x80.jpg 80w, http:\/\/www.amormisericordioso.org\/fr\/wp-content\/uploads\/2021\/12\/R-9-36x36.jpg 36w, http:\/\/www.amormisericordioso.org\/fr\/wp-content\/uploads\/2021\/12\/R-9-180x180.jpg 180w\" sizes=\"auto, (max-width: 80px) 100vw, 80px\" \/><\/a><\/div><div class='av-magazine-content-wrap'><header class='entry-content-header'><time class='av-magazine-time updated'  itemprop=\"datePublished\" datetime=\"2021-12-25T10:00:44-06:00\" >25 d\u00e9cembre, 2021<\/time><h3 class='av-magazine-title entry-title '  itemprop=\"headline\" ><a href='http:\/\/www.amormisericordioso.org\/fr\/le-sauveur-est-ne-jesus-christ\/' title='En lien avec : Le Sauveur est n\u00e9, J\u00e9sus Christ'>Le Sauveur est n\u00e9, J\u00e9sus Christ<\/a><\/h3><\/header><\/div><footer class='entry-footer'><\/footer><\/article><article class='av-magazine-entry av-magazine-entry-id-2560 av-magazine-format-standard av-magazine-type-post av-magazine-entry-2 av-magazine-entry-small '  itemscope=\"itemscope\" itemtype=\"https:\/\/schema.org\/CreativeWork\" ><div class='av-magazine-thumbnail'><a href='http:\/\/www.amormisericordioso.org\/fr\/21-11-2021-la-sollenite-de-christ-roi\/' title='En lien avec : 21\/11\/2021: La sollenit\u00e9 de Christ Roi' class='av-magazine-thumbnail-link '><img loading=\"lazy\" decoding=\"async\" width=\"80\" height=\"80\" src=\"http:\/\/www.amormisericordioso.org\/fr\/wp-content\/uploads\/2021\/11\/23795673_10210564688693706_4898416747190409627_n-80x80.jpg\" class=\"wp-image-2562 avia-img-lazy-loading-2562 attachment-thumbnail size-thumbnail wp-post-image\" alt=\"\" srcset=\"http:\/\/www.amormisericordioso.org\/fr\/wp-content\/uploads\/2021\/11\/23795673_10210564688693706_4898416747190409627_n-80x80.jpg 80w, http:\/\/www.amormisericordioso.org\/fr\/wp-content\/uploads\/2021\/11\/23795673_10210564688693706_4898416747190409627_n-36x36.jpg 36w, http:\/\/www.amormisericordioso.org\/fr\/wp-content\/uploads\/2021\/11\/23795673_10210564688693706_4898416747190409627_n-180x180.jpg 180w\" sizes=\"auto, (max-width: 80px) 100vw, 80px\" \/><\/a><\/div><div class='av-magazine-content-wrap'><header class='entry-content-header'><time class='av-magazine-time updated'  itemprop=\"datePublished\" datetime=\"2021-11-21T06:00:32-06:00\" >21 novembre, 2021<\/time><h3 class='av-magazine-title entry-title '  itemprop=\"headline\" ><a href='http:\/\/www.amormisericordioso.org\/fr\/21-11-2021-la-sollenite-de-christ-roi\/' title='En lien avec : 21\/11\/2021: La sollenit\u00e9 de Christ Roi'>21\/11\/2021: La sollenit\u00e9 de Christ Roi<\/a><\/h3><\/header><\/div><footer class='entry-footer'><\/footer><\/article><article class='av-magazine-entry av-magazine-entry-id-2555 av-magazine-format-standard av-magazine-type-post av-magazine-entry-3 av-magazine-entry-small '  itemscope=\"itemscope\" itemtype=\"https:\/\/schema.org\/CreativeWork\" ><div class='av-magazine-thumbnail'><a href='http:\/\/www.amormisericordioso.org\/fr\/webinar-ce-s-a-m\/' title='En lien avec : Webinar Ce.S.A.M.' class='av-magazine-thumbnail-link '><img loading=\"lazy\" decoding=\"async\" width=\"80\" height=\"80\" src=\"http:\/\/www.amormisericordioso.org\/fr\/wp-content\/uploads\/2021\/03\/IMMAGINE-0-80x80.jpg\" class=\"wp-image-2556 avia-img-lazy-loading-2556 attachment-thumbnail size-thumbnail wp-post-image\" alt=\"\" srcset=\"http:\/\/www.amormisericordioso.org\/fr\/wp-content\/uploads\/2021\/03\/IMMAGINE-0-80x80.jpg 80w, http:\/\/www.amormisericordioso.org\/fr\/wp-content\/uploads\/2021\/03\/IMMAGINE-0-36x36.jpg 36w, http:\/\/www.amormisericordioso.org\/fr\/wp-content\/uploads\/2021\/03\/IMMAGINE-0-180x180.jpg 180w\" sizes=\"auto, (max-width: 80px) 100vw, 80px\" \/><\/a><\/div><div class='av-magazine-content-wrap'><header class='entry-content-header'><time class='av-magazine-time updated'  itemprop=\"datePublished\" datetime=\"2021-03-18T02:27:12-06:00\" >18 mars, 2021<\/time><h3 class='av-magazine-title entry-title '  itemprop=\"headline\" ><a href='http:\/\/www.amormisericordioso.org\/fr\/webinar-ce-s-a-m\/' title='En lien avec : Webinar Ce.S.A.M.'>Webinar Ce.S.A.M.<\/a><\/h3><\/header><\/div><footer class='entry-footer'><\/footer><\/article><article class='av-magazine-entry av-magazine-entry-id-2551 av-magazine-format-standard av-magazine-type-post av-magazine-entry-4 av-magazine-entry-small '  itemscope=\"itemscope\" itemtype=\"https:\/\/schema.org\/CreativeWork\" ><div class='av-magazine-thumbnail'><a href='http:\/\/www.amormisericordioso.org\/fr\/mere-esperance-dans-le-monde\/' title='En lien avec : M\u00e8re Esp\u00e9rance dans le monde' class='av-magazine-thumbnail-link '><img loading=\"lazy\" decoding=\"async\" width=\"80\" height=\"80\" src=\"http:\/\/www.amormisericordioso.org\/fr\/wp-content\/uploads\/2021\/02\/cover-80x80.jpg\" class=\"wp-image-2552 avia-img-lazy-loading-2552 attachment-thumbnail size-thumbnail wp-post-image\" alt=\"\" srcset=\"http:\/\/www.amormisericordioso.org\/fr\/wp-content\/uploads\/2021\/02\/cover-80x80.jpg 80w, http:\/\/www.amormisericordioso.org\/fr\/wp-content\/uploads\/2021\/02\/cover-36x36.jpg 36w, http:\/\/www.amormisericordioso.org\/fr\/wp-content\/uploads\/2021\/02\/cover-180x180.jpg 180w\" sizes=\"auto, (max-width: 80px) 100vw, 80px\" \/><\/a><\/div><div class='av-magazine-content-wrap'><header class='entry-content-header'><time class='av-magazine-time updated'  itemprop=\"datePublished\" datetime=\"2021-02-25T03:48:18-06:00\" >25 f\u00e9vrier, 2021<\/time><h3 class='av-magazine-title entry-title '  itemprop=\"headline\" ><a href='http:\/\/www.amormisericordioso.org\/fr\/mere-esperance-dans-le-monde\/' title='En lien avec : M\u00e8re Esp\u00e9rance dans le monde'>M\u00e8re Esp\u00e9rance dans le monde<\/a><\/h3><\/header><\/div><footer class='entry-footer'><\/footer><\/article><\/div><\/div><br \/>\n<div  class='avia-image-container  av-styling-    avia-builder-el-14  el_after_av_magazine  avia-builder-el-last  avia-align-center '  itemprop=\"image\" itemscope=\"itemscope\" itemtype=\"https:\/\/schema.org\/ImageObject\"  ><div class='avia-image-container-inner'><div class='avia-image-overlay-wrap'><a href='http:\/\/www.amormisericordioso.org\/fr\/multimedia\/' class='avia_image'  ><img class='wp-image-596 avia-img-lazy-loading-not-596 avia_image' src='http:\/\/www.amormisericordioso.org\/fr\/wp-content\/uploads\/2015\/05\/banner-galeria-frances-FAM1.png' alt='' title='banner-galeria-frances-FAM1.png'  itemprop=\"thumbnailUrl\"  \/><\/a><\/div><\/div><\/div><\/p>\n<\/div><\/div><\/div>\n","protected":false},"excerpt":{"rendered":"","protected":false},"author":1,"featured_media":2402,"parent":19,"menu_order":0,"comment_status":"closed","ping_status":"closed","template":"","meta":{"footnotes":""},"class_list":["post-724","page","type-page","status-publish","has-post-thumbnail","hentry"],"_links":{"self":[{"href":"http:\/\/www.amormisericordioso.org\/fr\/wp-json\/wp\/v2\/pages\/724","targetHints":{"allow":["GET"]}}],"collection":[{"href":"http:\/\/www.amormisericordioso.org\/fr\/wp-json\/wp\/v2\/pages"}],"about":[{"href":"http:\/\/www.amormisericordioso.org\/fr\/wp-json\/wp\/v2\/types\/page"}],"author":[{"embeddable":true,"href":"http:\/\/www.amormisericordioso.org\/fr\/wp-json\/wp\/v2\/users\/1"}],"replies":[{"embeddable":true,"href":"http:\/\/www.amormisericordioso.org\/fr\/wp-json\/wp\/v2\/comments?post=724"}],"version-history":[{"count":2,"href":"http:\/\/www.amormisericordioso.org\/fr\/wp-json\/wp\/v2\/pages\/724\/revisions"}],"predecessor-version":[{"id":2413,"href":"http:\/\/www.amormisericordioso.org\/fr\/wp-json\/wp\/v2\/pages\/724\/revisions\/2413"}],"up":[{"embeddable":true,"href":"http:\/\/www.amormisericordioso.org\/fr\/wp-json\/wp\/v2\/pages\/19"}],"wp:featuredmedia":[{"embeddable":true,"href":"http:\/\/www.amormisericordioso.org\/fr\/wp-json\/wp\/v2\/media\/2402"}],"wp:attachment":[{"href":"http:\/\/www.amormisericordioso.org\/fr\/wp-json\/wp\/v2\/media?parent=724"}],"curies":[{"name":"wp","href":"https:\/\/api.w.org\/{rel}","templated":true}]}}