{"id":604,"date":"2016-04-23T05:22:57","date_gmt":"2016-04-23T11:22:57","guid":{"rendered":"http:\/\/localhost:8888\/amormisericordioso\/?page_id=604"},"modified":"2019-06-06T20:39:02","modified_gmt":"2019-06-07T02:39:02","slug":"fils-de-lamour-misericordieux","status":"publish","type":"page","link":"http:\/\/www.amormisericordioso.org\/fr\/hijos-del-amor-misericordioso\/fils-de-lamour-misericordieux\/","title":{"rendered":"Qui Sont les FAM?"},"content":{"rendered":"<div id='av-layout-grid-1'  class='av-layout-grid-container entry-content-wrapper main_color av-flex-cells     avia-builder-el-0  avia-builder-el-no-sibling  container_wrap sidebar_right' style=' '  >\n<div class=\"flex_cell no_margin av_three_fourth  avia-builder-el-1  el_before_av_cell_one_fourth  avia-builder-el-first   \"  style='vertical-align:top; padding:30px; background-color:#ffffff; ' ><div class='flex_cell_inner' ><div class='flex_column_table av-equal-height-column-flextable -flextable' style='margin-top:-60px; margin-bottom:0px; '><div class=\"flex_column av_one_full  no_margin flex_column_table_cell av-equal-height-column av-align-top first  avia-builder-el-2  avia-builder-el-no-sibling  \" style='padding:30px; background-color:#ffffff; border-radius:0px; '><p><div  class='avia-image-container  av-styling-    avia-builder-el-3  el_before_av_heading  avia-builder-el-first  avia-align-center '  itemprop=\"image\" itemscope=\"itemscope\" itemtype=\"https:\/\/schema.org\/ImageObject\"  ><div class='avia-image-container-inner'><div class='avia-image-overlay-wrap'><img class='wp-image-2477 avia-img-lazy-loading-not-2477 avia_image' src='http:\/\/www.amormisericordioso.org\/fr\/wp-content\/uploads\/2016\/04\/primary-original-3.jpg' alt='' title='primary-original (3)' height=\"339\" width=\"624\"  itemprop=\"thumbnailUrl\"  \/><\/div><\/div><\/div><br \/>\n<div  style='padding-bottom:0px; ' class='av-special-heading av-special-heading-h1  blockquote modern-quote  avia-builder-el-4  el_after_av_image  el_before_av_textblock  '><h1 class='av-special-heading-tag '  itemprop=\"headline\"  >Fils de l\u2019Amour Mis\u00e9ricordieux<\/h1><div class='special-heading-border'><div class='special-heading-inner-border' ><\/div><\/div><\/div><br \/>\n<section class=\"av_textblock_section \"  itemscope=\"itemscope\" itemtype=\"https:\/\/schema.org\/CreativeWork\" ><div class='avia_textblock  '  style='font-size:18px; '  itemprop=\"text\" ><p>Sacerdotes y Hermanos que <strong>anuncian el Amor Misericordioso dedic\u00e1ndose a la atenci\u00f3n de los sacerdotes diocesanos.<\/strong><\/p>\n<\/div><\/section><br \/>\n<section class=\"av_textblock_section \"  itemscope=\"itemscope\" itemtype=\"https:\/\/schema.org\/CreativeWork\" ><div class='avia_textblock  '  style='font-size:18px; '  itemprop=\"text\" ><p align=\"justify\">Ob\u00e9issante \u00e0 la voix de l\u2019Esprit,\u00a0<b>le 15 ao\u00fbt 1951<\/b>, \u00e0 Rome, la M\u00e8re Esp\u00e9rance donne la vie \u00e0 la Congr\u00e9gation des Fils de l\u2019Amour Mis\u00e9ricordieux.<\/p>\n<p align=\"justify\"><i>\u00ab\u00a0Ils porteront aide et soulagement beaucoup de familles n\u00e9cessiteuses et afflig\u00e9es, consolation aux malades\u00a0; en elle, les orphelins trouveront leur famille, les jeunes leurs guides, les faibles leur soutien, ceux qui sont tomb\u00e9s la force pour se mettre debout.\u00a0\u00bb<\/i><\/p>\n<p align=\"justify\">Dans se texte se trouve formul\u00e9e l\u2019identit\u00e9, la mission et le style de la Congr\u00e9gation des FAM, qui est compos\u00e9e de religieux, de pr\u00eatres, de fr\u00e8res qui r\u00e9alisent leur mission \u00e0 l\u2019int\u00e9rieur de leur propre maison, de fr\u00e8res en v\u00eatements civils engag\u00e9s dans des activit\u00e9s s\u00e9culi\u00e8res et de pr\u00eatres dioc\u00e9sains avec v\u0153ux.<\/p>\n<p align=\"justify\">La Congr\u00e9gation est compos\u00e9e de quatre \u00ab\u00a0branches\u00a0\u00bb. Voici les diff\u00e9rentes formes d\u2019appartenance \u00e0 la Congr\u00e9gation\u00a0:<\/p>\n<blockquote dir=\"ltr\">\n<p align=\"justify\">1.\u00a0<u>Pr\u00eatres religieux FAM<\/u>.<\/p>\n<p align=\"justify\">2.\u00a0<u>Fr\u00e8res FAM<\/u>.<\/p>\n<p align=\"justify\">3\u00a0:\u00a0<u>Fr\u00e8res FAM pour les activit\u00e9s temporelles<\/u>.<\/p>\n<p align=\"justify\">4.\u00a0<u>Pr\u00eatres dioc\u00e9sains avec v\u0153ux<\/u>.<\/p>\n<\/blockquote>\n<p align=\"justify\">La Congr\u00e9gation des FAM est\u00a0<b>appel\u00e9e \u00e0 t\u00e9moigner de l\u2019Amour Mis\u00e9ricordieux avant tout par la saintet\u00e9 de vie<\/b>, par des \u0153uvres de charit\u00e9, dont la principale est l\u2019<b>union avec le Clerg\u00e9 dioc\u00e9sain<\/b>. Les pr\u00eatres et les \u0153uvres de charit\u00e9 en faveur des n\u00e9cessiteux sont \u00e9troitement unis entre eux comme unique fin.<\/p>\n<p align=\"justify\">Une Congr\u00e9gation Pr\u00eatres et Fr\u00e8res qui\u00a0<b>annoncent l&rsquo;Amour Mis\u00e9ricordieux en se consacrant \u00e0 l&rsquo;attention des pr\u00eatres dioc\u00e9sains<\/b>\u00a0et,\u00a0<i>\u00ab\u00a0unis ceux-ci comme \u00e0 des fr\u00e8res, exercent avec enthousiasme, et seulement par amour \u00e0 notre Seigneur, toutes les autres \u0153uvres de charit\u00e9\u00a0\u00bb\u00a0<\/i>(Const. FAM, art. 18).<\/p>\n<p align=\"justify\">Dans cette intention, ils promeuvent\u00a0:<\/p>\n<p align=\"justify\">\u2022 L\u2019<u>accueil des pr\u00eatres<\/u>\u00a0dans leurs communaut\u00e9s, pour le repos physique et spirituel.<\/p>\n<p align=\"justify\">\u2022La collaboration avec eux dans le minist\u00e8re,\u00a0<u>en assumant aussi les paroisses<\/u>\u00a0que les offrent les Ev\u00eaques dioc\u00e9sains respectifs.<\/p>\n<p align=\"justify\">\u2022 L\u2019<u>attention et aide aux pr\u00eatres \u00e2g\u00e9s, \u00e0 la retraite ou malades<\/u>\u00a0; en cr\u00e9ant, avec eux, une ambiance de famille, pour qu\u2019ils se sentent dans la maison religieuse comme dans leur propre maison.<\/p>\n<p align=\"justify\">\u2022 Le soutien fraternel, en\u00a0<u>promouvant leur vie spirituelle<\/u>\u00a0; formation permanente, retraites et exercices spirituels.<\/p>\n<\/div><\/section><\/p><\/div><\/div><!--close column table wrapper. Autoclose: 1 -->\n<\/div><\/div><div class=\"flex_cell no_margin av_one_fourth  avia-builder-el-7  el_after_av_cell_three_fourth  avia-builder-el-last   \"  style='vertical-align:top; padding:30px; background-color:#ffffff; ' ><div class='flex_cell_inner' ><p><div class=\"flex_column av_one_full  flex_column_div av-zero-column-padding first  avia-builder-el-8  el_before_av_hr  avia-builder-el-first  \" style='border-radius:0px; '><p><div  class='avia-image-container  av-styling-    avia-builder-el-9  el_before_av_image  avia-builder-el-first  avia-align-center '  itemprop=\"image\" itemscope=\"itemscope\" itemtype=\"https:\/\/schema.org\/ImageObject\"  ><div class='avia-image-container-inner'><div class='avia-image-overlay-wrap'><a href='http:\/\/www.amormisericordioso.org\/fr\/mere-esperance-de-jesus\/' class='avia_image'  ><img class='wp-image-764 avia-img-lazy-loading-not-764 avia_image' src='http:\/\/www.amormisericordioso.org\/fr\/wp-content\/uploads\/2015\/10\/9con-los-brazos-abiertos-original.jpg' alt='' title='9con-los-brazos-abiertos-original'  itemprop=\"thumbnailUrl\"  \/><\/a><\/div><\/div><\/div><br \/>\n<div  class='avia-image-container  av-styling-    avia-builder-el-10  el_after_av_image  el_before_av_image  avia-align-center '  itemprop=\"image\" itemscope=\"itemscope\" itemtype=\"https:\/\/schema.org\/ImageObject\"  ><div class='avia-image-container-inner'><div class='avia-image-overlay-wrap'><a href='http:\/\/www.amormisericordioso.org\/fr\/santuario-de-collevalenza\/' class='avia_image'  ><img class='wp-image-645 avia-img-lazy-loading-not-645 avia_image' src='http:\/\/www.amormisericordioso.org\/fr\/wp-content\/uploads\/2015\/05\/principal-original-2.jpg' alt='' title='principal-original-2'  itemprop=\"thumbnailUrl\"  \/><\/a><\/div><\/div><\/div><br \/>\n<div  class='avia-image-container  av-styling-    avia-builder-el-11  el_after_av_image  avia-builder-el-last  avia-align-center '  itemprop=\"image\" itemscope=\"itemscope\" itemtype=\"https:\/\/schema.org\/ImageObject\"  ><div class='avia-image-container-inner'><div class='avia-image-overlay-wrap'><a href='http:\/\/www.amormisericordioso.org\/fr\/famille-de-lamour-misericordieux\/ubicacion-en-el-mundo\/' class='avia_image'  ><img class='wp-image-530 avia-img-lazy-loading-not-530 avia_image' src='http:\/\/www.amormisericordioso.org\/fr\/wp-content\/uploads\/2015\/05\/banner-Mundo-FAM-frances.jpg' alt='' title='banner-Mundo-FAM-frances.jpg'  itemprop=\"thumbnailUrl\"  \/><\/a><\/div><\/div><\/div><\/p><\/div><div   class='hr hr-default   avia-builder-el-12  el_after_av_one_full  el_before_av_heading '><span class='hr-inner ' ><span class='hr-inner-style'><\/span><\/span><\/div><br \/>\n<div  style='padding-bottom:10px; ' class='av-special-heading av-special-heading-h3  blockquote modern-quote  avia-builder-el-13  el_after_av_hr  el_before_av_magazine  '><h3 class='av-special-heading-tag '  itemprop=\"headline\"  >\u00daltimas noticias<\/h3><div class='special-heading-border'><div class='special-heading-inner-border' ><\/div><\/div><\/div><br \/>\n<div  id=\"1\"  class='av-magazine   avia-builder-el-14  el_after_av_heading  el_before_av_image   av-magazine-top-bar-active av-magazine-tabs-active' ><div class='av-magazine-top-bar ' ><\/div><div class='av-magazine-group sort_all'><article class='av-magazine-entry av-magazine-entry-id-2566 av-magazine-format-standard av-magazine-type-post av-magazine-entry-1 av-magazine-entry-small '  itemscope=\"itemscope\" itemtype=\"https:\/\/schema.org\/CreativeWork\" ><div class='av-magazine-thumbnail'><a href='http:\/\/www.amormisericordioso.org\/fr\/le-sauveur-est-ne-jesus-christ\/' title='En lien avec : Le Sauveur est n\u00e9, J\u00e9sus Christ' class='av-magazine-thumbnail-link '><img loading=\"lazy\" decoding=\"async\" width=\"80\" height=\"80\" src=\"http:\/\/www.amormisericordioso.org\/fr\/wp-content\/uploads\/2021\/12\/R-9-80x80.jpg\" class=\"wp-image-2567 avia-img-lazy-loading-2567 attachment-thumbnail size-thumbnail wp-post-image\" alt=\"\" srcset=\"http:\/\/www.amormisericordioso.org\/fr\/wp-content\/uploads\/2021\/12\/R-9-80x80.jpg 80w, http:\/\/www.amormisericordioso.org\/fr\/wp-content\/uploads\/2021\/12\/R-9-36x36.jpg 36w, http:\/\/www.amormisericordioso.org\/fr\/wp-content\/uploads\/2021\/12\/R-9-180x180.jpg 180w\" sizes=\"auto, (max-width: 80px) 100vw, 80px\" \/><\/a><\/div><div class='av-magazine-content-wrap'><header class='entry-content-header'><time class='av-magazine-time updated'  itemprop=\"datePublished\" datetime=\"2021-12-25T10:00:44-06:00\" >25 d\u00e9cembre, 2021<\/time><h3 class='av-magazine-title entry-title '  itemprop=\"headline\" ><a href='http:\/\/www.amormisericordioso.org\/fr\/le-sauveur-est-ne-jesus-christ\/' title='En lien avec : Le Sauveur est n\u00e9, J\u00e9sus Christ'>Le Sauveur est n\u00e9, J\u00e9sus Christ<\/a><\/h3><\/header><\/div><footer class='entry-footer'><\/footer><\/article><article class='av-magazine-entry av-magazine-entry-id-2560 av-magazine-format-standard av-magazine-type-post av-magazine-entry-2 av-magazine-entry-small '  itemscope=\"itemscope\" itemtype=\"https:\/\/schema.org\/CreativeWork\" ><div class='av-magazine-thumbnail'><a href='http:\/\/www.amormisericordioso.org\/fr\/21-11-2021-la-sollenite-de-christ-roi\/' title='En lien avec : 21\/11\/2021: La sollenit\u00e9 de Christ Roi' class='av-magazine-thumbnail-link '><img loading=\"lazy\" decoding=\"async\" width=\"80\" height=\"80\" src=\"http:\/\/www.amormisericordioso.org\/fr\/wp-content\/uploads\/2021\/11\/23795673_10210564688693706_4898416747190409627_n-80x80.jpg\" class=\"wp-image-2562 avia-img-lazy-loading-2562 attachment-thumbnail size-thumbnail wp-post-image\" alt=\"\" srcset=\"http:\/\/www.amormisericordioso.org\/fr\/wp-content\/uploads\/2021\/11\/23795673_10210564688693706_4898416747190409627_n-80x80.jpg 80w, http:\/\/www.amormisericordioso.org\/fr\/wp-content\/uploads\/2021\/11\/23795673_10210564688693706_4898416747190409627_n-36x36.jpg 36w, http:\/\/www.amormisericordioso.org\/fr\/wp-content\/uploads\/2021\/11\/23795673_10210564688693706_4898416747190409627_n-180x180.jpg 180w\" sizes=\"auto, (max-width: 80px) 100vw, 80px\" \/><\/a><\/div><div class='av-magazine-content-wrap'><header class='entry-content-header'><time class='av-magazine-time updated'  itemprop=\"datePublished\" datetime=\"2021-11-21T06:00:32-06:00\" >21 novembre, 2021<\/time><h3 class='av-magazine-title entry-title '  itemprop=\"headline\" ><a href='http:\/\/www.amormisericordioso.org\/fr\/21-11-2021-la-sollenite-de-christ-roi\/' title='En lien avec : 21\/11\/2021: La sollenit\u00e9 de Christ Roi'>21\/11\/2021: La sollenit\u00e9 de Christ Roi<\/a><\/h3><\/header><\/div><footer class='entry-footer'><\/footer><\/article><article class='av-magazine-entry av-magazine-entry-id-2555 av-magazine-format-standard av-magazine-type-post av-magazine-entry-3 av-magazine-entry-small '  itemscope=\"itemscope\" itemtype=\"https:\/\/schema.org\/CreativeWork\" ><div class='av-magazine-thumbnail'><a href='http:\/\/www.amormisericordioso.org\/fr\/webinar-ce-s-a-m\/' title='En lien avec : Webinar Ce.S.A.M.' class='av-magazine-thumbnail-link '><img loading=\"lazy\" decoding=\"async\" width=\"80\" height=\"80\" src=\"http:\/\/www.amormisericordioso.org\/fr\/wp-content\/uploads\/2021\/03\/IMMAGINE-0-80x80.jpg\" class=\"wp-image-2556 avia-img-lazy-loading-2556 attachment-thumbnail size-thumbnail wp-post-image\" alt=\"\" srcset=\"http:\/\/www.amormisericordioso.org\/fr\/wp-content\/uploads\/2021\/03\/IMMAGINE-0-80x80.jpg 80w, http:\/\/www.amormisericordioso.org\/fr\/wp-content\/uploads\/2021\/03\/IMMAGINE-0-36x36.jpg 36w, http:\/\/www.amormisericordioso.org\/fr\/wp-content\/uploads\/2021\/03\/IMMAGINE-0-180x180.jpg 180w\" sizes=\"auto, (max-width: 80px) 100vw, 80px\" \/><\/a><\/div><div class='av-magazine-content-wrap'><header class='entry-content-header'><time class='av-magazine-time updated'  itemprop=\"datePublished\" datetime=\"2021-03-18T02:27:12-06:00\" >18 mars, 2021<\/time><h3 class='av-magazine-title entry-title '  itemprop=\"headline\" ><a href='http:\/\/www.amormisericordioso.org\/fr\/webinar-ce-s-a-m\/' title='En lien avec : Webinar Ce.S.A.M.'>Webinar Ce.S.A.M.<\/a><\/h3><\/header><\/div><footer class='entry-footer'><\/footer><\/article><article class='av-magazine-entry av-magazine-entry-id-2551 av-magazine-format-standard av-magazine-type-post av-magazine-entry-4 av-magazine-entry-small '  itemscope=\"itemscope\" itemtype=\"https:\/\/schema.org\/CreativeWork\" ><div class='av-magazine-thumbnail'><a href='http:\/\/www.amormisericordioso.org\/fr\/mere-esperance-dans-le-monde\/' title='En lien avec : M\u00e8re Esp\u00e9rance dans le monde' class='av-magazine-thumbnail-link '><img loading=\"lazy\" decoding=\"async\" width=\"80\" height=\"80\" src=\"http:\/\/www.amormisericordioso.org\/fr\/wp-content\/uploads\/2021\/02\/cover-80x80.jpg\" class=\"wp-image-2552 avia-img-lazy-loading-2552 attachment-thumbnail size-thumbnail wp-post-image\" alt=\"\" srcset=\"http:\/\/www.amormisericordioso.org\/fr\/wp-content\/uploads\/2021\/02\/cover-80x80.jpg 80w, http:\/\/www.amormisericordioso.org\/fr\/wp-content\/uploads\/2021\/02\/cover-36x36.jpg 36w, http:\/\/www.amormisericordioso.org\/fr\/wp-content\/uploads\/2021\/02\/cover-180x180.jpg 180w\" sizes=\"auto, (max-width: 80px) 100vw, 80px\" \/><\/a><\/div><div class='av-magazine-content-wrap'><header class='entry-content-header'><time class='av-magazine-time updated'  itemprop=\"datePublished\" datetime=\"2021-02-25T03:48:18-06:00\" >25 f\u00e9vrier, 2021<\/time><h3 class='av-magazine-title entry-title '  itemprop=\"headline\" ><a href='http:\/\/www.amormisericordioso.org\/fr\/mere-esperance-dans-le-monde\/' title='En lien avec : M\u00e8re Esp\u00e9rance dans le monde'>M\u00e8re Esp\u00e9rance dans le monde<\/a><\/h3><\/header><\/div><footer class='entry-footer'><\/footer><\/article><\/div><\/div><br \/>\n<div  class='avia-image-container  av-styling-    avia-builder-el-15  el_after_av_magazine  avia-builder-el-last  avia-align-center '  itemprop=\"image\" itemscope=\"itemscope\" itemtype=\"https:\/\/schema.org\/ImageObject\"  ><div class='avia-image-container-inner'><div class='avia-image-overlay-wrap'><a href='http:\/\/www.amormisericordioso.org\/fr\/multimedia\/' class='avia_image'  ><img class='wp-image-596 avia-img-lazy-loading-not-596 avia_image' src='http:\/\/www.amormisericordioso.org\/fr\/wp-content\/uploads\/2015\/05\/banner-galeria-frances-FAM1.png' alt='' title='banner-galeria-frances-FAM1.png'  itemprop=\"thumbnailUrl\"  \/><\/a><\/div><\/div><\/div><\/p>\n<\/div><\/div><\/div>\n","protected":false},"excerpt":{"rendered":"","protected":false},"author":1,"featured_media":2477,"parent":31,"menu_order":0,"comment_status":"closed","ping_status":"closed","template":"","meta":{"footnotes":""},"class_list":["post-604","page","type-page","status-publish","has-post-thumbnail","hentry"],"_links":{"self":[{"href":"http:\/\/www.amormisericordioso.org\/fr\/wp-json\/wp\/v2\/pages\/604","targetHints":{"allow":["GET"]}}],"collection":[{"href":"http:\/\/www.amormisericordioso.org\/fr\/wp-json\/wp\/v2\/pages"}],"about":[{"href":"http:\/\/www.amormisericordioso.org\/fr\/wp-json\/wp\/v2\/types\/page"}],"author":[{"embeddable":true,"href":"http:\/\/www.amormisericordioso.org\/fr\/wp-json\/wp\/v2\/users\/1"}],"replies":[{"embeddable":true,"href":"http:\/\/www.amormisericordioso.org\/fr\/wp-json\/wp\/v2\/comments?post=604"}],"version-history":[{"count":2,"href":"http:\/\/www.amormisericordioso.org\/fr\/wp-json\/wp\/v2\/pages\/604\/revisions"}],"predecessor-version":[{"id":2478,"href":"http:\/\/www.amormisericordioso.org\/fr\/wp-json\/wp\/v2\/pages\/604\/revisions\/2478"}],"up":[{"embeddable":true,"href":"http:\/\/www.amormisericordioso.org\/fr\/wp-json\/wp\/v2\/pages\/31"}],"wp:featuredmedia":[{"embeddable":true,"href":"http:\/\/www.amormisericordioso.org\/fr\/wp-json\/wp\/v2\/media\/2477"}],"wp:attachment":[{"href":"http:\/\/www.amormisericordioso.org\/fr\/wp-json\/wp\/v2\/media?parent=604"}],"curies":[{"name":"wp","href":"https:\/\/api.w.org\/{rel}","templated":true}]}}