{"id":1244,"date":"2020-08-31T12:24:45","date_gmt":"2020-08-31T18:24:45","guid":{"rendered":"http:\/\/gananegocio.com\/fam\/?page_id=1244"},"modified":"2020-08-31T12:24:45","modified_gmt":"2020-08-31T18:24:45","slug":"1a-jornada-internacional-de-pastoral-juvenil-vocacional","status":"publish","type":"page","link":"http:\/\/www.amormisericordioso.org\/en\/1a-jornada-internacional-de-pastoral-juvenil-vocacional\/","title":{"rendered":"1\u00aa Jornada Internacional de Pastoral Juvenil Vocacional"},"content":{"rendered":"<div id='av-layout-grid-1'  class='av-layout-grid-container entry-content-wrapper main_color av-flex-cells     avia-builder-el-0  avia-builder-el-no-sibling  container_wrap sidebar_right' style=' '  >\n<div class=\"flex_cell no_margin av_three_fourth  avia-builder-el-1  el_before_av_cell_one_fourth  avia-builder-el-first   \"  style='vertical-align:top; padding:30px; background-color:#ffffff; ' ><div class='flex_cell_inner' ><div class='flex_column_table av-equal-height-column-flextable -flextable' style='margin-top:-60px; margin-bottom:0px; '><div class=\"flex_column av_one_full  no_margin flex_column_table_cell av-equal-height-column av-align-top first  avia-builder-el-2  avia-builder-el-no-sibling  \" style='padding:30px; background-color:#ffffff; border-radius:0px; '><p><div  class='avia-image-container  av-styling-    avia-builder-el-3  el_before_av_heading  avia-builder-el-first  avia-align-center '  itemprop=\"image\" itemscope=\"itemscope\" itemtype=\"https:\/\/schema.org\/ImageObject\"  ><div class='avia-image-container-inner'><div class='avia-image-overlay-wrap'><img decoding=\"async\" class='wp-image-1245 avia-img-lazy-loading-not-1245 avia_image' src=\"http:\/\/www.amormisericordioso.org\/en\/wp-content\/uploads\/2016\/09\/Jornada-Internacional-Familiar.png\" alt='' title='jornada-internacional-familiar' height=\"540\" width=\"960\"  itemprop=\"thumbnailUrl\" srcset=\"http:\/\/www.amormisericordioso.org\/en\/wp-content\/uploads\/2016\/09\/Jornada-Internacional-Familiar.png 960w, http:\/\/www.amormisericordioso.org\/en\/wp-content\/uploads\/2016\/09\/Jornada-Internacional-Familiar-300x169.png 300w, http:\/\/www.amormisericordioso.org\/en\/wp-content\/uploads\/2016\/09\/Jornada-Internacional-Familiar-768x432.png 768w, http:\/\/www.amormisericordioso.org\/en\/wp-content\/uploads\/2016\/09\/Jornada-Internacional-Familiar-705x397.png 705w, http:\/\/www.amormisericordioso.org\/en\/wp-content\/uploads\/2016\/09\/Jornada-Internacional-Familiar-450x253.png 450w\" sizes=\"(max-width: 960px) 100vw, 960px\" \/><\/div><\/div><\/div><br \/>\n<div  style='padding-bottom:0px; ' class='av-special-heading av-special-heading-h1  blockquote modern-quote  avia-builder-el-4  el_after_av_image  el_before_av_textblock  '><h1 class='av-special-heading-tag '  itemprop=\"headline\"  >1\u00aa Jornada Internacional de Pastoral Juvenil Vocacional <\/h1><div class='special-heading-border'><div class='special-heading-inner-border' ><\/div><\/div><\/div><br \/>\n<section class=\"av_textblock_section \"  itemscope=\"itemscope\" itemtype=\"https:\/\/schema.org\/CreativeWork\" ><div class='avia_textblock  '  style='font-size:18px; '  itemprop=\"text\" ><\/div><\/section><br \/>\n<section class=\"av_textblock_section \"  itemscope=\"itemscope\" itemtype=\"https:\/\/schema.org\/CreativeWork\" ><div class='avia_textblock  '   itemprop=\"text\" ><p>Durante los d\u00edas 15, 16 y 17 de julio se ha realizado la 1* Jornada Internacional Familiar EAM-FAM de Pastoral Juvenil y Vocacional que ha tenido lugar en el Santuario del Amor Misericordioso en Collevalenza.<\/p>\n<p>Provenientes pr\u00e1cticamente de todos los pa\u00edses en donde est\u00e1 presente la \u00danica Familia del Amor Misericordioso, aportando una relaci\u00f3n de las actividades que estamos desarrollando, hemos comenzado estos d\u00edas de formaci\u00f3n, reflexi\u00f3n y concreci\u00f3n de expectativas y necesidades que consideramos fundamentales para dotarnos de una clara identificaci\u00f3n y pertenencia a nuestra familia religiosa para poder ofrecer algo novedoso a los j\u00f3venes del mundo de hoy.<\/p>\n<p>Cuatro han sido las conferencias a las que hemos podido asistir, impartidas por el Padre y Madre generales FAM-EAM una de ellas, con el tema de la importancia del sentido de pertenencia como fundamento de la pastoral juvenil y vocacional; otra por el encargado pastoral del consejo general de los Salesianos sobre c\u00f3mo est\u00e1 la pastoral juvenil a nivel mundial hoy; la importancia del primer anuncio vocacional relatada por el responsable franciscano del servicio de orientaci\u00f3n juvenil de As\u00eds; la centralidad de la comunidad que acoge a los j\u00f3venes que desean conocer y hacer una experiencia de vida de comunidad explicada por el superior capuchino del convento de San Felice de Cologna Veneta.<\/p>\n<p>Todas estas han abierto espacios de di\u00e1logo, confrontaci\u00f3n donde todos los participantes hemos aportado experiencias. El trabajo en grupo nos ha ayudado a exteriorizar inquietudes, luces y sombras sobre esta actividad pastoral que es vital para nuestra familia religiosa.<\/p>\n<p>La experiencia de encuentro entre hermanas y padres de todo el mundo ha resultado muy enriquecedora para todos.<\/p>\n<p style=\"text-align: left;\">Conclusiones han habido varias, entre ellas consideramos fundamentales el considerar la actividad pastoral juvenil y vocacional como fundamental de cada religioso; que nuestras casas sean espacios alegres de encuentro con los j\u00f3venes creando climas donde ellos se sientan protagonistas; hacer una propuesta clara y concreta del kerigma a todos sin complejos ni miedos; salir al encuentro de los j\u00f3venes; necesidad del acompa\u00f1amiento personal de cada joven haciendo invitaciones grupales y personales; saber aportar la novedad de nuestro carisma para encontrar nuestro propio espacio en la vida de la Iglesia.<\/p>\n<\/div><\/section><\/p><\/div><\/div><!--close column table wrapper. Autoclose: 1 -->\n<\/div><\/div><div class=\"flex_cell no_margin av_one_fourth  avia-builder-el-7  el_after_av_cell_three_fourth  avia-builder-el-last   \"  style='vertical-align:top; padding:30px; background-color:#ffffff; ' ><div class='flex_cell_inner' ><p><div  class='avia-image-container  av-styling-    avia-builder-el-8  el_before_av_image  avia-builder-el-first  avia-align-center '  itemprop=\"image\" itemscope=\"itemscope\" itemtype=\"https:\/\/schema.org\/ImageObject\"  ><div class='avia-image-container-inner'><div class='avia-image-overlay-wrap'><img decoding=\"async\" class='wp-image-532 avia-img-lazy-loading-not-532 avia_image' src=\"http:\/\/www.amormisericordioso.org\/en\/wp-content\/uploads\/2015\/05\/madre1.jpg\" alt='' title='madre1' height=\"339\" width=\"624\"  itemprop=\"thumbnailUrl\" srcset=\"http:\/\/www.amormisericordioso.org\/en\/wp-content\/uploads\/2015\/05\/madre1.jpg 624w, http:\/\/www.amormisericordioso.org\/en\/wp-content\/uploads\/2015\/05\/madre1-300x163.jpg 300w, http:\/\/www.amormisericordioso.org\/en\/wp-content\/uploads\/2015\/05\/madre1-450x244.jpg 450w\" sizes=\"(max-width: 624px) 100vw, 624px\" \/><\/div><\/div><\/div><br \/>\n<div  class='avia-image-container  av-styling-    avia-builder-el-9  el_after_av_image  el_before_av_image  avia-align-center '  itemprop=\"image\" itemscope=\"itemscope\" itemtype=\"https:\/\/schema.org\/ImageObject\"  ><div class='avia-image-container-inner'><div class='avia-image-overlay-wrap'><img decoding=\"async\" class='wp-image-531 avia-img-lazy-loading-not-531 avia_image' src=\"http:\/\/www.amormisericordioso.org\/en\/wp-content\/uploads\/2015\/05\/fammuchos.jpg\" alt='' title='fammuchos' height=\"339\" width=\"624\"  itemprop=\"thumbnailUrl\" srcset=\"http:\/\/www.amormisericordioso.org\/en\/wp-content\/uploads\/2015\/05\/fammuchos.jpg 624w, http:\/\/www.amormisericordioso.org\/en\/wp-content\/uploads\/2015\/05\/fammuchos-300x163.jpg 300w, http:\/\/www.amormisericordioso.org\/en\/wp-content\/uploads\/2015\/05\/fammuchos-450x244.jpg 450w\" sizes=\"(max-width: 624px) 100vw, 624px\" \/><\/div><\/div><\/div><br \/>\n<div  class='avia-image-container  av-styling-    avia-builder-el-10  el_after_av_image  el_before_av_hr  avia-align-center '  itemprop=\"image\" itemscope=\"itemscope\" itemtype=\"https:\/\/schema.org\/ImageObject\"  ><div class='avia-image-container-inner'><div class='avia-image-overlay-wrap'><img decoding=\"async\" class='wp-image-530 avia-img-lazy-loading-not-530 avia_image' src=\"http:\/\/www.amormisericordioso.org\/en\/wp-content\/uploads\/2015\/05\/Mapa-en-el-Mundo-FAM-TODO-POR-AMOR-EN-EL-MUNDO.jpg\" alt='' title='Mapa-en-el-Mundo-FAM-TODO-POR-AMOR-EN-EL-MUNDO' height=\"339\" width=\"618\"  itemprop=\"thumbnailUrl\" srcset=\"http:\/\/www.amormisericordioso.org\/en\/wp-content\/uploads\/2015\/05\/Mapa-en-el-Mundo-FAM-TODO-POR-AMOR-EN-EL-MUNDO.jpg 618w, http:\/\/www.amormisericordioso.org\/en\/wp-content\/uploads\/2015\/05\/Mapa-en-el-Mundo-FAM-TODO-POR-AMOR-EN-EL-MUNDO-300x165.jpg 300w\" sizes=\"(max-width: 618px) 100vw, 618px\" \/><\/div><\/div><\/div><br \/>\n<div   class='hr hr-default   avia-builder-el-11  el_after_av_image  el_before_av_heading '><span class='hr-inner ' ><span class='hr-inner-style'><\/span><\/span><\/div><br \/>\n<div  style='padding-bottom:10px; ' class='av-special-heading av-special-heading-h3  blockquote modern-quote  avia-builder-el-12  el_after_av_hr  el_before_av_magazine  '><h3 class='av-special-heading-tag '  itemprop=\"headline\"  >\u00daltimas noticias<\/h3><div class='special-heading-border'><div class='special-heading-inner-border' ><\/div><\/div><\/div><br \/>\n<div  id=\"1\"  class='av-magazine   avia-builder-el-13  el_after_av_heading  el_before_av_image   av-magazine-top-bar-active av-magazine-tabs-active' ><div class='av-magazine-top-bar ' ><\/div><div class='av-magazine-group sort_all'><article class='av-magazine-entry av-magazine-entry-id-2930 av-magazine-format-standard av-magazine-type-post av-magazine-entry-1 av-magazine-entry-small '  itemscope=\"itemscope\" itemtype=\"https:\/\/schema.org\/CreativeWork\" ><div class='av-magazine-thumbnail'><a href='http:\/\/www.amormisericordioso.org\/en\/come-and-see\/' title='Link to: Come and see!' class='iconfont av-magazine-entry-icon' aria-hidden='true' data-av_icon='\ue836' data-av_iconfont='entypo-fontello'><\/a><\/div><div class='av-magazine-content-wrap'><header class='entry-content-header'><time class='av-magazine-time updated'  itemprop=\"datePublished\" datetime=\"2026-05-14T18:19:49-06:00\" >14 May, 2026<\/time><h3 class='av-magazine-title entry-title '  itemprop=\"headline\" ><a href='http:\/\/www.amormisericordioso.org\/en\/come-and-see\/' title='Link to: Come and see!'>Come and see!<\/a><\/h3><\/header><\/div><footer class='entry-footer'><\/footer><\/article><article class='av-magazine-entry av-magazine-entry-id-2921 av-magazine-format-standard av-magazine-type-post av-magazine-entry-2 av-magazine-entry-small '  itemscope=\"itemscope\" itemtype=\"https:\/\/schema.org\/CreativeWork\" ><div class='av-magazine-thumbnail'><a href='http:\/\/www.amormisericordioso.org\/en\/renewal-of-vows-fam\/' title='Link to: Renewal of Vows FAM Philippines' class='iconfont av-magazine-entry-icon' aria-hidden='true' data-av_icon='\ue836' data-av_iconfont='entypo-fontello'><\/a><\/div><div class='av-magazine-content-wrap'><header class='entry-content-header'><time class='av-magazine-time updated'  itemprop=\"datePublished\" datetime=\"2026-05-14T09:43:03-06:00\" >14 May, 2026<\/time><h3 class='av-magazine-title entry-title '  itemprop=\"headline\" ><a href='http:\/\/www.amormisericordioso.org\/en\/renewal-of-vows-fam\/' title='Link to: Renewal of Vows FAM Philippines'>Renewal of Vows FAM Philippines<\/a><\/h3><\/header><\/div><footer class='entry-footer'><\/footer><\/article><article class='av-magazine-entry av-magazine-entry-id-2915 av-magazine-format-standard av-magazine-type-post av-magazine-entry-3 av-magazine-entry-small '  itemscope=\"itemscope\" itemtype=\"https:\/\/schema.org\/CreativeWork\" ><div class='av-magazine-thumbnail'><a href='http:\/\/www.amormisericordioso.org\/en\/philippines-new-aspirantes-2026\/' title='Link to: Philippines new Aspirantes 2026.' class='iconfont av-magazine-entry-icon' aria-hidden='true' data-av_icon='\ue836' data-av_iconfont='entypo-fontello'><\/a><\/div><div class='av-magazine-content-wrap'><header class='entry-content-header'><time class='av-magazine-time updated'  itemprop=\"datePublished\" datetime=\"2026-05-14T09:31:32-06:00\" >14 May, 2026<\/time><h3 class='av-magazine-title entry-title '  itemprop=\"headline\" ><a href='http:\/\/www.amormisericordioso.org\/en\/philippines-new-aspirantes-2026\/' title='Link to: Philippines new Aspirantes 2026.'>Philippines new Aspirantes 2026.<\/a><\/h3><\/header><\/div><footer class='entry-footer'><\/footer><\/article><article class='av-magazine-entry av-magazine-entry-id-2911 av-magazine-format-standard av-magazine-type-post av-magazine-entry-4 av-magazine-entry-small '  itemscope=\"itemscope\" itemtype=\"https:\/\/schema.org\/CreativeWork\" ><div class='av-magazine-thumbnail'><a href='http:\/\/www.amormisericordioso.org\/en\/2911-2\/' title='Link to: San Joseph the protector of Our Religious Family' class='iconfont av-magazine-entry-icon' aria-hidden='true' data-av_icon='\ue836' data-av_iconfont='entypo-fontello'><\/a><\/div><div class='av-magazine-content-wrap'><header class='entry-content-header'><time class='av-magazine-time updated'  itemprop=\"datePublished\" datetime=\"2026-05-14T09:12:39-06:00\" >14 May, 2026<\/time><h3 class='av-magazine-title entry-title '  itemprop=\"headline\" ><a href='http:\/\/www.amormisericordioso.org\/en\/2911-2\/' title='Link to: San Joseph the protector of Our Religious Family'>San Joseph the protector of Our Religious Family<\/a><\/h3><\/header><\/div><footer class='entry-footer'><\/footer><\/article><article class='av-magazine-entry av-magazine-entry-id-2908 av-magazine-format-standard av-magazine-type-post av-magazine-entry-5 av-magazine-entry-small '  itemscope=\"itemscope\" itemtype=\"https:\/\/schema.org\/CreativeWork\" ><div class='av-magazine-thumbnail'><a href='http:\/\/www.amormisericordioso.org\/en\/2908-2\/' title='Link to: Patron for our Charitable Works' class='iconfont av-magazine-entry-icon' aria-hidden='true' data-av_icon='\ue836' data-av_iconfont='entypo-fontello'><\/a><\/div><div class='av-magazine-content-wrap'><header class='entry-content-header'><time class='av-magazine-time updated'  itemprop=\"datePublished\" datetime=\"2026-05-14T09:09:50-06:00\" >14 May, 2026<\/time><h3 class='av-magazine-title entry-title '  itemprop=\"headline\" ><a href='http:\/\/www.amormisericordioso.org\/en\/2908-2\/' title='Link to: Patron for our Charitable Works'>Patron for our Charitable Works<\/a><\/h3><\/header><\/div><footer class='entry-footer'><\/footer><\/article><\/div><\/div><br \/>\n<div  class='avia-image-container  av-styling-    avia-builder-el-14  el_after_av_magazine  avia-builder-el-last  avia-align-center '  itemprop=\"image\" itemscope=\"itemscope\" itemtype=\"https:\/\/schema.org\/ImageObject\"  ><div class='avia-image-container-inner'><div class='avia-image-overlay-wrap'><img decoding=\"async\" class='wp-image-596 avia-img-lazy-loading-not-596 avia_image' src=\"http:\/\/www.amormisericordioso.org\/en\/wp-content\/uploads\/2015\/05\/banner-galeria-secciones.png\" alt='' title='banner-galeria-secciones' height=\"634\" width=\"646\"  itemprop=\"thumbnailUrl\" srcset=\"http:\/\/www.amormisericordioso.org\/en\/wp-content\/uploads\/2015\/05\/banner-galeria-secciones.png 646w, http:\/\/www.amormisericordioso.org\/en\/wp-content\/uploads\/2015\/05\/banner-galeria-secciones-300x294.png 300w, http:\/\/www.amormisericordioso.org\/en\/wp-content\/uploads\/2015\/05\/banner-galeria-secciones-80x80.png 80w, http:\/\/www.amormisericordioso.org\/en\/wp-content\/uploads\/2015\/05\/banner-galeria-secciones-36x36.png 36w\" sizes=\"(max-width: 646px) 100vw, 646px\" \/><\/div><\/div><\/div><\/p>\n<\/div><\/div><\/div>\n","protected":false},"excerpt":{"rendered":"","protected":false},"author":4,"featured_media":0,"parent":0,"menu_order":0,"comment_status":"closed","ping_status":"closed","template":"","meta":{"_bbp_topic_count":0,"_bbp_reply_count":0,"_bbp_total_topic_count":0,"_bbp_total_reply_count":0,"_bbp_voice_count":0,"_bbp_anonymous_reply_count":0,"_bbp_topic_count_hidden":0,"_bbp_reply_count_hidden":0,"_bbp_forum_subforum_count":0,"_monsterinsights_skip_tracking":false,"_monsterinsights_sitenote_active":false,"_monsterinsights_sitenote_note":"","_monsterinsights_sitenote_category":0,"footnotes":""},"class_list":["post-1244","page","type-page","status-publish","hentry"],"_links":{"self":[{"href":"http:\/\/www.amormisericordioso.org\/en\/wp-json\/wp\/v2\/pages\/1244","targetHints":{"allow":["GET"]}}],"collection":[{"href":"http:\/\/www.amormisericordioso.org\/en\/wp-json\/wp\/v2\/pages"}],"about":[{"href":"http:\/\/www.amormisericordioso.org\/en\/wp-json\/wp\/v2\/types\/page"}],"author":[{"embeddable":true,"href":"http:\/\/www.amormisericordioso.org\/en\/wp-json\/wp\/v2\/users\/4"}],"replies":[{"embeddable":true,"href":"http:\/\/www.amormisericordioso.org\/en\/wp-json\/wp\/v2\/comments?post=1244"}],"version-history":[{"count":1,"href":"http:\/\/www.amormisericordioso.org\/en\/wp-json\/wp\/v2\/pages\/1244\/revisions"}],"predecessor-version":[{"id":2565,"href":"http:\/\/www.amormisericordioso.org\/en\/wp-json\/wp\/v2\/pages\/1244\/revisions\/2565"}],"wp:attachment":[{"href":"http:\/\/www.amormisericordioso.org\/en\/wp-json\/wp\/v2\/media?parent=1244"}],"curies":[{"name":"wp","href":"https:\/\/api.w.org\/{rel}","templated":true}]}}