{"id":1193,"date":"2016-09-16T21:50:47","date_gmt":"2016-09-17T03:50:47","guid":{"rendered":"http:\/\/gananegocio.com\/fam\/?page_id=1193"},"modified":"2016-09-17T06:17:44","modified_gmt":"2016-09-17T12:17:44","slug":"fam-barticesti","status":"publish","type":"page","link":"http:\/\/www.amormisericordioso.org\/en\/family-of-merciful-love\/ubicacion-en-el-mundo\/fam-barticesti\/","title":{"rendered":"FAM &#8211; Barticesti"},"content":{"rendered":"<div id='av-layout-grid-1'  class='av-layout-grid-container entry-content-wrapper main_color av-flex-cells     avia-builder-el-0  avia-builder-el-no-sibling  container_wrap sidebar_right' style=' '  >\n<div class=\"flex_cell no_margin av_three_fourth  avia-builder-el-1  el_before_av_cell_one_fourth  avia-builder-el-first   \"  style='vertical-align:top; padding:30px; background-color:#ffffff; ' ><div class='flex_cell_inner' ><div class='flex_column_table av-equal-height-column-flextable -flextable' style='margin-top:-60px; margin-bottom:0px; '><div class=\"flex_column av_one_full  no_margin flex_column_table_cell av-equal-height-column av-align-top first  avia-builder-el-2  avia-builder-el-no-sibling  \" style='padding:30px; background-color:#ffffff; border-radius:0px; '><p><div  style='padding-bottom:0px; ' class='av-special-heading av-special-heading-h1  blockquote modern-quote  avia-builder-el-3  el_before_av_textblock  avia-builder-el-first  '><h1 class='av-special-heading-tag '  itemprop=\"headline\"  >FAM &#8211; Barticesti<\/h1><div class='special-heading-border'><div class='special-heading-inner-border' ><\/div><\/div><\/div><br \/>\n<section class=\"av_textblock_section \"  itemscope=\"itemscope\" itemtype=\"https:\/\/schema.org\/CreativeWork\" ><div class='avia_textblock  '  style='font-size:18px; '  itemprop=\"text\" ><p><img loading=\"lazy\" decoding=\"async\" class=\"alignleft\" src=\"http:\/\/www.amormisericordioso.org\/ws\/images\/articles\/126\/PA250463-medium.jpg\" alt=\"\" width=\"325\" height=\"244\" align=\"left\" hspace=\"10\" vspace=\"10\" \/><\/p>\n<p align=\"justify\">Casa Sf\u00e2ntul Iosif<\/p>\n<p align=\"justify\">Strada Bisericii<\/p>\n<p align=\"justify\">617091 BARTICE\u015eTI, Bote\u015fti, Neam\u0163,<\/p>\n<p align=\"justify\">ROM\u00c2NIA<\/p>\n<p align=\"justify\">Tel 0233 781073<\/p>\n<p align=\"justify\">e-mail:\u00a0 <a href=\"mailto:fambarticesti@clicknet.ro\">fambarticesti@clicknet.ro<\/a><\/p>\n<p align=\"justify\">Congrega\u0163ia Fiilor Iubirii Milostive ajunge \u00een Rom\u00e2nia \u00een prim\u0103vara anului 2005 \u00eemplinind dorin\u0163a Maicii Speran\u0163a a lui Isus ce-\u015fi dorea ca Fiii \u015fi Slujitoarele Iubirii Milostive s\u0103 tr\u0103iasc\u0103 \u015fi s\u0103 colaboreze ca o adev\u0103rat\u0103 familie. Aceast\u0103 caracteristic\u0103 este parte din carisma noastr\u0103 \u015fi este deci, unul dintre motivele pentru care Congrega\u0163ia \u015fi-a extins activit\u0103\u0163ile \u00een Rom\u00e2nia. Obiectivul principal este colaborarea cu clerul diecezan, tr\u0103ind fraternitatea sacerdotal\u0103.<\/p>\n<p align=\"justify\">Comunitatea Fiilor Iubirii Milostive din Bartice\u015fti este, deocamdat\u0103 singura comunitate \u00een Rom\u00e2nia. Fondat\u0103 \u00een Martie 2005 o compun trei persoane consacrate (doi preo\u0163i \u015fi un student \u00een teologie) \u015fi un t\u00e2n\u0103r postulant \u00een formare.<\/p>\n<p align=\"justify\">\u00ce\u015fi are sediul provizoriu \u00een Bartice\u015fti, Neam\u0163, av\u00e2nd \u00een proiect construirea unei case pentru preo\u0163i la T\u00e2rgu Neam\u0163.<\/p>\n<p align=\"justify\">Este o comunitate formativ\u0103 \u00een care tinerii aspiran\u0163i la via\u0163a consacrat\u0103, ajuta\u0163i de un membru al comunit\u0103\u0163ii, \u00ee\u015fi \u00eensu\u015fesc primele no\u0163iuni teoretice \u015fi practice despre via\u0163a consacrat\u0103, asimil\u00e2nd experien\u0163a vie\u0163ii de comunitate \u015fi continu\u00e2nd, \u00een acela\u015fi timp studiile liceale \u00eencepute. \u00cen limita posibilit\u0103\u0163ilor colabor\u0103m \u00een activit\u0103\u0163ile pastorale \u00een Parohia din Bartice\u015fti, cu parohiile \u00eenvecinate \u015fi, mai ales, \u00een Parohia Sfin\u0163ii Petru \u015fi Paul din T\u00e2rgu Neam\u0163 care ne-a fost \u00eencredin\u0163at\u0103 \u00een pastora\u0163ie. Nu este destul de amplu spa\u0163iul activit\u0103\u0163ilor noastre dar prin convie\u0163uirea familiar\u0103 \u015fi prin activit\u0103\u0163ile noastre ne str\u0103duim s\u0103 \u00eemplinim carisma care ne-a fost \u00eencredin\u0163at\u0103.<\/p>\n<p align=\"justify\"><img loading=\"lazy\" decoding=\"async\" class=\"alignright\" src=\"http:\/\/www.amormisericordioso.org\/ws\/images\/articles\/126\/PA220458.JPG\" alt=\"\" width=\"241\" height=\"184\" align=\"right\" border=\"0\" hspace=\"5\" vspace=\"5\" \/>Asemenea Maicii noastre fondatoare, care a \u015ftiut s-o m\u0103rturiseasc\u0103 \u00een diferitele circumstan\u0163e, unde, c\u00e2nd \u015fi cum Dumnezeu i-a cerut s\u0103-l m\u0103rturiseasc\u0103 \u015fi s\u0103-l arate oamenilor ca un Tat\u0103 bun, iubitor \u015fi milostiv, al\u0103turi de fii s\u0103i, ce dore\u015fte ca pe orice cale s\u0103-\u015fi fac\u0103 sim\u0163it\u0103 prezen\u0163a patern\u0103 \u015fi matern\u0103, ca \u015fi cum nu ar putea fi fericit f\u0103r\u0103 ei, \u015fi noi \u00eencerc\u0103m s\u0103 ne tr\u0103im voca\u0163ia \u00een mod responsabil \u015fi s\u0103 ne \u00eemplinim misiunea. \u00cencerc\u0103m s\u0103 fim prezen\u0163i acolo unde obliga\u0163iile ne cheam\u0103 s\u0103 fim Fii ai Iubirii Milostive. Pe l\u00e2ng\u0103 activit\u0103\u0163ile pastorale \u015fi formative ne \u00eendrept\u0103m aten\u0163ia spre adolescen\u0163i \u015fi tineri ajut\u00e2ndu-i pe ace\u015ftia s\u0103-l descopere pe Dumnezeu a\u015fa cum El s-a revelat \u00een istorie. Pentru ei organiz\u0103m cursuri de exerci\u0163ii spirituale \u015fi alte activit\u0103\u0163i formative: discern\u0103m\u00e2nt voca\u0163ional, campusuri estive etc.<\/p>\n<p align=\"justify\">Suntem o comunitate destul de recent format\u0103 cu aspira\u0163ii \u015fi idealuri sfinte. Aceste c\u00e2teva activit\u0103\u0163i ne cer prezen\u0163a \u015fi colaborarea \u015fi zi de zi descoperim alte forme prin care, \u00een Biseric\u0103, s\u0103 ne \u00eemplinim menirea.<\/p>\n<\/div><\/section><\/p><\/div><\/div><!--close column table wrapper. Autoclose: 1 -->\n<\/div><\/div><div class=\"flex_cell no_margin av_one_fourth  avia-builder-el-5  el_after_av_cell_three_fourth  avia-builder-el-last   \"  style='vertical-align:top; padding:30px; background-color:#ffffff; ' ><div class='flex_cell_inner' ><p><div  class='avia-image-container  av-styling-    avia-builder-el-6  el_before_av_image  avia-builder-el-first  avia-align-center '  itemprop=\"image\" itemscope=\"itemscope\" itemtype=\"https:\/\/schema.org\/ImageObject\"  ><div class='avia-image-container-inner'><div class='avia-image-overlay-wrap'><img decoding=\"async\" class='wp-image-532 avia-img-lazy-loading-not-532 avia_image' src=\"http:\/\/www.amormisericordioso.org\/en\/wp-content\/uploads\/2015\/05\/madre1.jpg\" alt='' title='madre1' height=\"339\" width=\"624\"  itemprop=\"thumbnailUrl\" srcset=\"http:\/\/www.amormisericordioso.org\/en\/wp-content\/uploads\/2015\/05\/madre1.jpg 624w, http:\/\/www.amormisericordioso.org\/en\/wp-content\/uploads\/2015\/05\/madre1-300x163.jpg 300w, http:\/\/www.amormisericordioso.org\/en\/wp-content\/uploads\/2015\/05\/madre1-450x244.jpg 450w\" sizes=\"(max-width: 624px) 100vw, 624px\" \/><\/div><\/div><\/div><br \/>\n<div  class='avia-image-container  av-styling-    avia-builder-el-7  el_after_av_image  el_before_av_image  avia-align-center '  itemprop=\"image\" itemscope=\"itemscope\" itemtype=\"https:\/\/schema.org\/ImageObject\"  ><div class='avia-image-container-inner'><div class='avia-image-overlay-wrap'><img decoding=\"async\" class='wp-image-531 avia-img-lazy-loading-not-531 avia_image' src=\"http:\/\/www.amormisericordioso.org\/en\/wp-content\/uploads\/2015\/05\/fammuchos.jpg\" alt='' title='fammuchos' height=\"339\" width=\"624\"  itemprop=\"thumbnailUrl\" srcset=\"http:\/\/www.amormisericordioso.org\/en\/wp-content\/uploads\/2015\/05\/fammuchos.jpg 624w, http:\/\/www.amormisericordioso.org\/en\/wp-content\/uploads\/2015\/05\/fammuchos-300x163.jpg 300w, http:\/\/www.amormisericordioso.org\/en\/wp-content\/uploads\/2015\/05\/fammuchos-450x244.jpg 450w\" sizes=\"(max-width: 624px) 100vw, 624px\" \/><\/div><\/div><\/div><br \/>\n<div  class='avia-image-container  av-styling-    avia-builder-el-8  el_after_av_image  el_before_av_hr  avia-align-center '  itemprop=\"image\" itemscope=\"itemscope\" itemtype=\"https:\/\/schema.org\/ImageObject\"  ><div class='avia-image-container-inner'><div class='avia-image-overlay-wrap'><img decoding=\"async\" class='wp-image-530 avia-img-lazy-loading-not-530 avia_image' src=\"http:\/\/www.amormisericordioso.org\/en\/wp-content\/uploads\/2015\/05\/Mapa-en-el-Mundo-FAM-TODO-POR-AMOR-EN-EL-MUNDO.jpg\" alt='' title='Mapa-en-el-Mundo-FAM-TODO-POR-AMOR-EN-EL-MUNDO' height=\"339\" width=\"618\"  itemprop=\"thumbnailUrl\" srcset=\"http:\/\/www.amormisericordioso.org\/en\/wp-content\/uploads\/2015\/05\/Mapa-en-el-Mundo-FAM-TODO-POR-AMOR-EN-EL-MUNDO.jpg 618w, http:\/\/www.amormisericordioso.org\/en\/wp-content\/uploads\/2015\/05\/Mapa-en-el-Mundo-FAM-TODO-POR-AMOR-EN-EL-MUNDO-300x165.jpg 300w\" sizes=\"(max-width: 618px) 100vw, 618px\" \/><\/div><\/div><\/div><br \/>\n<div   class='hr hr-default   avia-builder-el-9  el_after_av_image  el_before_av_heading '><span class='hr-inner ' ><span class='hr-inner-style'><\/span><\/span><\/div><br \/>\n<div  style='padding-bottom:10px; ' class='av-special-heading av-special-heading-h3  blockquote modern-quote  avia-builder-el-10  el_after_av_hr  el_before_av_magazine  '><h3 class='av-special-heading-tag '  itemprop=\"headline\"  >\u00daltimas noticias<\/h3><div class='special-heading-border'><div class='special-heading-inner-border' ><\/div><\/div><\/div><br \/>\n<div  id=\"1\"  class='av-magazine   avia-builder-el-11  el_after_av_heading  el_before_av_image   av-magazine-top-bar-active av-magazine-tabs-active' ><div class='av-magazine-top-bar ' ><\/div><div class='av-magazine-group sort_all'><article class='av-magazine-entry av-magazine-entry-id-2930 av-magazine-format-standard av-magazine-type-post av-magazine-entry-1 av-magazine-entry-small '  itemscope=\"itemscope\" itemtype=\"https:\/\/schema.org\/CreativeWork\" ><div class='av-magazine-thumbnail'><a href='http:\/\/www.amormisericordioso.org\/en\/come-and-see\/' title='Link to: Come and see!' class='iconfont av-magazine-entry-icon' aria-hidden='true' data-av_icon='\ue836' data-av_iconfont='entypo-fontello'><\/a><\/div><div class='av-magazine-content-wrap'><header class='entry-content-header'><time class='av-magazine-time updated'  itemprop=\"datePublished\" datetime=\"2026-05-14T18:19:49-06:00\" >14 May, 2026<\/time><h3 class='av-magazine-title entry-title '  itemprop=\"headline\" ><a href='http:\/\/www.amormisericordioso.org\/en\/come-and-see\/' title='Link to: Come and see!'>Come and see!<\/a><\/h3><\/header><\/div><footer class='entry-footer'><\/footer><\/article><article class='av-magazine-entry av-magazine-entry-id-2921 av-magazine-format-standard av-magazine-type-post av-magazine-entry-2 av-magazine-entry-small '  itemscope=\"itemscope\" itemtype=\"https:\/\/schema.org\/CreativeWork\" ><div class='av-magazine-thumbnail'><a href='http:\/\/www.amormisericordioso.org\/en\/renewal-of-vows-fam\/' title='Link to: Renewal of Vows FAM Philippines' class='iconfont av-magazine-entry-icon' aria-hidden='true' data-av_icon='\ue836' data-av_iconfont='entypo-fontello'><\/a><\/div><div class='av-magazine-content-wrap'><header class='entry-content-header'><time class='av-magazine-time updated'  itemprop=\"datePublished\" datetime=\"2026-05-14T09:43:03-06:00\" >14 May, 2026<\/time><h3 class='av-magazine-title entry-title '  itemprop=\"headline\" ><a href='http:\/\/www.amormisericordioso.org\/en\/renewal-of-vows-fam\/' title='Link to: Renewal of Vows FAM Philippines'>Renewal of Vows FAM Philippines<\/a><\/h3><\/header><\/div><footer class='entry-footer'><\/footer><\/article><article class='av-magazine-entry av-magazine-entry-id-2915 av-magazine-format-standard av-magazine-type-post av-magazine-entry-3 av-magazine-entry-small '  itemscope=\"itemscope\" itemtype=\"https:\/\/schema.org\/CreativeWork\" ><div class='av-magazine-thumbnail'><a href='http:\/\/www.amormisericordioso.org\/en\/philippines-new-aspirantes-2026\/' title='Link to: Philippines new Aspirantes 2026.' class='iconfont av-magazine-entry-icon' aria-hidden='true' data-av_icon='\ue836' data-av_iconfont='entypo-fontello'><\/a><\/div><div class='av-magazine-content-wrap'><header class='entry-content-header'><time class='av-magazine-time updated'  itemprop=\"datePublished\" datetime=\"2026-05-14T09:31:32-06:00\" >14 May, 2026<\/time><h3 class='av-magazine-title entry-title '  itemprop=\"headline\" ><a href='http:\/\/www.amormisericordioso.org\/en\/philippines-new-aspirantes-2026\/' title='Link to: Philippines new Aspirantes 2026.'>Philippines new Aspirantes 2026.<\/a><\/h3><\/header><\/div><footer class='entry-footer'><\/footer><\/article><article class='av-magazine-entry av-magazine-entry-id-2911 av-magazine-format-standard av-magazine-type-post av-magazine-entry-4 av-magazine-entry-small '  itemscope=\"itemscope\" itemtype=\"https:\/\/schema.org\/CreativeWork\" ><div class='av-magazine-thumbnail'><a href='http:\/\/www.amormisericordioso.org\/en\/2911-2\/' title='Link to: San Joseph the protector of Our Religious Family' class='iconfont av-magazine-entry-icon' aria-hidden='true' data-av_icon='\ue836' data-av_iconfont='entypo-fontello'><\/a><\/div><div class='av-magazine-content-wrap'><header class='entry-content-header'><time class='av-magazine-time updated'  itemprop=\"datePublished\" datetime=\"2026-05-14T09:12:39-06:00\" >14 May, 2026<\/time><h3 class='av-magazine-title entry-title '  itemprop=\"headline\" ><a href='http:\/\/www.amormisericordioso.org\/en\/2911-2\/' title='Link to: San Joseph the protector of Our Religious Family'>San Joseph the protector of Our Religious Family<\/a><\/h3><\/header><\/div><footer class='entry-footer'><\/footer><\/article><article class='av-magazine-entry av-magazine-entry-id-2908 av-magazine-format-standard av-magazine-type-post av-magazine-entry-5 av-magazine-entry-small '  itemscope=\"itemscope\" itemtype=\"https:\/\/schema.org\/CreativeWork\" ><div class='av-magazine-thumbnail'><a href='http:\/\/www.amormisericordioso.org\/en\/2908-2\/' title='Link to: Patron for our Charitable Works' class='iconfont av-magazine-entry-icon' aria-hidden='true' data-av_icon='\ue836' data-av_iconfont='entypo-fontello'><\/a><\/div><div class='av-magazine-content-wrap'><header class='entry-content-header'><time class='av-magazine-time updated'  itemprop=\"datePublished\" datetime=\"2026-05-14T09:09:50-06:00\" >14 May, 2026<\/time><h3 class='av-magazine-title entry-title '  itemprop=\"headline\" ><a href='http:\/\/www.amormisericordioso.org\/en\/2908-2\/' title='Link to: Patron for our Charitable Works'>Patron for our Charitable Works<\/a><\/h3><\/header><\/div><footer class='entry-footer'><\/footer><\/article><\/div><\/div><br \/>\n<div  class='avia-image-container  av-styling-    avia-builder-el-12  el_after_av_magazine  avia-builder-el-last  avia-align-center '  itemprop=\"image\" itemscope=\"itemscope\" itemtype=\"https:\/\/schema.org\/ImageObject\"  ><div class='avia-image-container-inner'><div class='avia-image-overlay-wrap'><img decoding=\"async\" class='wp-image-596 avia-img-lazy-loading-not-596 avia_image' src=\"http:\/\/www.amormisericordioso.org\/en\/wp-content\/uploads\/2015\/05\/banner-galeria-secciones.png\" alt='' title='banner-galeria-secciones' height=\"634\" width=\"646\"  itemprop=\"thumbnailUrl\" srcset=\"http:\/\/www.amormisericordioso.org\/en\/wp-content\/uploads\/2015\/05\/banner-galeria-secciones.png 646w, http:\/\/www.amormisericordioso.org\/en\/wp-content\/uploads\/2015\/05\/banner-galeria-secciones-300x294.png 300w, http:\/\/www.amormisericordioso.org\/en\/wp-content\/uploads\/2015\/05\/banner-galeria-secciones-80x80.png 80w, http:\/\/www.amormisericordioso.org\/en\/wp-content\/uploads\/2015\/05\/banner-galeria-secciones-36x36.png 36w\" sizes=\"(max-width: 646px) 100vw, 646px\" \/><\/div><\/div><\/div><\/p>\n<\/div><\/div><\/div>\n","protected":false},"excerpt":{"rendered":"","protected":false},"author":1,"featured_media":0,"parent":863,"menu_order":0,"comment_status":"closed","ping_status":"closed","template":"","meta":{"_bbp_topic_count":0,"_bbp_reply_count":0,"_bbp_total_topic_count":0,"_bbp_total_reply_count":0,"_bbp_voice_count":0,"_bbp_anonymous_reply_count":0,"_bbp_topic_count_hidden":0,"_bbp_reply_count_hidden":0,"_bbp_forum_subforum_count":0,"_monsterinsights_skip_tracking":false,"_monsterinsights_sitenote_active":false,"_monsterinsights_sitenote_note":"","_monsterinsights_sitenote_category":0,"footnotes":""},"class_list":["post-1193","page","type-page","status-publish","hentry"],"_links":{"self":[{"href":"http:\/\/www.amormisericordioso.org\/en\/wp-json\/wp\/v2\/pages\/1193","targetHints":{"allow":["GET"]}}],"collection":[{"href":"http:\/\/www.amormisericordioso.org\/en\/wp-json\/wp\/v2\/pages"}],"about":[{"href":"http:\/\/www.amormisericordioso.org\/en\/wp-json\/wp\/v2\/types\/page"}],"author":[{"embeddable":true,"href":"http:\/\/www.amormisericordioso.org\/en\/wp-json\/wp\/v2\/users\/1"}],"replies":[{"embeddable":true,"href":"http:\/\/www.amormisericordioso.org\/en\/wp-json\/wp\/v2\/comments?post=1193"}],"version-history":[{"count":0,"href":"http:\/\/www.amormisericordioso.org\/en\/wp-json\/wp\/v2\/pages\/1193\/revisions"}],"up":[{"embeddable":true,"href":"http:\/\/www.amormisericordioso.org\/en\/wp-json\/wp\/v2\/pages\/863"}],"wp:attachment":[{"href":"http:\/\/www.amormisericordioso.org\/en\/wp-json\/wp\/v2\/media?parent=1193"}],"curies":[{"name":"wp","href":"https:\/\/api.w.org\/{rel}","templated":true}]}}