{"id":1191,"date":"2016-09-16T21:49:10","date_gmt":"2016-09-17T03:49:10","guid":{"rendered":"http:\/\/gananegocio.com\/fam\/?page_id=1191"},"modified":"2016-11-15T14:07:02","modified_gmt":"2016-11-15T20:07:02","slug":"eam-barticesti","status":"publish","type":"page","link":"http:\/\/www.amormisericordioso.org\/en\/family-of-merciful-love\/ubicacion-en-el-mundo\/eam-barticesti\/","title":{"rendered":"EAM &#8211; Barticesti"},"content":{"rendered":"<div id='av-layout-grid-1'  class='av-layout-grid-container entry-content-wrapper main_color av-flex-cells     avia-builder-el-0  avia-builder-el-no-sibling  container_wrap sidebar_right' style=' '  >\n<div class=\"flex_cell no_margin av_three_fourth  avia-builder-el-1  el_before_av_cell_one_fourth  avia-builder-el-first   \"  style='vertical-align:top; padding:30px; background-color:#ffffff; ' ><div class='flex_cell_inner' ><div class='flex_column_table av-equal-height-column-flextable -flextable' style='margin-top:-60px; margin-bottom:0px; '><div class=\"flex_column av_one_full  no_margin flex_column_table_cell av-equal-height-column av-align-top first  avia-builder-el-2  avia-builder-el-no-sibling  \" style='padding:30px; background-color:#ffffff; border-radius:0px; '><p><div  style='padding-bottom:0px; ' class='av-special-heading av-special-heading-h1  blockquote modern-quote  avia-builder-el-3  el_before_av_textblock  avia-builder-el-first  '><h1 class='av-special-heading-tag '  itemprop=\"headline\"  >EAM &#8211; Barticesti<\/h1><div class='special-heading-border'><div class='special-heading-inner-border' ><\/div><\/div><\/div><br \/>\n<section class=\"av_textblock_section \"  itemscope=\"itemscope\" itemtype=\"https:\/\/schema.org\/CreativeWork\" ><div class='avia_textblock  '  style='font-size:18px; '  itemprop=\"text\" ><p><a href=\"http:\/\/www.amormisericordioso.org\/ws\/images\/articles\/112\/Familia%20del%20Amor%20Misericordioso%20en%20Rumania-medium.jpg\"><img loading=\"lazy\" decoding=\"async\" class=\"alignleft\" src=\"http:\/\/www.amormisericordioso.org\/ws\/images\/articles\/112\/Familia%20del%20Amor%20Misericordioso%20en%20Rumania-medium.jpg\" alt=\"\" width=\"325\" height=\"243\" align=\"left\" hspace=\"10\" vspace=\"10\" \/><\/a><\/p>\n<p align=\"justify\">Str. Principala,<br \/>\n617091, sat Barticesti,<br \/>\ncom. Botesti, jud. Neamt<\/p>\n<p align=\"justify\"><em>Tel. <\/em>(0040) 233 781440<\/p>\n<p align=\"justify\"><em>E-mail: <\/em><a href=\"mailto:speranta@easynet.ro\">speranta@easynet.ro<\/a><\/p>\n<p align=\"justify\">Comunitatea noastraeste prezenta \u00een Rom\u00e2nia, la cererea Episcopului Mons. Petru Gherghel, din noiembrie 1993, cu sediul la Bartice\u015fti, Neam\u0163, apartinand de Dieceza de Iasi. \u00a0Aceasta Dieceza\u00a0 se extinde in zona de est a Romaniei, zona declarata de Guvernul Romaniei ca fiind cea mai saraca din toata tara. In urma statisticilor efectuate aici se regaseste numarul cel mai mare de persoane care nu au un loc de munca, iar dezvoltarea economica este cea mai slaba.<\/p>\n<p align=\"justify\"><a href=\"http:\/\/www.amormisericordioso.org\/ws\/images\/articles\/112\/Esclavas%20del%20Amor%20Misericordioso%20en%20Rumania.jpg\"><img loading=\"lazy\" decoding=\"async\" class=\"alignright\" src=\"http:\/\/www.amormisericordioso.org\/ws\/images\/articles\/112\/Esclavas%20del%20Amor%20Misericordioso%20en%20Rumania.jpg\" alt=\"\" width=\"214\" height=\"152\" align=\"right\" border=\"0\" hspace=\"5\" vspace=\"5\" \/><\/a>Activitatile care se desfasoara in comunitatea noastra, vor sa fie un raspuns la necesitatile reale din teritoriu. Raspunzand ideii Maicii Speranta care a spus: \u201cvoi cei bolnavi chemati-ne caci va vom acorda asistenta\u201d (Circ. 6.07.1941) surorile <b>colaboreaza in activitatea<\/b><b>care se<\/b><b>desfasoara<\/b> in Centrul Medical \u201cSperanta Bolnavilor\u201d, Centru al carui director este pr. Mihai Budau. Prezenta noastra vrea sa fie o raza de iubire, compasiune si un ajutor in nevoi si in caz de boala.<\/p>\n<p align=\"justify\">De cativa ani <b>o noua realitate<\/b> s-a remarcat: prezenta multor copii ramasi sub indrumarea <a href=\"http:\/\/www.amormisericordioso.org\/ws\/images\/articles\/112\/Esclavas%20del%20Amor%20Misericordioso%20en%20Rumania%20II.jpg\"><img loading=\"lazy\" decoding=\"async\" class=\"alignleft\" src=\"http:\/\/www.amormisericordioso.org\/ws\/images\/articles\/112\/Esclavas%20del%20Amor%20Misericordioso%20en%20Rumania%20II.jpg\" alt=\"\" width=\"227\" height=\"158\" align=\"left\" border=\"0\" hspace=\"5\" vspace=\"5\" \/><\/a>bunicilor sau a altor rude de familie. Si iata cateva surori din comunitate s-au oferit sa le ofere masa de la pranz si sa-i ajute sa-si faca temele, deoarece cu toata bunavointa lor, bunicii nu s-ar descurca. Incercam astfel sa evitam ca acesti copii sa ramana in urma cu studiile, convinsi fiind ca mai tarziu este greu de recuperat ceea ce au pierdut.<\/p>\n<p align=\"justify\">Ca urmare a dorintei dnei Barbara Stam, Presedinta Parlamentului Bavarez, incepand cu\u00a0\u00a0 8.02.1999, comunitatea noastra sustine, colaboreaza si <b>este prezenta intr-un Centru Riabilitativ si Educativ pentru tineri disabili<\/b> unde prin disponibilitate, dialog si ascultarea tinerilor si a personalului, vrea sa exprime valoarea vietii fiecarei persoane asa cum este ea, oricare\u00a0 persoana fiind obiectul iubirii infinite a lui Dumnezeu si deci si a noastra.<a href=\"http:\/\/www.amormisericordioso.org\/ws\/images\/articles\/112\/Esclavas%20del%20Amor%20Misericordioso%20en%20Rumania%20III.jpg\"><img loading=\"lazy\" decoding=\"async\" class=\"alignright\" src=\"http:\/\/www.amormisericordioso.org\/ws\/images\/articles\/112\/Esclavas%20del%20Amor%20Misericordioso%20en%20Rumania%20III.jpg\" alt=\"\" width=\"232\" height=\"154\" align=\"right\" border=\"0\" hspace=\"5\" vspace=\"5\" \/><\/a><\/p>\n<p align=\"justify\">Prin spiritualitatea transmis\u0103 de\u00a0 Maica Speran\u0163a c\u0103 Dumnezeu, Iubire Milostiv\u0103, care \u00een Domnul Isus s-a ar\u0103tat \u00een mod minunat &#8220;plin de milostivire&#8221; fa\u0163a de oameni mai ales fa\u0163\u0103 de cei s\u0103raci, neferici\u0163i, suferinzi \u015fi p\u0103c\u0103to\u015fi, vrem \u00een <b>colaborare cu Biserica local\u0103<\/b>, mai ales parohial\u0103, s\u0103-i slujim pe fra\u0163ii no\u015ftri la lumina spiritualit\u0103\u0163ii iubirii milostive.<\/p>\n<p align=\"justify\">Pentru a favoriza sfin\u0163enia vie\u0163ii cre\u015ftine a laicilor \u015fi de a-i stimula pe credincio\u015fi s\u0103 fie mai activ\u0103 \u00een r\u0103sp\u00e2ndirea \u00cemp\u0103r\u0103\u0163iei lui Dumnezeu \u00een lume s-a instituit in satul nostru <b>Asocia\u0163ia Laicii Iubirii Milostive<\/b>.<\/p>\n<p align=\"justify\">In fiecare an se organizeaza <b>pentru toti tinerii<\/b>\u00a0 care vor sa participe activitati estive, exercitii spirituale, zile de formare si r<a href=\"http:\/\/www.amormisericordioso.org\/ws\/images\/articles\/112\/Pastoral%20Vocacional%20EAM%20en%20Rumania.jpg\"><img loading=\"lazy\" decoding=\"async\" class=\"alignleft\" src=\"http:\/\/www.amormisericordioso.org\/ws\/images\/articles\/112\/Pastoral%20Vocacional%20EAM%20en%20Rumania.jpg\" alt=\"\" width=\"214\" height=\"154\" align=\"left\" border=\"0\" hspace=\"5\" vspace=\"5\" \/><\/a>eculegere, campusuri. Impreuna cu Fii Iubirii Milostive c<a href=\"http:\/\/www.amormisericordioso.org\/ws\/images\/articles\/112\/Trabajo%20en%20equipo%20en%20Rumania.JPG\"><img loading=\"lazy\" decoding=\"async\" class=\"alignright\" src=\"http:\/\/www.amormisericordioso.org\/ws\/images\/articles\/112\/Trabajo%20en%20equipo%20en%20Rumania.JPG\" alt=\"\" width=\"227\" height=\"141\" align=\"left\" border=\"0\" hspace=\"5\" vspace=\"5\" \/><\/a>are ne ajuta in aceste activitati, vrem ca tinerii sa aiba parte de momente frumoase si de neuitat, care sa ramana in viata lor ca un far care sa lumineze viata lor, si in acelasi timp sa fie baza solida pe care sa cladeasca deciziile vietii lor.<\/p>\n<p align=\"justify\">Comunitatea noastra este deschisa <b>tinerele care doresc s\u0103 cunoasc\u0103 stilul nostru de via\u0163\u0103<\/b>, aici pot trai momente de rugaciune, pace interioara, indrumare spirituala, fraternitate, activitati de caritate \u015fi \u00a0tuturor li se ofer\u0103 o preg\u0103tire corespunz\u0103toare.<\/p>\n<\/div><\/section><\/p><\/div><\/div><!--close column table wrapper. Autoclose: 1 -->\n<\/div><\/div><div class=\"flex_cell no_margin av_one_fourth  avia-builder-el-5  el_after_av_cell_three_fourth  avia-builder-el-last   \"  style='vertical-align:top; padding:30px; background-color:#ffffff; ' ><div class='flex_cell_inner' ><p><div  class='avia-image-container  av-styling-    avia-builder-el-6  el_before_av_image  avia-builder-el-first  avia-align-center '  itemprop=\"image\" itemscope=\"itemscope\" itemtype=\"https:\/\/schema.org\/ImageObject\"  ><div class='avia-image-container-inner'><div class='avia-image-overlay-wrap'><img decoding=\"async\" class='wp-image-532 avia-img-lazy-loading-not-532 avia_image' src=\"http:\/\/www.amormisericordioso.org\/en\/wp-content\/uploads\/2015\/05\/madre1.jpg\" alt='' title='madre1' height=\"339\" width=\"624\"  itemprop=\"thumbnailUrl\" srcset=\"http:\/\/www.amormisericordioso.org\/en\/wp-content\/uploads\/2015\/05\/madre1.jpg 624w, http:\/\/www.amormisericordioso.org\/en\/wp-content\/uploads\/2015\/05\/madre1-300x163.jpg 300w, http:\/\/www.amormisericordioso.org\/en\/wp-content\/uploads\/2015\/05\/madre1-450x244.jpg 450w\" sizes=\"(max-width: 624px) 100vw, 624px\" \/><\/div><\/div><\/div><br \/>\n<div  class='avia-image-container  av-styling-    avia-builder-el-7  el_after_av_image  el_before_av_image  avia-align-center '  itemprop=\"image\" itemscope=\"itemscope\" itemtype=\"https:\/\/schema.org\/ImageObject\"  ><div class='avia-image-container-inner'><div class='avia-image-overlay-wrap'><img decoding=\"async\" class='wp-image-531 avia-img-lazy-loading-not-531 avia_image' src=\"http:\/\/www.amormisericordioso.org\/en\/wp-content\/uploads\/2015\/05\/fammuchos.jpg\" alt='' title='fammuchos' height=\"339\" width=\"624\"  itemprop=\"thumbnailUrl\" srcset=\"http:\/\/www.amormisericordioso.org\/en\/wp-content\/uploads\/2015\/05\/fammuchos.jpg 624w, http:\/\/www.amormisericordioso.org\/en\/wp-content\/uploads\/2015\/05\/fammuchos-300x163.jpg 300w, http:\/\/www.amormisericordioso.org\/en\/wp-content\/uploads\/2015\/05\/fammuchos-450x244.jpg 450w\" sizes=\"(max-width: 624px) 100vw, 624px\" \/><\/div><\/div><\/div><br \/>\n<div  class='avia-image-container  av-styling-    avia-builder-el-8  el_after_av_image  el_before_av_hr  avia-align-center '  itemprop=\"image\" itemscope=\"itemscope\" itemtype=\"https:\/\/schema.org\/ImageObject\"  ><div class='avia-image-container-inner'><div class='avia-image-overlay-wrap'><img decoding=\"async\" class='wp-image-530 avia-img-lazy-loading-not-530 avia_image' src=\"http:\/\/www.amormisericordioso.org\/en\/wp-content\/uploads\/2015\/05\/Mapa-en-el-Mundo-FAM-TODO-POR-AMOR-EN-EL-MUNDO.jpg\" alt='' title='Mapa-en-el-Mundo-FAM-TODO-POR-AMOR-EN-EL-MUNDO' height=\"339\" width=\"618\"  itemprop=\"thumbnailUrl\" srcset=\"http:\/\/www.amormisericordioso.org\/en\/wp-content\/uploads\/2015\/05\/Mapa-en-el-Mundo-FAM-TODO-POR-AMOR-EN-EL-MUNDO.jpg 618w, http:\/\/www.amormisericordioso.org\/en\/wp-content\/uploads\/2015\/05\/Mapa-en-el-Mundo-FAM-TODO-POR-AMOR-EN-EL-MUNDO-300x165.jpg 300w\" sizes=\"(max-width: 618px) 100vw, 618px\" \/><\/div><\/div><\/div><br \/>\n<div   class='hr hr-default   avia-builder-el-9  el_after_av_image  el_before_av_heading '><span class='hr-inner ' ><span class='hr-inner-style'><\/span><\/span><\/div><br \/>\n<div  style='padding-bottom:10px; ' class='av-special-heading av-special-heading-h3  blockquote modern-quote  avia-builder-el-10  el_after_av_hr  el_before_av_magazine  '><h3 class='av-special-heading-tag '  itemprop=\"headline\"  >\u00daltimas noticias<\/h3><div class='special-heading-border'><div class='special-heading-inner-border' ><\/div><\/div><\/div><br \/>\n<div  id=\"1\"  class='av-magazine   avia-builder-el-11  el_after_av_heading  el_before_av_image   av-magazine-top-bar-active av-magazine-tabs-active' ><div class='av-magazine-top-bar ' ><\/div><div class='av-magazine-group sort_all'><article class='av-magazine-entry av-magazine-entry-id-2930 av-magazine-format-standard av-magazine-type-post av-magazine-entry-1 av-magazine-entry-small '  itemscope=\"itemscope\" itemtype=\"https:\/\/schema.org\/CreativeWork\" ><div class='av-magazine-thumbnail'><a href='http:\/\/www.amormisericordioso.org\/en\/come-and-see\/' title='Link to: Come and see!' class='iconfont av-magazine-entry-icon' aria-hidden='true' data-av_icon='\ue836' data-av_iconfont='entypo-fontello'><\/a><\/div><div class='av-magazine-content-wrap'><header class='entry-content-header'><time class='av-magazine-time updated'  itemprop=\"datePublished\" datetime=\"2026-05-14T18:19:49-06:00\" >14 May, 2026<\/time><h3 class='av-magazine-title entry-title '  itemprop=\"headline\" ><a href='http:\/\/www.amormisericordioso.org\/en\/come-and-see\/' title='Link to: Come and see!'>Come and see!<\/a><\/h3><\/header><\/div><footer class='entry-footer'><\/footer><\/article><article class='av-magazine-entry av-magazine-entry-id-2921 av-magazine-format-standard av-magazine-type-post av-magazine-entry-2 av-magazine-entry-small '  itemscope=\"itemscope\" itemtype=\"https:\/\/schema.org\/CreativeWork\" ><div class='av-magazine-thumbnail'><a href='http:\/\/www.amormisericordioso.org\/en\/renewal-of-vows-fam\/' title='Link to: Renewal of Vows FAM Philippines' class='iconfont av-magazine-entry-icon' aria-hidden='true' data-av_icon='\ue836' data-av_iconfont='entypo-fontello'><\/a><\/div><div class='av-magazine-content-wrap'><header class='entry-content-header'><time class='av-magazine-time updated'  itemprop=\"datePublished\" datetime=\"2026-05-14T09:43:03-06:00\" >14 May, 2026<\/time><h3 class='av-magazine-title entry-title '  itemprop=\"headline\" ><a href='http:\/\/www.amormisericordioso.org\/en\/renewal-of-vows-fam\/' title='Link to: Renewal of Vows FAM Philippines'>Renewal of Vows FAM Philippines<\/a><\/h3><\/header><\/div><footer class='entry-footer'><\/footer><\/article><article class='av-magazine-entry av-magazine-entry-id-2915 av-magazine-format-standard av-magazine-type-post av-magazine-entry-3 av-magazine-entry-small '  itemscope=\"itemscope\" itemtype=\"https:\/\/schema.org\/CreativeWork\" ><div class='av-magazine-thumbnail'><a href='http:\/\/www.amormisericordioso.org\/en\/philippines-new-aspirantes-2026\/' title='Link to: Philippines new Aspirantes 2026.' class='iconfont av-magazine-entry-icon' aria-hidden='true' data-av_icon='\ue836' data-av_iconfont='entypo-fontello'><\/a><\/div><div class='av-magazine-content-wrap'><header class='entry-content-header'><time class='av-magazine-time updated'  itemprop=\"datePublished\" datetime=\"2026-05-14T09:31:32-06:00\" >14 May, 2026<\/time><h3 class='av-magazine-title entry-title '  itemprop=\"headline\" ><a href='http:\/\/www.amormisericordioso.org\/en\/philippines-new-aspirantes-2026\/' title='Link to: Philippines new Aspirantes 2026.'>Philippines new Aspirantes 2026.<\/a><\/h3><\/header><\/div><footer class='entry-footer'><\/footer><\/article><article class='av-magazine-entry av-magazine-entry-id-2911 av-magazine-format-standard av-magazine-type-post av-magazine-entry-4 av-magazine-entry-small '  itemscope=\"itemscope\" itemtype=\"https:\/\/schema.org\/CreativeWork\" ><div class='av-magazine-thumbnail'><a href='http:\/\/www.amormisericordioso.org\/en\/2911-2\/' title='Link to: San Joseph the protector of Our Religious Family' class='iconfont av-magazine-entry-icon' aria-hidden='true' data-av_icon='\ue836' data-av_iconfont='entypo-fontello'><\/a><\/div><div class='av-magazine-content-wrap'><header class='entry-content-header'><time class='av-magazine-time updated'  itemprop=\"datePublished\" datetime=\"2026-05-14T09:12:39-06:00\" >14 May, 2026<\/time><h3 class='av-magazine-title entry-title '  itemprop=\"headline\" ><a href='http:\/\/www.amormisericordioso.org\/en\/2911-2\/' title='Link to: San Joseph the protector of Our Religious Family'>San Joseph the protector of Our Religious Family<\/a><\/h3><\/header><\/div><footer class='entry-footer'><\/footer><\/article><article class='av-magazine-entry av-magazine-entry-id-2908 av-magazine-format-standard av-magazine-type-post av-magazine-entry-5 av-magazine-entry-small '  itemscope=\"itemscope\" itemtype=\"https:\/\/schema.org\/CreativeWork\" ><div class='av-magazine-thumbnail'><a href='http:\/\/www.amormisericordioso.org\/en\/2908-2\/' title='Link to: Patron for our Charitable Works' class='iconfont av-magazine-entry-icon' aria-hidden='true' data-av_icon='\ue836' data-av_iconfont='entypo-fontello'><\/a><\/div><div class='av-magazine-content-wrap'><header class='entry-content-header'><time class='av-magazine-time updated'  itemprop=\"datePublished\" datetime=\"2026-05-14T09:09:50-06:00\" >14 May, 2026<\/time><h3 class='av-magazine-title entry-title '  itemprop=\"headline\" ><a href='http:\/\/www.amormisericordioso.org\/en\/2908-2\/' title='Link to: Patron for our Charitable Works'>Patron for our Charitable Works<\/a><\/h3><\/header><\/div><footer class='entry-footer'><\/footer><\/article><\/div><\/div><br \/>\n<div  class='avia-image-container  av-styling-    avia-builder-el-12  el_after_av_magazine  avia-builder-el-last  avia-align-center '  itemprop=\"image\" itemscope=\"itemscope\" itemtype=\"https:\/\/schema.org\/ImageObject\"  ><div class='avia-image-container-inner'><div class='avia-image-overlay-wrap'><img decoding=\"async\" class='wp-image-596 avia-img-lazy-loading-not-596 avia_image' src=\"http:\/\/www.amormisericordioso.org\/en\/wp-content\/uploads\/2015\/05\/banner-galeria-secciones.png\" alt='' title='banner-galeria-secciones' height=\"634\" width=\"646\"  itemprop=\"thumbnailUrl\" srcset=\"http:\/\/www.amormisericordioso.org\/en\/wp-content\/uploads\/2015\/05\/banner-galeria-secciones.png 646w, http:\/\/www.amormisericordioso.org\/en\/wp-content\/uploads\/2015\/05\/banner-galeria-secciones-300x294.png 300w, http:\/\/www.amormisericordioso.org\/en\/wp-content\/uploads\/2015\/05\/banner-galeria-secciones-80x80.png 80w, http:\/\/www.amormisericordioso.org\/en\/wp-content\/uploads\/2015\/05\/banner-galeria-secciones-36x36.png 36w\" sizes=\"(max-width: 646px) 100vw, 646px\" \/><\/div><\/div><\/div><\/p>\n<\/div><\/div><\/div>\n","protected":false},"excerpt":{"rendered":"","protected":false},"author":1,"featured_media":0,"parent":863,"menu_order":0,"comment_status":"closed","ping_status":"closed","template":"","meta":{"_bbp_topic_count":0,"_bbp_reply_count":0,"_bbp_total_topic_count":0,"_bbp_total_reply_count":0,"_bbp_voice_count":0,"_bbp_anonymous_reply_count":0,"_bbp_topic_count_hidden":0,"_bbp_reply_count_hidden":0,"_bbp_forum_subforum_count":0,"_monsterinsights_skip_tracking":false,"_monsterinsights_sitenote_active":false,"_monsterinsights_sitenote_note":"","_monsterinsights_sitenote_category":0,"footnotes":""},"class_list":["post-1191","page","type-page","status-publish","hentry"],"_links":{"self":[{"href":"http:\/\/www.amormisericordioso.org\/en\/wp-json\/wp\/v2\/pages\/1191","targetHints":{"allow":["GET"]}}],"collection":[{"href":"http:\/\/www.amormisericordioso.org\/en\/wp-json\/wp\/v2\/pages"}],"about":[{"href":"http:\/\/www.amormisericordioso.org\/en\/wp-json\/wp\/v2\/types\/page"}],"author":[{"embeddable":true,"href":"http:\/\/www.amormisericordioso.org\/en\/wp-json\/wp\/v2\/users\/1"}],"replies":[{"embeddable":true,"href":"http:\/\/www.amormisericordioso.org\/en\/wp-json\/wp\/v2\/comments?post=1191"}],"version-history":[{"count":0,"href":"http:\/\/www.amormisericordioso.org\/en\/wp-json\/wp\/v2\/pages\/1191\/revisions"}],"up":[{"embeddable":true,"href":"http:\/\/www.amormisericordioso.org\/en\/wp-json\/wp\/v2\/pages\/863"}],"wp:attachment":[{"href":"http:\/\/www.amormisericordioso.org\/en\/wp-json\/wp\/v2\/media?parent=1191"}],"curies":[{"name":"wp","href":"https:\/\/api.w.org\/{rel}","templated":true}]}}