{"id":1186,"date":"2016-09-16T21:43:13","date_gmt":"2016-09-17T03:43:13","guid":{"rendered":"http:\/\/gananegocio.com\/fam\/?page_id=1186"},"modified":"2016-09-16T21:43:13","modified_gmt":"2016-09-17T03:43:13","slug":"eam-cochabamba-centro-materno-infantil","status":"publish","type":"page","link":"http:\/\/www.amormisericordioso.org\/en\/family-of-merciful-love\/ubicacion-en-el-mundo\/eam-cochabamba-centro-materno-infantil\/","title":{"rendered":"EAM &#8211; Cochabamba Centro Materno Infantil"},"content":{"rendered":"<div id='av-layout-grid-1'  class='av-layout-grid-container entry-content-wrapper main_color av-flex-cells     avia-builder-el-0  avia-builder-el-no-sibling  container_wrap sidebar_right' style=' '  >\n<div class=\"flex_cell no_margin av_three_fourth  avia-builder-el-1  el_before_av_cell_one_fourth  avia-builder-el-first   \"  style='vertical-align:top; padding:30px; background-color:#ffffff; ' ><div class='flex_cell_inner' ><div class='flex_column_table av-equal-height-column-flextable -flextable' style='margin-top:-60px; margin-bottom:0px; '><div class=\"flex_column av_one_full  no_margin flex_column_table_cell av-equal-height-column av-align-top first  avia-builder-el-2  avia-builder-el-no-sibling  \" style='padding:30px; background-color:#ffffff; border-radius:0px; '><p><div  style='padding-bottom:0px; ' class='av-special-heading av-special-heading-h1  blockquote modern-quote  avia-builder-el-3  el_before_av_textblock  avia-builder-el-first  '><h1 class='av-special-heading-tag '  itemprop=\"headline\"  >EAM &#8211; Cochabamba Centro Materno Infantil<\/h1><div class='special-heading-border'><div class='special-heading-inner-border' ><\/div><\/div><\/div><br \/>\n<section class=\"av_textblock_section \"  itemscope=\"itemscope\" itemtype=\"https:\/\/schema.org\/CreativeWork\" ><div class='avia_textblock  '  style='font-size:18px; '  itemprop=\"text\" ><p><img loading=\"lazy\" decoding=\"async\" class=\"alignleft\" src=\"http:\/\/www.amormisericordioso.org\/ws\/images\/articles\/101\/comunidad%20hermanitas-medium.jpg\" alt=\"\" width=\"325\" height=\"244\" align=\"left\" hspace=\"10\" vspace=\"10\" \/><\/p>\n<p align=\"justify\">Centro Materno Infantil &#8220;Esperanza&#8221;<br \/>\nComunidad Juniorado EAM<br \/>\nCasilla 2484<br \/>\nCochabamba &#8211; Bolivia<\/p>\n<p align=\"justify\">Tel. 00591 44369483<br \/>\n00591 44368171<\/p>\n<p align=\"justify\">E-mail: <a href=\"mailto:cjeam@supernet.com.bo\">cjeam@supernet.com.bo<\/a><\/p>\n<p align=\"justify\">La buena noticia de conformar una nueva comunidad se hizo realidad en la fiesta de la Presentaci\u00f3n de Jes\u00fas en el Templo en el a\u00f1o 2003 donde se dio lugar a la inauguraci\u00f3n de la comunidad del juniorado en instalaciones del CETAM, en la zona de Marquina, camino Tupuy\u00e1n (en otras palabras \u201ccamino del Inca\u201d), lugar desconocido y perdido en la localidad de Quillacollo a los pies del imponente Tunari (cerro).<img loading=\"lazy\" decoding=\"async\" class=\"alignright\" src=\"http:\/\/www.amormisericordioso.org\/ws\/images\/articles\/101\/fachada%20hospital.jpg\" alt=\"\" width=\"221\" height=\"149\" align=\"right\" border=\"0\" hspace=\"5\" vspace=\"5\" \/> Donde el capricho y la providencia del Amor Misericordioso ha puesto y sigue poniendo su paterna mirada y materno cari\u00f1o. Participaron las dos comunidades ya existentes de padres y hermanas.<\/p>\n<p align=\"justify\">Esta comunidad inici\u00f3 con tres hermanas, dos de ellas bolivianas, todas con la ilusi\u00f3n y la esperanza de llevar el mensaje del Amor Misericordioso a todas las familias de nuestro alrededor, dando un buen testimonio de vida desde nuestro trabajo sacrificado y atento.<\/p>\n<p align=\"justify\">La misi\u00f3n inici\u00f3 con la formaci\u00f3n pastoral a ni\u00f1os y j\u00f3venes en los sacramentos, en los barrios cercanos a la comunidad pertenecientes a nuestra\u00a0 Parroquia Sant\u00edsima Trinidad. Luego poco a poco nos introducimos a ayudar en los trabajos del CETAM de distintas formas.<\/p>\n<p align=\"justify\"><img loading=\"lazy\" decoding=\"async\" class=\"alignleft\" src=\"http:\/\/www.amormisericordioso.org\/ws\/images\/articles\/101\/hermanitas.jpg\" alt=\"\" width=\"217\" height=\"155\" align=\"left\" border=\"0\" hspace=\"5\" vspace=\"5\" \/>El 24 de enero del 2004,\u00a0 participamos de la inauguraci\u00f3n de la Capilla dedicada a \u201cCristo Amor Misericordioso\u201d, una preciosidad por su sencillez, armon\u00eda y calidez.<\/p>\n<p align=\"justify\">La Capilla va creciendo (piedras vivas) por la afluencia de ni\u00f1os y personas sencillas que vienen a participar en la celebraci\u00f3n de la Eucarist\u00eda. Formamos a los ni\u00f1os y j\u00f3venes en su educaci\u00f3n cristiana para la Primera Comuni\u00f3n y Confirmaci\u00f3n; catequesis familiar y el acompa\u00f1amiento a grupos juveniles.<\/p>\n<p align=\"justify\"><img loading=\"lazy\" decoding=\"async\" class=\"alignright\" src=\"http:\/\/www.amormisericordioso.org\/ws\/images\/articles\/101\/pacientes%20en%20el%20jardin.JPG\" alt=\"\" width=\"221\" height=\"132\" align=\"right\" border=\"0\" hspace=\"5\" vspace=\"5\" \/>Despu\u00e9s de 11 a\u00f1os de la primera llegada a Bolivia de nuestra Congregaci\u00f3n E.A.M. en febrero de 2004 comienza las obras del Centro Materno Infantil \u201cEsperanza\u201d, ubicado en la zona de Marquina\u00a0 a 5 km. de la ciudad de Quillacollo. \u00bfPor qu\u00e9? Porque la situaci\u00f3n de salud en la provincia de Quillacollo presentaba \u00edndices elevados en mortalidad materno infantil, debido a la falta de accesibilidad a Centros de Salud p\u00fablicos o Privados por escasos recursos econ\u00f3micos de las familias. Este Centro se constituye como una organizaci\u00f3n social y beneficio colectivo sin fines de lucro.<\/p>\n<p align=\"justify\"><img loading=\"lazy\" decoding=\"async\" class=\"alignleft\" src=\"http:\/\/www.amormisericordioso.org\/ws\/images\/articles\/101\/bb%20en%20encubadora.jpg\" alt=\"\" width=\"211\" height=\"136\" align=\"left\" border=\"0\" hspace=\"5\" vspace=\"5\" \/>El 8 de diciembre del 2005 se inaugura el Centro Materno Infantil \u201cEsperanza\u201d, en cuyo seno se albergar\u00e1 a todas aquellas personas que acudan en busca de ayuda para la salud del cuerpo y\u00a0 de esperanza para la salud del alma tal cual reza nuestra misi\u00f3n: <i>\u201cEl de preservar la salud, ofreci\u00e9ndose una atenci\u00f3n integral al binomio Madre-ni\u00f1o y poblaci\u00f3n en general. A trav\u00e9s de una acci\u00f3n educativa, preventiva y curativa, realizando obras de caridad; con lo que se intenta cubrir las necesidades b\u00e1sicas vitales de nuestra poblaci\u00f3n\u2026\u201d.<\/i><\/p>\n<p align=\"justify\"><b>\u00a0 *Aprobaciones:<\/b><\/p>\n<p align=\"justify\"><b><img loading=\"lazy\" decoding=\"async\" class=\"alignright\" src=\"http:\/\/www.amormisericordioso.org\/ws\/images\/articles\/101\/hna%20con%20bb.JPG\" alt=\"\" width=\"218\" height=\"138\" align=\"right\" border=\"0\" hspace=\"5\" vspace=\"5\" \/>*<\/b>El Centro Materno Infantil \u201cEsperanza\u201d ha sido aprobado como Obra Social de la Iglesia con Personer\u00eda Jur\u00eddica Eclesi\u00e1stica el 25 de febrero del 2008 en la ciudad de Cochabamba.<\/p>\n<p align=\"justify\">*El Centro Materno Infantil \u201cEsperanza\u201d ha sido aprobado por el Ministerio de Salud y Deporte \u2013 Prefectura del departamento de Cochabamba, en fecha 8 de septiembre de 2008.<\/p>\n<p align=\"justify\"><b>\u00a0 *Actividades Educativas<\/b><\/p>\n<p align=\"justify\">A principio de a\u00f1o se planifican las diferentes actividades educativas a desarrollar a lo largo del a\u00f1o. La Feria Educativa de Salud: \u201cDiabetes\u201d, tuvo lugar en el primer semestre del a\u00f1o.<\/p>\n<p align=\"justify\"><b>\u00a0 <img loading=\"lazy\" decoding=\"async\" class=\"alignright\" src=\"http:\/\/www.amormisericordioso.org\/ws\/images\/articles\/101\/hna%20con%20bb%20paciente.jpg\" alt=\"\" width=\"221\" height=\"142\" align=\"right\" border=\"0\" hspace=\"5\" vspace=\"5\" \/>*Campa\u00f1as realizadas<\/b><\/p>\n<p align=\"justify\">En los primeros seis meses se pusieron en marcha 2 campa\u00f1as:<br \/>\nAtenci\u00f3n gratuita a ni\u00f1os (Febrero)<br \/>\nAtenci\u00f3n Gratuita a Madres (Mayo)<br \/>\nOtros\u2026<br \/>\nEl<i> Centro Materno Infantil \u201cEsperanza\u201d <\/i>brinda atenci\u00f3n m\u00e9dica las 24 horas, los 365 d\u00edas del a\u00f1o. A su vez, cuenta con personal altamente cualificado y con grandes valores humanitarios. La atenci\u00f3n que brindan a sus pacientes es c\u00e1lida y cordial.<img loading=\"lazy\" decoding=\"async\" class=\"alignleft\" src=\"http:\/\/www.amormisericordioso.org\/ws\/images\/articles\/101\/campana%20hospital%20en%20plaza.JPG\" alt=\"\" width=\"219\" height=\"150\" align=\"left\" border=\"0\" hspace=\"5\" vspace=\"5\" \/><\/p>\n<p align=\"justify\"><strong>\u00a0*Distinci\u00f3n:<\/strong><\/p>\n<p align=\"justify\">La Congregaci\u00f3n Esclavas del Amor Misericordioso recibe la Distinci\u00f3n por parte del<i> Honorable Concejo Municipal de la ciudad de Quillacollo.<\/i> El <i>8 de septiembre del 2009 <\/i>poraporte y servicios prestados al Municipio en el desarrollo econ\u00f3mico, productivo,\u00a0 humano, social, institucional y organizacional.<\/p>\n<\/div><\/section><\/p><\/div><\/div><!--close column table wrapper. Autoclose: 1 -->\n<\/div><\/div><div class=\"flex_cell no_margin av_one_fourth  avia-builder-el-5  el_after_av_cell_three_fourth  avia-builder-el-last   \"  style='vertical-align:top; padding:30px; background-color:#ffffff; ' ><div class='flex_cell_inner' ><p><div  class='avia-image-container  av-styling-    avia-builder-el-6  el_before_av_image  avia-builder-el-first  avia-align-center '  itemprop=\"image\" itemscope=\"itemscope\" itemtype=\"https:\/\/schema.org\/ImageObject\"  ><div class='avia-image-container-inner'><div class='avia-image-overlay-wrap'><img decoding=\"async\" class='wp-image-532 avia-img-lazy-loading-not-532 avia_image' src=\"http:\/\/www.amormisericordioso.org\/en\/wp-content\/uploads\/2015\/05\/madre1.jpg\" alt='' title='madre1' height=\"339\" width=\"624\"  itemprop=\"thumbnailUrl\" srcset=\"http:\/\/www.amormisericordioso.org\/en\/wp-content\/uploads\/2015\/05\/madre1.jpg 624w, http:\/\/www.amormisericordioso.org\/en\/wp-content\/uploads\/2015\/05\/madre1-300x163.jpg 300w, http:\/\/www.amormisericordioso.org\/en\/wp-content\/uploads\/2015\/05\/madre1-450x244.jpg 450w\" sizes=\"(max-width: 624px) 100vw, 624px\" \/><\/div><\/div><\/div><br \/>\n<div  class='avia-image-container  av-styling-    avia-builder-el-7  el_after_av_image  el_before_av_image  avia-align-center '  itemprop=\"image\" itemscope=\"itemscope\" itemtype=\"https:\/\/schema.org\/ImageObject\"  ><div class='avia-image-container-inner'><div class='avia-image-overlay-wrap'><img decoding=\"async\" class='wp-image-531 avia-img-lazy-loading-not-531 avia_image' src=\"http:\/\/www.amormisericordioso.org\/en\/wp-content\/uploads\/2015\/05\/fammuchos.jpg\" alt='' title='fammuchos' height=\"339\" width=\"624\"  itemprop=\"thumbnailUrl\" srcset=\"http:\/\/www.amormisericordioso.org\/en\/wp-content\/uploads\/2015\/05\/fammuchos.jpg 624w, http:\/\/www.amormisericordioso.org\/en\/wp-content\/uploads\/2015\/05\/fammuchos-300x163.jpg 300w, http:\/\/www.amormisericordioso.org\/en\/wp-content\/uploads\/2015\/05\/fammuchos-450x244.jpg 450w\" sizes=\"(max-width: 624px) 100vw, 624px\" \/><\/div><\/div><\/div><br \/>\n<div  class='avia-image-container  av-styling-    avia-builder-el-8  el_after_av_image  el_before_av_hr  avia-align-center '  itemprop=\"image\" itemscope=\"itemscope\" itemtype=\"https:\/\/schema.org\/ImageObject\"  ><div class='avia-image-container-inner'><div class='avia-image-overlay-wrap'><img decoding=\"async\" class='wp-image-530 avia-img-lazy-loading-not-530 avia_image' src=\"http:\/\/www.amormisericordioso.org\/en\/wp-content\/uploads\/2015\/05\/Mapa-en-el-Mundo-FAM-TODO-POR-AMOR-EN-EL-MUNDO.jpg\" alt='' title='Mapa-en-el-Mundo-FAM-TODO-POR-AMOR-EN-EL-MUNDO' height=\"339\" width=\"618\"  itemprop=\"thumbnailUrl\" srcset=\"http:\/\/www.amormisericordioso.org\/en\/wp-content\/uploads\/2015\/05\/Mapa-en-el-Mundo-FAM-TODO-POR-AMOR-EN-EL-MUNDO.jpg 618w, http:\/\/www.amormisericordioso.org\/en\/wp-content\/uploads\/2015\/05\/Mapa-en-el-Mundo-FAM-TODO-POR-AMOR-EN-EL-MUNDO-300x165.jpg 300w\" sizes=\"(max-width: 618px) 100vw, 618px\" \/><\/div><\/div><\/div><br \/>\n<div   class='hr hr-default   avia-builder-el-9  el_after_av_image  el_before_av_heading '><span class='hr-inner ' ><span class='hr-inner-style'><\/span><\/span><\/div><br \/>\n<div  style='padding-bottom:10px; ' class='av-special-heading av-special-heading-h3  blockquote modern-quote  avia-builder-el-10  el_after_av_hr  el_before_av_magazine  '><h3 class='av-special-heading-tag '  itemprop=\"headline\"  >\u00daltimas noticias<\/h3><div class='special-heading-border'><div class='special-heading-inner-border' ><\/div><\/div><\/div><br \/>\n<div  id=\"1\"  class='av-magazine   avia-builder-el-11  el_after_av_heading  el_before_av_image   av-magazine-top-bar-active av-magazine-tabs-active' ><div class='av-magazine-top-bar ' ><\/div><div class='av-magazine-group sort_all'><article class='av-magazine-entry av-magazine-entry-id-2930 av-magazine-format-standard av-magazine-type-post av-magazine-entry-1 av-magazine-entry-small '  itemscope=\"itemscope\" itemtype=\"https:\/\/schema.org\/CreativeWork\" ><div class='av-magazine-thumbnail'><a href='http:\/\/www.amormisericordioso.org\/en\/come-and-see\/' title='Link to: Come and see!' class='iconfont av-magazine-entry-icon' aria-hidden='true' data-av_icon='\ue836' data-av_iconfont='entypo-fontello'><\/a><\/div><div class='av-magazine-content-wrap'><header class='entry-content-header'><time class='av-magazine-time updated'  itemprop=\"datePublished\" datetime=\"2026-05-14T18:19:49-06:00\" >14 May, 2026<\/time><h3 class='av-magazine-title entry-title '  itemprop=\"headline\" ><a href='http:\/\/www.amormisericordioso.org\/en\/come-and-see\/' title='Link to: Come and see!'>Come and see!<\/a><\/h3><\/header><\/div><footer class='entry-footer'><\/footer><\/article><article class='av-magazine-entry av-magazine-entry-id-2921 av-magazine-format-standard av-magazine-type-post av-magazine-entry-2 av-magazine-entry-small '  itemscope=\"itemscope\" itemtype=\"https:\/\/schema.org\/CreativeWork\" ><div class='av-magazine-thumbnail'><a href='http:\/\/www.amormisericordioso.org\/en\/renewal-of-vows-fam\/' title='Link to: Renewal of Vows FAM Philippines' class='iconfont av-magazine-entry-icon' aria-hidden='true' data-av_icon='\ue836' data-av_iconfont='entypo-fontello'><\/a><\/div><div class='av-magazine-content-wrap'><header class='entry-content-header'><time class='av-magazine-time updated'  itemprop=\"datePublished\" datetime=\"2026-05-14T09:43:03-06:00\" >14 May, 2026<\/time><h3 class='av-magazine-title entry-title '  itemprop=\"headline\" ><a href='http:\/\/www.amormisericordioso.org\/en\/renewal-of-vows-fam\/' title='Link to: Renewal of Vows FAM Philippines'>Renewal of Vows FAM Philippines<\/a><\/h3><\/header><\/div><footer class='entry-footer'><\/footer><\/article><article class='av-magazine-entry av-magazine-entry-id-2915 av-magazine-format-standard av-magazine-type-post av-magazine-entry-3 av-magazine-entry-small '  itemscope=\"itemscope\" itemtype=\"https:\/\/schema.org\/CreativeWork\" ><div class='av-magazine-thumbnail'><a href='http:\/\/www.amormisericordioso.org\/en\/philippines-new-aspirantes-2026\/' title='Link to: Philippines new Aspirantes 2026.' class='iconfont av-magazine-entry-icon' aria-hidden='true' data-av_icon='\ue836' data-av_iconfont='entypo-fontello'><\/a><\/div><div class='av-magazine-content-wrap'><header class='entry-content-header'><time class='av-magazine-time updated'  itemprop=\"datePublished\" datetime=\"2026-05-14T09:31:32-06:00\" >14 May, 2026<\/time><h3 class='av-magazine-title entry-title '  itemprop=\"headline\" ><a href='http:\/\/www.amormisericordioso.org\/en\/philippines-new-aspirantes-2026\/' title='Link to: Philippines new Aspirantes 2026.'>Philippines new Aspirantes 2026.<\/a><\/h3><\/header><\/div><footer class='entry-footer'><\/footer><\/article><article class='av-magazine-entry av-magazine-entry-id-2911 av-magazine-format-standard av-magazine-type-post av-magazine-entry-4 av-magazine-entry-small '  itemscope=\"itemscope\" itemtype=\"https:\/\/schema.org\/CreativeWork\" ><div class='av-magazine-thumbnail'><a href='http:\/\/www.amormisericordioso.org\/en\/2911-2\/' title='Link to: San Joseph the protector of Our Religious Family' class='iconfont av-magazine-entry-icon' aria-hidden='true' data-av_icon='\ue836' data-av_iconfont='entypo-fontello'><\/a><\/div><div class='av-magazine-content-wrap'><header class='entry-content-header'><time class='av-magazine-time updated'  itemprop=\"datePublished\" datetime=\"2026-05-14T09:12:39-06:00\" >14 May, 2026<\/time><h3 class='av-magazine-title entry-title '  itemprop=\"headline\" ><a href='http:\/\/www.amormisericordioso.org\/en\/2911-2\/' title='Link to: San Joseph the protector of Our Religious Family'>San Joseph the protector of Our Religious Family<\/a><\/h3><\/header><\/div><footer class='entry-footer'><\/footer><\/article><article class='av-magazine-entry av-magazine-entry-id-2908 av-magazine-format-standard av-magazine-type-post av-magazine-entry-5 av-magazine-entry-small '  itemscope=\"itemscope\" itemtype=\"https:\/\/schema.org\/CreativeWork\" ><div class='av-magazine-thumbnail'><a href='http:\/\/www.amormisericordioso.org\/en\/2908-2\/' title='Link to: Patron for our Charitable Works' class='iconfont av-magazine-entry-icon' aria-hidden='true' data-av_icon='\ue836' data-av_iconfont='entypo-fontello'><\/a><\/div><div class='av-magazine-content-wrap'><header class='entry-content-header'><time class='av-magazine-time updated'  itemprop=\"datePublished\" datetime=\"2026-05-14T09:09:50-06:00\" >14 May, 2026<\/time><h3 class='av-magazine-title entry-title '  itemprop=\"headline\" ><a href='http:\/\/www.amormisericordioso.org\/en\/2908-2\/' title='Link to: Patron for our Charitable Works'>Patron for our Charitable Works<\/a><\/h3><\/header><\/div><footer class='entry-footer'><\/footer><\/article><\/div><\/div><br \/>\n<div  class='avia-image-container  av-styling-    avia-builder-el-12  el_after_av_magazine  avia-builder-el-last  avia-align-center '  itemprop=\"image\" itemscope=\"itemscope\" itemtype=\"https:\/\/schema.org\/ImageObject\"  ><div class='avia-image-container-inner'><div class='avia-image-overlay-wrap'><img decoding=\"async\" class='wp-image-596 avia-img-lazy-loading-not-596 avia_image' src=\"http:\/\/www.amormisericordioso.org\/en\/wp-content\/uploads\/2015\/05\/banner-galeria-secciones.png\" alt='' title='banner-galeria-secciones' height=\"634\" width=\"646\"  itemprop=\"thumbnailUrl\" srcset=\"http:\/\/www.amormisericordioso.org\/en\/wp-content\/uploads\/2015\/05\/banner-galeria-secciones.png 646w, http:\/\/www.amormisericordioso.org\/en\/wp-content\/uploads\/2015\/05\/banner-galeria-secciones-300x294.png 300w, http:\/\/www.amormisericordioso.org\/en\/wp-content\/uploads\/2015\/05\/banner-galeria-secciones-80x80.png 80w, http:\/\/www.amormisericordioso.org\/en\/wp-content\/uploads\/2015\/05\/banner-galeria-secciones-36x36.png 36w\" sizes=\"(max-width: 646px) 100vw, 646px\" \/><\/div><\/div><\/div><\/p>\n<\/div><\/div><\/div>\n","protected":false},"excerpt":{"rendered":"","protected":false},"author":1,"featured_media":0,"parent":863,"menu_order":0,"comment_status":"closed","ping_status":"closed","template":"","meta":{"_bbp_topic_count":0,"_bbp_reply_count":0,"_bbp_total_topic_count":0,"_bbp_total_reply_count":0,"_bbp_voice_count":0,"_bbp_anonymous_reply_count":0,"_bbp_topic_count_hidden":0,"_bbp_reply_count_hidden":0,"_bbp_forum_subforum_count":0,"_monsterinsights_skip_tracking":false,"_monsterinsights_sitenote_active":false,"_monsterinsights_sitenote_note":"","_monsterinsights_sitenote_category":0,"footnotes":""},"class_list":["post-1186","page","type-page","status-publish","hentry"],"_links":{"self":[{"href":"http:\/\/www.amormisericordioso.org\/en\/wp-json\/wp\/v2\/pages\/1186","targetHints":{"allow":["GET"]}}],"collection":[{"href":"http:\/\/www.amormisericordioso.org\/en\/wp-json\/wp\/v2\/pages"}],"about":[{"href":"http:\/\/www.amormisericordioso.org\/en\/wp-json\/wp\/v2\/types\/page"}],"author":[{"embeddable":true,"href":"http:\/\/www.amormisericordioso.org\/en\/wp-json\/wp\/v2\/users\/1"}],"replies":[{"embeddable":true,"href":"http:\/\/www.amormisericordioso.org\/en\/wp-json\/wp\/v2\/comments?post=1186"}],"version-history":[{"count":0,"href":"http:\/\/www.amormisericordioso.org\/en\/wp-json\/wp\/v2\/pages\/1186\/revisions"}],"up":[{"embeddable":true,"href":"http:\/\/www.amormisericordioso.org\/en\/wp-json\/wp\/v2\/pages\/863"}],"wp:attachment":[{"href":"http:\/\/www.amormisericordioso.org\/en\/wp-json\/wp\/v2\/media?parent=1186"}],"curies":[{"name":"wp","href":"https:\/\/api.w.org\/{rel}","templated":true}]}}