{"id":1149,"date":"2016-09-16T20:39:30","date_gmt":"2016-09-17T02:39:30","guid":{"rendered":"http:\/\/gananegocio.com\/fam\/?page_id=1149"},"modified":"2016-09-16T20:39:30","modified_gmt":"2016-09-17T02:39:30","slug":"eam-mantova","status":"publish","type":"page","link":"http:\/\/www.amormisericordioso.org\/en\/eam-mantova\/","title":{"rendered":"EAM &#8211; Mantova"},"content":{"rendered":"<div id='av-layout-grid-1'  class='av-layout-grid-container entry-content-wrapper main_color av-flex-cells     avia-builder-el-0  avia-builder-el-no-sibling  container_wrap sidebar_right' style=' '  >\n<div class=\"flex_cell no_margin av_three_fourth  avia-builder-el-1  el_before_av_cell_one_fourth  avia-builder-el-first   \"  style='vertical-align:top; padding:30px; background-color:#ffffff; ' ><div class='flex_cell_inner' ><div class='flex_column_table av-equal-height-column-flextable -flextable' style='margin-top:-60px; margin-bottom:0px; '><div class=\"flex_column av_one_full  no_margin flex_column_table_cell av-equal-height-column av-align-top first  avia-builder-el-2  avia-builder-el-no-sibling  \" style='padding:30px; background-color:#ffffff; border-radius:0px; '><p><div  style='padding-bottom:0px; ' class='av-special-heading av-special-heading-h1  blockquote modern-quote  avia-builder-el-3  el_before_av_textblock  avia-builder-el-first  '><h1 class='av-special-heading-tag '  itemprop=\"headline\"  >EAM &#8211; Mantova<\/h1><div class='special-heading-border'><div class='special-heading-inner-border' ><\/div><\/div><\/div><br \/>\n<section class=\"av_textblock_section \"  itemscope=\"itemscope\" itemtype=\"https:\/\/schema.org\/CreativeWork\" ><div class='avia_textblock  '  style='font-size:18px; '  itemprop=\"text\" ><p><img loading=\"lazy\" decoding=\"async\" class=\"alignleft\" src=\"http:\/\/www.amormisericordioso.org\/ws\/images\/articles\/89\/educare%20con%20la%20vita-medium.jpg\" alt=\"\" width=\"325\" height=\"244\" align=\"left\" hspace=\"10\" vspace=\"10\" \/><\/p>\n<p><b>Ancelle dell\u2019Amore Misericordioso<br \/>\n<\/b>\u00a0\u00a0 Centro di Solidariet\u00e0 &#8220;Casa del Sole&#8221;<br \/>\nVia Gementi Vittorina, 52<br \/>\n46010-S. Silvestro di Curtatone (MN)<br \/>\nItalia<br \/>\n<i>\u00a0\u00a0 Tel.<\/i>(0039) 0376\u00a0290934<br \/>\n<i>\u00a0\u00a0 Fax<\/i>(0039) 0376 479735 Casa del Sole<br \/>\n<i>\u00a0\u00a0 E-mail: <\/i><a href=\"mailto:mantovaeam@virgilio.it\">mantovaeam@virgilio.it<\/a><\/p>\n<p align=\"justify\">La Comunit\u00e0 delle EAM presso il \u201cCentro Solidariet\u00e0 per i Bambini Cerebrolesi Gravi\u201d, fu eretta canonicamente successivamente il 18 dicembre 1983.<\/p>\n<p align=\"justify\"><img loading=\"lazy\" decoding=\"async\" class=\"alignright\" src=\"http:\/\/www.amormisericordioso.org\/ws\/images\/articles\/89\/casa%20del%20sole.JPG\" alt=\"\" width=\"254\" height=\"169\" align=\"right\" border=\"0\" hspace=\"5\" vspace=\"5\" \/>Negli anni precedenti pi\u00f9 volte la Signorina Vittorina Gementi fondatrice della \u201cCasa del Sole\u201d, si era incontrata con la nostra Madre Speranza, dalla quale aveva avuto parole d\u2019incoraggiamento per l\u2019apertura del Centro assicurandole che era Opera di Dio\u201d.<\/p>\n<p align=\"justify\">La \u201cCasa de Sole Centro pilota di riabilitazione per Bambini portatori di handicap, ottenne l\u2019invio di due Suore per prestare servizio presso l\u2019Istituto mentre conseguivano il diploma di specializzazione per docenti di Bambini portatori di handicap psico-fisici nella scuola materna.<\/p>\n<p align=\"justify\"><img loading=\"lazy\" decoding=\"async\" class=\"alignleft\" src=\"http:\/\/www.amormisericordioso.org\/ws\/images\/articles\/89\/Ser%20como%20ellos.jpg\" alt=\"\" width=\"235\" height=\"168\" align=\"left\" border=\"0\" hspace=\"5\" vspace=\"5\" \/>Successivamente affid\u00f2 alle EAM la cura dei Bambini gravi, ai quali si applica il metodo pedagogico globale, secondo l\u2019impostazione data dalla stessa fondatrice.<\/p>\n<p align=\"justify\">Le finalit\u00e0 apostoliche, come si legge nel decreto di erezione della Comunit\u00e0, sono sin dagli inizi: curare, assistere e promuovere\u00a0 i Bambini ospiti del Centro, sostenere i loro Genitori e gli Educatori con incontri e momenti di condivisione affinch\u00e9 si crei un vincolo di amore con Dio e i fratelli, diffondendo, cos\u00ec, il Carisma dell\u2019Amore Misericordioso.<\/p>\n<p align=\"justify\"><img loading=\"lazy\" decoding=\"async\" class=\"alignright\" src=\"http:\/\/www.amormisericordioso.org\/ws\/images\/articles\/89\/Fiesta.jpg\" alt=\"\" width=\"244\" height=\"158\" align=\"right\" border=\"0\" hspace=\"5\" vspace=\"5\" \/>La Comunit\u00e0 \u00e8 aperta ad altre attivit\u00e0 pastorali in Parrocchia come: catechesi ai Bambini accompagnandoli nella loro crescita di fede,trasmettendo loro il messaggio dell\u2019Amore Misericordioso.<\/p>\n<p align=\"justify\">Si fa visita agli anziani e malati e il primo venerd\u00ec di ogni mese si porta loro l\u2019Eucarestia. La domenica si aiuta anche il Parrocola S. Messa nella distribuzione dell\u2019 Eucaristia.<\/p>\n<p align=\"justify\">Vogliamo essere pure un punto di riferimento per i Giovani.<\/p>\n<\/div><\/section><\/p><\/div><\/div><!--close column table wrapper. Autoclose: 1 -->\n<\/div><\/div><div class=\"flex_cell no_margin av_one_fourth  avia-builder-el-5  el_after_av_cell_three_fourth  avia-builder-el-last   \"  style='vertical-align:top; padding:30px; background-color:#ffffff; ' ><div class='flex_cell_inner' ><p><div  class='avia-image-container  av-styling-    avia-builder-el-6  el_before_av_image  avia-builder-el-first  avia-align-center '  itemprop=\"image\" itemscope=\"itemscope\" itemtype=\"https:\/\/schema.org\/ImageObject\"  ><div class='avia-image-container-inner'><div class='avia-image-overlay-wrap'><img decoding=\"async\" class='wp-image-532 avia-img-lazy-loading-not-532 avia_image' src=\"http:\/\/www.amormisericordioso.org\/en\/wp-content\/uploads\/2015\/05\/madre1.jpg\" alt='' title='madre1' height=\"339\" width=\"624\"  itemprop=\"thumbnailUrl\" srcset=\"http:\/\/www.amormisericordioso.org\/en\/wp-content\/uploads\/2015\/05\/madre1.jpg 624w, http:\/\/www.amormisericordioso.org\/en\/wp-content\/uploads\/2015\/05\/madre1-300x163.jpg 300w, http:\/\/www.amormisericordioso.org\/en\/wp-content\/uploads\/2015\/05\/madre1-450x244.jpg 450w\" sizes=\"(max-width: 624px) 100vw, 624px\" \/><\/div><\/div><\/div><br \/>\n<div  class='avia-image-container  av-styling-    avia-builder-el-7  el_after_av_image  el_before_av_image  avia-align-center '  itemprop=\"image\" itemscope=\"itemscope\" itemtype=\"https:\/\/schema.org\/ImageObject\"  ><div class='avia-image-container-inner'><div class='avia-image-overlay-wrap'><img decoding=\"async\" class='wp-image-531 avia-img-lazy-loading-not-531 avia_image' src=\"http:\/\/www.amormisericordioso.org\/en\/wp-content\/uploads\/2015\/05\/fammuchos.jpg\" alt='' title='fammuchos' height=\"339\" width=\"624\"  itemprop=\"thumbnailUrl\" srcset=\"http:\/\/www.amormisericordioso.org\/en\/wp-content\/uploads\/2015\/05\/fammuchos.jpg 624w, http:\/\/www.amormisericordioso.org\/en\/wp-content\/uploads\/2015\/05\/fammuchos-300x163.jpg 300w, http:\/\/www.amormisericordioso.org\/en\/wp-content\/uploads\/2015\/05\/fammuchos-450x244.jpg 450w\" sizes=\"(max-width: 624px) 100vw, 624px\" \/><\/div><\/div><\/div><br \/>\n<div  class='avia-image-container  av-styling-    avia-builder-el-8  el_after_av_image  el_before_av_hr  avia-align-center '  itemprop=\"image\" itemscope=\"itemscope\" itemtype=\"https:\/\/schema.org\/ImageObject\"  ><div class='avia-image-container-inner'><div class='avia-image-overlay-wrap'><img decoding=\"async\" class='wp-image-530 avia-img-lazy-loading-not-530 avia_image' src=\"http:\/\/www.amormisericordioso.org\/en\/wp-content\/uploads\/2015\/05\/Mapa-en-el-Mundo-FAM-TODO-POR-AMOR-EN-EL-MUNDO.jpg\" alt='' title='Mapa-en-el-Mundo-FAM-TODO-POR-AMOR-EN-EL-MUNDO' height=\"339\" width=\"618\"  itemprop=\"thumbnailUrl\" srcset=\"http:\/\/www.amormisericordioso.org\/en\/wp-content\/uploads\/2015\/05\/Mapa-en-el-Mundo-FAM-TODO-POR-AMOR-EN-EL-MUNDO.jpg 618w, http:\/\/www.amormisericordioso.org\/en\/wp-content\/uploads\/2015\/05\/Mapa-en-el-Mundo-FAM-TODO-POR-AMOR-EN-EL-MUNDO-300x165.jpg 300w\" sizes=\"(max-width: 618px) 100vw, 618px\" \/><\/div><\/div><\/div><br \/>\n<div   class='hr hr-default   avia-builder-el-9  el_after_av_image  el_before_av_heading '><span class='hr-inner ' ><span class='hr-inner-style'><\/span><\/span><\/div><br \/>\n<div  style='padding-bottom:10px; ' class='av-special-heading av-special-heading-h3  blockquote modern-quote  avia-builder-el-10  el_after_av_hr  el_before_av_magazine  '><h3 class='av-special-heading-tag '  itemprop=\"headline\"  >\u00daltimas noticias<\/h3><div class='special-heading-border'><div class='special-heading-inner-border' ><\/div><\/div><\/div><br \/>\n<div  id=\"1\"  class='av-magazine   avia-builder-el-11  el_after_av_heading  el_before_av_image   av-magazine-top-bar-active av-magazine-tabs-active' ><div class='av-magazine-top-bar ' ><\/div><div class='av-magazine-group sort_all'><article class='av-magazine-entry av-magazine-entry-id-2930 av-magazine-format-standard av-magazine-type-post av-magazine-entry-1 av-magazine-entry-small '  itemscope=\"itemscope\" itemtype=\"https:\/\/schema.org\/CreativeWork\" ><div class='av-magazine-thumbnail'><a href='http:\/\/www.amormisericordioso.org\/en\/come-and-see\/' title='Link to: Come and see!' class='iconfont av-magazine-entry-icon' aria-hidden='true' data-av_icon='\ue836' data-av_iconfont='entypo-fontello'><\/a><\/div><div class='av-magazine-content-wrap'><header class='entry-content-header'><time class='av-magazine-time updated'  itemprop=\"datePublished\" datetime=\"2026-05-14T18:19:49-06:00\" >14 May, 2026<\/time><h3 class='av-magazine-title entry-title '  itemprop=\"headline\" ><a href='http:\/\/www.amormisericordioso.org\/en\/come-and-see\/' title='Link to: Come and see!'>Come and see!<\/a><\/h3><\/header><\/div><footer class='entry-footer'><\/footer><\/article><article class='av-magazine-entry av-magazine-entry-id-2921 av-magazine-format-standard av-magazine-type-post av-magazine-entry-2 av-magazine-entry-small '  itemscope=\"itemscope\" itemtype=\"https:\/\/schema.org\/CreativeWork\" ><div class='av-magazine-thumbnail'><a href='http:\/\/www.amormisericordioso.org\/en\/renewal-of-vows-fam\/' title='Link to: Renewal of Vows FAM Philippines' class='iconfont av-magazine-entry-icon' aria-hidden='true' data-av_icon='\ue836' data-av_iconfont='entypo-fontello'><\/a><\/div><div class='av-magazine-content-wrap'><header class='entry-content-header'><time class='av-magazine-time updated'  itemprop=\"datePublished\" datetime=\"2026-05-14T09:43:03-06:00\" >14 May, 2026<\/time><h3 class='av-magazine-title entry-title '  itemprop=\"headline\" ><a href='http:\/\/www.amormisericordioso.org\/en\/renewal-of-vows-fam\/' title='Link to: Renewal of Vows FAM Philippines'>Renewal of Vows FAM Philippines<\/a><\/h3><\/header><\/div><footer class='entry-footer'><\/footer><\/article><article class='av-magazine-entry av-magazine-entry-id-2915 av-magazine-format-standard av-magazine-type-post av-magazine-entry-3 av-magazine-entry-small '  itemscope=\"itemscope\" itemtype=\"https:\/\/schema.org\/CreativeWork\" ><div class='av-magazine-thumbnail'><a href='http:\/\/www.amormisericordioso.org\/en\/philippines-new-aspirantes-2026\/' title='Link to: Philippines new Aspirantes 2026.' class='iconfont av-magazine-entry-icon' aria-hidden='true' data-av_icon='\ue836' data-av_iconfont='entypo-fontello'><\/a><\/div><div class='av-magazine-content-wrap'><header class='entry-content-header'><time class='av-magazine-time updated'  itemprop=\"datePublished\" datetime=\"2026-05-14T09:31:32-06:00\" >14 May, 2026<\/time><h3 class='av-magazine-title entry-title '  itemprop=\"headline\" ><a href='http:\/\/www.amormisericordioso.org\/en\/philippines-new-aspirantes-2026\/' title='Link to: Philippines new Aspirantes 2026.'>Philippines new Aspirantes 2026.<\/a><\/h3><\/header><\/div><footer class='entry-footer'><\/footer><\/article><article class='av-magazine-entry av-magazine-entry-id-2911 av-magazine-format-standard av-magazine-type-post av-magazine-entry-4 av-magazine-entry-small '  itemscope=\"itemscope\" itemtype=\"https:\/\/schema.org\/CreativeWork\" ><div class='av-magazine-thumbnail'><a href='http:\/\/www.amormisericordioso.org\/en\/2911-2\/' title='Link to: San Joseph the protector of Our Religious Family' class='iconfont av-magazine-entry-icon' aria-hidden='true' data-av_icon='\ue836' data-av_iconfont='entypo-fontello'><\/a><\/div><div class='av-magazine-content-wrap'><header class='entry-content-header'><time class='av-magazine-time updated'  itemprop=\"datePublished\" datetime=\"2026-05-14T09:12:39-06:00\" >14 May, 2026<\/time><h3 class='av-magazine-title entry-title '  itemprop=\"headline\" ><a href='http:\/\/www.amormisericordioso.org\/en\/2911-2\/' title='Link to: San Joseph the protector of Our Religious Family'>San Joseph the protector of Our Religious Family<\/a><\/h3><\/header><\/div><footer class='entry-footer'><\/footer><\/article><article class='av-magazine-entry av-magazine-entry-id-2908 av-magazine-format-standard av-magazine-type-post av-magazine-entry-5 av-magazine-entry-small '  itemscope=\"itemscope\" itemtype=\"https:\/\/schema.org\/CreativeWork\" ><div class='av-magazine-thumbnail'><a href='http:\/\/www.amormisericordioso.org\/en\/2908-2\/' title='Link to: Patron for our Charitable Works' class='iconfont av-magazine-entry-icon' aria-hidden='true' data-av_icon='\ue836' data-av_iconfont='entypo-fontello'><\/a><\/div><div class='av-magazine-content-wrap'><header class='entry-content-header'><time class='av-magazine-time updated'  itemprop=\"datePublished\" datetime=\"2026-05-14T09:09:50-06:00\" >14 May, 2026<\/time><h3 class='av-magazine-title entry-title '  itemprop=\"headline\" ><a href='http:\/\/www.amormisericordioso.org\/en\/2908-2\/' title='Link to: Patron for our Charitable Works'>Patron for our Charitable Works<\/a><\/h3><\/header><\/div><footer class='entry-footer'><\/footer><\/article><\/div><\/div><br \/>\n<div  class='avia-image-container  av-styling-    avia-builder-el-12  el_after_av_magazine  avia-builder-el-last  avia-align-center '  itemprop=\"image\" itemscope=\"itemscope\" itemtype=\"https:\/\/schema.org\/ImageObject\"  ><div class='avia-image-container-inner'><div class='avia-image-overlay-wrap'><img decoding=\"async\" class='wp-image-596 avia-img-lazy-loading-not-596 avia_image' src=\"http:\/\/www.amormisericordioso.org\/en\/wp-content\/uploads\/2015\/05\/banner-galeria-secciones.png\" alt='' title='banner-galeria-secciones' height=\"634\" width=\"646\"  itemprop=\"thumbnailUrl\" srcset=\"http:\/\/www.amormisericordioso.org\/en\/wp-content\/uploads\/2015\/05\/banner-galeria-secciones.png 646w, http:\/\/www.amormisericordioso.org\/en\/wp-content\/uploads\/2015\/05\/banner-galeria-secciones-300x294.png 300w, http:\/\/www.amormisericordioso.org\/en\/wp-content\/uploads\/2015\/05\/banner-galeria-secciones-80x80.png 80w, http:\/\/www.amormisericordioso.org\/en\/wp-content\/uploads\/2015\/05\/banner-galeria-secciones-36x36.png 36w\" sizes=\"(max-width: 646px) 100vw, 646px\" \/><\/div><\/div><\/div><\/p>\n<\/div><\/div><\/div>\n","protected":false},"excerpt":{"rendered":"","protected":false},"author":1,"featured_media":0,"parent":0,"menu_order":0,"comment_status":"closed","ping_status":"closed","template":"","meta":{"_bbp_topic_count":0,"_bbp_reply_count":0,"_bbp_total_topic_count":0,"_bbp_total_reply_count":0,"_bbp_voice_count":0,"_bbp_anonymous_reply_count":0,"_bbp_topic_count_hidden":0,"_bbp_reply_count_hidden":0,"_bbp_forum_subforum_count":0,"_monsterinsights_skip_tracking":false,"_monsterinsights_sitenote_active":false,"_monsterinsights_sitenote_note":"","_monsterinsights_sitenote_category":0,"footnotes":""},"class_list":["post-1149","page","type-page","status-publish","hentry"],"_links":{"self":[{"href":"http:\/\/www.amormisericordioso.org\/en\/wp-json\/wp\/v2\/pages\/1149","targetHints":{"allow":["GET"]}}],"collection":[{"href":"http:\/\/www.amormisericordioso.org\/en\/wp-json\/wp\/v2\/pages"}],"about":[{"href":"http:\/\/www.amormisericordioso.org\/en\/wp-json\/wp\/v2\/types\/page"}],"author":[{"embeddable":true,"href":"http:\/\/www.amormisericordioso.org\/en\/wp-json\/wp\/v2\/users\/1"}],"replies":[{"embeddable":true,"href":"http:\/\/www.amormisericordioso.org\/en\/wp-json\/wp\/v2\/comments?post=1149"}],"version-history":[{"count":0,"href":"http:\/\/www.amormisericordioso.org\/en\/wp-json\/wp\/v2\/pages\/1149\/revisions"}],"wp:attachment":[{"href":"http:\/\/www.amormisericordioso.org\/en\/wp-json\/wp\/v2\/media?parent=1149"}],"curies":[{"name":"wp","href":"https:\/\/api.w.org\/{rel}","templated":true}]}}