{"id":1127,"date":"2016-09-16T17:36:00","date_gmt":"2016-09-16T23:36:00","guid":{"rendered":"http:\/\/gananegocio.com\/fam\/?page_id=1127"},"modified":"2016-09-16T17:36:00","modified_gmt":"2016-09-16T23:36:00","slug":"eam-madrid","status":"publish","type":"page","link":"http:\/\/www.amormisericordioso.org\/en\/eam-madrid\/","title":{"rendered":"EAM &#8211; Madrid"},"content":{"rendered":"<div id='av-layout-grid-1'  class='av-layout-grid-container entry-content-wrapper main_color av-flex-cells     avia-builder-el-0  avia-builder-el-no-sibling  container_wrap sidebar_right' style=' '  >\n<div class=\"flex_cell no_margin av_three_fourth  avia-builder-el-1  el_before_av_cell_one_fourth  avia-builder-el-first   \"  style='vertical-align:top; padding:30px; background-color:#ffffff; ' ><div class='flex_cell_inner' ><div class='flex_column_table av-equal-height-column-flextable -flextable' style='margin-top:-60px; margin-bottom:0px; '><div class=\"flex_column av_one_full  no_margin flex_column_table_cell av-equal-height-column av-align-top first  avia-builder-el-2  avia-builder-el-no-sibling  \" style='padding:30px; background-color:#ffffff; border-radius:0px; '><p><div  style='padding-bottom:0px; ' class='av-special-heading av-special-heading-h1  blockquote modern-quote  avia-builder-el-3  el_before_av_textblock  avia-builder-el-first  '><h1 class='av-special-heading-tag '  itemprop=\"headline\"  >EAM &#8211; Madrid<\/h1><div class='special-heading-border'><div class='special-heading-inner-border' ><\/div><\/div><\/div><br \/>\n<section class=\"av_textblock_section \"  itemscope=\"itemscope\" itemtype=\"https:\/\/schema.org\/CreativeWork\" ><div class='avia_textblock  '  style='font-size:18px; '  itemprop=\"text\" ><p><img loading=\"lazy\" decoding=\"async\" class=\"alignleft\" src=\"http:\/\/www.amormisericordioso.org\/ws\/images\/articles\/75\/Madrid%20EAM%202-medium.jpg\" alt=\"\" width=\"325\" height=\"244\" align=\"left\" hspace=\"10\" vspace=\"10\" \/><\/p>\n<p><b>COLEGIO AMOR MISERICORDIOSO<br \/>\n<\/b><b>PASEO S. FRANCISCO DE SALES N\u00ba 42<br \/>\n<\/b><b>28003-MADRID<br \/>\n<\/b><b>Tel\u00e9fono: 91 533 22 33<br \/>\nFax: 91 533 25 07<\/b><b><br \/>\n<\/b><b>e-mail: C<\/b><b>omunidad:<\/b><b><a href=\"mailto:misermadrid@planalfa.es\">misermadrid@planalfa.es<\/a><br \/>\n<\/b><b>Direcci\u00f3n Primaria: <a href=\"mailto:damct@planalfa.es\">damct@planalfa.es<\/a><br \/>\n<\/b><b>Direcci\u00f3n E.S.O:<a href=\"mailto:gasparina2@coamimadrid.com\">gasparina2@coamimadrid.com<\/a><br \/>\n<\/b><b>P\u00e1gina WEB:<br \/>\n<\/b><b><a href=\"http:\/\/www.coami.com\/madrid\">www.coami.com\/madrid<\/a><\/b><\/p>\n<p><b>\u00a0<\/b><\/p>\n<p align=\"justify\">Las Esclavas del Amor Misericordioso llegan a Madrid en 1931 y viven en una casa de la calle Leganitos, 48. Con el paso del tiempo la casa se queda peque\u00f1a y se construye en 1941 un colegio en el Paseo San Francisco de Sales n\u00ba 42.<\/p>\n<p align=\"justify\">En sus or\u00edgenes la actividad de las Esclavas del Amor Misericordioso era la acogida de ni\u00f1os y ni\u00f1as en r\u00e9gimen de internado y la educaci\u00f3n de los mismos. En la actualidad hay una comunidad de 15 religiosas que tenemos como actividad principal la\u00a0 educaci\u00f3n de ni\u00f1os\/as de 1 a\u00f1o hasta 16 a\u00f1os. Dos religiosas participan en la Parroquia del Santo ni\u00f1o del Ceb\u00fa dando Catequesis\u00a0 de primera comuni\u00f3n y Poscomuni\u00f3n.<\/p>\n<p align=\"justify\">El Colegio se ha adaptado a lo largo de la historia\u00a0 a las diferentes circunstancias y momentos que le ha tocado vivir. En el a\u00f1o 1.980 se realiz\u00f3 una transformaci\u00f3n total en el edificio antiguo y se construy\u00f3 un nuevo pabell\u00f3n adecuando todas las dependencias a las nuevas leyes vigentes, con el fin de poder seguir dando una respuesta de calidad a los retos y exigencias sociales y educativas. En 2007 se cierra la residencia de ni\u00f1os y se abre la guarder\u00eda. Llegando hasta el d\u00eda de hoy en que el Centro cuenta con una Escuela infantil de 1 y 2 a\u00f1os, 3 unidades de Educaci\u00f3n Infantil; 6 unidades de Educaci\u00f3n Primaria, 4 de E.S.O. \u00a0y 1 de TGD.<\/p>\n<p align=\"justify\"><b><u>NUESTRA IDENTIDAD \u201cAMOR MISERICORDIOSO\u201d:<\/u><\/b><\/p>\n<p align=\"justify\"><img loading=\"lazy\" decoding=\"async\" class=\"alignright\" src=\"http:\/\/www.amormisericordioso.org\/ws\/images\/articles\/75\/Madrid%20EAM%201.JPG\" alt=\"\" width=\"244\" height=\"149\" align=\"right\" border=\"0\" hspace=\"5\" vspace=\"5\" \/>Responde a la urgencia de que Dios sea conocido como un \u00a8 Padre lleno de amor y misericordia \u00a8, (M. Esperanza) seg\u00fan nuestro carisma de fundaci\u00f3n.<\/p>\n<p align=\"justify\">Rechaza toda discriminaci\u00f3n en la admisi\u00f3n de alumnos por raz\u00f3n de clase social, creencia religiosa, filiaci\u00f3n pol\u00edtica o cualidades humanas.<\/p>\n<p align=\"justify\">Nuestra preferencia se orienta hacia los m\u00e1s necesitados,\u00a0 atendi\u00e9ndolos y trabajando por su promoci\u00f3n integral.<\/p>\n<p align=\"justify\">Desea lograr una Comunidad Educativa que, en clima de familia, comparta la fe y la com\u00fan misi\u00f3n educadora.<\/p>\n<p align=\"justify\"><b><u>NUESTRO OBJETIVO EDUCATIVO:<\/u><\/b><\/p>\n<p align=\"justify\">Nuestro principal objetivo en la tarea educativa es la formaci\u00f3n integral del alumnado, cuyo marco b\u00e1sico es la familia.<\/p>\n<p align=\"justify\">Potenciamos los aspectos fundamentales de la persona:<\/p>\n<ul>\n<li>\n<div align=\"justify\">Su dimensi\u00f3n trascendente, que le abre a la \u00a0realidad de Dios.<\/div>\n<\/li>\n<li>\n<div align=\"justify\">Su desarrollo humano.<\/div>\n<\/li>\n<li>\n<div align=\"justify\">Su implicaci\u00f3n social como agente de transformaci\u00f3n de su entorno.<\/div>\n<\/li>\n<\/ul>\n<p align=\"justify\">Para esta educaci\u00f3n integral creemos indispensable potenciar los siguientes valores, actitudes y comportamientos:<\/p>\n<ul>\n<li>\n<div align=\"justify\">Actitud filial hacia Dios que se proyecta en la fraternidad universal, la esperanza y la alegr\u00eda.<\/div>\n<\/li>\n<li>\n<div align=\"justify\">Profundo respeto a la vida, a la persona, a su libertad y a sus derechos.<\/div>\n<\/li>\n<li>\n<div align=\"justify\">Sentido de responsabilidad, solidaridad y convivencia que posibiliten una actitud dialogante y pacificadora.<\/div>\n<\/li>\n<li>\n<div align=\"justify\">Capacidad de autoevaluaci\u00f3n y sentido cr\u00edtico que le ayude a discernir y tomar opciones\u00a0 acordes con los valores cristianos.<\/div>\n<\/li>\n<\/ul>\n<p align=\"justify\"><b><u>CARACTER\u00cdSTICAS DE NUESTRO CENTRO<\/u><\/b><\/p>\n<p align=\"justify\"><img loading=\"lazy\" decoding=\"async\" class=\"alignleft\" src=\"http:\/\/www.amormisericordioso.org\/ws\/images\/articles\/75\/Madrid%20EAM%203.JPG\" alt=\"\" width=\"244\" height=\"181\" align=\"left\" border=\"0\" hspace=\"10\" vspace=\"5\" \/>Teniendo en cuenta al alumno\/a, el mundo y la cultura en que vive, y mirando al futuro, deseamos que la l\u00ednea pedag\u00f3gica de nuestro Centro ofrezca las siguientes caracter\u00edsticas:<\/p>\n<ul>\n<li>\n<div align=\"justify\">Fomentar la iniciativa, la creatividad y la b\u00fasqueda personal de la verdad, de forma que ayuden al alumno a seguir en el futuro con estas mismas inquietudes.<\/div>\n<\/li>\n<li>\n<div align=\"justify\">Ense\u00f1ar a buscar espacios de interioridad y de reflexi\u00f3n que favorezcan una actitud cr\u00edtica y constructiva.<\/div>\n<\/li>\n<li>\n<div align=\"justify\">Integrar coherentemente en la educaci\u00f3n, la fe y la cultura para que el alumno\/a aprenda a vivirlas conjuntamente.<\/div>\n<\/li>\n<li>\n<div align=\"justify\">Posibilitar que los alumnos aprendan por si mismos, favoreciendo el trabajo individual y en grupo, formando as\u00ed personas cooperantes y solidarias.<\/div>\n<\/li>\n<li>\n<div align=\"justify\">Procurar que cada alumno\/a desarrolle al m\u00e1ximo sus capacidades intelectuales, en el respeto a la diversidad,\u00a0 insistiendo de forma esencial en la responsabilidad en el trabajo y la formaci\u00f3n de la voluntad, buscando un equilibrio entre los aspectos te\u00f3rico, manual y t\u00e9cnico.<\/div>\n<\/li>\n<li>\n<div align=\"justify\">Aplicar una metodolog\u00eda abierta y flexible que en cada momento se adapte a las necesidades existentes y que incorpore las innovaciones did\u00e1cticas que mejoran la calidad pedag\u00f3gica.<\/div>\n<\/li>\n<li>\n<div align=\"justify\">Llevar a cabo una\u00a0 educaci\u00f3n personalizada que acompa\u00f1e a cada uno seg\u00fan sus necesidades y que proporcione el ambiente humano que favorezca la maduraci\u00f3n individual.<\/div>\n<\/li>\n<li>\n<div align=\"justify\">Utilizar en nuestra pedagog\u00eda las nuevas tecnolog\u00edas y ense\u00f1ar a usarlas.<\/div>\n<\/li>\n<li>\n<div align=\"justify\">Educar en el tiempo libre, resaltando la cultura, el deporte y el amor a la naturaleza.<\/div>\n<\/li>\n<li>\n<div align=\"justify\">La Comunidad Educativa del Amor Misericordioso a trav\u00e9s de la labor que realiza con sus alumnos, mantiene vivo el mensaje de su Fundadora Madre Esperanza \u201cSer signo de Amor y Misericordia en el mundo\u201d.<\/div>\n<\/li>\n<\/ul>\n<\/div><\/section><\/p><\/div><\/div><!--close column table wrapper. Autoclose: 1 -->\n<\/div><\/div><div class=\"flex_cell no_margin av_one_fourth  avia-builder-el-5  el_after_av_cell_three_fourth  avia-builder-el-last   \"  style='vertical-align:top; padding:30px; background-color:#ffffff; ' ><div class='flex_cell_inner' ><p><div  class='avia-image-container  av-styling-    avia-builder-el-6  el_before_av_image  avia-builder-el-first  avia-align-center '  itemprop=\"image\" itemscope=\"itemscope\" itemtype=\"https:\/\/schema.org\/ImageObject\"  ><div class='avia-image-container-inner'><div class='avia-image-overlay-wrap'><img decoding=\"async\" class='wp-image-532 avia-img-lazy-loading-not-532 avia_image' src=\"http:\/\/www.amormisericordioso.org\/en\/wp-content\/uploads\/2015\/05\/madre1.jpg\" alt='' title='madre1' height=\"339\" width=\"624\"  itemprop=\"thumbnailUrl\" srcset=\"http:\/\/www.amormisericordioso.org\/en\/wp-content\/uploads\/2015\/05\/madre1.jpg 624w, http:\/\/www.amormisericordioso.org\/en\/wp-content\/uploads\/2015\/05\/madre1-300x163.jpg 300w, http:\/\/www.amormisericordioso.org\/en\/wp-content\/uploads\/2015\/05\/madre1-450x244.jpg 450w\" sizes=\"(max-width: 624px) 100vw, 624px\" \/><\/div><\/div><\/div><br \/>\n<div  class='avia-image-container  av-styling-    avia-builder-el-7  el_after_av_image  el_before_av_image  avia-align-center '  itemprop=\"image\" itemscope=\"itemscope\" itemtype=\"https:\/\/schema.org\/ImageObject\"  ><div class='avia-image-container-inner'><div class='avia-image-overlay-wrap'><img decoding=\"async\" class='wp-image-531 avia-img-lazy-loading-not-531 avia_image' src=\"http:\/\/www.amormisericordioso.org\/en\/wp-content\/uploads\/2015\/05\/fammuchos.jpg\" alt='' title='fammuchos' height=\"339\" width=\"624\"  itemprop=\"thumbnailUrl\" srcset=\"http:\/\/www.amormisericordioso.org\/en\/wp-content\/uploads\/2015\/05\/fammuchos.jpg 624w, http:\/\/www.amormisericordioso.org\/en\/wp-content\/uploads\/2015\/05\/fammuchos-300x163.jpg 300w, http:\/\/www.amormisericordioso.org\/en\/wp-content\/uploads\/2015\/05\/fammuchos-450x244.jpg 450w\" sizes=\"(max-width: 624px) 100vw, 624px\" \/><\/div><\/div><\/div><br \/>\n<div  class='avia-image-container  av-styling-    avia-builder-el-8  el_after_av_image  el_before_av_hr  avia-align-center '  itemprop=\"image\" itemscope=\"itemscope\" itemtype=\"https:\/\/schema.org\/ImageObject\"  ><div class='avia-image-container-inner'><div class='avia-image-overlay-wrap'><img decoding=\"async\" class='wp-image-530 avia-img-lazy-loading-not-530 avia_image' src=\"http:\/\/www.amormisericordioso.org\/en\/wp-content\/uploads\/2015\/05\/Mapa-en-el-Mundo-FAM-TODO-POR-AMOR-EN-EL-MUNDO.jpg\" alt='' title='Mapa-en-el-Mundo-FAM-TODO-POR-AMOR-EN-EL-MUNDO' height=\"339\" width=\"618\"  itemprop=\"thumbnailUrl\" srcset=\"http:\/\/www.amormisericordioso.org\/en\/wp-content\/uploads\/2015\/05\/Mapa-en-el-Mundo-FAM-TODO-POR-AMOR-EN-EL-MUNDO.jpg 618w, http:\/\/www.amormisericordioso.org\/en\/wp-content\/uploads\/2015\/05\/Mapa-en-el-Mundo-FAM-TODO-POR-AMOR-EN-EL-MUNDO-300x165.jpg 300w\" sizes=\"(max-width: 618px) 100vw, 618px\" \/><\/div><\/div><\/div><br \/>\n<div   class='hr hr-default   avia-builder-el-9  el_after_av_image  el_before_av_heading '><span class='hr-inner ' ><span class='hr-inner-style'><\/span><\/span><\/div><br \/>\n<div  style='padding-bottom:10px; ' class='av-special-heading av-special-heading-h3  blockquote modern-quote  avia-builder-el-10  el_after_av_hr  el_before_av_magazine  '><h3 class='av-special-heading-tag '  itemprop=\"headline\"  >\u00daltimas noticias<\/h3><div class='special-heading-border'><div class='special-heading-inner-border' ><\/div><\/div><\/div><br \/>\n<div  id=\"1\"  class='av-magazine   avia-builder-el-11  el_after_av_heading  el_before_av_image   av-magazine-top-bar-active av-magazine-tabs-active' ><div class='av-magazine-top-bar ' ><\/div><div class='av-magazine-group sort_all'><article class='av-magazine-entry av-magazine-entry-id-2930 av-magazine-format-standard av-magazine-type-post av-magazine-entry-1 av-magazine-entry-small '  itemscope=\"itemscope\" itemtype=\"https:\/\/schema.org\/CreativeWork\" ><div class='av-magazine-thumbnail'><a href='http:\/\/www.amormisericordioso.org\/en\/come-and-see\/' title='Link to: Come and see!' class='iconfont av-magazine-entry-icon' aria-hidden='true' data-av_icon='\ue836' data-av_iconfont='entypo-fontello'><\/a><\/div><div class='av-magazine-content-wrap'><header class='entry-content-header'><time class='av-magazine-time updated'  itemprop=\"datePublished\" datetime=\"2026-05-14T18:19:49-06:00\" >14 May, 2026<\/time><h3 class='av-magazine-title entry-title '  itemprop=\"headline\" ><a href='http:\/\/www.amormisericordioso.org\/en\/come-and-see\/' title='Link to: Come and see!'>Come and see!<\/a><\/h3><\/header><\/div><footer class='entry-footer'><\/footer><\/article><article class='av-magazine-entry av-magazine-entry-id-2921 av-magazine-format-standard av-magazine-type-post av-magazine-entry-2 av-magazine-entry-small '  itemscope=\"itemscope\" itemtype=\"https:\/\/schema.org\/CreativeWork\" ><div class='av-magazine-thumbnail'><a href='http:\/\/www.amormisericordioso.org\/en\/renewal-of-vows-fam\/' title='Link to: Renewal of Vows FAM Philippines' class='iconfont av-magazine-entry-icon' aria-hidden='true' data-av_icon='\ue836' data-av_iconfont='entypo-fontello'><\/a><\/div><div class='av-magazine-content-wrap'><header class='entry-content-header'><time class='av-magazine-time updated'  itemprop=\"datePublished\" datetime=\"2026-05-14T09:43:03-06:00\" >14 May, 2026<\/time><h3 class='av-magazine-title entry-title '  itemprop=\"headline\" ><a href='http:\/\/www.amormisericordioso.org\/en\/renewal-of-vows-fam\/' title='Link to: Renewal of Vows FAM Philippines'>Renewal of Vows FAM Philippines<\/a><\/h3><\/header><\/div><footer class='entry-footer'><\/footer><\/article><article class='av-magazine-entry av-magazine-entry-id-2915 av-magazine-format-standard av-magazine-type-post av-magazine-entry-3 av-magazine-entry-small '  itemscope=\"itemscope\" itemtype=\"https:\/\/schema.org\/CreativeWork\" ><div class='av-magazine-thumbnail'><a href='http:\/\/www.amormisericordioso.org\/en\/philippines-new-aspirantes-2026\/' title='Link to: Philippines new Aspirantes 2026.' class='iconfont av-magazine-entry-icon' aria-hidden='true' data-av_icon='\ue836' data-av_iconfont='entypo-fontello'><\/a><\/div><div class='av-magazine-content-wrap'><header class='entry-content-header'><time class='av-magazine-time updated'  itemprop=\"datePublished\" datetime=\"2026-05-14T09:31:32-06:00\" >14 May, 2026<\/time><h3 class='av-magazine-title entry-title '  itemprop=\"headline\" ><a href='http:\/\/www.amormisericordioso.org\/en\/philippines-new-aspirantes-2026\/' title='Link to: Philippines new Aspirantes 2026.'>Philippines new Aspirantes 2026.<\/a><\/h3><\/header><\/div><footer class='entry-footer'><\/footer><\/article><article class='av-magazine-entry av-magazine-entry-id-2911 av-magazine-format-standard av-magazine-type-post av-magazine-entry-4 av-magazine-entry-small '  itemscope=\"itemscope\" itemtype=\"https:\/\/schema.org\/CreativeWork\" ><div class='av-magazine-thumbnail'><a href='http:\/\/www.amormisericordioso.org\/en\/2911-2\/' title='Link to: San Joseph the protector of Our Religious Family' class='iconfont av-magazine-entry-icon' aria-hidden='true' data-av_icon='\ue836' data-av_iconfont='entypo-fontello'><\/a><\/div><div class='av-magazine-content-wrap'><header class='entry-content-header'><time class='av-magazine-time updated'  itemprop=\"datePublished\" datetime=\"2026-05-14T09:12:39-06:00\" >14 May, 2026<\/time><h3 class='av-magazine-title entry-title '  itemprop=\"headline\" ><a href='http:\/\/www.amormisericordioso.org\/en\/2911-2\/' title='Link to: San Joseph the protector of Our Religious Family'>San Joseph the protector of Our Religious Family<\/a><\/h3><\/header><\/div><footer class='entry-footer'><\/footer><\/article><article class='av-magazine-entry av-magazine-entry-id-2908 av-magazine-format-standard av-magazine-type-post av-magazine-entry-5 av-magazine-entry-small '  itemscope=\"itemscope\" itemtype=\"https:\/\/schema.org\/CreativeWork\" ><div class='av-magazine-thumbnail'><a href='http:\/\/www.amormisericordioso.org\/en\/2908-2\/' title='Link to: Patron for our Charitable Works' class='iconfont av-magazine-entry-icon' aria-hidden='true' data-av_icon='\ue836' data-av_iconfont='entypo-fontello'><\/a><\/div><div class='av-magazine-content-wrap'><header class='entry-content-header'><time class='av-magazine-time updated'  itemprop=\"datePublished\" datetime=\"2026-05-14T09:09:50-06:00\" >14 May, 2026<\/time><h3 class='av-magazine-title entry-title '  itemprop=\"headline\" ><a href='http:\/\/www.amormisericordioso.org\/en\/2908-2\/' title='Link to: Patron for our Charitable Works'>Patron for our Charitable Works<\/a><\/h3><\/header><\/div><footer class='entry-footer'><\/footer><\/article><\/div><\/div><br \/>\n<div  class='avia-image-container  av-styling-    avia-builder-el-12  el_after_av_magazine  avia-builder-el-last  avia-align-center '  itemprop=\"image\" itemscope=\"itemscope\" itemtype=\"https:\/\/schema.org\/ImageObject\"  ><div class='avia-image-container-inner'><div class='avia-image-overlay-wrap'><img decoding=\"async\" class='wp-image-596 avia-img-lazy-loading-not-596 avia_image' src=\"http:\/\/www.amormisericordioso.org\/en\/wp-content\/uploads\/2015\/05\/banner-galeria-secciones.png\" alt='' title='banner-galeria-secciones' height=\"634\" width=\"646\"  itemprop=\"thumbnailUrl\" srcset=\"http:\/\/www.amormisericordioso.org\/en\/wp-content\/uploads\/2015\/05\/banner-galeria-secciones.png 646w, http:\/\/www.amormisericordioso.org\/en\/wp-content\/uploads\/2015\/05\/banner-galeria-secciones-300x294.png 300w, http:\/\/www.amormisericordioso.org\/en\/wp-content\/uploads\/2015\/05\/banner-galeria-secciones-80x80.png 80w, http:\/\/www.amormisericordioso.org\/en\/wp-content\/uploads\/2015\/05\/banner-galeria-secciones-36x36.png 36w\" sizes=\"(max-width: 646px) 100vw, 646px\" \/><\/div><\/div><\/div><\/p>\n<\/div><\/div><\/div>\n","protected":false},"excerpt":{"rendered":"","protected":false},"author":1,"featured_media":0,"parent":0,"menu_order":0,"comment_status":"closed","ping_status":"closed","template":"","meta":{"_bbp_topic_count":0,"_bbp_reply_count":0,"_bbp_total_topic_count":0,"_bbp_total_reply_count":0,"_bbp_voice_count":0,"_bbp_anonymous_reply_count":0,"_bbp_topic_count_hidden":0,"_bbp_reply_count_hidden":0,"_bbp_forum_subforum_count":0,"_monsterinsights_skip_tracking":false,"_monsterinsights_sitenote_active":false,"_monsterinsights_sitenote_note":"","_monsterinsights_sitenote_category":0,"footnotes":""},"class_list":["post-1127","page","type-page","status-publish","hentry"],"_links":{"self":[{"href":"http:\/\/www.amormisericordioso.org\/en\/wp-json\/wp\/v2\/pages\/1127","targetHints":{"allow":["GET"]}}],"collection":[{"href":"http:\/\/www.amormisericordioso.org\/en\/wp-json\/wp\/v2\/pages"}],"about":[{"href":"http:\/\/www.amormisericordioso.org\/en\/wp-json\/wp\/v2\/types\/page"}],"author":[{"embeddable":true,"href":"http:\/\/www.amormisericordioso.org\/en\/wp-json\/wp\/v2\/users\/1"}],"replies":[{"embeddable":true,"href":"http:\/\/www.amormisericordioso.org\/en\/wp-json\/wp\/v2\/comments?post=1127"}],"version-history":[{"count":0,"href":"http:\/\/www.amormisericordioso.org\/en\/wp-json\/wp\/v2\/pages\/1127\/revisions"}],"wp:attachment":[{"href":"http:\/\/www.amormisericordioso.org\/en\/wp-json\/wp\/v2\/media?parent=1127"}],"curies":[{"name":"wp","href":"https:\/\/api.w.org\/{rel}","templated":true}]}}