{"id":965,"date":"2016-06-16T07:24:02","date_gmt":"2016-06-16T13:24:02","guid":{"rendered":"http:\/\/gananegocio.com\/fam\/?page_id=965"},"modified":"2018-05-04T22:07:59","modified_gmt":"2018-05-05T04:07:59","slug":"basilika","status":"publish","type":"page","link":"http:\/\/www.amormisericordioso.org\/de\/wallfahrtskirche-in-collevalenza\/basilika\/","title":{"rendered":"Basilika"},"content":{"rendered":"<div id='av-layout-grid-1'  class='av-layout-grid-container entry-content-wrapper main_color av-flex-cells     avia-builder-el-0  avia-builder-el-no-sibling  container_wrap sidebar_right' style=' '  >\n<div class=\"flex_cell no_margin av_three_fourth  avia-builder-el-1  el_before_av_cell_one_fourth  avia-builder-el-first   \"  style='vertical-align:top; padding:30px; background-color:#ffffff; ' ><div class='flex_cell_inner' ><div class='flex_column_table av-equal-height-column-flextable -flextable' style='margin-top:-60px; margin-bottom:0px; '><div class=\"flex_column av_one_full  no_margin flex_column_table_cell av-equal-height-column av-align-top first  avia-builder-el-2  avia-builder-el-no-sibling  \" style='padding:30px; background-color:#ffffff; border-radius:0px; '><p><div  class='avia-image-container  av-styling-    avia-builder-el-3  el_before_av_heading  avia-builder-el-first  avia-align-center '  itemprop=\"image\" itemscope=\"itemscope\" itemtype=\"https:\/\/schema.org\/ImageObject\"  ><div class='avia-image-container-inner'><div class='avia-image-overlay-wrap'><img class='wp-image-2562 avia-img-lazy-loading-not-2562 avia_image' src='http:\/\/www.amormisericordioso.org\/de\/wp-content\/uploads\/2018\/05\/b-2-basilica-original.jpg' alt='' title='b-2-basilica-original' height=\"339\" width=\"624\"  itemprop=\"thumbnailUrl\"  \/><\/div><\/div><\/div><br \/>\n<div  style='padding-bottom:0px; ' class='av-special-heading av-special-heading-h1  blockquote modern-quote  avia-builder-el-4  el_after_av_image  el_before_av_textblock  '><h1 class='av-special-heading-tag '  itemprop=\"headline\"  >Basilika<\/h1><div class='special-heading-border'><div class='special-heading-inner-border' ><\/div><\/div><\/div><br \/>\n<section class=\"av_textblock_section \"  itemscope=\"itemscope\" itemtype=\"https:\/\/schema.org\/CreativeWork\" ><div class='avia_textblock  '  style='font-size:18px; '  itemprop=\"text\" ><p align=\"justify\"><a href=\"http:\/\/www.amormisericordioso.org\/ws\/images\/articles\/30\/Santuario%20de%20Collevalenza.jpg\"><img loading=\"lazy\" decoding=\"async\" class=\"alignleft\" src=\"http:\/\/www.amormisericordioso.org\/ws\/images\/articles\/30\/Santuario%20de%20Collevalenza.jpg\" alt=\"\" width=\"307\" height=\"200\" align=\"left\" border=\"0\" hspace=\"5\" vspace=\"5\" \/><\/a>Im Jahr 1962 wurde der spanische Architekt Julio Lafuente\u00a0 beauftragt, eine moderne und zugleich traditionelle Kirche zu entwerfen, einen echten <b>architektonischen Hymnus auf die Barmherzige Liebe Gottes<\/b>.<\/p>\n<p align=\"justify\">Nach dreij\u00e4hriger Arbeit wurde das Gotteshaus vom Bischof von Todi und von Kardinal Alfredo Ottaviani geweiht, unter dem Beisein von 60 Bisch\u00f6fen unterschiedlicher Nationalit\u00e4t.<\/p>\n<p align=\"justify\"><b><em><a href=\"http:\/\/www.amormisericordioso.org\/ws\/images\/articles\/30\/La%20luz%20entra%20al%20Santuario.jpg\"><img loading=\"lazy\" decoding=\"async\" class=\"alignright\" src=\"http:\/\/www.amormisericordioso.org\/ws\/images\/articles\/30\/La%20luz%20entra%20al%20Santuario.jpg\" alt=\"\" width=\"217\" height=\"276\" align=\"right\" border=\"0\" hspace=\"5\" vspace=\"5\" \/><\/a><\/em><\/b><b>Das Vordach<\/b> am Eingang, gebildet aus einer niedrigen und dicken Platte aus Zement zwingt den Pilger die Begrenztheit und Hinf\u00e4lligkeit des menschlichen Daseins zu erkennen.<\/p>\n<p align=\"justify\"><b>Der Innenraum<\/b> hingegen ist weit, lichterf\u00fcllt und bewegt und l\u00e4sst die Gr\u00f6\u00dfe der Liebe und der Vergebung Gottes erfahren.<\/p>\n<p align=\"justify\"><b>Das Licht<\/b> ist eines der grundlegenden Elemente dieses Geb\u00e4udes, sowie eines der wertvollsten Materialien. Es dringt nicht durch gew\u00f6hnliche Fenster ein, sondern aus zahlreichen und verschiedenen Quellen und Richtungen: die runden \u00d6ffnungen an der Vorderseite, die \u00d6ffnungen in Form eines Kreuzes im Dach, der Kegel der Kuppel, die \u201eBullaugen\u201c, der Zylinder und die Wandfenster.<\/p>\n<p align=\"justify\"><a href=\"http:\/\/www.amormisericordioso.org\/ws\/images\/articles\/30\/Organo.jpg\"><img loading=\"lazy\" decoding=\"async\" class=\"alignleft\" src=\"http:\/\/www.amormisericordioso.org\/ws\/images\/articles\/30\/Organo.jpg\" alt=\"\" width=\"203\" height=\"258\" align=\"left\" border=\"0\" hspace=\"5\" vspace=\"5\" \/><\/a>Im Zentrum, auf rotem Fu\u00dfboden, erheben sich in wei\u00dfem Marmor der Altar, der Ambo und der Tabernakel; <b>\u00fcber ihnen eine riesige Krone aus Kupfer<\/b>, die sie umgibt und so den heiligsten Teil der Kirche hervorhebt.<\/p>\n<p align=\"justify\">Um die Wunder der Barmherzigen Liebe zu besingen befindet sich rechts hinter dem Altar eine gro\u00dfe <b>Orgel der Firma Tamburrini<\/b>, die dem Altar ein B\u00fcndel gl\u00e4nzender, kupferner Pfeifen entgegenstreckt.<\/p>\n<p align=\"justify\">Die Basilika ist einzigartig auch aufgrund ihrer Mauern, die aus enormen Zylindern bestehen, in deren Innerem <b>zahlreiche Kapellen<\/b> Platz finden.<\/p>\n<p align=\"justify\"><a href=\"http:\/\/www.amormisericordioso.org\/ws\/images\/articles\/30\/Teresita%20del%20nino%20Jesus.jpg\"><img loading=\"lazy\" decoding=\"async\" class=\"alignright\" src=\"http:\/\/www.amormisericordioso.org\/ws\/images\/articles\/30\/Teresita%20del%20nino%20Jesus.jpg\" alt=\"\" width=\"207\" height=\"305\" align=\"right\" border=\"0\" hspace=\"5\" vspace=\"5\" \/><\/a>Die Kapelle neben dem Tabernakel ist der <b>Hl. Theresia vom Kinde Jesu<\/b> geweiht, der Apostolin der Barmherzigen Liebe. Sie erschien Mutter Speranza als diese noch ein Kind war und sagte zu ihr: <i>Ich komme im Auftrag Gottes um dir zu sagen, dass du dort weitermachen sollst, wo ich begonnen habe\u2026\u201c<\/i><\/p>\n<p align=\"justify\">In der darauf folgenden Kapelle in Richtung Ausgang befindet sich das Bild von<b> Maria Mittlerin<\/b>, mit einer Lilie auf der Brust, in der die Eucharistie erbl\u00fcht. Mit offenen Armen steht sie da, die Barmherzigkeit ihres g\u00f6ttlichen Sohnes erflehend. In den Himmel aufgenommen h\u00f6rt sie nicht auf, uns mit m\u00fctterlicher Z\u00e4rtlichkeit das ewige Heil zu erlangen. Diese Bild ist ein Werk des italienischen Malers Elis Romagnoli.<\/p>\n<p align=\"justify\">Die Statue des <b>Jesuskindes<\/b>, die in der n\u00e4chsten Kapelle aufgestellt ist, erinnert uns daran, dass der Herr uns noch vor dem Kreuz seine Liebe in der Inkarnation bewiesen hat, da er unsere menschliche Natur in der Demut der Krippe angenommen hat.<\/p>\n<p align=\"justify\"><a href=\"http:\/\/www.amormisericordioso.org\/ws\/images\/articles\/30\/Pagina57a.jpg\"><img loading=\"lazy\" decoding=\"async\" class=\"alignleft\" src=\"http:\/\/www.amormisericordioso.org\/ws\/images\/articles\/30\/Pagina57a.jpg\" alt=\"\" width=\"210\" height=\"283\" align=\"left\" border=\"0\" hspace=\"5\" vspace=\"5\" \/><\/a>Die letzte Kapelle auf dieser Seite, am Ende der Kirche, ist den <b>armen Seelen<\/b> geweiht. Die leeren Nischen im Altarstein erinnern uns daran, dass die Barmherzigkeit Gottes will, dass unser Leib am Ende der Zeiten auferstehe kraft der Auferstehung Jesu, des Einzigen, der den Tod besiegen konnte.<\/p>\n<p align=\"justify\">Im Inneren des ersten Zylinders, am Eingang links, befindet ich ein <b>Aufzug<\/b>, de die Krypta mit der dar\u00fcber liegenden Basilika verbindet.<\/p>\n<p align=\"justify\"><a href=\"http:\/\/www.amormisericordioso.org\/ws\/images\/articles\/30\/Capilla%20del%20perdon.jpg\"><img loading=\"lazy\" decoding=\"async\" class=\"alignright\" src=\"http:\/\/www.amormisericordioso.org\/ws\/images\/articles\/30\/Capilla%20del%20perdon.jpg\" alt=\"\" width=\"213\" height=\"270\" align=\"right\" border=\"0\" hspace=\"5\" vspace=\"5\" \/><\/a>In einer weiteren Kapelle zeigt eine Reihe von Bildern die <b>wichtigsten Momente des Lebens des Herrn<\/b>. Sie sind in Form eines Kreuzes angeordnet, was bedeuten soll, dass die gesamte irdische Existenz Christi ein Akt aufopfernder Liebe um unseres Heiles willen war. \u201eEr hat den, der keine S\u00fcnde kannte, f\u00fcr uns zur S\u00fcnde gemacht, damit wir in ihm Gerechtigkeit Gottes w\u00fcrden.\u201d Es ist ein Werk des spanischen Malers Mariano Villalta, ebenso das Fensterbild des Kreuzes am Eingang der Basilika.<\/p>\n<p align=\"justify\">In der folgenden Kapelle befinden sich die <b>Beichtst\u00fchle, im Kreis angeordnet<\/b>. \u00dcber ihnen h\u00e4ngt ein gro\u00dfes Holzkreuz. Diese Kapelle erinnert daran, dass jeder Mensch im Sakrament der Vers\u00f6hnung die barmherzige Liebe Gottes erfahren kann, die gr\u00f6\u00dfer ist als jede S\u00fcnde.<\/p>\n<p align=\"justify\"><a href=\"http:\/\/www.amormisericordioso.org\/ws\/images\/articles\/30\/La%20Virgen%20del%20Pilar.jpg\"><img loading=\"lazy\" decoding=\"async\" class=\"alignleft\" src=\"http:\/\/www.amormisericordioso.org\/ws\/images\/articles\/30\/La%20Virgen%20del%20Pilar.jpg\" alt=\"\" width=\"267\" height=\"204\" align=\"left\" border=\"0\" hspace=\"5\" vspace=\"5\" \/><\/a>An der Wand der folgenden Kapelle sieht man vier Bilder, Werk des italienischen Malers Longaretti. Sie stellen den <b>barmherzigen Jesus<\/b> dar, <b>den das menschliche Leid bewegt<\/b>: er erweckt den Sohn der Witwe von Naim und die Tochter des Jairus; er heilt die\u00a0 Auss\u00e4tzigen und den Gel\u00e4hmten. Nur das Evangelium kann uns eine Idee der Barmherzigkeit Jesu w\u00e4hrend seines irdischen Lebens geben\u2026 er ging umher, tat Gutes und heilte jede Krankheit.<\/p>\n<p align=\"justify\"><a href=\"http:\/\/www.amormisericordioso.org\/ws\/images\/articles\/30\/Presbiterio%20del%20Santuario.jpg\"><img loading=\"lazy\" decoding=\"async\" class=\"alignright\" src=\"http:\/\/www.amormisericordioso.org\/ws\/images\/articles\/30\/Presbiterio%20del%20Santuario.jpg\" alt=\"\" width=\"270\" height=\"216\" align=\"right\" border=\"0\" hspace=\"5\" vspace=\"5\" \/><\/a>Die <b>hl. Jungfrau vom Pilar<\/b>, die in Spanien verehrt wird, ist in der vorletzten Kapelle aufgestellt. Sie erinnert an die Erscheinung der Gottesmutter an den Apostel Jakobus, der bei seinem Missionswerk entmutigt war. Gott bedient sich Mariens, um die Menschen auf den Weg des Heiles zu f\u00fchren.<\/p>\n<p align=\"justify\">In der letzten Kapelle hat der spanische K\u00fcnstler Vaquero Turcios auf einem Wandteppich die Gestalten des <b>Hl. Petrus<\/b> und des <b>Hl. Paulus<\/b> dargestellt. Das Bild der beiden Apostel als zwei gro\u00dfe S\u00e4ulen l\u00e4sst an die Kraft der Barmherzigkeit Gottes denken, die die Menschen von S\u00fcndern zu Heiligen herausragender geistiger Gr\u00f6\u00dfe machen kann.<\/p>\n<p align=\"justify\">Der Kirche wurde von Papst <b>Johannes Paul II, der sie am 22 <\/b><b>November 1981<\/b> besuchte, der Titel Basilika verliehen. An diesem Tag, einem Christk\u00f6nigsfest, w\u00e4hlte der Papst dieses Heiligtum, um die Botschaft seiner Enzyklika \u201eDives in MIsericordia\u201c zu best\u00e4tigen, die er ein Jahr zuvor ver\u00f6ffentlicht hatte.<\/p>\n<\/div><\/section><\/p><\/div><\/div><!--close column table wrapper. Autoclose: 1 -->\n<\/div><\/div><div class=\"flex_cell no_margin av_one_fourth  avia-builder-el-6  el_after_av_cell_three_fourth  avia-builder-el-last   \"  style='vertical-align:top; padding:30px; background-color:#ffffff; ' ><div class='flex_cell_inner' ><p><div class=\"flex_column av_one_full  flex_column_div av-zero-column-padding first  avia-builder-el-7  el_before_av_hr  avia-builder-el-first  \" style='border-radius:0px; '><p><div  class='avia-image-container  av-styling-    avia-builder-el-8  el_before_av_image  avia-builder-el-first  avia-align-center '  itemprop=\"image\" itemscope=\"itemscope\" itemtype=\"https:\/\/schema.org\/ImageObject\"  ><div class='avia-image-container-inner'><div class='avia-image-overlay-wrap'><a href='http:\/\/www.collevalenza.it' class='avia_image' target=\"_blank\" rel=\"noopener\"><img class='wp-image-1662 avia-img-lazy-loading-not-1662 avia_image' src='http:\/\/www.amormisericordioso.org\/de\/wp-content\/uploads\/2015\/05\/Collevalenza02.jpg' alt='' title='collevalenza02'  itemprop=\"thumbnailUrl\"  \/><\/a><\/div><\/div><\/div><br \/>\n<div  class='avia-image-container  av-styling-    avia-builder-el-9  el_after_av_image  el_before_av_image  avia-align-center '  itemprop=\"image\" itemscope=\"itemscope\" itemtype=\"https:\/\/schema.org\/ImageObject\"  ><div class='avia-image-container-inner'><div class='avia-image-overlay-wrap'><a href='http:\/\/www.amormisericordioso.org\/de\/selige-madre-speranza\/' class='avia_image'  ><img class='wp-image-764 avia-img-lazy-loading-not-764 avia_image' src='http:\/\/www.amormisericordioso.org\/de\/wp-content\/uploads\/2015\/10\/9con-los-brazos-abiertos-original.jpg' alt='' title='9con-los-brazos-abiertos-original'  itemprop=\"thumbnailUrl\"  \/><\/a><\/div><\/div><\/div><br \/>\n<div  class='avia-image-container  av-styling-    avia-builder-el-10  el_after_av_image  avia-builder-el-last  avia-align-center '  itemprop=\"image\" itemscope=\"itemscope\" itemtype=\"https:\/\/schema.org\/ImageObject\"  ><div class='avia-image-container-inner'><div class='avia-image-overlay-wrap'><a href='http:\/\/www.amormisericordioso.org\/de\/familie-der-barmherzigen-liebe\/lage-in-der-welt\/' class='avia_image'  ><img class='wp-image-530 avia-img-lazy-loading-not-530 avia_image' src='http:\/\/www.amormisericordioso.org\/de\/wp-content\/uploads\/2015\/05\/Mapa-en-el-Mundo-FAM-aleman.jpg' alt='' title='Mapa-en-el-Mundo-FAM-aleman'  itemprop=\"thumbnailUrl\"  \/><\/a><\/div><\/div><\/div><\/p><\/div><div   class='hr hr-default   avia-builder-el-11  el_after_av_one_full  el_before_av_heading '><span class='hr-inner ' ><span class='hr-inner-style'><\/span><\/span><\/div><br \/>\n<div  style='padding-bottom:10px; ' class='av-special-heading av-special-heading-h3  blockquote modern-quote  avia-builder-el-12  el_after_av_hr  el_before_av_magazine  '><h3 class='av-special-heading-tag '  itemprop=\"headline\"  >\u00daltimas noticias<\/h3><div class='special-heading-border'><div class='special-heading-inner-border' ><\/div><\/div><\/div><br \/>\n<div  id=\"1\"  class='av-magazine   avia-builder-el-13  el_after_av_heading  el_before_av_image   av-magazine-top-bar-active av-magazine-tabs-active' ><div class='av-magazine-top-bar ' ><\/div><div class='av-magazine-group sort_all'><article class='av-magazine-entry av-magazine-entry-id-2661 av-magazine-format-standard av-magazine-type-post av-magazine-entry-1 av-magazine-entry-small '  itemscope=\"itemscope\" itemtype=\"https:\/\/schema.org\/CreativeWork\" ><div class='av-magazine-thumbnail'><a href='http:\/\/www.amormisericordioso.org\/de\/jesus-christus-der-retter-ist-geboren\/' title='Link to: Jesus Christus, der Retter, ist geboren' class='av-magazine-thumbnail-link '><img loading=\"lazy\" decoding=\"async\" width=\"80\" height=\"80\" src=\"http:\/\/www.amormisericordioso.org\/de\/wp-content\/uploads\/2021\/12\/R-9-80x80.jpg\" class=\"wp-image-2662 avia-img-lazy-loading-2662 attachment-thumbnail size-thumbnail wp-post-image\" alt=\"\" srcset=\"http:\/\/www.amormisericordioso.org\/de\/wp-content\/uploads\/2021\/12\/R-9-80x80.jpg 80w, http:\/\/www.amormisericordioso.org\/de\/wp-content\/uploads\/2021\/12\/R-9-36x36.jpg 36w, http:\/\/www.amormisericordioso.org\/de\/wp-content\/uploads\/2021\/12\/R-9-180x180.jpg 180w\" sizes=\"auto, (max-width: 80px) 100vw, 80px\" \/><\/a><\/div><div class='av-magazine-content-wrap'><header class='entry-content-header'><time class='av-magazine-time updated'  itemprop=\"datePublished\" datetime=\"2021-12-25T10:00:38-06:00\" >25 diciembre, 2021<\/time><h3 class='av-magazine-title entry-title '  itemprop=\"headline\" ><a href='http:\/\/www.amormisericordioso.org\/de\/jesus-christus-der-retter-ist-geboren\/' title='Link to: Jesus Christus, der Retter, ist geboren'>Jesus Christus, der Retter, ist geboren<\/a><\/h3><\/header><\/div><footer class='entry-footer'><\/footer><\/article><article class='av-magazine-entry av-magazine-entry-id-2656 av-magazine-format-standard av-magazine-type-post av-magazine-entry-2 av-magazine-entry-small '  itemscope=\"itemscope\" itemtype=\"https:\/\/schema.org\/CreativeWork\" ><div class='av-magazine-thumbnail'><a href='http:\/\/www.amormisericordioso.org\/de\/21-11-2021-das-christkonigsfest\/' title='Link to: 21\/11\/2021: Das Christk\u00f6nigsfest' class='av-magazine-thumbnail-link '><img loading=\"lazy\" decoding=\"async\" width=\"80\" height=\"80\" src=\"http:\/\/www.amormisericordioso.org\/de\/wp-content\/uploads\/2021\/11\/23795673_10210564688693706_4898416747190409627_n-80x80.jpg\" class=\"wp-image-2658 avia-img-lazy-loading-2658 attachment-thumbnail size-thumbnail wp-post-image\" alt=\"\" srcset=\"http:\/\/www.amormisericordioso.org\/de\/wp-content\/uploads\/2021\/11\/23795673_10210564688693706_4898416747190409627_n-80x80.jpg 80w, http:\/\/www.amormisericordioso.org\/de\/wp-content\/uploads\/2021\/11\/23795673_10210564688693706_4898416747190409627_n-36x36.jpg 36w, http:\/\/www.amormisericordioso.org\/de\/wp-content\/uploads\/2021\/11\/23795673_10210564688693706_4898416747190409627_n-180x180.jpg 180w\" sizes=\"auto, (max-width: 80px) 100vw, 80px\" \/><\/a><\/div><div class='av-magazine-content-wrap'><header class='entry-content-header'><time class='av-magazine-time updated'  itemprop=\"datePublished\" datetime=\"2021-11-21T06:00:29-06:00\" >21 noviembre, 2021<\/time><h3 class='av-magazine-title entry-title '  itemprop=\"headline\" ><a href='http:\/\/www.amormisericordioso.org\/de\/21-11-2021-das-christkonigsfest\/' title='Link to: 21\/11\/2021: Das Christk\u00f6nigsfest'>21\/11\/2021: Das Christk\u00f6nigsfest<\/a><\/h3><\/header><\/div><footer class='entry-footer'><\/footer><\/article><article class='av-magazine-entry av-magazine-entry-id-2651 av-magazine-format-standard av-magazine-type-post av-magazine-entry-3 av-magazine-entry-small '  itemscope=\"itemscope\" itemtype=\"https:\/\/schema.org\/CreativeWork\" ><div class='av-magazine-thumbnail'><a href='http:\/\/www.amormisericordioso.org\/de\/webinar-ce-s-a-m\/' title='Link to: Webinar Ce.S.A.M.' class='av-magazine-thumbnail-link '><img loading=\"lazy\" decoding=\"async\" width=\"80\" height=\"80\" src=\"http:\/\/www.amormisericordioso.org\/de\/wp-content\/uploads\/2021\/03\/IMMAGINE-0-80x80.jpg\" class=\"wp-image-2652 avia-img-lazy-loading-2652 attachment-thumbnail size-thumbnail wp-post-image\" alt=\"\" srcset=\"http:\/\/www.amormisericordioso.org\/de\/wp-content\/uploads\/2021\/03\/IMMAGINE-0-80x80.jpg 80w, http:\/\/www.amormisericordioso.org\/de\/wp-content\/uploads\/2021\/03\/IMMAGINE-0-36x36.jpg 36w, http:\/\/www.amormisericordioso.org\/de\/wp-content\/uploads\/2021\/03\/IMMAGINE-0-180x180.jpg 180w\" sizes=\"auto, (max-width: 80px) 100vw, 80px\" \/><\/a><\/div><div class='av-magazine-content-wrap'><header class='entry-content-header'><time class='av-magazine-time updated'  itemprop=\"datePublished\" datetime=\"2021-03-18T02:22:51-06:00\" >18 marzo, 2021<\/time><h3 class='av-magazine-title entry-title '  itemprop=\"headline\" ><a href='http:\/\/www.amormisericordioso.org\/de\/webinar-ce-s-a-m\/' title='Link to: Webinar Ce.S.A.M.'>Webinar Ce.S.A.M.<\/a><\/h3><\/header><\/div><footer class='entry-footer'><\/footer><\/article><article class='av-magazine-entry av-magazine-entry-id-2647 av-magazine-format-standard av-magazine-type-post av-magazine-entry-4 av-magazine-entry-small '  itemscope=\"itemscope\" itemtype=\"https:\/\/schema.org\/CreativeWork\" ><div class='av-magazine-thumbnail'><a href='http:\/\/www.amormisericordioso.org\/de\/madre-speranza-in-der-welt\/' title='Link to: Madre Speranza in der Welt' class='av-magazine-thumbnail-link '><img loading=\"lazy\" decoding=\"async\" width=\"80\" height=\"80\" src=\"http:\/\/www.amormisericordioso.org\/de\/wp-content\/uploads\/2021\/02\/cover-80x80.jpg\" class=\"wp-image-2648 avia-img-lazy-loading-2648 attachment-thumbnail size-thumbnail wp-post-image\" alt=\"\" srcset=\"http:\/\/www.amormisericordioso.org\/de\/wp-content\/uploads\/2021\/02\/cover-80x80.jpg 80w, http:\/\/www.amormisericordioso.org\/de\/wp-content\/uploads\/2021\/02\/cover-36x36.jpg 36w, http:\/\/www.amormisericordioso.org\/de\/wp-content\/uploads\/2021\/02\/cover-180x180.jpg 180w\" sizes=\"auto, (max-width: 80px) 100vw, 80px\" \/><\/a><\/div><div class='av-magazine-content-wrap'><header class='entry-content-header'><time class='av-magazine-time updated'  itemprop=\"datePublished\" datetime=\"2021-02-25T03:48:11-06:00\" >25 febrero, 2021<\/time><h3 class='av-magazine-title entry-title '  itemprop=\"headline\" ><a href='http:\/\/www.amormisericordioso.org\/de\/madre-speranza-in-der-welt\/' title='Link to: Madre Speranza in der Welt'>Madre Speranza in der Welt<\/a><\/h3><\/header><\/div><footer class='entry-footer'><\/footer><\/article><\/div><\/div><br \/>\n<div  class='avia-image-container  av-styling-    avia-builder-el-14  el_after_av_magazine  avia-builder-el-last  avia-align-center '  itemprop=\"image\" itemscope=\"itemscope\" itemtype=\"https:\/\/schema.org\/ImageObject\"  ><div class='avia-image-container-inner'><div class='avia-image-overlay-wrap'><a href='http:\/\/www.amormisericordioso.org\/de\/multimedia\/' class='avia_image'  ><img class='wp-image-596 avia-img-lazy-loading-not-596 avia_image' src='http:\/\/www.amormisericordioso.org\/de\/wp-content\/uploads\/2015\/05\/banner-galeria-secciones.png' alt='' title='banner-galeria-secciones'  itemprop=\"thumbnailUrl\"  \/><\/a><\/div><\/div><\/div><\/p>\n<\/div><\/div><\/div>\n","protected":false},"excerpt":{"rendered":"","protected":false},"author":1,"featured_media":944,"parent":380,"menu_order":0,"comment_status":"closed","ping_status":"closed","template":"","meta":{"footnotes":""},"class_list":["post-965","page","type-page","status-publish","has-post-thumbnail","hentry"],"_links":{"self":[{"href":"http:\/\/www.amormisericordioso.org\/de\/wp-json\/wp\/v2\/pages\/965","targetHints":{"allow":["GET"]}}],"collection":[{"href":"http:\/\/www.amormisericordioso.org\/de\/wp-json\/wp\/v2\/pages"}],"about":[{"href":"http:\/\/www.amormisericordioso.org\/de\/wp-json\/wp\/v2\/types\/page"}],"author":[{"embeddable":true,"href":"http:\/\/www.amormisericordioso.org\/de\/wp-json\/wp\/v2\/users\/1"}],"replies":[{"embeddable":true,"href":"http:\/\/www.amormisericordioso.org\/de\/wp-json\/wp\/v2\/comments?post=965"}],"version-history":[{"count":2,"href":"http:\/\/www.amormisericordioso.org\/de\/wp-json\/wp\/v2\/pages\/965\/revisions"}],"predecessor-version":[{"id":2563,"href":"http:\/\/www.amormisericordioso.org\/de\/wp-json\/wp\/v2\/pages\/965\/revisions\/2563"}],"up":[{"embeddable":true,"href":"http:\/\/www.amormisericordioso.org\/de\/wp-json\/wp\/v2\/pages\/380"}],"wp:featuredmedia":[{"embeddable":true,"href":"http:\/\/www.amormisericordioso.org\/de\/wp-json\/wp\/v2\/media\/944"}],"wp:attachment":[{"href":"http:\/\/www.amormisericordioso.org\/de\/wp-json\/wp\/v2\/media?parent=965"}],"curies":[{"name":"wp","href":"https:\/\/api.w.org\/{rel}","templated":true}]}}