{"id":780,"date":"2016-04-26T21:56:54","date_gmt":"2016-04-27T03:56:54","guid":{"rendered":"http:\/\/localhost:8888\/amormisericordioso\/?page_id=780"},"modified":"2018-05-04T18:44:03","modified_gmt":"2018-05-05T00:44:03","slug":"die-suche-nach-der-berufung","status":"publish","type":"page","link":"http:\/\/www.amormisericordioso.org\/de\/selige-madre-speranza\/die-suche-nach-der-berufung\/","title":{"rendered":"Die Suche nach der Berufung"},"content":{"rendered":"<div id='av-layout-grid-1'  class='av-layout-grid-container entry-content-wrapper main_color av-flex-cells     avia-builder-el-0  avia-builder-el-no-sibling  container_wrap sidebar_right' style=' '  >\n<div class=\"flex_cell no_margin av_three_fourth  avia-builder-el-1  el_before_av_cell_one_fourth  avia-builder-el-first   \"  style='vertical-align:top; padding:30px; background-color:#ffffff; ' ><div class='flex_cell_inner' ><div class='flex_column_table av-equal-height-column-flextable -flextable' style='margin-top:-60px; margin-bottom:0px; '><div class=\"flex_column av_one_full  no_margin flex_column_table_cell av-equal-height-column av-align-top first  avia-builder-el-2  avia-builder-el-no-sibling  \" style='padding:30px; background-color:#ffffff; border-radius:0px; '><p><div  class='avia-image-container  av-styling-    avia-builder-el-3  el_before_av_heading  avia-builder-el-first  avia-align-center '  itemprop=\"image\" itemscope=\"itemscope\" itemtype=\"https:\/\/schema.org\/ImageObject\"  ><div class='avia-image-container-inner'><div class='avia-image-overlay-wrap'><img class='wp-image-2437 avia-img-lazy-loading-not-2437 avia_image' src='http:\/\/www.amormisericordioso.org\/de\/wp-content\/uploads\/2018\/04\/2-busqueda-vocacional-original.jpg' alt='' title='2-busqueda-vocacional-original' height=\"339\" width=\"624\"  itemprop=\"thumbnailUrl\"  \/><\/div><\/div><\/div><br \/>\n<div  style='padding-bottom:0px; ' class='av-special-heading av-special-heading-h1  blockquote modern-quote  avia-builder-el-4  el_after_av_image  el_before_av_textblock  '><h1 class='av-special-heading-tag '  itemprop=\"headline\"  >Die Suche nach der Berufung<\/h1><div class='special-heading-border'><div class='special-heading-inner-border' ><\/div><\/div><\/div><br \/>\n<section class=\"av_textblock_section \"  itemscope=\"itemscope\" itemtype=\"https:\/\/schema.org\/CreativeWork\" ><div class='avia_textblock  '  style='font-size:18px; '  itemprop=\"text\" ><p align=\"justify\">In der Jugendzeit w\u00e4chst in ihr der Wunsch,\u00a0<b>ihr Leben ganz dem Freund Jesus und den armen und notleidenden Menschen zu widmen, die sie gut kennt.\u00a0<\/b>Im Verlangen, den Willen Gottes f\u00fcr ihr Leben zu erkennen, n\u00e4hert sie sich den Orten des menschlichen Leidens, aber die Entscheidung ist nicht leicht. Sie h\u00e4tte gerne die Kranken gepflegt. Aber in einem Krankenhaus, als sie sich \u00fcber das geringe Interesse wunderte, das die Ordensfrau, die sie begleitete, angesichts eines Sterbenden zeigte, antwortete ihr diese:\u00a0<i>\u201cNur ruhig, dein Herz wird auch noch hart werden.\u201d<\/i>\u00a0Worauf die gute Josefa erwiderte:\u00a0<i>\u201cBevor mein Herz hart wird, gehe ich lieber.\u201d<\/i>\u00a0Und sie ging.<\/p>\n<p align=\"justify\">Mit einundzwanzig Jahren entscheidet sie sich, den Schritt zu tun; sie\u00a0<b>verwirklicht den Traum ihres Lebens: sich Gott im Ordensleben zu weihen.\u00a0<\/b>Am 15. Oktober, dem Fest der hl. Theresia von Avila geht sie von zu Hause fort: \u201c&#8230;. ich ging aus dem Elternhaus weg mit dem gro\u00dfen Wunsch, eine Heilige zu werden und ein bisschen der heiligen Theresia zu \u00e4hnlich zu sein, die vor nichts Angst hatte&#8230; Ich wollte sein wie sie und so verlie\u00df ich das Haus an jenem Tag und lie\u00df meine Mutter zur\u00fcck auf dem Krankenbett, ohne die Hoffnung, sie je wieder zu sehen (Exhor. 15.10.65)<\/p>\n<p align=\"justify\">Sie tritt in Villena (Alicante) in den letzten und armen Konvent der T\u00f6chter des Kalvarienberges ein, der schon am Aussterben ist. Dort\u00a0<b>empf\u00e4ngt sie bei ihrer Ordensprofess den Namen Speranza<\/b>. Die T\u00f6chter der Kalvarienberges schlie\u00dfen sich bald darauf mit dem Institut der Klaretiner-Missionarinnen zusammen, das sich der Lehrt\u00e4tigkeit widmet. Auch Speranza geh\u00f6rt nun diesem Institut an, in dem sie ihre ewige Profess ablegt.<\/p>\n<\/div><\/section><\/p><\/div><\/div><!--close column table wrapper. Autoclose: 1 -->\n<\/div><\/div><div class=\"flex_cell no_margin av_one_fourth  avia-builder-el-6  el_after_av_cell_three_fourth  avia-builder-el-last   \"  style='vertical-align:top; padding:30px; background-color:#ffffff; ' ><div class='flex_cell_inner' ><p><div class=\"flex_column av_one_full  flex_column_div av-zero-column-padding first  avia-builder-el-7  el_before_av_hr  avia-builder-el-first  \" style='border-radius:0px; '><p><div  class='avia-image-container  av-styling-    avia-builder-el-8  el_before_av_image  avia-builder-el-first  avia-align-center '  itemprop=\"image\" itemscope=\"itemscope\" itemtype=\"https:\/\/schema.org\/ImageObject\"  ><div class='avia-image-container-inner'><div class='avia-image-overlay-wrap'><a href='http:\/\/www.amormisericordioso.org\/de\/wallfahrtskirche-in-collevalenza\/' class='avia_image'  ><img class='wp-image-645 avia-img-lazy-loading-not-645 avia_image' src='http:\/\/www.amormisericordioso.org\/de\/wp-content\/uploads\/2015\/05\/principal-original-2.jpg' alt='' title='principal-original-2'  itemprop=\"thumbnailUrl\"  \/><\/a><\/div><\/div><\/div><br \/>\n<div  class='avia-image-container  av-styling-    avia-builder-el-9  el_after_av_image  el_before_av_image  avia-align-center '  itemprop=\"image\" itemscope=\"itemscope\" itemtype=\"https:\/\/schema.org\/ImageObject\"  ><div class='avia-image-container-inner'><div class='avia-image-overlay-wrap'><a href='http:\/\/www.amormisericordioso.org\/de\/selige-madre-speranza\/seligsprechung-am-31-mai-2014\/' class='avia_image'  ><img class='wp-image-1647 avia-img-lazy-loading-not-1647 avia_image' src='http:\/\/www.amormisericordioso.org\/de\/wp-content\/uploads\/2016\/10\/beatificacion.jpg' alt='' title='beatificacion'  itemprop=\"thumbnailUrl\"  \/><\/a><\/div><\/div><\/div><br \/>\n<div  class='avia-image-container  av-styling-    avia-builder-el-10  el_after_av_image  avia-builder-el-last  avia-align-center '  itemprop=\"image\" itemscope=\"itemscope\" itemtype=\"https:\/\/schema.org\/ImageObject\"  ><div class='avia-image-container-inner'><div class='avia-image-overlay-wrap'><a href='http:\/\/www.amormisericordioso.org\/de\/familie-der-barmherzigen-liebe\/lage-in-der-welt\/' class='avia_image'  ><img class='wp-image-530 avia-img-lazy-loading-not-530 avia_image' src='http:\/\/www.amormisericordioso.org\/de\/wp-content\/uploads\/2015\/05\/Mapa-en-el-Mundo-FAM-aleman.jpg' alt='' title='Mapa-en-el-Mundo-FAM-aleman'  itemprop=\"thumbnailUrl\"  \/><\/a><\/div><\/div><\/div><\/p><\/div><div   class='hr hr-default   avia-builder-el-11  el_after_av_one_full  el_before_av_heading '><span class='hr-inner ' ><span class='hr-inner-style'><\/span><\/span><\/div><br \/>\n<div  style='padding-bottom:10px; ' class='av-special-heading av-special-heading-h3  blockquote modern-quote  avia-builder-el-12  el_after_av_hr  el_before_av_magazine  '><h3 class='av-special-heading-tag '  itemprop=\"headline\"  >\u00daltimas noticias<\/h3><div class='special-heading-border'><div class='special-heading-inner-border' ><\/div><\/div><\/div><br \/>\n<div  id=\"1\"  class='av-magazine   avia-builder-el-13  el_after_av_heading  el_before_av_image   av-magazine-top-bar-active av-magazine-tabs-active' ><div class='av-magazine-top-bar ' ><\/div><div class='av-magazine-group sort_all'><article class='av-magazine-entry av-magazine-entry-id-2661 av-magazine-format-standard av-magazine-type-post av-magazine-entry-1 av-magazine-entry-small '  itemscope=\"itemscope\" itemtype=\"https:\/\/schema.org\/CreativeWork\" ><div class='av-magazine-thumbnail'><a href='http:\/\/www.amormisericordioso.org\/de\/jesus-christus-der-retter-ist-geboren\/' title='Link to: Jesus Christus, der Retter, ist geboren' class='av-magazine-thumbnail-link '><img loading=\"lazy\" decoding=\"async\" width=\"80\" height=\"80\" src=\"http:\/\/www.amormisericordioso.org\/de\/wp-content\/uploads\/2021\/12\/R-9-80x80.jpg\" class=\"wp-image-2662 avia-img-lazy-loading-2662 attachment-thumbnail size-thumbnail wp-post-image\" alt=\"\" srcset=\"http:\/\/www.amormisericordioso.org\/de\/wp-content\/uploads\/2021\/12\/R-9-80x80.jpg 80w, http:\/\/www.amormisericordioso.org\/de\/wp-content\/uploads\/2021\/12\/R-9-36x36.jpg 36w, http:\/\/www.amormisericordioso.org\/de\/wp-content\/uploads\/2021\/12\/R-9-180x180.jpg 180w\" sizes=\"auto, (max-width: 80px) 100vw, 80px\" \/><\/a><\/div><div class='av-magazine-content-wrap'><header class='entry-content-header'><time class='av-magazine-time updated'  itemprop=\"datePublished\" datetime=\"2021-12-25T10:00:38-06:00\" >25 diciembre, 2021<\/time><h3 class='av-magazine-title entry-title '  itemprop=\"headline\" ><a href='http:\/\/www.amormisericordioso.org\/de\/jesus-christus-der-retter-ist-geboren\/' title='Link to: Jesus Christus, der Retter, ist geboren'>Jesus Christus, der Retter, ist geboren<\/a><\/h3><\/header><\/div><footer class='entry-footer'><\/footer><\/article><article class='av-magazine-entry av-magazine-entry-id-2656 av-magazine-format-standard av-magazine-type-post av-magazine-entry-2 av-magazine-entry-small '  itemscope=\"itemscope\" itemtype=\"https:\/\/schema.org\/CreativeWork\" ><div class='av-magazine-thumbnail'><a href='http:\/\/www.amormisericordioso.org\/de\/21-11-2021-das-christkonigsfest\/' title='Link to: 21\/11\/2021: Das Christk\u00f6nigsfest' class='av-magazine-thumbnail-link '><img loading=\"lazy\" decoding=\"async\" width=\"80\" height=\"80\" src=\"http:\/\/www.amormisericordioso.org\/de\/wp-content\/uploads\/2021\/11\/23795673_10210564688693706_4898416747190409627_n-80x80.jpg\" class=\"wp-image-2658 avia-img-lazy-loading-2658 attachment-thumbnail size-thumbnail wp-post-image\" alt=\"\" srcset=\"http:\/\/www.amormisericordioso.org\/de\/wp-content\/uploads\/2021\/11\/23795673_10210564688693706_4898416747190409627_n-80x80.jpg 80w, http:\/\/www.amormisericordioso.org\/de\/wp-content\/uploads\/2021\/11\/23795673_10210564688693706_4898416747190409627_n-36x36.jpg 36w, http:\/\/www.amormisericordioso.org\/de\/wp-content\/uploads\/2021\/11\/23795673_10210564688693706_4898416747190409627_n-180x180.jpg 180w\" sizes=\"auto, (max-width: 80px) 100vw, 80px\" \/><\/a><\/div><div class='av-magazine-content-wrap'><header class='entry-content-header'><time class='av-magazine-time updated'  itemprop=\"datePublished\" datetime=\"2021-11-21T06:00:29-06:00\" >21 noviembre, 2021<\/time><h3 class='av-magazine-title entry-title '  itemprop=\"headline\" ><a href='http:\/\/www.amormisericordioso.org\/de\/21-11-2021-das-christkonigsfest\/' title='Link to: 21\/11\/2021: Das Christk\u00f6nigsfest'>21\/11\/2021: Das Christk\u00f6nigsfest<\/a><\/h3><\/header><\/div><footer class='entry-footer'><\/footer><\/article><article class='av-magazine-entry av-magazine-entry-id-2651 av-magazine-format-standard av-magazine-type-post av-magazine-entry-3 av-magazine-entry-small '  itemscope=\"itemscope\" itemtype=\"https:\/\/schema.org\/CreativeWork\" ><div class='av-magazine-thumbnail'><a href='http:\/\/www.amormisericordioso.org\/de\/webinar-ce-s-a-m\/' title='Link to: Webinar Ce.S.A.M.' class='av-magazine-thumbnail-link '><img loading=\"lazy\" decoding=\"async\" width=\"80\" height=\"80\" src=\"http:\/\/www.amormisericordioso.org\/de\/wp-content\/uploads\/2021\/03\/IMMAGINE-0-80x80.jpg\" class=\"wp-image-2652 avia-img-lazy-loading-2652 attachment-thumbnail size-thumbnail wp-post-image\" alt=\"\" srcset=\"http:\/\/www.amormisericordioso.org\/de\/wp-content\/uploads\/2021\/03\/IMMAGINE-0-80x80.jpg 80w, http:\/\/www.amormisericordioso.org\/de\/wp-content\/uploads\/2021\/03\/IMMAGINE-0-36x36.jpg 36w, http:\/\/www.amormisericordioso.org\/de\/wp-content\/uploads\/2021\/03\/IMMAGINE-0-180x180.jpg 180w\" sizes=\"auto, (max-width: 80px) 100vw, 80px\" \/><\/a><\/div><div class='av-magazine-content-wrap'><header class='entry-content-header'><time class='av-magazine-time updated'  itemprop=\"datePublished\" datetime=\"2021-03-18T02:22:51-06:00\" >18 marzo, 2021<\/time><h3 class='av-magazine-title entry-title '  itemprop=\"headline\" ><a href='http:\/\/www.amormisericordioso.org\/de\/webinar-ce-s-a-m\/' title='Link to: Webinar Ce.S.A.M.'>Webinar Ce.S.A.M.<\/a><\/h3><\/header><\/div><footer class='entry-footer'><\/footer><\/article><article class='av-magazine-entry av-magazine-entry-id-2647 av-magazine-format-standard av-magazine-type-post av-magazine-entry-4 av-magazine-entry-small '  itemscope=\"itemscope\" itemtype=\"https:\/\/schema.org\/CreativeWork\" ><div class='av-magazine-thumbnail'><a href='http:\/\/www.amormisericordioso.org\/de\/madre-speranza-in-der-welt\/' title='Link to: Madre Speranza in der Welt' class='av-magazine-thumbnail-link '><img loading=\"lazy\" decoding=\"async\" width=\"80\" height=\"80\" src=\"http:\/\/www.amormisericordioso.org\/de\/wp-content\/uploads\/2021\/02\/cover-80x80.jpg\" class=\"wp-image-2648 avia-img-lazy-loading-2648 attachment-thumbnail size-thumbnail wp-post-image\" alt=\"\" srcset=\"http:\/\/www.amormisericordioso.org\/de\/wp-content\/uploads\/2021\/02\/cover-80x80.jpg 80w, http:\/\/www.amormisericordioso.org\/de\/wp-content\/uploads\/2021\/02\/cover-36x36.jpg 36w, http:\/\/www.amormisericordioso.org\/de\/wp-content\/uploads\/2021\/02\/cover-180x180.jpg 180w\" sizes=\"auto, (max-width: 80px) 100vw, 80px\" \/><\/a><\/div><div class='av-magazine-content-wrap'><header class='entry-content-header'><time class='av-magazine-time updated'  itemprop=\"datePublished\" datetime=\"2021-02-25T03:48:11-06:00\" >25 febrero, 2021<\/time><h3 class='av-magazine-title entry-title '  itemprop=\"headline\" ><a href='http:\/\/www.amormisericordioso.org\/de\/madre-speranza-in-der-welt\/' title='Link to: Madre Speranza in der Welt'>Madre Speranza in der Welt<\/a><\/h3><\/header><\/div><footer class='entry-footer'><\/footer><\/article><\/div><\/div><br \/>\n<div  class='avia-image-container  av-styling-    avia-builder-el-14  el_after_av_magazine  avia-builder-el-last  avia-align-center '  itemprop=\"image\" itemscope=\"itemscope\" itemtype=\"https:\/\/schema.org\/ImageObject\"  ><div class='avia-image-container-inner'><div class='avia-image-overlay-wrap'><a href='http:\/\/www.amormisericordioso.org\/de\/multimedia\/' class='avia_image'  ><img class='wp-image-596 avia-img-lazy-loading-not-596 avia_image' src='http:\/\/www.amormisericordioso.org\/de\/wp-content\/uploads\/2015\/05\/banner-galeria-secciones.png' alt='' title='banner-galeria-secciones'  itemprop=\"thumbnailUrl\"  \/><\/a><\/div><\/div><\/div><\/p>\n<\/div><\/div><\/div>\n","protected":false},"excerpt":{"rendered":"","protected":false},"author":1,"featured_media":770,"parent":475,"menu_order":0,"comment_status":"closed","ping_status":"closed","template":"","meta":{"footnotes":""},"class_list":["post-780","page","type-page","status-publish","has-post-thumbnail","hentry"],"_links":{"self":[{"href":"http:\/\/www.amormisericordioso.org\/de\/wp-json\/wp\/v2\/pages\/780","targetHints":{"allow":["GET"]}}],"collection":[{"href":"http:\/\/www.amormisericordioso.org\/de\/wp-json\/wp\/v2\/pages"}],"about":[{"href":"http:\/\/www.amormisericordioso.org\/de\/wp-json\/wp\/v2\/types\/page"}],"author":[{"embeddable":true,"href":"http:\/\/www.amormisericordioso.org\/de\/wp-json\/wp\/v2\/users\/1"}],"replies":[{"embeddable":true,"href":"http:\/\/www.amormisericordioso.org\/de\/wp-json\/wp\/v2\/comments?post=780"}],"version-history":[{"count":4,"href":"http:\/\/www.amormisericordioso.org\/de\/wp-json\/wp\/v2\/pages\/780\/revisions"}],"predecessor-version":[{"id":2523,"href":"http:\/\/www.amormisericordioso.org\/de\/wp-json\/wp\/v2\/pages\/780\/revisions\/2523"}],"up":[{"embeddable":true,"href":"http:\/\/www.amormisericordioso.org\/de\/wp-json\/wp\/v2\/pages\/475"}],"wp:featuredmedia":[{"embeddable":true,"href":"http:\/\/www.amormisericordioso.org\/de\/wp-json\/wp\/v2\/media\/770"}],"wp:attachment":[{"href":"http:\/\/www.amormisericordioso.org\/de\/wp-json\/wp\/v2\/media?parent=780"}],"curies":[{"name":"wp","href":"https:\/\/api.w.org\/{rel}","templated":true}]}}